{"id":1135,"date":"2012-02-15T13:25:49","date_gmt":"2012-02-15T12:25:49","guid":{"rendered":"https:\/\/www.ignaciovalduerteles.es\/blog\/?page_id=1135"},"modified":"2012-02-15T13:25:49","modified_gmt":"2012-02-15T12:25:49","slug":"gestion-del-conocimiento","status":"publish","type":"page","link":"https:\/\/www.ignaciovalduerteles.es\/blog\/articulos\/expansion\/gestion-del-conocimiento\/","title":{"rendered":"GESTION DEL CONOCIMIENTO"},"content":{"rendered":"<p align=\"center\"><strong><br \/>\n<\/strong><\/p>\n<p style=\"text-align: justify;\">\u00a0\u00a0\u00a0\u00a0\u00a0\u00a0\u00a0\u00a0\u00a0\u00a0\u00a0 Lo obligado en estos d\u00edas parece que es hacer un comentario sobre las \u00a0medidas que est\u00e1 adoptando el \u00a0Gobierno; pero bastante se ha dicho ya sobre el tema. Estas medidas ya est\u00e1n publicadas \u00a0en el BOE, unas, y pendientes de discusi\u00f3n en el Congreso, otras, \u00a0y lo que toca es cumplirlas cuando proceda. Ahora lo que corresponde al empresario es lo de siempre: tratar de mejorar la gesti\u00f3n, en ese nuevo marco normativo, \u00a0para, al menos, sobrevivir.<\/p>\n<p style=\"text-align: justify;\">\u00a0\u00a0\u00a0\u00a0\u00a0\u00a0\u00a0\u00a0\u00a0\u00a0\u00a0 Al analizar el balance del ejercicio 2011 \u2013suponiendo que ya est\u00e9 cerrado y que realmente se analice- nos encontramos siempre con el mismo problema: uno de los principales recursos de la empresas no aparece en el Activo y, adem\u00e1s, es dif\u00edcil de cuantificar y m\u00e1s dif\u00edcil a\u00fan de gestionar. Me refiero al conjunto de conocimientos que poseen las personas que trabajan en la empresa y, lo m\u00e1s importante, a la gesti\u00f3n del talento, la capacidad para generar nuevos conocimientos.<\/p>\n<p style=\"text-align: justify;\">\u00a0\u00a0\u00a0\u00a0\u00a0\u00a0\u00a0\u00a0 La gesti\u00f3n del conocimiento es un tema muy tratado tanto en la literatura cient\u00edfica, como en la de \u00a0\u201clibros de aeropuerto\u201d y en revistas m\u00e1s o menos serias. No se trata ahora de a\u00f1adir m\u00e1s p\u00e1ginas al tema, sino de presentar una reflexi\u00f3n inicial y comentar los modelos de gesti\u00f3n del conocimiento m\u00e1s habituales en las pymes; para tratar de mejorarlos.<\/p>\n<p style=\"text-align: justify;\">\u00a0\u00a0\u00a0\u00a0\u00a0\u00a0\u00a0\u00a0\u00a0\u00a0 La reflexi\u00f3n es que las tareas que no a\u00f1aden valor han de ser\u00a0 eliminadas, automatizadas o externalizadas. En la empresa s\u00f3lo han de quedar aquellas que realmente aporten valor al producto\/servicio que produzca. Esta aportaci\u00f3n de valor no radica en la mayor o menor habilidad que tenga un operario para realizar una determinada operaci\u00f3n, sino en su capacidad de desarrollar de manera m\u00e1s eficaz y eficiente su cometido; en definitiva, del conocimiento creado y aportado por la persona a su tarea. Seg\u00fan esto las personas realmente valiosas de mi organizaci\u00f3n ser\u00e1n aquellas que m\u00e1s conocimientos desarrollen y aporten\u00a0 a su tarea. Esa capacidad para crear nuevos conocimientos es el talento. La suma de los talentos individuales ser\u00e1 el talento acumulado en la empresa, \u00e9se que dec\u00edamos m\u00e1s arriba que no se identifica en el Activo,\u00a0 pero que es el que marca la diferencia entre una empresa excelente y otra que no lo es.<\/p>\n<p style=\"text-align: justify;\">\u00a0\u00a0\u00a0\u00a0\u00a0\u00a0\u00a0\u00a0\u00a0\u00a0\u00a0 Reconocida la necesidad es preciso empe\u00f1arse en modelos de gesti\u00f3n capaces de desarrollar el talento en la empresa. Todav\u00eda hay muchos empresarios \u2013demasiados- con un planteamiento muy simple: \u201cpara pensar ya estoy yo; t\u00fa lim\u00edtate a hacer lo que se te indica\u201d. \u00a0Olvidando que las\u00a0 personas son diferentes de los ordenadores, que siempre hacen lo mismo de manera aburridamente precisa y previsible. As\u00ed s\u00f3lo se consiguen dos efectos: limitar el crecimiento de la empresa y, lo que es peor, reducir la motivaci\u00f3n de los empleados a la obtenci\u00f3n de un salario con el que atender sus necesidades b\u00e1sicas. El trabajo se convierte as\u00ed en un obligado par\u00e9ntesis entre dos fines de semana.<\/p>\n<p style=\"text-align: justify;\">\u00a0\u00a0\u00a0\u00a0\u00a0\u00a0\u00a0\u00a0\u00a0\u00a0\u00a0 Este planteamiento, expuesto de forma descarnada, es m\u00e1s com\u00fan de lo que parece. Normalmente se trata \u00a0de argumentar con razonamientos del tipo: \u201ca\u00fan es joven\u201d, \u201cle falta experiencia\u201d, \u201cquiz\u00e1 m\u00e1s adelante\u201d, \u201cno es el momento\u201d y otros por el estilo que \u00fanicamente consiguen ir desplazando el problema en el tiempo. A veces ese tiempo se agota y el \u201cjoven sin experiencia\u201d\u00a0 se marcha de la empresa a otra que s\u00ed ha reconocido su potencial o a montar algo por su cuenta.\u00a0 El diagn\u00f3stico siempre es el mismo: de forma m\u00e1s o menos consciente, el jefe se siente amenazado por los posibles talentos emergentes y\u00a0 evita a quienes percibe como una amenaza, no como una ocasi\u00f3n de crecimiento.<\/p>\n<p style=\"text-align: justify;\">\u00a0\u00a0\u00a0\u00a0\u00a0\u00a0\u00a0\u00a0\u00a0\u00a0\u00a0 Otra dificultad en la gesti\u00f3n del conocimiento es la de aquellos jefes que s\u00f3lo\u00a0 admiten las ideas o sugerencias que coinciden con su manera de pensar, las que vienen a avalar\u00a0 sus ideas\u00a0 o a\u00a0 apuntalar su inseguridad. Tengo muy cerca el caso, paradigm\u00e1tico, de un empresario que desplaza a un colaborador cercano, que le propon\u00eda metas exigentes,\u00a0 para sustituirlo por otro, manifiestamente incompetente, pero que le da afecto y, consecuentemente, seguridad. \u00a0A este, y a otros muchos, habr\u00eda que recordarles que la empresa es lugar de creaci\u00f3n de valor y de crecimiento y desarrollo personal, no laboratorio de ensayo de \u00a0terapias para problemas de personalidad sin resolver.<\/p>\n<p style=\"text-align: justify;\">\u00a0\u00a0\u00a0\u00a0\u00a0\u00a0\u00a0\u00a0\u00a0\u00a0\u00a0 En resumen: es imprescindible\u00a0 la identificaci\u00f3n, gesti\u00f3n y desarrollo del talento que tenemos en nuestras empresas. Eso s\u00ed es gestionar en tiempos de crisis.<\/p>\n","protected":false},"excerpt":{"rendered":"<p>\u00a0\u00a0\u00a0\u00a0\u00a0\u00a0\u00a0\u00a0\u00a0\u00a0\u00a0 Lo obligado en estos d\u00edas parece que es hacer un comentario sobre las \u00a0medidas que est\u00e1 adoptando el \u00a0Gobierno; pero bastante se ha dicho ya sobre el tema. Estas medidas ya est\u00e1n publicadas \u00a0en el BOE, unas, y pendientes &hellip; <a href=\"https:\/\/www.ignaciovalduerteles.es\/blog\/articulos\/expansion\/gestion-del-conocimiento\/\">Continuar<\/a><\/p>\n","protected":false},"author":1,"featured_media":0,"parent":21,"menu_order":0,"comment_status":"open","ping_status":"closed","template":"","meta":{"kt_blocks_editor_width":""},"yoast_head":"<!-- This site is optimized with the Yoast SEO plugin v19.0 - https:\/\/yoast.com\/wordpress\/plugins\/seo\/ -->\n<title>GESTION DEL CONOCIMIENTO - Ignacio Valduerteles Bartos<\/title>\n<meta name=\"description\" content=\"Blog personal de Ignacio Valdu\u00e9rteles, Dr. en Administraci\u00f3n y Direcci\u00f3n de Empresas y miembro destacado en la hermandad la Soledad de San Lorenzo, en Sevilla\" \/>\n<meta name=\"robots\" content=\"index, follow, max-snippet:-1, max-image-preview:large, max-video-preview:-1\" \/>\n<link rel=\"canonical\" href=\"https:\/\/www.ignaciovalduerteles.es\/blog\/articulos\/expansion\/gestion-del-conocimiento\/\" \/>\n<meta property=\"og:locale\" content=\"es_ES\" \/>\n<meta property=\"og:type\" content=\"article\" \/>\n<meta property=\"og:title\" content=\"GESTION DEL CONOCIMIENTO - Ignacio Valduerteles Bartos\" \/>\n<meta property=\"og:description\" content=\"Blog personal de Ignacio Valdu\u00e9rteles, Dr. en Administraci\u00f3n y Direcci\u00f3n de Empresas y miembro destacado en la hermandad la Soledad de San Lorenzo, en Sevilla\" \/>\n<meta property=\"og:url\" content=\"https:\/\/www.ignaciovalduerteles.es\/blog\/articulos\/expansion\/gestion-del-conocimiento\/\" \/>\n<meta property=\"og:site_name\" content=\"Ignacio Valduerteles Bartos\" \/>\n<meta property=\"og:image\" content=\"https:\/\/www.ignaciovalduerteles.es\/blog\/wp-content\/uploads\/2022\/02\/banner1-1024x292.png\" \/>\n\t<meta property=\"og:image:width\" content=\"1024\" \/>\n\t<meta property=\"og:image:height\" content=\"292\" \/>\n\t<meta property=\"og:image:type\" content=\"image\/png\" \/>\n<meta name=\"twitter:card\" content=\"summary_large_image\" \/>\n<meta name=\"twitter:label1\" content=\"Tiempo de lectura\" \/>\n\t<meta name=\"twitter:data1\" content=\"4 minutos\" \/>\n<script type=\"application\/ld+json\" class=\"yoast-schema-graph\">{\"@context\":\"https:\/\/schema.org\",\"@graph\":[{\"@type\":[\"Person\",\"Organization\"],\"@id\":\"https:\/\/www.ignaciovalduerteles.es\/blog\/#\/schema\/person\/c4ab4ed77f14e0141ba3dcd9c6f501d5\",\"name\":\"Ignacio Valduerteles Bartos\",\"image\":{\"@type\":\"ImageObject\",\"inLanguage\":\"es\",\"@id\":\"https:\/\/www.ignaciovalduerteles.es\/blog\/#\/schema\/person\/image\/\",\"url\":\"https:\/\/www.ignaciovalduerteles.es\/blog\/wp-content\/uploads\/2022\/02\/cabecera-1024x390.png\",\"contentUrl\":\"https:\/\/www.ignaciovalduerteles.es\/blog\/wp-content\/uploads\/2022\/02\/cabecera-1024x390.png\",\"width\":1024,\"height\":390,\"caption\":\"Ignacio Valduerteles Bartos\"},\"logo\":{\"@id\":\"https:\/\/www.ignaciovalduerteles.es\/blog\/#\/schema\/person\/image\/\"},\"sameAs\":[\"http:\/\/www.ivb.es\"]},{\"@type\":\"WebSite\",\"@id\":\"https:\/\/www.ignaciovalduerteles.es\/blog\/#website\",\"url\":\"https:\/\/www.ignaciovalduerteles.es\/blog\/\",\"name\":\"Ignacio Valduerteles Bartos\",\"description\":\"Reflexiones y art\u00edculos del Ignacio Valdu\u00e9rteles\",\"publisher\":{\"@id\":\"https:\/\/www.ignaciovalduerteles.es\/blog\/#\/schema\/person\/c4ab4ed77f14e0141ba3dcd9c6f501d5\"},\"potentialAction\":[{\"@type\":\"SearchAction\",\"target\":{\"@type\":\"EntryPoint\",\"urlTemplate\":\"https:\/\/www.ignaciovalduerteles.es\/blog\/?s={search_term_string}\"},\"query-input\":\"required name=search_term_string\"}],\"inLanguage\":\"es\"},{\"@type\":\"WebPage\",\"@id\":\"https:\/\/www.ignaciovalduerteles.es\/blog\/articulos\/expansion\/gestion-del-conocimiento\/#webpage\",\"url\":\"https:\/\/www.ignaciovalduerteles.es\/blog\/articulos\/expansion\/gestion-del-conocimiento\/\",\"name\":\"GESTION DEL CONOCIMIENTO - Ignacio Valduerteles Bartos\",\"isPartOf\":{\"@id\":\"https:\/\/www.ignaciovalduerteles.es\/blog\/#website\"},\"datePublished\":\"2012-02-15T12:25:49+00:00\",\"dateModified\":\"2012-02-15T12:25:49+00:00\",\"description\":\"Blog personal de Ignacio Valdu\u00e9rteles, Dr. en Administraci\u00f3n y Direcci\u00f3n de Empresas y miembro destacado en la hermandad la Soledad de San Lorenzo, en Sevilla\",\"breadcrumb\":{\"@id\":\"https:\/\/www.ignaciovalduerteles.es\/blog\/articulos\/expansion\/gestion-del-conocimiento\/#breadcrumb\"},\"inLanguage\":\"es\",\"potentialAction\":[{\"@type\":\"ReadAction\",\"target\":[\"https:\/\/www.ignaciovalduerteles.es\/blog\/articulos\/expansion\/gestion-del-conocimiento\/\"]}]},{\"@type\":\"BreadcrumbList\",\"@id\":\"https:\/\/www.ignaciovalduerteles.es\/blog\/articulos\/expansion\/gestion-del-conocimiento\/#breadcrumb\",\"itemListElement\":[{\"@type\":\"ListItem\",\"position\":1,\"name\":\"Portada\",\"item\":\"https:\/\/www.ignaciovalduerteles.es\/blog\/\"},{\"@type\":\"ListItem\",\"position\":2,\"name\":\"Art\u00edculos\",\"item\":\"https:\/\/www.ignaciovalduerteles.es\/blog\/articulos\/\"},{\"@type\":\"ListItem\",\"position\":3,\"name\":\"Expansi\u00f3n\",\"item\":\"https:\/\/www.ignaciovalduerteles.es\/blog\/articulos\/expansion\/\"},{\"@type\":\"ListItem\",\"position\":4,\"name\":\"GESTION DEL CONOCIMIENTO\"}]}]}<\/script>\n<!-- \/ Yoast SEO plugin. -->","yoast_head_json":{"title":"GESTION DEL CONOCIMIENTO - Ignacio Valduerteles Bartos","description":"Blog personal de Ignacio Valdu\u00e9rteles, Dr. en Administraci\u00f3n y Direcci\u00f3n de Empresas y miembro destacado en la hermandad la Soledad de San Lorenzo, en Sevilla","robots":{"index":"index","follow":"follow","max-snippet":"max-snippet:-1","max-image-preview":"max-image-preview:large","max-video-preview":"max-video-preview:-1"},"canonical":"https:\/\/www.ignaciovalduerteles.es\/blog\/articulos\/expansion\/gestion-del-conocimiento\/","og_locale":"es_ES","og_type":"article","og_title":"GESTION DEL CONOCIMIENTO - Ignacio Valduerteles Bartos","og_description":"Blog personal de Ignacio Valdu\u00e9rteles, Dr. en Administraci\u00f3n y Direcci\u00f3n de Empresas y miembro destacado en la hermandad la Soledad de San Lorenzo, en Sevilla","og_url":"https:\/\/www.ignaciovalduerteles.es\/blog\/articulos\/expansion\/gestion-del-conocimiento\/","og_site_name":"Ignacio Valduerteles Bartos","og_image":[{"width":1024,"height":292,"url":"https:\/\/www.ignaciovalduerteles.es\/blog\/wp-content\/uploads\/2022\/02\/banner1-1024x292.png","type":"image\/png"}],"twitter_card":"summary_large_image","twitter_misc":{"Tiempo de lectura":"4 minutos"},"schema":{"@context":"https:\/\/schema.org","@graph":[{"@type":["Person","Organization"],"@id":"https:\/\/www.ignaciovalduerteles.es\/blog\/#\/schema\/person\/c4ab4ed77f14e0141ba3dcd9c6f501d5","name":"Ignacio Valduerteles Bartos","image":{"@type":"ImageObject","inLanguage":"es","@id":"https:\/\/www.ignaciovalduerteles.es\/blog\/#\/schema\/person\/image\/","url":"https:\/\/www.ignaciovalduerteles.es\/blog\/wp-content\/uploads\/2022\/02\/cabecera-1024x390.png","contentUrl":"https:\/\/www.ignaciovalduerteles.es\/blog\/wp-content\/uploads\/2022\/02\/cabecera-1024x390.png","width":1024,"height":390,"caption":"Ignacio Valduerteles Bartos"},"logo":{"@id":"https:\/\/www.ignaciovalduerteles.es\/blog\/#\/schema\/person\/image\/"},"sameAs":["http:\/\/www.ivb.es"]},{"@type":"WebSite","@id":"https:\/\/www.ignaciovalduerteles.es\/blog\/#website","url":"https:\/\/www.ignaciovalduerteles.es\/blog\/","name":"Ignacio Valduerteles Bartos","description":"Reflexiones y art\u00edculos del Ignacio Valdu\u00e9rteles","publisher":{"@id":"https:\/\/www.ignaciovalduerteles.es\/blog\/#\/schema\/person\/c4ab4ed77f14e0141ba3dcd9c6f501d5"},"potentialAction":[{"@type":"SearchAction","target":{"@type":"EntryPoint","urlTemplate":"https:\/\/www.ignaciovalduerteles.es\/blog\/?s={search_term_string}"},"query-input":"required name=search_term_string"}],"inLanguage":"es"},{"@type":"WebPage","@id":"https:\/\/www.ignaciovalduerteles.es\/blog\/articulos\/expansion\/gestion-del-conocimiento\/#webpage","url":"https:\/\/www.ignaciovalduerteles.es\/blog\/articulos\/expansion\/gestion-del-conocimiento\/","name":"GESTION DEL CONOCIMIENTO - Ignacio Valduerteles Bartos","isPartOf":{"@id":"https:\/\/www.ignaciovalduerteles.es\/blog\/#website"},"datePublished":"2012-02-15T12:25:49+00:00","dateModified":"2012-02-15T12:25:49+00:00","description":"Blog personal de Ignacio Valdu\u00e9rteles, Dr. en Administraci\u00f3n y Direcci\u00f3n de Empresas y miembro destacado en la hermandad la Soledad de San Lorenzo, en Sevilla","breadcrumb":{"@id":"https:\/\/www.ignaciovalduerteles.es\/blog\/articulos\/expansion\/gestion-del-conocimiento\/#breadcrumb"},"inLanguage":"es","potentialAction":[{"@type":"ReadAction","target":["https:\/\/www.ignaciovalduerteles.es\/blog\/articulos\/expansion\/gestion-del-conocimiento\/"]}]},{"@type":"BreadcrumbList","@id":"https:\/\/www.ignaciovalduerteles.es\/blog\/articulos\/expansion\/gestion-del-conocimiento\/#breadcrumb","itemListElement":[{"@type":"ListItem","position":1,"name":"Portada","item":"https:\/\/www.ignaciovalduerteles.es\/blog\/"},{"@type":"ListItem","position":2,"name":"Art\u00edculos","item":"https:\/\/www.ignaciovalduerteles.es\/blog\/articulos\/"},{"@type":"ListItem","position":3,"name":"Expansi\u00f3n","item":"https:\/\/www.ignaciovalduerteles.es\/blog\/articulos\/expansion\/"},{"@type":"ListItem","position":4,"name":"GESTION DEL CONOCIMIENTO"}]}]}},"_links":{"self":[{"href":"https:\/\/www.ignaciovalduerteles.es\/blog\/wp-json\/wp\/v2\/pages\/1135"}],"collection":[{"href":"https:\/\/www.ignaciovalduerteles.es\/blog\/wp-json\/wp\/v2\/pages"}],"about":[{"href":"https:\/\/www.ignaciovalduerteles.es\/blog\/wp-json\/wp\/v2\/types\/page"}],"author":[{"embeddable":true,"href":"https:\/\/www.ignaciovalduerteles.es\/blog\/wp-json\/wp\/v2\/users\/1"}],"replies":[{"embeddable":true,"href":"https:\/\/www.ignaciovalduerteles.es\/blog\/wp-json\/wp\/v2\/comments?post=1135"}],"version-history":[{"count":2,"href":"https:\/\/www.ignaciovalduerteles.es\/blog\/wp-json\/wp\/v2\/pages\/1135\/revisions"}],"predecessor-version":[{"id":1137,"href":"https:\/\/www.ignaciovalduerteles.es\/blog\/wp-json\/wp\/v2\/pages\/1135\/revisions\/1137"}],"up":[{"embeddable":true,"href":"https:\/\/www.ignaciovalduerteles.es\/blog\/wp-json\/wp\/v2\/pages\/21"}],"wp:attachment":[{"href":"https:\/\/www.ignaciovalduerteles.es\/blog\/wp-json\/wp\/v2\/media?parent=1135"}],"curies":[{"name":"wp","href":"https:\/\/api.w.org\/{rel}","templated":true}]}}