{"id":1247,"date":"2012-05-15T10:54:30","date_gmt":"2012-05-15T08:54:30","guid":{"rendered":"https:\/\/www.ignaciovalduerteles.es\/blog\/?page_id=1247"},"modified":"2012-05-15T10:54:30","modified_gmt":"2012-05-15T08:54:30","slug":"el-burro-que-no-comia","status":"publish","type":"page","link":"https:\/\/www.ignaciovalduerteles.es\/blog\/articulos\/expansion\/el-burro-que-no-comia\/","title":{"rendered":"El burro que no com\u00eda"},"content":{"rendered":"<p style=\"text-align: justify;\">La Feria de Sevilla es un gran \u00c1gora en el que, durante unos d\u00edas, se habla y discute de todo y con muchas personas, unas conocidas, otras no tanto, venidas de cualquier parte. Una excelente ocasi\u00f3n para sentir el latido de la sociedad civil, sin necesidad de recurrir a complicadas encuestas sociol\u00f3gicas; de identificar qu\u00e9 piensa y c\u00f3mo est\u00e1 viviendo la actual situaci\u00f3n la gente normal, la famosa \u201cgente de la calle\u201d.<\/p>\n<p style=\"text-align: justify;\">Lo que se percibe es un gran des\u00e1nimo. El convencimiento de que esta crisis es econ\u00f3mica, financiera, social, pol\u00edtica y cultural. Esto es lo que los m\u00e9dicos llamar\u00edan un fallo multiorg\u00e1nico generalizado. La situaci\u00f3n lleva al abatimento y a desconfiar, a\u00fan m\u00e1s, de los pol\u00edticos. Las \u00faltimas elecciones andaluzas,\u00a0 con el consiguiente mercadeo posterior de consejer\u00edas y\u00a0 cargos, simultaneadas con la entrada en prisi\u00f3n de altos representantes del Gobierno Andaluz, han acentuado, a\u00fan m\u00e1s, este alejamiento de los ciudadanos hacia sus pol\u00edticos. En una situaci\u00f3n tan cr\u00edtica como la que estamos viviendo \u2013en Andaluc\u00eda m\u00e1s- , no parece que los programas de actuaci\u00f3n \u00a0que se anuncian desde el nuevo \u00a0Gobierno Regional, una mezcla de marxismo, keynesianismo y peronismo, con unas gotas de revoluci\u00f3n cubana de los 60, resulten especialmente ilusionantes.<\/p>\n<p style=\"text-align: justify;\">Sin embargo las reglas del juego han cambiado. Ahora cada autonom\u00eda ha de controlar su propio d\u00e9ficit, si no quiere ser intervenida. Se ha terminado el gasto descontrolado sin preocuparse del d\u00e9ficit. Eso les va a obligar a tomar medidas impopulares y asumirlas. No est\u00e1n los tiempos para tratar de reeditar modelos ya fracasados y menos en una regi\u00f3n tan depauperada como Andaluc\u00eda; as\u00ed que no le auguro un provenir especialmente feliz, ni duradero, a la coalici\u00f3n gobernante.<\/p>\n<p style=\"text-align: justify;\">Tampoco en\u00a0 el Gobierno Central \u00a0parece que tengan las cosas muy claras. Ahora est\u00e1n lanzados a la necesaria reducci\u00f3n del d\u00e9ficit,\u00a0 programando ajustes sin piedad, que recrudecen la recesi\u00f3n, generan m\u00e1s paro, reducen la recaudaci\u00f3n fiscal y obligan a m\u00e1s ajustes. La situaci\u00f3n empieza a perecerse a la de aquel\u00a0 que quiso acostumbrar a su burro a no comer y cuando pensaba que \u00a0casi lo hab\u00eda conseguido, porque llevaba ya\u00a0 varios d\u00edas sin probar bocado, se le muri\u00f3.<\/p>\n<p style=\"text-align: justify;\">Bienvenidos sean los ajustes, necesarios sin lugar a dudas; pero \u00e9stos han de ser compatibles con prudentes medidas de impulso de la econom\u00eda. Esta misma semana me contaba un joven emprendedor \u2013que los hay- c\u00f3mo hab\u00eda iniciado una explotaci\u00f3n de cochinas, para vender lechones. Para ajustar su financiaci\u00f3n solicit\u00f3, y le prometieron, el aval de un organismo p\u00fablico. A la hora de la verdad, se lo negaron porque no ten\u00eda las garant\u00edas patrimoniales suficientes, s\u00f3lo su empresa. \u00a1Es que si las tuviera no habr\u00eda recurrido a ese organismo para que le avalase! El resultado final es que ha tenido que malvender las inversiones ya realizadas y se le han quitado las ganas de emprender nuevas aventuras. A esas situaciones me refiero cuando propongo medidas de impulso de la econom\u00eda.<\/p>\n<p style=\"text-align: justify;\">Ahora habr\u00eda que hacer un ejercicio de memoria hist\u00f3rica real. Unos conocieron la situaci\u00f3n de penuria de la posguerra directamente, a otros se la han contado sus padres. \u00c9poca de racionamiento, de penuria generalizada, de la que se sali\u00f3 mediante el Plan de Estabilizaci\u00f3n de 1959 cuyas l\u00edneas maestras eran parecidas a las que actualmente se est\u00e1n tomando \u2013excepto la devaluaci\u00f3n de la peseta, que hoy no ser\u00eda posible-; pero a esas se a\u00f1adieron otras dos m\u00e1s: la emigraci\u00f3n, que disminu\u00eda la presi\u00f3n en el mercado de trabajo y generaba el env\u00edo de reservas, y un formidable esp\u00edritu de sacrificio y de trabajo.<\/p>\n<p style=\"text-align: justify;\">No ser\u00e9 yo quien\u00a0 proponga la emigraci\u00f3n masiva, aunque \u00e9sta ya ha comenzado y precisamente con nuestros j\u00f3venes m\u00e1s preparados; pero el sacrificio y esfuerzo no pasan de moda. Ahora es m\u00e1s dif\u00edcil, puesto que venimos de una d\u00e9cada de consumo desaforado; pero cuanto antes nos convenzamos de que somos pobres y hay que modificar nuestro nivel de vida para adaptarlo a las nuevas circunstancias, antes resolveremos nuestros problemas. Digo modificar nuestro nivel de vida, no disminuirlo. Establecer otras prioridades y otros modelos de vida; pero eso no es una decisi\u00f3n estrictamente econ\u00f3mica, abarca a la totalidad de la persona.\u00a0 Es, en definitiva, un cambio de cultura. Cuanto antes se asuma, antes saldremos del agujero.<\/p>\n","protected":false},"excerpt":{"rendered":"<p>La Feria de Sevilla es un gran \u00c1gora en el que, durante unos d\u00edas, se habla y discute de todo y con muchas personas, unas conocidas, otras no tanto, venidas de cualquier parte. Una excelente ocasi\u00f3n para sentir el latido &hellip; <a href=\"https:\/\/www.ignaciovalduerteles.es\/blog\/articulos\/expansion\/el-burro-que-no-comia\/\">Continuar<\/a><\/p>\n","protected":false},"author":1,"featured_media":0,"parent":21,"menu_order":0,"comment_status":"open","ping_status":"closed","template":"","meta":{"kt_blocks_editor_width":""},"yoast_head":"<!-- This site is optimized with the Yoast SEO plugin v19.0 - https:\/\/yoast.com\/wordpress\/plugins\/seo\/ -->\n<title>El burro que no com\u00eda - Ignacio Valduerteles Bartos<\/title>\n<meta name=\"description\" content=\"Blog personal de Ignacio Valdu\u00e9rteles, Dr. en Administraci\u00f3n y Direcci\u00f3n de Empresas y miembro destacado en la hermandad la Soledad de San Lorenzo, en Sevilla\" \/>\n<meta name=\"robots\" content=\"index, follow, max-snippet:-1, max-image-preview:large, max-video-preview:-1\" \/>\n<link rel=\"canonical\" href=\"https:\/\/www.ignaciovalduerteles.es\/blog\/articulos\/expansion\/el-burro-que-no-comia\/\" \/>\n<meta property=\"og:locale\" content=\"es_ES\" \/>\n<meta property=\"og:type\" content=\"article\" \/>\n<meta property=\"og:title\" content=\"El burro que no com\u00eda - Ignacio Valduerteles Bartos\" \/>\n<meta property=\"og:description\" content=\"Blog personal de Ignacio Valdu\u00e9rteles, Dr. en Administraci\u00f3n y Direcci\u00f3n de Empresas y miembro destacado en la hermandad la Soledad de San Lorenzo, en Sevilla\" \/>\n<meta property=\"og:url\" content=\"https:\/\/www.ignaciovalduerteles.es\/blog\/articulos\/expansion\/el-burro-que-no-comia\/\" \/>\n<meta property=\"og:site_name\" content=\"Ignacio Valduerteles Bartos\" \/>\n<meta property=\"og:image\" content=\"https:\/\/www.ignaciovalduerteles.es\/blog\/wp-content\/uploads\/2022\/02\/banner1-1024x292.png\" \/>\n\t<meta property=\"og:image:width\" content=\"1024\" \/>\n\t<meta property=\"og:image:height\" content=\"292\" \/>\n\t<meta property=\"og:image:type\" content=\"image\/png\" \/>\n<meta name=\"twitter:card\" content=\"summary_large_image\" \/>\n<meta name=\"twitter:label1\" content=\"Tiempo de lectura\" \/>\n\t<meta name=\"twitter:data1\" content=\"4 minutos\" \/>\n<script type=\"application\/ld+json\" class=\"yoast-schema-graph\">{\"@context\":\"https:\/\/schema.org\",\"@graph\":[{\"@type\":[\"Person\",\"Organization\"],\"@id\":\"https:\/\/www.ignaciovalduerteles.es\/blog\/#\/schema\/person\/c4ab4ed77f14e0141ba3dcd9c6f501d5\",\"name\":\"Ignacio Valduerteles Bartos\",\"image\":{\"@type\":\"ImageObject\",\"inLanguage\":\"es\",\"@id\":\"https:\/\/www.ignaciovalduerteles.es\/blog\/#\/schema\/person\/image\/\",\"url\":\"https:\/\/www.ignaciovalduerteles.es\/blog\/wp-content\/uploads\/2022\/02\/cabecera-1024x390.png\",\"contentUrl\":\"https:\/\/www.ignaciovalduerteles.es\/blog\/wp-content\/uploads\/2022\/02\/cabecera-1024x390.png\",\"width\":1024,\"height\":390,\"caption\":\"Ignacio Valduerteles Bartos\"},\"logo\":{\"@id\":\"https:\/\/www.ignaciovalduerteles.es\/blog\/#\/schema\/person\/image\/\"},\"sameAs\":[\"http:\/\/www.ivb.es\"]},{\"@type\":\"WebSite\",\"@id\":\"https:\/\/www.ignaciovalduerteles.es\/blog\/#website\",\"url\":\"https:\/\/www.ignaciovalduerteles.es\/blog\/\",\"name\":\"Ignacio Valduerteles Bartos\",\"description\":\"Reflexiones y art\u00edculos del Ignacio Valdu\u00e9rteles\",\"publisher\":{\"@id\":\"https:\/\/www.ignaciovalduerteles.es\/blog\/#\/schema\/person\/c4ab4ed77f14e0141ba3dcd9c6f501d5\"},\"potentialAction\":[{\"@type\":\"SearchAction\",\"target\":{\"@type\":\"EntryPoint\",\"urlTemplate\":\"https:\/\/www.ignaciovalduerteles.es\/blog\/?s={search_term_string}\"},\"query-input\":\"required name=search_term_string\"}],\"inLanguage\":\"es\"},{\"@type\":\"WebPage\",\"@id\":\"https:\/\/www.ignaciovalduerteles.es\/blog\/articulos\/expansion\/el-burro-que-no-comia\/#webpage\",\"url\":\"https:\/\/www.ignaciovalduerteles.es\/blog\/articulos\/expansion\/el-burro-que-no-comia\/\",\"name\":\"El burro que no com\u00eda - Ignacio Valduerteles Bartos\",\"isPartOf\":{\"@id\":\"https:\/\/www.ignaciovalduerteles.es\/blog\/#website\"},\"datePublished\":\"2012-05-15T08:54:30+00:00\",\"dateModified\":\"2012-05-15T08:54:30+00:00\",\"description\":\"Blog personal de Ignacio Valdu\u00e9rteles, Dr. en Administraci\u00f3n y Direcci\u00f3n de Empresas y miembro destacado en la hermandad la Soledad de San Lorenzo, en Sevilla\",\"breadcrumb\":{\"@id\":\"https:\/\/www.ignaciovalduerteles.es\/blog\/articulos\/expansion\/el-burro-que-no-comia\/#breadcrumb\"},\"inLanguage\":\"es\",\"potentialAction\":[{\"@type\":\"ReadAction\",\"target\":[\"https:\/\/www.ignaciovalduerteles.es\/blog\/articulos\/expansion\/el-burro-que-no-comia\/\"]}]},{\"@type\":\"BreadcrumbList\",\"@id\":\"https:\/\/www.ignaciovalduerteles.es\/blog\/articulos\/expansion\/el-burro-que-no-comia\/#breadcrumb\",\"itemListElement\":[{\"@type\":\"ListItem\",\"position\":1,\"name\":\"Portada\",\"item\":\"https:\/\/www.ignaciovalduerteles.es\/blog\/\"},{\"@type\":\"ListItem\",\"position\":2,\"name\":\"Art\u00edculos\",\"item\":\"https:\/\/www.ignaciovalduerteles.es\/blog\/articulos\/\"},{\"@type\":\"ListItem\",\"position\":3,\"name\":\"Expansi\u00f3n\",\"item\":\"https:\/\/www.ignaciovalduerteles.es\/blog\/articulos\/expansion\/\"},{\"@type\":\"ListItem\",\"position\":4,\"name\":\"El burro que no com\u00eda\"}]}]}<\/script>\n<!-- \/ Yoast SEO plugin. -->","yoast_head_json":{"title":"El burro que no com\u00eda - Ignacio Valduerteles Bartos","description":"Blog personal de Ignacio Valdu\u00e9rteles, Dr. en Administraci\u00f3n y Direcci\u00f3n de Empresas y miembro destacado en la hermandad la Soledad de San Lorenzo, en Sevilla","robots":{"index":"index","follow":"follow","max-snippet":"max-snippet:-1","max-image-preview":"max-image-preview:large","max-video-preview":"max-video-preview:-1"},"canonical":"https:\/\/www.ignaciovalduerteles.es\/blog\/articulos\/expansion\/el-burro-que-no-comia\/","og_locale":"es_ES","og_type":"article","og_title":"El burro que no com\u00eda - Ignacio Valduerteles Bartos","og_description":"Blog personal de Ignacio Valdu\u00e9rteles, Dr. en Administraci\u00f3n y Direcci\u00f3n de Empresas y miembro destacado en la hermandad la Soledad de San Lorenzo, en Sevilla","og_url":"https:\/\/www.ignaciovalduerteles.es\/blog\/articulos\/expansion\/el-burro-que-no-comia\/","og_site_name":"Ignacio Valduerteles Bartos","og_image":[{"width":1024,"height":292,"url":"https:\/\/www.ignaciovalduerteles.es\/blog\/wp-content\/uploads\/2022\/02\/banner1-1024x292.png","type":"image\/png"}],"twitter_card":"summary_large_image","twitter_misc":{"Tiempo de lectura":"4 minutos"},"schema":{"@context":"https:\/\/schema.org","@graph":[{"@type":["Person","Organization"],"@id":"https:\/\/www.ignaciovalduerteles.es\/blog\/#\/schema\/person\/c4ab4ed77f14e0141ba3dcd9c6f501d5","name":"Ignacio Valduerteles Bartos","image":{"@type":"ImageObject","inLanguage":"es","@id":"https:\/\/www.ignaciovalduerteles.es\/blog\/#\/schema\/person\/image\/","url":"https:\/\/www.ignaciovalduerteles.es\/blog\/wp-content\/uploads\/2022\/02\/cabecera-1024x390.png","contentUrl":"https:\/\/www.ignaciovalduerteles.es\/blog\/wp-content\/uploads\/2022\/02\/cabecera-1024x390.png","width":1024,"height":390,"caption":"Ignacio Valduerteles Bartos"},"logo":{"@id":"https:\/\/www.ignaciovalduerteles.es\/blog\/#\/schema\/person\/image\/"},"sameAs":["http:\/\/www.ivb.es"]},{"@type":"WebSite","@id":"https:\/\/www.ignaciovalduerteles.es\/blog\/#website","url":"https:\/\/www.ignaciovalduerteles.es\/blog\/","name":"Ignacio Valduerteles Bartos","description":"Reflexiones y art\u00edculos del Ignacio Valdu\u00e9rteles","publisher":{"@id":"https:\/\/www.ignaciovalduerteles.es\/blog\/#\/schema\/person\/c4ab4ed77f14e0141ba3dcd9c6f501d5"},"potentialAction":[{"@type":"SearchAction","target":{"@type":"EntryPoint","urlTemplate":"https:\/\/www.ignaciovalduerteles.es\/blog\/?s={search_term_string}"},"query-input":"required name=search_term_string"}],"inLanguage":"es"},{"@type":"WebPage","@id":"https:\/\/www.ignaciovalduerteles.es\/blog\/articulos\/expansion\/el-burro-que-no-comia\/#webpage","url":"https:\/\/www.ignaciovalduerteles.es\/blog\/articulos\/expansion\/el-burro-que-no-comia\/","name":"El burro que no com\u00eda - Ignacio Valduerteles Bartos","isPartOf":{"@id":"https:\/\/www.ignaciovalduerteles.es\/blog\/#website"},"datePublished":"2012-05-15T08:54:30+00:00","dateModified":"2012-05-15T08:54:30+00:00","description":"Blog personal de Ignacio Valdu\u00e9rteles, Dr. en Administraci\u00f3n y Direcci\u00f3n de Empresas y miembro destacado en la hermandad la Soledad de San Lorenzo, en Sevilla","breadcrumb":{"@id":"https:\/\/www.ignaciovalduerteles.es\/blog\/articulos\/expansion\/el-burro-que-no-comia\/#breadcrumb"},"inLanguage":"es","potentialAction":[{"@type":"ReadAction","target":["https:\/\/www.ignaciovalduerteles.es\/blog\/articulos\/expansion\/el-burro-que-no-comia\/"]}]},{"@type":"BreadcrumbList","@id":"https:\/\/www.ignaciovalduerteles.es\/blog\/articulos\/expansion\/el-burro-que-no-comia\/#breadcrumb","itemListElement":[{"@type":"ListItem","position":1,"name":"Portada","item":"https:\/\/www.ignaciovalduerteles.es\/blog\/"},{"@type":"ListItem","position":2,"name":"Art\u00edculos","item":"https:\/\/www.ignaciovalduerteles.es\/blog\/articulos\/"},{"@type":"ListItem","position":3,"name":"Expansi\u00f3n","item":"https:\/\/www.ignaciovalduerteles.es\/blog\/articulos\/expansion\/"},{"@type":"ListItem","position":4,"name":"El burro que no com\u00eda"}]}]}},"_links":{"self":[{"href":"https:\/\/www.ignaciovalduerteles.es\/blog\/wp-json\/wp\/v2\/pages\/1247"}],"collection":[{"href":"https:\/\/www.ignaciovalduerteles.es\/blog\/wp-json\/wp\/v2\/pages"}],"about":[{"href":"https:\/\/www.ignaciovalduerteles.es\/blog\/wp-json\/wp\/v2\/types\/page"}],"author":[{"embeddable":true,"href":"https:\/\/www.ignaciovalduerteles.es\/blog\/wp-json\/wp\/v2\/users\/1"}],"replies":[{"embeddable":true,"href":"https:\/\/www.ignaciovalduerteles.es\/blog\/wp-json\/wp\/v2\/comments?post=1247"}],"version-history":[{"count":1,"href":"https:\/\/www.ignaciovalduerteles.es\/blog\/wp-json\/wp\/v2\/pages\/1247\/revisions"}],"predecessor-version":[{"id":1248,"href":"https:\/\/www.ignaciovalduerteles.es\/blog\/wp-json\/wp\/v2\/pages\/1247\/revisions\/1248"}],"up":[{"embeddable":true,"href":"https:\/\/www.ignaciovalduerteles.es\/blog\/wp-json\/wp\/v2\/pages\/21"}],"wp:attachment":[{"href":"https:\/\/www.ignaciovalduerteles.es\/blog\/wp-json\/wp\/v2\/media?parent=1247"}],"curies":[{"name":"wp","href":"https:\/\/api.w.org\/{rel}","templated":true}]}}