{"id":1452,"date":"2012-11-13T12:56:37","date_gmt":"2012-11-13T11:56:37","guid":{"rendered":"https:\/\/www.ignaciovalduerteles.es\/blog\/?page_id=1452"},"modified":"2012-11-13T15:31:58","modified_gmt":"2012-11-13T14:31:58","slug":"lineas-paralelas","status":"publish","type":"page","link":"https:\/\/www.ignaciovalduerteles.es\/blog\/articulos\/expansion\/lineas-paralelas\/","title":{"rendered":"L\u00edneas Paralelas"},"content":{"rendered":"<p>&nbsp;<\/p>\n<p style=\"text-align: justify;\">En Geometr\u00eda se definen l\u00edneas paralelas como\u00a0 \u201clas que, situadas en el mismo plano, por mucho que se prolonguen nunca se encuentran\u201d, al menos esa era la definici\u00f3n que recog\u00eda la Enciclopedia \u00c1lvarez, en las que tantos espa\u00f1olitos cimentaron su formaci\u00f3n intelectual. No s\u00e9, es posible que ahora, con la ideolog\u00eda de g\u00e9nero, la definici\u00f3n haya cambiado: \u00bfacaso no es una limitaci\u00f3n que dos l\u00edneas, por el hecho de ser femeninas, est\u00e9n condenadas a no encontrarse?<\/p>\n<p style=\"text-align: justify;\">Nos quedamos con la definici\u00f3n de toda la vida, pero traslad\u00e1ndola al campo de la econom\u00eda. Tambi\u00e9n existen econom\u00edas paralelas, que por mucho que se prolonguen en el tiempo nunca llegan a encontrarse. Me refiero a las empresas y organismos p\u00fablicos y a las empresas y organizaciones privadas. O si lo prefieren a la econom\u00eda de lo p\u00fablico y a la econom\u00eda a secas, la real, la que ponen en marcha los individuos, libremente, ofertando y consumiendo productos y servicios en un mercado abierto.<\/p>\n<p style=\"text-align: justify;\">Conozco algunas empresas p\u00fablicas en las que he tenido ocasi\u00f3n de intervenir profesionalmente. Salvando la profesionalidad y buen hacer de muchos de sus gestores, es un sector con unas reglas peculiares, en las que la productividad, la optimizaci\u00f3n de los puestos de trabajo, el an\u00e1lisis permanente de la evoluci\u00f3n del margen neto y la cuota de mercado (cuando \u00e9ste no es cautivo) no constituyen las prioridades de los directivos, y si les preocupa, no est\u00e1 en su mano tomar decisiones para intentar enderezar el rumbo. En las privadas \u00e9sas son las preocupaciones cotidianas del gerente Si hay p\u00e9rdidas a final de ejercicio, \u00a0en las p\u00fablicas el Presupuesto las cubrir\u00e1. Las privadas van a concurso.<\/p>\n<p style=\"text-align: justify;\">Estas diferencias, alcanzan su nivel m\u00e1ximo en las organizaciones sin \u00e1nimo de lucro. La primera diferencia ya se observa en sus fines: mientras que las privadas se suelen dirigir a atender necesidades\u00a0 realmente sentidas por la sociedad (gesti\u00f3n comedores sociales y economatos; proporcionar formaci\u00f3n o empleo a personas sin recursos; atender a embarazadas con problemas; atenci\u00f3n a enfermos terminales o a sus familiares;\u00a0 acompa\u00f1ar a personas mayores; atenci\u00f3n m\u00e9dica,\u00a0 y muchas m\u00e1s actividades, tambi\u00e9n fuera de nuestras fronteras, pero en la misma l\u00ednea), las p\u00fablicas se suelen enfocar a cuestiones que se alejan un poco m\u00e1s del sentir del ciudadano normal (sensibilizaci\u00f3n democr\u00e1tica de la mujer ind\u00edgena en la selva amaz\u00f3nica; la evoluci\u00f3n de las herramientas de caza en los pueblos subsaharianos; \u00a0gu\u00edas para el conocimiento del cuerpo por los adolescentes, y algunas perlas m\u00e1s que recoge la prensa en ocasiones).<\/p>\n<p style=\"text-align: justify;\">Una primera conclusi\u00f3n es que cuando hay que recabar dinero de los ciudadanos \u00e9stos est\u00e1n dispuestos a colaborar con asociaciones que les inspiran confianza tanto por sus fines, como por su gesti\u00f3n. Las p\u00fablicas, en cambio, se ven obligadas a recurrir a subvenciones p\u00fablicas como \u00fanica fuente de ingresos porque su \u201coferta\u201d de servicios no es reconocida por el \u201cmercado\u201d.<\/p>\n<p style=\"text-align: justify;\">Hay m\u00e1s. Tambi\u00e9n los modelos de gesti\u00f3n se diferencian. Conozco de primera mano la labor que est\u00e1n desarrollando muchas entidades privadas, el rigor profesional con el que se gestionan; su capacidad para conseguir ingresos privados (conozco alguna que en los \u00faltimos ejercicios est\u00e1 consiguiendo doblarlos, \u00a1a pesar de la crisis!); la capacidad para descubrir \u201cnichos de mercados\u201d -necesidades sociales- no atendidas, y lo irrisorio de los costes de gesti\u00f3n, cuando los hay.<\/p>\n<p style=\"text-align: justify;\">Econom\u00edas paralelas que parece que est\u00e1n condenadas a no encontrarse. A\u00fan m\u00e1s, hay un sector de la sociedad \u2013normalmente enchufado a la cultura de la subvenci\u00f3n p\u00fablica- al que \u00a0molesta el que podr\u00edamos denominar \u00e9xito de algunas entidades privadas, como C\u00e1ritas, y\u00a0 critican el que alguien, en la libre disposici\u00f3n de sus bienes,\u00a0 les haga un generoso ingreso.<\/p>\n<p style=\"text-align: justify;\">\u00bfPara cu\u00e1ndo la eliminaci\u00f3n de subvenciones a cualquier tipo de organizaci\u00f3n y una ley de mecenazgo que permita a los ciudadanos asignar libremente los recursos a aquellas entidades que, a su juicio, atiendan m\u00e1s eficazmente las necesidades que cada uno juzgue prioritarias? \u00a0Si hay un sector en el que es importante introducir los principios de libertad y competencia es en el de las organizaciones sociales.<\/p>\n","protected":false},"excerpt":{"rendered":"<p>&nbsp; En Geometr\u00eda se definen l\u00edneas paralelas como\u00a0 \u201clas que, situadas en el mismo plano, por mucho que se prolonguen nunca se encuentran\u201d, al menos esa era la definici\u00f3n que recog\u00eda la Enciclopedia \u00c1lvarez, en las que tantos espa\u00f1olitos cimentaron &hellip; <a href=\"https:\/\/www.ignaciovalduerteles.es\/blog\/articulos\/expansion\/lineas-paralelas\/\">Continuar<\/a><\/p>\n","protected":false},"author":1,"featured_media":0,"parent":21,"menu_order":0,"comment_status":"open","ping_status":"closed","template":"","meta":{"kt_blocks_editor_width":""},"yoast_head":"<!-- This site is optimized with the Yoast SEO plugin v19.0 - https:\/\/yoast.com\/wordpress\/plugins\/seo\/ -->\n<title>L\u00edneas Paralelas - Ignacio Valduerteles Bartos<\/title>\n<meta name=\"description\" content=\"Blog personal de Ignacio Valdu\u00e9rteles, Dr. en Administraci\u00f3n y Direcci\u00f3n de Empresas y miembro destacado en la hermandad la Soledad de San Lorenzo, en Sevilla\" \/>\n<meta name=\"robots\" content=\"index, follow, max-snippet:-1, max-image-preview:large, max-video-preview:-1\" \/>\n<link rel=\"canonical\" href=\"https:\/\/www.ignaciovalduerteles.es\/blog\/articulos\/expansion\/lineas-paralelas\/\" \/>\n<meta property=\"og:locale\" content=\"es_ES\" \/>\n<meta property=\"og:type\" content=\"article\" \/>\n<meta property=\"og:title\" content=\"L\u00edneas Paralelas - Ignacio Valduerteles Bartos\" \/>\n<meta property=\"og:description\" content=\"Blog personal de Ignacio Valdu\u00e9rteles, Dr. en Administraci\u00f3n y Direcci\u00f3n de Empresas y miembro destacado en la hermandad la Soledad de San Lorenzo, en Sevilla\" \/>\n<meta property=\"og:url\" content=\"https:\/\/www.ignaciovalduerteles.es\/blog\/articulos\/expansion\/lineas-paralelas\/\" \/>\n<meta property=\"og:site_name\" content=\"Ignacio Valduerteles Bartos\" \/>\n<meta property=\"article:modified_time\" content=\"2012-11-13T14:31:58+00:00\" \/>\n<meta property=\"og:image\" content=\"https:\/\/www.ignaciovalduerteles.es\/blog\/wp-content\/uploads\/2022\/02\/banner1-1024x292.png\" \/>\n\t<meta property=\"og:image:width\" content=\"1024\" \/>\n\t<meta property=\"og:image:height\" content=\"292\" \/>\n\t<meta property=\"og:image:type\" content=\"image\/png\" \/>\n<meta name=\"twitter:card\" content=\"summary_large_image\" \/>\n<meta name=\"twitter:label1\" content=\"Tiempo de lectura\" \/>\n\t<meta name=\"twitter:data1\" content=\"4 minutos\" \/>\n<script type=\"application\/ld+json\" class=\"yoast-schema-graph\">{\"@context\":\"https:\/\/schema.org\",\"@graph\":[{\"@type\":[\"Person\",\"Organization\"],\"@id\":\"https:\/\/www.ignaciovalduerteles.es\/blog\/#\/schema\/person\/c4ab4ed77f14e0141ba3dcd9c6f501d5\",\"name\":\"Ignacio Valduerteles Bartos\",\"image\":{\"@type\":\"ImageObject\",\"inLanguage\":\"es\",\"@id\":\"https:\/\/www.ignaciovalduerteles.es\/blog\/#\/schema\/person\/image\/\",\"url\":\"https:\/\/www.ignaciovalduerteles.es\/blog\/wp-content\/uploads\/2022\/02\/cabecera-1024x390.png\",\"contentUrl\":\"https:\/\/www.ignaciovalduerteles.es\/blog\/wp-content\/uploads\/2022\/02\/cabecera-1024x390.png\",\"width\":1024,\"height\":390,\"caption\":\"Ignacio Valduerteles Bartos\"},\"logo\":{\"@id\":\"https:\/\/www.ignaciovalduerteles.es\/blog\/#\/schema\/person\/image\/\"},\"sameAs\":[\"http:\/\/www.ivb.es\"]},{\"@type\":\"WebSite\",\"@id\":\"https:\/\/www.ignaciovalduerteles.es\/blog\/#website\",\"url\":\"https:\/\/www.ignaciovalduerteles.es\/blog\/\",\"name\":\"Ignacio Valduerteles Bartos\",\"description\":\"Reflexiones y art\u00edculos del Ignacio Valdu\u00e9rteles\",\"publisher\":{\"@id\":\"https:\/\/www.ignaciovalduerteles.es\/blog\/#\/schema\/person\/c4ab4ed77f14e0141ba3dcd9c6f501d5\"},\"potentialAction\":[{\"@type\":\"SearchAction\",\"target\":{\"@type\":\"EntryPoint\",\"urlTemplate\":\"https:\/\/www.ignaciovalduerteles.es\/blog\/?s={search_term_string}\"},\"query-input\":\"required name=search_term_string\"}],\"inLanguage\":\"es\"},{\"@type\":\"WebPage\",\"@id\":\"https:\/\/www.ignaciovalduerteles.es\/blog\/articulos\/expansion\/lineas-paralelas\/#webpage\",\"url\":\"https:\/\/www.ignaciovalduerteles.es\/blog\/articulos\/expansion\/lineas-paralelas\/\",\"name\":\"L\u00edneas Paralelas - Ignacio Valduerteles Bartos\",\"isPartOf\":{\"@id\":\"https:\/\/www.ignaciovalduerteles.es\/blog\/#website\"},\"datePublished\":\"2012-11-13T11:56:37+00:00\",\"dateModified\":\"2012-11-13T14:31:58+00:00\",\"description\":\"Blog personal de Ignacio Valdu\u00e9rteles, Dr. en Administraci\u00f3n y Direcci\u00f3n de Empresas y miembro destacado en la hermandad la Soledad de San Lorenzo, en Sevilla\",\"breadcrumb\":{\"@id\":\"https:\/\/www.ignaciovalduerteles.es\/blog\/articulos\/expansion\/lineas-paralelas\/#breadcrumb\"},\"inLanguage\":\"es\",\"potentialAction\":[{\"@type\":\"ReadAction\",\"target\":[\"https:\/\/www.ignaciovalduerteles.es\/blog\/articulos\/expansion\/lineas-paralelas\/\"]}]},{\"@type\":\"BreadcrumbList\",\"@id\":\"https:\/\/www.ignaciovalduerteles.es\/blog\/articulos\/expansion\/lineas-paralelas\/#breadcrumb\",\"itemListElement\":[{\"@type\":\"ListItem\",\"position\":1,\"name\":\"Portada\",\"item\":\"https:\/\/www.ignaciovalduerteles.es\/blog\/\"},{\"@type\":\"ListItem\",\"position\":2,\"name\":\"Art\u00edculos\",\"item\":\"https:\/\/www.ignaciovalduerteles.es\/blog\/articulos\/\"},{\"@type\":\"ListItem\",\"position\":3,\"name\":\"Expansi\u00f3n\",\"item\":\"https:\/\/www.ignaciovalduerteles.es\/blog\/articulos\/expansion\/\"},{\"@type\":\"ListItem\",\"position\":4,\"name\":\"L\u00edneas Paralelas\"}]}]}<\/script>\n<!-- \/ Yoast SEO plugin. -->","yoast_head_json":{"title":"L\u00edneas Paralelas - Ignacio Valduerteles Bartos","description":"Blog personal de Ignacio Valdu\u00e9rteles, Dr. en Administraci\u00f3n y Direcci\u00f3n de Empresas y miembro destacado en la hermandad la Soledad de San Lorenzo, en Sevilla","robots":{"index":"index","follow":"follow","max-snippet":"max-snippet:-1","max-image-preview":"max-image-preview:large","max-video-preview":"max-video-preview:-1"},"canonical":"https:\/\/www.ignaciovalduerteles.es\/blog\/articulos\/expansion\/lineas-paralelas\/","og_locale":"es_ES","og_type":"article","og_title":"L\u00edneas Paralelas - Ignacio Valduerteles Bartos","og_description":"Blog personal de Ignacio Valdu\u00e9rteles, Dr. en Administraci\u00f3n y Direcci\u00f3n de Empresas y miembro destacado en la hermandad la Soledad de San Lorenzo, en Sevilla","og_url":"https:\/\/www.ignaciovalduerteles.es\/blog\/articulos\/expansion\/lineas-paralelas\/","og_site_name":"Ignacio Valduerteles Bartos","article_modified_time":"2012-11-13T14:31:58+00:00","og_image":[{"width":1024,"height":292,"url":"https:\/\/www.ignaciovalduerteles.es\/blog\/wp-content\/uploads\/2022\/02\/banner1-1024x292.png","type":"image\/png"}],"twitter_card":"summary_large_image","twitter_misc":{"Tiempo de lectura":"4 minutos"},"schema":{"@context":"https:\/\/schema.org","@graph":[{"@type":["Person","Organization"],"@id":"https:\/\/www.ignaciovalduerteles.es\/blog\/#\/schema\/person\/c4ab4ed77f14e0141ba3dcd9c6f501d5","name":"Ignacio Valduerteles Bartos","image":{"@type":"ImageObject","inLanguage":"es","@id":"https:\/\/www.ignaciovalduerteles.es\/blog\/#\/schema\/person\/image\/","url":"https:\/\/www.ignaciovalduerteles.es\/blog\/wp-content\/uploads\/2022\/02\/cabecera-1024x390.png","contentUrl":"https:\/\/www.ignaciovalduerteles.es\/blog\/wp-content\/uploads\/2022\/02\/cabecera-1024x390.png","width":1024,"height":390,"caption":"Ignacio Valduerteles Bartos"},"logo":{"@id":"https:\/\/www.ignaciovalduerteles.es\/blog\/#\/schema\/person\/image\/"},"sameAs":["http:\/\/www.ivb.es"]},{"@type":"WebSite","@id":"https:\/\/www.ignaciovalduerteles.es\/blog\/#website","url":"https:\/\/www.ignaciovalduerteles.es\/blog\/","name":"Ignacio Valduerteles Bartos","description":"Reflexiones y art\u00edculos del Ignacio Valdu\u00e9rteles","publisher":{"@id":"https:\/\/www.ignaciovalduerteles.es\/blog\/#\/schema\/person\/c4ab4ed77f14e0141ba3dcd9c6f501d5"},"potentialAction":[{"@type":"SearchAction","target":{"@type":"EntryPoint","urlTemplate":"https:\/\/www.ignaciovalduerteles.es\/blog\/?s={search_term_string}"},"query-input":"required name=search_term_string"}],"inLanguage":"es"},{"@type":"WebPage","@id":"https:\/\/www.ignaciovalduerteles.es\/blog\/articulos\/expansion\/lineas-paralelas\/#webpage","url":"https:\/\/www.ignaciovalduerteles.es\/blog\/articulos\/expansion\/lineas-paralelas\/","name":"L\u00edneas Paralelas - Ignacio Valduerteles Bartos","isPartOf":{"@id":"https:\/\/www.ignaciovalduerteles.es\/blog\/#website"},"datePublished":"2012-11-13T11:56:37+00:00","dateModified":"2012-11-13T14:31:58+00:00","description":"Blog personal de Ignacio Valdu\u00e9rteles, Dr. en Administraci\u00f3n y Direcci\u00f3n de Empresas y miembro destacado en la hermandad la Soledad de San Lorenzo, en Sevilla","breadcrumb":{"@id":"https:\/\/www.ignaciovalduerteles.es\/blog\/articulos\/expansion\/lineas-paralelas\/#breadcrumb"},"inLanguage":"es","potentialAction":[{"@type":"ReadAction","target":["https:\/\/www.ignaciovalduerteles.es\/blog\/articulos\/expansion\/lineas-paralelas\/"]}]},{"@type":"BreadcrumbList","@id":"https:\/\/www.ignaciovalduerteles.es\/blog\/articulos\/expansion\/lineas-paralelas\/#breadcrumb","itemListElement":[{"@type":"ListItem","position":1,"name":"Portada","item":"https:\/\/www.ignaciovalduerteles.es\/blog\/"},{"@type":"ListItem","position":2,"name":"Art\u00edculos","item":"https:\/\/www.ignaciovalduerteles.es\/blog\/articulos\/"},{"@type":"ListItem","position":3,"name":"Expansi\u00f3n","item":"https:\/\/www.ignaciovalduerteles.es\/blog\/articulos\/expansion\/"},{"@type":"ListItem","position":4,"name":"L\u00edneas Paralelas"}]}]}},"_links":{"self":[{"href":"https:\/\/www.ignaciovalduerteles.es\/blog\/wp-json\/wp\/v2\/pages\/1452"}],"collection":[{"href":"https:\/\/www.ignaciovalduerteles.es\/blog\/wp-json\/wp\/v2\/pages"}],"about":[{"href":"https:\/\/www.ignaciovalduerteles.es\/blog\/wp-json\/wp\/v2\/types\/page"}],"author":[{"embeddable":true,"href":"https:\/\/www.ignaciovalduerteles.es\/blog\/wp-json\/wp\/v2\/users\/1"}],"replies":[{"embeddable":true,"href":"https:\/\/www.ignaciovalduerteles.es\/blog\/wp-json\/wp\/v2\/comments?post=1452"}],"version-history":[{"count":5,"href":"https:\/\/www.ignaciovalduerteles.es\/blog\/wp-json\/wp\/v2\/pages\/1452\/revisions"}],"predecessor-version":[{"id":1458,"href":"https:\/\/www.ignaciovalduerteles.es\/blog\/wp-json\/wp\/v2\/pages\/1452\/revisions\/1458"}],"up":[{"embeddable":true,"href":"https:\/\/www.ignaciovalduerteles.es\/blog\/wp-json\/wp\/v2\/pages\/21"}],"wp:attachment":[{"href":"https:\/\/www.ignaciovalduerteles.es\/blog\/wp-json\/wp\/v2\/media?parent=1452"}],"curies":[{"name":"wp","href":"https:\/\/api.w.org\/{rel}","templated":true}]}}