{"id":1789,"date":"2013-07-16T08:10:12","date_gmt":"2013-07-16T06:10:12","guid":{"rendered":"https:\/\/www.ignaciovalduerteles.es\/blog\/?page_id=1789"},"modified":"2013-07-16T08:29:38","modified_gmt":"2013-07-16T06:29:38","slug":"culpable","status":"publish","type":"page","link":"https:\/\/www.ignaciovalduerteles.es\/blog\/articulos\/expansion\/culpable\/","title":{"rendered":"CULPABLE"},"content":{"rendered":"<p>&nbsp;<\/p>\n<p class=\"MsoNormal\" style=\"text-indent: 35.45pt; line-height: 150%;\"><span style=\"font-family: Arial;\">Lo que comento ocurri\u00f3 realmente en una empresa hace pocos a\u00f1os. El empresario,<span style=\"mso-spacerun: yes;\">\u00a0 <\/span>hombre muy innovador, decidi\u00f3 ampliar su gama con un nuevo producto que supon\u00eda un aut\u00e9ntico alarde t\u00e9cnico; la competencia seguro que no podr\u00eda imitarlo.<span style=\"mso-spacerun: yes;\">\u00a0 <\/span>Hubo quien le aconsej\u00f3 que ese producto no iba a tener demanda, que el mercado no ten\u00eda necesidad de \u00e9l y que, salvo lo del alarde t\u00e9cnico, no aportaba nada al cat\u00e1logo de la empresa.<\/span><\/p>\n<p class=\"MsoNormal\" style=\"text-indent: 35.45pt; line-height: 150%;\"><span style=\"font-family: Arial;\">A pesar de todo lo lanz\u00f3 al mercado. El resultado fue el que ya le hab\u00edamos pronosticado: un fracaso absoluto. Hubo que retirarlo de los puntos de venta. Durante un tiempo estuvieron discretamente camuflados en el balance de la empresa bajo el amplio paraguas de Existencias hasta que, pasados unos a\u00f1os, se dot\u00f3 la correspondiente Provisi\u00f3n por Depreciaci\u00f3n de Existencias y se tiraron. Vamos, que todo fue a p\u00e9rdidas.<\/span><\/p>\n<p class=\"MsoNormal\" style=\"text-indent: 35.45pt; line-height: 150%;\"><span style=\"font-family: Arial;\">Una historia que se repite muchas veces. Empresario es quien pone en juego una serie de recursos para ofrecer al mercado productos o servicios con la esperanza de \u00e9ste los compre, le resarza la inversi\u00f3n y le proporcione ganancias con las que vivir y, adem\u00e1s, poder seguir ofreciendo nuevos productos o servicios. Unas veces se acierta y otras no, es lo normal en la actividad empresarial.<\/span><span style=\"font-family: Arial;\">\u00a0<\/span><\/p>\n<p class=\"MsoNormal\" style=\"text-indent: 35.45pt; line-height: 150%;\"><span style=\"font-family: Arial;\">Lo singular de este caso es que nuestro amigo no acept\u00f3 el fracaso, su equivocaci\u00f3n, y se empe\u00f1\u00f3 en encontrar un culpable. La fuerza de ventas no hab\u00eda sido convincente; los distribuidores no hab\u00edan empujado el producto; la campa\u00f1a publicitaria no era buena;<span style=\"mso-spacerun: yes;\">\u00a0 <\/span><span style=\"mso-spacerun: yes;\">\u00a0<\/span>los consumidores, estaban equivocados. Cualquier excusa antes que reconocer que su idea hab\u00eda fracasado. <\/span><\/p>\n<p class=\"MsoNormal\" style=\"text-indent: 35.45pt; line-height: 150%;\"><span style=\"font-family: Arial;\">Un caso que se repite demasiado a menudo. El del empresario que, ante un rev\u00e9s, en lugar de analizarlo para identificar las causas y tratar de poner remedio para la pr\u00f3xima ocasi\u00f3n, lo que busca inmediatamente son culpables sobre los que descargar su frustraci\u00f3n. Si se declarara un incendio en sus instalaciones, seguro que empezar\u00eda a buscar al responsable antes que<span style=\"mso-spacerun: yes;\">\u00a0 <\/span>llamar a los bomberos.<\/span><\/p>\n<p class=\"MsoNormal\" style=\"text-indent: 35.45pt; line-height: 150%;\"><span style=\"font-family: Arial;\">Un comportamiento que va m\u00e1s all\u00e1 de lo anecd\u00f3tico y refleja una alarmante falta de madurez, de capacidad de asumir las propias equivocaciones o errores, de ponderar lo ocurrido e ir construyendo experiencia. Hay por ah\u00ed mucho empresario suelto \u2013y no empresario, que \u00e9sta no es una caracter\u00edstica exclusiva de los empresarios- que presume de experiencia al que habr\u00eda que aclararle<span style=\"mso-spacerun: yes;\">\u00a0 <\/span>que \u00e9l no tiene ninguna, simplemente le han pasado cosas, pero no ha reflexionado sobre ellas, por lo que no le han servido de nada. <\/span><\/p>\n<p class=\"MsoNormal\" style=\"text-indent: 35.45pt; line-height: 150%;\"><span style=\"font-family: Arial;\">Falta de madurez y una lamentable mezcla de inseguridad y soberbia que les resta capacidad empresarial. Inseguridad que le lleva a no admitir errores \u2013grandes o peque\u00f1os- porque eso ser\u00eda tanto como admitir que se hay equivocado, destruyendo as\u00ed lo que \u00e9l cree que es su imagen de empresario de \u00e9xito; a no delegar, porque nadie sabe hacer las cosas como \u00e9l, con lo que corre el riesgo cierto de aumentar los errores por<span style=\"mso-spacerun: yes;\">\u00a0 <\/span>exceso de tareas, adem\u00e1s de <span style=\"mso-spacerun: yes;\">\u00a0<\/span>no crear equipo; <span style=\"mso-spacerun: yes;\">\u00a0<\/span><span style=\"mso-spacerun: yes;\">\u00a0<\/span>a no pedir consejo, al entender que nadie tiene nada que ense\u00f1arle a \u00e9l, que fund\u00f3 la empresa; <span style=\"mso-spacerun: yes;\">\u00a0<\/span>a no valorar aquello que no conoce o de lo que no sabe, pensando que si hasta ahora me ha ido bien sin aplicar ese conocimiento, se\u00f1al que no le era<span style=\"mso-spacerun: yes;\">\u00a0 <\/span>necesario; a no escuchar, abierto a <span style=\"mso-spacerun: yes;\">\u00a0<\/span>modificar su criterio, a quien no le de la raz\u00f3n; a no compartir decisiones, para as\u00ed poder asumir la totalidad del \u00e9xito y tener amplio margen de maniobra para repartir culpas en caso necesario.<\/span><\/p>\n<p class=\"MsoNormal\" style=\"text-indent: 35.45pt; line-height: 150%;\"><span style=\"font-family: Arial;\">Visto as\u00ed, de modo tan descarnado, puede parecer un retrato excesivamente lineal y cruel en el que pocos estar\u00edan dispuestos a reconocerse, por eso sugiero releerlo despacio, sin prejuicios,<span style=\"mso-spacerun: yes;\">\u00a0 <\/span>y luego \u00a1a mejorar!, un poco cada d\u00eda,<span style=\"mso-spacerun: yes;\">\u00a0 <\/span>y <span style=\"mso-spacerun: yes;\">\u00a0<\/span>a dejarse ayudar. Que no es debilidad, todo lo contrario, es la fortaleza propia de quien est\u00e1 empe\u00f1ado en superarse, en alcanzar mayores y mejores cotas personales y profesionales. El empresario no es un ser especial, es una persona, y como tal limitada. Son sus valores y la cultura que \u00e9stos generan \u2013o sus contravalores y la contracultura <span style=\"mso-spacerun: yes;\">\u00a0<\/span>que difunden- los que determinar\u00e1n su calidad personal y empresarial. Y con ellos va la Cuenta de Resultados.<\/span><\/p>\n<p class=\"MsoNormal\"><span style=\"font-family: Arial;\">\u00a0<\/span><\/p>\n","protected":false},"excerpt":{"rendered":"<p>&nbsp; Lo que comento ocurri\u00f3 realmente en una empresa hace pocos a\u00f1os. El empresario,\u00a0 hombre muy innovador, decidi\u00f3 ampliar su gama con un nuevo producto que supon\u00eda un aut\u00e9ntico alarde t\u00e9cnico; la competencia seguro que no podr\u00eda imitarlo.\u00a0 Hubo quien &hellip; <a href=\"https:\/\/www.ignaciovalduerteles.es\/blog\/articulos\/expansion\/culpable\/\">Continuar<\/a><\/p>\n","protected":false},"author":1,"featured_media":0,"parent":21,"menu_order":0,"comment_status":"open","ping_status":"closed","template":"","meta":{"kt_blocks_editor_width":""},"yoast_head":"<!-- This site is optimized with the Yoast SEO plugin v19.0 - https:\/\/yoast.com\/wordpress\/plugins\/seo\/ -->\n<title>CULPABLE - Ignacio Valduerteles Bartos<\/title>\n<meta name=\"description\" content=\"Blog personal de Ignacio Valdu\u00e9rteles, Dr. en Administraci\u00f3n y Direcci\u00f3n de Empresas y miembro destacado en la hermandad la Soledad de San Lorenzo, en Sevilla\" \/>\n<meta name=\"robots\" content=\"index, follow, max-snippet:-1, max-image-preview:large, max-video-preview:-1\" \/>\n<link rel=\"canonical\" href=\"https:\/\/www.ignaciovalduerteles.es\/blog\/articulos\/expansion\/culpable\/\" \/>\n<meta property=\"og:locale\" content=\"es_ES\" \/>\n<meta property=\"og:type\" content=\"article\" \/>\n<meta property=\"og:title\" content=\"CULPABLE - Ignacio Valduerteles Bartos\" \/>\n<meta property=\"og:description\" content=\"Blog personal de Ignacio Valdu\u00e9rteles, Dr. en Administraci\u00f3n y Direcci\u00f3n de Empresas y miembro destacado en la hermandad la Soledad de San Lorenzo, en Sevilla\" \/>\n<meta property=\"og:url\" content=\"https:\/\/www.ignaciovalduerteles.es\/blog\/articulos\/expansion\/culpable\/\" \/>\n<meta property=\"og:site_name\" content=\"Ignacio Valduerteles Bartos\" \/>\n<meta property=\"article:modified_time\" content=\"2013-07-16T06:29:38+00:00\" \/>\n<meta property=\"og:image\" content=\"https:\/\/www.ignaciovalduerteles.es\/blog\/wp-content\/uploads\/2022\/02\/banner1-1024x292.png\" \/>\n\t<meta property=\"og:image:width\" content=\"1024\" \/>\n\t<meta property=\"og:image:height\" content=\"292\" \/>\n\t<meta property=\"og:image:type\" content=\"image\/png\" \/>\n<meta name=\"twitter:card\" content=\"summary_large_image\" \/>\n<meta name=\"twitter:label1\" content=\"Tiempo de lectura\" \/>\n\t<meta name=\"twitter:data1\" content=\"4 minutos\" \/>\n<script type=\"application\/ld+json\" class=\"yoast-schema-graph\">{\"@context\":\"https:\/\/schema.org\",\"@graph\":[{\"@type\":[\"Person\",\"Organization\"],\"@id\":\"https:\/\/www.ignaciovalduerteles.es\/blog\/#\/schema\/person\/c4ab4ed77f14e0141ba3dcd9c6f501d5\",\"name\":\"Ignacio Valduerteles Bartos\",\"image\":{\"@type\":\"ImageObject\",\"inLanguage\":\"es\",\"@id\":\"https:\/\/www.ignaciovalduerteles.es\/blog\/#\/schema\/person\/image\/\",\"url\":\"https:\/\/www.ignaciovalduerteles.es\/blog\/wp-content\/uploads\/2022\/02\/cabecera-1024x390.png\",\"contentUrl\":\"https:\/\/www.ignaciovalduerteles.es\/blog\/wp-content\/uploads\/2022\/02\/cabecera-1024x390.png\",\"width\":1024,\"height\":390,\"caption\":\"Ignacio Valduerteles Bartos\"},\"logo\":{\"@id\":\"https:\/\/www.ignaciovalduerteles.es\/blog\/#\/schema\/person\/image\/\"},\"sameAs\":[\"http:\/\/www.ivb.es\"]},{\"@type\":\"WebSite\",\"@id\":\"https:\/\/www.ignaciovalduerteles.es\/blog\/#website\",\"url\":\"https:\/\/www.ignaciovalduerteles.es\/blog\/\",\"name\":\"Ignacio Valduerteles Bartos\",\"description\":\"Reflexiones y art\u00edculos del Ignacio Valdu\u00e9rteles\",\"publisher\":{\"@id\":\"https:\/\/www.ignaciovalduerteles.es\/blog\/#\/schema\/person\/c4ab4ed77f14e0141ba3dcd9c6f501d5\"},\"potentialAction\":[{\"@type\":\"SearchAction\",\"target\":{\"@type\":\"EntryPoint\",\"urlTemplate\":\"https:\/\/www.ignaciovalduerteles.es\/blog\/?s={search_term_string}\"},\"query-input\":\"required name=search_term_string\"}],\"inLanguage\":\"es\"},{\"@type\":\"WebPage\",\"@id\":\"https:\/\/www.ignaciovalduerteles.es\/blog\/articulos\/expansion\/culpable\/#webpage\",\"url\":\"https:\/\/www.ignaciovalduerteles.es\/blog\/articulos\/expansion\/culpable\/\",\"name\":\"CULPABLE - Ignacio Valduerteles Bartos\",\"isPartOf\":{\"@id\":\"https:\/\/www.ignaciovalduerteles.es\/blog\/#website\"},\"datePublished\":\"2013-07-16T06:10:12+00:00\",\"dateModified\":\"2013-07-16T06:29:38+00:00\",\"description\":\"Blog personal de Ignacio Valdu\u00e9rteles, Dr. en Administraci\u00f3n y Direcci\u00f3n de Empresas y miembro destacado en la hermandad la Soledad de San Lorenzo, en Sevilla\",\"breadcrumb\":{\"@id\":\"https:\/\/www.ignaciovalduerteles.es\/blog\/articulos\/expansion\/culpable\/#breadcrumb\"},\"inLanguage\":\"es\",\"potentialAction\":[{\"@type\":\"ReadAction\",\"target\":[\"https:\/\/www.ignaciovalduerteles.es\/blog\/articulos\/expansion\/culpable\/\"]}]},{\"@type\":\"BreadcrumbList\",\"@id\":\"https:\/\/www.ignaciovalduerteles.es\/blog\/articulos\/expansion\/culpable\/#breadcrumb\",\"itemListElement\":[{\"@type\":\"ListItem\",\"position\":1,\"name\":\"Portada\",\"item\":\"https:\/\/www.ignaciovalduerteles.es\/blog\/\"},{\"@type\":\"ListItem\",\"position\":2,\"name\":\"Art\u00edculos\",\"item\":\"https:\/\/www.ignaciovalduerteles.es\/blog\/articulos\/\"},{\"@type\":\"ListItem\",\"position\":3,\"name\":\"Expansi\u00f3n\",\"item\":\"https:\/\/www.ignaciovalduerteles.es\/blog\/articulos\/expansion\/\"},{\"@type\":\"ListItem\",\"position\":4,\"name\":\"CULPABLE\"}]}]}<\/script>\n<!-- \/ Yoast SEO plugin. -->","yoast_head_json":{"title":"CULPABLE - Ignacio Valduerteles Bartos","description":"Blog personal de Ignacio Valdu\u00e9rteles, Dr. en Administraci\u00f3n y Direcci\u00f3n de Empresas y miembro destacado en la hermandad la Soledad de San Lorenzo, en Sevilla","robots":{"index":"index","follow":"follow","max-snippet":"max-snippet:-1","max-image-preview":"max-image-preview:large","max-video-preview":"max-video-preview:-1"},"canonical":"https:\/\/www.ignaciovalduerteles.es\/blog\/articulos\/expansion\/culpable\/","og_locale":"es_ES","og_type":"article","og_title":"CULPABLE - Ignacio Valduerteles Bartos","og_description":"Blog personal de Ignacio Valdu\u00e9rteles, Dr. en Administraci\u00f3n y Direcci\u00f3n de Empresas y miembro destacado en la hermandad la Soledad de San Lorenzo, en Sevilla","og_url":"https:\/\/www.ignaciovalduerteles.es\/blog\/articulos\/expansion\/culpable\/","og_site_name":"Ignacio Valduerteles Bartos","article_modified_time":"2013-07-16T06:29:38+00:00","og_image":[{"width":1024,"height":292,"url":"https:\/\/www.ignaciovalduerteles.es\/blog\/wp-content\/uploads\/2022\/02\/banner1-1024x292.png","type":"image\/png"}],"twitter_card":"summary_large_image","twitter_misc":{"Tiempo de lectura":"4 minutos"},"schema":{"@context":"https:\/\/schema.org","@graph":[{"@type":["Person","Organization"],"@id":"https:\/\/www.ignaciovalduerteles.es\/blog\/#\/schema\/person\/c4ab4ed77f14e0141ba3dcd9c6f501d5","name":"Ignacio Valduerteles Bartos","image":{"@type":"ImageObject","inLanguage":"es","@id":"https:\/\/www.ignaciovalduerteles.es\/blog\/#\/schema\/person\/image\/","url":"https:\/\/www.ignaciovalduerteles.es\/blog\/wp-content\/uploads\/2022\/02\/cabecera-1024x390.png","contentUrl":"https:\/\/www.ignaciovalduerteles.es\/blog\/wp-content\/uploads\/2022\/02\/cabecera-1024x390.png","width":1024,"height":390,"caption":"Ignacio Valduerteles Bartos"},"logo":{"@id":"https:\/\/www.ignaciovalduerteles.es\/blog\/#\/schema\/person\/image\/"},"sameAs":["http:\/\/www.ivb.es"]},{"@type":"WebSite","@id":"https:\/\/www.ignaciovalduerteles.es\/blog\/#website","url":"https:\/\/www.ignaciovalduerteles.es\/blog\/","name":"Ignacio Valduerteles Bartos","description":"Reflexiones y art\u00edculos del Ignacio Valdu\u00e9rteles","publisher":{"@id":"https:\/\/www.ignaciovalduerteles.es\/blog\/#\/schema\/person\/c4ab4ed77f14e0141ba3dcd9c6f501d5"},"potentialAction":[{"@type":"SearchAction","target":{"@type":"EntryPoint","urlTemplate":"https:\/\/www.ignaciovalduerteles.es\/blog\/?s={search_term_string}"},"query-input":"required name=search_term_string"}],"inLanguage":"es"},{"@type":"WebPage","@id":"https:\/\/www.ignaciovalduerteles.es\/blog\/articulos\/expansion\/culpable\/#webpage","url":"https:\/\/www.ignaciovalduerteles.es\/blog\/articulos\/expansion\/culpable\/","name":"CULPABLE - Ignacio Valduerteles Bartos","isPartOf":{"@id":"https:\/\/www.ignaciovalduerteles.es\/blog\/#website"},"datePublished":"2013-07-16T06:10:12+00:00","dateModified":"2013-07-16T06:29:38+00:00","description":"Blog personal de Ignacio Valdu\u00e9rteles, Dr. en Administraci\u00f3n y Direcci\u00f3n de Empresas y miembro destacado en la hermandad la Soledad de San Lorenzo, en Sevilla","breadcrumb":{"@id":"https:\/\/www.ignaciovalduerteles.es\/blog\/articulos\/expansion\/culpable\/#breadcrumb"},"inLanguage":"es","potentialAction":[{"@type":"ReadAction","target":["https:\/\/www.ignaciovalduerteles.es\/blog\/articulos\/expansion\/culpable\/"]}]},{"@type":"BreadcrumbList","@id":"https:\/\/www.ignaciovalduerteles.es\/blog\/articulos\/expansion\/culpable\/#breadcrumb","itemListElement":[{"@type":"ListItem","position":1,"name":"Portada","item":"https:\/\/www.ignaciovalduerteles.es\/blog\/"},{"@type":"ListItem","position":2,"name":"Art\u00edculos","item":"https:\/\/www.ignaciovalduerteles.es\/blog\/articulos\/"},{"@type":"ListItem","position":3,"name":"Expansi\u00f3n","item":"https:\/\/www.ignaciovalduerteles.es\/blog\/articulos\/expansion\/"},{"@type":"ListItem","position":4,"name":"CULPABLE"}]}]}},"_links":{"self":[{"href":"https:\/\/www.ignaciovalduerteles.es\/blog\/wp-json\/wp\/v2\/pages\/1789"}],"collection":[{"href":"https:\/\/www.ignaciovalduerteles.es\/blog\/wp-json\/wp\/v2\/pages"}],"about":[{"href":"https:\/\/www.ignaciovalduerteles.es\/blog\/wp-json\/wp\/v2\/types\/page"}],"author":[{"embeddable":true,"href":"https:\/\/www.ignaciovalduerteles.es\/blog\/wp-json\/wp\/v2\/users\/1"}],"replies":[{"embeddable":true,"href":"https:\/\/www.ignaciovalduerteles.es\/blog\/wp-json\/wp\/v2\/comments?post=1789"}],"version-history":[{"count":6,"href":"https:\/\/www.ignaciovalduerteles.es\/blog\/wp-json\/wp\/v2\/pages\/1789\/revisions"}],"predecessor-version":[{"id":1796,"href":"https:\/\/www.ignaciovalduerteles.es\/blog\/wp-json\/wp\/v2\/pages\/1789\/revisions\/1796"}],"up":[{"embeddable":true,"href":"https:\/\/www.ignaciovalduerteles.es\/blog\/wp-json\/wp\/v2\/pages\/21"}],"wp:attachment":[{"href":"https:\/\/www.ignaciovalduerteles.es\/blog\/wp-json\/wp\/v2\/media?parent=1789"}],"curies":[{"name":"wp","href":"https:\/\/api.w.org\/{rel}","templated":true}]}}