{"id":1799,"date":"2013-07-16T08:46:39","date_gmt":"2013-07-16T06:46:39","guid":{"rendered":"https:\/\/www.ignaciovalduerteles.es\/blog\/?page_id=1799"},"modified":"2013-07-16T10:30:40","modified_gmt":"2013-07-16T08:30:40","slug":"deberes-para-el-verano","status":"publish","type":"page","link":"https:\/\/www.ignaciovalduerteles.es\/blog\/articulos\/expansion\/deberes-para-el-verano\/","title":{"rendered":"DEBERES PARA EL VERANO"},"content":{"rendered":"<p class=\"MsoNormal\" style=\"text-align: justify; line-height: 150%;\"><span style=\"font-family: Arial;\"><span style=\"mso-tab-count: 1;\">\u00a0\u00a0\u00a0\u00a0\u00a0\u00a0\u00a0\u00a0\u00a0\u00a0\u00a0 <\/span>Era, y sigue siendo, el terror de las vacaciones. Cuando por fin se terminaba el colegio y nos dispon\u00edamos a disfrutar un largo<span style=\"mso-spacerun: yes;\">\u00a0 <\/span>y merecido descanso \u2013siempre era merecido- aparec\u00eda nuestra madre con un odioso cuaderno, al que sol\u00edan poner un t\u00edtulo supuestamente atractivo, que no era otra cosa que los temidos deberes de vacaciones. Nunca termin\u00e1bamos de comprender por qu\u00e9 hab\u00eda que hacer deberes si precisamente est\u00e1bamos de vacaciones.<\/span><\/p>\n<p class=\"MsoNormal\" style=\"text-align: justify; text-indent: 35.4pt; line-height: 150%;\"><span style=\"font-family: Arial;\">Ahora ya no tenemos que hacer ese tipo de deberes, tampoco hay una persona mayor que nos obligue a retrasar<span style=\"mso-spacerun: yes;\">\u00a0 <\/span>el ba\u00f1o hasta que no est\u00e9 terminada la tarea del d\u00eda; <span style=\"mso-spacerun: yes;\">\u00a0<\/span>pero estos d\u00edas de descanso \u2013el que los tenga- siguen siendo buenos para pararse a reflexionar <span style=\"mso-spacerun: yes;\">\u00a0<\/span>un poco, coger distancia del d\u00eda a d\u00eda<span style=\"mso-spacerun: yes;\">\u00a0 <\/span>y hacernos planteamientos amplios, con visi\u00f3n de conjunto, con perspectiva, la que nos falta cuando estamos metidos entre los problemas diarios.<\/span><\/p>\n<p class=\"MsoNormal\" style=\"text-align: justify; line-height: 150%;\"><span style=\"font-family: Arial;\"><span style=\"mso-tab-count: 1;\">\u00a0\u00a0\u00a0\u00a0\u00a0\u00a0\u00a0\u00a0\u00a0\u00a0\u00a0 <\/span><span style=\"mso-spacerun: yes;\">\u00a0<\/span><span class=\"googqs-tidbitgoogqs-tidbit-0\">Sugiero adentrarnos en algo realmente importante: nuestra empresa; pero abordando su an\u00e1lisis desde una perspectiva distinta a la habitual. No se trata de estudiar c\u00f3mo aumentar las ventas, o reducir costes, ni<span style=\"mso-spacerun: yes;\">\u00a0 <\/span>de buscar nuevas fuentes de financiaci\u00f3n o plantear un nuevo organigrama, <span style=\"mso-spacerun: yes;\">\u00a0<\/span>sino de ver la forma de crear m\u00e1s valor para los clientes, los empleados, los proveedores y la sociedad en general.<\/span> <span style=\"mso-spacerun: yes;\">\u00a0<\/span>Por chocante que parezca a algunos,<span style=\"mso-spacerun: yes;\">\u00a0 <\/span>los empresarios no son esos seres malvados y depredadores que crean empresas para obtener el m\u00e1ximo beneficio,<span style=\"mso-spacerun: yes;\">\u00a0 <\/span>sin importarle los medios, sino personas con sue\u00f1os y pasi\u00f3n empe\u00f1ados en conseguir los objetivos de la empresa, <span style=\"mso-spacerun: yes;\">\u00a0<\/span>y \u00e9stos pasan por satisfacer los intereses de las partes implicadas en ella.<\/span><\/p>\n<p class=\"MsoNormal\" style=\"text-align: justify; line-height: 150%;\"><span style=\"font-family: Arial;\"><span style=\"mso-tab-count: 1;\">\u00a0\u00a0\u00a0\u00a0\u00a0\u00a0\u00a0\u00a0\u00a0\u00a0\u00a0 <\/span>Dec\u00eda Schumpeter que \u2018la historia de la econom\u00eda es la historia de la cultura\u2019; m\u00e1s cercano a nosotros, Rubio de Urqu\u00eda explica que \u2018toda forma econ\u00f3mica es la expresi\u00f3n de una determinada antropolog\u00eda\u2019. Traslad\u00e1ndonos<span style=\"mso-spacerun: yes;\">\u00a0 <\/span>al \u00e1mbito de la empresa podr\u00edamos traducir estas afirmaciones enunciando que<span style=\"mso-spacerun: yes;\">\u00a0 <\/span>lo que hace a una empresa excelente no es su cuenta de resultados o sus beneficios, lo que da la medida de la excelencia empresarial<span style=\"mso-spacerun: yes;\">\u00a0 <\/span>es la calidad de las personas que la impulsan.<\/span><\/p>\n<p class=\"MsoNormal\" style=\"text-align: justify; line-height: 150%;\"><span style=\"font-family: Arial;\"><span style=\"mso-tab-count: 1;\">\u00a0\u00a0\u00a0\u00a0\u00a0\u00a0\u00a0\u00a0\u00a0\u00a0\u00a0 <\/span>El an\u00e1lisis de mi empresa no debe orientarse entonces al an\u00e1lisis de las variables econ\u00f3micas y financieras, sino a la reflexi\u00f3n sobre<span style=\"mso-spacerun: yes;\">\u00a0 <\/span>mi calidad humana y la <span style=\"mso-spacerun: yes;\">\u00a0<\/span>forma de mejorarla. Para eso una sugerencia, en forma de deberes de verano. Es un cl\u00e1sico recomendar libros para esta \u00e9poca, yo me atrevo a recomendar dos, muy distintos: uno de ellos, que se public\u00f3 por vez primera en 1976 y va ya por la <span style=\"mso-spacerun: yes;\">\u00a0<\/span>decimoquinta edici\u00f3n, <span style=\"mso-spacerun: yes;\">\u00a0<\/span>es <em style=\"mso-bidi-font-style: normal;\">La educaci\u00f3n de las virtudes humanas<\/em>, del profesor David Isaacs (EUNSA). Aunque se anuncia orientado <span style=\"mso-spacerun: yes;\">\u00a0<\/span>a la educaci\u00f3n de los j\u00f3venes, en realidad presenta un estudio sistem\u00e1tico de esas virtudes, o h\u00e1bitos operativos, que dotan al hombre de excelencia. Dar un repaso a valores como la laboriosidad, la fortaleza, la lealtad, la sobriedad, la perseverancia, la responsabilidad y algunos m\u00e1s es un estupendo ejercicio veraniego. El otro es mucho m\u00e1s reciente, de este mismo a\u00f1o: <em style=\"mso-bidi-font-style: normal;\">Conscius Capitalism: Liberating the Heroic Siprit of Business<\/em>, de dos autores estadounidenses, John Mackey y Raj Sisodia (Harvard Business Press). Su planteamiento es rotundo: el marco matem\u00e1tico de la econom\u00eda libre de mercado desarrollado por los economistas neocl\u00e1sicos no representa la verdadera naturaleza del capitalismo. \u00c9sta radica en la integridad de las personas que no dudan en transformar sus sue\u00f1os en organizaciones creadoras de valor, arriesgando sus recursos en el empe\u00f1o.<span style=\"mso-spacerun: yes;\">\u00a0 <\/span><span style=\"mso-spacerun: yes;\">\u00a0<\/span><\/span><\/p>\n<p class=\"MsoNormal\" style=\"text-align: justify; line-height: 150%;\"><span style=\"font-family: Arial;\"><span style=\"mso-tab-count: 1;\">\u00a0\u00a0\u00a0\u00a0\u00a0\u00a0\u00a0\u00a0\u00a0\u00a0\u00a0 <\/span>Dos libros complementarios que ofrecen un horizonte<span style=\"mso-spacerun: yes;\">\u00a0 <\/span>m\u00e1s enriquecedor que la lectura de los papeles de B\u00e1rcenas,<span style=\"mso-spacerun: yes;\">\u00a0 <\/span>o el \u00faltimo auto de la juez Alaya. Esta es mi propuesta de<span style=\"mso-spacerun: yes;\">\u00a0 <\/span>\u2018deberes de vacaciones\u2019. No crea que hay muchas m\u00e1s alternativas, ya ni el posado veraniego de Ana Obreg\u00f3n.<\/span><\/p>\n<p class=\"MsoNormal\" style=\"text-align: justify; line-height: 150%;\"><span style=\"font-family: Arial;\">\u00a0<\/span><\/p>\n","protected":false},"excerpt":{"rendered":"<p>\u00a0\u00a0\u00a0\u00a0\u00a0\u00a0\u00a0\u00a0\u00a0\u00a0\u00a0 Era, y sigue siendo, el terror de las vacaciones. Cuando por fin se terminaba el colegio y nos dispon\u00edamos a disfrutar un largo\u00a0 y merecido descanso \u2013siempre era merecido- aparec\u00eda nuestra madre con un odioso cuaderno, al que sol\u00edan &hellip; <a href=\"https:\/\/www.ignaciovalduerteles.es\/blog\/articulos\/expansion\/deberes-para-el-verano\/\">Continuar<\/a><\/p>\n","protected":false},"author":1,"featured_media":0,"parent":21,"menu_order":0,"comment_status":"open","ping_status":"closed","template":"","meta":{"kt_blocks_editor_width":""},"yoast_head":"<!-- This site is optimized with the Yoast SEO plugin v19.0 - https:\/\/yoast.com\/wordpress\/plugins\/seo\/ -->\n<title>DEBERES PARA EL VERANO - Ignacio Valduerteles Bartos<\/title>\n<meta name=\"description\" content=\"Blog personal de Ignacio Valdu\u00e9rteles, Dr. en Administraci\u00f3n y Direcci\u00f3n de Empresas y miembro destacado en la hermandad la Soledad de San Lorenzo, en Sevilla\" \/>\n<meta name=\"robots\" content=\"index, follow, max-snippet:-1, max-image-preview:large, max-video-preview:-1\" \/>\n<link rel=\"canonical\" href=\"https:\/\/www.ignaciovalduerteles.es\/blog\/articulos\/expansion\/deberes-para-el-verano\/\" \/>\n<meta property=\"og:locale\" content=\"es_ES\" \/>\n<meta property=\"og:type\" content=\"article\" \/>\n<meta property=\"og:title\" content=\"DEBERES PARA EL VERANO - Ignacio Valduerteles Bartos\" \/>\n<meta property=\"og:description\" content=\"Blog personal de Ignacio Valdu\u00e9rteles, Dr. en Administraci\u00f3n y Direcci\u00f3n de Empresas y miembro destacado en la hermandad la Soledad de San Lorenzo, en Sevilla\" \/>\n<meta property=\"og:url\" content=\"https:\/\/www.ignaciovalduerteles.es\/blog\/articulos\/expansion\/deberes-para-el-verano\/\" \/>\n<meta property=\"og:site_name\" content=\"Ignacio Valduerteles Bartos\" \/>\n<meta property=\"article:modified_time\" content=\"2013-07-16T08:30:40+00:00\" \/>\n<meta property=\"og:image\" content=\"https:\/\/www.ignaciovalduerteles.es\/blog\/wp-content\/uploads\/2022\/02\/banner1-1024x292.png\" \/>\n\t<meta property=\"og:image:width\" content=\"1024\" \/>\n\t<meta property=\"og:image:height\" content=\"292\" \/>\n\t<meta property=\"og:image:type\" content=\"image\/png\" \/>\n<meta name=\"twitter:card\" content=\"summary_large_image\" \/>\n<meta name=\"twitter:label1\" content=\"Tiempo de lectura\" \/>\n\t<meta name=\"twitter:data1\" content=\"3 minutos\" \/>\n<script type=\"application\/ld+json\" class=\"yoast-schema-graph\">{\"@context\":\"https:\/\/schema.org\",\"@graph\":[{\"@type\":[\"Person\",\"Organization\"],\"@id\":\"https:\/\/www.ignaciovalduerteles.es\/blog\/#\/schema\/person\/c4ab4ed77f14e0141ba3dcd9c6f501d5\",\"name\":\"Ignacio Valduerteles Bartos\",\"image\":{\"@type\":\"ImageObject\",\"inLanguage\":\"es\",\"@id\":\"https:\/\/www.ignaciovalduerteles.es\/blog\/#\/schema\/person\/image\/\",\"url\":\"https:\/\/www.ignaciovalduerteles.es\/blog\/wp-content\/uploads\/2022\/02\/cabecera-1024x390.png\",\"contentUrl\":\"https:\/\/www.ignaciovalduerteles.es\/blog\/wp-content\/uploads\/2022\/02\/cabecera-1024x390.png\",\"width\":1024,\"height\":390,\"caption\":\"Ignacio Valduerteles Bartos\"},\"logo\":{\"@id\":\"https:\/\/www.ignaciovalduerteles.es\/blog\/#\/schema\/person\/image\/\"},\"sameAs\":[\"http:\/\/www.ivb.es\"]},{\"@type\":\"WebSite\",\"@id\":\"https:\/\/www.ignaciovalduerteles.es\/blog\/#website\",\"url\":\"https:\/\/www.ignaciovalduerteles.es\/blog\/\",\"name\":\"Ignacio Valduerteles Bartos\",\"description\":\"Reflexiones y art\u00edculos del Ignacio Valdu\u00e9rteles\",\"publisher\":{\"@id\":\"https:\/\/www.ignaciovalduerteles.es\/blog\/#\/schema\/person\/c4ab4ed77f14e0141ba3dcd9c6f501d5\"},\"potentialAction\":[{\"@type\":\"SearchAction\",\"target\":{\"@type\":\"EntryPoint\",\"urlTemplate\":\"https:\/\/www.ignaciovalduerteles.es\/blog\/?s={search_term_string}\"},\"query-input\":\"required name=search_term_string\"}],\"inLanguage\":\"es\"},{\"@type\":\"WebPage\",\"@id\":\"https:\/\/www.ignaciovalduerteles.es\/blog\/articulos\/expansion\/deberes-para-el-verano\/#webpage\",\"url\":\"https:\/\/www.ignaciovalduerteles.es\/blog\/articulos\/expansion\/deberes-para-el-verano\/\",\"name\":\"DEBERES PARA EL VERANO - Ignacio Valduerteles Bartos\",\"isPartOf\":{\"@id\":\"https:\/\/www.ignaciovalduerteles.es\/blog\/#website\"},\"datePublished\":\"2013-07-16T06:46:39+00:00\",\"dateModified\":\"2013-07-16T08:30:40+00:00\",\"description\":\"Blog personal de Ignacio Valdu\u00e9rteles, Dr. en Administraci\u00f3n y Direcci\u00f3n de Empresas y miembro destacado en la hermandad la Soledad de San Lorenzo, en Sevilla\",\"breadcrumb\":{\"@id\":\"https:\/\/www.ignaciovalduerteles.es\/blog\/articulos\/expansion\/deberes-para-el-verano\/#breadcrumb\"},\"inLanguage\":\"es\",\"potentialAction\":[{\"@type\":\"ReadAction\",\"target\":[\"https:\/\/www.ignaciovalduerteles.es\/blog\/articulos\/expansion\/deberes-para-el-verano\/\"]}]},{\"@type\":\"BreadcrumbList\",\"@id\":\"https:\/\/www.ignaciovalduerteles.es\/blog\/articulos\/expansion\/deberes-para-el-verano\/#breadcrumb\",\"itemListElement\":[{\"@type\":\"ListItem\",\"position\":1,\"name\":\"Portada\",\"item\":\"https:\/\/www.ignaciovalduerteles.es\/blog\/\"},{\"@type\":\"ListItem\",\"position\":2,\"name\":\"Art\u00edculos\",\"item\":\"https:\/\/www.ignaciovalduerteles.es\/blog\/articulos\/\"},{\"@type\":\"ListItem\",\"position\":3,\"name\":\"Expansi\u00f3n\",\"item\":\"https:\/\/www.ignaciovalduerteles.es\/blog\/articulos\/expansion\/\"},{\"@type\":\"ListItem\",\"position\":4,\"name\":\"DEBERES PARA EL VERANO\"}]}]}<\/script>\n<!-- \/ Yoast SEO plugin. -->","yoast_head_json":{"title":"DEBERES PARA EL VERANO - Ignacio Valduerteles Bartos","description":"Blog personal de Ignacio Valdu\u00e9rteles, Dr. en Administraci\u00f3n y Direcci\u00f3n de Empresas y miembro destacado en la hermandad la Soledad de San Lorenzo, en Sevilla","robots":{"index":"index","follow":"follow","max-snippet":"max-snippet:-1","max-image-preview":"max-image-preview:large","max-video-preview":"max-video-preview:-1"},"canonical":"https:\/\/www.ignaciovalduerteles.es\/blog\/articulos\/expansion\/deberes-para-el-verano\/","og_locale":"es_ES","og_type":"article","og_title":"DEBERES PARA EL VERANO - Ignacio Valduerteles Bartos","og_description":"Blog personal de Ignacio Valdu\u00e9rteles, Dr. en Administraci\u00f3n y Direcci\u00f3n de Empresas y miembro destacado en la hermandad la Soledad de San Lorenzo, en Sevilla","og_url":"https:\/\/www.ignaciovalduerteles.es\/blog\/articulos\/expansion\/deberes-para-el-verano\/","og_site_name":"Ignacio Valduerteles Bartos","article_modified_time":"2013-07-16T08:30:40+00:00","og_image":[{"width":1024,"height":292,"url":"https:\/\/www.ignaciovalduerteles.es\/blog\/wp-content\/uploads\/2022\/02\/banner1-1024x292.png","type":"image\/png"}],"twitter_card":"summary_large_image","twitter_misc":{"Tiempo de lectura":"3 minutos"},"schema":{"@context":"https:\/\/schema.org","@graph":[{"@type":["Person","Organization"],"@id":"https:\/\/www.ignaciovalduerteles.es\/blog\/#\/schema\/person\/c4ab4ed77f14e0141ba3dcd9c6f501d5","name":"Ignacio Valduerteles Bartos","image":{"@type":"ImageObject","inLanguage":"es","@id":"https:\/\/www.ignaciovalduerteles.es\/blog\/#\/schema\/person\/image\/","url":"https:\/\/www.ignaciovalduerteles.es\/blog\/wp-content\/uploads\/2022\/02\/cabecera-1024x390.png","contentUrl":"https:\/\/www.ignaciovalduerteles.es\/blog\/wp-content\/uploads\/2022\/02\/cabecera-1024x390.png","width":1024,"height":390,"caption":"Ignacio Valduerteles Bartos"},"logo":{"@id":"https:\/\/www.ignaciovalduerteles.es\/blog\/#\/schema\/person\/image\/"},"sameAs":["http:\/\/www.ivb.es"]},{"@type":"WebSite","@id":"https:\/\/www.ignaciovalduerteles.es\/blog\/#website","url":"https:\/\/www.ignaciovalduerteles.es\/blog\/","name":"Ignacio Valduerteles Bartos","description":"Reflexiones y art\u00edculos del Ignacio Valdu\u00e9rteles","publisher":{"@id":"https:\/\/www.ignaciovalduerteles.es\/blog\/#\/schema\/person\/c4ab4ed77f14e0141ba3dcd9c6f501d5"},"potentialAction":[{"@type":"SearchAction","target":{"@type":"EntryPoint","urlTemplate":"https:\/\/www.ignaciovalduerteles.es\/blog\/?s={search_term_string}"},"query-input":"required name=search_term_string"}],"inLanguage":"es"},{"@type":"WebPage","@id":"https:\/\/www.ignaciovalduerteles.es\/blog\/articulos\/expansion\/deberes-para-el-verano\/#webpage","url":"https:\/\/www.ignaciovalduerteles.es\/blog\/articulos\/expansion\/deberes-para-el-verano\/","name":"DEBERES PARA EL VERANO - Ignacio Valduerteles Bartos","isPartOf":{"@id":"https:\/\/www.ignaciovalduerteles.es\/blog\/#website"},"datePublished":"2013-07-16T06:46:39+00:00","dateModified":"2013-07-16T08:30:40+00:00","description":"Blog personal de Ignacio Valdu\u00e9rteles, Dr. en Administraci\u00f3n y Direcci\u00f3n de Empresas y miembro destacado en la hermandad la Soledad de San Lorenzo, en Sevilla","breadcrumb":{"@id":"https:\/\/www.ignaciovalduerteles.es\/blog\/articulos\/expansion\/deberes-para-el-verano\/#breadcrumb"},"inLanguage":"es","potentialAction":[{"@type":"ReadAction","target":["https:\/\/www.ignaciovalduerteles.es\/blog\/articulos\/expansion\/deberes-para-el-verano\/"]}]},{"@type":"BreadcrumbList","@id":"https:\/\/www.ignaciovalduerteles.es\/blog\/articulos\/expansion\/deberes-para-el-verano\/#breadcrumb","itemListElement":[{"@type":"ListItem","position":1,"name":"Portada","item":"https:\/\/www.ignaciovalduerteles.es\/blog\/"},{"@type":"ListItem","position":2,"name":"Art\u00edculos","item":"https:\/\/www.ignaciovalduerteles.es\/blog\/articulos\/"},{"@type":"ListItem","position":3,"name":"Expansi\u00f3n","item":"https:\/\/www.ignaciovalduerteles.es\/blog\/articulos\/expansion\/"},{"@type":"ListItem","position":4,"name":"DEBERES PARA EL VERANO"}]}]}},"_links":{"self":[{"href":"https:\/\/www.ignaciovalduerteles.es\/blog\/wp-json\/wp\/v2\/pages\/1799"}],"collection":[{"href":"https:\/\/www.ignaciovalduerteles.es\/blog\/wp-json\/wp\/v2\/pages"}],"about":[{"href":"https:\/\/www.ignaciovalduerteles.es\/blog\/wp-json\/wp\/v2\/types\/page"}],"author":[{"embeddable":true,"href":"https:\/\/www.ignaciovalduerteles.es\/blog\/wp-json\/wp\/v2\/users\/1"}],"replies":[{"embeddable":true,"href":"https:\/\/www.ignaciovalduerteles.es\/blog\/wp-json\/wp\/v2\/comments?post=1799"}],"version-history":[{"count":9,"href":"https:\/\/www.ignaciovalduerteles.es\/blog\/wp-json\/wp\/v2\/pages\/1799\/revisions"}],"predecessor-version":[{"id":1803,"href":"https:\/\/www.ignaciovalduerteles.es\/blog\/wp-json\/wp\/v2\/pages\/1799\/revisions\/1803"}],"up":[{"embeddable":true,"href":"https:\/\/www.ignaciovalduerteles.es\/blog\/wp-json\/wp\/v2\/pages\/21"}],"wp:attachment":[{"href":"https:\/\/www.ignaciovalduerteles.es\/blog\/wp-json\/wp\/v2\/media?parent=1799"}],"curies":[{"name":"wp","href":"https:\/\/api.w.org\/{rel}","templated":true}]}}