{"id":1843,"date":"2013-10-11T12:43:09","date_gmt":"2013-10-11T10:43:09","guid":{"rendered":"https:\/\/www.ignaciovalduerteles.es\/blog\/?page_id=1843"},"modified":"2013-10-11T12:43:09","modified_gmt":"2013-10-11T10:43:09","slug":"antimarketing","status":"publish","type":"page","link":"https:\/\/www.ignaciovalduerteles.es\/blog\/articulos\/expansion\/antimarketing\/","title":{"rendered":"ANTIMARKETING"},"content":{"rendered":"<p>&nbsp;<\/p>\n<p style=\"text-align: justify;\" align=\"center\"><strong><\/strong>No quiero creer que sea una tendencia generalizada; pero en\u00a0 pocos d\u00edas he conocido, de forma\u00a0 directa, algunas actuaciones de marketing que me han dejado bastante perplejo. Comento dos de ellas.<\/p>\n<p>El primer caso se refiere a una empresa de servicios personales, un gimnasio. No tiene ning\u00fan programa para la fidelizaci\u00f3n de sus clientes, simplemente les presta los servicios contratados. No\u00a0 ha modificado, al menos de forma apreciable, esta pol\u00edtica ante el descenso evidente de usuarios, ni ante la aparici\u00f3n de cadenas de gimnasios\u00a0 <em>low-cost; <\/em>pero ha iniciado una campa\u00f1a de captaci\u00f3n de nuevos clientes, sustentada en un folleto\u00a0 de excelente dise\u00f1o y calidad, en la que piden a los clientes actuales que traigan amigos, a los que se ofertan unas condiciones especiales. En otras palabras: no se preocupan de fidelizar a los compradores habituales y les piden que, gratuitamente, act\u00faen como agentes comerciales, para atraer nuevos consumidores, a los que ofertan mejores condiciones que las que ellos tienen.<\/p>\n<p>El otro sucedido tambi\u00e9n es sorprendente. Una empresa de venta directa hace un magn\u00edfico anuncio en un programa de radio de m\u00e1xima audiencia, animando a llamar a un tel\u00e9fono para comprar un producto maravilloso. Los primeros compradores, adem\u00e1s, tendr\u00e1n una oferta especial. Un ejemplo, de libro, sobre c\u00f3mo mover las \u201ccompras por impulso\u201d. La sorpresa viene cuando un potencial cliente llama para hacer su pedido y, antes de que pueda decir nada la operadora, \u00a0le dice algo as\u00ed: \u201cGracias por llamar, en estos momentos no podemos atenderle; pero tenemos su n\u00famero registrado y, en breve, le llamaremos\u201d. Cuando la persona que llama, sorprendida, \u00a0argumenta que va a entrar en una reuni\u00f3n y\u00a0 a desconectar el tel\u00e9fono, la operadora, con la correcta indiferencia de los <em>call-center<\/em> le responde. \u201cDe acuerdo, borramos entonces su llamada\u201d.<\/p>\n<p>Es evidente, en ambos casos, que no se trata de una mala actuaci\u00f3n del empleado que est\u00e1 frente al p\u00fablico, sino de una pol\u00edtica de la empresa. Esas actuaciones responden a una estrategia de marketing pensada \u2013o algo as\u00ed- por alg\u00fan responsable de la empresa.<\/p>\n<p>Podr\u00edamos poner m\u00e1s ejemplos: en la banca, que no termina de encontrar argumentos de marketing m\u00e1s all\u00e1 de las comisiones; en la administraci\u00f3n p\u00fablica, que sigue considerando al ciudadano s\u00fabdito, no cliente; en las empresas de telefon\u00eda m\u00f3vil, en permanente di\u00e1logo de besugos con los clientes que intentan resolver alguna incidencia; en las empresas period\u00edsticas, que se esfuerzan en atraer nuevos suscriptores con promociones y regalos que no llegan a los suscriptores que llevan a\u00f1os abonando sus suscripci\u00f3n, o les\u00a0 llegan tarde y mal, en tantas y tantas empresas. Afortunadamente no todos funcionan as\u00ed, precisamente por eso destacan m\u00e1s quienes se preocupan por atender al cliente, pero creo que es una tendencia bastante generalizada, indicativa de un estado de la cuesti\u00f3n que va m\u00e1s all\u00e1 de la estricta pol\u00edtica comercial.<\/p>\n<p>El problema de estas empresas es que est\u00e1n centradas en s\u00ed mismas, en la resoluci\u00f3n inmediata de sus problemas a corto. El cliente no es alguien a quien servir, sino un medio para obtener recursos. Las acciones de marketing se invierten, ya no se trata de ver c\u00f3mo puedo atender mejor las expectativas del cliente, en la confianza de que esa satisfacci\u00f3n redunde en mayores ventas; sino c\u00f3mo puedo conseguir aumentar las ventas de forma inmediata. La pol\u00edtica comercial se activa desde la perspectiva del directivo, no desde la perspectiva del cliente<\/p>\n<p>Lo que esas actuaciones ponen de manifiesto es a un empresario centrado en s\u00ed mismo, en la resoluci\u00f3n r\u00e1pida de sus problemas a corto, a\u00fan a costa de sacrificar lo que es la esencia de la empresa \u2013y de la econom\u00eda-: la donaci\u00f3n, la oferta de valor\u00a0 apreciable por los clientes y por las personas que se relacionan con la empresa.<\/p>\n<p>Este problema tiene una cara oculta, que me resalt\u00f3 un periodista amigo: estas decisiones estrat\u00e9gicas suelen terminar ocasionando \u00a0resultados nefastos para la empresa, que se resuelven \u201cadecuando la estructura productiva a la nueva situaci\u00f3n del mercado\u201d, es decir, poniendo gente en la calle; pero no a los responsables de la decisi\u00f3n, sino a otros. Se podr\u00eda enunciar en forma de ley \u2013la ley de la Responsabilidad Invertida-, que vendr\u00eda a decir que \u00a0cuanto m\u00e1s alto es el nivel de una persona en una empresa, menos responsabilidad asume por el posible fracaso de sus decisiones estrat\u00e9gicas, que terminar\u00e1n pagando otros, de nivel inferior.<\/p>\n<p>&nbsp;<\/p>\n<p>&nbsp;<\/p>\n<p>&nbsp;<\/p>\n<p>.<\/p>\n<p>&nbsp;<\/p>\n<p>.<\/p>\n<p>&nbsp;<\/p>\n<p>&nbsp;<\/p>\n<p>&nbsp;<\/p>\n<p>&nbsp;<\/p>\n<p>&nbsp;<\/p>\n","protected":false},"excerpt":{"rendered":"<p>&nbsp; No quiero creer que sea una tendencia generalizada; pero en\u00a0 pocos d\u00edas he conocido, de forma\u00a0 directa, algunas actuaciones de marketing que me han dejado bastante perplejo. Comento dos de ellas. El primer caso se refiere a una empresa &hellip; <a href=\"https:\/\/www.ignaciovalduerteles.es\/blog\/articulos\/expansion\/antimarketing\/\">Continuar<\/a><\/p>\n","protected":false},"author":1,"featured_media":0,"parent":21,"menu_order":0,"comment_status":"open","ping_status":"closed","template":"","meta":{"kt_blocks_editor_width":""},"yoast_head":"<!-- This site is optimized with the Yoast SEO plugin v19.0 - https:\/\/yoast.com\/wordpress\/plugins\/seo\/ -->\n<title>ANTIMARKETING - Ignacio Valduerteles Bartos<\/title>\n<meta name=\"description\" content=\"Blog personal de Ignacio Valdu\u00e9rteles, Dr. en Administraci\u00f3n y Direcci\u00f3n de Empresas y miembro destacado en la hermandad la Soledad de San Lorenzo, en Sevilla\" \/>\n<meta name=\"robots\" content=\"index, follow, max-snippet:-1, max-image-preview:large, max-video-preview:-1\" \/>\n<link rel=\"canonical\" href=\"https:\/\/www.ignaciovalduerteles.es\/blog\/articulos\/expansion\/antimarketing\/\" \/>\n<meta property=\"og:locale\" content=\"es_ES\" \/>\n<meta property=\"og:type\" content=\"article\" \/>\n<meta property=\"og:title\" content=\"ANTIMARKETING - Ignacio Valduerteles Bartos\" \/>\n<meta property=\"og:description\" content=\"Blog personal de Ignacio Valdu\u00e9rteles, Dr. en Administraci\u00f3n y Direcci\u00f3n de Empresas y miembro destacado en la hermandad la Soledad de San Lorenzo, en Sevilla\" \/>\n<meta property=\"og:url\" content=\"https:\/\/www.ignaciovalduerteles.es\/blog\/articulos\/expansion\/antimarketing\/\" \/>\n<meta property=\"og:site_name\" content=\"Ignacio Valduerteles Bartos\" \/>\n<meta property=\"og:image\" content=\"https:\/\/www.ignaciovalduerteles.es\/blog\/wp-content\/uploads\/2022\/02\/banner1-1024x292.png\" \/>\n\t<meta property=\"og:image:width\" content=\"1024\" \/>\n\t<meta property=\"og:image:height\" content=\"292\" \/>\n\t<meta property=\"og:image:type\" content=\"image\/png\" \/>\n<meta name=\"twitter:card\" content=\"summary_large_image\" \/>\n<meta name=\"twitter:label1\" content=\"Tiempo de lectura\" \/>\n\t<meta name=\"twitter:data1\" content=\"4 minutos\" \/>\n<script type=\"application\/ld+json\" class=\"yoast-schema-graph\">{\"@context\":\"https:\/\/schema.org\",\"@graph\":[{\"@type\":[\"Person\",\"Organization\"],\"@id\":\"https:\/\/www.ignaciovalduerteles.es\/blog\/#\/schema\/person\/c4ab4ed77f14e0141ba3dcd9c6f501d5\",\"name\":\"Ignacio Valduerteles Bartos\",\"image\":{\"@type\":\"ImageObject\",\"inLanguage\":\"es\",\"@id\":\"https:\/\/www.ignaciovalduerteles.es\/blog\/#\/schema\/person\/image\/\",\"url\":\"https:\/\/www.ignaciovalduerteles.es\/blog\/wp-content\/uploads\/2022\/02\/cabecera-1024x390.png\",\"contentUrl\":\"https:\/\/www.ignaciovalduerteles.es\/blog\/wp-content\/uploads\/2022\/02\/cabecera-1024x390.png\",\"width\":1024,\"height\":390,\"caption\":\"Ignacio Valduerteles Bartos\"},\"logo\":{\"@id\":\"https:\/\/www.ignaciovalduerteles.es\/blog\/#\/schema\/person\/image\/\"},\"sameAs\":[\"http:\/\/www.ivb.es\"]},{\"@type\":\"WebSite\",\"@id\":\"https:\/\/www.ignaciovalduerteles.es\/blog\/#website\",\"url\":\"https:\/\/www.ignaciovalduerteles.es\/blog\/\",\"name\":\"Ignacio Valduerteles Bartos\",\"description\":\"Reflexiones y art\u00edculos del Ignacio Valdu\u00e9rteles\",\"publisher\":{\"@id\":\"https:\/\/www.ignaciovalduerteles.es\/blog\/#\/schema\/person\/c4ab4ed77f14e0141ba3dcd9c6f501d5\"},\"potentialAction\":[{\"@type\":\"SearchAction\",\"target\":{\"@type\":\"EntryPoint\",\"urlTemplate\":\"https:\/\/www.ignaciovalduerteles.es\/blog\/?s={search_term_string}\"},\"query-input\":\"required name=search_term_string\"}],\"inLanguage\":\"es\"},{\"@type\":\"WebPage\",\"@id\":\"https:\/\/www.ignaciovalduerteles.es\/blog\/articulos\/expansion\/antimarketing\/#webpage\",\"url\":\"https:\/\/www.ignaciovalduerteles.es\/blog\/articulos\/expansion\/antimarketing\/\",\"name\":\"ANTIMARKETING - Ignacio Valduerteles Bartos\",\"isPartOf\":{\"@id\":\"https:\/\/www.ignaciovalduerteles.es\/blog\/#website\"},\"datePublished\":\"2013-10-11T10:43:09+00:00\",\"dateModified\":\"2013-10-11T10:43:09+00:00\",\"description\":\"Blog personal de Ignacio Valdu\u00e9rteles, Dr. en Administraci\u00f3n y Direcci\u00f3n de Empresas y miembro destacado en la hermandad la Soledad de San Lorenzo, en Sevilla\",\"breadcrumb\":{\"@id\":\"https:\/\/www.ignaciovalduerteles.es\/blog\/articulos\/expansion\/antimarketing\/#breadcrumb\"},\"inLanguage\":\"es\",\"potentialAction\":[{\"@type\":\"ReadAction\",\"target\":[\"https:\/\/www.ignaciovalduerteles.es\/blog\/articulos\/expansion\/antimarketing\/\"]}]},{\"@type\":\"BreadcrumbList\",\"@id\":\"https:\/\/www.ignaciovalduerteles.es\/blog\/articulos\/expansion\/antimarketing\/#breadcrumb\",\"itemListElement\":[{\"@type\":\"ListItem\",\"position\":1,\"name\":\"Portada\",\"item\":\"https:\/\/www.ignaciovalduerteles.es\/blog\/\"},{\"@type\":\"ListItem\",\"position\":2,\"name\":\"Art\u00edculos\",\"item\":\"https:\/\/www.ignaciovalduerteles.es\/blog\/articulos\/\"},{\"@type\":\"ListItem\",\"position\":3,\"name\":\"Expansi\u00f3n\",\"item\":\"https:\/\/www.ignaciovalduerteles.es\/blog\/articulos\/expansion\/\"},{\"@type\":\"ListItem\",\"position\":4,\"name\":\"ANTIMARKETING\"}]}]}<\/script>\n<!-- \/ Yoast SEO plugin. -->","yoast_head_json":{"title":"ANTIMARKETING - Ignacio Valduerteles Bartos","description":"Blog personal de Ignacio Valdu\u00e9rteles, Dr. en Administraci\u00f3n y Direcci\u00f3n de Empresas y miembro destacado en la hermandad la Soledad de San Lorenzo, en Sevilla","robots":{"index":"index","follow":"follow","max-snippet":"max-snippet:-1","max-image-preview":"max-image-preview:large","max-video-preview":"max-video-preview:-1"},"canonical":"https:\/\/www.ignaciovalduerteles.es\/blog\/articulos\/expansion\/antimarketing\/","og_locale":"es_ES","og_type":"article","og_title":"ANTIMARKETING - Ignacio Valduerteles Bartos","og_description":"Blog personal de Ignacio Valdu\u00e9rteles, Dr. en Administraci\u00f3n y Direcci\u00f3n de Empresas y miembro destacado en la hermandad la Soledad de San Lorenzo, en Sevilla","og_url":"https:\/\/www.ignaciovalduerteles.es\/blog\/articulos\/expansion\/antimarketing\/","og_site_name":"Ignacio Valduerteles Bartos","og_image":[{"width":1024,"height":292,"url":"https:\/\/www.ignaciovalduerteles.es\/blog\/wp-content\/uploads\/2022\/02\/banner1-1024x292.png","type":"image\/png"}],"twitter_card":"summary_large_image","twitter_misc":{"Tiempo de lectura":"4 minutos"},"schema":{"@context":"https:\/\/schema.org","@graph":[{"@type":["Person","Organization"],"@id":"https:\/\/www.ignaciovalduerteles.es\/blog\/#\/schema\/person\/c4ab4ed77f14e0141ba3dcd9c6f501d5","name":"Ignacio Valduerteles Bartos","image":{"@type":"ImageObject","inLanguage":"es","@id":"https:\/\/www.ignaciovalduerteles.es\/blog\/#\/schema\/person\/image\/","url":"https:\/\/www.ignaciovalduerteles.es\/blog\/wp-content\/uploads\/2022\/02\/cabecera-1024x390.png","contentUrl":"https:\/\/www.ignaciovalduerteles.es\/blog\/wp-content\/uploads\/2022\/02\/cabecera-1024x390.png","width":1024,"height":390,"caption":"Ignacio Valduerteles Bartos"},"logo":{"@id":"https:\/\/www.ignaciovalduerteles.es\/blog\/#\/schema\/person\/image\/"},"sameAs":["http:\/\/www.ivb.es"]},{"@type":"WebSite","@id":"https:\/\/www.ignaciovalduerteles.es\/blog\/#website","url":"https:\/\/www.ignaciovalduerteles.es\/blog\/","name":"Ignacio Valduerteles Bartos","description":"Reflexiones y art\u00edculos del Ignacio Valdu\u00e9rteles","publisher":{"@id":"https:\/\/www.ignaciovalduerteles.es\/blog\/#\/schema\/person\/c4ab4ed77f14e0141ba3dcd9c6f501d5"},"potentialAction":[{"@type":"SearchAction","target":{"@type":"EntryPoint","urlTemplate":"https:\/\/www.ignaciovalduerteles.es\/blog\/?s={search_term_string}"},"query-input":"required name=search_term_string"}],"inLanguage":"es"},{"@type":"WebPage","@id":"https:\/\/www.ignaciovalduerteles.es\/blog\/articulos\/expansion\/antimarketing\/#webpage","url":"https:\/\/www.ignaciovalduerteles.es\/blog\/articulos\/expansion\/antimarketing\/","name":"ANTIMARKETING - Ignacio Valduerteles Bartos","isPartOf":{"@id":"https:\/\/www.ignaciovalduerteles.es\/blog\/#website"},"datePublished":"2013-10-11T10:43:09+00:00","dateModified":"2013-10-11T10:43:09+00:00","description":"Blog personal de Ignacio Valdu\u00e9rteles, Dr. en Administraci\u00f3n y Direcci\u00f3n de Empresas y miembro destacado en la hermandad la Soledad de San Lorenzo, en Sevilla","breadcrumb":{"@id":"https:\/\/www.ignaciovalduerteles.es\/blog\/articulos\/expansion\/antimarketing\/#breadcrumb"},"inLanguage":"es","potentialAction":[{"@type":"ReadAction","target":["https:\/\/www.ignaciovalduerteles.es\/blog\/articulos\/expansion\/antimarketing\/"]}]},{"@type":"BreadcrumbList","@id":"https:\/\/www.ignaciovalduerteles.es\/blog\/articulos\/expansion\/antimarketing\/#breadcrumb","itemListElement":[{"@type":"ListItem","position":1,"name":"Portada","item":"https:\/\/www.ignaciovalduerteles.es\/blog\/"},{"@type":"ListItem","position":2,"name":"Art\u00edculos","item":"https:\/\/www.ignaciovalduerteles.es\/blog\/articulos\/"},{"@type":"ListItem","position":3,"name":"Expansi\u00f3n","item":"https:\/\/www.ignaciovalduerteles.es\/blog\/articulos\/expansion\/"},{"@type":"ListItem","position":4,"name":"ANTIMARKETING"}]}]}},"_links":{"self":[{"href":"https:\/\/www.ignaciovalduerteles.es\/blog\/wp-json\/wp\/v2\/pages\/1843"}],"collection":[{"href":"https:\/\/www.ignaciovalduerteles.es\/blog\/wp-json\/wp\/v2\/pages"}],"about":[{"href":"https:\/\/www.ignaciovalduerteles.es\/blog\/wp-json\/wp\/v2\/types\/page"}],"author":[{"embeddable":true,"href":"https:\/\/www.ignaciovalduerteles.es\/blog\/wp-json\/wp\/v2\/users\/1"}],"replies":[{"embeddable":true,"href":"https:\/\/www.ignaciovalduerteles.es\/blog\/wp-json\/wp\/v2\/comments?post=1843"}],"version-history":[{"count":1,"href":"https:\/\/www.ignaciovalduerteles.es\/blog\/wp-json\/wp\/v2\/pages\/1843\/revisions"}],"predecessor-version":[{"id":1844,"href":"https:\/\/www.ignaciovalduerteles.es\/blog\/wp-json\/wp\/v2\/pages\/1843\/revisions\/1844"}],"up":[{"embeddable":true,"href":"https:\/\/www.ignaciovalduerteles.es\/blog\/wp-json\/wp\/v2\/pages\/21"}],"wp:attachment":[{"href":"https:\/\/www.ignaciovalduerteles.es\/blog\/wp-json\/wp\/v2\/media?parent=1843"}],"curies":[{"name":"wp","href":"https:\/\/api.w.org\/{rel}","templated":true}]}}