{"id":1892,"date":"2013-12-10T09:56:31","date_gmt":"2013-12-10T08:56:31","guid":{"rendered":"https:\/\/www.ignaciovalduerteles.es\/blog\/?page_id=1892"},"modified":"2013-12-10T09:57:32","modified_gmt":"2013-12-10T08:57:32","slug":"empresas-submarino","status":"publish","type":"page","link":"https:\/\/www.ignaciovalduerteles.es\/blog\/articulos\/expansion\/empresas-submarino\/","title":{"rendered":"EMPRESAS SUBMARINO"},"content":{"rendered":"<p>&nbsp;<\/p>\n<p class=\"MsoNormal\" style=\"text-align: justify; text-justify: inter-ideograph; text-indent: 35.4pt;\">Al hablar de empresas submarino no me estoy refiriendo a las que est\u00e1n instaladas en la econom\u00eda sumergida. Esas que se mueven habitualmente por zonas profundas,<span style=\"mso-spacerun: yes;\">\u00a0 <\/span>a las que no llegan los radares de la Administraci\u00f3n. Es otra la idea que me ronda: la similitud entre los conceptos de estructura y gesti\u00f3n de las nuevas empresas y los de los submarinos.<\/p>\n<p class=\"MsoNormal\" style=\"text-align: justify; text-justify: inter-ideograph; text-indent: 35.4pt;\">Los submarinos tienen una estructura externa y un modelo organizativo en el que todo est\u00e1 orientado a la consecuci\u00f3n de sus objetivos. No hay nada superfluo: zonas de descanso, salas de reuniones. Los espacios, aprovechados hasta el extremo, adem\u00e1s se comparten o se utilizan alternativamente. Cada instrumento de a bordo tiene m\u00e1s de una misi\u00f3n. Un mismo instrumento, o sus componentes, tiene varias aplicaciones. As\u00ed la pantalla de un televisor puede utilizarse en un ordenador, en caso de aver\u00eda de \u00e9ste.<\/p>\n<p class=\"MsoNormal\" style=\"text-align: justify; text-justify: inter-ideograph; text-indent: 35.4pt;\">Su funcionamiento se puede explicar de forma sencilla; pero no le aconsejo que haga uno y se lance al mar con \u00e9l. Hay mucha tecnolog\u00eda y muchas horas de trabajo tras esa aparente simplicidad.<\/p>\n<p class=\"MsoNormal\" style=\"text-align: justify; text-justify: inter-ideograph; text-indent: 35.4pt;\">Aquello lo mueven un grupo reducido de personas, bastantes menos de las que cabr\u00eda esperar. Todas est\u00e1n en la cadena de valor, no hay indirectos, ni <em style=\"mso-bidi-font-style: normal;\">staff. <\/em>El trabajo en equipo no es una opci\u00f3n, es una necesidad. Cada uno depende del resto. En caso necesario cualquiera ejerce cualquier funci\u00f3n. Saben que no pueden contar con ayuda externa, han de ser autosuficientes.<\/p>\n<p class=\"MsoNormal\" style=\"text-align: justify; text-justify: inter-ideograph; text-indent: 35.4pt;\"><span style=\"mso-spacerun: yes;\">\u00a0<\/span>En la econom\u00eda real est\u00e1n apareciendo submarinos en las pantallas. Desde el radar del Instituto de Investigaci\u00f3n Aplicada a la Pyme se observan nuevas tendencias muy interesantes, enmarcadas en un dato emp\u00edrico muy significativo, y es que la tendencia de los \u00faltimos a\u00f1os se ha invertido: crece el porcentaje de estudiantes universitarios que quieren ser empresarios y disminuye, de forma significativa,<span style=\"mso-spacerun: yes;\">\u00a0\u00a0 <\/span>el de los que aspiran a ser funcionarios.<\/p>\n<p class=\"MsoNormal\" style=\"text-align: justify; text-justify: inter-ideograph; text-indent: 35.4pt;\">Algunas de estas empresas est\u00e1n dando ya sus primeros pasos. No en el garaje de su casa \u2013como en las leyendas estadounidenses- sino en el comedor del piso en el que viven o en el trastero, que es tambi\u00e9n oficina, sala de reuniones y zona de trabajo y almac\u00e9n. La tecnolog\u00eda la integran su tel\u00e9fono m\u00f3vil y su ordenador o <em style=\"mso-bidi-font-style: normal;\">tablet<\/em>, los mismos que ven\u00eda usando antes. Para las tareas de apoyo se recurre a familiares y amigos. Se utiliza la econom\u00eda de trueque (\u201ct\u00fa me dise\u00f1as la web y yo, a cambio, te llevo los temas fiscales\u201d). Cada vez m\u00e1s se recurre a <span style=\"mso-spacerun: yes;\">\u00a0<\/span>amigos, o al <em style=\"mso-bidi-font-style: normal;\">crowfunding<\/em>, para conseguir financiaci\u00f3n, que suele ser muy ajustada.<\/p>\n<p class=\"MsoNormal\" style=\"text-align: justify; text-justify: inter-ideograph; text-indent: 35.4pt;\">Conozco de cerca una de estas empresas: sirve desayunos a domicilio. Si alguien quiere hacer un regalo distinto, en lugar de un ramo de flores env\u00eda un desayuno. \u00bfC\u00f3mo?, usted entra en la <em style=\"mso-bidi-font-style: normal;\">web<\/em> de la empresa, selecciona un<span style=\"mso-spacerun: yes;\">\u00a0 <\/span>tipo de desayuno, indica una direcci\u00f3n de env\u00edo y hora, paga, y a la hora solicitada la persona recibir\u00e1 en su casa una agradable sorpresa.<\/p>\n<p class=\"MsoNormal\" style=\"text-align: justify; text-justify: inter-ideograph; text-indent: 35.4pt;\">Sencillo, en apariencia; pero detr\u00e1s hay muchas horas de an\u00e1lisis de costes, planteamiento<span style=\"mso-spacerun: yes;\">\u00a0 <\/span>de operaciones, selecci\u00f3n de proveedores, aprovisionamiento, dise\u00f1o de cajas, plan de<span style=\"mso-spacerun: yes;\">\u00a0 <\/span>comunicaci\u00f3n, previsiones de tesorer\u00eda, log\u00edstica, creaci\u00f3n de imagen de marca y muchas cosas m\u00e1s. Y en permanente proceso de innovaci\u00f3n. La inversi\u00f3n ha sido corta; la infraestructura se sit\u00faa en su casa; como en los submarinos,<span style=\"mso-spacerun: yes;\">\u00a0 <\/span>los elementos t\u00e9cnicos y las funciones son polivalentes. La sala de reuniones es la mesa del comedor y, si hay cuellos de botella en el reparto, son ellos mismos los que reparten.<\/p>\n<p class=\"MsoNormal\" style=\"text-align: justify; text-justify: inter-ideograph; text-indent: 35.4pt;\">Aunque las perspectivas son buenas y el arranque prometedor no me atrever\u00eda a garantizar ya <span style=\"mso-spacerun: yes;\">\u00a0<\/span>el \u00e9xito a medio o largo plazo de este proyecto. El tiempo dir\u00e1. Pero si el proyecto no cuajara, la inversi\u00f3n ha sido corta y la estructura de costes fijos pr\u00e1cticamente inexistente, de forma que, para liquidar la empresa, s\u00f3lo necesitar\u00edan invitar<span style=\"mso-spacerun: yes;\">\u00a0 <\/span>a los amigos a una merienda, para acabar existencias y, con la experiencia acumulada, intentar otro proyecto.<\/p>\n<p class=\"MsoNormal\" style=\"text-align: justify; text-justify: inter-ideograph; text-indent: 35.4pt;\">La combinaci\u00f3n de elementos siempre es la misma: unos conocimientos b\u00e1sicos de gesti\u00f3n de empresas; una idea inicial; mucho trabajo (meses) hasta desarrollar la idea por completo; nada de inversiones innecesarias; trabajo en equipo y<span style=\"mso-spacerun: yes;\">\u00a0 <\/span>no tener miedo al fracaso.<\/p>\n<p class=\"MsoNormal\" style=\"text-align: justify; text-justify: inter-ideograph; text-indent: 35.4pt;\">Son las empresas que vienen; pero no se enga\u00f1en,<span style=\"mso-spacerun: yes;\">\u00a0 <\/span>hay que trabajar<span style=\"mso-spacerun: yes;\">\u00a0 <\/span>muy duro para conseguir esa aparente simplicidad, como en los submarinos.<\/p>\n<p class=\"MsoNormal\" style=\"text-indent: 35.4pt; text-align: right;\">ivb@ivb.es<\/p>\n","protected":false},"excerpt":{"rendered":"<p>&nbsp; Al hablar de empresas submarino no me estoy refiriendo a las que est\u00e1n instaladas en la econom\u00eda sumergida. Esas que se mueven habitualmente por zonas profundas,\u00a0 a las que no llegan los radares de la Administraci\u00f3n. Es otra la &hellip; <a href=\"https:\/\/www.ignaciovalduerteles.es\/blog\/articulos\/expansion\/empresas-submarino\/\">Continuar<\/a><\/p>\n","protected":false},"author":1,"featured_media":0,"parent":21,"menu_order":0,"comment_status":"open","ping_status":"closed","template":"","meta":{"kt_blocks_editor_width":""},"yoast_head":"<!-- This site is optimized with the Yoast SEO plugin v19.0 - https:\/\/yoast.com\/wordpress\/plugins\/seo\/ -->\n<title>EMPRESAS SUBMARINO - Ignacio Valduerteles Bartos<\/title>\n<meta name=\"description\" content=\"Blog personal de Ignacio Valdu\u00e9rteles, Dr. en Administraci\u00f3n y Direcci\u00f3n de Empresas y miembro destacado en la hermandad la Soledad de San Lorenzo, en Sevilla\" \/>\n<meta name=\"robots\" content=\"index, follow, max-snippet:-1, max-image-preview:large, max-video-preview:-1\" \/>\n<link rel=\"canonical\" href=\"https:\/\/www.ignaciovalduerteles.es\/blog\/articulos\/expansion\/empresas-submarino\/\" \/>\n<meta property=\"og:locale\" content=\"es_ES\" \/>\n<meta property=\"og:type\" content=\"article\" \/>\n<meta property=\"og:title\" content=\"EMPRESAS SUBMARINO - Ignacio Valduerteles Bartos\" \/>\n<meta property=\"og:description\" content=\"Blog personal de Ignacio Valdu\u00e9rteles, Dr. en Administraci\u00f3n y Direcci\u00f3n de Empresas y miembro destacado en la hermandad la Soledad de San Lorenzo, en Sevilla\" \/>\n<meta property=\"og:url\" content=\"https:\/\/www.ignaciovalduerteles.es\/blog\/articulos\/expansion\/empresas-submarino\/\" \/>\n<meta property=\"og:site_name\" content=\"Ignacio Valduerteles Bartos\" \/>\n<meta property=\"article:modified_time\" content=\"2013-12-10T08:57:32+00:00\" \/>\n<meta property=\"og:image\" content=\"https:\/\/www.ignaciovalduerteles.es\/blog\/wp-content\/uploads\/2022\/02\/banner1-1024x292.png\" \/>\n\t<meta property=\"og:image:width\" content=\"1024\" \/>\n\t<meta property=\"og:image:height\" content=\"292\" \/>\n\t<meta property=\"og:image:type\" content=\"image\/png\" \/>\n<meta name=\"twitter:card\" content=\"summary_large_image\" \/>\n<meta name=\"twitter:label1\" content=\"Tiempo de lectura\" \/>\n\t<meta name=\"twitter:data1\" content=\"4 minutos\" \/>\n<script type=\"application\/ld+json\" class=\"yoast-schema-graph\">{\"@context\":\"https:\/\/schema.org\",\"@graph\":[{\"@type\":[\"Person\",\"Organization\"],\"@id\":\"https:\/\/www.ignaciovalduerteles.es\/blog\/#\/schema\/person\/c4ab4ed77f14e0141ba3dcd9c6f501d5\",\"name\":\"Ignacio Valduerteles Bartos\",\"image\":{\"@type\":\"ImageObject\",\"inLanguage\":\"es\",\"@id\":\"https:\/\/www.ignaciovalduerteles.es\/blog\/#\/schema\/person\/image\/\",\"url\":\"https:\/\/www.ignaciovalduerteles.es\/blog\/wp-content\/uploads\/2022\/02\/cabecera-1024x390.png\",\"contentUrl\":\"https:\/\/www.ignaciovalduerteles.es\/blog\/wp-content\/uploads\/2022\/02\/cabecera-1024x390.png\",\"width\":1024,\"height\":390,\"caption\":\"Ignacio Valduerteles Bartos\"},\"logo\":{\"@id\":\"https:\/\/www.ignaciovalduerteles.es\/blog\/#\/schema\/person\/image\/\"},\"sameAs\":[\"http:\/\/www.ivb.es\"]},{\"@type\":\"WebSite\",\"@id\":\"https:\/\/www.ignaciovalduerteles.es\/blog\/#website\",\"url\":\"https:\/\/www.ignaciovalduerteles.es\/blog\/\",\"name\":\"Ignacio Valduerteles Bartos\",\"description\":\"Reflexiones y art\u00edculos del Ignacio Valdu\u00e9rteles\",\"publisher\":{\"@id\":\"https:\/\/www.ignaciovalduerteles.es\/blog\/#\/schema\/person\/c4ab4ed77f14e0141ba3dcd9c6f501d5\"},\"potentialAction\":[{\"@type\":\"SearchAction\",\"target\":{\"@type\":\"EntryPoint\",\"urlTemplate\":\"https:\/\/www.ignaciovalduerteles.es\/blog\/?s={search_term_string}\"},\"query-input\":\"required name=search_term_string\"}],\"inLanguage\":\"es\"},{\"@type\":\"WebPage\",\"@id\":\"https:\/\/www.ignaciovalduerteles.es\/blog\/articulos\/expansion\/empresas-submarino\/#webpage\",\"url\":\"https:\/\/www.ignaciovalduerteles.es\/blog\/articulos\/expansion\/empresas-submarino\/\",\"name\":\"EMPRESAS SUBMARINO - Ignacio Valduerteles Bartos\",\"isPartOf\":{\"@id\":\"https:\/\/www.ignaciovalduerteles.es\/blog\/#website\"},\"datePublished\":\"2013-12-10T08:56:31+00:00\",\"dateModified\":\"2013-12-10T08:57:32+00:00\",\"description\":\"Blog personal de Ignacio Valdu\u00e9rteles, Dr. en Administraci\u00f3n y Direcci\u00f3n de Empresas y miembro destacado en la hermandad la Soledad de San Lorenzo, en Sevilla\",\"breadcrumb\":{\"@id\":\"https:\/\/www.ignaciovalduerteles.es\/blog\/articulos\/expansion\/empresas-submarino\/#breadcrumb\"},\"inLanguage\":\"es\",\"potentialAction\":[{\"@type\":\"ReadAction\",\"target\":[\"https:\/\/www.ignaciovalduerteles.es\/blog\/articulos\/expansion\/empresas-submarino\/\"]}]},{\"@type\":\"BreadcrumbList\",\"@id\":\"https:\/\/www.ignaciovalduerteles.es\/blog\/articulos\/expansion\/empresas-submarino\/#breadcrumb\",\"itemListElement\":[{\"@type\":\"ListItem\",\"position\":1,\"name\":\"Portada\",\"item\":\"https:\/\/www.ignaciovalduerteles.es\/blog\/\"},{\"@type\":\"ListItem\",\"position\":2,\"name\":\"Art\u00edculos\",\"item\":\"https:\/\/www.ignaciovalduerteles.es\/blog\/articulos\/\"},{\"@type\":\"ListItem\",\"position\":3,\"name\":\"Expansi\u00f3n\",\"item\":\"https:\/\/www.ignaciovalduerteles.es\/blog\/articulos\/expansion\/\"},{\"@type\":\"ListItem\",\"position\":4,\"name\":\"EMPRESAS SUBMARINO\"}]}]}<\/script>\n<!-- \/ Yoast SEO plugin. -->","yoast_head_json":{"title":"EMPRESAS SUBMARINO - Ignacio Valduerteles Bartos","description":"Blog personal de Ignacio Valdu\u00e9rteles, Dr. en Administraci\u00f3n y Direcci\u00f3n de Empresas y miembro destacado en la hermandad la Soledad de San Lorenzo, en Sevilla","robots":{"index":"index","follow":"follow","max-snippet":"max-snippet:-1","max-image-preview":"max-image-preview:large","max-video-preview":"max-video-preview:-1"},"canonical":"https:\/\/www.ignaciovalduerteles.es\/blog\/articulos\/expansion\/empresas-submarino\/","og_locale":"es_ES","og_type":"article","og_title":"EMPRESAS SUBMARINO - Ignacio Valduerteles Bartos","og_description":"Blog personal de Ignacio Valdu\u00e9rteles, Dr. en Administraci\u00f3n y Direcci\u00f3n de Empresas y miembro destacado en la hermandad la Soledad de San Lorenzo, en Sevilla","og_url":"https:\/\/www.ignaciovalduerteles.es\/blog\/articulos\/expansion\/empresas-submarino\/","og_site_name":"Ignacio Valduerteles Bartos","article_modified_time":"2013-12-10T08:57:32+00:00","og_image":[{"width":1024,"height":292,"url":"https:\/\/www.ignaciovalduerteles.es\/blog\/wp-content\/uploads\/2022\/02\/banner1-1024x292.png","type":"image\/png"}],"twitter_card":"summary_large_image","twitter_misc":{"Tiempo de lectura":"4 minutos"},"schema":{"@context":"https:\/\/schema.org","@graph":[{"@type":["Person","Organization"],"@id":"https:\/\/www.ignaciovalduerteles.es\/blog\/#\/schema\/person\/c4ab4ed77f14e0141ba3dcd9c6f501d5","name":"Ignacio Valduerteles Bartos","image":{"@type":"ImageObject","inLanguage":"es","@id":"https:\/\/www.ignaciovalduerteles.es\/blog\/#\/schema\/person\/image\/","url":"https:\/\/www.ignaciovalduerteles.es\/blog\/wp-content\/uploads\/2022\/02\/cabecera-1024x390.png","contentUrl":"https:\/\/www.ignaciovalduerteles.es\/blog\/wp-content\/uploads\/2022\/02\/cabecera-1024x390.png","width":1024,"height":390,"caption":"Ignacio Valduerteles Bartos"},"logo":{"@id":"https:\/\/www.ignaciovalduerteles.es\/blog\/#\/schema\/person\/image\/"},"sameAs":["http:\/\/www.ivb.es"]},{"@type":"WebSite","@id":"https:\/\/www.ignaciovalduerteles.es\/blog\/#website","url":"https:\/\/www.ignaciovalduerteles.es\/blog\/","name":"Ignacio Valduerteles Bartos","description":"Reflexiones y art\u00edculos del Ignacio Valdu\u00e9rteles","publisher":{"@id":"https:\/\/www.ignaciovalduerteles.es\/blog\/#\/schema\/person\/c4ab4ed77f14e0141ba3dcd9c6f501d5"},"potentialAction":[{"@type":"SearchAction","target":{"@type":"EntryPoint","urlTemplate":"https:\/\/www.ignaciovalduerteles.es\/blog\/?s={search_term_string}"},"query-input":"required name=search_term_string"}],"inLanguage":"es"},{"@type":"WebPage","@id":"https:\/\/www.ignaciovalduerteles.es\/blog\/articulos\/expansion\/empresas-submarino\/#webpage","url":"https:\/\/www.ignaciovalduerteles.es\/blog\/articulos\/expansion\/empresas-submarino\/","name":"EMPRESAS SUBMARINO - Ignacio Valduerteles Bartos","isPartOf":{"@id":"https:\/\/www.ignaciovalduerteles.es\/blog\/#website"},"datePublished":"2013-12-10T08:56:31+00:00","dateModified":"2013-12-10T08:57:32+00:00","description":"Blog personal de Ignacio Valdu\u00e9rteles, Dr. en Administraci\u00f3n y Direcci\u00f3n de Empresas y miembro destacado en la hermandad la Soledad de San Lorenzo, en Sevilla","breadcrumb":{"@id":"https:\/\/www.ignaciovalduerteles.es\/blog\/articulos\/expansion\/empresas-submarino\/#breadcrumb"},"inLanguage":"es","potentialAction":[{"@type":"ReadAction","target":["https:\/\/www.ignaciovalduerteles.es\/blog\/articulos\/expansion\/empresas-submarino\/"]}]},{"@type":"BreadcrumbList","@id":"https:\/\/www.ignaciovalduerteles.es\/blog\/articulos\/expansion\/empresas-submarino\/#breadcrumb","itemListElement":[{"@type":"ListItem","position":1,"name":"Portada","item":"https:\/\/www.ignaciovalduerteles.es\/blog\/"},{"@type":"ListItem","position":2,"name":"Art\u00edculos","item":"https:\/\/www.ignaciovalduerteles.es\/blog\/articulos\/"},{"@type":"ListItem","position":3,"name":"Expansi\u00f3n","item":"https:\/\/www.ignaciovalduerteles.es\/blog\/articulos\/expansion\/"},{"@type":"ListItem","position":4,"name":"EMPRESAS SUBMARINO"}]}]}},"_links":{"self":[{"href":"https:\/\/www.ignaciovalduerteles.es\/blog\/wp-json\/wp\/v2\/pages\/1892"}],"collection":[{"href":"https:\/\/www.ignaciovalduerteles.es\/blog\/wp-json\/wp\/v2\/pages"}],"about":[{"href":"https:\/\/www.ignaciovalduerteles.es\/blog\/wp-json\/wp\/v2\/types\/page"}],"author":[{"embeddable":true,"href":"https:\/\/www.ignaciovalduerteles.es\/blog\/wp-json\/wp\/v2\/users\/1"}],"replies":[{"embeddable":true,"href":"https:\/\/www.ignaciovalduerteles.es\/blog\/wp-json\/wp\/v2\/comments?post=1892"}],"version-history":[{"count":2,"href":"https:\/\/www.ignaciovalduerteles.es\/blog\/wp-json\/wp\/v2\/pages\/1892\/revisions"}],"predecessor-version":[{"id":1894,"href":"https:\/\/www.ignaciovalduerteles.es\/blog\/wp-json\/wp\/v2\/pages\/1892\/revisions\/1894"}],"up":[{"embeddable":true,"href":"https:\/\/www.ignaciovalduerteles.es\/blog\/wp-json\/wp\/v2\/pages\/21"}],"wp:attachment":[{"href":"https:\/\/www.ignaciovalduerteles.es\/blog\/wp-json\/wp\/v2\/media?parent=1892"}],"curies":[{"name":"wp","href":"https:\/\/api.w.org\/{rel}","templated":true}]}}