{"id":1907,"date":"2014-01-17T09:54:26","date_gmt":"2014-01-17T08:54:26","guid":{"rendered":"https:\/\/www.ignaciovalduerteles.es\/blog\/?page_id=1907"},"modified":"2014-01-17T09:54:49","modified_gmt":"2014-01-17T08:54:49","slug":"feliz-ano-nuevo","status":"publish","type":"page","link":"https:\/\/www.ignaciovalduerteles.es\/blog\/articulos\/expansion\/feliz-ano-nuevo\/","title":{"rendered":"\u00bfFeliz A\u00f1o Nuevo?"},"content":{"rendered":"<p style=\"text-align: justify;\"><span style=\"color: #003366;\">El comienzo de a\u00f1o no pasa de ser un convencionalismo del calendario. Termina un mes, el de diciembre, y se da paso a otro en el que, adem\u00e1s, se comienza la contabilizaci\u00f3n de un nuevo ciclo de doce meses. No hay nada que distinga la medianoche del 31 de diciembre de la de otro d\u00eda cualquiera. Sin embargo necesitamos marcarnos periodos, darnos ocasi\u00f3n de recomenzar, asumir la ilusi\u00f3n de concedernos una oportunidad para tratar de enmendar aquello que, entendemos, debe ser cambiado. El nuevo a\u00f1o viene siempre cargado de buenos prop\u00f3sitos, desde los m\u00e1s convencionales: dejar de fumar, hacer ejercicio, aprender ingl\u00e9s,\u2026; hasta los m\u00e1s personales: mejorar mis relaciones familiares, ser m\u00e1s ordenado, nuevas metas profesionales y otros objetivos por el estilo. Luego comprobamos que el cambio de a\u00f1o, por s\u00ed mismo, no soluciona nada, que lo que de verdad importa es el esfuerzo personal, la lucha diaria por mejorar.<\/span><\/p>\n<p style=\"text-align: justify;\"><span style=\"color: #003366;\"> No s\u00e9 si nuestra flamante Presidente de la Junta de Andaluc\u00eda, la se\u00f1ora Susana D\u00edaz, se incluye en el grupo de los que creen que los cambios personales se producen, sin esfuerzo, con el cambio de a\u00f1o, o en el de quienes basan su mejora en el trabajo diario. Hasta ahora se le ha concedido \u2013le hemos concedido- un periodo de gracia que ha aprovechado bastante bien, pero con el nuevo a\u00f1o ha llegado la hora de pasar a la acci\u00f3n.<\/span><\/p>\n<p style=\"text-align: justify;\"><span style=\"color: #003366;\"> Durante estos meses ha aprovechado el tiempo y se ha creado una buena imagen. Hay que felicitar a sus asesores por el trabajo y a ella misma por su aplicaci\u00f3n. Su aspecto externo ha mejorado, vistiendo con una elegancia un tanto sobria e impersonal; sus declaraciones han sido muy medidas, siempre referidas a temas institucionales en los que existe un acuerdo general: la unidad de Espa\u00f1a, lucha contra la corrupci\u00f3n, trabajar por la creaci\u00f3n de empleo y riqueza y otros similares. Discursos bien elaborados y pronunciados en los foros y medios adecuados.<\/span><\/p>\n<p style=\"text-align: justify;\"><span style=\"color: #003366;\"> \u00bfY ahora qu\u00e9? La educaci\u00f3n espera. Ya hay que explicar que modelo educativo propone, si pretende continuar la estatalizaci\u00f3n progresiva de la educaci\u00f3n y el hostigamiento a la promovida por la sociedad, bajo el sofisma de que lo p\u00fablico es bueno y lo privado es malo, que ha situado a Andaluc\u00eda en los \u00faltimos puestos de la educaci\u00f3n, o piensa establecer un modelo de libertad.<\/span><\/p>\n<p style=\"text-align: justify;\"><span style=\"color: #003366;\"> Tambi\u00e9n espera la econom\u00eda. Ya no valen las declaraciones generalistas, del tipo de \u201cvamos a trabajar para aumentar la creaci\u00f3n de riqueza\u201d. Hay que desmontar un modelo econ\u00f3mico sutilmente intervencionista, con su red de empresas p\u00fablicas o subvencionadas. Urge una bajada de impuestos, en los tramos y figuras impositivas que corresponden a la Junta, que libere recursos, para que el empresario, que es quien realmente crea riqueza, no la Administraci\u00f3n, pueda aplicarlos a este fin. Tambi\u00e9n la simplificaci\u00f3n de la mara\u00f1a normativa que dificulta la actividad empresarial in\u00fatilmente.<\/span><\/p>\n<p style=\"text-align: justify;\"><span style=\"color: #003366;\"> Urge definir un modelo sanitario en el que la sanidad privada (\u00a1otra vez el tab\u00fa de lo p\u00fablico, bueno y justo por naturaleza, frente a lo privado, perverso y ego\u00edsta por definici\u00f3n!) colabore con la p\u00fablica en la prestaci\u00f3n de servicios y en la gesti\u00f3n de la misma, en busca de la excelencia en la atenci\u00f3n a los ciudadanos, m\u00e1s all\u00e1 de los estereotipos partidistas.<\/span><\/p>\n<p style=\"text-align: justify;\"><span style=\"color: #003366;\"> Por el aborto no le pregunto porque ya se ha manifestado: entiende la reciente reforma, que protege al no nacido, como \u201ccruel e insensible\u201d, manteniendo el viejo estribillo de que defender el derecho a la vida es reaccionario, y la muerte del nasciturus es progresismo. Aqu\u00ed le han fallado los asesores de imagen o algo peor: ya va dando pistas de su modelo social.<\/span><\/p>\n<p style=\"text-align: justify;\"><span style=\"color: #003366;\"> Podr\u00edamos seguir sugiri\u00e9ndole temas sobre los que urge tomar decisiones concretas; pero hay algo anterior: gobernar no es ir reaccionando ante los problemas que se van presentando, sino tomar decisiones en base a un modelo de pensamiento, que se traduce en un modelo de sociedad, que es, precisamente, su propuesta a los ciudadanos. Quiz\u00e1 si nos explicara cu\u00e1l es el modelo de persona y de sociedad que anima sus decisiones sabr\u00edamos a qu\u00e9 atenernos. Mientras no saldremos de las campa\u00f1as de imagen y gestos efectistas; pero el manejo de la cosa p\u00fablica, es algo m\u00e1s que el control del aparato de gobierno.<\/span><\/p>\n<p style=\"text-align: justify;\"><span style=\"color: #003366;\"> \u00bfEstamos ante una oportunidad de cambio o todo es como un regalo de Navidad en el que lo cuidado del envoltorio disimula la vulgaridad del regalo? De plazo el mes de enero.<\/span><\/p>\n","protected":false},"excerpt":{"rendered":"<p>El comienzo de a\u00f1o no pasa de ser un convencionalismo del calendario. Termina un mes, el de diciembre, y se da paso a otro en el que, adem\u00e1s, se comienza la contabilizaci\u00f3n de un nuevo ciclo de doce meses. No &hellip; <a href=\"https:\/\/www.ignaciovalduerteles.es\/blog\/articulos\/expansion\/feliz-ano-nuevo\/\">Continuar<\/a><\/p>\n","protected":false},"author":1,"featured_media":0,"parent":21,"menu_order":1,"comment_status":"open","ping_status":"closed","template":"","meta":{"kt_blocks_editor_width":""},"yoast_head":"<!-- This site is optimized with the Yoast SEO plugin v19.0 - https:\/\/yoast.com\/wordpress\/plugins\/seo\/ -->\n<title>\u00bfFeliz A\u00f1o Nuevo? - Ignacio Valduerteles Bartos<\/title>\n<meta name=\"description\" content=\"Blog personal de Ignacio Valdu\u00e9rteles, Dr. en Administraci\u00f3n y Direcci\u00f3n de Empresas y miembro destacado en la hermandad la Soledad de San Lorenzo, en Sevilla\" \/>\n<meta name=\"robots\" content=\"index, follow, max-snippet:-1, max-image-preview:large, max-video-preview:-1\" \/>\n<link rel=\"canonical\" href=\"https:\/\/www.ignaciovalduerteles.es\/blog\/articulos\/expansion\/feliz-ano-nuevo\/\" \/>\n<meta property=\"og:locale\" content=\"es_ES\" \/>\n<meta property=\"og:type\" content=\"article\" \/>\n<meta property=\"og:title\" content=\"\u00bfFeliz A\u00f1o Nuevo? - Ignacio Valduerteles Bartos\" \/>\n<meta property=\"og:description\" content=\"Blog personal de Ignacio Valdu\u00e9rteles, Dr. en Administraci\u00f3n y Direcci\u00f3n de Empresas y miembro destacado en la hermandad la Soledad de San Lorenzo, en Sevilla\" \/>\n<meta property=\"og:url\" content=\"https:\/\/www.ignaciovalduerteles.es\/blog\/articulos\/expansion\/feliz-ano-nuevo\/\" \/>\n<meta property=\"og:site_name\" content=\"Ignacio Valduerteles Bartos\" \/>\n<meta property=\"article:modified_time\" content=\"2014-01-17T08:54:49+00:00\" \/>\n<meta property=\"og:image\" content=\"https:\/\/www.ignaciovalduerteles.es\/blog\/wp-content\/uploads\/2022\/02\/banner1-1024x292.png\" \/>\n\t<meta property=\"og:image:width\" content=\"1024\" \/>\n\t<meta property=\"og:image:height\" content=\"292\" \/>\n\t<meta property=\"og:image:type\" content=\"image\/png\" \/>\n<meta name=\"twitter:card\" content=\"summary_large_image\" \/>\n<meta name=\"twitter:label1\" content=\"Tiempo de lectura\" \/>\n\t<meta name=\"twitter:data1\" content=\"4 minutos\" \/>\n<script type=\"application\/ld+json\" class=\"yoast-schema-graph\">{\"@context\":\"https:\/\/schema.org\",\"@graph\":[{\"@type\":[\"Person\",\"Organization\"],\"@id\":\"https:\/\/www.ignaciovalduerteles.es\/blog\/#\/schema\/person\/c4ab4ed77f14e0141ba3dcd9c6f501d5\",\"name\":\"Ignacio Valduerteles Bartos\",\"image\":{\"@type\":\"ImageObject\",\"inLanguage\":\"es\",\"@id\":\"https:\/\/www.ignaciovalduerteles.es\/blog\/#\/schema\/person\/image\/\",\"url\":\"https:\/\/www.ignaciovalduerteles.es\/blog\/wp-content\/uploads\/2022\/02\/cabecera-1024x390.png\",\"contentUrl\":\"https:\/\/www.ignaciovalduerteles.es\/blog\/wp-content\/uploads\/2022\/02\/cabecera-1024x390.png\",\"width\":1024,\"height\":390,\"caption\":\"Ignacio Valduerteles Bartos\"},\"logo\":{\"@id\":\"https:\/\/www.ignaciovalduerteles.es\/blog\/#\/schema\/person\/image\/\"},\"sameAs\":[\"http:\/\/www.ivb.es\"]},{\"@type\":\"WebSite\",\"@id\":\"https:\/\/www.ignaciovalduerteles.es\/blog\/#website\",\"url\":\"https:\/\/www.ignaciovalduerteles.es\/blog\/\",\"name\":\"Ignacio Valduerteles Bartos\",\"description\":\"Reflexiones y art\u00edculos del Ignacio Valdu\u00e9rteles\",\"publisher\":{\"@id\":\"https:\/\/www.ignaciovalduerteles.es\/blog\/#\/schema\/person\/c4ab4ed77f14e0141ba3dcd9c6f501d5\"},\"potentialAction\":[{\"@type\":\"SearchAction\",\"target\":{\"@type\":\"EntryPoint\",\"urlTemplate\":\"https:\/\/www.ignaciovalduerteles.es\/blog\/?s={search_term_string}\"},\"query-input\":\"required name=search_term_string\"}],\"inLanguage\":\"es\"},{\"@type\":\"WebPage\",\"@id\":\"https:\/\/www.ignaciovalduerteles.es\/blog\/articulos\/expansion\/feliz-ano-nuevo\/#webpage\",\"url\":\"https:\/\/www.ignaciovalduerteles.es\/blog\/articulos\/expansion\/feliz-ano-nuevo\/\",\"name\":\"\u00bfFeliz A\u00f1o Nuevo? - Ignacio Valduerteles Bartos\",\"isPartOf\":{\"@id\":\"https:\/\/www.ignaciovalduerteles.es\/blog\/#website\"},\"datePublished\":\"2014-01-17T08:54:26+00:00\",\"dateModified\":\"2014-01-17T08:54:49+00:00\",\"description\":\"Blog personal de Ignacio Valdu\u00e9rteles, Dr. en Administraci\u00f3n y Direcci\u00f3n de Empresas y miembro destacado en la hermandad la Soledad de San Lorenzo, en Sevilla\",\"breadcrumb\":{\"@id\":\"https:\/\/www.ignaciovalduerteles.es\/blog\/articulos\/expansion\/feliz-ano-nuevo\/#breadcrumb\"},\"inLanguage\":\"es\",\"potentialAction\":[{\"@type\":\"ReadAction\",\"target\":[\"https:\/\/www.ignaciovalduerteles.es\/blog\/articulos\/expansion\/feliz-ano-nuevo\/\"]}]},{\"@type\":\"BreadcrumbList\",\"@id\":\"https:\/\/www.ignaciovalduerteles.es\/blog\/articulos\/expansion\/feliz-ano-nuevo\/#breadcrumb\",\"itemListElement\":[{\"@type\":\"ListItem\",\"position\":1,\"name\":\"Portada\",\"item\":\"https:\/\/www.ignaciovalduerteles.es\/blog\/\"},{\"@type\":\"ListItem\",\"position\":2,\"name\":\"Art\u00edculos\",\"item\":\"https:\/\/www.ignaciovalduerteles.es\/blog\/articulos\/\"},{\"@type\":\"ListItem\",\"position\":3,\"name\":\"Expansi\u00f3n\",\"item\":\"https:\/\/www.ignaciovalduerteles.es\/blog\/articulos\/expansion\/\"},{\"@type\":\"ListItem\",\"position\":4,\"name\":\"\u00bfFeliz A\u00f1o Nuevo?\"}]}]}<\/script>\n<!-- \/ Yoast SEO plugin. -->","yoast_head_json":{"title":"\u00bfFeliz A\u00f1o Nuevo? - Ignacio Valduerteles Bartos","description":"Blog personal de Ignacio Valdu\u00e9rteles, Dr. en Administraci\u00f3n y Direcci\u00f3n de Empresas y miembro destacado en la hermandad la Soledad de San Lorenzo, en Sevilla","robots":{"index":"index","follow":"follow","max-snippet":"max-snippet:-1","max-image-preview":"max-image-preview:large","max-video-preview":"max-video-preview:-1"},"canonical":"https:\/\/www.ignaciovalduerteles.es\/blog\/articulos\/expansion\/feliz-ano-nuevo\/","og_locale":"es_ES","og_type":"article","og_title":"\u00bfFeliz A\u00f1o Nuevo? - Ignacio Valduerteles Bartos","og_description":"Blog personal de Ignacio Valdu\u00e9rteles, Dr. en Administraci\u00f3n y Direcci\u00f3n de Empresas y miembro destacado en la hermandad la Soledad de San Lorenzo, en Sevilla","og_url":"https:\/\/www.ignaciovalduerteles.es\/blog\/articulos\/expansion\/feliz-ano-nuevo\/","og_site_name":"Ignacio Valduerteles Bartos","article_modified_time":"2014-01-17T08:54:49+00:00","og_image":[{"width":1024,"height":292,"url":"https:\/\/www.ignaciovalduerteles.es\/blog\/wp-content\/uploads\/2022\/02\/banner1-1024x292.png","type":"image\/png"}],"twitter_card":"summary_large_image","twitter_misc":{"Tiempo de lectura":"4 minutos"},"schema":{"@context":"https:\/\/schema.org","@graph":[{"@type":["Person","Organization"],"@id":"https:\/\/www.ignaciovalduerteles.es\/blog\/#\/schema\/person\/c4ab4ed77f14e0141ba3dcd9c6f501d5","name":"Ignacio Valduerteles Bartos","image":{"@type":"ImageObject","inLanguage":"es","@id":"https:\/\/www.ignaciovalduerteles.es\/blog\/#\/schema\/person\/image\/","url":"https:\/\/www.ignaciovalduerteles.es\/blog\/wp-content\/uploads\/2022\/02\/cabecera-1024x390.png","contentUrl":"https:\/\/www.ignaciovalduerteles.es\/blog\/wp-content\/uploads\/2022\/02\/cabecera-1024x390.png","width":1024,"height":390,"caption":"Ignacio Valduerteles Bartos"},"logo":{"@id":"https:\/\/www.ignaciovalduerteles.es\/blog\/#\/schema\/person\/image\/"},"sameAs":["http:\/\/www.ivb.es"]},{"@type":"WebSite","@id":"https:\/\/www.ignaciovalduerteles.es\/blog\/#website","url":"https:\/\/www.ignaciovalduerteles.es\/blog\/","name":"Ignacio Valduerteles Bartos","description":"Reflexiones y art\u00edculos del Ignacio Valdu\u00e9rteles","publisher":{"@id":"https:\/\/www.ignaciovalduerteles.es\/blog\/#\/schema\/person\/c4ab4ed77f14e0141ba3dcd9c6f501d5"},"potentialAction":[{"@type":"SearchAction","target":{"@type":"EntryPoint","urlTemplate":"https:\/\/www.ignaciovalduerteles.es\/blog\/?s={search_term_string}"},"query-input":"required name=search_term_string"}],"inLanguage":"es"},{"@type":"WebPage","@id":"https:\/\/www.ignaciovalduerteles.es\/blog\/articulos\/expansion\/feliz-ano-nuevo\/#webpage","url":"https:\/\/www.ignaciovalduerteles.es\/blog\/articulos\/expansion\/feliz-ano-nuevo\/","name":"\u00bfFeliz A\u00f1o Nuevo? - Ignacio Valduerteles Bartos","isPartOf":{"@id":"https:\/\/www.ignaciovalduerteles.es\/blog\/#website"},"datePublished":"2014-01-17T08:54:26+00:00","dateModified":"2014-01-17T08:54:49+00:00","description":"Blog personal de Ignacio Valdu\u00e9rteles, Dr. en Administraci\u00f3n y Direcci\u00f3n de Empresas y miembro destacado en la hermandad la Soledad de San Lorenzo, en Sevilla","breadcrumb":{"@id":"https:\/\/www.ignaciovalduerteles.es\/blog\/articulos\/expansion\/feliz-ano-nuevo\/#breadcrumb"},"inLanguage":"es","potentialAction":[{"@type":"ReadAction","target":["https:\/\/www.ignaciovalduerteles.es\/blog\/articulos\/expansion\/feliz-ano-nuevo\/"]}]},{"@type":"BreadcrumbList","@id":"https:\/\/www.ignaciovalduerteles.es\/blog\/articulos\/expansion\/feliz-ano-nuevo\/#breadcrumb","itemListElement":[{"@type":"ListItem","position":1,"name":"Portada","item":"https:\/\/www.ignaciovalduerteles.es\/blog\/"},{"@type":"ListItem","position":2,"name":"Art\u00edculos","item":"https:\/\/www.ignaciovalduerteles.es\/blog\/articulos\/"},{"@type":"ListItem","position":3,"name":"Expansi\u00f3n","item":"https:\/\/www.ignaciovalduerteles.es\/blog\/articulos\/expansion\/"},{"@type":"ListItem","position":4,"name":"\u00bfFeliz A\u00f1o Nuevo?"}]}]}},"_links":{"self":[{"href":"https:\/\/www.ignaciovalduerteles.es\/blog\/wp-json\/wp\/v2\/pages\/1907"}],"collection":[{"href":"https:\/\/www.ignaciovalduerteles.es\/blog\/wp-json\/wp\/v2\/pages"}],"about":[{"href":"https:\/\/www.ignaciovalduerteles.es\/blog\/wp-json\/wp\/v2\/types\/page"}],"author":[{"embeddable":true,"href":"https:\/\/www.ignaciovalduerteles.es\/blog\/wp-json\/wp\/v2\/users\/1"}],"replies":[{"embeddable":true,"href":"https:\/\/www.ignaciovalduerteles.es\/blog\/wp-json\/wp\/v2\/comments?post=1907"}],"version-history":[{"count":3,"href":"https:\/\/www.ignaciovalduerteles.es\/blog\/wp-json\/wp\/v2\/pages\/1907\/revisions"}],"predecessor-version":[{"id":1910,"href":"https:\/\/www.ignaciovalduerteles.es\/blog\/wp-json\/wp\/v2\/pages\/1907\/revisions\/1910"}],"up":[{"embeddable":true,"href":"https:\/\/www.ignaciovalduerteles.es\/blog\/wp-json\/wp\/v2\/pages\/21"}],"wp:attachment":[{"href":"https:\/\/www.ignaciovalduerteles.es\/blog\/wp-json\/wp\/v2\/media?parent=1907"}],"curies":[{"name":"wp","href":"https:\/\/api.w.org\/{rel}","templated":true}]}}