{"id":206,"date":"2011-05-17T16:32:24","date_gmt":"2011-05-17T16:32:24","guid":{"rendered":"http:\/\/www.guadaoliva.comlu.com\/blog\/?page_id=206"},"modified":"2011-07-31T22:23:47","modified_gmt":"2011-07-31T20:23:47","slug":"manca-finezza","status":"publish","type":"page","link":"https:\/\/www.ignaciovalduerteles.es\/blog\/articulos\/expansion\/manca-finezza\/","title":{"rendered":"Manca Finezza"},"content":{"rendered":"<div style=\"text-align: justify;\"><span style=\"color: #000080;\">\u00bfSon exigibles\u00a0\u00a0esas cualidades a la Administraci\u00f3n, ese aparato burocr\u00e1tico en el que se materializa, en parte, el Estado? En buena l\u00f3gica la Administraci\u00f3n est\u00e1 al servicio de los ciudadanos, luego esa \u00abfinezza\u00bb deb\u00eda ser norma habitual. Otra cosa es lo que ocurre cuando se hipertrofia y pierde de vista su funci\u00f3n instrumental, convirti\u00e9ndose en un ente endog\u00e1mico que tiene como \u00fanica finalidad autoperpetuarse, al margen de los administrados.<\/span><\/div>\n<div style=\"text-align: justify;\"><span style=\"color: #000080;\">Es ley de vida: mientras las cosas van razonablemente bien,\u00a0\u00a0todo marcha sobre ruedas; pero cuando surgen problemas se pone de manifiesto lo mejor y lo peor de las personas y las instituciones. En cualquier cat\u00e1strofe\u00a0se conocen actos de hero\u00edsmo absolutamente ejemplares y, junto con ellos, aparecen saqueos,\u00a0\u00a0pillaje y todo lo peor de la naturaleza humana.<\/span><\/div>\n<div style=\"text-align: justify;\"><span style=\"color: #000080;\">En la situaci\u00f3n actual \u2013que se acerca a la categor\u00eda de cat\u00e1strofe- parece que, en algunos ambientes,\u00a0\u00a0ha sonado la voz de \u00a1s\u00e1lvese quien pueda! y\u00a0\u00a0el tradicional \u201clas mujeres y los ni\u00f1os primero\u201d ha sido sustituido por \u201cla Administraci\u00f3n lo primero\u201d.<\/span><\/div>\n<div style=\"text-align: justify;\"><span style=\"color: #000080;\">Una parte de la Administraci\u00f3n, la Tesorer\u00eda General de la Seguridad Social, viene aplicando este principio con excesivo entusiasmo. Est\u00e1\u00a0\u00a0siendo frecuente que, en empresas que no han depositado en plazo las Cuentas Anuales en el Registro Mercantil y tienen deudas con la Seguridad Social, \u00e9sta derive directamente la responsabilidad solidaria de la deuda a los administradores. El razonamiento que plantea es sencillo: si hay deudas y no se conocen las cuentas anuales, se presume (?) que la empresa est\u00e1 en causa de disoluci\u00f3n al tener, supuestamente, un Patrimonio Neto inferior al cincuenta por ciento del capital social. En consecuencia se deriva la responsabilidad solidaria hacia los administradores que, siempre supuestamente, debieron restablecer el equilibrio patrimonial, el concurso de acreedores o\u00a0\u00a0instar la disoluci\u00f3n.<\/span><\/div>\n<div style=\"text-align: justify;\"><span style=\"color: #000080;\">Resulta muy discutible este razonamiento tan aventurado (\u201csi no tengo datos, es que la empresa est\u00e1 en causa de disoluci\u00f3n\u201d); pero, una vez puesto en marcha el proceso, el perplejo administrador s\u00f3lo puede iniciar el correspondiente procedimiento administrativo. Antes deber\u00e1 avalar o pagar las cantidades reclamadas. En\u00a0\u00a0ocasiones se\u00a0\u00a0incluyen tambi\u00e9n deudas anteriores a la fecha de la supuesta causa de disoluci\u00f3n, algo totalmente improcedente; pero que para recurrir tambi\u00e9n hay que pagar o avalar,\u00a0\u00a0a la espera de que los tribunales resuelvan en un par de a\u00f1os. A\u00fan en el supuesto de que la resoluci\u00f3n de los tribunales fuera favorable a la empresa, \u00e9sta habr\u00e1 visto drenada su liquidez durante ese periodo de forma importante, con las consecuencias que esa situaci\u00f3n conlleva.<\/span><\/div>\n<div style=\"text-align: justify;\"><span style=\"color: #000080;\">Por supuesto que la obligaci\u00f3n de pagar las cuotas de las\u00a0Seguridad Social es absolutamente\u00a0\u00a0exigible y que su impago, sin causa justificada, adem\u00e1s de una infracci\u00f3n,\u00a0\u00a0es fuente de problemas para todos y motivo de sanci\u00f3n; pero el forzar la interpretaci\u00f3n de la ley\u00a0\u00a0m\u00e1s all\u00e1 de lo razonable, ampar\u00e1ndose en\u00a0\u00a0el viejo aforismo \u201cpaga y reclama\u201d, coloca a los empresarios en una situaci\u00f3n de indefensi\u00f3n, adem\u00e1s de agotar sus recursos y su capacidad de endeudamiento. Dicho en otras palabras: agota su capacidad productiva.<\/span><\/div>\n<div style=\"text-align: justify;\"><span style=\"color: #000080;\">Aqu\u00ed es donde entra en juego la \u00abfinezza\u00bb. Cualquier empresario sabe que debe estar orientado al cliente y que cuando \u00e9ste tiene dificultades y retrasos en el pago, lo normal es conocer cu\u00e1l es su situaci\u00f3n y tratar de llegar a un acuerdo que permita su continuidad como cliente con el m\u00ednimo coste para ambos. S\u00f3lo como \u00faltimo recurso\u00a0\u00a0opta por la v\u00eda ejecutiva. No est\u00e1n los tiempos para planteamientos maximalistas. O tendemos la mano o nos hundimos todos. \u00bfEs mucho pedir a la Administraci\u00f3n esa misma actitud constructiva?<\/span><\/div>\n<div style=\"text-align: justify;\"><span style=\"color: #000080;\">Hay que cambiar la perspectiva. Mientras la Administraci\u00f3n, en general, no reconsidere su funci\u00f3n de atender a sus clientes, los ciudadanos que \u2013v\u00eda impuestos- pagan por la prestaci\u00f3n de unos servicios, y los considere como administrados cautivos, el sistema tiende al envilecimiento de los servicios que se han de prestar.\u00a0\u00a0\u00bfImaginan lo que supondr\u00eda la introducci\u00f3n de competencia en la prestaci\u00f3n de servicios administrativos? Ya s\u00e9, habr\u00e1 quien piense que eso algo as\u00ed como el fin de la civilizaci\u00f3n actual; pero tambi\u00e9n hay quienes piensan \u2013cada vez m\u00e1s- que se ir\u00edan introduciendo en la sociedad niveles apreciables de eficacia y libertad.<\/span><\/div>\n<div style=\"text-align: right;\"><span style=\"color: #000080;\">17.08.11<\/span><\/div>\n","protected":false},"excerpt":{"rendered":"<p>\u00bfSon exigibles\u00a0\u00a0esas cualidades a la Administraci\u00f3n, ese aparato burocr\u00e1tico en el que se materializa, en parte, el Estado? En buena l\u00f3gica la Administraci\u00f3n est\u00e1 al servicio de los ciudadanos, luego esa \u00abfinezza\u00bb deb\u00eda ser norma habitual. Otra cosa es lo &hellip; <a href=\"https:\/\/www.ignaciovalduerteles.es\/blog\/articulos\/expansion\/manca-finezza\/\">Continuar<\/a><\/p>\n","protected":false},"author":1,"featured_media":0,"parent":21,"menu_order":2,"comment_status":"open","ping_status":"open","template":"sidebar-page.php","meta":{"kt_blocks_editor_width":""},"yoast_head":"<!-- This site is optimized with the Yoast SEO plugin v19.0 - https:\/\/yoast.com\/wordpress\/plugins\/seo\/ -->\n<title>Manca Finezza - Ignacio Valduerteles Bartos<\/title>\n<meta name=\"description\" content=\"Blog personal de Ignacio Valdu\u00e9rteles, Dr. en Administraci\u00f3n y Direcci\u00f3n de Empresas y miembro destacado en la hermandad la Soledad de San Lorenzo, en Sevilla\" \/>\n<meta name=\"robots\" content=\"index, follow, max-snippet:-1, max-image-preview:large, max-video-preview:-1\" \/>\n<link rel=\"canonical\" href=\"https:\/\/www.ignaciovalduerteles.es\/blog\/articulos\/expansion\/manca-finezza\/\" \/>\n<meta property=\"og:locale\" content=\"es_ES\" \/>\n<meta property=\"og:type\" content=\"article\" \/>\n<meta property=\"og:title\" content=\"Manca Finezza - Ignacio Valduerteles Bartos\" \/>\n<meta property=\"og:description\" content=\"Blog personal de Ignacio Valdu\u00e9rteles, Dr. en Administraci\u00f3n y Direcci\u00f3n de Empresas y miembro destacado en la hermandad la Soledad de San Lorenzo, en Sevilla\" \/>\n<meta property=\"og:url\" content=\"https:\/\/www.ignaciovalduerteles.es\/blog\/articulos\/expansion\/manca-finezza\/\" \/>\n<meta property=\"og:site_name\" content=\"Ignacio Valduerteles Bartos\" \/>\n<meta property=\"article:modified_time\" content=\"2011-07-31T20:23:47+00:00\" \/>\n<meta property=\"og:image\" content=\"https:\/\/www.ignaciovalduerteles.es\/blog\/wp-content\/uploads\/2022\/02\/banner1-1024x292.png\" \/>\n\t<meta property=\"og:image:width\" content=\"1024\" \/>\n\t<meta property=\"og:image:height\" content=\"292\" \/>\n\t<meta property=\"og:image:type\" content=\"image\/png\" \/>\n<meta name=\"twitter:card\" content=\"summary_large_image\" \/>\n<meta name=\"twitter:label1\" content=\"Tiempo de lectura\" \/>\n\t<meta name=\"twitter:data1\" content=\"4 minutos\" \/>\n<script type=\"application\/ld+json\" class=\"yoast-schema-graph\">{\"@context\":\"https:\/\/schema.org\",\"@graph\":[{\"@type\":[\"Person\",\"Organization\"],\"@id\":\"https:\/\/www.ignaciovalduerteles.es\/blog\/#\/schema\/person\/c4ab4ed77f14e0141ba3dcd9c6f501d5\",\"name\":\"Ignacio Valduerteles Bartos\",\"image\":{\"@type\":\"ImageObject\",\"inLanguage\":\"es\",\"@id\":\"https:\/\/www.ignaciovalduerteles.es\/blog\/#\/schema\/person\/image\/\",\"url\":\"https:\/\/www.ignaciovalduerteles.es\/blog\/wp-content\/uploads\/2022\/02\/cabecera-1024x390.png\",\"contentUrl\":\"https:\/\/www.ignaciovalduerteles.es\/blog\/wp-content\/uploads\/2022\/02\/cabecera-1024x390.png\",\"width\":1024,\"height\":390,\"caption\":\"Ignacio Valduerteles Bartos\"},\"logo\":{\"@id\":\"https:\/\/www.ignaciovalduerteles.es\/blog\/#\/schema\/person\/image\/\"},\"sameAs\":[\"http:\/\/www.ivb.es\"]},{\"@type\":\"WebSite\",\"@id\":\"https:\/\/www.ignaciovalduerteles.es\/blog\/#website\",\"url\":\"https:\/\/www.ignaciovalduerteles.es\/blog\/\",\"name\":\"Ignacio Valduerteles Bartos\",\"description\":\"Reflexiones y art\u00edculos del Ignacio Valdu\u00e9rteles\",\"publisher\":{\"@id\":\"https:\/\/www.ignaciovalduerteles.es\/blog\/#\/schema\/person\/c4ab4ed77f14e0141ba3dcd9c6f501d5\"},\"potentialAction\":[{\"@type\":\"SearchAction\",\"target\":{\"@type\":\"EntryPoint\",\"urlTemplate\":\"https:\/\/www.ignaciovalduerteles.es\/blog\/?s={search_term_string}\"},\"query-input\":\"required name=search_term_string\"}],\"inLanguage\":\"es\"},{\"@type\":\"WebPage\",\"@id\":\"https:\/\/www.ignaciovalduerteles.es\/blog\/articulos\/expansion\/manca-finezza\/#webpage\",\"url\":\"https:\/\/www.ignaciovalduerteles.es\/blog\/articulos\/expansion\/manca-finezza\/\",\"name\":\"Manca Finezza - Ignacio Valduerteles Bartos\",\"isPartOf\":{\"@id\":\"https:\/\/www.ignaciovalduerteles.es\/blog\/#website\"},\"datePublished\":\"2011-05-17T16:32:24+00:00\",\"dateModified\":\"2011-07-31T20:23:47+00:00\",\"description\":\"Blog personal de Ignacio Valdu\u00e9rteles, Dr. en Administraci\u00f3n y Direcci\u00f3n de Empresas y miembro destacado en la hermandad la Soledad de San Lorenzo, en Sevilla\",\"breadcrumb\":{\"@id\":\"https:\/\/www.ignaciovalduerteles.es\/blog\/articulos\/expansion\/manca-finezza\/#breadcrumb\"},\"inLanguage\":\"es\",\"potentialAction\":[{\"@type\":\"ReadAction\",\"target\":[\"https:\/\/www.ignaciovalduerteles.es\/blog\/articulos\/expansion\/manca-finezza\/\"]}]},{\"@type\":\"BreadcrumbList\",\"@id\":\"https:\/\/www.ignaciovalduerteles.es\/blog\/articulos\/expansion\/manca-finezza\/#breadcrumb\",\"itemListElement\":[{\"@type\":\"ListItem\",\"position\":1,\"name\":\"Portada\",\"item\":\"https:\/\/www.ignaciovalduerteles.es\/blog\/\"},{\"@type\":\"ListItem\",\"position\":2,\"name\":\"Art\u00edculos\",\"item\":\"https:\/\/www.ignaciovalduerteles.es\/blog\/articulos\/\"},{\"@type\":\"ListItem\",\"position\":3,\"name\":\"Expansi\u00f3n\",\"item\":\"https:\/\/www.ignaciovalduerteles.es\/blog\/articulos\/expansion\/\"},{\"@type\":\"ListItem\",\"position\":4,\"name\":\"Manca Finezza\"}]}]}<\/script>\n<!-- \/ Yoast SEO plugin. -->","yoast_head_json":{"title":"Manca Finezza - Ignacio Valduerteles Bartos","description":"Blog personal de Ignacio Valdu\u00e9rteles, Dr. en Administraci\u00f3n y Direcci\u00f3n de Empresas y miembro destacado en la hermandad la Soledad de San Lorenzo, en Sevilla","robots":{"index":"index","follow":"follow","max-snippet":"max-snippet:-1","max-image-preview":"max-image-preview:large","max-video-preview":"max-video-preview:-1"},"canonical":"https:\/\/www.ignaciovalduerteles.es\/blog\/articulos\/expansion\/manca-finezza\/","og_locale":"es_ES","og_type":"article","og_title":"Manca Finezza - Ignacio Valduerteles Bartos","og_description":"Blog personal de Ignacio Valdu\u00e9rteles, Dr. en Administraci\u00f3n y Direcci\u00f3n de Empresas y miembro destacado en la hermandad la Soledad de San Lorenzo, en Sevilla","og_url":"https:\/\/www.ignaciovalduerteles.es\/blog\/articulos\/expansion\/manca-finezza\/","og_site_name":"Ignacio Valduerteles Bartos","article_modified_time":"2011-07-31T20:23:47+00:00","og_image":[{"width":1024,"height":292,"url":"https:\/\/www.ignaciovalduerteles.es\/blog\/wp-content\/uploads\/2022\/02\/banner1-1024x292.png","type":"image\/png"}],"twitter_card":"summary_large_image","twitter_misc":{"Tiempo de lectura":"4 minutos"},"schema":{"@context":"https:\/\/schema.org","@graph":[{"@type":["Person","Organization"],"@id":"https:\/\/www.ignaciovalduerteles.es\/blog\/#\/schema\/person\/c4ab4ed77f14e0141ba3dcd9c6f501d5","name":"Ignacio Valduerteles Bartos","image":{"@type":"ImageObject","inLanguage":"es","@id":"https:\/\/www.ignaciovalduerteles.es\/blog\/#\/schema\/person\/image\/","url":"https:\/\/www.ignaciovalduerteles.es\/blog\/wp-content\/uploads\/2022\/02\/cabecera-1024x390.png","contentUrl":"https:\/\/www.ignaciovalduerteles.es\/blog\/wp-content\/uploads\/2022\/02\/cabecera-1024x390.png","width":1024,"height":390,"caption":"Ignacio Valduerteles Bartos"},"logo":{"@id":"https:\/\/www.ignaciovalduerteles.es\/blog\/#\/schema\/person\/image\/"},"sameAs":["http:\/\/www.ivb.es"]},{"@type":"WebSite","@id":"https:\/\/www.ignaciovalduerteles.es\/blog\/#website","url":"https:\/\/www.ignaciovalduerteles.es\/blog\/","name":"Ignacio Valduerteles Bartos","description":"Reflexiones y art\u00edculos del Ignacio Valdu\u00e9rteles","publisher":{"@id":"https:\/\/www.ignaciovalduerteles.es\/blog\/#\/schema\/person\/c4ab4ed77f14e0141ba3dcd9c6f501d5"},"potentialAction":[{"@type":"SearchAction","target":{"@type":"EntryPoint","urlTemplate":"https:\/\/www.ignaciovalduerteles.es\/blog\/?s={search_term_string}"},"query-input":"required name=search_term_string"}],"inLanguage":"es"},{"@type":"WebPage","@id":"https:\/\/www.ignaciovalduerteles.es\/blog\/articulos\/expansion\/manca-finezza\/#webpage","url":"https:\/\/www.ignaciovalduerteles.es\/blog\/articulos\/expansion\/manca-finezza\/","name":"Manca Finezza - Ignacio Valduerteles Bartos","isPartOf":{"@id":"https:\/\/www.ignaciovalduerteles.es\/blog\/#website"},"datePublished":"2011-05-17T16:32:24+00:00","dateModified":"2011-07-31T20:23:47+00:00","description":"Blog personal de Ignacio Valdu\u00e9rteles, Dr. en Administraci\u00f3n y Direcci\u00f3n de Empresas y miembro destacado en la hermandad la Soledad de San Lorenzo, en Sevilla","breadcrumb":{"@id":"https:\/\/www.ignaciovalduerteles.es\/blog\/articulos\/expansion\/manca-finezza\/#breadcrumb"},"inLanguage":"es","potentialAction":[{"@type":"ReadAction","target":["https:\/\/www.ignaciovalduerteles.es\/blog\/articulos\/expansion\/manca-finezza\/"]}]},{"@type":"BreadcrumbList","@id":"https:\/\/www.ignaciovalduerteles.es\/blog\/articulos\/expansion\/manca-finezza\/#breadcrumb","itemListElement":[{"@type":"ListItem","position":1,"name":"Portada","item":"https:\/\/www.ignaciovalduerteles.es\/blog\/"},{"@type":"ListItem","position":2,"name":"Art\u00edculos","item":"https:\/\/www.ignaciovalduerteles.es\/blog\/articulos\/"},{"@type":"ListItem","position":3,"name":"Expansi\u00f3n","item":"https:\/\/www.ignaciovalduerteles.es\/blog\/articulos\/expansion\/"},{"@type":"ListItem","position":4,"name":"Manca Finezza"}]}]}},"_links":{"self":[{"href":"https:\/\/www.ignaciovalduerteles.es\/blog\/wp-json\/wp\/v2\/pages\/206"}],"collection":[{"href":"https:\/\/www.ignaciovalduerteles.es\/blog\/wp-json\/wp\/v2\/pages"}],"about":[{"href":"https:\/\/www.ignaciovalduerteles.es\/blog\/wp-json\/wp\/v2\/types\/page"}],"author":[{"embeddable":true,"href":"https:\/\/www.ignaciovalduerteles.es\/blog\/wp-json\/wp\/v2\/users\/1"}],"replies":[{"embeddable":true,"href":"https:\/\/www.ignaciovalduerteles.es\/blog\/wp-json\/wp\/v2\/comments?post=206"}],"version-history":[{"count":5,"href":"https:\/\/www.ignaciovalduerteles.es\/blog\/wp-json\/wp\/v2\/pages\/206\/revisions"}],"predecessor-version":[{"id":366,"href":"https:\/\/www.ignaciovalduerteles.es\/blog\/wp-json\/wp\/v2\/pages\/206\/revisions\/366"}],"up":[{"embeddable":true,"href":"https:\/\/www.ignaciovalduerteles.es\/blog\/wp-json\/wp\/v2\/pages\/21"}],"wp:attachment":[{"href":"https:\/\/www.ignaciovalduerteles.es\/blog\/wp-json\/wp\/v2\/media?parent=206"}],"curies":[{"name":"wp","href":"https:\/\/api.w.org\/{rel}","templated":true}]}}