{"id":209,"date":"2011-04-13T16:34:29","date_gmt":"2011-04-13T16:34:29","guid":{"rendered":"http:\/\/www.guadaoliva.comlu.com\/blog\/?page_id=209"},"modified":"2011-07-31T22:24:48","modified_gmt":"2011-07-31T20:24:48","slug":"dragones-en-la-empresa","status":"publish","type":"page","link":"https:\/\/www.ignaciovalduerteles.es\/blog\/articulos\/expansion\/dragones-en-la-empresa\/","title":{"rendered":"Dragones en la Empresa"},"content":{"rendered":"<div style=\"text-align: justify;\"><span style=\"color: #000080;\">Hace ya a\u00f1os se puso de moda utilizar algunas pel\u00edculas como material did\u00e1ctico par la formaci\u00f3n de empresarios. La idea no es mala; pero el abuso que se viene haciendo de la misma empobrece los resultados. Hay varios libros \u2013de calidad muy desigual- en el que se recogen cientos de pel\u00edculas que se proponen para ilustrar determinadas \u00e1reas de la direcci\u00f3n empresarial.\u00a0\u00a0No me parece mal, insisto; pero creo que no son muchas las pel\u00edculas de las que se pueden extraer ense\u00f1anzas v\u00e1lidas para la direcci\u00f3n empresarial y \u00e9stas, adem\u00e1s, casi nunca hacen referencia a temas directamente relacionados con el mundo de la empresa, sino con los valores humanos.<\/span><\/div>\n<div style=\"text-align: justify;\"><span style=\"color: #000080;\">\u00a0\u00a0\u00a0\u00a0\u00a0\u00a0\u00a0\u00a0\u00a0\u00a0\u00a0\u00a0Por citar algunas: \u201cUn hombre para la eternidad\u201d, de Fred Zinnemann, en la que se pone de manifiesto el sereno liderazgo que surge del mantenimiento de unos principios definidos y firmes. \u201cCiudadano Kane\u201d, de Orson Welles, que expone la futilidad de la vida, el valor de la sencillez y la importancia de constituir un legado que transmitir a las\u00a0\u00a0generaciones siguientes. \u201cEl hombre tranquilo\u201d, John Ford, que contrapone dos modelos de liderazgo: agresivo,\u00a0\u00a0pendenciero y descontrolado uno; el otro de una enorme energ\u00eda contenida y encauzada, que s\u00f3lo se desborda en el momento necesario. Pel\u00edculas, en definitiva, que tienen poco que ver con la inmediatez de la gesti\u00f3n empresarial.<\/span><\/div>\n<div style=\"text-align: justify;\"><span style=\"color: #000080;\">A \u00e9stas acabo de a\u00f1adir una que va en la misma l\u00ednea: \u201cEncontrar\u00e1s Dragones\u201d, de Roland Joff\u00e9. Nada m\u00e1s alejado del mundo de la empresa, en principio, que el argumento de esta pel\u00edcula, con dos historias paralelas, dos formas de encarar la vida, la de los dos protagonistas, en los momentos dif\u00edciles de la Guerra Civil espa\u00f1ola. Uno, San Josemar\u00eda, los afronta desde el perd\u00f3n, el otro, Manolo Torres, desde el rencor.\u00a0\u00a0El primero es consciente de que el perd\u00f3n no arregla el pasado; pero prepara un futuro mejor. El segundo\u00a0\u00a0se encierra en sus rencores, que le van llevando a un callej\u00f3n sin salida.<\/span><\/div>\n<div style=\"text-align: justify;\"><span style=\"color: #000080;\">En la empresa, como en cualquier otra faceta de la vida, se encuentran dragones, en forma de fracasos, traiciones o reveses. Lo que distingue\u00a0\u00a0a unos empresarios de otros es la forma de abordarlos. Los hay que, ante un problema, antes que una soluci\u00f3n buscan un culpable \u2013real o ficticio- en el que descargar su frustraci\u00f3n-. Incapaces de reconocer sus limitaciones, o las que imponen las circunstancias, se rebelan contra todo y contra todos, hundi\u00e9ndose, cada vez m\u00e1s, en su fracaso. Nunca han sido capaces de enfrentarse a las dificultades \u2013grandes o peque\u00f1as-\u00a0\u00a0de la vida. No tienen recursos para enfrentarse al sufrimiento, a la adversidad.\u00a0\u00a0No entienden que lo importante no son los fracasos \u2013inevitables- sino la forma de enfrentarse a ellos y que \u00e9sto exige una considerable fortaleza interior que se adquiere con el ejercicio cotidiano de los valores personales, lo que Arist\u00f3teles llamaba virtudes humanas.<\/span><\/div>\n<div style=\"text-align: justify;\"><span style=\"color: #000080;\">Pero hay m\u00e1s. La pel\u00edcula habla de la libertad para elegir que caracteriza a las personas. El empresario es muy libre de tomar, en cada momento, las decisiones que entienda como mejores para su empresa; pero con cada decisi\u00f3n ha de ir asumiendo tambi\u00e9n la responsabilidad de las consecuencias que de esa decisi\u00f3n se deriven. Esa es la grandeza de la libertad.<\/span><\/div>\n<div style=\"text-align: justify;\"><span style=\"color: #000080;\">Y una \u00faltima lecci\u00f3n: estar permanentemente centrado en los dem\u00e1s, en los\u00a0<em>skateholders<\/em>, para utilizar la jerga empresarial. En palabras del director, Roland Joff\u00e9, \u00abel vac\u00edo que deja la ausencia de amor lo rellenan el miedo el odio y la desesperaci\u00f3n\u00bb. En t\u00e9rminos de empresa: o estoy centrado en clientes y proveedores,\u00a0\u00a0invirtiendo el organigrama y los procesos si es necesario, o esos clientes y proveedores\u00a0\u00a0se convertir\u00e1n en enemigos\u00a0\u00a0de los que defenderse.<\/span><\/div>\n<div style=\"text-align: justify;\"><span style=\"color: #000080;\">Hay m\u00e1s ideas aprovechables: la direcci\u00f3n como servicio frente a la direcci\u00f3n como simple detentaci\u00f3n del poder; el respeto a los dem\u00e1s, aunque sus opiniones discrepen de las m\u00edas; la capacidad de rectificar, que no humilla sino que engrandece a los directivos; la importancia de fijar los objetivos y trabajar por ellos, y algunas m\u00e1s.<\/span><\/div>\n<div style=\"text-align: justify;\"><span style=\"color: #000080;\">Un detalle curioso. He repasado bastantes cr\u00edticas sobre la pel\u00edcula, casi todas utilizan el sistema de estrellas para resumir su valoraci\u00f3n -ya saben, de una a cinco estrellas- y apenas hay valoraciones intermedias, la mayor\u00eda son cinco estrellas y las que no,\u00a0\u00a0s\u00f3lo la califican con una. Es decir: que no deja indiferente a nadie.<\/span><\/div>\n<div style=\"text-align: justify;\"><span style=\"color: #000080;\">Si es empresario vaya a verla. Es m\u00e1s barata que un MBA y le dar\u00e1 muchas claves para la direcci\u00f3n de su negocio.<\/span><\/div>\n<div style=\"text-align: right;\"><span style=\"color: #000080;\">13.04.11<\/span><\/div>\n","protected":false},"excerpt":{"rendered":"<p>Hace ya a\u00f1os se puso de moda utilizar algunas pel\u00edculas como material did\u00e1ctico par la formaci\u00f3n de empresarios. La idea no es mala; pero el abuso que se viene haciendo de la misma empobrece los resultados. Hay varios libros \u2013de &hellip; <a href=\"https:\/\/www.ignaciovalduerteles.es\/blog\/articulos\/expansion\/dragones-en-la-empresa\/\">Continuar<\/a><\/p>\n","protected":false},"author":1,"featured_media":0,"parent":21,"menu_order":2,"comment_status":"open","ping_status":"open","template":"sidebar-page.php","meta":{"kt_blocks_editor_width":""},"yoast_head":"<!-- This site is optimized with the Yoast SEO plugin v19.0 - https:\/\/yoast.com\/wordpress\/plugins\/seo\/ -->\n<title>Dragones en la Empresa - Ignacio Valduerteles Bartos<\/title>\n<meta name=\"description\" content=\"Blog personal de Ignacio Valdu\u00e9rteles, Dr. en Administraci\u00f3n y Direcci\u00f3n de Empresas y miembro destacado en la hermandad la Soledad de San Lorenzo, en Sevilla\" \/>\n<meta name=\"robots\" content=\"index, follow, max-snippet:-1, max-image-preview:large, max-video-preview:-1\" \/>\n<link rel=\"canonical\" href=\"https:\/\/www.ignaciovalduerteles.es\/blog\/articulos\/expansion\/dragones-en-la-empresa\/\" \/>\n<meta property=\"og:locale\" content=\"es_ES\" \/>\n<meta property=\"og:type\" content=\"article\" \/>\n<meta property=\"og:title\" content=\"Dragones en la Empresa - Ignacio Valduerteles Bartos\" \/>\n<meta property=\"og:description\" content=\"Blog personal de Ignacio Valdu\u00e9rteles, Dr. en Administraci\u00f3n y Direcci\u00f3n de Empresas y miembro destacado en la hermandad la Soledad de San Lorenzo, en Sevilla\" \/>\n<meta property=\"og:url\" content=\"https:\/\/www.ignaciovalduerteles.es\/blog\/articulos\/expansion\/dragones-en-la-empresa\/\" \/>\n<meta property=\"og:site_name\" content=\"Ignacio Valduerteles Bartos\" \/>\n<meta property=\"article:modified_time\" content=\"2011-07-31T20:24:48+00:00\" \/>\n<meta property=\"og:image\" content=\"https:\/\/www.ignaciovalduerteles.es\/blog\/wp-content\/uploads\/2022\/02\/banner1-1024x292.png\" \/>\n\t<meta property=\"og:image:width\" content=\"1024\" \/>\n\t<meta property=\"og:image:height\" content=\"292\" \/>\n\t<meta property=\"og:image:type\" content=\"image\/png\" \/>\n<meta name=\"twitter:card\" content=\"summary_large_image\" \/>\n<meta name=\"twitter:label1\" content=\"Tiempo de lectura\" \/>\n\t<meta name=\"twitter:data1\" content=\"4 minutos\" \/>\n<script type=\"application\/ld+json\" class=\"yoast-schema-graph\">{\"@context\":\"https:\/\/schema.org\",\"@graph\":[{\"@type\":[\"Person\",\"Organization\"],\"@id\":\"https:\/\/www.ignaciovalduerteles.es\/blog\/#\/schema\/person\/c4ab4ed77f14e0141ba3dcd9c6f501d5\",\"name\":\"Ignacio Valduerteles Bartos\",\"image\":{\"@type\":\"ImageObject\",\"inLanguage\":\"es\",\"@id\":\"https:\/\/www.ignaciovalduerteles.es\/blog\/#\/schema\/person\/image\/\",\"url\":\"https:\/\/www.ignaciovalduerteles.es\/blog\/wp-content\/uploads\/2022\/02\/cabecera-1024x390.png\",\"contentUrl\":\"https:\/\/www.ignaciovalduerteles.es\/blog\/wp-content\/uploads\/2022\/02\/cabecera-1024x390.png\",\"width\":1024,\"height\":390,\"caption\":\"Ignacio Valduerteles Bartos\"},\"logo\":{\"@id\":\"https:\/\/www.ignaciovalduerteles.es\/blog\/#\/schema\/person\/image\/\"},\"sameAs\":[\"http:\/\/www.ivb.es\"]},{\"@type\":\"WebSite\",\"@id\":\"https:\/\/www.ignaciovalduerteles.es\/blog\/#website\",\"url\":\"https:\/\/www.ignaciovalduerteles.es\/blog\/\",\"name\":\"Ignacio Valduerteles Bartos\",\"description\":\"Reflexiones y art\u00edculos del Ignacio Valdu\u00e9rteles\",\"publisher\":{\"@id\":\"https:\/\/www.ignaciovalduerteles.es\/blog\/#\/schema\/person\/c4ab4ed77f14e0141ba3dcd9c6f501d5\"},\"potentialAction\":[{\"@type\":\"SearchAction\",\"target\":{\"@type\":\"EntryPoint\",\"urlTemplate\":\"https:\/\/www.ignaciovalduerteles.es\/blog\/?s={search_term_string}\"},\"query-input\":\"required name=search_term_string\"}],\"inLanguage\":\"es\"},{\"@type\":\"WebPage\",\"@id\":\"https:\/\/www.ignaciovalduerteles.es\/blog\/articulos\/expansion\/dragones-en-la-empresa\/#webpage\",\"url\":\"https:\/\/www.ignaciovalduerteles.es\/blog\/articulos\/expansion\/dragones-en-la-empresa\/\",\"name\":\"Dragones en la Empresa - Ignacio Valduerteles Bartos\",\"isPartOf\":{\"@id\":\"https:\/\/www.ignaciovalduerteles.es\/blog\/#website\"},\"datePublished\":\"2011-04-13T16:34:29+00:00\",\"dateModified\":\"2011-07-31T20:24:48+00:00\",\"description\":\"Blog personal de Ignacio Valdu\u00e9rteles, Dr. en Administraci\u00f3n y Direcci\u00f3n de Empresas y miembro destacado en la hermandad la Soledad de San Lorenzo, en Sevilla\",\"breadcrumb\":{\"@id\":\"https:\/\/www.ignaciovalduerteles.es\/blog\/articulos\/expansion\/dragones-en-la-empresa\/#breadcrumb\"},\"inLanguage\":\"es\",\"potentialAction\":[{\"@type\":\"ReadAction\",\"target\":[\"https:\/\/www.ignaciovalduerteles.es\/blog\/articulos\/expansion\/dragones-en-la-empresa\/\"]}]},{\"@type\":\"BreadcrumbList\",\"@id\":\"https:\/\/www.ignaciovalduerteles.es\/blog\/articulos\/expansion\/dragones-en-la-empresa\/#breadcrumb\",\"itemListElement\":[{\"@type\":\"ListItem\",\"position\":1,\"name\":\"Portada\",\"item\":\"https:\/\/www.ignaciovalduerteles.es\/blog\/\"},{\"@type\":\"ListItem\",\"position\":2,\"name\":\"Art\u00edculos\",\"item\":\"https:\/\/www.ignaciovalduerteles.es\/blog\/articulos\/\"},{\"@type\":\"ListItem\",\"position\":3,\"name\":\"Expansi\u00f3n\",\"item\":\"https:\/\/www.ignaciovalduerteles.es\/blog\/articulos\/expansion\/\"},{\"@type\":\"ListItem\",\"position\":4,\"name\":\"Dragones en la Empresa\"}]}]}<\/script>\n<!-- \/ Yoast SEO plugin. -->","yoast_head_json":{"title":"Dragones en la Empresa - Ignacio Valduerteles Bartos","description":"Blog personal de Ignacio Valdu\u00e9rteles, Dr. en Administraci\u00f3n y Direcci\u00f3n de Empresas y miembro destacado en la hermandad la Soledad de San Lorenzo, en Sevilla","robots":{"index":"index","follow":"follow","max-snippet":"max-snippet:-1","max-image-preview":"max-image-preview:large","max-video-preview":"max-video-preview:-1"},"canonical":"https:\/\/www.ignaciovalduerteles.es\/blog\/articulos\/expansion\/dragones-en-la-empresa\/","og_locale":"es_ES","og_type":"article","og_title":"Dragones en la Empresa - Ignacio Valduerteles Bartos","og_description":"Blog personal de Ignacio Valdu\u00e9rteles, Dr. en Administraci\u00f3n y Direcci\u00f3n de Empresas y miembro destacado en la hermandad la Soledad de San Lorenzo, en Sevilla","og_url":"https:\/\/www.ignaciovalduerteles.es\/blog\/articulos\/expansion\/dragones-en-la-empresa\/","og_site_name":"Ignacio Valduerteles Bartos","article_modified_time":"2011-07-31T20:24:48+00:00","og_image":[{"width":1024,"height":292,"url":"https:\/\/www.ignaciovalduerteles.es\/blog\/wp-content\/uploads\/2022\/02\/banner1-1024x292.png","type":"image\/png"}],"twitter_card":"summary_large_image","twitter_misc":{"Tiempo de lectura":"4 minutos"},"schema":{"@context":"https:\/\/schema.org","@graph":[{"@type":["Person","Organization"],"@id":"https:\/\/www.ignaciovalduerteles.es\/blog\/#\/schema\/person\/c4ab4ed77f14e0141ba3dcd9c6f501d5","name":"Ignacio Valduerteles Bartos","image":{"@type":"ImageObject","inLanguage":"es","@id":"https:\/\/www.ignaciovalduerteles.es\/blog\/#\/schema\/person\/image\/","url":"https:\/\/www.ignaciovalduerteles.es\/blog\/wp-content\/uploads\/2022\/02\/cabecera-1024x390.png","contentUrl":"https:\/\/www.ignaciovalduerteles.es\/blog\/wp-content\/uploads\/2022\/02\/cabecera-1024x390.png","width":1024,"height":390,"caption":"Ignacio Valduerteles Bartos"},"logo":{"@id":"https:\/\/www.ignaciovalduerteles.es\/blog\/#\/schema\/person\/image\/"},"sameAs":["http:\/\/www.ivb.es"]},{"@type":"WebSite","@id":"https:\/\/www.ignaciovalduerteles.es\/blog\/#website","url":"https:\/\/www.ignaciovalduerteles.es\/blog\/","name":"Ignacio Valduerteles Bartos","description":"Reflexiones y art\u00edculos del Ignacio Valdu\u00e9rteles","publisher":{"@id":"https:\/\/www.ignaciovalduerteles.es\/blog\/#\/schema\/person\/c4ab4ed77f14e0141ba3dcd9c6f501d5"},"potentialAction":[{"@type":"SearchAction","target":{"@type":"EntryPoint","urlTemplate":"https:\/\/www.ignaciovalduerteles.es\/blog\/?s={search_term_string}"},"query-input":"required name=search_term_string"}],"inLanguage":"es"},{"@type":"WebPage","@id":"https:\/\/www.ignaciovalduerteles.es\/blog\/articulos\/expansion\/dragones-en-la-empresa\/#webpage","url":"https:\/\/www.ignaciovalduerteles.es\/blog\/articulos\/expansion\/dragones-en-la-empresa\/","name":"Dragones en la Empresa - Ignacio Valduerteles Bartos","isPartOf":{"@id":"https:\/\/www.ignaciovalduerteles.es\/blog\/#website"},"datePublished":"2011-04-13T16:34:29+00:00","dateModified":"2011-07-31T20:24:48+00:00","description":"Blog personal de Ignacio Valdu\u00e9rteles, Dr. en Administraci\u00f3n y Direcci\u00f3n de Empresas y miembro destacado en la hermandad la Soledad de San Lorenzo, en Sevilla","breadcrumb":{"@id":"https:\/\/www.ignaciovalduerteles.es\/blog\/articulos\/expansion\/dragones-en-la-empresa\/#breadcrumb"},"inLanguage":"es","potentialAction":[{"@type":"ReadAction","target":["https:\/\/www.ignaciovalduerteles.es\/blog\/articulos\/expansion\/dragones-en-la-empresa\/"]}]},{"@type":"BreadcrumbList","@id":"https:\/\/www.ignaciovalduerteles.es\/blog\/articulos\/expansion\/dragones-en-la-empresa\/#breadcrumb","itemListElement":[{"@type":"ListItem","position":1,"name":"Portada","item":"https:\/\/www.ignaciovalduerteles.es\/blog\/"},{"@type":"ListItem","position":2,"name":"Art\u00edculos","item":"https:\/\/www.ignaciovalduerteles.es\/blog\/articulos\/"},{"@type":"ListItem","position":3,"name":"Expansi\u00f3n","item":"https:\/\/www.ignaciovalduerteles.es\/blog\/articulos\/expansion\/"},{"@type":"ListItem","position":4,"name":"Dragones en la Empresa"}]}]}},"_links":{"self":[{"href":"https:\/\/www.ignaciovalduerteles.es\/blog\/wp-json\/wp\/v2\/pages\/209"}],"collection":[{"href":"https:\/\/www.ignaciovalduerteles.es\/blog\/wp-json\/wp\/v2\/pages"}],"about":[{"href":"https:\/\/www.ignaciovalduerteles.es\/blog\/wp-json\/wp\/v2\/types\/page"}],"author":[{"embeddable":true,"href":"https:\/\/www.ignaciovalduerteles.es\/blog\/wp-json\/wp\/v2\/users\/1"}],"replies":[{"embeddable":true,"href":"https:\/\/www.ignaciovalduerteles.es\/blog\/wp-json\/wp\/v2\/comments?post=209"}],"version-history":[{"count":4,"href":"https:\/\/www.ignaciovalduerteles.es\/blog\/wp-json\/wp\/v2\/pages\/209\/revisions"}],"predecessor-version":[{"id":695,"href":"https:\/\/www.ignaciovalduerteles.es\/blog\/wp-json\/wp\/v2\/pages\/209\/revisions\/695"}],"up":[{"embeddable":true,"href":"https:\/\/www.ignaciovalduerteles.es\/blog\/wp-json\/wp\/v2\/pages\/21"}],"wp:attachment":[{"href":"https:\/\/www.ignaciovalduerteles.es\/blog\/wp-json\/wp\/v2\/media?parent=209"}],"curies":[{"name":"wp","href":"https:\/\/api.w.org\/{rel}","templated":true}]}}