{"id":21,"date":"2011-07-05T20:05:55","date_gmt":"2011-07-05T20:05:55","guid":{"rendered":"http:\/\/www.guadaoliva.comlu.com\/blog\/?page_id=21"},"modified":"2022-04-03T20:40:15","modified_gmt":"2022-04-03T18:40:15","slug":"expansion","status":"publish","type":"page","link":"https:\/\/www.ignaciovalduerteles.es\/blog\/articulos\/expansion\/","title":{"rendered":"Expansi\u00f3n"},"content":{"rendered":"<p>65. Responsabilidad social y Hermandades (30<em>\/05\/2016 <strong>Expansi\u00f3n<\/strong>)<\/em> <a title=\"Coriolano no vota a Podemos\" href=\"https:\/\/www.ignaciovalduerteles.es\/blog\/wp-content\/uploads\/2022\/04\/responsabilidad-social-y-hermandades.jpg\" target=\"_blank\" rel=\"noopener\">ver art\u00edculo<\/a><br \/>\n64. Coriolano no vota a Podemos (<em>2\/02\/2015 <strong>Expansi\u00f3n<\/strong><\/em>) <a title=\"Coriolano no vota a Podemos\" href=\"https:\/\/www.ignaciovalduerteles.es\/blog\/wp-content\/uploads\/2011\/07\/articulo_expansion.png\" target=\"_blank\" rel=\"noopener\">ver art\u00edculo<\/a><br \/>\n63. Derecho al trabajo<em> (24\/06\/2014 <strong>Expansi\u00f3n<\/strong><em>)<\/em><a title=\"Derecho al trabajo\" href=\"https:\/\/www.ignaciovalduerteles.es\/blog\/wp-content\/uploads\/2011\/07\/derecho_al_trabajo.pdf\" target=\"_blank\" rel=\"noopener\">ver art\u00edculo<\/a><\/em><br \/>\n62. Cinco a\u00f1os despu\u00e9s<em> (17\/03\/2014 <strong>Expansi\u00f3n<\/strong><em>)<\/em><a title=\"Cinco a\u00f1os despu\u00e9s\" href=\"https:\/\/www.ignaciovalduerteles.es\/blog\/wp-content\/uploads\/2014\/03\/cinco_anos_despues.pdf\">ver art\u00edculo<\/a><\/em><br \/>\n61. \u00bfFeliz A\u00f1o Nuevo?<em> (15\/01\/2014 <strong>Expansi\u00f3n<\/strong><em>)<\/em><a title=\"\u00bfFeliz A\u00f1o Nuevo?\" href=\"https:\/\/www.ignaciovalduerteles.es\/blog\/articulos\/expansion\/feliz-ano-nuevo\/\">ver art\u00edculo<\/a><\/em><br \/>\n60. Empresas Submarinos<em> (10\/12\/2013\u00a0<strong>Expansi\u00f3n<\/strong><em>)<\/em><a title=\"ANTIMARKETING\" href=\"https:\/\/www.ignaciovalduerteles.es\/blog\/articulos\/expansion\/antimarketing\/\">\u00a0<\/a><a href=\"https:\/\/www.ignaciovalduerteles.es\/blog\/articulos\/expansion\/empresas-submarino\/\">ver art\u00edculo<\/a><\/em><br \/>\n\u200e\u200e59.Liderazgo Total\u00a0<em>(19\/11\/2013\u00a0<strong>Expansi\u00f3n<\/strong><em>)<\/em><a title=\"ANTIMARKETING\" href=\"https:\/\/www.ignaciovalduerteles.es\/blog\/articulos\/expansion\/antimarketing\/\">\u00a0<\/a><a title=\"LIDERAZGO  TOTAL\" href=\"https:\/\/www.ignaciovalduerteles.es\/blog\/articulos\/expansion\/liderazgo-total\/\">ver art\u00edculo<\/a><\/em><br \/>\n58.Antimarketing\u00a0<em>(11\/10\/2013\u00a0<strong>Expansi\u00f3n<\/strong><em>)<\/em><a title=\"ANTIMARKETING\" href=\"https:\/\/www.ignaciovalduerteles.es\/blog\/articulos\/expansion\/antimarketing\/\">\u00a0ver art\u00edculo<\/a><\/em><br \/>\n\u200e57.Deberes para el Verano <em> (16\/7\/2013 <strong>Expansi\u00f3n<\/strong><em>)<\/em> <a title=\"DEBERES PARA EL VERANO\" href=\"https:\/\/www.ignaciovalduerteles.es\/blog\/deberes-para-el-verano\/\">ver art\u00edculo<\/a><\/em><br \/>\n56.Culpable <em> (11\/6\/2013 <strong>Expansi\u00f3n<\/strong><em>)<\/em> <a title=\"CULPABLE\" href=\"https:\/\/www.ignaciovalduerteles.es\/blog\/articulos\/expansion\/culpable\/\">ver art\u00edculo<\/a><\/em><br \/>\n55.Un Mundo Nuevo <em> (13\/5\/2013 <strong>Expansi\u00f3n<\/strong><em>)<\/em> <a title=\"Un mundo nuevo\" href=\"https:\/\/www.ignaciovalduerteles.es\/blog\/un-mundo-nuevo-2\/ \">ver art\u00edculo<\/a><\/em><br \/>\n54.Regeneracionismo Empresarial<em> (23\/4\/2013 <strong>Expansi\u00f3n<\/strong><em>)<\/em> <a title=\"CERRAR LA PUERTA\" href=\"http:\/\/https:\/\/www.ignaciovalduerteles.es\/blog\/un-mundo-nuevo\/\">ver art\u00edculo<\/a><\/em><br \/>\n53.Cerrar la Puerta <em>(20\/3\/2013 <strong>Expansi\u00f3n<\/strong><em>)<\/em> <a title=\"CERRAR LA PUERTA\" href=\"https:\/\/www.ignaciovalduerteles.es\/blog\/cerrar-la-puerta\/\">ver art\u00edculo<\/a><\/em><br \/>\n52.Niego la Mayor <em>(12\/2\/2013 <strong>Expansi\u00f3n<\/strong><em>)<\/em> <a title=\"NUEVAS GENERACIONES\" href=\"https:\/\/www.ignaciovalduerteles.es\/blog\/niego-la-mayor\/\">ver art\u00edculo<\/a><\/em><br \/>\n51.Nuevas Generaciones<em>(18\/12\/2012 <strong>Expansi\u00f3n<\/strong><em>)<\/em> <a title=\"NUEVAS GENERACIONES\" href=\"https:\/\/www.ignaciovalduerteles.es\/blog\/articulos\/expansion\/nuevas-generaciones\/\">ver art\u00edculo<\/a><\/em><br \/>\n50. L\u00edneas Paralelas <em>(13\/11\/2012 <strong>Expansi\u00f3n<\/strong><em>)<\/em> <a href=\"https:\/\/www.ignaciovalduerteles.es\/blog\/lineas-paralelas\/\">ver art\u00edculo<\/a><\/em><br \/>\n49. Miedo a la Libertad<em>(22\/10\/2012 <strong>Expansi\u00f3n<\/strong><em>)<\/em> <a href=\"https:\/\/www.ignaciovalduerteles.es\/blog\/miedo-a-la-libertad\/\">ver art\u00edculo<\/a><\/em><br \/>\n48. Econom\u00eda de suma cero<em>(18\/9\/2012 <strong>Expansi\u00f3n<\/strong><em>)<\/em> <a href=\"https:\/\/www.ignaciovalduerteles.es\/blog\/?page_id=1350\">ver art\u00edculo<\/a><\/em><br \/>\n47. Dos modelos de Gesti\u00f3n<em>(18\/7\/2012 <strong>Expansi\u00f3n<\/strong><em>)<\/em> <a title=\"Dos Modelos de Gesti\u00f3n\" href=\"https:\/\/www.ignaciovalduerteles.es\/blog\/?page_id=1318\">ver art\u00edculo <\/a><\/em><br \/>\n46. Olv\u00eddese del banco <em>(26\/6\/2012 <strong>Expansi\u00f3n<\/strong><em>) <\/em> <a title=\"OLV\u00cdDESE DEL BANCO\" href=\"https:\/\/www.ignaciovalduerteles.es\/blog\/?page_id=1280\">ver art\u00edculo <\/a><br \/>\n45. <em>El burro que no com\u00eda<\/em> (15\/5\/2012 <strong>Expansi\u00f3n<\/strong><em>) <\/em> <a title=\"VALOR COMUNICADO\" href=\"https:\/\/www.ignaciovalduerteles.es\/blog\/?page_id=1247\">ver art\u00edculo <\/a><br \/>\n44. <em>On the road<\/em> (10\/4\/2012 <strong>Expansi\u00f3n<\/strong><em>) <\/em> <a title=\"VALOR COMUNICADO\" href=\"https:\/\/www.ignaciovalduerteles.es\/blog\/?page_id=1221\">ver art\u00edculo <\/a><br \/>\n43. <em>Valor comunicado<\/em> (13\/3\/2012 <strong>Expansi\u00f3n<\/strong><em>) <\/em> <a title=\"VALOR COMUNICADO\" href=\"https:\/\/www.ignaciovalduerteles.es\/blog\/?page_id=1153\">ver art\u00edculo <\/a><br \/>\n42. <em>Gesti\u00f3n del conocimiento<\/em> (15\/2\/2012 <strong>Expansi\u00f3n<\/strong><em>) <\/em> <a href=\"https:\/\/www.ignaciovalduerteles.es\/blog\/?page_id=1135\">ver art\u00edculo <\/a><br \/>\n41. <em>Yo ya lo dije<\/em> (13\/12\/2011 <strong>Expansi\u00f3n<\/strong><em>) <\/em> <a href=\"https:\/\/www.ignaciovalduerteles.es\/blog\/?page_id=1036\">ver art\u00edculo <\/a><br \/>\n<em>40. Gastos in\u00fatiles (08\/11\/2011 <\/em><strong>Expansi\u00f3n<\/strong><em>) <\/em> <a href=\"https:\/\/www.ignaciovalduerteles.es\/blog\/?page_id=986\">ver art\u00edculo <\/a><br \/>\n<em>39. El relevo (13\/09\/2011 <\/em><strong>Expansi\u00f3n<\/strong><em>)\u00a0<\/em> <a title=\"EL RELEVO\" href=\"https:\/\/www.ignaciovalduerteles.es\/blog\/?page_id=808\">ver art\u00edculo <\/a><br \/>\n<em>38. Fallaste coraz\u00f3n <\/em> ( 18\/07\/2011 <strong>Expansi\u00f3n<\/strong> ) <a href=\"\/blog\/?page_id=389%20\"> ver art\u00edculo <\/a><br \/>\n<em> 37. Ayuntamientos S.L <\/em> ( 14\/06\/2011 <strong>Expansi\u00f3n<\/strong> ) <a href=\"\/blog\/?page_id=33%20\"> ver art\u00edculo <\/a><br \/>\n<em> 36. Manca finezza<\/em> ( 17\/05\/2011 <strong>Expansi\u00f3n<\/strong> ) <a href=\"\/blog\/?page_id=206%20\"> ver art\u00edculo <\/a><br \/>\n<em> 35. Dragones en la empresa <\/em> ( 13\/04\/2011 <strong>Expansi\u00f3n<\/strong> ) <a href=\"\/blog\/?page_id=209%20\"> ver art\u00edculo <\/a><br \/>\n<em> 34. Madurez empresarial <\/em> ( 08\/03\/2011 <strong>Expansi\u00f3n<\/strong> ) <a href=\"\/blog\/?page_id=212%20\"> ver art\u00edculo <\/a><br \/>\n<em> 33. El a\u00f1o de las Pymes <\/em> ( 08\/02\/2011 <strong>Expansi\u00f3n<\/strong> ) <a href=\"\/blog\/?page_id=216%20\"> ver art\u00edculo <\/a><br \/>\n<em> 32. Econom\u00eda y Familia <\/em> ( 19\/01\/2001 <strong>Expansi\u00f3n<\/strong> ) <a href=\"\/blog\/?page_id=218%20\"> ver art\u00edculo <\/a><br \/>\n<em> 31. A\u00f1o Nuevo Presupuesto Nuevo <\/em> ( 24\/12\/2010 <strong>Expansi\u00f3n<\/strong> ) <a href=\"\/blog\/?page_id=221%20\"> ver art\u00edculo <\/a><br \/>\n<em> 30. &#8220;Vivir para siempre&#8221; <\/em> ( 10\/11\/2010 <strong>Expansi\u00f3n<\/strong> ) <a href=\"\/blog\/?page_id=224%20\"> ver art\u00edculo <\/a><br \/>\n<em> 29. Usted y yo, o nadie <\/em> ( 19\/10\/2010 <strong>Expansi\u00f3n<\/strong> ) <a href=\"\/blog\/?page_id=226%20\"> ver art\u00edculo <\/a><br \/>\n<em> 28. La profec\u00eda que se cumple <\/em> ( 14\/07\/2010 <strong>Expansi\u00f3n<\/strong> ) <a href=\"\/blog\/?page_id=229%20\"> ver art\u00edculo <\/a><br \/>\n<em> 27. Lecciones del Siglo XII <\/em> ( 13\/06\/2010 <strong>Expansi\u00f3n<\/strong> ) <a href=\"\/blog\/?page_id=233%20\"> ver art\u00edculo <\/a><br \/>\n<em> 26. Iva contumaz <\/em> ( 11\/05\/2010 <strong>Expansi\u00f3n<\/strong> ) <a href=\"\/blog\/?page_id=231%20\"> ver art\u00edculo <\/a><br \/>\n<em> 25. Los m\u00fasicos del Titanic <\/em> ( 13\/04\/2010 <strong>Expansi\u00f3n<\/strong> ) <a href=\"\/blog\/?page_id=235%20\"> ver art\u00edculo <\/a><br \/>\n<em> 24. \u00bfAumentar la Productividad? <\/em> ( 09\/03\/2010 <strong>Expansi\u00f3n<\/strong> ) <a href=\"\/blog\/?page_id=239%20\"> ver art\u00edculo <\/a><br \/>\n<em> 23. \u00bfQui\u00e9n me ayuda? <\/em> ( 16\/02\/2010 <strong>Expansi\u00f3n<\/strong> ) <a href=\"\/blog\/?page_id=241%20\"> ver art\u00edculo <\/a><br \/>\n<em> 22. Por una vez <\/em> ( 09\/12\/2009 <strong>Expansi\u00f3n<\/strong> ) <a href=\"\/blog\/?page_id=243%20\"> ver art\u00edculo <\/a><br \/>\n<em> 21. Cambio de h\u00e1bitos <\/em> ( 10\/11\/2009 <strong>Expansi\u00f3n<\/strong> ) <a href=\"\/blog\/?page_id=245%20\"> ver art\u00edculo <\/a><br \/>\n<em> 20. Hablando claro <\/em> ( 13\/10\/2009 <strong>Expansi\u00f3n<\/strong> ) <a href=\"\/blog\/?page_id=247%20\"> ver art\u00edculo <\/a><br \/>\n<em> 19. Delegando I-Responsabilidades <\/em> ( 08\/09\/2009 <strong>Expansi\u00f3n<\/strong> ) <a href=\"\/blog\/?page_id=383%20\"> ver art\u00edculo <\/a><br \/>\n<em> 18. &#8220;Caritas In Veritate&#8221; <\/em> ( 14\/07\/2009 <strong>Expansi\u00f3n<\/strong> ) <a href=\"\/blog\/?page_id=249%20\"> ver art\u00edculo <\/a><br \/>\n<em> 17. Reflexiones postelectorales <\/em> ( 09\/06\/2009 <strong>Expansi\u00f3n<\/strong> ) <a href=\"\/blog\/?page_id=251%20\"> ver art\u00edculo <\/a><br \/>\n<em> 16. M\u00e9dicos de campa\u00f1a <\/em> ( 12\/05\/2009 <strong>Expansi\u00f3n<\/strong> ) <a href=\"\/blog\/?page_id=274%20\"> ver art\u00edculo <\/a><br \/>\n<em> 15. Darwinismo empresarial <\/em> ( 14\/04\/2009 <strong>Expansi\u00f3n<\/strong> ) <a href=\"\/blog\/?page_id=277%20\"> ver art\u00edculo <\/a><br \/>\n<em> 14. Hecho a s\u00ed mismo <\/em> ( 10\/03\/2009 <strong>Expansi\u00f3n<\/strong> ) <a href=\"\/blog\/?page_id=279%20\"> ver art\u00edculo <\/a><br \/>\n<em> 13. Empresas con alma <\/em> ( 10\/02\/2009 <strong>Expansi\u00f3n<\/strong> ) <a href=\"\/blog\/?page_id=282%20\"> ver art\u00edculo <\/a><br \/>\n<em> 12. Ex\u00e1men a las Pymes (II) <\/em> ( 09\/12\/2008 <strong>Expansi\u00f3n<\/strong> ) <a href=\"\/blog\/?page_id=284%20\"> ver art\u00edculo <\/a><br \/>\n<em> 11. Ex\u00e1men a las Pymes (I) <\/em> ( 11\/11\/2008 <strong>Expansi\u00f3n<\/strong> ) <a href=\"\/blog\/?page_id=286%20\"> ver art\u00edculo <\/a><br \/>\n<em> 10. \u00bfHa muerto el Liberalismo? <\/em> ( 14\/10\/2008 <strong>Expansi\u00f3n<\/strong> ) <a href=\"\/blog\/?page_id=288%20\"> ver art\u00edculo <\/a><br \/>\n<em> 9. Septiembre inexorable <\/em> ( 09\/09\/2008 <strong>Expansi\u00f3n<\/strong> ) <a href=\"\/blog\/?page_id=290%20\"> ver art\u00edculo <\/a><br \/>\n<em> 8. \u00bfGalgos o Podencos? <\/em> ( 08\/07\/2008 <strong>Expansi\u00f3n<\/strong> ) <a href=\"\/blog\/?page_id=292%20\"> ver art\u00edculo <\/a><br \/>\n<em> 7. A vueltas con la Sostenibilidad y la RSC <\/em> ( 10\/06\/2008 <strong>Expansi\u00f3n<\/strong> ) <a href=\"\/blog\/?page_id=295%20\"> ver art\u00edculo <\/a><br \/>\n<em> 6. \u00bfY ahora qu\u00e9? <\/em> ( 08\/04\/2008 <strong>Expansi\u00f3n<\/strong> ) <a href=\"\/blog\/?page_id=297%20\"> ver art\u00edculo <\/a><br \/>\n<em> 5. Volver a empezar <\/em> ( 11\/03\/2008 <strong>Expansi\u00f3n<\/strong> ) <a href=\"\/blog\/?page_id=311%20\"> ver art\u00edculo <\/a><br \/>\n<em> 4. Pymes bien organizadas <\/em> ( 12\/02\/2008 <strong>Expansi\u00f3n<\/strong> ) <a href=\"\/blog\/?page_id=313%20\"> ver art\u00edculo <\/a><br \/>\n<em> 3. Santo Tom\u00e1s en &#8221; low cost&#8221; <\/em> ( 08\/01\/2008 <strong>Expansi\u00f3n<\/strong> ) <a href=\"\/blog\/?page_id=317%20\"> ver art\u00edculo <\/a><br \/>\n<em> 2. El due\u00f1o del reloj <\/em> ( 11\/12\/2007 <strong>Expansi\u00f3n<\/strong> ) <a href=\"\/blog\/?page_id=320%20\"> ver art\u00edculo <\/a><br \/>\n<em> 1. Los de la generaci\u00f3n &#8220;y&#8221; <\/em> ( 13\/11\/2007 <strong>Expansi\u00f3n<\/strong> ) <a href=\"\/blog\/?page_id=327%20\"> ver art\u00edculo <\/a><\/em><\/p>\n","protected":false},"excerpt":{"rendered":"<p>65. Responsabilidad social y Hermandades (30\/05\/2016 Expansi\u00f3n) ver art\u00edculo 64. Coriolano no vota a Podemos (2\/02\/2015 Expansi\u00f3n) ver art\u00edculo 63. Derecho al trabajo (24\/06\/2014 Expansi\u00f3n)ver art\u00edculo 62. Cinco a\u00f1os despu\u00e9s (17\/03\/2014 Expansi\u00f3n)ver art\u00edculo 61. \u00bfFeliz A\u00f1o Nuevo? (15\/01\/2014 Expansi\u00f3n)ver art\u00edculo &hellip; <a href=\"https:\/\/www.ignaciovalduerteles.es\/blog\/articulos\/expansion\/\">Continuar<\/a><\/p>\n","protected":false},"author":1,"featured_media":0,"parent":2420,"menu_order":0,"comment_status":"closed","ping_status":"open","template":"","meta":{"kt_blocks_editor_width":""},"yoast_head":"<!-- This site is optimized with the Yoast SEO plugin v19.0 - https:\/\/yoast.com\/wordpress\/plugins\/seo\/ -->\n<title>Expansi\u00f3n - Ignacio Valduerteles Bartos<\/title>\n<meta name=\"description\" content=\"Blog personal de Ignacio Valdu\u00e9rteles, Dr. en Administraci\u00f3n y Direcci\u00f3n de Empresas y miembro destacado en la hermandad la Soledad de San Lorenzo, en Sevilla\" \/>\n<meta name=\"robots\" content=\"index, follow, max-snippet:-1, max-image-preview:large, max-video-preview:-1\" \/>\n<link rel=\"canonical\" href=\"https:\/\/www.ignaciovalduerteles.es\/blog\/articulos\/expansion\/\" \/>\n<meta property=\"og:locale\" content=\"es_ES\" \/>\n<meta property=\"og:type\" content=\"article\" \/>\n<meta property=\"og:title\" content=\"Expansi\u00f3n - Ignacio Valduerteles Bartos\" \/>\n<meta property=\"og:description\" content=\"Blog personal de Ignacio Valdu\u00e9rteles, Dr. en Administraci\u00f3n y Direcci\u00f3n de Empresas y miembro destacado en la hermandad la Soledad de San Lorenzo, en Sevilla\" \/>\n<meta property=\"og:url\" content=\"https:\/\/www.ignaciovalduerteles.es\/blog\/articulos\/expansion\/\" \/>\n<meta property=\"og:site_name\" content=\"Ignacio Valduerteles Bartos\" \/>\n<meta property=\"article:modified_time\" content=\"2022-04-03T18:40:15+00:00\" \/>\n<meta property=\"og:image\" content=\"https:\/\/www.ignaciovalduerteles.es\/blog\/wp-content\/uploads\/2022\/02\/banner1-1024x292.png\" \/>\n\t<meta property=\"og:image:width\" content=\"1024\" \/>\n\t<meta property=\"og:image:height\" content=\"292\" \/>\n\t<meta property=\"og:image:type\" content=\"image\/png\" \/>\n<meta name=\"twitter:card\" content=\"summary_large_image\" \/>\n<meta name=\"twitter:label1\" content=\"Tiempo de lectura\" \/>\n\t<meta name=\"twitter:data1\" content=\"3 minutos\" \/>\n<script type=\"application\/ld+json\" class=\"yoast-schema-graph\">{\"@context\":\"https:\/\/schema.org\",\"@graph\":[{\"@type\":[\"Person\",\"Organization\"],\"@id\":\"https:\/\/www.ignaciovalduerteles.es\/blog\/#\/schema\/person\/c4ab4ed77f14e0141ba3dcd9c6f501d5\",\"name\":\"Ignacio Valduerteles Bartos\",\"image\":{\"@type\":\"ImageObject\",\"inLanguage\":\"es\",\"@id\":\"https:\/\/www.ignaciovalduerteles.es\/blog\/#\/schema\/person\/image\/\",\"url\":\"https:\/\/www.ignaciovalduerteles.es\/blog\/wp-content\/uploads\/2022\/02\/cabecera-1024x390.png\",\"contentUrl\":\"https:\/\/www.ignaciovalduerteles.es\/blog\/wp-content\/uploads\/2022\/02\/cabecera-1024x390.png\",\"width\":1024,\"height\":390,\"caption\":\"Ignacio Valduerteles Bartos\"},\"logo\":{\"@id\":\"https:\/\/www.ignaciovalduerteles.es\/blog\/#\/schema\/person\/image\/\"},\"sameAs\":[\"http:\/\/www.ivb.es\"]},{\"@type\":\"WebSite\",\"@id\":\"https:\/\/www.ignaciovalduerteles.es\/blog\/#website\",\"url\":\"https:\/\/www.ignaciovalduerteles.es\/blog\/\",\"name\":\"Ignacio Valduerteles Bartos\",\"description\":\"Reflexiones y art\u00edculos del Ignacio Valdu\u00e9rteles\",\"publisher\":{\"@id\":\"https:\/\/www.ignaciovalduerteles.es\/blog\/#\/schema\/person\/c4ab4ed77f14e0141ba3dcd9c6f501d5\"},\"potentialAction\":[{\"@type\":\"SearchAction\",\"target\":{\"@type\":\"EntryPoint\",\"urlTemplate\":\"https:\/\/www.ignaciovalduerteles.es\/blog\/?s={search_term_string}\"},\"query-input\":\"required name=search_term_string\"}],\"inLanguage\":\"es\"},{\"@type\":\"WebPage\",\"@id\":\"https:\/\/www.ignaciovalduerteles.es\/blog\/articulos\/expansion\/#webpage\",\"url\":\"https:\/\/www.ignaciovalduerteles.es\/blog\/articulos\/expansion\/\",\"name\":\"Expansi\u00f3n - Ignacio Valduerteles Bartos\",\"isPartOf\":{\"@id\":\"https:\/\/www.ignaciovalduerteles.es\/blog\/#website\"},\"datePublished\":\"2011-07-05T20:05:55+00:00\",\"dateModified\":\"2022-04-03T18:40:15+00:00\",\"description\":\"Blog personal de Ignacio Valdu\u00e9rteles, Dr. en Administraci\u00f3n y Direcci\u00f3n de Empresas y miembro destacado en la hermandad la Soledad de San Lorenzo, en Sevilla\",\"breadcrumb\":{\"@id\":\"https:\/\/www.ignaciovalduerteles.es\/blog\/articulos\/expansion\/#breadcrumb\"},\"inLanguage\":\"es\",\"potentialAction\":[{\"@type\":\"ReadAction\",\"target\":[\"https:\/\/www.ignaciovalduerteles.es\/blog\/articulos\/expansion\/\"]}]},{\"@type\":\"BreadcrumbList\",\"@id\":\"https:\/\/www.ignaciovalduerteles.es\/blog\/articulos\/expansion\/#breadcrumb\",\"itemListElement\":[{\"@type\":\"ListItem\",\"position\":1,\"name\":\"Portada\",\"item\":\"https:\/\/www.ignaciovalduerteles.es\/blog\/\"},{\"@type\":\"ListItem\",\"position\":2,\"name\":\"Art\u00edculos\",\"item\":\"https:\/\/www.ignaciovalduerteles.es\/blog\/articulos\/\"},{\"@type\":\"ListItem\",\"position\":3,\"name\":\"Expansi\u00f3n\"}]}]}<\/script>\n<!-- \/ Yoast SEO plugin. -->","yoast_head_json":{"title":"Expansi\u00f3n - Ignacio Valduerteles Bartos","description":"Blog personal de Ignacio Valdu\u00e9rteles, Dr. en Administraci\u00f3n y Direcci\u00f3n de Empresas y miembro destacado en la hermandad la Soledad de San Lorenzo, en Sevilla","robots":{"index":"index","follow":"follow","max-snippet":"max-snippet:-1","max-image-preview":"max-image-preview:large","max-video-preview":"max-video-preview:-1"},"canonical":"https:\/\/www.ignaciovalduerteles.es\/blog\/articulos\/expansion\/","og_locale":"es_ES","og_type":"article","og_title":"Expansi\u00f3n - Ignacio Valduerteles Bartos","og_description":"Blog personal de Ignacio Valdu\u00e9rteles, Dr. en Administraci\u00f3n y Direcci\u00f3n de Empresas y miembro destacado en la hermandad la Soledad de San Lorenzo, en Sevilla","og_url":"https:\/\/www.ignaciovalduerteles.es\/blog\/articulos\/expansion\/","og_site_name":"Ignacio Valduerteles Bartos","article_modified_time":"2022-04-03T18:40:15+00:00","og_image":[{"width":1024,"height":292,"url":"https:\/\/www.ignaciovalduerteles.es\/blog\/wp-content\/uploads\/2022\/02\/banner1-1024x292.png","type":"image\/png"}],"twitter_card":"summary_large_image","twitter_misc":{"Tiempo de lectura":"3 minutos"},"schema":{"@context":"https:\/\/schema.org","@graph":[{"@type":["Person","Organization"],"@id":"https:\/\/www.ignaciovalduerteles.es\/blog\/#\/schema\/person\/c4ab4ed77f14e0141ba3dcd9c6f501d5","name":"Ignacio Valduerteles Bartos","image":{"@type":"ImageObject","inLanguage":"es","@id":"https:\/\/www.ignaciovalduerteles.es\/blog\/#\/schema\/person\/image\/","url":"https:\/\/www.ignaciovalduerteles.es\/blog\/wp-content\/uploads\/2022\/02\/cabecera-1024x390.png","contentUrl":"https:\/\/www.ignaciovalduerteles.es\/blog\/wp-content\/uploads\/2022\/02\/cabecera-1024x390.png","width":1024,"height":390,"caption":"Ignacio Valduerteles Bartos"},"logo":{"@id":"https:\/\/www.ignaciovalduerteles.es\/blog\/#\/schema\/person\/image\/"},"sameAs":["http:\/\/www.ivb.es"]},{"@type":"WebSite","@id":"https:\/\/www.ignaciovalduerteles.es\/blog\/#website","url":"https:\/\/www.ignaciovalduerteles.es\/blog\/","name":"Ignacio Valduerteles Bartos","description":"Reflexiones y art\u00edculos del Ignacio Valdu\u00e9rteles","publisher":{"@id":"https:\/\/www.ignaciovalduerteles.es\/blog\/#\/schema\/person\/c4ab4ed77f14e0141ba3dcd9c6f501d5"},"potentialAction":[{"@type":"SearchAction","target":{"@type":"EntryPoint","urlTemplate":"https:\/\/www.ignaciovalduerteles.es\/blog\/?s={search_term_string}"},"query-input":"required name=search_term_string"}],"inLanguage":"es"},{"@type":"WebPage","@id":"https:\/\/www.ignaciovalduerteles.es\/blog\/articulos\/expansion\/#webpage","url":"https:\/\/www.ignaciovalduerteles.es\/blog\/articulos\/expansion\/","name":"Expansi\u00f3n - Ignacio Valduerteles Bartos","isPartOf":{"@id":"https:\/\/www.ignaciovalduerteles.es\/blog\/#website"},"datePublished":"2011-07-05T20:05:55+00:00","dateModified":"2022-04-03T18:40:15+00:00","description":"Blog personal de Ignacio Valdu\u00e9rteles, Dr. en Administraci\u00f3n y Direcci\u00f3n de Empresas y miembro destacado en la hermandad la Soledad de San Lorenzo, en Sevilla","breadcrumb":{"@id":"https:\/\/www.ignaciovalduerteles.es\/blog\/articulos\/expansion\/#breadcrumb"},"inLanguage":"es","potentialAction":[{"@type":"ReadAction","target":["https:\/\/www.ignaciovalduerteles.es\/blog\/articulos\/expansion\/"]}]},{"@type":"BreadcrumbList","@id":"https:\/\/www.ignaciovalduerteles.es\/blog\/articulos\/expansion\/#breadcrumb","itemListElement":[{"@type":"ListItem","position":1,"name":"Portada","item":"https:\/\/www.ignaciovalduerteles.es\/blog\/"},{"@type":"ListItem","position":2,"name":"Art\u00edculos","item":"https:\/\/www.ignaciovalduerteles.es\/blog\/articulos\/"},{"@type":"ListItem","position":3,"name":"Expansi\u00f3n"}]}]}},"_links":{"self":[{"href":"https:\/\/www.ignaciovalduerteles.es\/blog\/wp-json\/wp\/v2\/pages\/21"}],"collection":[{"href":"https:\/\/www.ignaciovalduerteles.es\/blog\/wp-json\/wp\/v2\/pages"}],"about":[{"href":"https:\/\/www.ignaciovalduerteles.es\/blog\/wp-json\/wp\/v2\/types\/page"}],"author":[{"embeddable":true,"href":"https:\/\/www.ignaciovalduerteles.es\/blog\/wp-json\/wp\/v2\/users\/1"}],"replies":[{"embeddable":true,"href":"https:\/\/www.ignaciovalduerteles.es\/blog\/wp-json\/wp\/v2\/comments?post=21"}],"version-history":[{"count":95,"href":"https:\/\/www.ignaciovalduerteles.es\/blog\/wp-json\/wp\/v2\/pages\/21\/revisions"}],"predecessor-version":[{"id":3080,"href":"https:\/\/www.ignaciovalduerteles.es\/blog\/wp-json\/wp\/v2\/pages\/21\/revisions\/3080"}],"up":[{"embeddable":true,"href":"https:\/\/www.ignaciovalduerteles.es\/blog\/wp-json\/wp\/v2\/pages\/2420"}],"wp:attachment":[{"href":"https:\/\/www.ignaciovalduerteles.es\/blog\/wp-json\/wp\/v2\/media?parent=21"}],"curies":[{"name":"wp","href":"https:\/\/api.w.org\/{rel}","templated":true}]}}