{"id":212,"date":"2011-03-03T16:35:27","date_gmt":"2011-03-03T16:35:27","guid":{"rendered":"http:\/\/www.guadaoliva.comlu.com\/blog\/?page_id=212"},"modified":"2011-07-31T22:25:24","modified_gmt":"2011-07-31T20:25:24","slug":"madurez-empresarial","status":"publish","type":"page","link":"https:\/\/www.ignaciovalduerteles.es\/blog\/articulos\/expansion\/madurez-empresarial\/","title":{"rendered":"Madurez Empresarial"},"content":{"rendered":"<div style=\"text-align: justify;\"><span style=\"color: #000080;\">Una de las consecuencias que ha tra\u00eddo la nueva situaci\u00f3n econ\u00f3mica \u2013porque ya no hay que hablar de crisis, entendida como algo transitorio, sino de un nuevo entorno econ\u00f3mico- es que ya no se habla tanto de empresas como de empresarios. De forma casi imperceptible hemos trasladado el foco de la organizaci\u00f3n a las personas.\u00a0\u00a0Es lo razonable, si consideramos la empresa como una comunidad de personas que trabajan juntas (co-laboran) en la consecuci\u00f3n de\u00a0\u00a0objetivos, unos comunes y otros personales.<\/span><\/div>\n<div style=\"text-align: justify;\"><span style=\"color: #000080;\">\u00a0\u00a0\u00a0\u00a0\u00a0\u00a0\u00a0\u00a0\u00a0\u00a0\u00a0\u00a0En este enfoque la calidad de la empresa viene condicionada por la calidad de las personas que la integran. Una empresa ser\u00e1 innovadora, flexible u orientada al cliente, si las personas que la componen poseen esas cualidades. Hay una gran oferta de formaci\u00f3n orientada a mejorar la capacidad comercial, o de producci\u00f3n, o de internacionalizaci\u00f3n de la organizaci\u00f3n; pero las acciones encaminadas a la mejora personal son bastante m\u00e1s escasas.<\/span><\/div>\n<div style=\"text-align: justify;\"><span style=\"color: #000080;\">En este contexto no parece que tenga mucho sentido hablar de la responsabilidad social de las empresas, m\u00e1s bien habr\u00eda que tratar sobre si las personas de la empresa son conscientes de su responsabilidad para con la sociedad.\u00a0\u00a0Lo mismo ocurre con la madurez. Es una persona \u00b4muy madura\u00b4, lo hemos dicho de alg\u00fan compa\u00f1ero o conocido, a veces hasta de un ni\u00f1o de diez o doce a\u00f1os. Como contrapartida tambi\u00e9n tachamos a otros de \u00b4inmaduros\u00b4; pero \u00bfqu\u00e9 es eso de la madurez?, \u00bfpodemos hacer algo para cultivarla?, \u00bfse traslada a la empresa? No lo s\u00e9, a lo que s\u00ed me atrevo es a se\u00f1alar algunos rasgos comunes de las personas que calificamos maduras, y de sus contrarios: los inmaduros.<\/span><\/div>\n<div style=\"text-align: justify;\"><span style=\"color: #000080;\">La persona madura es\u00a0<strong>perseverante<\/strong>, marca sus objetivos y se empe\u00f1a en ellos superando las dificultades que le sobrevienen. El inmaduro no es capaz de autoexigirse. En el primer repecho de la vida abandona.<\/span><\/div>\n<div style=\"text-align: justify;\"><span style=\"color: #000080;\">La persona madura\u00a0<strong>se reconoce limitada<\/strong>, conoce y acepta que no posee una serie de capacidades y busca complementar esas carencias. El inmaduro hace gala de suficiencia, desprecia lo que no conoce.<\/span><\/div>\n<div style=\"text-align: justify;\"><span style=\"color: #000080;\">La persona madura\u00a0<strong>es sencilla<\/strong>, no tiene problema en mostrarse tal cual es, con sus limitaciones y sus puntos fuertes. El inmaduro necesita aparentar, adornar su fachada, aunque dentro no haya nada.<\/span><\/div>\n<div style=\"text-align: justify;\"><span style=\"color: #000080;\">La persona madura est\u00e1 permanentemente\u00a0<strong>centrada en los dem\u00e1s<\/strong>\u2013clientes, proveedores \u2026-, y eso es lo que la hace crecer. El inmaduro se agota centrado en s\u00ed mismo, consumi\u00e9ndose en sus propias limitaciones, sin nada que ofrecer.<\/span><\/div>\n<div style=\"text-align: justify;\"><span style=\"color: #000080;\">La persona madura\u00a0<strong>es serena<\/strong>, apacible, se esfuerza en no perder la calma ante las dificultades, sabe valorar las cosas en su justa medida. El inmaduro vive en un activismo permanente con el que trata de ocultar su inconsistencia.<\/span><\/div>\n<div style=\"text-align: justify;\"><span style=\"color: #000080;\">La persona madura sabe que\u00a0<strong>la imagen surge de dentro hacia fuera<\/strong>.\u00a0\u00a0El inmaduro, en perpetua adolescencia, necesita crear su imagen desde fuera, disfraz\u00e1ndose con los atributos externos que, supuestamente, le van a dotar de una determinada imagen p\u00fablica.<\/span><\/div>\n<div style=\"text-align: justify;\"><span style=\"color: #000080;\">La persona madura\u00a0<strong>tiene referencias<\/strong>, una serie de valores que arman un modelo conceptual que le sirve de criterio. El inmaduro es esclavo de la \u00faltima moda cultural, carece de referencias y se mueve en un relativismo empobrecedor.<\/span><\/div>\n<div style=\"text-align: justify;\"><span style=\"color: #000080;\">La persona madura cultiva la\u00a0<strong>fortaleza,<\/strong>\u00a0cualidad que le ayuda a resistir en los momentos duros y a acometer cuando es necesario, aunque no resulte c\u00f3modo. El inmaduro, amarrado por su debilidad se mover\u00e1 a merced del viento, buscando siempre la postura que ofrezca la menor resistencia.<\/span><\/div>\n<div style=\"text-align: justify;\"><span style=\"color: #000080;\">\u00bfSeguimos? Vamos dejarlo por hoy. Ya tenemos tarea para intentar desarrollar nuestra madurez las pr\u00f3ximas semanas. \u00bfO prefiere seguir jugando a Peter Pan?<\/span><\/div>\n<div style=\"text-align: right;\"><span style=\"color: #000080;\">08.03.11<\/span><\/div>\n","protected":false},"excerpt":{"rendered":"<p>Una de las consecuencias que ha tra\u00eddo la nueva situaci\u00f3n econ\u00f3mica \u2013porque ya no hay que hablar de crisis, entendida como algo transitorio, sino de un nuevo entorno econ\u00f3mico- es que ya no se habla tanto de empresas como de &hellip; <a href=\"https:\/\/www.ignaciovalduerteles.es\/blog\/articulos\/expansion\/madurez-empresarial\/\">Continuar<\/a><\/p>\n","protected":false},"author":1,"featured_media":0,"parent":21,"menu_order":2,"comment_status":"open","ping_status":"open","template":"sidebar-page.php","meta":{"kt_blocks_editor_width":""},"yoast_head":"<!-- This site is optimized with the Yoast SEO plugin v19.0 - https:\/\/yoast.com\/wordpress\/plugins\/seo\/ -->\n<title>Madurez Empresarial - Ignacio Valduerteles Bartos<\/title>\n<meta name=\"description\" content=\"Blog personal de Ignacio Valdu\u00e9rteles, Dr. en Administraci\u00f3n y Direcci\u00f3n de Empresas y miembro destacado en la hermandad la Soledad de San Lorenzo, en Sevilla\" \/>\n<meta name=\"robots\" content=\"index, follow, max-snippet:-1, max-image-preview:large, max-video-preview:-1\" \/>\n<link rel=\"canonical\" href=\"https:\/\/www.ignaciovalduerteles.es\/blog\/articulos\/expansion\/madurez-empresarial\/\" \/>\n<meta property=\"og:locale\" content=\"es_ES\" \/>\n<meta property=\"og:type\" content=\"article\" \/>\n<meta property=\"og:title\" content=\"Madurez Empresarial - Ignacio Valduerteles Bartos\" \/>\n<meta property=\"og:description\" content=\"Blog personal de Ignacio Valdu\u00e9rteles, Dr. en Administraci\u00f3n y Direcci\u00f3n de Empresas y miembro destacado en la hermandad la Soledad de San Lorenzo, en Sevilla\" \/>\n<meta property=\"og:url\" content=\"https:\/\/www.ignaciovalduerteles.es\/blog\/articulos\/expansion\/madurez-empresarial\/\" \/>\n<meta property=\"og:site_name\" content=\"Ignacio Valduerteles Bartos\" \/>\n<meta property=\"article:modified_time\" content=\"2011-07-31T20:25:24+00:00\" \/>\n<meta property=\"og:image\" content=\"https:\/\/www.ignaciovalduerteles.es\/blog\/wp-content\/uploads\/2022\/02\/banner1-1024x292.png\" \/>\n\t<meta property=\"og:image:width\" content=\"1024\" \/>\n\t<meta property=\"og:image:height\" content=\"292\" \/>\n\t<meta property=\"og:image:type\" content=\"image\/png\" \/>\n<meta name=\"twitter:card\" content=\"summary_large_image\" \/>\n<meta name=\"twitter:label1\" content=\"Tiempo de lectura\" \/>\n\t<meta name=\"twitter:data1\" content=\"3 minutos\" \/>\n<script type=\"application\/ld+json\" class=\"yoast-schema-graph\">{\"@context\":\"https:\/\/schema.org\",\"@graph\":[{\"@type\":[\"Person\",\"Organization\"],\"@id\":\"https:\/\/www.ignaciovalduerteles.es\/blog\/#\/schema\/person\/c4ab4ed77f14e0141ba3dcd9c6f501d5\",\"name\":\"Ignacio Valduerteles Bartos\",\"image\":{\"@type\":\"ImageObject\",\"inLanguage\":\"es\",\"@id\":\"https:\/\/www.ignaciovalduerteles.es\/blog\/#\/schema\/person\/image\/\",\"url\":\"https:\/\/www.ignaciovalduerteles.es\/blog\/wp-content\/uploads\/2022\/02\/cabecera-1024x390.png\",\"contentUrl\":\"https:\/\/www.ignaciovalduerteles.es\/blog\/wp-content\/uploads\/2022\/02\/cabecera-1024x390.png\",\"width\":1024,\"height\":390,\"caption\":\"Ignacio Valduerteles Bartos\"},\"logo\":{\"@id\":\"https:\/\/www.ignaciovalduerteles.es\/blog\/#\/schema\/person\/image\/\"},\"sameAs\":[\"http:\/\/www.ivb.es\"]},{\"@type\":\"WebSite\",\"@id\":\"https:\/\/www.ignaciovalduerteles.es\/blog\/#website\",\"url\":\"https:\/\/www.ignaciovalduerteles.es\/blog\/\",\"name\":\"Ignacio Valduerteles Bartos\",\"description\":\"Reflexiones y art\u00edculos del Ignacio Valdu\u00e9rteles\",\"publisher\":{\"@id\":\"https:\/\/www.ignaciovalduerteles.es\/blog\/#\/schema\/person\/c4ab4ed77f14e0141ba3dcd9c6f501d5\"},\"potentialAction\":[{\"@type\":\"SearchAction\",\"target\":{\"@type\":\"EntryPoint\",\"urlTemplate\":\"https:\/\/www.ignaciovalduerteles.es\/blog\/?s={search_term_string}\"},\"query-input\":\"required name=search_term_string\"}],\"inLanguage\":\"es\"},{\"@type\":\"WebPage\",\"@id\":\"https:\/\/www.ignaciovalduerteles.es\/blog\/articulos\/expansion\/madurez-empresarial\/#webpage\",\"url\":\"https:\/\/www.ignaciovalduerteles.es\/blog\/articulos\/expansion\/madurez-empresarial\/\",\"name\":\"Madurez Empresarial - Ignacio Valduerteles Bartos\",\"isPartOf\":{\"@id\":\"https:\/\/www.ignaciovalduerteles.es\/blog\/#website\"},\"datePublished\":\"2011-03-03T16:35:27+00:00\",\"dateModified\":\"2011-07-31T20:25:24+00:00\",\"description\":\"Blog personal de Ignacio Valdu\u00e9rteles, Dr. en Administraci\u00f3n y Direcci\u00f3n de Empresas y miembro destacado en la hermandad la Soledad de San Lorenzo, en Sevilla\",\"breadcrumb\":{\"@id\":\"https:\/\/www.ignaciovalduerteles.es\/blog\/articulos\/expansion\/madurez-empresarial\/#breadcrumb\"},\"inLanguage\":\"es\",\"potentialAction\":[{\"@type\":\"ReadAction\",\"target\":[\"https:\/\/www.ignaciovalduerteles.es\/blog\/articulos\/expansion\/madurez-empresarial\/\"]}]},{\"@type\":\"BreadcrumbList\",\"@id\":\"https:\/\/www.ignaciovalduerteles.es\/blog\/articulos\/expansion\/madurez-empresarial\/#breadcrumb\",\"itemListElement\":[{\"@type\":\"ListItem\",\"position\":1,\"name\":\"Portada\",\"item\":\"https:\/\/www.ignaciovalduerteles.es\/blog\/\"},{\"@type\":\"ListItem\",\"position\":2,\"name\":\"Art\u00edculos\",\"item\":\"https:\/\/www.ignaciovalduerteles.es\/blog\/articulos\/\"},{\"@type\":\"ListItem\",\"position\":3,\"name\":\"Expansi\u00f3n\",\"item\":\"https:\/\/www.ignaciovalduerteles.es\/blog\/articulos\/expansion\/\"},{\"@type\":\"ListItem\",\"position\":4,\"name\":\"Madurez Empresarial\"}]}]}<\/script>\n<!-- \/ Yoast SEO plugin. -->","yoast_head_json":{"title":"Madurez Empresarial - Ignacio Valduerteles Bartos","description":"Blog personal de Ignacio Valdu\u00e9rteles, Dr. en Administraci\u00f3n y Direcci\u00f3n de Empresas y miembro destacado en la hermandad la Soledad de San Lorenzo, en Sevilla","robots":{"index":"index","follow":"follow","max-snippet":"max-snippet:-1","max-image-preview":"max-image-preview:large","max-video-preview":"max-video-preview:-1"},"canonical":"https:\/\/www.ignaciovalduerteles.es\/blog\/articulos\/expansion\/madurez-empresarial\/","og_locale":"es_ES","og_type":"article","og_title":"Madurez Empresarial - Ignacio Valduerteles Bartos","og_description":"Blog personal de Ignacio Valdu\u00e9rteles, Dr. en Administraci\u00f3n y Direcci\u00f3n de Empresas y miembro destacado en la hermandad la Soledad de San Lorenzo, en Sevilla","og_url":"https:\/\/www.ignaciovalduerteles.es\/blog\/articulos\/expansion\/madurez-empresarial\/","og_site_name":"Ignacio Valduerteles Bartos","article_modified_time":"2011-07-31T20:25:24+00:00","og_image":[{"width":1024,"height":292,"url":"https:\/\/www.ignaciovalduerteles.es\/blog\/wp-content\/uploads\/2022\/02\/banner1-1024x292.png","type":"image\/png"}],"twitter_card":"summary_large_image","twitter_misc":{"Tiempo de lectura":"3 minutos"},"schema":{"@context":"https:\/\/schema.org","@graph":[{"@type":["Person","Organization"],"@id":"https:\/\/www.ignaciovalduerteles.es\/blog\/#\/schema\/person\/c4ab4ed77f14e0141ba3dcd9c6f501d5","name":"Ignacio Valduerteles Bartos","image":{"@type":"ImageObject","inLanguage":"es","@id":"https:\/\/www.ignaciovalduerteles.es\/blog\/#\/schema\/person\/image\/","url":"https:\/\/www.ignaciovalduerteles.es\/blog\/wp-content\/uploads\/2022\/02\/cabecera-1024x390.png","contentUrl":"https:\/\/www.ignaciovalduerteles.es\/blog\/wp-content\/uploads\/2022\/02\/cabecera-1024x390.png","width":1024,"height":390,"caption":"Ignacio Valduerteles Bartos"},"logo":{"@id":"https:\/\/www.ignaciovalduerteles.es\/blog\/#\/schema\/person\/image\/"},"sameAs":["http:\/\/www.ivb.es"]},{"@type":"WebSite","@id":"https:\/\/www.ignaciovalduerteles.es\/blog\/#website","url":"https:\/\/www.ignaciovalduerteles.es\/blog\/","name":"Ignacio Valduerteles Bartos","description":"Reflexiones y art\u00edculos del Ignacio Valdu\u00e9rteles","publisher":{"@id":"https:\/\/www.ignaciovalduerteles.es\/blog\/#\/schema\/person\/c4ab4ed77f14e0141ba3dcd9c6f501d5"},"potentialAction":[{"@type":"SearchAction","target":{"@type":"EntryPoint","urlTemplate":"https:\/\/www.ignaciovalduerteles.es\/blog\/?s={search_term_string}"},"query-input":"required name=search_term_string"}],"inLanguage":"es"},{"@type":"WebPage","@id":"https:\/\/www.ignaciovalduerteles.es\/blog\/articulos\/expansion\/madurez-empresarial\/#webpage","url":"https:\/\/www.ignaciovalduerteles.es\/blog\/articulos\/expansion\/madurez-empresarial\/","name":"Madurez Empresarial - Ignacio Valduerteles Bartos","isPartOf":{"@id":"https:\/\/www.ignaciovalduerteles.es\/blog\/#website"},"datePublished":"2011-03-03T16:35:27+00:00","dateModified":"2011-07-31T20:25:24+00:00","description":"Blog personal de Ignacio Valdu\u00e9rteles, Dr. en Administraci\u00f3n y Direcci\u00f3n de Empresas y miembro destacado en la hermandad la Soledad de San Lorenzo, en Sevilla","breadcrumb":{"@id":"https:\/\/www.ignaciovalduerteles.es\/blog\/articulos\/expansion\/madurez-empresarial\/#breadcrumb"},"inLanguage":"es","potentialAction":[{"@type":"ReadAction","target":["https:\/\/www.ignaciovalduerteles.es\/blog\/articulos\/expansion\/madurez-empresarial\/"]}]},{"@type":"BreadcrumbList","@id":"https:\/\/www.ignaciovalduerteles.es\/blog\/articulos\/expansion\/madurez-empresarial\/#breadcrumb","itemListElement":[{"@type":"ListItem","position":1,"name":"Portada","item":"https:\/\/www.ignaciovalduerteles.es\/blog\/"},{"@type":"ListItem","position":2,"name":"Art\u00edculos","item":"https:\/\/www.ignaciovalduerteles.es\/blog\/articulos\/"},{"@type":"ListItem","position":3,"name":"Expansi\u00f3n","item":"https:\/\/www.ignaciovalduerteles.es\/blog\/articulos\/expansion\/"},{"@type":"ListItem","position":4,"name":"Madurez Empresarial"}]}]}},"_links":{"self":[{"href":"https:\/\/www.ignaciovalduerteles.es\/blog\/wp-json\/wp\/v2\/pages\/212"}],"collection":[{"href":"https:\/\/www.ignaciovalduerteles.es\/blog\/wp-json\/wp\/v2\/pages"}],"about":[{"href":"https:\/\/www.ignaciovalduerteles.es\/blog\/wp-json\/wp\/v2\/types\/page"}],"author":[{"embeddable":true,"href":"https:\/\/www.ignaciovalduerteles.es\/blog\/wp-json\/wp\/v2\/users\/1"}],"replies":[{"embeddable":true,"href":"https:\/\/www.ignaciovalduerteles.es\/blog\/wp-json\/wp\/v2\/comments?post=212"}],"version-history":[{"count":4,"href":"https:\/\/www.ignaciovalduerteles.es\/blog\/wp-json\/wp\/v2\/pages\/212\/revisions"}],"predecessor-version":[{"id":696,"href":"https:\/\/www.ignaciovalduerteles.es\/blog\/wp-json\/wp\/v2\/pages\/212\/revisions\/696"}],"up":[{"embeddable":true,"href":"https:\/\/www.ignaciovalduerteles.es\/blog\/wp-json\/wp\/v2\/pages\/21"}],"wp:attachment":[{"href":"https:\/\/www.ignaciovalduerteles.es\/blog\/wp-json\/wp\/v2\/media?parent=212"}],"curies":[{"name":"wp","href":"https:\/\/api.w.org\/{rel}","templated":true}]}}