{"id":2124,"date":"2014-11-10T19:29:23","date_gmt":"2014-11-10T18:29:23","guid":{"rendered":"https:\/\/www.ignaciovalduerteles.es\/blog\/?page_id=2124"},"modified":"2022-03-23T20:29:31","modified_gmt":"2022-03-23T19:29:31","slug":"informe-caridad-en-las-hermanadades","status":"publish","type":"page","link":"https:\/\/www.ignaciovalduerteles.es\/blog\/investigacion\/libros\/informe-caridad-en-las-hermanadades\/","title":{"rendered":"Informe sobre la Caridad en las Hermanadades"},"content":{"rendered":"<style id=\"kb-rowlayout_8abb6e-ed\">@media all and (min-width: 768px){#kt-layout-id_8abb6e-ed > .kt-row-column-wrap > .inner-column-1{flex:0 1 65%;-webkit-flex:0 1 65%;}#kt-layout-id_8abb6e-ed > .kt-row-column-wrap > .inner-column-2{flex:0 1 35%;-webkit-flex:0 1 35%;}}#kt-layout-id_8abb6e-ed > .kt-row-column-wrap{padding-top:0px;padding-bottom:0px;padding-left:0px;padding-right:0px;}<\/style>\n<div class=\"wp-block-kadence-rowlayout alignnone\"><div id=\"kt-layout-id_8abb6e-ed\" class=\"kt-row-layout-inner kt-layout-id_8abb6e-ed\"><div class=\"kt-row-column-wrap kt-has-2-columns kt-gutter-narrow kt-v-gutter-default kt-row-valign-middle kt-row-layout-equal kt-tab-layout-inherit kt-m-colapse-left-to-right kt-mobile-layout-row  kt-custom-first-width-65  kt-custom-second-width-35\">\n<div class=\"wp-block-kadence-column inner-column-1 kadence-column_665c4e-78\"><div class=\"kt-inside-inner-col\">\n<h2 class=\"has-text-align-left\"><strong><em><strong><em><strong><em><strong><em>&nbsp;\u201cInforme sobre la Caridad en las Hermandades de Sevilla I\u201d<\/em><\/strong><\/em><\/strong><\/em><\/strong><\/em><\/strong><\/h2>\n\n\n\n<h5 class=\"has-text-align-left has-very-dark-gray-color has-text-color\">Fundaci\u00f3n Caja Rural del Sur (2014). Sevilla<\/h5>\n\n\n\n<p>El Informe, que ha sido patrocinado por la Fundaci\u00f3n de la Caja Rural del Sur, responde a una necesidad social bastante extendida en la sociedad sevillana, extensible a otras ciudades. \u00bfQu\u00e9 est\u00e1n haciendo realmente las hermandades que act\u00faan en la sociedad en temas sociales?<\/p>\n\n\n\n<p>Se ajusta al modelo de una investigaci\u00f3n convencional: Justificaci\u00f3n del mismo y objetivos; Plan de Trabajo; Antecedentes; Fundamentos Te\u00f3ricos; Trabajo de Campo; Resultados y Conclusiones.<\/p>\n\n\n\n<p>Tanto por el rigor del trabajo, como por los resultados del mismo (ayudas repartidas por valor de m\u00e1s de 4,5 millones de euros), como por la fundamentaci\u00f3n, concusiones y sugerencias ofrecidas, esta investigaci\u00f3n ha tenido una importante repercusi\u00f3n y abre el camino para nuevas investigaciones en este campo.<\/p>\n\n\n\n<p><\/p>\n<\/div><\/div>\n\n\n\n<div class=\"wp-block-kadence-column inner-column-2 kadence-column_94ac9d-cd\"><div class=\"kt-inside-inner-col\">\n<figure class=\"wp-block-image size-full is-resized\"><a href=\"https:\/\/www.ignaciovalduerteles.es\/blog\/wp-content\/uploads\/2012\/09\/caridad_hermandades.jpg\"><img decoding=\"async\" src=\"https:\/\/www.ignaciovalduerteles.es\/blog\/wp-content\/uploads\/2012\/09\/caridad_hermandades.jpg\" alt=\"\" class=\"wp-image-2120\" width=\"220\"\/><\/a><\/figure>\n<\/div><\/div>\n<\/div><\/div><\/div>\n","protected":false},"excerpt":{"rendered":"<p>&nbsp;\u201cInforme sobre la Caridad en las Hermandades de Sevilla I\u201d Fundaci\u00f3n Caja Rural del Sur (2014). Sevilla El Informe, que ha sido patrocinado por la Fundaci\u00f3n de la Caja Rural del Sur, responde a una necesidad social bastante extendida en &hellip; <a href=\"https:\/\/www.ignaciovalduerteles.es\/blog\/investigacion\/libros\/informe-caridad-en-las-hermanadades\/\">Continuar<\/a><\/p>\n","protected":false},"author":1,"featured_media":0,"parent":83,"menu_order":1,"comment_status":"open","ping_status":"closed","template":"","meta":{"kt_blocks_editor_width":""},"yoast_head":"<!-- This site is optimized with the Yoast SEO plugin v19.0 - https:\/\/yoast.com\/wordpress\/plugins\/seo\/ -->\n<title>Informe sobre la Caridad en las Hermanadades - Ignacio Valduerteles Bartos<\/title>\n<meta name=\"description\" content=\"Blog personal de Ignacio Valdu\u00e9rteles, Dr. en Administraci\u00f3n y Direcci\u00f3n de Empresas y miembro destacado en la hermandad la Soledad de San Lorenzo, en Sevilla\" \/>\n<meta name=\"robots\" content=\"index, follow, max-snippet:-1, max-image-preview:large, max-video-preview:-1\" \/>\n<link rel=\"canonical\" href=\"https:\/\/www.ignaciovalduerteles.es\/blog\/investigacion\/libros\/informe-caridad-en-las-hermanadades\/\" \/>\n<meta property=\"og:locale\" content=\"es_ES\" \/>\n<meta property=\"og:type\" content=\"article\" \/>\n<meta property=\"og:title\" content=\"Informe sobre la Caridad en las Hermanadades - Ignacio Valduerteles Bartos\" \/>\n<meta property=\"og:description\" content=\"Blog personal de Ignacio Valdu\u00e9rteles, Dr. en Administraci\u00f3n y Direcci\u00f3n de Empresas y miembro destacado en la hermandad la Soledad de San Lorenzo, en Sevilla\" \/>\n<meta property=\"og:url\" content=\"https:\/\/www.ignaciovalduerteles.es\/blog\/investigacion\/libros\/informe-caridad-en-las-hermanadades\/\" \/>\n<meta property=\"og:site_name\" content=\"Ignacio Valduerteles Bartos\" \/>\n<meta property=\"article:modified_time\" content=\"2022-03-23T19:29:31+00:00\" \/>\n<meta property=\"og:image\" content=\"https:\/\/www.ignaciovalduerteles.es\/blog\/wp-content\/uploads\/2012\/09\/caridad_hermandades.jpg\" \/>\n<meta name=\"twitter:card\" content=\"summary_large_image\" \/>\n<meta name=\"twitter:label1\" content=\"Tiempo de lectura\" \/>\n\t<meta name=\"twitter:data1\" content=\"1 minuto\" \/>\n<script type=\"application\/ld+json\" class=\"yoast-schema-graph\">{\"@context\":\"https:\/\/schema.org\",\"@graph\":[{\"@type\":[\"Person\",\"Organization\"],\"@id\":\"https:\/\/www.ignaciovalduerteles.es\/blog\/#\/schema\/person\/c4ab4ed77f14e0141ba3dcd9c6f501d5\",\"name\":\"Ignacio Valduerteles Bartos\",\"image\":{\"@type\":\"ImageObject\",\"inLanguage\":\"es\",\"@id\":\"https:\/\/www.ignaciovalduerteles.es\/blog\/#\/schema\/person\/image\/\",\"url\":\"https:\/\/www.ignaciovalduerteles.es\/blog\/wp-content\/uploads\/2022\/02\/cabecera-1024x390.png\",\"contentUrl\":\"https:\/\/www.ignaciovalduerteles.es\/blog\/wp-content\/uploads\/2022\/02\/cabecera-1024x390.png\",\"width\":1024,\"height\":390,\"caption\":\"Ignacio Valduerteles Bartos\"},\"logo\":{\"@id\":\"https:\/\/www.ignaciovalduerteles.es\/blog\/#\/schema\/person\/image\/\"},\"sameAs\":[\"http:\/\/www.ivb.es\"]},{\"@type\":\"WebSite\",\"@id\":\"https:\/\/www.ignaciovalduerteles.es\/blog\/#website\",\"url\":\"https:\/\/www.ignaciovalduerteles.es\/blog\/\",\"name\":\"Ignacio Valduerteles Bartos\",\"description\":\"Reflexiones y art\u00edculos del Ignacio Valdu\u00e9rteles\",\"publisher\":{\"@id\":\"https:\/\/www.ignaciovalduerteles.es\/blog\/#\/schema\/person\/c4ab4ed77f14e0141ba3dcd9c6f501d5\"},\"potentialAction\":[{\"@type\":\"SearchAction\",\"target\":{\"@type\":\"EntryPoint\",\"urlTemplate\":\"https:\/\/www.ignaciovalduerteles.es\/blog\/?s={search_term_string}\"},\"query-input\":\"required name=search_term_string\"}],\"inLanguage\":\"es\"},{\"@type\":\"ImageObject\",\"inLanguage\":\"es\",\"@id\":\"https:\/\/www.ignaciovalduerteles.es\/blog\/investigacion\/libros\/informe-caridad-en-las-hermanadades\/#primaryimage\",\"url\":\"https:\/\/www.ignaciovalduerteles.es\/blog\/wp-content\/uploads\/2012\/09\/caridad_hermandades.jpg\",\"contentUrl\":\"https:\/\/www.ignaciovalduerteles.es\/blog\/wp-content\/uploads\/2012\/09\/caridad_hermandades.jpg\",\"width\":\"163\",\"height\":\"216\"},{\"@type\":\"WebPage\",\"@id\":\"https:\/\/www.ignaciovalduerteles.es\/blog\/investigacion\/libros\/informe-caridad-en-las-hermanadades\/#webpage\",\"url\":\"https:\/\/www.ignaciovalduerteles.es\/blog\/investigacion\/libros\/informe-caridad-en-las-hermanadades\/\",\"name\":\"Informe sobre la Caridad en las Hermanadades - Ignacio Valduerteles Bartos\",\"isPartOf\":{\"@id\":\"https:\/\/www.ignaciovalduerteles.es\/blog\/#website\"},\"primaryImageOfPage\":{\"@id\":\"https:\/\/www.ignaciovalduerteles.es\/blog\/investigacion\/libros\/informe-caridad-en-las-hermanadades\/#primaryimage\"},\"datePublished\":\"2014-11-10T18:29:23+00:00\",\"dateModified\":\"2022-03-23T19:29:31+00:00\",\"description\":\"Blog personal de Ignacio Valdu\u00e9rteles, Dr. en Administraci\u00f3n y Direcci\u00f3n de Empresas y miembro destacado en la hermandad la Soledad de San Lorenzo, en Sevilla\",\"breadcrumb\":{\"@id\":\"https:\/\/www.ignaciovalduerteles.es\/blog\/investigacion\/libros\/informe-caridad-en-las-hermanadades\/#breadcrumb\"},\"inLanguage\":\"es\",\"potentialAction\":[{\"@type\":\"ReadAction\",\"target\":[\"https:\/\/www.ignaciovalduerteles.es\/blog\/investigacion\/libros\/informe-caridad-en-las-hermanadades\/\"]}]},{\"@type\":\"BreadcrumbList\",\"@id\":\"https:\/\/www.ignaciovalduerteles.es\/blog\/investigacion\/libros\/informe-caridad-en-las-hermanadades\/#breadcrumb\",\"itemListElement\":[{\"@type\":\"ListItem\",\"position\":1,\"name\":\"Portada\",\"item\":\"https:\/\/www.ignaciovalduerteles.es\/blog\/\"},{\"@type\":\"ListItem\",\"position\":2,\"name\":\"Investigaci\u00f3n\",\"item\":\"https:\/\/www.ignaciovalduerteles.es\/blog\/investigacion\/\"},{\"@type\":\"ListItem\",\"position\":3,\"name\":\"Libros Publicados\",\"item\":\"https:\/\/www.ignaciovalduerteles.es\/blog\/investigacion\/libros\/\"},{\"@type\":\"ListItem\",\"position\":4,\"name\":\"Informe sobre la Caridad en las Hermanadades\"}]}]}<\/script>\n<!-- \/ Yoast SEO plugin. -->","yoast_head_json":{"title":"Informe sobre la Caridad en las Hermanadades - Ignacio Valduerteles Bartos","description":"Blog personal de Ignacio Valdu\u00e9rteles, Dr. en Administraci\u00f3n y Direcci\u00f3n de Empresas y miembro destacado en la hermandad la Soledad de San Lorenzo, en Sevilla","robots":{"index":"index","follow":"follow","max-snippet":"max-snippet:-1","max-image-preview":"max-image-preview:large","max-video-preview":"max-video-preview:-1"},"canonical":"https:\/\/www.ignaciovalduerteles.es\/blog\/investigacion\/libros\/informe-caridad-en-las-hermanadades\/","og_locale":"es_ES","og_type":"article","og_title":"Informe sobre la Caridad en las Hermanadades - Ignacio Valduerteles Bartos","og_description":"Blog personal de Ignacio Valdu\u00e9rteles, Dr. en Administraci\u00f3n y Direcci\u00f3n de Empresas y miembro destacado en la hermandad la Soledad de San Lorenzo, en Sevilla","og_url":"https:\/\/www.ignaciovalduerteles.es\/blog\/investigacion\/libros\/informe-caridad-en-las-hermanadades\/","og_site_name":"Ignacio Valduerteles Bartos","article_modified_time":"2022-03-23T19:29:31+00:00","og_image":[{"url":"https:\/\/www.ignaciovalduerteles.es\/blog\/wp-content\/uploads\/2012\/09\/caridad_hermandades.jpg"}],"twitter_card":"summary_large_image","twitter_misc":{"Tiempo de lectura":"1 minuto"},"schema":{"@context":"https:\/\/schema.org","@graph":[{"@type":["Person","Organization"],"@id":"https:\/\/www.ignaciovalduerteles.es\/blog\/#\/schema\/person\/c4ab4ed77f14e0141ba3dcd9c6f501d5","name":"Ignacio Valduerteles Bartos","image":{"@type":"ImageObject","inLanguage":"es","@id":"https:\/\/www.ignaciovalduerteles.es\/blog\/#\/schema\/person\/image\/","url":"https:\/\/www.ignaciovalduerteles.es\/blog\/wp-content\/uploads\/2022\/02\/cabecera-1024x390.png","contentUrl":"https:\/\/www.ignaciovalduerteles.es\/blog\/wp-content\/uploads\/2022\/02\/cabecera-1024x390.png","width":1024,"height":390,"caption":"Ignacio Valduerteles Bartos"},"logo":{"@id":"https:\/\/www.ignaciovalduerteles.es\/blog\/#\/schema\/person\/image\/"},"sameAs":["http:\/\/www.ivb.es"]},{"@type":"WebSite","@id":"https:\/\/www.ignaciovalduerteles.es\/blog\/#website","url":"https:\/\/www.ignaciovalduerteles.es\/blog\/","name":"Ignacio Valduerteles Bartos","description":"Reflexiones y art\u00edculos del Ignacio Valdu\u00e9rteles","publisher":{"@id":"https:\/\/www.ignaciovalduerteles.es\/blog\/#\/schema\/person\/c4ab4ed77f14e0141ba3dcd9c6f501d5"},"potentialAction":[{"@type":"SearchAction","target":{"@type":"EntryPoint","urlTemplate":"https:\/\/www.ignaciovalduerteles.es\/blog\/?s={search_term_string}"},"query-input":"required name=search_term_string"}],"inLanguage":"es"},{"@type":"ImageObject","inLanguage":"es","@id":"https:\/\/www.ignaciovalduerteles.es\/blog\/investigacion\/libros\/informe-caridad-en-las-hermanadades\/#primaryimage","url":"https:\/\/www.ignaciovalduerteles.es\/blog\/wp-content\/uploads\/2012\/09\/caridad_hermandades.jpg","contentUrl":"https:\/\/www.ignaciovalduerteles.es\/blog\/wp-content\/uploads\/2012\/09\/caridad_hermandades.jpg","width":"163","height":"216"},{"@type":"WebPage","@id":"https:\/\/www.ignaciovalduerteles.es\/blog\/investigacion\/libros\/informe-caridad-en-las-hermanadades\/#webpage","url":"https:\/\/www.ignaciovalduerteles.es\/blog\/investigacion\/libros\/informe-caridad-en-las-hermanadades\/","name":"Informe sobre la Caridad en las Hermanadades - Ignacio Valduerteles Bartos","isPartOf":{"@id":"https:\/\/www.ignaciovalduerteles.es\/blog\/#website"},"primaryImageOfPage":{"@id":"https:\/\/www.ignaciovalduerteles.es\/blog\/investigacion\/libros\/informe-caridad-en-las-hermanadades\/#primaryimage"},"datePublished":"2014-11-10T18:29:23+00:00","dateModified":"2022-03-23T19:29:31+00:00","description":"Blog personal de Ignacio Valdu\u00e9rteles, Dr. en Administraci\u00f3n y Direcci\u00f3n de Empresas y miembro destacado en la hermandad la Soledad de San Lorenzo, en Sevilla","breadcrumb":{"@id":"https:\/\/www.ignaciovalduerteles.es\/blog\/investigacion\/libros\/informe-caridad-en-las-hermanadades\/#breadcrumb"},"inLanguage":"es","potentialAction":[{"@type":"ReadAction","target":["https:\/\/www.ignaciovalduerteles.es\/blog\/investigacion\/libros\/informe-caridad-en-las-hermanadades\/"]}]},{"@type":"BreadcrumbList","@id":"https:\/\/www.ignaciovalduerteles.es\/blog\/investigacion\/libros\/informe-caridad-en-las-hermanadades\/#breadcrumb","itemListElement":[{"@type":"ListItem","position":1,"name":"Portada","item":"https:\/\/www.ignaciovalduerteles.es\/blog\/"},{"@type":"ListItem","position":2,"name":"Investigaci\u00f3n","item":"https:\/\/www.ignaciovalduerteles.es\/blog\/investigacion\/"},{"@type":"ListItem","position":3,"name":"Libros Publicados","item":"https:\/\/www.ignaciovalduerteles.es\/blog\/investigacion\/libros\/"},{"@type":"ListItem","position":4,"name":"Informe sobre la Caridad en las Hermanadades"}]}]}},"_links":{"self":[{"href":"https:\/\/www.ignaciovalduerteles.es\/blog\/wp-json\/wp\/v2\/pages\/2124"}],"collection":[{"href":"https:\/\/www.ignaciovalduerteles.es\/blog\/wp-json\/wp\/v2\/pages"}],"about":[{"href":"https:\/\/www.ignaciovalduerteles.es\/blog\/wp-json\/wp\/v2\/types\/page"}],"author":[{"embeddable":true,"href":"https:\/\/www.ignaciovalduerteles.es\/blog\/wp-json\/wp\/v2\/users\/1"}],"replies":[{"embeddable":true,"href":"https:\/\/www.ignaciovalduerteles.es\/blog\/wp-json\/wp\/v2\/comments?post=2124"}],"version-history":[{"count":5,"href":"https:\/\/www.ignaciovalduerteles.es\/blog\/wp-json\/wp\/v2\/pages\/2124\/revisions"}],"predecessor-version":[{"id":2749,"href":"https:\/\/www.ignaciovalduerteles.es\/blog\/wp-json\/wp\/v2\/pages\/2124\/revisions\/2749"}],"up":[{"embeddable":true,"href":"https:\/\/www.ignaciovalduerteles.es\/blog\/wp-json\/wp\/v2\/pages\/83"}],"wp:attachment":[{"href":"https:\/\/www.ignaciovalduerteles.es\/blog\/wp-json\/wp\/v2\/media?parent=2124"}],"curies":[{"name":"wp","href":"https:\/\/api.w.org\/{rel}","templated":true}]}}