{"id":216,"date":"2011-02-08T16:37:09","date_gmt":"2011-02-08T16:37:09","guid":{"rendered":"http:\/\/www.guadaoliva.comlu.com\/blog\/?page_id=216"},"modified":"2011-07-31T22:27:16","modified_gmt":"2011-07-31T20:27:16","slug":"el-ano-de-las-pymes","status":"publish","type":"page","link":"https:\/\/www.ignaciovalduerteles.es\/blog\/articulos\/expansion\/el-ano-de-las-pymes\/","title":{"rendered":"El a\u00f1o de las PYMES"},"content":{"rendered":"<p><span class=\"Apple-style-span\" style=\"color: #000080;\">No es una ocurrencia de la ONU. Tampoco estamos hablando del calendario chino, que este a\u00f1o es el del conejo. M\u00e1s sencillo: nos estamos refiriendo a esas empresas que constituyen el 99,8% de nuestro tejido empresarial, que generan el 89% de empleo y que siguen siendo las grandes olvidadas, o incluso las perdedoras, en los planes de recuperaci\u00f3n econ\u00f3mica.<\/span><\/p>\n<div style=\"text-align: justify;\"><span style=\"color: #000080;\">Algo est\u00e1 fallando. El mercado del dinero ha cambiado y parece que los actores no se dan por enterados. Los que pueden ahorrar lo hacen, depositando su dinero en un plazo fijo o algo similar, nada de productos de inversi\u00f3n. Eso significa que los bancos aumentan el volumen de dinero\u00a0depositado por los clientes. Si lo traduj\u00e9ramos al lenguaje comercial dir\u00edamos que aumentan sus existencias (por las que tienen que remunerar a los ahorradores). Por el lado de los compradores de dinero, los prestatarios o solicitantes de cr\u00e9dito, vemos que el consumo dom\u00e9stico ha ca\u00eddo y, consecuentemente, los cr\u00e9ditos al consumo tambi\u00e9n.\u00a0\u00a0La compra de viviendas\u00a0\u00a0presenta descensos muy acusados, el mismo que los cr\u00e9ditos hipotecarios. Quiere esto decir que el segmento particulares ha ca\u00eddo y no se prev\u00e9 su recuperaci\u00f3n a corto plazo.<\/span><\/div>\n<div style=\"text-align: justify;\"><span style=\"color: #000080;\">\u00bfY el otro gran grupo de clientes potenciales: las pymes? Aqu\u00ed hay algo m\u00e1s que hablar. Son pocos, a\u00fan, los empresarios con la suficiente formaci\u00f3n financiera para llevar una buena gesti\u00f3n en esta \u00e1rea, especialmente en lo referente a la financiaci\u00f3n ajena. Tampoco los bancos y cajas (aunque al ritmo que vamos ya pronto habr\u00e1 qu\u00e9 decir s\u00f3lo los bancos) andan muy finos en este segmento. Anuncian cada d\u00eda l\u00edneas especiales de financiaci\u00f3n para pymes; pero cuando uno lee el folleto con atenci\u00f3n, suele encontrar m\u00e1s de lo mismo: se\u00f1or empresario, si usted aporta garant\u00edas personales, domicilia el pago de n\u00f3minas, seguros sociales y recibos, le concedemos un cr\u00e9dito \u2013si lo aprueba la Comisi\u00f3n de Riesgo-, no le cobramos las tarjetas de cr\u00e9dito y le regalamos una colecci\u00f3n de DVDs sobre el arte rom\u00e1nico.<\/span><\/div>\n<div style=\"text-align: justify;\"><span style=\"color: #000080;\">Las consecuencias de este planteamiento comercial son que la capacidad de endeudamiento de la pyme queda limitada a la capacidad de\u00a0oferta de garant\u00edas personales que tenga el empresario\u00a0\u00a0y que las estrategias a largo plazo son complicadas de plantear y llevar a cabo. As\u00ed es dif\u00edcil cambiar el modelo productivo de la empresa (del inter\u00e9s que pueda despertar el rom\u00e1nico ya hablaremos otro d\u00eda).<\/span><\/div>\n<div style=\"text-align: justify;\"><span style=\"color: #000080;\">La gran distribuci\u00f3n \u2013el sector m\u00e1s \u00e1gil del sector servicios- se est\u00e1 reinventando continuamente, adecu\u00e1ndose y anticip\u00e1ndose a las modificaciones de las necesidades de los clientes y de sus h\u00e1bitos de consumo. Es una reinvenci\u00f3n alimentada por los dos grandes actores: distribuidores y consumidores. Pero en el mercado de la banca comercial esa agilidad no existe. Con las tarjetas gratis y los DVDs no se va a ninguna parte. Hay que cambiar las reglas del juego: \u00bfpor qu\u00e9 no pr\u00e9stamos participativos, o tomas de capital por un periodo determinado, o cesi\u00f3n temporal a la pyme de ejecutivos o directores financieros para que planteen y desarrollen nuevas estrategias? En esta l\u00ednea se podr\u00edan abrir muchas m\u00e1s posibilidades.<\/span><\/div>\n<div style=\"text-align: justify;\"><span style=\"color: #000080;\">En el mercado de la m\u00fasica la soluci\u00f3n a la ca\u00edda de ventas de discos \u2013o CDs- no es\u00a0\u00a0tratar de impedir las descargas por Internet, sino reconocer que han cambiado las reglas del juego y hay que inventar nuevamente el mercado. Con la banca pasa lo mismo. Se pas\u00f3 el tiempo en el que el banco \u201cconced\u00eda\u201d cr\u00e9ditos. Ahora o cambia su pol\u00edtica comercial o cada vez tendr\u00e1 m\u00e1s ahorros a los que pagar y menos pr\u00e9stamos por los que cobrar.\u00a0\u00a0Es un problema de los actores del mercado: bancos y pymes, oferta y demanda.\u00a0\u00a0O se ponen de acuerdo para redefinir las reglas del juego, o ambos\u00a0\u00a0saldr\u00e1n perdiendo: las pymes sin financiaci\u00f3n, los bancos sin clientes.<\/span><\/div>\n<div style=\"text-align: justify;\"><span style=\"color: #000080;\">\u201cAl final siempre nos quedar\u00e1 Par\u00eds\u2026\u201d dec\u00eda Rick (Humphrey Bogart) a Ilsa (Ingrid Bergman) en Casablanca. Les quedaba el recuerdo de algo maravilloso que\u00a0\u00a0les serv\u00eda de\u00a0\u00a0consuelo en\u00a0\u00a0momentos dif\u00edciles. La banca hoy parafrasea a Rick y repite: \u201cAl final siempre nos quedar\u00e1 la Deuda P\u00fablica\u2026\u201d; pero no es lo mismo.<\/span><\/div>\n<div style=\"text-align: right;\">08.02.11<\/div>\n","protected":false},"excerpt":{"rendered":"<p>No es una ocurrencia de la ONU. Tampoco estamos hablando del calendario chino, que este a\u00f1o es el del conejo. M\u00e1s sencillo: nos estamos refiriendo a esas empresas que constituyen el 99,8% de nuestro tejido empresarial, que generan el 89% &hellip; <a href=\"https:\/\/www.ignaciovalduerteles.es\/blog\/articulos\/expansion\/el-ano-de-las-pymes\/\">Continuar<\/a><\/p>\n","protected":false},"author":1,"featured_media":0,"parent":21,"menu_order":2,"comment_status":"open","ping_status":"open","template":"sidebar-page.php","meta":{"kt_blocks_editor_width":""},"yoast_head":"<!-- This site is optimized with the Yoast SEO plugin v19.0 - https:\/\/yoast.com\/wordpress\/plugins\/seo\/ -->\n<title>El a\u00f1o de las PYMES - Ignacio Valduerteles Bartos<\/title>\n<meta name=\"description\" content=\"Blog personal de Ignacio Valdu\u00e9rteles, Dr. en Administraci\u00f3n y Direcci\u00f3n de Empresas y miembro destacado en la hermandad la Soledad de San Lorenzo, en Sevilla\" \/>\n<meta name=\"robots\" content=\"index, follow, max-snippet:-1, max-image-preview:large, max-video-preview:-1\" \/>\n<link rel=\"canonical\" href=\"https:\/\/www.ignaciovalduerteles.es\/blog\/articulos\/expansion\/el-ano-de-las-pymes\/\" \/>\n<meta property=\"og:locale\" content=\"es_ES\" \/>\n<meta property=\"og:type\" content=\"article\" \/>\n<meta property=\"og:title\" content=\"El a\u00f1o de las PYMES - Ignacio Valduerteles Bartos\" \/>\n<meta property=\"og:description\" content=\"Blog personal de Ignacio Valdu\u00e9rteles, Dr. en Administraci\u00f3n y Direcci\u00f3n de Empresas y miembro destacado en la hermandad la Soledad de San Lorenzo, en Sevilla\" \/>\n<meta property=\"og:url\" content=\"https:\/\/www.ignaciovalduerteles.es\/blog\/articulos\/expansion\/el-ano-de-las-pymes\/\" \/>\n<meta property=\"og:site_name\" content=\"Ignacio Valduerteles Bartos\" \/>\n<meta property=\"article:modified_time\" content=\"2011-07-31T20:27:16+00:00\" \/>\n<meta property=\"og:image\" content=\"https:\/\/www.ignaciovalduerteles.es\/blog\/wp-content\/uploads\/2022\/02\/banner1-1024x292.png\" \/>\n\t<meta property=\"og:image:width\" content=\"1024\" \/>\n\t<meta property=\"og:image:height\" content=\"292\" \/>\n\t<meta property=\"og:image:type\" content=\"image\/png\" \/>\n<meta name=\"twitter:card\" content=\"summary_large_image\" \/>\n<meta name=\"twitter:label1\" content=\"Tiempo de lectura\" \/>\n\t<meta name=\"twitter:data1\" content=\"4 minutos\" \/>\n<script type=\"application\/ld+json\" class=\"yoast-schema-graph\">{\"@context\":\"https:\/\/schema.org\",\"@graph\":[{\"@type\":[\"Person\",\"Organization\"],\"@id\":\"https:\/\/www.ignaciovalduerteles.es\/blog\/#\/schema\/person\/c4ab4ed77f14e0141ba3dcd9c6f501d5\",\"name\":\"Ignacio Valduerteles Bartos\",\"image\":{\"@type\":\"ImageObject\",\"inLanguage\":\"es\",\"@id\":\"https:\/\/www.ignaciovalduerteles.es\/blog\/#\/schema\/person\/image\/\",\"url\":\"https:\/\/www.ignaciovalduerteles.es\/blog\/wp-content\/uploads\/2022\/02\/cabecera-1024x390.png\",\"contentUrl\":\"https:\/\/www.ignaciovalduerteles.es\/blog\/wp-content\/uploads\/2022\/02\/cabecera-1024x390.png\",\"width\":1024,\"height\":390,\"caption\":\"Ignacio Valduerteles Bartos\"},\"logo\":{\"@id\":\"https:\/\/www.ignaciovalduerteles.es\/blog\/#\/schema\/person\/image\/\"},\"sameAs\":[\"http:\/\/www.ivb.es\"]},{\"@type\":\"WebSite\",\"@id\":\"https:\/\/www.ignaciovalduerteles.es\/blog\/#website\",\"url\":\"https:\/\/www.ignaciovalduerteles.es\/blog\/\",\"name\":\"Ignacio Valduerteles Bartos\",\"description\":\"Reflexiones y art\u00edculos del Ignacio Valdu\u00e9rteles\",\"publisher\":{\"@id\":\"https:\/\/www.ignaciovalduerteles.es\/blog\/#\/schema\/person\/c4ab4ed77f14e0141ba3dcd9c6f501d5\"},\"potentialAction\":[{\"@type\":\"SearchAction\",\"target\":{\"@type\":\"EntryPoint\",\"urlTemplate\":\"https:\/\/www.ignaciovalduerteles.es\/blog\/?s={search_term_string}\"},\"query-input\":\"required name=search_term_string\"}],\"inLanguage\":\"es\"},{\"@type\":\"WebPage\",\"@id\":\"https:\/\/www.ignaciovalduerteles.es\/blog\/articulos\/expansion\/el-ano-de-las-pymes\/#webpage\",\"url\":\"https:\/\/www.ignaciovalduerteles.es\/blog\/articulos\/expansion\/el-ano-de-las-pymes\/\",\"name\":\"El a\u00f1o de las PYMES - Ignacio Valduerteles Bartos\",\"isPartOf\":{\"@id\":\"https:\/\/www.ignaciovalduerteles.es\/blog\/#website\"},\"datePublished\":\"2011-02-08T16:37:09+00:00\",\"dateModified\":\"2011-07-31T20:27:16+00:00\",\"description\":\"Blog personal de Ignacio Valdu\u00e9rteles, Dr. en Administraci\u00f3n y Direcci\u00f3n de Empresas y miembro destacado en la hermandad la Soledad de San Lorenzo, en Sevilla\",\"breadcrumb\":{\"@id\":\"https:\/\/www.ignaciovalduerteles.es\/blog\/articulos\/expansion\/el-ano-de-las-pymes\/#breadcrumb\"},\"inLanguage\":\"es\",\"potentialAction\":[{\"@type\":\"ReadAction\",\"target\":[\"https:\/\/www.ignaciovalduerteles.es\/blog\/articulos\/expansion\/el-ano-de-las-pymes\/\"]}]},{\"@type\":\"BreadcrumbList\",\"@id\":\"https:\/\/www.ignaciovalduerteles.es\/blog\/articulos\/expansion\/el-ano-de-las-pymes\/#breadcrumb\",\"itemListElement\":[{\"@type\":\"ListItem\",\"position\":1,\"name\":\"Portada\",\"item\":\"https:\/\/www.ignaciovalduerteles.es\/blog\/\"},{\"@type\":\"ListItem\",\"position\":2,\"name\":\"Art\u00edculos\",\"item\":\"https:\/\/www.ignaciovalduerteles.es\/blog\/articulos\/\"},{\"@type\":\"ListItem\",\"position\":3,\"name\":\"Expansi\u00f3n\",\"item\":\"https:\/\/www.ignaciovalduerteles.es\/blog\/articulos\/expansion\/\"},{\"@type\":\"ListItem\",\"position\":4,\"name\":\"El a\u00f1o de las PYMES\"}]}]}<\/script>\n<!-- \/ Yoast SEO plugin. -->","yoast_head_json":{"title":"El a\u00f1o de las PYMES - Ignacio Valduerteles Bartos","description":"Blog personal de Ignacio Valdu\u00e9rteles, Dr. en Administraci\u00f3n y Direcci\u00f3n de Empresas y miembro destacado en la hermandad la Soledad de San Lorenzo, en Sevilla","robots":{"index":"index","follow":"follow","max-snippet":"max-snippet:-1","max-image-preview":"max-image-preview:large","max-video-preview":"max-video-preview:-1"},"canonical":"https:\/\/www.ignaciovalduerteles.es\/blog\/articulos\/expansion\/el-ano-de-las-pymes\/","og_locale":"es_ES","og_type":"article","og_title":"El a\u00f1o de las PYMES - Ignacio Valduerteles Bartos","og_description":"Blog personal de Ignacio Valdu\u00e9rteles, Dr. en Administraci\u00f3n y Direcci\u00f3n de Empresas y miembro destacado en la hermandad la Soledad de San Lorenzo, en Sevilla","og_url":"https:\/\/www.ignaciovalduerteles.es\/blog\/articulos\/expansion\/el-ano-de-las-pymes\/","og_site_name":"Ignacio Valduerteles Bartos","article_modified_time":"2011-07-31T20:27:16+00:00","og_image":[{"width":1024,"height":292,"url":"https:\/\/www.ignaciovalduerteles.es\/blog\/wp-content\/uploads\/2022\/02\/banner1-1024x292.png","type":"image\/png"}],"twitter_card":"summary_large_image","twitter_misc":{"Tiempo de lectura":"4 minutos"},"schema":{"@context":"https:\/\/schema.org","@graph":[{"@type":["Person","Organization"],"@id":"https:\/\/www.ignaciovalduerteles.es\/blog\/#\/schema\/person\/c4ab4ed77f14e0141ba3dcd9c6f501d5","name":"Ignacio Valduerteles Bartos","image":{"@type":"ImageObject","inLanguage":"es","@id":"https:\/\/www.ignaciovalduerteles.es\/blog\/#\/schema\/person\/image\/","url":"https:\/\/www.ignaciovalduerteles.es\/blog\/wp-content\/uploads\/2022\/02\/cabecera-1024x390.png","contentUrl":"https:\/\/www.ignaciovalduerteles.es\/blog\/wp-content\/uploads\/2022\/02\/cabecera-1024x390.png","width":1024,"height":390,"caption":"Ignacio Valduerteles Bartos"},"logo":{"@id":"https:\/\/www.ignaciovalduerteles.es\/blog\/#\/schema\/person\/image\/"},"sameAs":["http:\/\/www.ivb.es"]},{"@type":"WebSite","@id":"https:\/\/www.ignaciovalduerteles.es\/blog\/#website","url":"https:\/\/www.ignaciovalduerteles.es\/blog\/","name":"Ignacio Valduerteles Bartos","description":"Reflexiones y art\u00edculos del Ignacio Valdu\u00e9rteles","publisher":{"@id":"https:\/\/www.ignaciovalduerteles.es\/blog\/#\/schema\/person\/c4ab4ed77f14e0141ba3dcd9c6f501d5"},"potentialAction":[{"@type":"SearchAction","target":{"@type":"EntryPoint","urlTemplate":"https:\/\/www.ignaciovalduerteles.es\/blog\/?s={search_term_string}"},"query-input":"required name=search_term_string"}],"inLanguage":"es"},{"@type":"WebPage","@id":"https:\/\/www.ignaciovalduerteles.es\/blog\/articulos\/expansion\/el-ano-de-las-pymes\/#webpage","url":"https:\/\/www.ignaciovalduerteles.es\/blog\/articulos\/expansion\/el-ano-de-las-pymes\/","name":"El a\u00f1o de las PYMES - Ignacio Valduerteles Bartos","isPartOf":{"@id":"https:\/\/www.ignaciovalduerteles.es\/blog\/#website"},"datePublished":"2011-02-08T16:37:09+00:00","dateModified":"2011-07-31T20:27:16+00:00","description":"Blog personal de Ignacio Valdu\u00e9rteles, Dr. en Administraci\u00f3n y Direcci\u00f3n de Empresas y miembro destacado en la hermandad la Soledad de San Lorenzo, en Sevilla","breadcrumb":{"@id":"https:\/\/www.ignaciovalduerteles.es\/blog\/articulos\/expansion\/el-ano-de-las-pymes\/#breadcrumb"},"inLanguage":"es","potentialAction":[{"@type":"ReadAction","target":["https:\/\/www.ignaciovalduerteles.es\/blog\/articulos\/expansion\/el-ano-de-las-pymes\/"]}]},{"@type":"BreadcrumbList","@id":"https:\/\/www.ignaciovalduerteles.es\/blog\/articulos\/expansion\/el-ano-de-las-pymes\/#breadcrumb","itemListElement":[{"@type":"ListItem","position":1,"name":"Portada","item":"https:\/\/www.ignaciovalduerteles.es\/blog\/"},{"@type":"ListItem","position":2,"name":"Art\u00edculos","item":"https:\/\/www.ignaciovalduerteles.es\/blog\/articulos\/"},{"@type":"ListItem","position":3,"name":"Expansi\u00f3n","item":"https:\/\/www.ignaciovalduerteles.es\/blog\/articulos\/expansion\/"},{"@type":"ListItem","position":4,"name":"El a\u00f1o de las PYMES"}]}]}},"_links":{"self":[{"href":"https:\/\/www.ignaciovalduerteles.es\/blog\/wp-json\/wp\/v2\/pages\/216"}],"collection":[{"href":"https:\/\/www.ignaciovalduerteles.es\/blog\/wp-json\/wp\/v2\/pages"}],"about":[{"href":"https:\/\/www.ignaciovalduerteles.es\/blog\/wp-json\/wp\/v2\/types\/page"}],"author":[{"embeddable":true,"href":"https:\/\/www.ignaciovalduerteles.es\/blog\/wp-json\/wp\/v2\/users\/1"}],"replies":[{"embeddable":true,"href":"https:\/\/www.ignaciovalduerteles.es\/blog\/wp-json\/wp\/v2\/comments?post=216"}],"version-history":[{"count":3,"href":"https:\/\/www.ignaciovalduerteles.es\/blog\/wp-json\/wp\/v2\/pages\/216\/revisions"}],"predecessor-version":[{"id":697,"href":"https:\/\/www.ignaciovalduerteles.es\/blog\/wp-json\/wp\/v2\/pages\/216\/revisions\/697"}],"up":[{"embeddable":true,"href":"https:\/\/www.ignaciovalduerteles.es\/blog\/wp-json\/wp\/v2\/pages\/21"}],"wp:attachment":[{"href":"https:\/\/www.ignaciovalduerteles.es\/blog\/wp-json\/wp\/v2\/media?parent=216"}],"curies":[{"name":"wp","href":"https:\/\/api.w.org\/{rel}","templated":true}]}}