{"id":231,"date":"2010-05-11T16:47:05","date_gmt":"2010-05-11T16:47:05","guid":{"rendered":"http:\/\/www.guadaoliva.comlu.com\/blog\/?page_id=231"},"modified":"2011-07-31T22:36:05","modified_gmt":"2011-07-31T20:36:05","slug":"iva-contumaz","status":"publish","type":"page","link":"https:\/\/www.ignaciovalduerteles.es\/blog\/articulos\/expansion\/iva-contumaz\/","title":{"rendered":"IVA Contumaz"},"content":{"rendered":"<div style=\"text-align: justify;\"><span style=\"color: #000080;\">Los m\u00e9dicos de los servicios de emergencia tienen una especial habilidad para, ante un accidentado, ir directamente, sin titubeos, a la herida m\u00e1s grave, la que requiere atenci\u00f3n inmediata, aunque quiz\u00e1 no sea la m\u00e1s escandalosa.<\/span><\/div>\n<div style=\"text-align: justify;\"><span style=\"color: #000080;\">Espa\u00f1a est\u00e1 peor que los ocupantes de un coche que acaba de chocar frontalmente contra la pared de la incompetencia. Las heridas se multiplican: fracaso econ\u00f3mico, paro galopante, corrupci\u00f3n pol\u00edtica, deterioro de la justicia, reapertura de viejas heridas \u2013ya cicatrizadas- de las dos Espa\u00f1as,\u00a0\u00a0nuevos devaneos con ETA, nacionalismos exacerbados y bastante m\u00e1s. Realmente el enfermo est\u00e1 politraumatizado. El problema est\u00e1 en saber por donde hay que empezar a intervenir y cu\u00e1les son las decisiones m\u00e1s inmediatas a tomar.<\/span><\/div>\n<div style=\"text-align: justify;\"><span style=\"color: #000080;\">Todos los temas son importantes; pero, sin duda, el m\u00e1s urgente es el econ\u00f3mico. Lo que realmente urge son los cinco millones de parados (s\u00ed, cinco millones, sin maquillajes), el incremento del d\u00e9ficit p\u00fablico, y de la deuda que tiene que financiarlo,\u00a0\u00a0y la falta de inversiones y productividad. En definitiva: la situaci\u00f3n econ\u00f3mica.<\/span><\/div>\n<div style=\"text-align: justify;\"><span style=\"color: #000080;\">\u00a0Con este panorama, en el que los directores de peri\u00f3dicos tienen problemas, cada noche, para seleccionar los titulares de portada, porque se les amontonan, dentro de pocas semanas nos toparemos con la subida del IVA.\u00a0\u00a0Con la que est\u00e1 cayendo, \u00bfdebe preocuparnos realmente la subida del IVA en dos puntos a partir del uno de julio?, \u00bftan graves pueden ser las consecuencias?<\/span><\/div>\n<div style=\"text-align: justify;\"><span style=\"color: #000080;\">El planteamiento inicial parece muy simple: si aumento el IVA aumenta la recaudaci\u00f3n y disminuir\u00e1 el d\u00e9ficit p\u00fablico. Sencillo; pero la realidad es m\u00e1s compleja. Se les olvida a los responsables econ\u00f3micos algo elemental: la sociedad\u00a0\u00a0es din\u00e1mica. Eso significa que si modifico una\u00a0variable las dem\u00e1s se reajustar\u00e1n inmediatamente para absorber esa modificaci\u00f3n y minimizar su impacto.<\/span><\/div>\n<div style=\"text-align: justify;\"><span style=\"color: #000080;\">Para empezar, esa subida provoca una subida de precios y, consecuentemente, una disminuci\u00f3n del consumo. Hasta ahora el consumo est\u00e1 cayendo por dos motivos: los que est\u00e1n en paro consumen menos, evidente, y los que a\u00fan no lo est\u00e1n, precavidos, disminuyen su consumo, dedicando esas rentas al ahorro, por lo que pueda pasar. A\u00a0\u00a0un aumento de precios, por peque\u00f1o que \u00e9ste sea, se reacciona con una disminuci\u00f3n del consumo en un porcentaje similar, al menos,\u00a0\u00a0al aumento de los precios, con lo que el aumento de recaudaci\u00f3n por IVA se anula.<\/span><\/div>\n<div style=\"text-align: justify;\"><span style=\"color: #000080;\">\u00bfY si los fabricantes o distribuidores no trasladasen esa subida a los consumidores, como sugieren desde el Gobierno, sino que lo asumiesen ellos?, as\u00ed el consumo se mantendr\u00eda. Pasando por alto la frivolidad que supone proponer\u00a0\u00a0a una de las partes que cargue con la subida y no la traslade a otros, en el supuesto de que esto ocurriera, los beneficios de ese productor, o distribuidor, disminuir\u00edan y su cuota del Impuesto de Sociedades tambi\u00e9n. As\u00ed lo que se aumentase en la recaudaci\u00f3n por IVA, se perder\u00eda en el Impuesto de Sociedades, con lo que volver\u00edamos a anular el aumento de recaudaci\u00f3n.<\/span><\/div>\n<div style=\"text-align: justify;\"><span style=\"color: #000080;\">Hay m\u00e1s. Esa disminuci\u00f3n del consumo, o lo que es lo mismo, esa disminuci\u00f3n en las ventas \u2013y resultados- de las empresas tiene una traducci\u00f3n inmediata en la producci\u00f3n. Si se consume menos hay que producir menos, y si se produce menos habr\u00e1 que reducir el n\u00famero de empleados, es decir: aumento del paro. Si\u00a0\u00a0tengo menos beneficios podr\u00e9 invertir menos, lo que supone menos competitividad.<\/span><\/div>\n<div style=\"text-align: justify;\"><span style=\"color: #000080;\">Un \u00faltimo detalle, esa subida va a producirse el uno de julio, justo al inicio de la campa\u00f1a tur\u00edstica. \u00bfrealmente preocupa a los turistas una subida del IVA en dos puntos?. A ellos no s\u00e9, pero a las grandes operadoras, que son las que realmente mueven los flujos de viajeros y que funcionan con m\u00e1rgenes muy estrechos,\u00a0\u00a0esa subida es suficiente para trasladar sus ofertas a otros pa\u00edses que les garanticen su margen.<\/span><\/div>\n<div style=\"text-align: justify;\"><span style=\"color: #000080;\">En resumen: a partir del uno de julio tendremos una subida de impuestos igual para todos, disminuci\u00f3n del consumo, disminuci\u00f3n de ventas y, consecuentemente,\u00a0\u00a0aumento del paro. La m\u00e1s optimista de las previsiones estima\u00a0\u00a0que el improbable aumento de recaudaci\u00f3n s\u00f3lo servir\u00eda para pagar las prestaciones de los nuevos desempleados que esta subida va a generar.<\/span><\/div>\n<div style=\"text-align: right;\"><span style=\"color: #000080;\">11.05.10<\/span><\/div>\n","protected":false},"excerpt":{"rendered":"<p>Los m\u00e9dicos de los servicios de emergencia tienen una especial habilidad para, ante un accidentado, ir directamente, sin titubeos, a la herida m\u00e1s grave, la que requiere atenci\u00f3n inmediata, aunque quiz\u00e1 no sea la m\u00e1s escandalosa. Espa\u00f1a est\u00e1 peor que &hellip; <a href=\"https:\/\/www.ignaciovalduerteles.es\/blog\/articulos\/expansion\/iva-contumaz\/\">Continuar<\/a><\/p>\n","protected":false},"author":1,"featured_media":0,"parent":21,"menu_order":2,"comment_status":"open","ping_status":"open","template":"sidebar-page.php","meta":{"kt_blocks_editor_width":""},"yoast_head":"<!-- This site is optimized with the Yoast SEO plugin v19.0 - https:\/\/yoast.com\/wordpress\/plugins\/seo\/ -->\n<title>IVA Contumaz - Ignacio Valduerteles Bartos<\/title>\n<meta name=\"description\" content=\"Blog personal de Ignacio Valdu\u00e9rteles, Dr. en Administraci\u00f3n y Direcci\u00f3n de Empresas y miembro destacado en la hermandad la Soledad de San Lorenzo, en Sevilla\" \/>\n<meta name=\"robots\" content=\"index, follow, max-snippet:-1, max-image-preview:large, max-video-preview:-1\" \/>\n<link rel=\"canonical\" href=\"https:\/\/www.ignaciovalduerteles.es\/blog\/articulos\/expansion\/iva-contumaz\/\" \/>\n<meta property=\"og:locale\" content=\"es_ES\" \/>\n<meta property=\"og:type\" content=\"article\" \/>\n<meta property=\"og:title\" content=\"IVA Contumaz - Ignacio Valduerteles Bartos\" \/>\n<meta property=\"og:description\" content=\"Blog personal de Ignacio Valdu\u00e9rteles, Dr. en Administraci\u00f3n y Direcci\u00f3n de Empresas y miembro destacado en la hermandad la Soledad de San Lorenzo, en Sevilla\" \/>\n<meta property=\"og:url\" content=\"https:\/\/www.ignaciovalduerteles.es\/blog\/articulos\/expansion\/iva-contumaz\/\" \/>\n<meta property=\"og:site_name\" content=\"Ignacio Valduerteles Bartos\" \/>\n<meta property=\"article:modified_time\" content=\"2011-07-31T20:36:05+00:00\" \/>\n<meta property=\"og:image\" content=\"https:\/\/www.ignaciovalduerteles.es\/blog\/wp-content\/uploads\/2022\/02\/banner1-1024x292.png\" \/>\n\t<meta property=\"og:image:width\" content=\"1024\" \/>\n\t<meta property=\"og:image:height\" content=\"292\" \/>\n\t<meta property=\"og:image:type\" content=\"image\/png\" \/>\n<meta name=\"twitter:card\" content=\"summary_large_image\" \/>\n<meta name=\"twitter:label1\" content=\"Tiempo de lectura\" \/>\n\t<meta name=\"twitter:data1\" content=\"4 minutos\" \/>\n<script type=\"application\/ld+json\" class=\"yoast-schema-graph\">{\"@context\":\"https:\/\/schema.org\",\"@graph\":[{\"@type\":[\"Person\",\"Organization\"],\"@id\":\"https:\/\/www.ignaciovalduerteles.es\/blog\/#\/schema\/person\/c4ab4ed77f14e0141ba3dcd9c6f501d5\",\"name\":\"Ignacio Valduerteles Bartos\",\"image\":{\"@type\":\"ImageObject\",\"inLanguage\":\"es\",\"@id\":\"https:\/\/www.ignaciovalduerteles.es\/blog\/#\/schema\/person\/image\/\",\"url\":\"https:\/\/www.ignaciovalduerteles.es\/blog\/wp-content\/uploads\/2022\/02\/cabecera-1024x390.png\",\"contentUrl\":\"https:\/\/www.ignaciovalduerteles.es\/blog\/wp-content\/uploads\/2022\/02\/cabecera-1024x390.png\",\"width\":1024,\"height\":390,\"caption\":\"Ignacio Valduerteles Bartos\"},\"logo\":{\"@id\":\"https:\/\/www.ignaciovalduerteles.es\/blog\/#\/schema\/person\/image\/\"},\"sameAs\":[\"http:\/\/www.ivb.es\"]},{\"@type\":\"WebSite\",\"@id\":\"https:\/\/www.ignaciovalduerteles.es\/blog\/#website\",\"url\":\"https:\/\/www.ignaciovalduerteles.es\/blog\/\",\"name\":\"Ignacio Valduerteles Bartos\",\"description\":\"Reflexiones y art\u00edculos del Ignacio Valdu\u00e9rteles\",\"publisher\":{\"@id\":\"https:\/\/www.ignaciovalduerteles.es\/blog\/#\/schema\/person\/c4ab4ed77f14e0141ba3dcd9c6f501d5\"},\"potentialAction\":[{\"@type\":\"SearchAction\",\"target\":{\"@type\":\"EntryPoint\",\"urlTemplate\":\"https:\/\/www.ignaciovalduerteles.es\/blog\/?s={search_term_string}\"},\"query-input\":\"required name=search_term_string\"}],\"inLanguage\":\"es\"},{\"@type\":\"WebPage\",\"@id\":\"https:\/\/www.ignaciovalduerteles.es\/blog\/articulos\/expansion\/iva-contumaz\/#webpage\",\"url\":\"https:\/\/www.ignaciovalduerteles.es\/blog\/articulos\/expansion\/iva-contumaz\/\",\"name\":\"IVA Contumaz - Ignacio Valduerteles Bartos\",\"isPartOf\":{\"@id\":\"https:\/\/www.ignaciovalduerteles.es\/blog\/#website\"},\"datePublished\":\"2010-05-11T16:47:05+00:00\",\"dateModified\":\"2011-07-31T20:36:05+00:00\",\"description\":\"Blog personal de Ignacio Valdu\u00e9rteles, Dr. en Administraci\u00f3n y Direcci\u00f3n de Empresas y miembro destacado en la hermandad la Soledad de San Lorenzo, en Sevilla\",\"breadcrumb\":{\"@id\":\"https:\/\/www.ignaciovalduerteles.es\/blog\/articulos\/expansion\/iva-contumaz\/#breadcrumb\"},\"inLanguage\":\"es\",\"potentialAction\":[{\"@type\":\"ReadAction\",\"target\":[\"https:\/\/www.ignaciovalduerteles.es\/blog\/articulos\/expansion\/iva-contumaz\/\"]}]},{\"@type\":\"BreadcrumbList\",\"@id\":\"https:\/\/www.ignaciovalduerteles.es\/blog\/articulos\/expansion\/iva-contumaz\/#breadcrumb\",\"itemListElement\":[{\"@type\":\"ListItem\",\"position\":1,\"name\":\"Portada\",\"item\":\"https:\/\/www.ignaciovalduerteles.es\/blog\/\"},{\"@type\":\"ListItem\",\"position\":2,\"name\":\"Art\u00edculos\",\"item\":\"https:\/\/www.ignaciovalduerteles.es\/blog\/articulos\/\"},{\"@type\":\"ListItem\",\"position\":3,\"name\":\"Expansi\u00f3n\",\"item\":\"https:\/\/www.ignaciovalduerteles.es\/blog\/articulos\/expansion\/\"},{\"@type\":\"ListItem\",\"position\":4,\"name\":\"IVA Contumaz\"}]}]}<\/script>\n<!-- \/ Yoast SEO plugin. -->","yoast_head_json":{"title":"IVA Contumaz - Ignacio Valduerteles Bartos","description":"Blog personal de Ignacio Valdu\u00e9rteles, Dr. en Administraci\u00f3n y Direcci\u00f3n de Empresas y miembro destacado en la hermandad la Soledad de San Lorenzo, en Sevilla","robots":{"index":"index","follow":"follow","max-snippet":"max-snippet:-1","max-image-preview":"max-image-preview:large","max-video-preview":"max-video-preview:-1"},"canonical":"https:\/\/www.ignaciovalduerteles.es\/blog\/articulos\/expansion\/iva-contumaz\/","og_locale":"es_ES","og_type":"article","og_title":"IVA Contumaz - Ignacio Valduerteles Bartos","og_description":"Blog personal de Ignacio Valdu\u00e9rteles, Dr. en Administraci\u00f3n y Direcci\u00f3n de Empresas y miembro destacado en la hermandad la Soledad de San Lorenzo, en Sevilla","og_url":"https:\/\/www.ignaciovalduerteles.es\/blog\/articulos\/expansion\/iva-contumaz\/","og_site_name":"Ignacio Valduerteles Bartos","article_modified_time":"2011-07-31T20:36:05+00:00","og_image":[{"width":1024,"height":292,"url":"https:\/\/www.ignaciovalduerteles.es\/blog\/wp-content\/uploads\/2022\/02\/banner1-1024x292.png","type":"image\/png"}],"twitter_card":"summary_large_image","twitter_misc":{"Tiempo de lectura":"4 minutos"},"schema":{"@context":"https:\/\/schema.org","@graph":[{"@type":["Person","Organization"],"@id":"https:\/\/www.ignaciovalduerteles.es\/blog\/#\/schema\/person\/c4ab4ed77f14e0141ba3dcd9c6f501d5","name":"Ignacio Valduerteles Bartos","image":{"@type":"ImageObject","inLanguage":"es","@id":"https:\/\/www.ignaciovalduerteles.es\/blog\/#\/schema\/person\/image\/","url":"https:\/\/www.ignaciovalduerteles.es\/blog\/wp-content\/uploads\/2022\/02\/cabecera-1024x390.png","contentUrl":"https:\/\/www.ignaciovalduerteles.es\/blog\/wp-content\/uploads\/2022\/02\/cabecera-1024x390.png","width":1024,"height":390,"caption":"Ignacio Valduerteles Bartos"},"logo":{"@id":"https:\/\/www.ignaciovalduerteles.es\/blog\/#\/schema\/person\/image\/"},"sameAs":["http:\/\/www.ivb.es"]},{"@type":"WebSite","@id":"https:\/\/www.ignaciovalduerteles.es\/blog\/#website","url":"https:\/\/www.ignaciovalduerteles.es\/blog\/","name":"Ignacio Valduerteles Bartos","description":"Reflexiones y art\u00edculos del Ignacio Valdu\u00e9rteles","publisher":{"@id":"https:\/\/www.ignaciovalduerteles.es\/blog\/#\/schema\/person\/c4ab4ed77f14e0141ba3dcd9c6f501d5"},"potentialAction":[{"@type":"SearchAction","target":{"@type":"EntryPoint","urlTemplate":"https:\/\/www.ignaciovalduerteles.es\/blog\/?s={search_term_string}"},"query-input":"required name=search_term_string"}],"inLanguage":"es"},{"@type":"WebPage","@id":"https:\/\/www.ignaciovalduerteles.es\/blog\/articulos\/expansion\/iva-contumaz\/#webpage","url":"https:\/\/www.ignaciovalduerteles.es\/blog\/articulos\/expansion\/iva-contumaz\/","name":"IVA Contumaz - Ignacio Valduerteles Bartos","isPartOf":{"@id":"https:\/\/www.ignaciovalduerteles.es\/blog\/#website"},"datePublished":"2010-05-11T16:47:05+00:00","dateModified":"2011-07-31T20:36:05+00:00","description":"Blog personal de Ignacio Valdu\u00e9rteles, Dr. en Administraci\u00f3n y Direcci\u00f3n de Empresas y miembro destacado en la hermandad la Soledad de San Lorenzo, en Sevilla","breadcrumb":{"@id":"https:\/\/www.ignaciovalduerteles.es\/blog\/articulos\/expansion\/iva-contumaz\/#breadcrumb"},"inLanguage":"es","potentialAction":[{"@type":"ReadAction","target":["https:\/\/www.ignaciovalduerteles.es\/blog\/articulos\/expansion\/iva-contumaz\/"]}]},{"@type":"BreadcrumbList","@id":"https:\/\/www.ignaciovalduerteles.es\/blog\/articulos\/expansion\/iva-contumaz\/#breadcrumb","itemListElement":[{"@type":"ListItem","position":1,"name":"Portada","item":"https:\/\/www.ignaciovalduerteles.es\/blog\/"},{"@type":"ListItem","position":2,"name":"Art\u00edculos","item":"https:\/\/www.ignaciovalduerteles.es\/blog\/articulos\/"},{"@type":"ListItem","position":3,"name":"Expansi\u00f3n","item":"https:\/\/www.ignaciovalduerteles.es\/blog\/articulos\/expansion\/"},{"@type":"ListItem","position":4,"name":"IVA Contumaz"}]}]}},"_links":{"self":[{"href":"https:\/\/www.ignaciovalduerteles.es\/blog\/wp-json\/wp\/v2\/pages\/231"}],"collection":[{"href":"https:\/\/www.ignaciovalduerteles.es\/blog\/wp-json\/wp\/v2\/pages"}],"about":[{"href":"https:\/\/www.ignaciovalduerteles.es\/blog\/wp-json\/wp\/v2\/types\/page"}],"author":[{"embeddable":true,"href":"https:\/\/www.ignaciovalduerteles.es\/blog\/wp-json\/wp\/v2\/users\/1"}],"replies":[{"embeddable":true,"href":"https:\/\/www.ignaciovalduerteles.es\/blog\/wp-json\/wp\/v2\/comments?post=231"}],"version-history":[{"count":3,"href":"https:\/\/www.ignaciovalduerteles.es\/blog\/wp-json\/wp\/v2\/pages\/231\/revisions"}],"predecessor-version":[{"id":705,"href":"https:\/\/www.ignaciovalduerteles.es\/blog\/wp-json\/wp\/v2\/pages\/231\/revisions\/705"}],"up":[{"embeddable":true,"href":"https:\/\/www.ignaciovalduerteles.es\/blog\/wp-json\/wp\/v2\/pages\/21"}],"wp:attachment":[{"href":"https:\/\/www.ignaciovalduerteles.es\/blog\/wp-json\/wp\/v2\/media?parent=231"}],"curies":[{"name":"wp","href":"https:\/\/api.w.org\/{rel}","templated":true}]}}