{"id":233,"date":"2010-06-13T16:48:02","date_gmt":"2010-06-13T16:48:02","guid":{"rendered":"http:\/\/www.guadaoliva.comlu.com\/blog\/?page_id=233"},"modified":"2011-07-31T22:34:59","modified_gmt":"2011-07-31T20:34:59","slug":"233-2","status":"publish","type":"page","link":"https:\/\/www.ignaciovalduerteles.es\/blog\/articulos\/expansion\/233-2\/","title":{"rendered":"Lecciones del Siglo XII"},"content":{"rendered":"<div style=\"text-align: justify;\"><span style=\"color: #000080;\">Santo Domingo de Guzm\u00e1n vivi\u00f3 entre los siglos XII y XIII. A los 23 a\u00f1os fue ordenado sacerdote y un a\u00f1o m\u00e1s tarde nombrado can\u00f3nigo. Excepcionalmente brillante, pronto le encomendaron\u00a0\u00a0misiones que le llevaron por Europa, una Europa a\u00fan balbuciente, que comenzaba a articularse en torno a la doctrina de la\u00a0\u00a0Iglesia Cat\u00f3lica. Un grave peligro amenazaba entonces\u00a0\u00a0la identidad europea: la herej\u00eda de los albigenses, que, m\u00e1s all\u00e1 de las disputas teol\u00f3gicas, lo que pon\u00eda en crisis era un modelo social\u00a0\u00a0articulado en torno a un determinado esquema conceptual.\u00a0Conscientes de este peligro, el remedio propuesto para mantener la cohesi\u00f3n social era muy simple. Sencillamente se\u00a0\u00a0le propon\u00eda los albigenses: \u201cO te retractas de tu herej\u00eda\u00a0\u00a0o te mato\u201d. Simple y de dudosa eficacia.<\/span><\/div>\n<div style=\"text-align: justify;\"><span style=\"color: #000080;\">\u00a0\u00a0\u00a0\u00a0\u00a0\u00a0\u00a0\u00a0\u00a0\u00a0\u00a0\u00a0La propuesta de Santo Domingo ante esta situaci\u00f3n \u2013tremendamente grave, puesto que se estaba poniendo en peligro la incipiente identidad social lograda- fue m\u00e1s all\u00e1 de la aplicaci\u00f3n contundente de medidas que anularan las manifestaciones del problema. Despu\u00e9s de analizar a fondo la situaci\u00f3n vio claro que el problema no era la herej\u00eda, sino la falta de educaci\u00f3n que propiciaba la aparici\u00f3n de esa desviaci\u00f3n o de cualquier otra.<\/span><\/div>\n<div style=\"text-align: justify;\"><span style=\"color: #000080;\">\u00a0\u00a0\u00a0\u00a0\u00a0\u00a0\u00a0\u00a0\u00a0\u00a0\u00a0\u00a0A partir de este an\u00e1lisis dise\u00f1\u00f3 y ejecut\u00f3 una completa estrategia que se concret\u00f3 en los siguientes puntos: fundaci\u00f3n de una orden religiosa que tuviera como misi\u00f3n el estudio riguroso de la doctrina cat\u00f3lica y su predicaci\u00f3n. Esa orden \u2013los dominicos, tambi\u00e9n llamados predicadores- hab\u00eda de ser mendicante, es decir, vivir de lo que obtuviera, o buenamente le quisieran dar, por sus trabajos y predicaciones, no de subvenciones ni de tributos eclesi\u00e1sticos. Adem\u00e1s complet\u00f3 su tarea con la fundaci\u00f3n de una orden femenina similar -las dominicas- verdadero\u00a0<em>think-tank\u00a0<\/em>de apoyo a la rama que podr\u00edamos llamar ejecutiva, la masculina.<\/span><\/div>\n<div style=\"text-align: justify;\"><span style=\"color: #000080;\">\u00a0\u00a0\u00a0\u00a0\u00a0\u00a0\u00a0\u00a0\u00a0\u00a0\u00a0\u00a0Los resultados de este an\u00e1lisis y de estas iniciativas est\u00e1n en los libros de historia. Europa se cohesion\u00f3. Pocos a\u00f1os despu\u00e9s se incorpor\u00f3 a los dominicos Santo Tom\u00e1s de Aquino, que impuls\u00f3 definitivamente la tarea emprendida y, ya en el siglo XVI, un grupo de neoescol\u00e1sticos configur\u00f3 lo que hoy se conoce como Escuela de Salamanca, que muchos identifican como el nacimiento de la econom\u00eda\u00a0\u00a0(Schumpeter).<\/span><\/div>\n<div style=\"text-align: justify;\"><span style=\"color: #000080;\">Estos son los hechos que deben alimentar la \u201cmemoria hist\u00f3rica\u201d. A partir de ellos merece la pena tratar de encontrar paralelismos con la situaci\u00f3n actual e identificar pistas para orientarse. Ante la presente crisis cultural &#8211; tras el fracaso del comunismo y la adulteraci\u00f3n del liberalismo-, que ha provocado una crisis de valores y, consecuentemente, una profunda crisis econ\u00f3mica, las miradas m\u00e1s torpes se dirigen hacia la aplicaci\u00f3n de medidas rotundas que, como en el siglo XII, traten de anular las manifestaciones externas del problema. Esas medidas van a lo inmediato: gasto p\u00fablico, aumento\u00a0\u00a0de la presi\u00f3n fiscal, control de tipos, planes de rescate (o sea, asumir la deuda de los estados que peor han hecho los deberes); pero en una econom\u00eda globalizada tienen poca eficacia. El PIB y la Balanza de Pagos no\u00a0\u00a0se arreglan ajustando la paridad de la moneda (con el euro, adem\u00e1s, eso ya no es posible),\u00a0\u00a0sino con aumento de la competitividad y eso tiene otro tratamiento.<\/span><\/div>\n<div style=\"text-align: justify;\"><span style=\"color: #000080;\">Es necesario volver a lo ya inventado: hacen falta analistas que vayan m\u00e1s all\u00e1 de lo inmediato y, desde una perspectiva humanista, sepan identificar las causas de la crisis y proponer alternativas. Eso se llama investigaci\u00f3n,\u00a0\u00a0que no es exclusiva de la Universidad,\u00a0\u00a0tambi\u00e9n de la iniciativa privada;\u00a0\u00a0una \u201cinvestigaci\u00f3n de demanda\u201d, no de oferta, como se ha venido generando muchos a\u00f1os. Aunque de poco servir\u00eda esa investigaci\u00f3n si los empresarios no acceden a ella, convenci\u00e9ndose de la necesidad de formaci\u00f3n, de invertir de forma permanente\u00a0\u00a0en la mejora de sus capacidades directivas y de apoyar a las entidades que est\u00e1n trabajando positivamente en esta l\u00ednea.<\/span><\/div>\n<div style=\"text-align: justify;\"><span style=\"color: #000080;\">Es dif\u00edcil que los pol\u00edticos y asimilados entiendan de propuestas a medio y largo plazo;\u00a0\u00a0pero los que no estamos sometidos a la tiran\u00eda de mantener, o conseguir, el poder, s\u00ed podemos reflexionar y exponer estas verdades. Adem\u00e1s no son nuevas, se pusieron en marcha hace nueve siglos.<\/span><\/div>\n<div style=\"text-align: right;\"><span style=\"color: #000080;\">13.06.10<\/span><\/div>\n","protected":false},"excerpt":{"rendered":"<p>Santo Domingo de Guzm\u00e1n vivi\u00f3 entre los siglos XII y XIII. A los 23 a\u00f1os fue ordenado sacerdote y un a\u00f1o m\u00e1s tarde nombrado can\u00f3nigo. Excepcionalmente brillante, pronto le encomendaron\u00a0\u00a0misiones que le llevaron por Europa, una Europa a\u00fan balbuciente, que &hellip; <a href=\"https:\/\/www.ignaciovalduerteles.es\/blog\/articulos\/expansion\/233-2\/\">Continuar<\/a><\/p>\n","protected":false},"author":1,"featured_media":0,"parent":21,"menu_order":2,"comment_status":"open","ping_status":"open","template":"sidebar-page.php","meta":{"kt_blocks_editor_width":""},"yoast_head":"<!-- This site is optimized with the Yoast SEO plugin v19.0 - https:\/\/yoast.com\/wordpress\/plugins\/seo\/ -->\n<title>Lecciones del Siglo XII - Ignacio Valduerteles Bartos<\/title>\n<meta name=\"description\" content=\"Blog personal de Ignacio Valdu\u00e9rteles, Dr. en Administraci\u00f3n y Direcci\u00f3n de Empresas y miembro destacado en la hermandad la Soledad de San Lorenzo, en Sevilla\" \/>\n<meta name=\"robots\" content=\"index, follow, max-snippet:-1, max-image-preview:large, max-video-preview:-1\" \/>\n<link rel=\"canonical\" href=\"https:\/\/www.ignaciovalduerteles.es\/blog\/articulos\/expansion\/233-2\/\" \/>\n<meta property=\"og:locale\" content=\"es_ES\" \/>\n<meta property=\"og:type\" content=\"article\" \/>\n<meta property=\"og:title\" content=\"Lecciones del Siglo XII - Ignacio Valduerteles Bartos\" \/>\n<meta property=\"og:description\" content=\"Blog personal de Ignacio Valdu\u00e9rteles, Dr. en Administraci\u00f3n y Direcci\u00f3n de Empresas y miembro destacado en la hermandad la Soledad de San Lorenzo, en Sevilla\" \/>\n<meta property=\"og:url\" content=\"https:\/\/www.ignaciovalduerteles.es\/blog\/articulos\/expansion\/233-2\/\" \/>\n<meta property=\"og:site_name\" content=\"Ignacio Valduerteles Bartos\" \/>\n<meta property=\"article:modified_time\" content=\"2011-07-31T20:34:59+00:00\" \/>\n<meta property=\"og:image\" content=\"https:\/\/www.ignaciovalduerteles.es\/blog\/wp-content\/uploads\/2022\/02\/banner1-1024x292.png\" \/>\n\t<meta property=\"og:image:width\" content=\"1024\" \/>\n\t<meta property=\"og:image:height\" content=\"292\" \/>\n\t<meta property=\"og:image:type\" content=\"image\/png\" \/>\n<meta name=\"twitter:card\" content=\"summary_large_image\" \/>\n<meta name=\"twitter:label1\" content=\"Tiempo de lectura\" \/>\n\t<meta name=\"twitter:data1\" content=\"4 minutos\" \/>\n<script type=\"application\/ld+json\" class=\"yoast-schema-graph\">{\"@context\":\"https:\/\/schema.org\",\"@graph\":[{\"@type\":[\"Person\",\"Organization\"],\"@id\":\"https:\/\/www.ignaciovalduerteles.es\/blog\/#\/schema\/person\/c4ab4ed77f14e0141ba3dcd9c6f501d5\",\"name\":\"Ignacio Valduerteles Bartos\",\"image\":{\"@type\":\"ImageObject\",\"inLanguage\":\"es\",\"@id\":\"https:\/\/www.ignaciovalduerteles.es\/blog\/#\/schema\/person\/image\/\",\"url\":\"https:\/\/www.ignaciovalduerteles.es\/blog\/wp-content\/uploads\/2022\/02\/cabecera-1024x390.png\",\"contentUrl\":\"https:\/\/www.ignaciovalduerteles.es\/blog\/wp-content\/uploads\/2022\/02\/cabecera-1024x390.png\",\"width\":1024,\"height\":390,\"caption\":\"Ignacio Valduerteles Bartos\"},\"logo\":{\"@id\":\"https:\/\/www.ignaciovalduerteles.es\/blog\/#\/schema\/person\/image\/\"},\"sameAs\":[\"http:\/\/www.ivb.es\"]},{\"@type\":\"WebSite\",\"@id\":\"https:\/\/www.ignaciovalduerteles.es\/blog\/#website\",\"url\":\"https:\/\/www.ignaciovalduerteles.es\/blog\/\",\"name\":\"Ignacio Valduerteles Bartos\",\"description\":\"Reflexiones y art\u00edculos del Ignacio Valdu\u00e9rteles\",\"publisher\":{\"@id\":\"https:\/\/www.ignaciovalduerteles.es\/blog\/#\/schema\/person\/c4ab4ed77f14e0141ba3dcd9c6f501d5\"},\"potentialAction\":[{\"@type\":\"SearchAction\",\"target\":{\"@type\":\"EntryPoint\",\"urlTemplate\":\"https:\/\/www.ignaciovalduerteles.es\/blog\/?s={search_term_string}\"},\"query-input\":\"required name=search_term_string\"}],\"inLanguage\":\"es\"},{\"@type\":\"WebPage\",\"@id\":\"https:\/\/www.ignaciovalduerteles.es\/blog\/articulos\/expansion\/233-2\/#webpage\",\"url\":\"https:\/\/www.ignaciovalduerteles.es\/blog\/articulos\/expansion\/233-2\/\",\"name\":\"Lecciones del Siglo XII - Ignacio Valduerteles Bartos\",\"isPartOf\":{\"@id\":\"https:\/\/www.ignaciovalduerteles.es\/blog\/#website\"},\"datePublished\":\"2010-06-13T16:48:02+00:00\",\"dateModified\":\"2011-07-31T20:34:59+00:00\",\"description\":\"Blog personal de Ignacio Valdu\u00e9rteles, Dr. en Administraci\u00f3n y Direcci\u00f3n de Empresas y miembro destacado en la hermandad la Soledad de San Lorenzo, en Sevilla\",\"breadcrumb\":{\"@id\":\"https:\/\/www.ignaciovalduerteles.es\/blog\/articulos\/expansion\/233-2\/#breadcrumb\"},\"inLanguage\":\"es\",\"potentialAction\":[{\"@type\":\"ReadAction\",\"target\":[\"https:\/\/www.ignaciovalduerteles.es\/blog\/articulos\/expansion\/233-2\/\"]}]},{\"@type\":\"BreadcrumbList\",\"@id\":\"https:\/\/www.ignaciovalduerteles.es\/blog\/articulos\/expansion\/233-2\/#breadcrumb\",\"itemListElement\":[{\"@type\":\"ListItem\",\"position\":1,\"name\":\"Portada\",\"item\":\"https:\/\/www.ignaciovalduerteles.es\/blog\/\"},{\"@type\":\"ListItem\",\"position\":2,\"name\":\"Art\u00edculos\",\"item\":\"https:\/\/www.ignaciovalduerteles.es\/blog\/articulos\/\"},{\"@type\":\"ListItem\",\"position\":3,\"name\":\"Expansi\u00f3n\",\"item\":\"https:\/\/www.ignaciovalduerteles.es\/blog\/articulos\/expansion\/\"},{\"@type\":\"ListItem\",\"position\":4,\"name\":\"Lecciones del Siglo XII\"}]}]}<\/script>\n<!-- \/ Yoast SEO plugin. -->","yoast_head_json":{"title":"Lecciones del Siglo XII - Ignacio Valduerteles Bartos","description":"Blog personal de Ignacio Valdu\u00e9rteles, Dr. en Administraci\u00f3n y Direcci\u00f3n de Empresas y miembro destacado en la hermandad la Soledad de San Lorenzo, en Sevilla","robots":{"index":"index","follow":"follow","max-snippet":"max-snippet:-1","max-image-preview":"max-image-preview:large","max-video-preview":"max-video-preview:-1"},"canonical":"https:\/\/www.ignaciovalduerteles.es\/blog\/articulos\/expansion\/233-2\/","og_locale":"es_ES","og_type":"article","og_title":"Lecciones del Siglo XII - Ignacio Valduerteles Bartos","og_description":"Blog personal de Ignacio Valdu\u00e9rteles, Dr. en Administraci\u00f3n y Direcci\u00f3n de Empresas y miembro destacado en la hermandad la Soledad de San Lorenzo, en Sevilla","og_url":"https:\/\/www.ignaciovalduerteles.es\/blog\/articulos\/expansion\/233-2\/","og_site_name":"Ignacio Valduerteles Bartos","article_modified_time":"2011-07-31T20:34:59+00:00","og_image":[{"width":1024,"height":292,"url":"https:\/\/www.ignaciovalduerteles.es\/blog\/wp-content\/uploads\/2022\/02\/banner1-1024x292.png","type":"image\/png"}],"twitter_card":"summary_large_image","twitter_misc":{"Tiempo de lectura":"4 minutos"},"schema":{"@context":"https:\/\/schema.org","@graph":[{"@type":["Person","Organization"],"@id":"https:\/\/www.ignaciovalduerteles.es\/blog\/#\/schema\/person\/c4ab4ed77f14e0141ba3dcd9c6f501d5","name":"Ignacio Valduerteles Bartos","image":{"@type":"ImageObject","inLanguage":"es","@id":"https:\/\/www.ignaciovalduerteles.es\/blog\/#\/schema\/person\/image\/","url":"https:\/\/www.ignaciovalduerteles.es\/blog\/wp-content\/uploads\/2022\/02\/cabecera-1024x390.png","contentUrl":"https:\/\/www.ignaciovalduerteles.es\/blog\/wp-content\/uploads\/2022\/02\/cabecera-1024x390.png","width":1024,"height":390,"caption":"Ignacio Valduerteles Bartos"},"logo":{"@id":"https:\/\/www.ignaciovalduerteles.es\/blog\/#\/schema\/person\/image\/"},"sameAs":["http:\/\/www.ivb.es"]},{"@type":"WebSite","@id":"https:\/\/www.ignaciovalduerteles.es\/blog\/#website","url":"https:\/\/www.ignaciovalduerteles.es\/blog\/","name":"Ignacio Valduerteles Bartos","description":"Reflexiones y art\u00edculos del Ignacio Valdu\u00e9rteles","publisher":{"@id":"https:\/\/www.ignaciovalduerteles.es\/blog\/#\/schema\/person\/c4ab4ed77f14e0141ba3dcd9c6f501d5"},"potentialAction":[{"@type":"SearchAction","target":{"@type":"EntryPoint","urlTemplate":"https:\/\/www.ignaciovalduerteles.es\/blog\/?s={search_term_string}"},"query-input":"required name=search_term_string"}],"inLanguage":"es"},{"@type":"WebPage","@id":"https:\/\/www.ignaciovalduerteles.es\/blog\/articulos\/expansion\/233-2\/#webpage","url":"https:\/\/www.ignaciovalduerteles.es\/blog\/articulos\/expansion\/233-2\/","name":"Lecciones del Siglo XII - Ignacio Valduerteles Bartos","isPartOf":{"@id":"https:\/\/www.ignaciovalduerteles.es\/blog\/#website"},"datePublished":"2010-06-13T16:48:02+00:00","dateModified":"2011-07-31T20:34:59+00:00","description":"Blog personal de Ignacio Valdu\u00e9rteles, Dr. en Administraci\u00f3n y Direcci\u00f3n de Empresas y miembro destacado en la hermandad la Soledad de San Lorenzo, en Sevilla","breadcrumb":{"@id":"https:\/\/www.ignaciovalduerteles.es\/blog\/articulos\/expansion\/233-2\/#breadcrumb"},"inLanguage":"es","potentialAction":[{"@type":"ReadAction","target":["https:\/\/www.ignaciovalduerteles.es\/blog\/articulos\/expansion\/233-2\/"]}]},{"@type":"BreadcrumbList","@id":"https:\/\/www.ignaciovalduerteles.es\/blog\/articulos\/expansion\/233-2\/#breadcrumb","itemListElement":[{"@type":"ListItem","position":1,"name":"Portada","item":"https:\/\/www.ignaciovalduerteles.es\/blog\/"},{"@type":"ListItem","position":2,"name":"Art\u00edculos","item":"https:\/\/www.ignaciovalduerteles.es\/blog\/articulos\/"},{"@type":"ListItem","position":3,"name":"Expansi\u00f3n","item":"https:\/\/www.ignaciovalduerteles.es\/blog\/articulos\/expansion\/"},{"@type":"ListItem","position":4,"name":"Lecciones del Siglo XII"}]}]}},"_links":{"self":[{"href":"https:\/\/www.ignaciovalduerteles.es\/blog\/wp-json\/wp\/v2\/pages\/233"}],"collection":[{"href":"https:\/\/www.ignaciovalduerteles.es\/blog\/wp-json\/wp\/v2\/pages"}],"about":[{"href":"https:\/\/www.ignaciovalduerteles.es\/blog\/wp-json\/wp\/v2\/types\/page"}],"author":[{"embeddable":true,"href":"https:\/\/www.ignaciovalduerteles.es\/blog\/wp-json\/wp\/v2\/users\/1"}],"replies":[{"embeddable":true,"href":"https:\/\/www.ignaciovalduerteles.es\/blog\/wp-json\/wp\/v2\/comments?post=233"}],"version-history":[{"count":5,"href":"https:\/\/www.ignaciovalduerteles.es\/blog\/wp-json\/wp\/v2\/pages\/233\/revisions"}],"predecessor-version":[{"id":704,"href":"https:\/\/www.ignaciovalduerteles.es\/blog\/wp-json\/wp\/v2\/pages\/233\/revisions\/704"}],"up":[{"embeddable":true,"href":"https:\/\/www.ignaciovalduerteles.es\/blog\/wp-json\/wp\/v2\/pages\/21"}],"wp:attachment":[{"href":"https:\/\/www.ignaciovalduerteles.es\/blog\/wp-json\/wp\/v2\/media?parent=233"}],"curies":[{"name":"wp","href":"https:\/\/api.w.org\/{rel}","templated":true}]}}