{"id":241,"date":"2010-02-16T16:52:18","date_gmt":"2010-02-16T16:52:18","guid":{"rendered":"http:\/\/www.guadaoliva.comlu.com\/blog\/?page_id=241"},"modified":"2011-07-31T22:41:44","modified_gmt":"2011-07-31T20:41:44","slug":"%c2%bfquien-me-ayuda","status":"publish","type":"page","link":"https:\/\/www.ignaciovalduerteles.es\/blog\/articulos\/expansion\/%c2%bfquien-me-ayuda\/","title":{"rendered":"\u00bfQuien me ayuda?"},"content":{"rendered":"<div style=\"text-align: justify;\">\u00a0 \u00a0 \u00a0 \u00a0 \u00a0 \u00a0\u00a0<span style=\"color: #000080;\">Hace unos d\u00edas\u00a0\u00a0tuve que acercarme\u00a0\u00a0a las oficinas de una parroquia para pedir una documentaci\u00f3n que necesitaba. Mientras esperaba que me atendieran entr\u00f3 un hombre joven, de unos treinta y cinco a\u00f1os, bien arreglado, que educadamente me pregunt\u00f3 si yo tambi\u00e9n estaba esperando y se sent\u00f3.\u00a0\u00a0Me fij\u00e9 que, aunque intentaba disimularlo, estaba muy nervioso, as\u00ed que le pregunt\u00e9 si le pasaba algo.<\/span><\/div>\n<div style=\"text-align: justify;\"><span style=\"color: #000080;\">\u00a0\u00a0\u00a0\u00a0\u00a0\u00a0\u00a0\u00a0\u00a0\u00a0\u00a0\u00a0&#8211; Mire, estoy en paro desde hace tiempo. Ya se me ha terminado la prestaci\u00f3n por desempleo; me han echado de la casa por no pagar; estamos viviendo en unos soportales; los servicios sociales de la Junta se van a llevar a mi hijo. He ido a C\u00e1ritas, me dan comida, pero no tienen donde alojarme; a unas monjas que tienen un albergue, pero est\u00e1 completo, y ahora vengo aqu\u00ed a ver si el p\u00e1rroco me puede ayudar a gestionar alguna soluci\u00f3n.<\/span><\/div>\n<div style=\"text-align: justify;\"><span style=\"color: #000080;\">\u00a0\u00a0\u00a0\u00a0\u00a0\u00a0\u00a0\u00a0\u00a0\u00a0\u00a0\u00a0No s\u00e9 en qu\u00e9 qued\u00f3 el asunto (m\u00e1s all\u00e1 de la soluci\u00f3n de emergencia que se le proporcion\u00f3); pero creo que se presta a alguna reflexi\u00f3n. La primera es que el paro es bastante m\u00e1s que una estad\u00edstica. Hay mucho parado ayudado por la familia, con lo que puede ir atendiendo sus necesidades m\u00e1s b\u00e1sicas. Tambi\u00e9n lo hay que compatibiliza el paro con chapuzas o est\u00e1 instalado en la econom\u00eda sumergida; pero siguen produci\u00e9ndose \u2013cada vez m\u00e1s- situaciones dram\u00e1ticas como \u00e9sta y muchas otras que requieren pol\u00edticas econ\u00f3micas concretas y urgentes, m\u00e1s all\u00e1 de las apelaciones a una futura econom\u00eda innovadora y sostenible.<\/span><\/div>\n<div style=\"text-align: justify;\"><span style=\"color: #000080;\">\u00a0\u00a0\u00a0\u00a0\u00a0\u00a0\u00a0\u00a0\u00a0\u00a0\u00a0\u00a0Resulta tambi\u00e9n indicativo que, en una situaci\u00f3n de emergencia dram\u00e1tica, se conf\u00ede m\u00e1s en instituciones de la Iglesia que en otros organismos. Algo est\u00e1 fallando en el estado del bienestar cuando sus te\u00f3ricos beneficiarios se ven literalmente en la calle y recurren a una instituci\u00f3n que, al margen de su dimensi\u00f3n religiosa, o precisamente por esa dimensi\u00f3n, est\u00e1 donde siempre: ayudando al que lo necesita y redistribuyendo eficazmente los recursos que recibe de sus fieles.\u00a0<\/span><\/div>\n<div style=\"text-align: justify;\"><span style=\"color: #000080;\">\u00a0\u00a0\u00a0\u00a0\u00a0\u00a0\u00a0\u00a0\u00a0\u00a0\u00a0\u00a0Pero hay un aspecto que considero especialmente significativo: este hombre ten\u00eda poco m\u00e1s de treinta a\u00f1os, era \u2013por tanto- uno de tantos \u201chijos del modelo econ\u00f3mico y social andaluz\u201d de los \u00faltimo treinta a\u00f1os. Hijo de un pretendido \u201cestado del bienestar\u201d en el que todos somos titulares de derechos; pero no de deberes.<\/span><\/div>\n<div style=\"text-align: justify;\"><span style=\"color: #000080;\">\u00a0\u00a0\u00a0\u00a0\u00a0\u00a0\u00a0\u00a0\u00a0\u00a0\u00a0\u00a0Un modelo social en el que a los alumnos se les paga por asistir a clase; en el que si un joven se quiere emancipar, o sea vivir fuera de la casa paterna, se le conceden ayudas para que se pueda ir; en el que, bajo el manto totalitario de la ideolog\u00eda de g\u00e9nero, se anima al personal a divertirse, sin preocuparse de las consecuencias, porque \u00e9stas las asume la Administraci\u00f3n; en el que el amplio mundo de las ayudas oficiales anima, en ocasiones, a sustituir el riesgo por la subvenci\u00f3n; en el que la recompensa\u00a0al esfuerzo ha de ser segura e inmediata; en el que la familia deja de ser \u00e1mbito de acogida, con relaciones basadas en la aceptaci\u00f3n y colaboraci\u00f3n mutuas,\u00a0\u00a0para pasar a ser espacios de poder en el que conviven seres radicalmente autosuficientes que se construyen a s\u00ed mismos individualmente.<\/span><\/div>\n<div style=\"text-align: justify;\"><span style=\"color: #000080;\">\u00a0\u00a0\u00a0\u00a0\u00a0\u00a0\u00a0\u00a0\u00a0\u00a0\u00a0\u00a0\u00bfSeguimos? La ra\u00edz es siempre la misma: la consideraci\u00f3n del poder pol\u00edtico como medio para transformar la sociedad y gobernarla de acuerdo con el modelo te\u00f3rico previamente establecido por una ideolog\u00eda totalitaria, que pretende abarcar la totalidad de los aspectos de la vida humana. En coherencia con este planteamiento, el Presidente de Gobierno no tiene reparos en declarar que determinadas reformas econ\u00f3micas, reclamadas por todos los organismos nacionales e internacionales, \u00e9l nunca las pondr\u00e1 en marcha \u00abpor razones ideol\u00f3gicas\u00bb. M\u00e1s fuerte s\u00ed, m\u00e1s claro no.<\/span><\/div>\n<div style=\"text-align: justify;\"><span style=\"color: #000080;\">\u00a0\u00a0\u00a0\u00a0\u00a0\u00a0\u00a0\u00a0\u00a0\u00a0\u00a0\u00a0La realidad es tozuda. Nuestro desafortunado e involuntario protagonista es la consecuencia de un modelo en el que se ha pretendido la implantaci\u00f3n\u00a0\u00a0de un modelo de \u00abestado\u00a0\u00a0del bienestar\u00bb, ya superado, a cambio de la libertad personal. El resultado era de esperar: nos hemos quedado sin bienestar y sin libertad. Desamparado y sin recursos econ\u00f3micos ni personales s\u00f3lo le queda recurrir a la ayuda de las organizaciones de la Iglesia, como desde hace siglos.<\/span><\/div>\n<div style=\"text-align: right;\"><span style=\"color: #000080;\">16.02.10<\/span><\/div>\n","protected":false},"excerpt":{"rendered":"<p>\u00a0 \u00a0 \u00a0 \u00a0 \u00a0 \u00a0\u00a0Hace unos d\u00edas\u00a0\u00a0tuve que acercarme\u00a0\u00a0a las oficinas de una parroquia para pedir una documentaci\u00f3n que necesitaba. Mientras esperaba que me atendieran entr\u00f3 un hombre joven, de unos treinta y cinco a\u00f1os, bien arreglado, que educadamente &hellip; <a href=\"https:\/\/www.ignaciovalduerteles.es\/blog\/articulos\/expansion\/%c2%bfquien-me-ayuda\/\">Continuar<\/a><\/p>\n","protected":false},"author":1,"featured_media":0,"parent":21,"menu_order":2,"comment_status":"open","ping_status":"open","template":"sidebar-page.php","meta":{"kt_blocks_editor_width":""},"yoast_head":"<!-- This site is optimized with the Yoast SEO plugin v19.0 - https:\/\/yoast.com\/wordpress\/plugins\/seo\/ -->\n<title>\u00bfQuien me ayuda? - Ignacio Valduerteles Bartos<\/title>\n<meta name=\"description\" content=\"Blog personal de Ignacio Valdu\u00e9rteles, Dr. en Administraci\u00f3n y Direcci\u00f3n de Empresas y miembro destacado en la hermandad la Soledad de San Lorenzo, en Sevilla\" \/>\n<meta name=\"robots\" content=\"index, follow, max-snippet:-1, max-image-preview:large, max-video-preview:-1\" \/>\n<link rel=\"canonical\" href=\"https:\/\/www.ignaciovalduerteles.es\/blog\/articulos\/expansion\/\u00bfquien-me-ayuda\/\" \/>\n<meta property=\"og:locale\" content=\"es_ES\" \/>\n<meta property=\"og:type\" content=\"article\" \/>\n<meta property=\"og:title\" content=\"\u00bfQuien me ayuda? - Ignacio Valduerteles Bartos\" \/>\n<meta property=\"og:description\" content=\"Blog personal de Ignacio Valdu\u00e9rteles, Dr. en Administraci\u00f3n y Direcci\u00f3n de Empresas y miembro destacado en la hermandad la Soledad de San Lorenzo, en Sevilla\" \/>\n<meta property=\"og:url\" content=\"https:\/\/www.ignaciovalduerteles.es\/blog\/articulos\/expansion\/\u00bfquien-me-ayuda\/\" \/>\n<meta property=\"og:site_name\" content=\"Ignacio Valduerteles Bartos\" \/>\n<meta property=\"article:modified_time\" content=\"2011-07-31T20:41:44+00:00\" \/>\n<meta property=\"og:image\" content=\"https:\/\/www.ignaciovalduerteles.es\/blog\/wp-content\/uploads\/2022\/02\/banner1-1024x292.png\" \/>\n\t<meta property=\"og:image:width\" content=\"1024\" \/>\n\t<meta property=\"og:image:height\" content=\"292\" \/>\n\t<meta property=\"og:image:type\" content=\"image\/png\" \/>\n<meta name=\"twitter:card\" content=\"summary_large_image\" \/>\n<meta name=\"twitter:label1\" content=\"Tiempo de lectura\" \/>\n\t<meta name=\"twitter:data1\" content=\"4 minutos\" \/>\n<script type=\"application\/ld+json\" class=\"yoast-schema-graph\">{\"@context\":\"https:\/\/schema.org\",\"@graph\":[{\"@type\":[\"Person\",\"Organization\"],\"@id\":\"https:\/\/www.ignaciovalduerteles.es\/blog\/#\/schema\/person\/c4ab4ed77f14e0141ba3dcd9c6f501d5\",\"name\":\"Ignacio Valduerteles Bartos\",\"image\":{\"@type\":\"ImageObject\",\"inLanguage\":\"es\",\"@id\":\"https:\/\/www.ignaciovalduerteles.es\/blog\/#\/schema\/person\/image\/\",\"url\":\"https:\/\/www.ignaciovalduerteles.es\/blog\/wp-content\/uploads\/2022\/02\/cabecera-1024x390.png\",\"contentUrl\":\"https:\/\/www.ignaciovalduerteles.es\/blog\/wp-content\/uploads\/2022\/02\/cabecera-1024x390.png\",\"width\":1024,\"height\":390,\"caption\":\"Ignacio Valduerteles Bartos\"},\"logo\":{\"@id\":\"https:\/\/www.ignaciovalduerteles.es\/blog\/#\/schema\/person\/image\/\"},\"sameAs\":[\"http:\/\/www.ivb.es\"]},{\"@type\":\"WebSite\",\"@id\":\"https:\/\/www.ignaciovalduerteles.es\/blog\/#website\",\"url\":\"https:\/\/www.ignaciovalduerteles.es\/blog\/\",\"name\":\"Ignacio Valduerteles Bartos\",\"description\":\"Reflexiones y art\u00edculos del Ignacio Valdu\u00e9rteles\",\"publisher\":{\"@id\":\"https:\/\/www.ignaciovalduerteles.es\/blog\/#\/schema\/person\/c4ab4ed77f14e0141ba3dcd9c6f501d5\"},\"potentialAction\":[{\"@type\":\"SearchAction\",\"target\":{\"@type\":\"EntryPoint\",\"urlTemplate\":\"https:\/\/www.ignaciovalduerteles.es\/blog\/?s={search_term_string}\"},\"query-input\":\"required name=search_term_string\"}],\"inLanguage\":\"es\"},{\"@type\":\"WebPage\",\"@id\":\"https:\/\/www.ignaciovalduerteles.es\/blog\/articulos\/expansion\/%c2%bfquien-me-ayuda\/#webpage\",\"url\":\"https:\/\/www.ignaciovalduerteles.es\/blog\/articulos\/expansion\/%c2%bfquien-me-ayuda\/\",\"name\":\"\u00bfQuien me ayuda? - Ignacio Valduerteles Bartos\",\"isPartOf\":{\"@id\":\"https:\/\/www.ignaciovalduerteles.es\/blog\/#website\"},\"datePublished\":\"2010-02-16T16:52:18+00:00\",\"dateModified\":\"2011-07-31T20:41:44+00:00\",\"description\":\"Blog personal de Ignacio Valdu\u00e9rteles, Dr. en Administraci\u00f3n y Direcci\u00f3n de Empresas y miembro destacado en la hermandad la Soledad de San Lorenzo, en Sevilla\",\"breadcrumb\":{\"@id\":\"https:\/\/www.ignaciovalduerteles.es\/blog\/articulos\/expansion\/%c2%bfquien-me-ayuda\/#breadcrumb\"},\"inLanguage\":\"es\",\"potentialAction\":[{\"@type\":\"ReadAction\",\"target\":[\"https:\/\/www.ignaciovalduerteles.es\/blog\/articulos\/expansion\/%c2%bfquien-me-ayuda\/\"]}]},{\"@type\":\"BreadcrumbList\",\"@id\":\"https:\/\/www.ignaciovalduerteles.es\/blog\/articulos\/expansion\/%c2%bfquien-me-ayuda\/#breadcrumb\",\"itemListElement\":[{\"@type\":\"ListItem\",\"position\":1,\"name\":\"Portada\",\"item\":\"https:\/\/www.ignaciovalduerteles.es\/blog\/\"},{\"@type\":\"ListItem\",\"position\":2,\"name\":\"Art\u00edculos\",\"item\":\"https:\/\/www.ignaciovalduerteles.es\/blog\/articulos\/\"},{\"@type\":\"ListItem\",\"position\":3,\"name\":\"Expansi\u00f3n\",\"item\":\"https:\/\/www.ignaciovalduerteles.es\/blog\/articulos\/expansion\/\"},{\"@type\":\"ListItem\",\"position\":4,\"name\":\"\u00bfQuien me ayuda?\"}]}]}<\/script>\n<!-- \/ Yoast SEO plugin. -->","yoast_head_json":{"title":"\u00bfQuien me ayuda? - Ignacio Valduerteles Bartos","description":"Blog personal de Ignacio Valdu\u00e9rteles, Dr. en Administraci\u00f3n y Direcci\u00f3n de Empresas y miembro destacado en la hermandad la Soledad de San Lorenzo, en Sevilla","robots":{"index":"index","follow":"follow","max-snippet":"max-snippet:-1","max-image-preview":"max-image-preview:large","max-video-preview":"max-video-preview:-1"},"canonical":"https:\/\/www.ignaciovalduerteles.es\/blog\/articulos\/expansion\/\u00bfquien-me-ayuda\/","og_locale":"es_ES","og_type":"article","og_title":"\u00bfQuien me ayuda? - Ignacio Valduerteles Bartos","og_description":"Blog personal de Ignacio Valdu\u00e9rteles, Dr. en Administraci\u00f3n y Direcci\u00f3n de Empresas y miembro destacado en la hermandad la Soledad de San Lorenzo, en Sevilla","og_url":"https:\/\/www.ignaciovalduerteles.es\/blog\/articulos\/expansion\/\u00bfquien-me-ayuda\/","og_site_name":"Ignacio Valduerteles Bartos","article_modified_time":"2011-07-31T20:41:44+00:00","og_image":[{"width":1024,"height":292,"url":"https:\/\/www.ignaciovalduerteles.es\/blog\/wp-content\/uploads\/2022\/02\/banner1-1024x292.png","type":"image\/png"}],"twitter_card":"summary_large_image","twitter_misc":{"Tiempo de lectura":"4 minutos"},"schema":{"@context":"https:\/\/schema.org","@graph":[{"@type":["Person","Organization"],"@id":"https:\/\/www.ignaciovalduerteles.es\/blog\/#\/schema\/person\/c4ab4ed77f14e0141ba3dcd9c6f501d5","name":"Ignacio Valduerteles Bartos","image":{"@type":"ImageObject","inLanguage":"es","@id":"https:\/\/www.ignaciovalduerteles.es\/blog\/#\/schema\/person\/image\/","url":"https:\/\/www.ignaciovalduerteles.es\/blog\/wp-content\/uploads\/2022\/02\/cabecera-1024x390.png","contentUrl":"https:\/\/www.ignaciovalduerteles.es\/blog\/wp-content\/uploads\/2022\/02\/cabecera-1024x390.png","width":1024,"height":390,"caption":"Ignacio Valduerteles Bartos"},"logo":{"@id":"https:\/\/www.ignaciovalduerteles.es\/blog\/#\/schema\/person\/image\/"},"sameAs":["http:\/\/www.ivb.es"]},{"@type":"WebSite","@id":"https:\/\/www.ignaciovalduerteles.es\/blog\/#website","url":"https:\/\/www.ignaciovalduerteles.es\/blog\/","name":"Ignacio Valduerteles Bartos","description":"Reflexiones y art\u00edculos del Ignacio Valdu\u00e9rteles","publisher":{"@id":"https:\/\/www.ignaciovalduerteles.es\/blog\/#\/schema\/person\/c4ab4ed77f14e0141ba3dcd9c6f501d5"},"potentialAction":[{"@type":"SearchAction","target":{"@type":"EntryPoint","urlTemplate":"https:\/\/www.ignaciovalduerteles.es\/blog\/?s={search_term_string}"},"query-input":"required name=search_term_string"}],"inLanguage":"es"},{"@type":"WebPage","@id":"https:\/\/www.ignaciovalduerteles.es\/blog\/articulos\/expansion\/%c2%bfquien-me-ayuda\/#webpage","url":"https:\/\/www.ignaciovalduerteles.es\/blog\/articulos\/expansion\/%c2%bfquien-me-ayuda\/","name":"\u00bfQuien me ayuda? - Ignacio Valduerteles Bartos","isPartOf":{"@id":"https:\/\/www.ignaciovalduerteles.es\/blog\/#website"},"datePublished":"2010-02-16T16:52:18+00:00","dateModified":"2011-07-31T20:41:44+00:00","description":"Blog personal de Ignacio Valdu\u00e9rteles, Dr. en Administraci\u00f3n y Direcci\u00f3n de Empresas y miembro destacado en la hermandad la Soledad de San Lorenzo, en Sevilla","breadcrumb":{"@id":"https:\/\/www.ignaciovalduerteles.es\/blog\/articulos\/expansion\/%c2%bfquien-me-ayuda\/#breadcrumb"},"inLanguage":"es","potentialAction":[{"@type":"ReadAction","target":["https:\/\/www.ignaciovalduerteles.es\/blog\/articulos\/expansion\/%c2%bfquien-me-ayuda\/"]}]},{"@type":"BreadcrumbList","@id":"https:\/\/www.ignaciovalduerteles.es\/blog\/articulos\/expansion\/%c2%bfquien-me-ayuda\/#breadcrumb","itemListElement":[{"@type":"ListItem","position":1,"name":"Portada","item":"https:\/\/www.ignaciovalduerteles.es\/blog\/"},{"@type":"ListItem","position":2,"name":"Art\u00edculos","item":"https:\/\/www.ignaciovalduerteles.es\/blog\/articulos\/"},{"@type":"ListItem","position":3,"name":"Expansi\u00f3n","item":"https:\/\/www.ignaciovalduerteles.es\/blog\/articulos\/expansion\/"},{"@type":"ListItem","position":4,"name":"\u00bfQuien me ayuda?"}]}]}},"_links":{"self":[{"href":"https:\/\/www.ignaciovalduerteles.es\/blog\/wp-json\/wp\/v2\/pages\/241"}],"collection":[{"href":"https:\/\/www.ignaciovalduerteles.es\/blog\/wp-json\/wp\/v2\/pages"}],"about":[{"href":"https:\/\/www.ignaciovalduerteles.es\/blog\/wp-json\/wp\/v2\/types\/page"}],"author":[{"embeddable":true,"href":"https:\/\/www.ignaciovalduerteles.es\/blog\/wp-json\/wp\/v2\/users\/1"}],"replies":[{"embeddable":true,"href":"https:\/\/www.ignaciovalduerteles.es\/blog\/wp-json\/wp\/v2\/comments?post=241"}],"version-history":[{"count":3,"href":"https:\/\/www.ignaciovalduerteles.es\/blog\/wp-json\/wp\/v2\/pages\/241\/revisions"}],"predecessor-version":[{"id":709,"href":"https:\/\/www.ignaciovalduerteles.es\/blog\/wp-json\/wp\/v2\/pages\/241\/revisions\/709"}],"up":[{"embeddable":true,"href":"https:\/\/www.ignaciovalduerteles.es\/blog\/wp-json\/wp\/v2\/pages\/21"}],"wp:attachment":[{"href":"https:\/\/www.ignaciovalduerteles.es\/blog\/wp-json\/wp\/v2\/media?parent=241"}],"curies":[{"name":"wp","href":"https:\/\/api.w.org\/{rel}","templated":true}]}}