{"id":245,"date":"2011-07-16T16:55:12","date_gmt":"2011-07-16T16:55:12","guid":{"rendered":"http:\/\/www.guadaoliva.comlu.com\/blog\/?page_id=245"},"modified":"2011-07-31T22:43:31","modified_gmt":"2011-07-31T20:43:31","slug":"cambio-de-habitos","status":"publish","type":"page","link":"https:\/\/www.ignaciovalduerteles.es\/blog\/articulos\/expansion\/cambio-de-habitos\/","title":{"rendered":"Cambio de h\u00e1bitos"},"content":{"rendered":"<div style=\"text-align: justify;\"><span style=\"color: #000080;\">No, no es lo que est\u00e1 pensando. No me refiero al cambio en los h\u00e1bitos de las \u00f3rdenes\u00a0\u00a0religiosas. Es algo m\u00e1s cotidiano en lo que participamos todos: los h\u00e1bitos de consumo motivados por la situaci\u00f3n econ\u00f3mica y, como consecuencia, los h\u00e1bitos en el estilo de vida que est\u00e1 experimentando nuestra sociedad.<\/span><\/div>\n<div style=\"text-align: justify;\"><span style=\"color: #000080;\">Una puntualizaci\u00f3n previa: la econom\u00eda no es un \u201cante todo\u201d al que han de someterse las dem\u00e1s facetas de la actividad humana. Reducir el hombre a\u00a0<em>homo economicus,<\/em>\u00a0que se mueve exclusivamente tratando de maximizar la utilidad o beneficio de sus decisiones, es una visi\u00f3n bastante pobre de la naturaleza humana y, \u00faltimamente, bastante desprestigiada, ya que en ese tipo de planteamientos est\u00e1 la ra\u00edz de la actual crisis.<\/span><\/div>\n<div style=\"text-align: justify;\"><span style=\"color: #000080;\">Que la anterior etapa econ\u00f3mica -basada en una econom\u00eda de demanda alentada por la abundancia de cr\u00e9dito que permit\u00eda al ciudadano com\u00fan consumir por encima de sus ingresos regulares- se ha terminado es algo que no necesita demostraci\u00f3n. Simplemente se ve. Con la restricci\u00f3n del cr\u00e9dito el consumo se frena.<\/span><\/div>\n<div style=\"text-align: justify;\"><span style=\"color: #000080;\">Que cuatro millones de parados,\u00a0\u00a0un mill\u00f3n m\u00e1s que hace un a\u00f1o, han de reducir su consumo, tampoco resulta discutible.<\/span><\/div>\n<div style=\"text-align: justify;\"><span style=\"color: #000080;\">Que los que a\u00fan tienen trabajo ya no son tan pr\u00f3digos en sus gastos y procuran ahorrar, porque el horizonte se presenta oscuro, es algo de lo que da fe el aumento de las tasas de ahorro.<\/span><\/div>\n<div style=\"text-align: justify;\"><span style=\"color: #000080;\">Que ese ahorro los bancos lo est\u00e1n empleando en suscribir Deuda P\u00fablica, con lo que son recursos que se drenan del sistema financiero para volver al Estado, que, a su vez, puede que los devuelva al sistema financiero en forma de ayudas, es kafkiano pero real.<\/span><\/div>\n<div style=\"text-align: justify;\"><span style=\"color: #000080;\">La consecuencia de todo esto es que, si se consume menos, los productores de bienes y servicios tienen que reducir su oferta, eso significa menos empleo, m\u00e1s paro y vuelta a empezar el ciclo.<\/span><\/div>\n<div style=\"text-align: justify;\"><span style=\"color: #000080;\">\u00a0La modificaci\u00f3n de los h\u00e1bitos de consumo es algo m\u00e1s que un cambio de costumbres, obligado por las circunstancias, al que un no tiene m\u00e1s remedio que someterse hasta que la situaci\u00f3n se recupere; pero lo malo es que los tiempos pasados no se van a volver a repetir en mucho tiempo, si es que vuelven alguna vez. Esto exige algo m\u00e1s: la modificaci\u00f3n de nuestros modelos culturales. Para una sociedad acostumbrada al \u201clo quiero todo y lo quiero ahora\u201d,\u00a0\u00a0pasar ahora a un modelo sustentado en el ahorro, sacrificio, esfuerzo, perseverancia, responsabilidad, respeto, fortaleza, patriotismo (s\u00ed, patriotismo,\u00a0\u00a0o la persona se siente heredera del patrimonio f\u00edsico, cultural y espiritual conformado y transmitido por sus mayores, o cae en el m\u00e1s profundo desarraigo), justicia y lealtad, es bastante complicado. Se necesita una fuerte motivaci\u00f3n, algo m\u00e1s que el mero sentido de supervivencia.<\/span><\/div>\n<div style=\"text-align: justify;\"><span style=\"color: #000080;\">En situaciones como \u00e9sta lo normal es volver la mirada hacia los l\u00edderes pol\u00edticos, en quienes hemos delegado parcial y temporalmente nuestra capacidad de autogobierno, para que dirijan la marcha del pa\u00eds y traten de buscar salidas a esta situaci\u00f3n; pero el panorama no puede ser m\u00e1s desolador, a derecha y a izquierda. Pol\u00edticos profesionales que no tienen m\u00e1s objetivo que la consecuci\u00f3n o el mantenimiento del poder y corrupci\u00f3n lo suficientemente generalizada como para extender el descr\u00e9dito a toda la clase pol\u00edtica.<\/span><\/div>\n<div style=\"text-align: justify;\"><span style=\"color: #000080;\">Es el momento de un nuevo regeneracionismo que nos saque de la postraci\u00f3n y el des\u00e1nimo. Esto es tarea de todos. La econom\u00eda no es un partido que se juegue s\u00f3lo\u00a0\u00a0a dos bandas: Estado y mercado. Hay un tercer interviniente: la sociedad civil,\u00a0\u00a0y es precisamente \u00e9sta la que dota a la econom\u00eda de su vertiente humana.<\/span><\/div>\n<div style=\"text-align: justify;\"><span style=\"color: #000080;\">Bienvenidos sean los foros de opini\u00f3n,\u00a0<em>things thanks,\u00a0<\/em>fundaciones, institutos de investigaci\u00f3n privados, art\u00edculos de opini\u00f3n y todo el entramado que arma la sociedad civil. La sociedad no debe protegerse del mercado, pensando que su desarrollo comporta la muerte de las relaciones aut\u00e9nticamente humanas. Todo lo contrario, debe intervenir de modo activo conformando un nuevo modelo de pensamiento, que contribuya a recrear un modelo de relaciones econ\u00f3micas que las refuerce.<\/span><\/div>\n<div style=\"text-align: justify;\"><span style=\"color: #000080;\">Ya vendr\u00e1n luego los pol\u00edticos a estropearlo.<\/span><\/div>\n<div style=\"text-align: right;\"><span style=\"color: #000080;\">10.11.09\u00a0<\/span><\/div>\n","protected":false},"excerpt":{"rendered":"<p>No, no es lo que est\u00e1 pensando. No me refiero al cambio en los h\u00e1bitos de las \u00f3rdenes\u00a0\u00a0religiosas. Es algo m\u00e1s cotidiano en lo que participamos todos: los h\u00e1bitos de consumo motivados por la situaci\u00f3n econ\u00f3mica y, como consecuencia, los &hellip; <a href=\"https:\/\/www.ignaciovalduerteles.es\/blog\/articulos\/expansion\/cambio-de-habitos\/\">Continuar<\/a><\/p>\n","protected":false},"author":1,"featured_media":0,"parent":21,"menu_order":2,"comment_status":"open","ping_status":"open","template":"sidebar-page.php","meta":{"kt_blocks_editor_width":""},"yoast_head":"<!-- This site is optimized with the Yoast SEO plugin v19.0 - https:\/\/yoast.com\/wordpress\/plugins\/seo\/ -->\n<title>Cambio de h\u00e1bitos - Ignacio Valduerteles Bartos<\/title>\n<meta name=\"description\" content=\"Blog personal de Ignacio Valdu\u00e9rteles, Dr. en Administraci\u00f3n y Direcci\u00f3n de Empresas y miembro destacado en la hermandad la Soledad de San Lorenzo, en Sevilla\" \/>\n<meta name=\"robots\" content=\"index, follow, max-snippet:-1, max-image-preview:large, max-video-preview:-1\" \/>\n<link rel=\"canonical\" href=\"https:\/\/www.ignaciovalduerteles.es\/blog\/articulos\/expansion\/cambio-de-habitos\/\" \/>\n<meta property=\"og:locale\" content=\"es_ES\" \/>\n<meta property=\"og:type\" content=\"article\" \/>\n<meta property=\"og:title\" content=\"Cambio de h\u00e1bitos - Ignacio Valduerteles Bartos\" \/>\n<meta property=\"og:description\" content=\"Blog personal de Ignacio Valdu\u00e9rteles, Dr. en Administraci\u00f3n y Direcci\u00f3n de Empresas y miembro destacado en la hermandad la Soledad de San Lorenzo, en Sevilla\" \/>\n<meta property=\"og:url\" content=\"https:\/\/www.ignaciovalduerteles.es\/blog\/articulos\/expansion\/cambio-de-habitos\/\" \/>\n<meta property=\"og:site_name\" content=\"Ignacio Valduerteles Bartos\" \/>\n<meta property=\"article:modified_time\" content=\"2011-07-31T20:43:31+00:00\" \/>\n<meta property=\"og:image\" content=\"https:\/\/www.ignaciovalduerteles.es\/blog\/wp-content\/uploads\/2022\/02\/banner1-1024x292.png\" \/>\n\t<meta property=\"og:image:width\" content=\"1024\" \/>\n\t<meta property=\"og:image:height\" content=\"292\" \/>\n\t<meta property=\"og:image:type\" content=\"image\/png\" \/>\n<meta name=\"twitter:card\" content=\"summary_large_image\" \/>\n<meta name=\"twitter:label1\" content=\"Tiempo de lectura\" \/>\n\t<meta name=\"twitter:data1\" content=\"4 minutos\" \/>\n<script type=\"application\/ld+json\" class=\"yoast-schema-graph\">{\"@context\":\"https:\/\/schema.org\",\"@graph\":[{\"@type\":[\"Person\",\"Organization\"],\"@id\":\"https:\/\/www.ignaciovalduerteles.es\/blog\/#\/schema\/person\/c4ab4ed77f14e0141ba3dcd9c6f501d5\",\"name\":\"Ignacio Valduerteles Bartos\",\"image\":{\"@type\":\"ImageObject\",\"inLanguage\":\"es\",\"@id\":\"https:\/\/www.ignaciovalduerteles.es\/blog\/#\/schema\/person\/image\/\",\"url\":\"https:\/\/www.ignaciovalduerteles.es\/blog\/wp-content\/uploads\/2022\/02\/cabecera-1024x390.png\",\"contentUrl\":\"https:\/\/www.ignaciovalduerteles.es\/blog\/wp-content\/uploads\/2022\/02\/cabecera-1024x390.png\",\"width\":1024,\"height\":390,\"caption\":\"Ignacio Valduerteles Bartos\"},\"logo\":{\"@id\":\"https:\/\/www.ignaciovalduerteles.es\/blog\/#\/schema\/person\/image\/\"},\"sameAs\":[\"http:\/\/www.ivb.es\"]},{\"@type\":\"WebSite\",\"@id\":\"https:\/\/www.ignaciovalduerteles.es\/blog\/#website\",\"url\":\"https:\/\/www.ignaciovalduerteles.es\/blog\/\",\"name\":\"Ignacio Valduerteles Bartos\",\"description\":\"Reflexiones y art\u00edculos del Ignacio Valdu\u00e9rteles\",\"publisher\":{\"@id\":\"https:\/\/www.ignaciovalduerteles.es\/blog\/#\/schema\/person\/c4ab4ed77f14e0141ba3dcd9c6f501d5\"},\"potentialAction\":[{\"@type\":\"SearchAction\",\"target\":{\"@type\":\"EntryPoint\",\"urlTemplate\":\"https:\/\/www.ignaciovalduerteles.es\/blog\/?s={search_term_string}\"},\"query-input\":\"required name=search_term_string\"}],\"inLanguage\":\"es\"},{\"@type\":\"WebPage\",\"@id\":\"https:\/\/www.ignaciovalduerteles.es\/blog\/articulos\/expansion\/cambio-de-habitos\/#webpage\",\"url\":\"https:\/\/www.ignaciovalduerteles.es\/blog\/articulos\/expansion\/cambio-de-habitos\/\",\"name\":\"Cambio de h\u00e1bitos - Ignacio Valduerteles Bartos\",\"isPartOf\":{\"@id\":\"https:\/\/www.ignaciovalduerteles.es\/blog\/#website\"},\"datePublished\":\"2011-07-16T16:55:12+00:00\",\"dateModified\":\"2011-07-31T20:43:31+00:00\",\"description\":\"Blog personal de Ignacio Valdu\u00e9rteles, Dr. en Administraci\u00f3n y Direcci\u00f3n de Empresas y miembro destacado en la hermandad la Soledad de San Lorenzo, en Sevilla\",\"breadcrumb\":{\"@id\":\"https:\/\/www.ignaciovalduerteles.es\/blog\/articulos\/expansion\/cambio-de-habitos\/#breadcrumb\"},\"inLanguage\":\"es\",\"potentialAction\":[{\"@type\":\"ReadAction\",\"target\":[\"https:\/\/www.ignaciovalduerteles.es\/blog\/articulos\/expansion\/cambio-de-habitos\/\"]}]},{\"@type\":\"BreadcrumbList\",\"@id\":\"https:\/\/www.ignaciovalduerteles.es\/blog\/articulos\/expansion\/cambio-de-habitos\/#breadcrumb\",\"itemListElement\":[{\"@type\":\"ListItem\",\"position\":1,\"name\":\"Portada\",\"item\":\"https:\/\/www.ignaciovalduerteles.es\/blog\/\"},{\"@type\":\"ListItem\",\"position\":2,\"name\":\"Art\u00edculos\",\"item\":\"https:\/\/www.ignaciovalduerteles.es\/blog\/articulos\/\"},{\"@type\":\"ListItem\",\"position\":3,\"name\":\"Expansi\u00f3n\",\"item\":\"https:\/\/www.ignaciovalduerteles.es\/blog\/articulos\/expansion\/\"},{\"@type\":\"ListItem\",\"position\":4,\"name\":\"Cambio de h\u00e1bitos\"}]}]}<\/script>\n<!-- \/ Yoast SEO plugin. -->","yoast_head_json":{"title":"Cambio de h\u00e1bitos - Ignacio Valduerteles Bartos","description":"Blog personal de Ignacio Valdu\u00e9rteles, Dr. en Administraci\u00f3n y Direcci\u00f3n de Empresas y miembro destacado en la hermandad la Soledad de San Lorenzo, en Sevilla","robots":{"index":"index","follow":"follow","max-snippet":"max-snippet:-1","max-image-preview":"max-image-preview:large","max-video-preview":"max-video-preview:-1"},"canonical":"https:\/\/www.ignaciovalduerteles.es\/blog\/articulos\/expansion\/cambio-de-habitos\/","og_locale":"es_ES","og_type":"article","og_title":"Cambio de h\u00e1bitos - Ignacio Valduerteles Bartos","og_description":"Blog personal de Ignacio Valdu\u00e9rteles, Dr. en Administraci\u00f3n y Direcci\u00f3n de Empresas y miembro destacado en la hermandad la Soledad de San Lorenzo, en Sevilla","og_url":"https:\/\/www.ignaciovalduerteles.es\/blog\/articulos\/expansion\/cambio-de-habitos\/","og_site_name":"Ignacio Valduerteles Bartos","article_modified_time":"2011-07-31T20:43:31+00:00","og_image":[{"width":1024,"height":292,"url":"https:\/\/www.ignaciovalduerteles.es\/blog\/wp-content\/uploads\/2022\/02\/banner1-1024x292.png","type":"image\/png"}],"twitter_card":"summary_large_image","twitter_misc":{"Tiempo de lectura":"4 minutos"},"schema":{"@context":"https:\/\/schema.org","@graph":[{"@type":["Person","Organization"],"@id":"https:\/\/www.ignaciovalduerteles.es\/blog\/#\/schema\/person\/c4ab4ed77f14e0141ba3dcd9c6f501d5","name":"Ignacio Valduerteles Bartos","image":{"@type":"ImageObject","inLanguage":"es","@id":"https:\/\/www.ignaciovalduerteles.es\/blog\/#\/schema\/person\/image\/","url":"https:\/\/www.ignaciovalduerteles.es\/blog\/wp-content\/uploads\/2022\/02\/cabecera-1024x390.png","contentUrl":"https:\/\/www.ignaciovalduerteles.es\/blog\/wp-content\/uploads\/2022\/02\/cabecera-1024x390.png","width":1024,"height":390,"caption":"Ignacio Valduerteles Bartos"},"logo":{"@id":"https:\/\/www.ignaciovalduerteles.es\/blog\/#\/schema\/person\/image\/"},"sameAs":["http:\/\/www.ivb.es"]},{"@type":"WebSite","@id":"https:\/\/www.ignaciovalduerteles.es\/blog\/#website","url":"https:\/\/www.ignaciovalduerteles.es\/blog\/","name":"Ignacio Valduerteles Bartos","description":"Reflexiones y art\u00edculos del Ignacio Valdu\u00e9rteles","publisher":{"@id":"https:\/\/www.ignaciovalduerteles.es\/blog\/#\/schema\/person\/c4ab4ed77f14e0141ba3dcd9c6f501d5"},"potentialAction":[{"@type":"SearchAction","target":{"@type":"EntryPoint","urlTemplate":"https:\/\/www.ignaciovalduerteles.es\/blog\/?s={search_term_string}"},"query-input":"required name=search_term_string"}],"inLanguage":"es"},{"@type":"WebPage","@id":"https:\/\/www.ignaciovalduerteles.es\/blog\/articulos\/expansion\/cambio-de-habitos\/#webpage","url":"https:\/\/www.ignaciovalduerteles.es\/blog\/articulos\/expansion\/cambio-de-habitos\/","name":"Cambio de h\u00e1bitos - Ignacio Valduerteles Bartos","isPartOf":{"@id":"https:\/\/www.ignaciovalduerteles.es\/blog\/#website"},"datePublished":"2011-07-16T16:55:12+00:00","dateModified":"2011-07-31T20:43:31+00:00","description":"Blog personal de Ignacio Valdu\u00e9rteles, Dr. en Administraci\u00f3n y Direcci\u00f3n de Empresas y miembro destacado en la hermandad la Soledad de San Lorenzo, en Sevilla","breadcrumb":{"@id":"https:\/\/www.ignaciovalduerteles.es\/blog\/articulos\/expansion\/cambio-de-habitos\/#breadcrumb"},"inLanguage":"es","potentialAction":[{"@type":"ReadAction","target":["https:\/\/www.ignaciovalduerteles.es\/blog\/articulos\/expansion\/cambio-de-habitos\/"]}]},{"@type":"BreadcrumbList","@id":"https:\/\/www.ignaciovalduerteles.es\/blog\/articulos\/expansion\/cambio-de-habitos\/#breadcrumb","itemListElement":[{"@type":"ListItem","position":1,"name":"Portada","item":"https:\/\/www.ignaciovalduerteles.es\/blog\/"},{"@type":"ListItem","position":2,"name":"Art\u00edculos","item":"https:\/\/www.ignaciovalduerteles.es\/blog\/articulos\/"},{"@type":"ListItem","position":3,"name":"Expansi\u00f3n","item":"https:\/\/www.ignaciovalduerteles.es\/blog\/articulos\/expansion\/"},{"@type":"ListItem","position":4,"name":"Cambio de h\u00e1bitos"}]}]}},"_links":{"self":[{"href":"https:\/\/www.ignaciovalduerteles.es\/blog\/wp-json\/wp\/v2\/pages\/245"}],"collection":[{"href":"https:\/\/www.ignaciovalduerteles.es\/blog\/wp-json\/wp\/v2\/pages"}],"about":[{"href":"https:\/\/www.ignaciovalduerteles.es\/blog\/wp-json\/wp\/v2\/types\/page"}],"author":[{"embeddable":true,"href":"https:\/\/www.ignaciovalduerteles.es\/blog\/wp-json\/wp\/v2\/users\/1"}],"replies":[{"embeddable":true,"href":"https:\/\/www.ignaciovalduerteles.es\/blog\/wp-json\/wp\/v2\/comments?post=245"}],"version-history":[{"count":2,"href":"https:\/\/www.ignaciovalduerteles.es\/blog\/wp-json\/wp\/v2\/pages\/245\/revisions"}],"predecessor-version":[{"id":711,"href":"https:\/\/www.ignaciovalduerteles.es\/blog\/wp-json\/wp\/v2\/pages\/245\/revisions\/711"}],"up":[{"embeddable":true,"href":"https:\/\/www.ignaciovalduerteles.es\/blog\/wp-json\/wp\/v2\/pages\/21"}],"wp:attachment":[{"href":"https:\/\/www.ignaciovalduerteles.es\/blog\/wp-json\/wp\/v2\/media?parent=245"}],"curies":[{"name":"wp","href":"https:\/\/api.w.org\/{rel}","templated":true}]}}