{"id":249,"date":"2009-07-14T00:00:00","date_gmt":"2009-07-13T22:00:00","guid":{"rendered":"http:\/\/www.guadaoliva.comlu.com\/blog\/?page_id=249"},"modified":"2011-07-31T22:45:54","modified_gmt":"2011-07-31T20:45:54","slug":"caritas-in-veritate","status":"publish","type":"page","link":"https:\/\/www.ignaciovalduerteles.es\/blog\/articulos\/expansion\/caritas-in-veritate\/","title":{"rendered":"&#8220;CARITAS In Veritate&#8221;"},"content":{"rendered":"<div style=\"text-align: justify;\">\u00a0 \u00a0 \u00a0 \u00a0 \u00a0\u00a0<span style=\"color: #000080;\">\u00a0El pasado martes se public\u00f3 la tercera enc\u00edclica de Benedicto XVI, de fuerte contenido econ\u00f3mico y social, titulada \u201c La Caridad en la Verdad\u201d. Llevaba escrita varios meses, pero el estallido de la crisis hizo aconsejable retrasar su publicaci\u00f3n y adaptar parcialmente su contenido a las nuevas circunstancias.<\/span><\/div>\n<div style=\"text-align: justify;\"><span style=\"color: #000080;\">\u00a0\u00a0\u00a0\u00a0\u00a0\u00a0\u00a0\u00a0\u00a0\u00a0\u00a0\u00a0La enc\u00edclica es una importante aportaci\u00f3n a la Doctrina Social de la Iglesia, que no es un cuerpo doctrinal cerrado con\u00a0\u00a0soluciones econ\u00f3micas definidas, sino el conjunto de documentos emitidos por la Iglesia Cat\u00f3lica a lo largo del tiempo, que analizan\u00a0\u00a0los aspectos \u00e9ticos de la realidad econ\u00f3mica y ofrecen orientaciones para acomodar esas realidades a la dimensi\u00f3n del hombre. Merece la pena ofrecer una apretada s\u00edntesis de su contenido.<\/span><\/div>\n<div style=\"text-align: justify;\"><span style=\"color: #000080;\">\u00a0\u00a0\u00a0\u00a0\u00a0\u00a0\u00a0\u00a0\u00a0\u00a0\u00a0\u00a0Partiendo de la premisa que propone el t\u00edtulo, Benedicto XVI\u00a0\u00a0explica que la caridad \u2013la fuerza\u00a0\u00a0que anima a las personas a comprometerse en el campo de la justicia- no puede excluirse de la \u00e9tica vivida, si no quiere reducirse a \u201cuna reserva de buenos sentimientos, provechosos para la convivencia social, pero marginales\u201d.<\/span><\/div>\n<div style=\"text-align: justify;\"><span style=\"color: #000080;\">\u00a0\u00a0\u00a0\u00a0\u00a0\u00a0\u00a0\u00a0\u00a0\u00a0\u00a0\u00a0Desde esta perspectiva el an\u00e1lisis de la econom\u00eda adquiere una nueva dimensi\u00f3n, se sit\u00faa en otro plano, m\u00e1s humanista, dando a este t\u00e9rmino su significaci\u00f3n m\u00e1s amplia. Benedicto XVI analiza las causas de la actual situaci\u00f3n econ\u00f3mica: una actividad financiera especulativa; los flujos migratorios, provocados y luego no gestionados adecuadamente y\u00a0\u00a0la explotaci\u00f3n sin reglas de los recursos de la tierra.\u00a0\u00a0Enumera tambi\u00e9n algunas consecuencias\u00a0\u00a0de la inevitable globalizaci\u00f3n: modificaci\u00f3n del poder pol\u00edtico de los estados,\u00a0\u00a0orientaci\u00f3n de la producci\u00f3n\u00a0\u00a0hacia \u00e1reas de bajo coste en las que se debilitan las prestaciones sociales y se puede caer en el peligro de rebajar la cultura y homologar los estilos de vida, igualando en m\u00ednimos.<\/span><\/div>\n<div style=\"text-align: justify;\"><span style=\"color: #000080;\">A partir de aqu\u00ed el argumento\u00a0\u00a0o idea central de la enc\u00edclica gira en torno al fundamento \u00e9tico de la econom\u00eda: \u201cla econom\u00eda tiene necesidad de la \u00e9tica para su correcto funcionamiento\u2026, es necesaria una profunda renovaci\u00f3n cultural y el redescubrimiento de valores de fondo\u201d.<\/span><\/div>\n<div style=\"text-align: justify;\"><span style=\"color: #000080;\">Este planteamiento, siempre necesario, es especialmente importante en una econom\u00eda globalizada, en la que \u201cla deslocalizaci\u00f3n de la actividad productiva puede atenuar en el empresario el sentido de responsabilidad respecto a los interesados, como los trabajadores, los proveedores, los consumidores, el medio ambiente y a la sociedad m\u00e1s amplia que los rodea, a favor de los accionistas\u201d.\u00a0\u00a0La enc\u00edclica alude a conceptos tan en boga como Responsabilidad Social Corporativa,\u00a0<em>business ethics<\/em>, finanzas \u00e9ticas<em>\u00a0<\/em>\u00a0y otros por el estilo, desde una perspectiva humanista y trascendente. El criterio de discernimiento para calificar una decisi\u00f3n como \u00e9tica es que \u00e9sta sea coherente con la justicia y el verdadero bien del hombre.<\/span><\/div>\n<div style=\"text-align: justify;\"><span style=\"color: #000080;\">A partir de aqu\u00ed el documento pontificio se centra en se\u00f1alar una serie de condiciones imprescindibles para el desarrollo de una econom\u00eda al servicio del hombre. La globalizaci\u00f3n no es s\u00f3lo \u201cun proceso socio-econ\u00f3mico, necesita una orientaci\u00f3n cultural personalista y comunitaria abierta a la trascendencia\u201d. Los derechos de la persona son objetivos e indisponibles, no pueden ser creados ni administrados por el Estado. En esa l\u00ednea de saneamiento social, Benedicto XVI anima a los Estados \u201ca realizar pol\u00edticas que promuevan la centralidad de la familia\u201d. Propone la necesidad de repensar un sistema econ\u00f3mico que basado en tres instancias: el mercado, el Estado y la sociedad civil. Sobre esta \u00faltima\u00a0reafirma la \u201cautonom\u00eda de los cuerpos intermedios\u201d y explica que la subsidiariedad \u201ces el ant\u00eddoto m\u00e1s eficaz contra toda forma de asistencialismo paternalista\u201d.<\/span><\/div>\n<div style=\"text-align: justify;\"><span style=\"color: #000080;\">Plantea una \u00faltima reflexi\u00f3n, de fuerte contenido econ\u00f3mico, sobre la\u00a0lucha cultural entre el absolutismo de la tecnicidad y la naturaleza moral del hombre: \u201cel hombre no es capaz de gobernar por s\u00ed mismo su propio progreso, porque \u00e9l solo no puede fundar un verdadero humanismo. El humanismo que excluye a Dios es un humanismo inhumano\u201d.<\/span><\/div>\n<div style=\"text-align: justify;\"><span style=\"color: #000080;\">En resumen: un documento imprescindible para la econom\u00eda, precisamente porque trata de los fundamentos \u00e9ticos de la misma.<\/span><\/div>\n<div style=\"text-align: right;\"><span style=\"color: #000080;\">14.07.09<\/span><\/div>\n","protected":false},"excerpt":{"rendered":"<p>\u00a0 \u00a0 \u00a0 \u00a0 \u00a0\u00a0\u00a0El pasado martes se public\u00f3 la tercera enc\u00edclica de Benedicto XVI, de fuerte contenido econ\u00f3mico y social, titulada \u201c La Caridad en la Verdad\u201d. Llevaba escrita varios meses, pero el estallido de la crisis hizo aconsejable &hellip; <a href=\"https:\/\/www.ignaciovalduerteles.es\/blog\/articulos\/expansion\/caritas-in-veritate\/\">Continuar<\/a><\/p>\n","protected":false},"author":1,"featured_media":0,"parent":21,"menu_order":2,"comment_status":"open","ping_status":"open","template":"sidebar-page.php","meta":{"kt_blocks_editor_width":""},"yoast_head":"<!-- This site is optimized with the Yoast SEO plugin v19.0 - https:\/\/yoast.com\/wordpress\/plugins\/seo\/ -->\n<title>&quot;CARITAS In Veritate&quot; - Ignacio Valduerteles Bartos<\/title>\n<meta name=\"description\" content=\"Blog personal de Ignacio Valdu\u00e9rteles, Dr. en Administraci\u00f3n y Direcci\u00f3n de Empresas y miembro destacado en la hermandad la Soledad de San Lorenzo, en Sevilla\" \/>\n<meta name=\"robots\" content=\"index, follow, max-snippet:-1, max-image-preview:large, max-video-preview:-1\" \/>\n<link rel=\"canonical\" href=\"https:\/\/www.ignaciovalduerteles.es\/blog\/articulos\/expansion\/caritas-in-veritate\/\" \/>\n<meta property=\"og:locale\" content=\"es_ES\" \/>\n<meta property=\"og:type\" content=\"article\" \/>\n<meta property=\"og:title\" content=\"&quot;CARITAS In Veritate&quot; - Ignacio Valduerteles Bartos\" \/>\n<meta property=\"og:description\" content=\"Blog personal de Ignacio Valdu\u00e9rteles, Dr. en Administraci\u00f3n y Direcci\u00f3n de Empresas y miembro destacado en la hermandad la Soledad de San Lorenzo, en Sevilla\" \/>\n<meta property=\"og:url\" content=\"https:\/\/www.ignaciovalduerteles.es\/blog\/articulos\/expansion\/caritas-in-veritate\/\" \/>\n<meta property=\"og:site_name\" content=\"Ignacio Valduerteles Bartos\" \/>\n<meta property=\"article:modified_time\" content=\"2011-07-31T20:45:54+00:00\" \/>\n<meta property=\"og:image\" content=\"https:\/\/www.ignaciovalduerteles.es\/blog\/wp-content\/uploads\/2022\/02\/banner1-1024x292.png\" \/>\n\t<meta property=\"og:image:width\" content=\"1024\" \/>\n\t<meta property=\"og:image:height\" content=\"292\" \/>\n\t<meta property=\"og:image:type\" content=\"image\/png\" \/>\n<meta name=\"twitter:card\" content=\"summary_large_image\" \/>\n<meta name=\"twitter:label1\" content=\"Tiempo de lectura\" \/>\n\t<meta name=\"twitter:data1\" content=\"3 minutos\" \/>\n<script type=\"application\/ld+json\" class=\"yoast-schema-graph\">{\"@context\":\"https:\/\/schema.org\",\"@graph\":[{\"@type\":[\"Person\",\"Organization\"],\"@id\":\"https:\/\/www.ignaciovalduerteles.es\/blog\/#\/schema\/person\/c4ab4ed77f14e0141ba3dcd9c6f501d5\",\"name\":\"Ignacio Valduerteles Bartos\",\"image\":{\"@type\":\"ImageObject\",\"inLanguage\":\"es\",\"@id\":\"https:\/\/www.ignaciovalduerteles.es\/blog\/#\/schema\/person\/image\/\",\"url\":\"https:\/\/www.ignaciovalduerteles.es\/blog\/wp-content\/uploads\/2022\/02\/cabecera-1024x390.png\",\"contentUrl\":\"https:\/\/www.ignaciovalduerteles.es\/blog\/wp-content\/uploads\/2022\/02\/cabecera-1024x390.png\",\"width\":1024,\"height\":390,\"caption\":\"Ignacio Valduerteles Bartos\"},\"logo\":{\"@id\":\"https:\/\/www.ignaciovalduerteles.es\/blog\/#\/schema\/person\/image\/\"},\"sameAs\":[\"http:\/\/www.ivb.es\"]},{\"@type\":\"WebSite\",\"@id\":\"https:\/\/www.ignaciovalduerteles.es\/blog\/#website\",\"url\":\"https:\/\/www.ignaciovalduerteles.es\/blog\/\",\"name\":\"Ignacio Valduerteles Bartos\",\"description\":\"Reflexiones y art\u00edculos del Ignacio Valdu\u00e9rteles\",\"publisher\":{\"@id\":\"https:\/\/www.ignaciovalduerteles.es\/blog\/#\/schema\/person\/c4ab4ed77f14e0141ba3dcd9c6f501d5\"},\"potentialAction\":[{\"@type\":\"SearchAction\",\"target\":{\"@type\":\"EntryPoint\",\"urlTemplate\":\"https:\/\/www.ignaciovalduerteles.es\/blog\/?s={search_term_string}\"},\"query-input\":\"required name=search_term_string\"}],\"inLanguage\":\"es\"},{\"@type\":\"WebPage\",\"@id\":\"https:\/\/www.ignaciovalduerteles.es\/blog\/articulos\/expansion\/caritas-in-veritate\/#webpage\",\"url\":\"https:\/\/www.ignaciovalduerteles.es\/blog\/articulos\/expansion\/caritas-in-veritate\/\",\"name\":\"\\\"CARITAS In Veritate\\\" - Ignacio Valduerteles Bartos\",\"isPartOf\":{\"@id\":\"https:\/\/www.ignaciovalduerteles.es\/blog\/#website\"},\"datePublished\":\"2009-07-13T22:00:00+00:00\",\"dateModified\":\"2011-07-31T20:45:54+00:00\",\"description\":\"Blog personal de Ignacio Valdu\u00e9rteles, Dr. en Administraci\u00f3n y Direcci\u00f3n de Empresas y miembro destacado en la hermandad la Soledad de San Lorenzo, en Sevilla\",\"breadcrumb\":{\"@id\":\"https:\/\/www.ignaciovalduerteles.es\/blog\/articulos\/expansion\/caritas-in-veritate\/#breadcrumb\"},\"inLanguage\":\"es\",\"potentialAction\":[{\"@type\":\"ReadAction\",\"target\":[\"https:\/\/www.ignaciovalduerteles.es\/blog\/articulos\/expansion\/caritas-in-veritate\/\"]}]},{\"@type\":\"BreadcrumbList\",\"@id\":\"https:\/\/www.ignaciovalduerteles.es\/blog\/articulos\/expansion\/caritas-in-veritate\/#breadcrumb\",\"itemListElement\":[{\"@type\":\"ListItem\",\"position\":1,\"name\":\"Portada\",\"item\":\"https:\/\/www.ignaciovalduerteles.es\/blog\/\"},{\"@type\":\"ListItem\",\"position\":2,\"name\":\"Art\u00edculos\",\"item\":\"https:\/\/www.ignaciovalduerteles.es\/blog\/articulos\/\"},{\"@type\":\"ListItem\",\"position\":3,\"name\":\"Expansi\u00f3n\",\"item\":\"https:\/\/www.ignaciovalduerteles.es\/blog\/articulos\/expansion\/\"},{\"@type\":\"ListItem\",\"position\":4,\"name\":\"\u00abCARITAS In Veritate\u00bb\"}]}]}<\/script>\n<!-- \/ Yoast SEO plugin. -->","yoast_head_json":{"title":"\"CARITAS In Veritate\" - Ignacio Valduerteles Bartos","description":"Blog personal de Ignacio Valdu\u00e9rteles, Dr. en Administraci\u00f3n y Direcci\u00f3n de Empresas y miembro destacado en la hermandad la Soledad de San Lorenzo, en Sevilla","robots":{"index":"index","follow":"follow","max-snippet":"max-snippet:-1","max-image-preview":"max-image-preview:large","max-video-preview":"max-video-preview:-1"},"canonical":"https:\/\/www.ignaciovalduerteles.es\/blog\/articulos\/expansion\/caritas-in-veritate\/","og_locale":"es_ES","og_type":"article","og_title":"\"CARITAS In Veritate\" - Ignacio Valduerteles Bartos","og_description":"Blog personal de Ignacio Valdu\u00e9rteles, Dr. en Administraci\u00f3n y Direcci\u00f3n de Empresas y miembro destacado en la hermandad la Soledad de San Lorenzo, en Sevilla","og_url":"https:\/\/www.ignaciovalduerteles.es\/blog\/articulos\/expansion\/caritas-in-veritate\/","og_site_name":"Ignacio Valduerteles Bartos","article_modified_time":"2011-07-31T20:45:54+00:00","og_image":[{"width":1024,"height":292,"url":"https:\/\/www.ignaciovalduerteles.es\/blog\/wp-content\/uploads\/2022\/02\/banner1-1024x292.png","type":"image\/png"}],"twitter_card":"summary_large_image","twitter_misc":{"Tiempo de lectura":"3 minutos"},"schema":{"@context":"https:\/\/schema.org","@graph":[{"@type":["Person","Organization"],"@id":"https:\/\/www.ignaciovalduerteles.es\/blog\/#\/schema\/person\/c4ab4ed77f14e0141ba3dcd9c6f501d5","name":"Ignacio Valduerteles Bartos","image":{"@type":"ImageObject","inLanguage":"es","@id":"https:\/\/www.ignaciovalduerteles.es\/blog\/#\/schema\/person\/image\/","url":"https:\/\/www.ignaciovalduerteles.es\/blog\/wp-content\/uploads\/2022\/02\/cabecera-1024x390.png","contentUrl":"https:\/\/www.ignaciovalduerteles.es\/blog\/wp-content\/uploads\/2022\/02\/cabecera-1024x390.png","width":1024,"height":390,"caption":"Ignacio Valduerteles Bartos"},"logo":{"@id":"https:\/\/www.ignaciovalduerteles.es\/blog\/#\/schema\/person\/image\/"},"sameAs":["http:\/\/www.ivb.es"]},{"@type":"WebSite","@id":"https:\/\/www.ignaciovalduerteles.es\/blog\/#website","url":"https:\/\/www.ignaciovalduerteles.es\/blog\/","name":"Ignacio Valduerteles Bartos","description":"Reflexiones y art\u00edculos del Ignacio Valdu\u00e9rteles","publisher":{"@id":"https:\/\/www.ignaciovalduerteles.es\/blog\/#\/schema\/person\/c4ab4ed77f14e0141ba3dcd9c6f501d5"},"potentialAction":[{"@type":"SearchAction","target":{"@type":"EntryPoint","urlTemplate":"https:\/\/www.ignaciovalduerteles.es\/blog\/?s={search_term_string}"},"query-input":"required name=search_term_string"}],"inLanguage":"es"},{"@type":"WebPage","@id":"https:\/\/www.ignaciovalduerteles.es\/blog\/articulos\/expansion\/caritas-in-veritate\/#webpage","url":"https:\/\/www.ignaciovalduerteles.es\/blog\/articulos\/expansion\/caritas-in-veritate\/","name":"\"CARITAS In Veritate\" - Ignacio Valduerteles Bartos","isPartOf":{"@id":"https:\/\/www.ignaciovalduerteles.es\/blog\/#website"},"datePublished":"2009-07-13T22:00:00+00:00","dateModified":"2011-07-31T20:45:54+00:00","description":"Blog personal de Ignacio Valdu\u00e9rteles, Dr. en Administraci\u00f3n y Direcci\u00f3n de Empresas y miembro destacado en la hermandad la Soledad de San Lorenzo, en Sevilla","breadcrumb":{"@id":"https:\/\/www.ignaciovalduerteles.es\/blog\/articulos\/expansion\/caritas-in-veritate\/#breadcrumb"},"inLanguage":"es","potentialAction":[{"@type":"ReadAction","target":["https:\/\/www.ignaciovalduerteles.es\/blog\/articulos\/expansion\/caritas-in-veritate\/"]}]},{"@type":"BreadcrumbList","@id":"https:\/\/www.ignaciovalduerteles.es\/blog\/articulos\/expansion\/caritas-in-veritate\/#breadcrumb","itemListElement":[{"@type":"ListItem","position":1,"name":"Portada","item":"https:\/\/www.ignaciovalduerteles.es\/blog\/"},{"@type":"ListItem","position":2,"name":"Art\u00edculos","item":"https:\/\/www.ignaciovalduerteles.es\/blog\/articulos\/"},{"@type":"ListItem","position":3,"name":"Expansi\u00f3n","item":"https:\/\/www.ignaciovalduerteles.es\/blog\/articulos\/expansion\/"},{"@type":"ListItem","position":4,"name":"\u00abCARITAS In Veritate\u00bb"}]}]}},"_links":{"self":[{"href":"https:\/\/www.ignaciovalduerteles.es\/blog\/wp-json\/wp\/v2\/pages\/249"}],"collection":[{"href":"https:\/\/www.ignaciovalduerteles.es\/blog\/wp-json\/wp\/v2\/pages"}],"about":[{"href":"https:\/\/www.ignaciovalduerteles.es\/blog\/wp-json\/wp\/v2\/types\/page"}],"author":[{"embeddable":true,"href":"https:\/\/www.ignaciovalduerteles.es\/blog\/wp-json\/wp\/v2\/users\/1"}],"replies":[{"embeddable":true,"href":"https:\/\/www.ignaciovalduerteles.es\/blog\/wp-json\/wp\/v2\/comments?post=249"}],"version-history":[{"count":8,"href":"https:\/\/www.ignaciovalduerteles.es\/blog\/wp-json\/wp\/v2\/pages\/249\/revisions"}],"predecessor-version":[{"id":714,"href":"https:\/\/www.ignaciovalduerteles.es\/blog\/wp-json\/wp\/v2\/pages\/249\/revisions\/714"}],"up":[{"embeddable":true,"href":"https:\/\/www.ignaciovalduerteles.es\/blog\/wp-json\/wp\/v2\/pages\/21"}],"wp:attachment":[{"href":"https:\/\/www.ignaciovalduerteles.es\/blog\/wp-json\/wp\/v2\/media?parent=249"}],"curies":[{"name":"wp","href":"https:\/\/api.w.org\/{rel}","templated":true}]}}