{"id":251,"date":"2009-06-06T17:00:16","date_gmt":"2009-06-06T17:00:16","guid":{"rendered":"http:\/\/www.guadaoliva.comlu.com\/blog\/?page_id=251"},"modified":"2011-07-31T22:46:47","modified_gmt":"2011-07-31T20:46:47","slug":"reflexiones-postelectorales","status":"publish","type":"page","link":"https:\/\/www.ignaciovalduerteles.es\/blog\/articulos\/expansion\/reflexiones-postelectorales\/","title":{"rendered":"Reflexiones postelectorales"},"content":{"rendered":"<div style=\"text-align: justify;\"><span style=\"color: #000080;\"><strong>\u00a0 \u00a0 \u00a0 \u00a0 \u00a0 \u00a0\u00a0<\/strong>A menos de cuarenta y ocho horas del cierre de los colegios electorales,\u00a0\u00a0parece obligado hacer alg\u00fan comentario sobre los resultados de las elecciones europeas.<\/span><\/div>\n<div style=\"text-align: justify;\"><span style=\"color: #000080;\">\u00a0\u00a0\u00a0\u00a0\u00a0\u00a0\u00a0\u00a0\u00a0\u00a0\u00a0\u00a0Analistas pol\u00edticos de todos los colores y tendencias se esfuerzan estos d\u00edas en diseccionar los datos, buscando alguna coherencia entre \u00e9stos y sus opiniones. No se trata en esta columna de\u00a0\u00a0sumarse al coro de analistas, sino de ofrecer algunas reflexiones, en clave empresarial, acerca de estos resultados, agrupadas en tres apartados.<\/span><\/div>\n<div style=\"text-align: justify;\"><span style=\"color: #000080;\"><strong>1.-<\/strong>\u00a0<strong>La campa\u00f1a<\/strong>.- De forma especial la del PSOE ha sido un ejemplo de lo que no debe ser una campa\u00f1a electoral. Una serie de zafiedades, vulgaridades, insultos y descalificaciones que han ocultado las propuestas y programas electorales. La \u00fanica idea que se entreve\u00eda entre tanta pirotecnia era, por una parte, que el sistema de relaciones laborales era intocable y por la otra que hab\u00eda que hacer reformas, sin concretar cu\u00e1les.<\/span><\/div>\n<div style=\"text-align: justify;\"><span style=\"color: #000080;\">\u00a0\u00a0\u00a0\u00a0\u00a0\u00a0\u00a0\u00a0\u00a0\u00a0\u00a0\u00a0Un poco de iron\u00eda, incluso de sarcasmo, en periodo electoral anima. Tambi\u00e9n es cierto que hay que apelar no s\u00f3lo a la cabeza, sino tambi\u00e9n al coraz\u00f3n, al sentimiento;\u00a0\u00a0pero el exceso empacha y se vuelve en contra del que abusa. Los ciudadanos tienen la madurez suficiente como para no confundir una campa\u00f1a con un vodevil y reaccionan en consecuencia.<\/span><\/div>\n<div style=\"text-align: justify;\"><span style=\"color: #000080;\">\u00a0\u00a0\u00a0\u00a0\u00a0\u00a0\u00a0\u00a0\u00a0\u00a0\u00a0\u00a0Por \u00faltimo, el recurso de acusar a \u201cla derecha\u201d, ese concepto tan anacr\u00f3nico como indefinido,\u00a0\u00a0como causante de todos los males: pasados, presentes y futuros, acaba gastando el argumento, por inconsistente y cansino.\u00a0<\/span><\/div>\n<div style=\"text-align: justify;\"><span style=\"color: #000080;\"><strong>2.- La econom\u00eda<\/strong>.- Que hay crisis es evidente. Que, en Espa\u00f1a, a la crisis financiera se une una crisis econ\u00f3mica particular tambi\u00e9n es evidente. Que la tasa de paro espa\u00f1ola duplica a la europea\u00a0\u00a0es un dato incontrovertido. Todos estamos de acuerdo en que hay que cambiar el modelo. El problema viene cuando hay que pasar de las frases ret\u00f3ricas a las propuestas concretas. Decir, al mismo tiempo, que hay que cambiar el modelo, pero que el modelo de relaciones laborales es intocable no tiene ning\u00fan sentido, m\u00e1xime cuando el propio Presidente del Gobierno lanza a los empresarios el mensaje tremendo de que si quieren\u00a0\u00a0alg\u00fan tipo de ayuda que utilicen los EREs, que para eso est\u00e1n.<\/span><\/div>\n<div style=\"text-align: justify;\"><span style=\"color: #000080;\">\u00a0\u00a0\u00a0\u00a0\u00a0\u00a0\u00a0\u00a0\u00a0\u00a0\u00a0\u00a0Tampoco cab\u00eda esperar\u00a0\u00a0demasiado. Dos tardes de econom\u00eda no dan para m\u00e1s; pero \u00bfpor qu\u00e9 desde el PP no se explica claramente que el modelo de contrataci\u00f3n laboral est\u00e1 obsoleto, que no es l\u00f3gico que un taller de carpinter\u00eda, con tres empleados, en un pueblo de la sierra de Ja\u00e9n, tenga que pagar los mismos salarios &#8211; los que marque el convenio de la madera &#8211; que un empresario del mueble con doscientos trabajadores en el cintur\u00f3n industrial de Madrid?, \u00bfsi las circunstancias personales y familiares de cada trabajador son distintas, por qu\u00e9 todos han de contratar obligatoriamente las mismas prestaciones sociales?, \u00bfpor qu\u00e9 la productividad no puede estar ligada al salario?, \u00bfes l\u00f3gico que resulte m\u00e1s f\u00e1cil resolver un contrato matrimonial, a instancia de una de las partes y sin necesidad de motivaci\u00f3n, que uno laboral?.<\/span><\/div>\n<div style=\"text-align: justify;\"><span style=\"color: #000080;\">\u00a0\u00a0\u00a0\u00a0\u00a0\u00a0\u00a0\u00a0\u00a0\u00a0\u00a0\u00a0O se plantean claramente \u00e9sta y otras cuestiones o seguiremos con\u00a0\u00a0alegor\u00edas de brotes verdes, monta\u00f1as nevadas y banderas al viento, de victoria en victoria hasta la derrota final.<\/span><\/div>\n<div style=\"text-align: justify;\"><span style=\"color: #000080;\"><strong>3.- Los valores<\/strong>.- Durante toda la campa\u00f1a he tenido presente un libro reci\u00e9n publicado por el profesor de la Universidad de Londres Orlando Figes: su\u00a0\u00a0monumental obra\u00a0<em>Los que susurran,\u00a0<\/em>elaborada en base a diarios, memorias familiares, documentos personales y miles de entrevistas hechas por diferentes equipos investigadores, para conocer c\u00f3mo vivieron su vida privada millones de rusos durante los a\u00f1os del terror de Stalin y\u00a0\u00a0durante toda la dictadura sovi\u00e9tica, ofrece\u00a0\u00a0conclusiones\u00a0\u00a0demoledoras. La creaci\u00f3n de la \u201cnueva sociedad\u201d se bas\u00f3 en dos pilares:\u00a0\u00a0\u00a0la destrucci\u00f3n de la familia y el control de la educaci\u00f3n.<\/span><\/div>\n<div style=\"text-align: justify;\"><span style=\"color: #000080;\">\u00a0\u00a0\u00a0\u00a0\u00a0\u00a0\u00a0\u00a0\u00a0\u00a0\u00a0\u00a0Afortunadamente la sociedad civil se est\u00e1 consolidando a marchas forzadas. Movimientos ciudadanos, al margen de los partidos, son capaces de convocar manifestaciones de m\u00e1s de un mill\u00f3n de personas por en defensa de la familia, la educaci\u00f3n o la vida. Por eso aunque hemos escuchado, especialmente al PP, alusiones a los valores, sigo echando de menos la propuesta de un modelo axiol\u00f3gico coherente. Sin \u00e9l dif\u00edcilmente habr\u00e1 personas libres; sin personas libres no se construye una sociedad abierta; sin sociedad abierta\u00a0\u00a0no hay modelo econ\u00f3mico viable.<\/span><\/div>\n<div style=\"text-align: right;\"><span style=\"color: #000080;\">9.06.09<\/span><\/div>\n","protected":false},"excerpt":{"rendered":"<p>\u00a0 \u00a0 \u00a0 \u00a0 \u00a0 \u00a0\u00a0A menos de cuarenta y ocho horas del cierre de los colegios electorales,\u00a0\u00a0parece obligado hacer alg\u00fan comentario sobre los resultados de las elecciones europeas. \u00a0\u00a0\u00a0\u00a0\u00a0\u00a0\u00a0\u00a0\u00a0\u00a0\u00a0\u00a0Analistas pol\u00edticos de todos los colores y tendencias se esfuerzan estos &hellip; <a href=\"https:\/\/www.ignaciovalduerteles.es\/blog\/articulos\/expansion\/reflexiones-postelectorales\/\">Continuar<\/a><\/p>\n","protected":false},"author":1,"featured_media":0,"parent":21,"menu_order":2,"comment_status":"open","ping_status":"open","template":"sidebar-page.php","meta":{"kt_blocks_editor_width":""},"yoast_head":"<!-- This site is optimized with the Yoast SEO plugin v19.0 - https:\/\/yoast.com\/wordpress\/plugins\/seo\/ -->\n<title>Reflexiones postelectorales - Ignacio Valduerteles Bartos<\/title>\n<meta name=\"description\" content=\"Blog personal de Ignacio Valdu\u00e9rteles, Dr. en Administraci\u00f3n y Direcci\u00f3n de Empresas y miembro destacado en la hermandad la Soledad de San Lorenzo, en Sevilla\" \/>\n<meta name=\"robots\" content=\"index, follow, max-snippet:-1, max-image-preview:large, max-video-preview:-1\" \/>\n<link rel=\"canonical\" href=\"https:\/\/www.ignaciovalduerteles.es\/blog\/articulos\/expansion\/reflexiones-postelectorales\/\" \/>\n<meta property=\"og:locale\" content=\"es_ES\" \/>\n<meta property=\"og:type\" content=\"article\" \/>\n<meta property=\"og:title\" content=\"Reflexiones postelectorales - Ignacio Valduerteles Bartos\" \/>\n<meta property=\"og:description\" content=\"Blog personal de Ignacio Valdu\u00e9rteles, Dr. en Administraci\u00f3n y Direcci\u00f3n de Empresas y miembro destacado en la hermandad la Soledad de San Lorenzo, en Sevilla\" \/>\n<meta property=\"og:url\" content=\"https:\/\/www.ignaciovalduerteles.es\/blog\/articulos\/expansion\/reflexiones-postelectorales\/\" \/>\n<meta property=\"og:site_name\" content=\"Ignacio Valduerteles Bartos\" \/>\n<meta property=\"article:modified_time\" content=\"2011-07-31T20:46:47+00:00\" \/>\n<meta property=\"og:image\" content=\"https:\/\/www.ignaciovalduerteles.es\/blog\/wp-content\/uploads\/2022\/02\/banner1-1024x292.png\" \/>\n\t<meta property=\"og:image:width\" content=\"1024\" \/>\n\t<meta property=\"og:image:height\" content=\"292\" \/>\n\t<meta property=\"og:image:type\" content=\"image\/png\" \/>\n<meta name=\"twitter:card\" content=\"summary_large_image\" \/>\n<meta name=\"twitter:label1\" content=\"Tiempo de lectura\" \/>\n\t<meta name=\"twitter:data1\" content=\"4 minutos\" \/>\n<script type=\"application\/ld+json\" class=\"yoast-schema-graph\">{\"@context\":\"https:\/\/schema.org\",\"@graph\":[{\"@type\":[\"Person\",\"Organization\"],\"@id\":\"https:\/\/www.ignaciovalduerteles.es\/blog\/#\/schema\/person\/c4ab4ed77f14e0141ba3dcd9c6f501d5\",\"name\":\"Ignacio Valduerteles Bartos\",\"image\":{\"@type\":\"ImageObject\",\"inLanguage\":\"es\",\"@id\":\"https:\/\/www.ignaciovalduerteles.es\/blog\/#\/schema\/person\/image\/\",\"url\":\"https:\/\/www.ignaciovalduerteles.es\/blog\/wp-content\/uploads\/2022\/02\/cabecera-1024x390.png\",\"contentUrl\":\"https:\/\/www.ignaciovalduerteles.es\/blog\/wp-content\/uploads\/2022\/02\/cabecera-1024x390.png\",\"width\":1024,\"height\":390,\"caption\":\"Ignacio Valduerteles Bartos\"},\"logo\":{\"@id\":\"https:\/\/www.ignaciovalduerteles.es\/blog\/#\/schema\/person\/image\/\"},\"sameAs\":[\"http:\/\/www.ivb.es\"]},{\"@type\":\"WebSite\",\"@id\":\"https:\/\/www.ignaciovalduerteles.es\/blog\/#website\",\"url\":\"https:\/\/www.ignaciovalduerteles.es\/blog\/\",\"name\":\"Ignacio Valduerteles Bartos\",\"description\":\"Reflexiones y art\u00edculos del Ignacio Valdu\u00e9rteles\",\"publisher\":{\"@id\":\"https:\/\/www.ignaciovalduerteles.es\/blog\/#\/schema\/person\/c4ab4ed77f14e0141ba3dcd9c6f501d5\"},\"potentialAction\":[{\"@type\":\"SearchAction\",\"target\":{\"@type\":\"EntryPoint\",\"urlTemplate\":\"https:\/\/www.ignaciovalduerteles.es\/blog\/?s={search_term_string}\"},\"query-input\":\"required name=search_term_string\"}],\"inLanguage\":\"es\"},{\"@type\":\"WebPage\",\"@id\":\"https:\/\/www.ignaciovalduerteles.es\/blog\/articulos\/expansion\/reflexiones-postelectorales\/#webpage\",\"url\":\"https:\/\/www.ignaciovalduerteles.es\/blog\/articulos\/expansion\/reflexiones-postelectorales\/\",\"name\":\"Reflexiones postelectorales - Ignacio Valduerteles Bartos\",\"isPartOf\":{\"@id\":\"https:\/\/www.ignaciovalduerteles.es\/blog\/#website\"},\"datePublished\":\"2009-06-06T17:00:16+00:00\",\"dateModified\":\"2011-07-31T20:46:47+00:00\",\"description\":\"Blog personal de Ignacio Valdu\u00e9rteles, Dr. en Administraci\u00f3n y Direcci\u00f3n de Empresas y miembro destacado en la hermandad la Soledad de San Lorenzo, en Sevilla\",\"breadcrumb\":{\"@id\":\"https:\/\/www.ignaciovalduerteles.es\/blog\/articulos\/expansion\/reflexiones-postelectorales\/#breadcrumb\"},\"inLanguage\":\"es\",\"potentialAction\":[{\"@type\":\"ReadAction\",\"target\":[\"https:\/\/www.ignaciovalduerteles.es\/blog\/articulos\/expansion\/reflexiones-postelectorales\/\"]}]},{\"@type\":\"BreadcrumbList\",\"@id\":\"https:\/\/www.ignaciovalduerteles.es\/blog\/articulos\/expansion\/reflexiones-postelectorales\/#breadcrumb\",\"itemListElement\":[{\"@type\":\"ListItem\",\"position\":1,\"name\":\"Portada\",\"item\":\"https:\/\/www.ignaciovalduerteles.es\/blog\/\"},{\"@type\":\"ListItem\",\"position\":2,\"name\":\"Art\u00edculos\",\"item\":\"https:\/\/www.ignaciovalduerteles.es\/blog\/articulos\/\"},{\"@type\":\"ListItem\",\"position\":3,\"name\":\"Expansi\u00f3n\",\"item\":\"https:\/\/www.ignaciovalduerteles.es\/blog\/articulos\/expansion\/\"},{\"@type\":\"ListItem\",\"position\":4,\"name\":\"Reflexiones postelectorales\"}]}]}<\/script>\n<!-- \/ Yoast SEO plugin. -->","yoast_head_json":{"title":"Reflexiones postelectorales - Ignacio Valduerteles Bartos","description":"Blog personal de Ignacio Valdu\u00e9rteles, Dr. en Administraci\u00f3n y Direcci\u00f3n de Empresas y miembro destacado en la hermandad la Soledad de San Lorenzo, en Sevilla","robots":{"index":"index","follow":"follow","max-snippet":"max-snippet:-1","max-image-preview":"max-image-preview:large","max-video-preview":"max-video-preview:-1"},"canonical":"https:\/\/www.ignaciovalduerteles.es\/blog\/articulos\/expansion\/reflexiones-postelectorales\/","og_locale":"es_ES","og_type":"article","og_title":"Reflexiones postelectorales - Ignacio Valduerteles Bartos","og_description":"Blog personal de Ignacio Valdu\u00e9rteles, Dr. en Administraci\u00f3n y Direcci\u00f3n de Empresas y miembro destacado en la hermandad la Soledad de San Lorenzo, en Sevilla","og_url":"https:\/\/www.ignaciovalduerteles.es\/blog\/articulos\/expansion\/reflexiones-postelectorales\/","og_site_name":"Ignacio Valduerteles Bartos","article_modified_time":"2011-07-31T20:46:47+00:00","og_image":[{"width":1024,"height":292,"url":"https:\/\/www.ignaciovalduerteles.es\/blog\/wp-content\/uploads\/2022\/02\/banner1-1024x292.png","type":"image\/png"}],"twitter_card":"summary_large_image","twitter_misc":{"Tiempo de lectura":"4 minutos"},"schema":{"@context":"https:\/\/schema.org","@graph":[{"@type":["Person","Organization"],"@id":"https:\/\/www.ignaciovalduerteles.es\/blog\/#\/schema\/person\/c4ab4ed77f14e0141ba3dcd9c6f501d5","name":"Ignacio Valduerteles Bartos","image":{"@type":"ImageObject","inLanguage":"es","@id":"https:\/\/www.ignaciovalduerteles.es\/blog\/#\/schema\/person\/image\/","url":"https:\/\/www.ignaciovalduerteles.es\/blog\/wp-content\/uploads\/2022\/02\/cabecera-1024x390.png","contentUrl":"https:\/\/www.ignaciovalduerteles.es\/blog\/wp-content\/uploads\/2022\/02\/cabecera-1024x390.png","width":1024,"height":390,"caption":"Ignacio Valduerteles Bartos"},"logo":{"@id":"https:\/\/www.ignaciovalduerteles.es\/blog\/#\/schema\/person\/image\/"},"sameAs":["http:\/\/www.ivb.es"]},{"@type":"WebSite","@id":"https:\/\/www.ignaciovalduerteles.es\/blog\/#website","url":"https:\/\/www.ignaciovalduerteles.es\/blog\/","name":"Ignacio Valduerteles Bartos","description":"Reflexiones y art\u00edculos del Ignacio Valdu\u00e9rteles","publisher":{"@id":"https:\/\/www.ignaciovalduerteles.es\/blog\/#\/schema\/person\/c4ab4ed77f14e0141ba3dcd9c6f501d5"},"potentialAction":[{"@type":"SearchAction","target":{"@type":"EntryPoint","urlTemplate":"https:\/\/www.ignaciovalduerteles.es\/blog\/?s={search_term_string}"},"query-input":"required name=search_term_string"}],"inLanguage":"es"},{"@type":"WebPage","@id":"https:\/\/www.ignaciovalduerteles.es\/blog\/articulos\/expansion\/reflexiones-postelectorales\/#webpage","url":"https:\/\/www.ignaciovalduerteles.es\/blog\/articulos\/expansion\/reflexiones-postelectorales\/","name":"Reflexiones postelectorales - Ignacio Valduerteles Bartos","isPartOf":{"@id":"https:\/\/www.ignaciovalduerteles.es\/blog\/#website"},"datePublished":"2009-06-06T17:00:16+00:00","dateModified":"2011-07-31T20:46:47+00:00","description":"Blog personal de Ignacio Valdu\u00e9rteles, Dr. en Administraci\u00f3n y Direcci\u00f3n de Empresas y miembro destacado en la hermandad la Soledad de San Lorenzo, en Sevilla","breadcrumb":{"@id":"https:\/\/www.ignaciovalduerteles.es\/blog\/articulos\/expansion\/reflexiones-postelectorales\/#breadcrumb"},"inLanguage":"es","potentialAction":[{"@type":"ReadAction","target":["https:\/\/www.ignaciovalduerteles.es\/blog\/articulos\/expansion\/reflexiones-postelectorales\/"]}]},{"@type":"BreadcrumbList","@id":"https:\/\/www.ignaciovalduerteles.es\/blog\/articulos\/expansion\/reflexiones-postelectorales\/#breadcrumb","itemListElement":[{"@type":"ListItem","position":1,"name":"Portada","item":"https:\/\/www.ignaciovalduerteles.es\/blog\/"},{"@type":"ListItem","position":2,"name":"Art\u00edculos","item":"https:\/\/www.ignaciovalduerteles.es\/blog\/articulos\/"},{"@type":"ListItem","position":3,"name":"Expansi\u00f3n","item":"https:\/\/www.ignaciovalduerteles.es\/blog\/articulos\/expansion\/"},{"@type":"ListItem","position":4,"name":"Reflexiones postelectorales"}]}]}},"_links":{"self":[{"href":"https:\/\/www.ignaciovalduerteles.es\/blog\/wp-json\/wp\/v2\/pages\/251"}],"collection":[{"href":"https:\/\/www.ignaciovalduerteles.es\/blog\/wp-json\/wp\/v2\/pages"}],"about":[{"href":"https:\/\/www.ignaciovalduerteles.es\/blog\/wp-json\/wp\/v2\/types\/page"}],"author":[{"embeddable":true,"href":"https:\/\/www.ignaciovalduerteles.es\/blog\/wp-json\/wp\/v2\/users\/1"}],"replies":[{"embeddable":true,"href":"https:\/\/www.ignaciovalduerteles.es\/blog\/wp-json\/wp\/v2\/comments?post=251"}],"version-history":[{"count":4,"href":"https:\/\/www.ignaciovalduerteles.es\/blog\/wp-json\/wp\/v2\/pages\/251\/revisions"}],"predecessor-version":[{"id":715,"href":"https:\/\/www.ignaciovalduerteles.es\/blog\/wp-json\/wp\/v2\/pages\/251\/revisions\/715"}],"up":[{"embeddable":true,"href":"https:\/\/www.ignaciovalduerteles.es\/blog\/wp-json\/wp\/v2\/pages\/21"}],"wp:attachment":[{"href":"https:\/\/www.ignaciovalduerteles.es\/blog\/wp-json\/wp\/v2\/media?parent=251"}],"curies":[{"name":"wp","href":"https:\/\/api.w.org\/{rel}","templated":true}]}}