{"id":2610,"date":"2022-03-14T20:11:59","date_gmt":"2022-03-14T19:11:59","guid":{"rendered":"https:\/\/www.ignaciovalduerteles.es\/blog\/?page_id=2610"},"modified":"2022-03-23T20:24:09","modified_gmt":"2022-03-23T19:24:09","slug":"claves-para-la-comunicacion-interna-en-la-empresa","status":"publish","type":"page","link":"https:\/\/www.ignaciovalduerteles.es\/blog\/investigacion\/libros\/claves-para-la-comunicacion-interna-en-la-empresa\/","title":{"rendered":"Claves para la comunicaci\u00f3n interna en la empresa"},"content":{"rendered":"<style id=\"kb-rowlayout_8abb6e-ed\">@media all and (min-width: 768px){#kt-layout-id_8abb6e-ed > .kt-row-column-wrap > .inner-column-1{flex:0 1 65%;-webkit-flex:0 1 65%;}#kt-layout-id_8abb6e-ed > .kt-row-column-wrap > .inner-column-2{flex:0 1 35%;-webkit-flex:0 1 35%;}}#kt-layout-id_8abb6e-ed > .kt-row-column-wrap{padding-top:0px;padding-bottom:0px;padding-left:0px;padding-right:0px;}<\/style>\n<div class=\"wp-block-kadence-rowlayout alignnone\"><div id=\"kt-layout-id_8abb6e-ed\" class=\"kt-row-layout-inner kt-layout-id_8abb6e-ed\"><div class=\"kt-row-column-wrap kt-has-2-columns kt-gutter-narrow kt-v-gutter-default kt-row-valign-middle kt-row-layout-equal kt-tab-layout-inherit kt-m-colapse-left-to-right kt-mobile-layout-row  kt-custom-first-width-65  kt-custom-second-width-35\">\n<div class=\"wp-block-kadence-column inner-column-1 kadence-column_665c4e-78\"><div class=\"kt-inside-inner-col\">\n<h2 class=\"has-text-align-left\"><strong><em><strong><em>\u201cClaves para la comunicaci\u00f3n interna en la empresa<\/em><\/strong>\u201d<\/em><\/strong><\/h2>\n\n\n\n<h5 class=\"has-text-align-left has-very-dark-gray-color has-text-color\">Ed. Alm\u00f3n (2016). Barcelona<\/h5>\n\n\n\n<p>La comunicaci\u00f3n es, fundamentalmente, un asunto entre personas; no s\u00f3lo afecta a los comportamientos personales, tambi\u00e9n a los aspectos organizativos de las empresas en que las personas act\u00faan.<\/p>\n\n\n\n<p>&nbsp;&nbsp;&nbsp;&nbsp;&nbsp;&nbsp;&nbsp;&nbsp;&nbsp;&nbsp;&nbsp; No s\u00f3lo el clima laboral en la empresa, tambi\u00e9n la calidad de los productos o servicios ofertados est\u00e1n siempre afectados por la comunicaci\u00f3n interna.<\/p>\n\n\n\n<p>Sin embargo la atenci\u00f3n de los directivos se suele centrar en la comunicaci\u00f3n externa, prestando poca atenci\u00f3n a la calidad de la comunicaci\u00f3n dentro de la empresa.<\/p>\n\n\n\n<p>&nbsp;&nbsp;&nbsp;&nbsp;&nbsp;&nbsp;&nbsp;&nbsp;&nbsp;&nbsp;&nbsp; Por ello es importante explicar y difundir los conceptos esenciales a la comunicaci\u00f3n interna en las empresas; pero haciendo tambi\u00e9n hincapi\u00e9 en el modo de aplicar estos conceptos, para su desarrollo y mejora.<\/p>\n\n\n\n<p><\/p>\n<\/div><\/div>\n\n\n\n<div class=\"wp-block-kadence-column inner-column-2 kadence-column_94ac9d-cd\"><div class=\"kt-inside-inner-col\">\n<figure class=\"wp-block-image size-large\"><a href=\"https:\/\/www.ignaciovalduerteles.es\/blog\/wp-content\/uploads\/2022\/03\/Portada-comunicacion-interna-.jpg\"><img decoding=\"async\" loading=\"lazy\" width=\"747\" height=\"1024\" src=\"https:\/\/www.ignaciovalduerteles.es\/blog\/wp-content\/uploads\/2022\/03\/Portada-comunicacion-interna--747x1024.jpg\" alt=\"Portada\" class=\"wp-image-2612\" srcset=\"https:\/\/www.ignaciovalduerteles.es\/blog\/wp-content\/uploads\/2022\/03\/Portada-comunicacion-interna--747x1024.jpg 747w, https:\/\/www.ignaciovalduerteles.es\/blog\/wp-content\/uploads\/2022\/03\/Portada-comunicacion-interna--219x300.jpg 219w, https:\/\/www.ignaciovalduerteles.es\/blog\/wp-content\/uploads\/2022\/03\/Portada-comunicacion-interna--768x1053.jpg 768w, https:\/\/www.ignaciovalduerteles.es\/blog\/wp-content\/uploads\/2022\/03\/Portada-comunicacion-interna--1120x1536.jpg 1120w, https:\/\/www.ignaciovalduerteles.es\/blog\/wp-content\/uploads\/2022\/03\/Portada-comunicacion-interna--1494x2048.jpg 1494w, https:\/\/www.ignaciovalduerteles.es\/blog\/wp-content\/uploads\/2022\/03\/Portada-comunicacion-interna-.jpg 1645w\" sizes=\"(max-width: 747px) 100vw, 747px\" \/><\/a><\/figure>\n<\/div><\/div>\n<\/div><\/div><\/div>\n","protected":false},"excerpt":{"rendered":"<p>\u201cClaves para la comunicaci\u00f3n interna en la empresa\u201d Ed. Alm\u00f3n (2016). Barcelona La comunicaci\u00f3n es, fundamentalmente, un asunto entre personas; no s\u00f3lo afecta a los comportamientos personales, tambi\u00e9n a los aspectos organizativos de las empresas en que las personas act\u00faan. &hellip; <a href=\"https:\/\/www.ignaciovalduerteles.es\/blog\/investigacion\/libros\/claves-para-la-comunicacion-interna-en-la-empresa\/\">Continuar<\/a><\/p>\n","protected":false},"author":3,"featured_media":2612,"parent":83,"menu_order":0,"comment_status":"closed","ping_status":"closed","template":"","meta":{"kt_blocks_editor_width":""},"yoast_head":"<!-- This site is optimized with the Yoast SEO plugin v19.0 - https:\/\/yoast.com\/wordpress\/plugins\/seo\/ -->\n<title>Claves para la comunicaci\u00f3n interna en la empresa - Ignacio Valduerteles Bartos<\/title>\n<meta name=\"description\" content=\"Blog personal de Ignacio Valdu\u00e9rteles, Dr. en Administraci\u00f3n y Direcci\u00f3n de Empresas y miembro destacado en la hermandad la Soledad de San Lorenzo, en Sevilla\" \/>\n<meta name=\"robots\" content=\"index, follow, max-snippet:-1, max-image-preview:large, max-video-preview:-1\" \/>\n<link rel=\"canonical\" href=\"https:\/\/www.ignaciovalduerteles.es\/blog\/investigacion\/libros\/claves-para-la-comunicacion-interna-en-la-empresa\/\" \/>\n<meta property=\"og:locale\" content=\"es_ES\" \/>\n<meta property=\"og:type\" content=\"article\" \/>\n<meta property=\"og:title\" content=\"Claves para la comunicaci\u00f3n interna en la empresa - Ignacio Valduerteles Bartos\" \/>\n<meta property=\"og:description\" content=\"Blog personal de Ignacio Valdu\u00e9rteles, Dr. en Administraci\u00f3n y Direcci\u00f3n de Empresas y miembro destacado en la hermandad la Soledad de San Lorenzo, en Sevilla\" \/>\n<meta property=\"og:url\" content=\"https:\/\/www.ignaciovalduerteles.es\/blog\/investigacion\/libros\/claves-para-la-comunicacion-interna-en-la-empresa\/\" \/>\n<meta property=\"og:site_name\" content=\"Ignacio Valduerteles Bartos\" \/>\n<meta property=\"article:modified_time\" content=\"2022-03-23T19:24:09+00:00\" \/>\n<meta property=\"og:image\" content=\"https:\/\/www.ignaciovalduerteles.es\/blog\/wp-content\/uploads\/2022\/03\/Portada-comunicacion-interna-.jpg\" \/>\n\t<meta property=\"og:image:width\" content=\"1645\" \/>\n\t<meta property=\"og:image:height\" content=\"2255\" \/>\n\t<meta property=\"og:image:type\" content=\"image\/jpeg\" \/>\n<meta name=\"twitter:card\" content=\"summary_large_image\" \/>\n<meta name=\"twitter:label1\" content=\"Tiempo de lectura\" \/>\n\t<meta name=\"twitter:data1\" content=\"1 minuto\" \/>\n<script type=\"application\/ld+json\" class=\"yoast-schema-graph\">{\"@context\":\"https:\/\/schema.org\",\"@graph\":[{\"@type\":[\"Person\",\"Organization\"],\"@id\":\"https:\/\/www.ignaciovalduerteles.es\/blog\/#\/schema\/person\/c4ab4ed77f14e0141ba3dcd9c6f501d5\",\"name\":\"Ignacio Valduerteles Bartos\",\"image\":{\"@type\":\"ImageObject\",\"inLanguage\":\"es\",\"@id\":\"https:\/\/www.ignaciovalduerteles.es\/blog\/#\/schema\/person\/image\/\",\"url\":\"https:\/\/www.ignaciovalduerteles.es\/blog\/wp-content\/uploads\/2022\/02\/cabecera-1024x390.png\",\"contentUrl\":\"https:\/\/www.ignaciovalduerteles.es\/blog\/wp-content\/uploads\/2022\/02\/cabecera-1024x390.png\",\"width\":1024,\"height\":390,\"caption\":\"Ignacio Valduerteles Bartos\"},\"logo\":{\"@id\":\"https:\/\/www.ignaciovalduerteles.es\/blog\/#\/schema\/person\/image\/\"},\"sameAs\":[\"http:\/\/www.ivb.es\"]},{\"@type\":\"WebSite\",\"@id\":\"https:\/\/www.ignaciovalduerteles.es\/blog\/#website\",\"url\":\"https:\/\/www.ignaciovalduerteles.es\/blog\/\",\"name\":\"Ignacio Valduerteles Bartos\",\"description\":\"Reflexiones y art\u00edculos del Ignacio Valdu\u00e9rteles\",\"publisher\":{\"@id\":\"https:\/\/www.ignaciovalduerteles.es\/blog\/#\/schema\/person\/c4ab4ed77f14e0141ba3dcd9c6f501d5\"},\"potentialAction\":[{\"@type\":\"SearchAction\",\"target\":{\"@type\":\"EntryPoint\",\"urlTemplate\":\"https:\/\/www.ignaciovalduerteles.es\/blog\/?s={search_term_string}\"},\"query-input\":\"required name=search_term_string\"}],\"inLanguage\":\"es\"},{\"@type\":\"ImageObject\",\"inLanguage\":\"es\",\"@id\":\"https:\/\/www.ignaciovalduerteles.es\/blog\/investigacion\/libros\/claves-para-la-comunicacion-interna-en-la-empresa\/#primaryimage\",\"url\":\"https:\/\/www.ignaciovalduerteles.es\/blog\/wp-content\/uploads\/2022\/03\/Portada-comunicacion-interna-.jpg\",\"contentUrl\":\"https:\/\/www.ignaciovalduerteles.es\/blog\/wp-content\/uploads\/2022\/03\/Portada-comunicacion-interna-.jpg\",\"width\":1645,\"height\":2255},{\"@type\":\"WebPage\",\"@id\":\"https:\/\/www.ignaciovalduerteles.es\/blog\/investigacion\/libros\/claves-para-la-comunicacion-interna-en-la-empresa\/#webpage\",\"url\":\"https:\/\/www.ignaciovalduerteles.es\/blog\/investigacion\/libros\/claves-para-la-comunicacion-interna-en-la-empresa\/\",\"name\":\"Claves para la comunicaci\u00f3n interna en la empresa - Ignacio Valduerteles Bartos\",\"isPartOf\":{\"@id\":\"https:\/\/www.ignaciovalduerteles.es\/blog\/#website\"},\"primaryImageOfPage\":{\"@id\":\"https:\/\/www.ignaciovalduerteles.es\/blog\/investigacion\/libros\/claves-para-la-comunicacion-interna-en-la-empresa\/#primaryimage\"},\"datePublished\":\"2022-03-14T19:11:59+00:00\",\"dateModified\":\"2022-03-23T19:24:09+00:00\",\"description\":\"Blog personal de Ignacio Valdu\u00e9rteles, Dr. en Administraci\u00f3n y Direcci\u00f3n de Empresas y miembro destacado en la hermandad la Soledad de San Lorenzo, en Sevilla\",\"breadcrumb\":{\"@id\":\"https:\/\/www.ignaciovalduerteles.es\/blog\/investigacion\/libros\/claves-para-la-comunicacion-interna-en-la-empresa\/#breadcrumb\"},\"inLanguage\":\"es\",\"potentialAction\":[{\"@type\":\"ReadAction\",\"target\":[\"https:\/\/www.ignaciovalduerteles.es\/blog\/investigacion\/libros\/claves-para-la-comunicacion-interna-en-la-empresa\/\"]}]},{\"@type\":\"BreadcrumbList\",\"@id\":\"https:\/\/www.ignaciovalduerteles.es\/blog\/investigacion\/libros\/claves-para-la-comunicacion-interna-en-la-empresa\/#breadcrumb\",\"itemListElement\":[{\"@type\":\"ListItem\",\"position\":1,\"name\":\"Portada\",\"item\":\"https:\/\/www.ignaciovalduerteles.es\/blog\/\"},{\"@type\":\"ListItem\",\"position\":2,\"name\":\"Investigaci\u00f3n\",\"item\":\"https:\/\/www.ignaciovalduerteles.es\/blog\/investigacion\/\"},{\"@type\":\"ListItem\",\"position\":3,\"name\":\"Libros Publicados\",\"item\":\"https:\/\/www.ignaciovalduerteles.es\/blog\/investigacion\/libros\/\"},{\"@type\":\"ListItem\",\"position\":4,\"name\":\"Claves para la comunicaci\u00f3n interna en la empresa\"}]}]}<\/script>\n<!-- \/ Yoast SEO plugin. -->","yoast_head_json":{"title":"Claves para la comunicaci\u00f3n interna en la empresa - Ignacio Valduerteles Bartos","description":"Blog personal de Ignacio Valdu\u00e9rteles, Dr. en Administraci\u00f3n y Direcci\u00f3n de Empresas y miembro destacado en la hermandad la Soledad de San Lorenzo, en Sevilla","robots":{"index":"index","follow":"follow","max-snippet":"max-snippet:-1","max-image-preview":"max-image-preview:large","max-video-preview":"max-video-preview:-1"},"canonical":"https:\/\/www.ignaciovalduerteles.es\/blog\/investigacion\/libros\/claves-para-la-comunicacion-interna-en-la-empresa\/","og_locale":"es_ES","og_type":"article","og_title":"Claves para la comunicaci\u00f3n interna en la empresa - Ignacio Valduerteles Bartos","og_description":"Blog personal de Ignacio Valdu\u00e9rteles, Dr. en Administraci\u00f3n y Direcci\u00f3n de Empresas y miembro destacado en la hermandad la Soledad de San Lorenzo, en Sevilla","og_url":"https:\/\/www.ignaciovalduerteles.es\/blog\/investigacion\/libros\/claves-para-la-comunicacion-interna-en-la-empresa\/","og_site_name":"Ignacio Valduerteles Bartos","article_modified_time":"2022-03-23T19:24:09+00:00","og_image":[{"width":1645,"height":2255,"url":"https:\/\/www.ignaciovalduerteles.es\/blog\/wp-content\/uploads\/2022\/03\/Portada-comunicacion-interna-.jpg","type":"image\/jpeg"}],"twitter_card":"summary_large_image","twitter_misc":{"Tiempo de lectura":"1 minuto"},"schema":{"@context":"https:\/\/schema.org","@graph":[{"@type":["Person","Organization"],"@id":"https:\/\/www.ignaciovalduerteles.es\/blog\/#\/schema\/person\/c4ab4ed77f14e0141ba3dcd9c6f501d5","name":"Ignacio Valduerteles Bartos","image":{"@type":"ImageObject","inLanguage":"es","@id":"https:\/\/www.ignaciovalduerteles.es\/blog\/#\/schema\/person\/image\/","url":"https:\/\/www.ignaciovalduerteles.es\/blog\/wp-content\/uploads\/2022\/02\/cabecera-1024x390.png","contentUrl":"https:\/\/www.ignaciovalduerteles.es\/blog\/wp-content\/uploads\/2022\/02\/cabecera-1024x390.png","width":1024,"height":390,"caption":"Ignacio Valduerteles Bartos"},"logo":{"@id":"https:\/\/www.ignaciovalduerteles.es\/blog\/#\/schema\/person\/image\/"},"sameAs":["http:\/\/www.ivb.es"]},{"@type":"WebSite","@id":"https:\/\/www.ignaciovalduerteles.es\/blog\/#website","url":"https:\/\/www.ignaciovalduerteles.es\/blog\/","name":"Ignacio Valduerteles Bartos","description":"Reflexiones y art\u00edculos del Ignacio Valdu\u00e9rteles","publisher":{"@id":"https:\/\/www.ignaciovalduerteles.es\/blog\/#\/schema\/person\/c4ab4ed77f14e0141ba3dcd9c6f501d5"},"potentialAction":[{"@type":"SearchAction","target":{"@type":"EntryPoint","urlTemplate":"https:\/\/www.ignaciovalduerteles.es\/blog\/?s={search_term_string}"},"query-input":"required name=search_term_string"}],"inLanguage":"es"},{"@type":"ImageObject","inLanguage":"es","@id":"https:\/\/www.ignaciovalduerteles.es\/blog\/investigacion\/libros\/claves-para-la-comunicacion-interna-en-la-empresa\/#primaryimage","url":"https:\/\/www.ignaciovalduerteles.es\/blog\/wp-content\/uploads\/2022\/03\/Portada-comunicacion-interna-.jpg","contentUrl":"https:\/\/www.ignaciovalduerteles.es\/blog\/wp-content\/uploads\/2022\/03\/Portada-comunicacion-interna-.jpg","width":1645,"height":2255},{"@type":"WebPage","@id":"https:\/\/www.ignaciovalduerteles.es\/blog\/investigacion\/libros\/claves-para-la-comunicacion-interna-en-la-empresa\/#webpage","url":"https:\/\/www.ignaciovalduerteles.es\/blog\/investigacion\/libros\/claves-para-la-comunicacion-interna-en-la-empresa\/","name":"Claves para la comunicaci\u00f3n interna en la empresa - Ignacio Valduerteles Bartos","isPartOf":{"@id":"https:\/\/www.ignaciovalduerteles.es\/blog\/#website"},"primaryImageOfPage":{"@id":"https:\/\/www.ignaciovalduerteles.es\/blog\/investigacion\/libros\/claves-para-la-comunicacion-interna-en-la-empresa\/#primaryimage"},"datePublished":"2022-03-14T19:11:59+00:00","dateModified":"2022-03-23T19:24:09+00:00","description":"Blog personal de Ignacio Valdu\u00e9rteles, Dr. en Administraci\u00f3n y Direcci\u00f3n de Empresas y miembro destacado en la hermandad la Soledad de San Lorenzo, en Sevilla","breadcrumb":{"@id":"https:\/\/www.ignaciovalduerteles.es\/blog\/investigacion\/libros\/claves-para-la-comunicacion-interna-en-la-empresa\/#breadcrumb"},"inLanguage":"es","potentialAction":[{"@type":"ReadAction","target":["https:\/\/www.ignaciovalduerteles.es\/blog\/investigacion\/libros\/claves-para-la-comunicacion-interna-en-la-empresa\/"]}]},{"@type":"BreadcrumbList","@id":"https:\/\/www.ignaciovalduerteles.es\/blog\/investigacion\/libros\/claves-para-la-comunicacion-interna-en-la-empresa\/#breadcrumb","itemListElement":[{"@type":"ListItem","position":1,"name":"Portada","item":"https:\/\/www.ignaciovalduerteles.es\/blog\/"},{"@type":"ListItem","position":2,"name":"Investigaci\u00f3n","item":"https:\/\/www.ignaciovalduerteles.es\/blog\/investigacion\/"},{"@type":"ListItem","position":3,"name":"Libros Publicados","item":"https:\/\/www.ignaciovalduerteles.es\/blog\/investigacion\/libros\/"},{"@type":"ListItem","position":4,"name":"Claves para la comunicaci\u00f3n interna en la empresa"}]}]}},"_links":{"self":[{"href":"https:\/\/www.ignaciovalduerteles.es\/blog\/wp-json\/wp\/v2\/pages\/2610"}],"collection":[{"href":"https:\/\/www.ignaciovalduerteles.es\/blog\/wp-json\/wp\/v2\/pages"}],"about":[{"href":"https:\/\/www.ignaciovalduerteles.es\/blog\/wp-json\/wp\/v2\/types\/page"}],"author":[{"embeddable":true,"href":"https:\/\/www.ignaciovalduerteles.es\/blog\/wp-json\/wp\/v2\/users\/3"}],"replies":[{"embeddable":true,"href":"https:\/\/www.ignaciovalduerteles.es\/blog\/wp-json\/wp\/v2\/comments?post=2610"}],"version-history":[{"count":3,"href":"https:\/\/www.ignaciovalduerteles.es\/blog\/wp-json\/wp\/v2\/pages\/2610\/revisions"}],"predecessor-version":[{"id":2742,"href":"https:\/\/www.ignaciovalduerteles.es\/blog\/wp-json\/wp\/v2\/pages\/2610\/revisions\/2742"}],"up":[{"embeddable":true,"href":"https:\/\/www.ignaciovalduerteles.es\/blog\/wp-json\/wp\/v2\/pages\/83"}],"wp:featuredmedia":[{"embeddable":true,"href":"https:\/\/www.ignaciovalduerteles.es\/blog\/wp-json\/wp\/v2\/media\/2612"}],"wp:attachment":[{"href":"https:\/\/www.ignaciovalduerteles.es\/blog\/wp-json\/wp\/v2\/media?parent=2610"}],"curies":[{"name":"wp","href":"https:\/\/api.w.org\/{rel}","templated":true}]}}