{"id":2617,"date":"2022-03-14T20:15:50","date_gmt":"2022-03-14T19:15:50","guid":{"rendered":"https:\/\/www.ignaciovalduerteles.es\/blog\/?page_id=2617"},"modified":"2022-03-23T20:23:42","modified_gmt":"2022-03-23T19:23:42","slug":"informe-sobre-la-caridad-en-las-hermandades-de-sevilla-ii","status":"publish","type":"page","link":"https:\/\/www.ignaciovalduerteles.es\/blog\/investigacion\/libros\/informe-sobre-la-caridad-en-las-hermandades-de-sevilla-ii\/","title":{"rendered":"Informe sobre la Caridad en las Hermandades de Sevilla II"},"content":{"rendered":"<style id=\"kb-rowlayout_8abb6e-ed\">@media all and (min-width: 768px){#kt-layout-id_8abb6e-ed > .kt-row-column-wrap > .inner-column-1{flex:0 1 65%;-webkit-flex:0 1 65%;}#kt-layout-id_8abb6e-ed > .kt-row-column-wrap > .inner-column-2{flex:0 1 35%;-webkit-flex:0 1 35%;}}#kt-layout-id_8abb6e-ed > .kt-row-column-wrap{padding-top:0px;padding-bottom:0px;padding-left:0px;padding-right:0px;}<\/style>\n<div class=\"wp-block-kadence-rowlayout alignnone\"><div id=\"kt-layout-id_8abb6e-ed\" class=\"kt-row-layout-inner kt-layout-id_8abb6e-ed\"><div class=\"kt-row-column-wrap kt-has-2-columns kt-gutter-narrow kt-v-gutter-default kt-row-valign-middle kt-row-layout-equal kt-tab-layout-inherit kt-m-colapse-left-to-right kt-mobile-layout-row  kt-custom-first-width-65  kt-custom-second-width-35\">\n<div class=\"wp-block-kadence-column inner-column-1 kadence-column_665c4e-78\"><div class=\"kt-inside-inner-col\">\n<h2 class=\"has-text-align-left\"><strong><em><strong><em><strong><em>\u201cInforme sobre la Caridad en las Hermandades de Sevilla II\u201d<\/em><\/strong><\/em><\/strong><\/em><\/strong><\/h2>\n\n\n\n<h5 class=\"has-text-align-left has-very-dark-gray-color has-text-color\">Fundaci\u00f3n Caja Rural del Sur (2017). Sevilla<\/h5>\n\n\n\n<p>Este Informe ampl\u00eda y desarrolla el elaborado tres a\u00f1os antes con el mismo t\u00edtulo, se podr\u00eda decir que es la segunda edici\u00f3n de aqu\u00e9l, con cifras actualizadas, mejorada en los procedimientos aplicados en el trabajo de campo y tambi\u00e9n con dos secciones: una en la que se fundamenta el contenido y la funci\u00f3n de la Caridad y la acci\u00f3n social de las hermandades y otra en la que se comentan los datos obtenidos,&nbsp; ofreciendo un an\u00e1lisis sobre este tema que plantea interesantes reflexiones y abre a nuevas l\u00edneas de trabajo.<\/p>\n\n\n\n<p>&nbsp;&nbsp;&nbsp;&nbsp;&nbsp;&nbsp;&nbsp;&nbsp;&nbsp;&nbsp;&nbsp; La publicaci\u00f3n de estos dos informes ayud\u00f3 a las hermandades a replantearse sus actuaciones en este campo y mejor\u00f3 el concepto que buena parte de la sociedad ten\u00eda sobre las hermandades.<\/p>\n<\/div><\/div>\n\n\n\n<div class=\"wp-block-kadence-column inner-column-2 kadence-column_94ac9d-cd\"><div class=\"kt-inside-inner-col\">\n<figure class=\"wp-block-image size-large\"><a href=\"https:\/\/www.ignaciovalduerteles.es\/blog\/wp-content\/uploads\/2022\/03\/Informe-sobre-la-caridad-en-las-hermandades-II.jpg\"><img decoding=\"async\" loading=\"lazy\" width=\"724\" height=\"1024\" src=\"https:\/\/www.ignaciovalduerteles.es\/blog\/wp-content\/uploads\/2022\/03\/Informe-sobre-la-caridad-en-las-hermandades-II-724x1024.jpg\" alt=\"\" class=\"wp-image-2619\" srcset=\"https:\/\/www.ignaciovalduerteles.es\/blog\/wp-content\/uploads\/2022\/03\/Informe-sobre-la-caridad-en-las-hermandades-II-724x1024.jpg 724w, https:\/\/www.ignaciovalduerteles.es\/blog\/wp-content\/uploads\/2022\/03\/Informe-sobre-la-caridad-en-las-hermandades-II-212x300.jpg 212w, https:\/\/www.ignaciovalduerteles.es\/blog\/wp-content\/uploads\/2022\/03\/Informe-sobre-la-caridad-en-las-hermandades-II-768x1086.jpg 768w, https:\/\/www.ignaciovalduerteles.es\/blog\/wp-content\/uploads\/2022\/03\/Informe-sobre-la-caridad-en-las-hermandades-II-1086x1536.jpg 1086w, https:\/\/www.ignaciovalduerteles.es\/blog\/wp-content\/uploads\/2022\/03\/Informe-sobre-la-caridad-en-las-hermandades-II-1449x2048.jpg 1449w, https:\/\/www.ignaciovalduerteles.es\/blog\/wp-content\/uploads\/2022\/03\/Informe-sobre-la-caridad-en-las-hermandades-II.jpg 1566w\" sizes=\"(max-width: 724px) 100vw, 724px\" \/><\/a><\/figure>\n<\/div><\/div>\n<\/div><\/div><\/div>\n","protected":false},"excerpt":{"rendered":"<p>\u201cInforme sobre la Caridad en las Hermandades de Sevilla II\u201d Fundaci\u00f3n Caja Rural del Sur (2017). Sevilla Este Informe ampl\u00eda y desarrolla el elaborado tres a\u00f1os antes con el mismo t\u00edtulo, se podr\u00eda decir que es la segunda edici\u00f3n de &hellip; <a href=\"https:\/\/www.ignaciovalduerteles.es\/blog\/investigacion\/libros\/informe-sobre-la-caridad-en-las-hermandades-de-sevilla-ii\/\">Continuar<\/a><\/p>\n","protected":false},"author":3,"featured_media":2619,"parent":83,"menu_order":0,"comment_status":"closed","ping_status":"closed","template":"","meta":{"kt_blocks_editor_width":""},"yoast_head":"<!-- This site is optimized with the Yoast SEO plugin v19.0 - https:\/\/yoast.com\/wordpress\/plugins\/seo\/ -->\n<title>Informe sobre la Caridad en las Hermandades de Sevilla II - Ignacio Valduerteles Bartos<\/title>\n<meta name=\"description\" content=\"Blog personal de Ignacio Valdu\u00e9rteles, Dr. en Administraci\u00f3n y Direcci\u00f3n de Empresas y miembro destacado en la hermandad la Soledad de San Lorenzo, en Sevilla\" \/>\n<meta name=\"robots\" content=\"index, follow, max-snippet:-1, max-image-preview:large, max-video-preview:-1\" \/>\n<link rel=\"canonical\" href=\"https:\/\/www.ignaciovalduerteles.es\/blog\/investigacion\/libros\/informe-sobre-la-caridad-en-las-hermandades-de-sevilla-ii\/\" \/>\n<meta property=\"og:locale\" content=\"es_ES\" \/>\n<meta property=\"og:type\" content=\"article\" \/>\n<meta property=\"og:title\" content=\"Informe sobre la Caridad en las Hermandades de Sevilla II - Ignacio Valduerteles Bartos\" \/>\n<meta property=\"og:description\" content=\"Blog personal de Ignacio Valdu\u00e9rteles, Dr. en Administraci\u00f3n y Direcci\u00f3n de Empresas y miembro destacado en la hermandad la Soledad de San Lorenzo, en Sevilla\" \/>\n<meta property=\"og:url\" content=\"https:\/\/www.ignaciovalduerteles.es\/blog\/investigacion\/libros\/informe-sobre-la-caridad-en-las-hermandades-de-sevilla-ii\/\" \/>\n<meta property=\"og:site_name\" content=\"Ignacio Valduerteles Bartos\" \/>\n<meta property=\"article:modified_time\" content=\"2022-03-23T19:23:42+00:00\" \/>\n<meta property=\"og:image\" content=\"https:\/\/www.ignaciovalduerteles.es\/blog\/wp-content\/uploads\/2022\/03\/Informe-sobre-la-caridad-en-las-hermandades-II.jpg\" \/>\n\t<meta property=\"og:image:width\" content=\"1566\" \/>\n\t<meta property=\"og:image:height\" content=\"2214\" \/>\n\t<meta property=\"og:image:type\" content=\"image\/jpeg\" \/>\n<meta name=\"twitter:card\" content=\"summary_large_image\" \/>\n<meta name=\"twitter:label1\" content=\"Tiempo de lectura\" \/>\n\t<meta name=\"twitter:data1\" content=\"1 minuto\" \/>\n<script type=\"application\/ld+json\" class=\"yoast-schema-graph\">{\"@context\":\"https:\/\/schema.org\",\"@graph\":[{\"@type\":[\"Person\",\"Organization\"],\"@id\":\"https:\/\/www.ignaciovalduerteles.es\/blog\/#\/schema\/person\/c4ab4ed77f14e0141ba3dcd9c6f501d5\",\"name\":\"Ignacio Valduerteles Bartos\",\"image\":{\"@type\":\"ImageObject\",\"inLanguage\":\"es\",\"@id\":\"https:\/\/www.ignaciovalduerteles.es\/blog\/#\/schema\/person\/image\/\",\"url\":\"https:\/\/www.ignaciovalduerteles.es\/blog\/wp-content\/uploads\/2022\/02\/cabecera-1024x390.png\",\"contentUrl\":\"https:\/\/www.ignaciovalduerteles.es\/blog\/wp-content\/uploads\/2022\/02\/cabecera-1024x390.png\",\"width\":1024,\"height\":390,\"caption\":\"Ignacio Valduerteles Bartos\"},\"logo\":{\"@id\":\"https:\/\/www.ignaciovalduerteles.es\/blog\/#\/schema\/person\/image\/\"},\"sameAs\":[\"http:\/\/www.ivb.es\"]},{\"@type\":\"WebSite\",\"@id\":\"https:\/\/www.ignaciovalduerteles.es\/blog\/#website\",\"url\":\"https:\/\/www.ignaciovalduerteles.es\/blog\/\",\"name\":\"Ignacio Valduerteles Bartos\",\"description\":\"Reflexiones y art\u00edculos del Ignacio Valdu\u00e9rteles\",\"publisher\":{\"@id\":\"https:\/\/www.ignaciovalduerteles.es\/blog\/#\/schema\/person\/c4ab4ed77f14e0141ba3dcd9c6f501d5\"},\"potentialAction\":[{\"@type\":\"SearchAction\",\"target\":{\"@type\":\"EntryPoint\",\"urlTemplate\":\"https:\/\/www.ignaciovalduerteles.es\/blog\/?s={search_term_string}\"},\"query-input\":\"required name=search_term_string\"}],\"inLanguage\":\"es\"},{\"@type\":\"ImageObject\",\"inLanguage\":\"es\",\"@id\":\"https:\/\/www.ignaciovalduerteles.es\/blog\/investigacion\/libros\/informe-sobre-la-caridad-en-las-hermandades-de-sevilla-ii\/#primaryimage\",\"url\":\"https:\/\/www.ignaciovalduerteles.es\/blog\/wp-content\/uploads\/2022\/03\/Informe-sobre-la-caridad-en-las-hermandades-II.jpg\",\"contentUrl\":\"https:\/\/www.ignaciovalduerteles.es\/blog\/wp-content\/uploads\/2022\/03\/Informe-sobre-la-caridad-en-las-hermandades-II.jpg\",\"width\":1566,\"height\":2214},{\"@type\":\"WebPage\",\"@id\":\"https:\/\/www.ignaciovalduerteles.es\/blog\/investigacion\/libros\/informe-sobre-la-caridad-en-las-hermandades-de-sevilla-ii\/#webpage\",\"url\":\"https:\/\/www.ignaciovalduerteles.es\/blog\/investigacion\/libros\/informe-sobre-la-caridad-en-las-hermandades-de-sevilla-ii\/\",\"name\":\"Informe sobre la Caridad en las Hermandades de Sevilla II - Ignacio Valduerteles Bartos\",\"isPartOf\":{\"@id\":\"https:\/\/www.ignaciovalduerteles.es\/blog\/#website\"},\"primaryImageOfPage\":{\"@id\":\"https:\/\/www.ignaciovalduerteles.es\/blog\/investigacion\/libros\/informe-sobre-la-caridad-en-las-hermandades-de-sevilla-ii\/#primaryimage\"},\"datePublished\":\"2022-03-14T19:15:50+00:00\",\"dateModified\":\"2022-03-23T19:23:42+00:00\",\"description\":\"Blog personal de Ignacio Valdu\u00e9rteles, Dr. en Administraci\u00f3n y Direcci\u00f3n de Empresas y miembro destacado en la hermandad la Soledad de San Lorenzo, en Sevilla\",\"breadcrumb\":{\"@id\":\"https:\/\/www.ignaciovalduerteles.es\/blog\/investigacion\/libros\/informe-sobre-la-caridad-en-las-hermandades-de-sevilla-ii\/#breadcrumb\"},\"inLanguage\":\"es\",\"potentialAction\":[{\"@type\":\"ReadAction\",\"target\":[\"https:\/\/www.ignaciovalduerteles.es\/blog\/investigacion\/libros\/informe-sobre-la-caridad-en-las-hermandades-de-sevilla-ii\/\"]}]},{\"@type\":\"BreadcrumbList\",\"@id\":\"https:\/\/www.ignaciovalduerteles.es\/blog\/investigacion\/libros\/informe-sobre-la-caridad-en-las-hermandades-de-sevilla-ii\/#breadcrumb\",\"itemListElement\":[{\"@type\":\"ListItem\",\"position\":1,\"name\":\"Portada\",\"item\":\"https:\/\/www.ignaciovalduerteles.es\/blog\/\"},{\"@type\":\"ListItem\",\"position\":2,\"name\":\"Investigaci\u00f3n\",\"item\":\"https:\/\/www.ignaciovalduerteles.es\/blog\/investigacion\/\"},{\"@type\":\"ListItem\",\"position\":3,\"name\":\"Libros Publicados\",\"item\":\"https:\/\/www.ignaciovalduerteles.es\/blog\/investigacion\/libros\/\"},{\"@type\":\"ListItem\",\"position\":4,\"name\":\"Informe sobre la Caridad en las Hermandades de Sevilla II\"}]}]}<\/script>\n<!-- \/ Yoast SEO plugin. -->","yoast_head_json":{"title":"Informe sobre la Caridad en las Hermandades de Sevilla II - Ignacio Valduerteles Bartos","description":"Blog personal de Ignacio Valdu\u00e9rteles, Dr. en Administraci\u00f3n y Direcci\u00f3n de Empresas y miembro destacado en la hermandad la Soledad de San Lorenzo, en Sevilla","robots":{"index":"index","follow":"follow","max-snippet":"max-snippet:-1","max-image-preview":"max-image-preview:large","max-video-preview":"max-video-preview:-1"},"canonical":"https:\/\/www.ignaciovalduerteles.es\/blog\/investigacion\/libros\/informe-sobre-la-caridad-en-las-hermandades-de-sevilla-ii\/","og_locale":"es_ES","og_type":"article","og_title":"Informe sobre la Caridad en las Hermandades de Sevilla II - Ignacio Valduerteles Bartos","og_description":"Blog personal de Ignacio Valdu\u00e9rteles, Dr. en Administraci\u00f3n y Direcci\u00f3n de Empresas y miembro destacado en la hermandad la Soledad de San Lorenzo, en Sevilla","og_url":"https:\/\/www.ignaciovalduerteles.es\/blog\/investigacion\/libros\/informe-sobre-la-caridad-en-las-hermandades-de-sevilla-ii\/","og_site_name":"Ignacio Valduerteles Bartos","article_modified_time":"2022-03-23T19:23:42+00:00","og_image":[{"width":1566,"height":2214,"url":"https:\/\/www.ignaciovalduerteles.es\/blog\/wp-content\/uploads\/2022\/03\/Informe-sobre-la-caridad-en-las-hermandades-II.jpg","type":"image\/jpeg"}],"twitter_card":"summary_large_image","twitter_misc":{"Tiempo de lectura":"1 minuto"},"schema":{"@context":"https:\/\/schema.org","@graph":[{"@type":["Person","Organization"],"@id":"https:\/\/www.ignaciovalduerteles.es\/blog\/#\/schema\/person\/c4ab4ed77f14e0141ba3dcd9c6f501d5","name":"Ignacio Valduerteles Bartos","image":{"@type":"ImageObject","inLanguage":"es","@id":"https:\/\/www.ignaciovalduerteles.es\/blog\/#\/schema\/person\/image\/","url":"https:\/\/www.ignaciovalduerteles.es\/blog\/wp-content\/uploads\/2022\/02\/cabecera-1024x390.png","contentUrl":"https:\/\/www.ignaciovalduerteles.es\/blog\/wp-content\/uploads\/2022\/02\/cabecera-1024x390.png","width":1024,"height":390,"caption":"Ignacio Valduerteles Bartos"},"logo":{"@id":"https:\/\/www.ignaciovalduerteles.es\/blog\/#\/schema\/person\/image\/"},"sameAs":["http:\/\/www.ivb.es"]},{"@type":"WebSite","@id":"https:\/\/www.ignaciovalduerteles.es\/blog\/#website","url":"https:\/\/www.ignaciovalduerteles.es\/blog\/","name":"Ignacio Valduerteles Bartos","description":"Reflexiones y art\u00edculos del Ignacio Valdu\u00e9rteles","publisher":{"@id":"https:\/\/www.ignaciovalduerteles.es\/blog\/#\/schema\/person\/c4ab4ed77f14e0141ba3dcd9c6f501d5"},"potentialAction":[{"@type":"SearchAction","target":{"@type":"EntryPoint","urlTemplate":"https:\/\/www.ignaciovalduerteles.es\/blog\/?s={search_term_string}"},"query-input":"required name=search_term_string"}],"inLanguage":"es"},{"@type":"ImageObject","inLanguage":"es","@id":"https:\/\/www.ignaciovalduerteles.es\/blog\/investigacion\/libros\/informe-sobre-la-caridad-en-las-hermandades-de-sevilla-ii\/#primaryimage","url":"https:\/\/www.ignaciovalduerteles.es\/blog\/wp-content\/uploads\/2022\/03\/Informe-sobre-la-caridad-en-las-hermandades-II.jpg","contentUrl":"https:\/\/www.ignaciovalduerteles.es\/blog\/wp-content\/uploads\/2022\/03\/Informe-sobre-la-caridad-en-las-hermandades-II.jpg","width":1566,"height":2214},{"@type":"WebPage","@id":"https:\/\/www.ignaciovalduerteles.es\/blog\/investigacion\/libros\/informe-sobre-la-caridad-en-las-hermandades-de-sevilla-ii\/#webpage","url":"https:\/\/www.ignaciovalduerteles.es\/blog\/investigacion\/libros\/informe-sobre-la-caridad-en-las-hermandades-de-sevilla-ii\/","name":"Informe sobre la Caridad en las Hermandades de Sevilla II - Ignacio Valduerteles Bartos","isPartOf":{"@id":"https:\/\/www.ignaciovalduerteles.es\/blog\/#website"},"primaryImageOfPage":{"@id":"https:\/\/www.ignaciovalduerteles.es\/blog\/investigacion\/libros\/informe-sobre-la-caridad-en-las-hermandades-de-sevilla-ii\/#primaryimage"},"datePublished":"2022-03-14T19:15:50+00:00","dateModified":"2022-03-23T19:23:42+00:00","description":"Blog personal de Ignacio Valdu\u00e9rteles, Dr. en Administraci\u00f3n y Direcci\u00f3n de Empresas y miembro destacado en la hermandad la Soledad de San Lorenzo, en Sevilla","breadcrumb":{"@id":"https:\/\/www.ignaciovalduerteles.es\/blog\/investigacion\/libros\/informe-sobre-la-caridad-en-las-hermandades-de-sevilla-ii\/#breadcrumb"},"inLanguage":"es","potentialAction":[{"@type":"ReadAction","target":["https:\/\/www.ignaciovalduerteles.es\/blog\/investigacion\/libros\/informe-sobre-la-caridad-en-las-hermandades-de-sevilla-ii\/"]}]},{"@type":"BreadcrumbList","@id":"https:\/\/www.ignaciovalduerteles.es\/blog\/investigacion\/libros\/informe-sobre-la-caridad-en-las-hermandades-de-sevilla-ii\/#breadcrumb","itemListElement":[{"@type":"ListItem","position":1,"name":"Portada","item":"https:\/\/www.ignaciovalduerteles.es\/blog\/"},{"@type":"ListItem","position":2,"name":"Investigaci\u00f3n","item":"https:\/\/www.ignaciovalduerteles.es\/blog\/investigacion\/"},{"@type":"ListItem","position":3,"name":"Libros Publicados","item":"https:\/\/www.ignaciovalduerteles.es\/blog\/investigacion\/libros\/"},{"@type":"ListItem","position":4,"name":"Informe sobre la Caridad en las Hermandades de Sevilla II"}]}]}},"_links":{"self":[{"href":"https:\/\/www.ignaciovalduerteles.es\/blog\/wp-json\/wp\/v2\/pages\/2617"}],"collection":[{"href":"https:\/\/www.ignaciovalduerteles.es\/blog\/wp-json\/wp\/v2\/pages"}],"about":[{"href":"https:\/\/www.ignaciovalduerteles.es\/blog\/wp-json\/wp\/v2\/types\/page"}],"author":[{"embeddable":true,"href":"https:\/\/www.ignaciovalduerteles.es\/blog\/wp-json\/wp\/v2\/users\/3"}],"replies":[{"embeddable":true,"href":"https:\/\/www.ignaciovalduerteles.es\/blog\/wp-json\/wp\/v2\/comments?post=2617"}],"version-history":[{"count":3,"href":"https:\/\/www.ignaciovalduerteles.es\/blog\/wp-json\/wp\/v2\/pages\/2617\/revisions"}],"predecessor-version":[{"id":2740,"href":"https:\/\/www.ignaciovalduerteles.es\/blog\/wp-json\/wp\/v2\/pages\/2617\/revisions\/2740"}],"up":[{"embeddable":true,"href":"https:\/\/www.ignaciovalduerteles.es\/blog\/wp-json\/wp\/v2\/pages\/83"}],"wp:featuredmedia":[{"embeddable":true,"href":"https:\/\/www.ignaciovalduerteles.es\/blog\/wp-json\/wp\/v2\/media\/2619"}],"wp:attachment":[{"href":"https:\/\/www.ignaciovalduerteles.es\/blog\/wp-json\/wp\/v2\/media?parent=2617"}],"curies":[{"name":"wp","href":"https:\/\/api.w.org\/{rel}","templated":true}]}}