{"id":2636,"date":"2022-03-14T20:27:00","date_gmt":"2022-03-14T19:27:00","guid":{"rendered":"https:\/\/www.ignaciovalduerteles.es\/blog\/?page_id=2636"},"modified":"2022-03-23T20:15:47","modified_gmt":"2022-03-23T19:15:47","slug":"manual-de-hermandades","status":"publish","type":"page","link":"https:\/\/www.ignaciovalduerteles.es\/blog\/investigacion\/libros\/manual-de-hermandades\/","title":{"rendered":"\u201cManual de Hermandades\u201d"},"content":{"rendered":"<style id=\"kb-rowlayout_8abb6e-ed\">@media all and (min-width: 768px){#kt-layout-id_8abb6e-ed > .kt-row-column-wrap > .inner-column-1{flex:0 1 65%;-webkit-flex:0 1 65%;}#kt-layout-id_8abb6e-ed > .kt-row-column-wrap > .inner-column-2{flex:0 1 35%;-webkit-flex:0 1 35%;}}#kt-layout-id_8abb6e-ed > .kt-row-column-wrap{padding-top:0px;padding-bottom:0px;padding-left:0px;padding-right:0px;}<\/style>\n<div class=\"wp-block-kadence-rowlayout alignnone\"><div id=\"kt-layout-id_8abb6e-ed\" class=\"kt-row-layout-inner kt-layout-id_8abb6e-ed\"><div class=\"kt-row-column-wrap kt-has-2-columns kt-gutter-narrow kt-v-gutter-default kt-row-valign-middle kt-row-layout-equal kt-tab-layout-inherit kt-m-colapse-left-to-right kt-mobile-layout-row  kt-custom-first-width-65  kt-custom-second-width-35\">\n<div class=\"wp-block-kadence-column inner-column-1 kadence-column_665c4e-78\"><div class=\"kt-inside-inner-col\">\n<h2 class=\"has-text-align-left\"><strong><em><strong><em><strong><em><strong><em>\u201cManual de Hermandades\u201d<\/em><\/strong><\/em><\/strong><\/em><\/strong><\/em><\/strong><\/h2>\n\n\n\n<h5 class=\"has-text-align-left has-very-dark-gray-color has-text-color\">Ed. Valdehayedo (2020).<\/h5>\n\n\n\n<p>Las hermandades y cofrad\u00edas han adquirido en los \u00faltimos a\u00f1os un importante desarrollo, lo que obliga a una reflexi\u00f3n sobre su identidad, su papel en la Iglesia y en la sociedad civil y su futuro.<\/p>\n\n\n\n<p>La teolog\u00eda, el Derecho Can\u00f3nico, y la Antropolog\u00eda Cristiana fundamentan las hermandades para, una vez acotadas proponer modelos de gobierno y gesti\u00f3n y ofrecer propuestas de actuaci\u00f3n en la sociedad civil al servicio del evangelizaci\u00f3n<\/p>\n\n\n\n<p>Un Manual, en el sentido estricto del t\u00e9rmino, &nbsp;con rigor doctrinal y acad\u00e9mico, pero&nbsp; escrito desde la experiencia del d\u00eda a d\u00eda en las hermandades.<\/p>\n<\/div><\/div>\n\n\n\n<div class=\"wp-block-kadence-column inner-column-2 kadence-column_94ac9d-cd\"><div class=\"kt-inside-inner-col\">\n<figure class=\"wp-block-image size-large\"><a href=\"https:\/\/www.ignaciovalduerteles.es\/blog\/wp-content\/uploads\/2022\/03\/Manual-de-hermandades-scaled.jpg\"><img decoding=\"async\" loading=\"lazy\" width=\"709\" height=\"1024\" src=\"https:\/\/www.ignaciovalduerteles.es\/blog\/wp-content\/uploads\/2022\/03\/Manual-de-hermandades-709x1024.jpg\" alt=\"portada\" class=\"wp-image-2638\" srcset=\"https:\/\/www.ignaciovalduerteles.es\/blog\/wp-content\/uploads\/2022\/03\/Manual-de-hermandades-709x1024.jpg 709w, https:\/\/www.ignaciovalduerteles.es\/blog\/wp-content\/uploads\/2022\/03\/Manual-de-hermandades-208x300.jpg 208w, https:\/\/www.ignaciovalduerteles.es\/blog\/wp-content\/uploads\/2022\/03\/Manual-de-hermandades-768x1110.jpg 768w, https:\/\/www.ignaciovalduerteles.es\/blog\/wp-content\/uploads\/2022\/03\/Manual-de-hermandades-1063x1536.jpg 1063w, https:\/\/www.ignaciovalduerteles.es\/blog\/wp-content\/uploads\/2022\/03\/Manual-de-hermandades-1418x2048.jpg 1418w, https:\/\/www.ignaciovalduerteles.es\/blog\/wp-content\/uploads\/2022\/03\/Manual-de-hermandades-scaled.jpg 1772w\" sizes=\"(max-width: 709px) 100vw, 709px\" \/><\/a><\/figure>\n<\/div><\/div>\n<\/div><\/div><\/div>\n","protected":false},"excerpt":{"rendered":"<p>\u201cManual de Hermandades\u201d Ed. Valdehayedo (2020). Las hermandades y cofrad\u00edas han adquirido en los \u00faltimos a\u00f1os un importante desarrollo, lo que obliga a una reflexi\u00f3n sobre su identidad, su papel en la Iglesia y en la sociedad civil y su &hellip; <a href=\"https:\/\/www.ignaciovalduerteles.es\/blog\/investigacion\/libros\/manual-de-hermandades\/\">Continuar<\/a><\/p>\n","protected":false},"author":3,"featured_media":2638,"parent":83,"menu_order":0,"comment_status":"closed","ping_status":"closed","template":"","meta":{"kt_blocks_editor_width":""},"yoast_head":"<!-- This site is optimized with the Yoast SEO plugin v19.0 - https:\/\/yoast.com\/wordpress\/plugins\/seo\/ -->\n<title>\u201cManual de Hermandades\u201d - Ignacio Valduerteles Bartos<\/title>\n<meta name=\"description\" content=\"Blog personal de Ignacio Valdu\u00e9rteles, Dr. en Administraci\u00f3n y Direcci\u00f3n de Empresas y miembro destacado en la hermandad la Soledad de San Lorenzo, en Sevilla\" \/>\n<meta name=\"robots\" content=\"index, follow, max-snippet:-1, max-image-preview:large, max-video-preview:-1\" \/>\n<link rel=\"canonical\" href=\"https:\/\/www.ignaciovalduerteles.es\/blog\/investigacion\/libros\/manual-de-hermandades\/\" \/>\n<meta property=\"og:locale\" content=\"es_ES\" \/>\n<meta property=\"og:type\" content=\"article\" \/>\n<meta property=\"og:title\" content=\"\u201cManual de Hermandades\u201d - Ignacio Valduerteles Bartos\" \/>\n<meta property=\"og:description\" content=\"Blog personal de Ignacio Valdu\u00e9rteles, Dr. en Administraci\u00f3n y Direcci\u00f3n de Empresas y miembro destacado en la hermandad la Soledad de San Lorenzo, en Sevilla\" \/>\n<meta property=\"og:url\" content=\"https:\/\/www.ignaciovalduerteles.es\/blog\/investigacion\/libros\/manual-de-hermandades\/\" \/>\n<meta property=\"og:site_name\" content=\"Ignacio Valduerteles Bartos\" \/>\n<meta property=\"article:modified_time\" content=\"2022-03-23T19:15:47+00:00\" \/>\n<meta property=\"og:image\" content=\"https:\/\/www.ignaciovalduerteles.es\/blog\/wp-content\/uploads\/2022\/03\/Manual-de-hermandades-scaled.jpg\" \/>\n\t<meta property=\"og:image:width\" content=\"1772\" \/>\n\t<meta property=\"og:image:height\" content=\"2560\" \/>\n\t<meta property=\"og:image:type\" content=\"image\/jpeg\" \/>\n<meta name=\"twitter:card\" content=\"summary_large_image\" \/>\n<meta name=\"twitter:label1\" content=\"Tiempo de lectura\" \/>\n\t<meta name=\"twitter:data1\" content=\"1 minuto\" \/>\n<script type=\"application\/ld+json\" class=\"yoast-schema-graph\">{\"@context\":\"https:\/\/schema.org\",\"@graph\":[{\"@type\":[\"Person\",\"Organization\"],\"@id\":\"https:\/\/www.ignaciovalduerteles.es\/blog\/#\/schema\/person\/c4ab4ed77f14e0141ba3dcd9c6f501d5\",\"name\":\"Ignacio Valduerteles Bartos\",\"image\":{\"@type\":\"ImageObject\",\"inLanguage\":\"es\",\"@id\":\"https:\/\/www.ignaciovalduerteles.es\/blog\/#\/schema\/person\/image\/\",\"url\":\"https:\/\/www.ignaciovalduerteles.es\/blog\/wp-content\/uploads\/2022\/02\/cabecera-1024x390.png\",\"contentUrl\":\"https:\/\/www.ignaciovalduerteles.es\/blog\/wp-content\/uploads\/2022\/02\/cabecera-1024x390.png\",\"width\":1024,\"height\":390,\"caption\":\"Ignacio Valduerteles Bartos\"},\"logo\":{\"@id\":\"https:\/\/www.ignaciovalduerteles.es\/blog\/#\/schema\/person\/image\/\"},\"sameAs\":[\"http:\/\/www.ivb.es\"]},{\"@type\":\"WebSite\",\"@id\":\"https:\/\/www.ignaciovalduerteles.es\/blog\/#website\",\"url\":\"https:\/\/www.ignaciovalduerteles.es\/blog\/\",\"name\":\"Ignacio Valduerteles Bartos\",\"description\":\"Reflexiones y art\u00edculos del Ignacio Valdu\u00e9rteles\",\"publisher\":{\"@id\":\"https:\/\/www.ignaciovalduerteles.es\/blog\/#\/schema\/person\/c4ab4ed77f14e0141ba3dcd9c6f501d5\"},\"potentialAction\":[{\"@type\":\"SearchAction\",\"target\":{\"@type\":\"EntryPoint\",\"urlTemplate\":\"https:\/\/www.ignaciovalduerteles.es\/blog\/?s={search_term_string}\"},\"query-input\":\"required name=search_term_string\"}],\"inLanguage\":\"es\"},{\"@type\":\"ImageObject\",\"inLanguage\":\"es\",\"@id\":\"https:\/\/www.ignaciovalduerteles.es\/blog\/investigacion\/libros\/manual-de-hermandades\/#primaryimage\",\"url\":\"https:\/\/www.ignaciovalduerteles.es\/blog\/wp-content\/uploads\/2022\/03\/Manual-de-hermandades-scaled.jpg\",\"contentUrl\":\"https:\/\/www.ignaciovalduerteles.es\/blog\/wp-content\/uploads\/2022\/03\/Manual-de-hermandades-scaled.jpg\",\"width\":1772,\"height\":2560},{\"@type\":\"WebPage\",\"@id\":\"https:\/\/www.ignaciovalduerteles.es\/blog\/investigacion\/libros\/manual-de-hermandades\/#webpage\",\"url\":\"https:\/\/www.ignaciovalduerteles.es\/blog\/investigacion\/libros\/manual-de-hermandades\/\",\"name\":\"\u201cManual de Hermandades\u201d - Ignacio Valduerteles Bartos\",\"isPartOf\":{\"@id\":\"https:\/\/www.ignaciovalduerteles.es\/blog\/#website\"},\"primaryImageOfPage\":{\"@id\":\"https:\/\/www.ignaciovalduerteles.es\/blog\/investigacion\/libros\/manual-de-hermandades\/#primaryimage\"},\"datePublished\":\"2022-03-14T19:27:00+00:00\",\"dateModified\":\"2022-03-23T19:15:47+00:00\",\"description\":\"Blog personal de Ignacio Valdu\u00e9rteles, Dr. en Administraci\u00f3n y Direcci\u00f3n de Empresas y miembro destacado en la hermandad la Soledad de San Lorenzo, en Sevilla\",\"breadcrumb\":{\"@id\":\"https:\/\/www.ignaciovalduerteles.es\/blog\/investigacion\/libros\/manual-de-hermandades\/#breadcrumb\"},\"inLanguage\":\"es\",\"potentialAction\":[{\"@type\":\"ReadAction\",\"target\":[\"https:\/\/www.ignaciovalduerteles.es\/blog\/investigacion\/libros\/manual-de-hermandades\/\"]}]},{\"@type\":\"BreadcrumbList\",\"@id\":\"https:\/\/www.ignaciovalduerteles.es\/blog\/investigacion\/libros\/manual-de-hermandades\/#breadcrumb\",\"itemListElement\":[{\"@type\":\"ListItem\",\"position\":1,\"name\":\"Portada\",\"item\":\"https:\/\/www.ignaciovalduerteles.es\/blog\/\"},{\"@type\":\"ListItem\",\"position\":2,\"name\":\"Investigaci\u00f3n\",\"item\":\"https:\/\/www.ignaciovalduerteles.es\/blog\/investigacion\/\"},{\"@type\":\"ListItem\",\"position\":3,\"name\":\"Libros Publicados\",\"item\":\"https:\/\/www.ignaciovalduerteles.es\/blog\/investigacion\/libros\/\"},{\"@type\":\"ListItem\",\"position\":4,\"name\":\"\u201cManual de Hermandades\u201d\"}]}]}<\/script>\n<!-- \/ Yoast SEO plugin. -->","yoast_head_json":{"title":"\u201cManual de Hermandades\u201d - Ignacio Valduerteles Bartos","description":"Blog personal de Ignacio Valdu\u00e9rteles, Dr. en Administraci\u00f3n y Direcci\u00f3n de Empresas y miembro destacado en la hermandad la Soledad de San Lorenzo, en Sevilla","robots":{"index":"index","follow":"follow","max-snippet":"max-snippet:-1","max-image-preview":"max-image-preview:large","max-video-preview":"max-video-preview:-1"},"canonical":"https:\/\/www.ignaciovalduerteles.es\/blog\/investigacion\/libros\/manual-de-hermandades\/","og_locale":"es_ES","og_type":"article","og_title":"\u201cManual de Hermandades\u201d - Ignacio Valduerteles Bartos","og_description":"Blog personal de Ignacio Valdu\u00e9rteles, Dr. en Administraci\u00f3n y Direcci\u00f3n de Empresas y miembro destacado en la hermandad la Soledad de San Lorenzo, en Sevilla","og_url":"https:\/\/www.ignaciovalduerteles.es\/blog\/investigacion\/libros\/manual-de-hermandades\/","og_site_name":"Ignacio Valduerteles Bartos","article_modified_time":"2022-03-23T19:15:47+00:00","og_image":[{"width":1772,"height":2560,"url":"https:\/\/www.ignaciovalduerteles.es\/blog\/wp-content\/uploads\/2022\/03\/Manual-de-hermandades-scaled.jpg","type":"image\/jpeg"}],"twitter_card":"summary_large_image","twitter_misc":{"Tiempo de lectura":"1 minuto"},"schema":{"@context":"https:\/\/schema.org","@graph":[{"@type":["Person","Organization"],"@id":"https:\/\/www.ignaciovalduerteles.es\/blog\/#\/schema\/person\/c4ab4ed77f14e0141ba3dcd9c6f501d5","name":"Ignacio Valduerteles Bartos","image":{"@type":"ImageObject","inLanguage":"es","@id":"https:\/\/www.ignaciovalduerteles.es\/blog\/#\/schema\/person\/image\/","url":"https:\/\/www.ignaciovalduerteles.es\/blog\/wp-content\/uploads\/2022\/02\/cabecera-1024x390.png","contentUrl":"https:\/\/www.ignaciovalduerteles.es\/blog\/wp-content\/uploads\/2022\/02\/cabecera-1024x390.png","width":1024,"height":390,"caption":"Ignacio Valduerteles Bartos"},"logo":{"@id":"https:\/\/www.ignaciovalduerteles.es\/blog\/#\/schema\/person\/image\/"},"sameAs":["http:\/\/www.ivb.es"]},{"@type":"WebSite","@id":"https:\/\/www.ignaciovalduerteles.es\/blog\/#website","url":"https:\/\/www.ignaciovalduerteles.es\/blog\/","name":"Ignacio Valduerteles Bartos","description":"Reflexiones y art\u00edculos del Ignacio Valdu\u00e9rteles","publisher":{"@id":"https:\/\/www.ignaciovalduerteles.es\/blog\/#\/schema\/person\/c4ab4ed77f14e0141ba3dcd9c6f501d5"},"potentialAction":[{"@type":"SearchAction","target":{"@type":"EntryPoint","urlTemplate":"https:\/\/www.ignaciovalduerteles.es\/blog\/?s={search_term_string}"},"query-input":"required name=search_term_string"}],"inLanguage":"es"},{"@type":"ImageObject","inLanguage":"es","@id":"https:\/\/www.ignaciovalduerteles.es\/blog\/investigacion\/libros\/manual-de-hermandades\/#primaryimage","url":"https:\/\/www.ignaciovalduerteles.es\/blog\/wp-content\/uploads\/2022\/03\/Manual-de-hermandades-scaled.jpg","contentUrl":"https:\/\/www.ignaciovalduerteles.es\/blog\/wp-content\/uploads\/2022\/03\/Manual-de-hermandades-scaled.jpg","width":1772,"height":2560},{"@type":"WebPage","@id":"https:\/\/www.ignaciovalduerteles.es\/blog\/investigacion\/libros\/manual-de-hermandades\/#webpage","url":"https:\/\/www.ignaciovalduerteles.es\/blog\/investigacion\/libros\/manual-de-hermandades\/","name":"\u201cManual de Hermandades\u201d - Ignacio Valduerteles Bartos","isPartOf":{"@id":"https:\/\/www.ignaciovalduerteles.es\/blog\/#website"},"primaryImageOfPage":{"@id":"https:\/\/www.ignaciovalduerteles.es\/blog\/investigacion\/libros\/manual-de-hermandades\/#primaryimage"},"datePublished":"2022-03-14T19:27:00+00:00","dateModified":"2022-03-23T19:15:47+00:00","description":"Blog personal de Ignacio Valdu\u00e9rteles, Dr. en Administraci\u00f3n y Direcci\u00f3n de Empresas y miembro destacado en la hermandad la Soledad de San Lorenzo, en Sevilla","breadcrumb":{"@id":"https:\/\/www.ignaciovalduerteles.es\/blog\/investigacion\/libros\/manual-de-hermandades\/#breadcrumb"},"inLanguage":"es","potentialAction":[{"@type":"ReadAction","target":["https:\/\/www.ignaciovalduerteles.es\/blog\/investigacion\/libros\/manual-de-hermandades\/"]}]},{"@type":"BreadcrumbList","@id":"https:\/\/www.ignaciovalduerteles.es\/blog\/investigacion\/libros\/manual-de-hermandades\/#breadcrumb","itemListElement":[{"@type":"ListItem","position":1,"name":"Portada","item":"https:\/\/www.ignaciovalduerteles.es\/blog\/"},{"@type":"ListItem","position":2,"name":"Investigaci\u00f3n","item":"https:\/\/www.ignaciovalduerteles.es\/blog\/investigacion\/"},{"@type":"ListItem","position":3,"name":"Libros Publicados","item":"https:\/\/www.ignaciovalduerteles.es\/blog\/investigacion\/libros\/"},{"@type":"ListItem","position":4,"name":"\u201cManual de Hermandades\u201d"}]}]}},"_links":{"self":[{"href":"https:\/\/www.ignaciovalduerteles.es\/blog\/wp-json\/wp\/v2\/pages\/2636"}],"collection":[{"href":"https:\/\/www.ignaciovalduerteles.es\/blog\/wp-json\/wp\/v2\/pages"}],"about":[{"href":"https:\/\/www.ignaciovalduerteles.es\/blog\/wp-json\/wp\/v2\/types\/page"}],"author":[{"embeddable":true,"href":"https:\/\/www.ignaciovalduerteles.es\/blog\/wp-json\/wp\/v2\/users\/3"}],"replies":[{"embeddable":true,"href":"https:\/\/www.ignaciovalduerteles.es\/blog\/wp-json\/wp\/v2\/comments?post=2636"}],"version-history":[{"count":2,"href":"https:\/\/www.ignaciovalduerteles.es\/blog\/wp-json\/wp\/v2\/pages\/2636\/revisions"}],"predecessor-version":[{"id":2728,"href":"https:\/\/www.ignaciovalduerteles.es\/blog\/wp-json\/wp\/v2\/pages\/2636\/revisions\/2728"}],"up":[{"embeddable":true,"href":"https:\/\/www.ignaciovalduerteles.es\/blog\/wp-json\/wp\/v2\/pages\/83"}],"wp:featuredmedia":[{"embeddable":true,"href":"https:\/\/www.ignaciovalduerteles.es\/blog\/wp-json\/wp\/v2\/media\/2638"}],"wp:attachment":[{"href":"https:\/\/www.ignaciovalduerteles.es\/blog\/wp-json\/wp\/v2\/media?parent=2636"}],"curies":[{"name":"wp","href":"https:\/\/api.w.org\/{rel}","templated":true}]}}