{"id":2833,"date":"2022-03-24T21:24:11","date_gmt":"2022-03-24T20:24:11","guid":{"rendered":"https:\/\/www.ignaciovalduerteles.es\/blog\/?page_id=2833"},"modified":"2022-03-26T21:24:51","modified_gmt":"2022-03-26T20:24:51","slug":"regeneracion-y-hermandades","status":"publish","type":"page","link":"https:\/\/www.ignaciovalduerteles.es\/blog\/articulos\/abc\/regeneracion-y-hermandades\/","title":{"rendered":"REGENERACI\u00d3N Y HERMANDADES"},"content":{"rendered":"\n<div class=\"wp-block-media-text alignwide has-media-on-the-right is-stacked-on-mobile\" style=\"grid-template-columns:auto 22%\"><figure class=\"wp-block-media-text__media\"><img decoding=\"async\" loading=\"lazy\" width=\"612\" height=\"1024\" src=\"https:\/\/www.ignaciovalduerteles.es\/blog\/wp-content\/uploads\/2022\/03\/regenracion_pages-to-jpg-0001-612x1024.jpg\" alt=\"\" class=\"wp-image-2835 size-full\" srcset=\"https:\/\/www.ignaciovalduerteles.es\/blog\/wp-content\/uploads\/2022\/03\/regenracion_pages-to-jpg-0001-612x1024.jpg 612w, https:\/\/www.ignaciovalduerteles.es\/blog\/wp-content\/uploads\/2022\/03\/regenracion_pages-to-jpg-0001-179x300.jpg 179w, https:\/\/www.ignaciovalduerteles.es\/blog\/wp-content\/uploads\/2022\/03\/regenracion_pages-to-jpg-0001-768x1286.jpg 768w, https:\/\/www.ignaciovalduerteles.es\/blog\/wp-content\/uploads\/2022\/03\/regenracion_pages-to-jpg-0001-917x1536.jpg 917w, https:\/\/www.ignaciovalduerteles.es\/blog\/wp-content\/uploads\/2022\/03\/regenracion_pages-to-jpg-0001.jpg 1097w\" sizes=\"(max-width: 612px) 100vw, 612px\" \/><\/figure><div class=\"wp-block-media-text__content\">\n<p><\/p>\n\n\n\n<p><em><strong>Ignacio Valdu\u00e9rteles<\/strong><br><\/em><strong><em>Teniente de Hermano Mayor de la Hermandad de la Soledad de San&nbsp; Lorenzo<\/em><\/strong><\/p>\n\n\n\n<p>El primer paso para resolver un problema siempre ha sido la identificaci\u00f3n de sus causas. As\u00ed cada vez hay m\u00e1s convencimiento de que la crisis que arrastramos no es el problema, sino una de sus manifestaciones,&nbsp; la causa est\u00e1 en la quiebra del modelo cultural compartido hasta ahora, del modelo social. Han sido tiempos de derroche econ\u00f3mico, por supuesto, pero tambi\u00e9n de&nbsp; frivolidad intelectual y quiebra \u00e9tica, de desplome de un sistema de valores.&nbsp;&nbsp;&nbsp;&nbsp;<\/p>\n\n\n\n<p>Una de las consecuencias del relativismo es la elaboraci\u00f3n de modelos sociales por consenso. Pero al suspender la conciencia \u00e9tica en aras de ese consenso, manifestado en normas administrativas o usos sociales m\u00e1s o menos admitidos por la mayor\u00eda, se produce una bancarrota moral de consecuencias devastadoras, lo que Arendt calific\u00f3 como la &#8220;banalidad del mal&#8221;. Los resultados est\u00e1n a la vista.<\/p>\n\n\n\n<p>En esta situaci\u00f3n s\u00f3lo caben dos salidas posibles: echarse en brazos de planteamientos populistas o la reconstrucci\u00f3n de nuestro modelo cultural y social, un modelo&nbsp; fundamentado en los principios \u00e9ticos y culturales de la cultura greco-romana y la tradici\u00f3n judeo-cristiana.<\/p>\n\n\n\n<p>Las consecuencias de la deriva populista son suficientemente desalentadoras, como se puede observar en las sociedades apresadas en ella,&nbsp; y animan a centrar los esfuerzos en la regeneraci\u00f3n cultural y social.<\/p>\n<\/div><\/div>\n\n\n\n<p>Esa tarea de regeneraci\u00f3n corresponde a la sociedad civil. En nuestro entorno las hermandades tienen un papel decisivo en la vertebraci\u00f3n de esa sociedad civil, por lo que tambi\u00e9n han de colaborar en la necesaria tarea de recuperaci\u00f3n cultural y social, trabajar por un orden social fundado sobre la dignidad y la libertad de la persona humana.&nbsp;&nbsp;&nbsp;&nbsp;&nbsp;&nbsp;<\/p>\n\n\n\n<p>Es preciso un trabajo previo de reflexi\u00f3n: recuperar los fundamentos, profundizar en lo esencial; identificar las fuentes del secularismo que est\u00e1n provocando la ruptura cultural. Reconocer&nbsp; que la religi\u00f3n no es un conjunto de tradiciones folkl\u00f3ricas m\u00e1s o menos enraizadas, sino que es relaci\u00f3n personal con Dios. Se trata de acomodar la tradici\u00f3n cat\u00f3lica a los tiempos actuales, sin traicionar los fundamentos. Ir tendiendo puentes entre lo permanente y lo cambiante, sin perder las referencias. Exactamente lo que est\u00e1 haciendo el Papa actual.<\/p>\n\n\n\n<p>Este planteamiento obliga a las hermandades, a las Juntas de Gobierno en primer lugar y a todos los hermanos en general, a elevar el punto de mira. A salir de lo inmediato, lo observable,&nbsp; y atender a cuestiones como la dimensi\u00f3n social de la persona, el sentido de la vida, el papel de la \u00e9tica, la identificaci\u00f3n de la Verdad, el Bien y la Belleza. De no hacerlo as\u00ed las cuestiones esenciales quedan sin respuesta y tal estado de cosas da lugar al nacimiento de una inestabilidad fr\u00edvola que arrastra a la sociedad, y con ella a las hermandades, a un empobrecimiento progresivo.<\/p>\n\n\n\n<p>La cofrad\u00eda, los cultos y los temas de Caridad est\u00e1n bien atendidos. Ahora se trata de incidir en su dimensi\u00f3n&nbsp; social como focos de regeneraci\u00f3n. Esto no es empujar a las hermandades hacia la pol\u00edtica, sino animarlas a contribuir, con esp\u00edritu cristiano, en la mejora de la sociedad ( cfr. C. 298 CIC).<\/p>\n\n\n\n<p>Se abre una importante l\u00ednea&nbsp; de trabajo para las hermandades. Enraizadas en la esperanza, sin derecho a la mediocridad, buscando la excelencia.<\/p>\n","protected":false},"excerpt":{"rendered":"<p>Ignacio Valdu\u00e9rtelesTeniente de Hermano Mayor de la Hermandad de la Soledad de San&nbsp; Lorenzo El primer paso para resolver un problema siempre ha sido la identificaci\u00f3n de sus causas. As\u00ed cada vez hay m\u00e1s convencimiento de que la crisis que &hellip; <a href=\"https:\/\/www.ignaciovalduerteles.es\/blog\/articulos\/abc\/regeneracion-y-hermandades\/\">Continuar<\/a><\/p>\n","protected":false},"author":3,"featured_media":0,"parent":624,"menu_order":0,"comment_status":"closed","ping_status":"closed","template":"","meta":{"kt_blocks_editor_width":""},"yoast_head":"<!-- This site is optimized with the Yoast SEO plugin v19.0 - https:\/\/yoast.com\/wordpress\/plugins\/seo\/ -->\n<title>REGENERACI\u00d3N Y HERMANDADES - Ignacio Valduerteles Bartos<\/title>\n<meta name=\"description\" content=\"Blog personal de Ignacio Valdu\u00e9rteles, Dr. en Administraci\u00f3n y Direcci\u00f3n de Empresas y miembro destacado en la hermandad la Soledad de San Lorenzo, en Sevilla\" \/>\n<meta name=\"robots\" content=\"index, follow, max-snippet:-1, max-image-preview:large, max-video-preview:-1\" \/>\n<link rel=\"canonical\" href=\"https:\/\/www.ignaciovalduerteles.es\/blog\/articulos\/abc\/regeneracion-y-hermandades\/\" \/>\n<meta property=\"og:locale\" content=\"es_ES\" \/>\n<meta property=\"og:type\" content=\"article\" \/>\n<meta property=\"og:title\" content=\"REGENERACI\u00d3N Y HERMANDADES - Ignacio Valduerteles Bartos\" \/>\n<meta property=\"og:description\" content=\"Blog personal de Ignacio Valdu\u00e9rteles, Dr. en Administraci\u00f3n y Direcci\u00f3n de Empresas y miembro destacado en la hermandad la Soledad de San Lorenzo, en Sevilla\" \/>\n<meta property=\"og:url\" content=\"https:\/\/www.ignaciovalduerteles.es\/blog\/articulos\/abc\/regeneracion-y-hermandades\/\" \/>\n<meta property=\"og:site_name\" content=\"Ignacio Valduerteles Bartos\" \/>\n<meta property=\"article:modified_time\" content=\"2022-03-26T20:24:51+00:00\" \/>\n<meta property=\"og:image\" content=\"https:\/\/www.ignaciovalduerteles.es\/blog\/wp-content\/uploads\/2022\/03\/regenracion_pages-to-jpg-0001-612x1024.jpg\" \/>\n<meta name=\"twitter:card\" content=\"summary_large_image\" \/>\n<meta name=\"twitter:label1\" content=\"Tiempo de lectura\" \/>\n\t<meta name=\"twitter:data1\" content=\"3 minutos\" \/>\n<script type=\"application\/ld+json\" class=\"yoast-schema-graph\">{\"@context\":\"https:\/\/schema.org\",\"@graph\":[{\"@type\":[\"Person\",\"Organization\"],\"@id\":\"https:\/\/www.ignaciovalduerteles.es\/blog\/#\/schema\/person\/c4ab4ed77f14e0141ba3dcd9c6f501d5\",\"name\":\"Ignacio Valduerteles Bartos\",\"image\":{\"@type\":\"ImageObject\",\"inLanguage\":\"es\",\"@id\":\"https:\/\/www.ignaciovalduerteles.es\/blog\/#\/schema\/person\/image\/\",\"url\":\"https:\/\/www.ignaciovalduerteles.es\/blog\/wp-content\/uploads\/2022\/02\/cabecera-1024x390.png\",\"contentUrl\":\"https:\/\/www.ignaciovalduerteles.es\/blog\/wp-content\/uploads\/2022\/02\/cabecera-1024x390.png\",\"width\":1024,\"height\":390,\"caption\":\"Ignacio Valduerteles Bartos\"},\"logo\":{\"@id\":\"https:\/\/www.ignaciovalduerteles.es\/blog\/#\/schema\/person\/image\/\"},\"sameAs\":[\"http:\/\/www.ivb.es\"]},{\"@type\":\"WebSite\",\"@id\":\"https:\/\/www.ignaciovalduerteles.es\/blog\/#website\",\"url\":\"https:\/\/www.ignaciovalduerteles.es\/blog\/\",\"name\":\"Ignacio Valduerteles Bartos\",\"description\":\"Reflexiones y art\u00edculos del Ignacio Valdu\u00e9rteles\",\"publisher\":{\"@id\":\"https:\/\/www.ignaciovalduerteles.es\/blog\/#\/schema\/person\/c4ab4ed77f14e0141ba3dcd9c6f501d5\"},\"potentialAction\":[{\"@type\":\"SearchAction\",\"target\":{\"@type\":\"EntryPoint\",\"urlTemplate\":\"https:\/\/www.ignaciovalduerteles.es\/blog\/?s={search_term_string}\"},\"query-input\":\"required name=search_term_string\"}],\"inLanguage\":\"es\"},{\"@type\":\"ImageObject\",\"inLanguage\":\"es\",\"@id\":\"https:\/\/www.ignaciovalduerteles.es\/blog\/articulos\/abc\/regeneracion-y-hermandades\/#primaryimage\",\"url\":\"https:\/\/www.ignaciovalduerteles.es\/blog\/wp-content\/uploads\/2022\/03\/regenracion_pages-to-jpg-0001.jpg\",\"contentUrl\":\"https:\/\/www.ignaciovalduerteles.es\/blog\/wp-content\/uploads\/2022\/03\/regenracion_pages-to-jpg-0001.jpg\",\"width\":1097,\"height\":1837},{\"@type\":\"WebPage\",\"@id\":\"https:\/\/www.ignaciovalduerteles.es\/blog\/articulos\/abc\/regeneracion-y-hermandades\/#webpage\",\"url\":\"https:\/\/www.ignaciovalduerteles.es\/blog\/articulos\/abc\/regeneracion-y-hermandades\/\",\"name\":\"REGENERACI\u00d3N Y HERMANDADES - Ignacio Valduerteles Bartos\",\"isPartOf\":{\"@id\":\"https:\/\/www.ignaciovalduerteles.es\/blog\/#website\"},\"primaryImageOfPage\":{\"@id\":\"https:\/\/www.ignaciovalduerteles.es\/blog\/articulos\/abc\/regeneracion-y-hermandades\/#primaryimage\"},\"datePublished\":\"2022-03-24T20:24:11+00:00\",\"dateModified\":\"2022-03-26T20:24:51+00:00\",\"description\":\"Blog personal de Ignacio Valdu\u00e9rteles, Dr. en Administraci\u00f3n y Direcci\u00f3n de Empresas y miembro destacado en la hermandad la Soledad de San Lorenzo, en Sevilla\",\"breadcrumb\":{\"@id\":\"https:\/\/www.ignaciovalduerteles.es\/blog\/articulos\/abc\/regeneracion-y-hermandades\/#breadcrumb\"},\"inLanguage\":\"es\",\"potentialAction\":[{\"@type\":\"ReadAction\",\"target\":[\"https:\/\/www.ignaciovalduerteles.es\/blog\/articulos\/abc\/regeneracion-y-hermandades\/\"]}]},{\"@type\":\"BreadcrumbList\",\"@id\":\"https:\/\/www.ignaciovalduerteles.es\/blog\/articulos\/abc\/regeneracion-y-hermandades\/#breadcrumb\",\"itemListElement\":[{\"@type\":\"ListItem\",\"position\":1,\"name\":\"Portada\",\"item\":\"https:\/\/www.ignaciovalduerteles.es\/blog\/\"},{\"@type\":\"ListItem\",\"position\":2,\"name\":\"Art\u00edculos\",\"item\":\"https:\/\/www.ignaciovalduerteles.es\/blog\/articulos\/\"},{\"@type\":\"ListItem\",\"position\":3,\"name\":\"Art\u00edculos ABC\",\"item\":\"https:\/\/www.ignaciovalduerteles.es\/blog\/articulos\/abc\/\"},{\"@type\":\"ListItem\",\"position\":4,\"name\":\"REGENERACI\u00d3N Y HERMANDADES\"}]}]}<\/script>\n<!-- \/ Yoast SEO plugin. -->","yoast_head_json":{"title":"REGENERACI\u00d3N Y HERMANDADES - Ignacio Valduerteles Bartos","description":"Blog personal de Ignacio Valdu\u00e9rteles, Dr. en Administraci\u00f3n y Direcci\u00f3n de Empresas y miembro destacado en la hermandad la Soledad de San Lorenzo, en Sevilla","robots":{"index":"index","follow":"follow","max-snippet":"max-snippet:-1","max-image-preview":"max-image-preview:large","max-video-preview":"max-video-preview:-1"},"canonical":"https:\/\/www.ignaciovalduerteles.es\/blog\/articulos\/abc\/regeneracion-y-hermandades\/","og_locale":"es_ES","og_type":"article","og_title":"REGENERACI\u00d3N Y HERMANDADES - Ignacio Valduerteles Bartos","og_description":"Blog personal de Ignacio Valdu\u00e9rteles, Dr. en Administraci\u00f3n y Direcci\u00f3n de Empresas y miembro destacado en la hermandad la Soledad de San Lorenzo, en Sevilla","og_url":"https:\/\/www.ignaciovalduerteles.es\/blog\/articulos\/abc\/regeneracion-y-hermandades\/","og_site_name":"Ignacio Valduerteles Bartos","article_modified_time":"2022-03-26T20:24:51+00:00","og_image":[{"url":"https:\/\/www.ignaciovalduerteles.es\/blog\/wp-content\/uploads\/2022\/03\/regenracion_pages-to-jpg-0001-612x1024.jpg"}],"twitter_card":"summary_large_image","twitter_misc":{"Tiempo de lectura":"3 minutos"},"schema":{"@context":"https:\/\/schema.org","@graph":[{"@type":["Person","Organization"],"@id":"https:\/\/www.ignaciovalduerteles.es\/blog\/#\/schema\/person\/c4ab4ed77f14e0141ba3dcd9c6f501d5","name":"Ignacio Valduerteles Bartos","image":{"@type":"ImageObject","inLanguage":"es","@id":"https:\/\/www.ignaciovalduerteles.es\/blog\/#\/schema\/person\/image\/","url":"https:\/\/www.ignaciovalduerteles.es\/blog\/wp-content\/uploads\/2022\/02\/cabecera-1024x390.png","contentUrl":"https:\/\/www.ignaciovalduerteles.es\/blog\/wp-content\/uploads\/2022\/02\/cabecera-1024x390.png","width":1024,"height":390,"caption":"Ignacio Valduerteles Bartos"},"logo":{"@id":"https:\/\/www.ignaciovalduerteles.es\/blog\/#\/schema\/person\/image\/"},"sameAs":["http:\/\/www.ivb.es"]},{"@type":"WebSite","@id":"https:\/\/www.ignaciovalduerteles.es\/blog\/#website","url":"https:\/\/www.ignaciovalduerteles.es\/blog\/","name":"Ignacio Valduerteles Bartos","description":"Reflexiones y art\u00edculos del Ignacio Valdu\u00e9rteles","publisher":{"@id":"https:\/\/www.ignaciovalduerteles.es\/blog\/#\/schema\/person\/c4ab4ed77f14e0141ba3dcd9c6f501d5"},"potentialAction":[{"@type":"SearchAction","target":{"@type":"EntryPoint","urlTemplate":"https:\/\/www.ignaciovalduerteles.es\/blog\/?s={search_term_string}"},"query-input":"required name=search_term_string"}],"inLanguage":"es"},{"@type":"ImageObject","inLanguage":"es","@id":"https:\/\/www.ignaciovalduerteles.es\/blog\/articulos\/abc\/regeneracion-y-hermandades\/#primaryimage","url":"https:\/\/www.ignaciovalduerteles.es\/blog\/wp-content\/uploads\/2022\/03\/regenracion_pages-to-jpg-0001.jpg","contentUrl":"https:\/\/www.ignaciovalduerteles.es\/blog\/wp-content\/uploads\/2022\/03\/regenracion_pages-to-jpg-0001.jpg","width":1097,"height":1837},{"@type":"WebPage","@id":"https:\/\/www.ignaciovalduerteles.es\/blog\/articulos\/abc\/regeneracion-y-hermandades\/#webpage","url":"https:\/\/www.ignaciovalduerteles.es\/blog\/articulos\/abc\/regeneracion-y-hermandades\/","name":"REGENERACI\u00d3N Y HERMANDADES - Ignacio Valduerteles Bartos","isPartOf":{"@id":"https:\/\/www.ignaciovalduerteles.es\/blog\/#website"},"primaryImageOfPage":{"@id":"https:\/\/www.ignaciovalduerteles.es\/blog\/articulos\/abc\/regeneracion-y-hermandades\/#primaryimage"},"datePublished":"2022-03-24T20:24:11+00:00","dateModified":"2022-03-26T20:24:51+00:00","description":"Blog personal de Ignacio Valdu\u00e9rteles, Dr. en Administraci\u00f3n y Direcci\u00f3n de Empresas y miembro destacado en la hermandad la Soledad de San Lorenzo, en Sevilla","breadcrumb":{"@id":"https:\/\/www.ignaciovalduerteles.es\/blog\/articulos\/abc\/regeneracion-y-hermandades\/#breadcrumb"},"inLanguage":"es","potentialAction":[{"@type":"ReadAction","target":["https:\/\/www.ignaciovalduerteles.es\/blog\/articulos\/abc\/regeneracion-y-hermandades\/"]}]},{"@type":"BreadcrumbList","@id":"https:\/\/www.ignaciovalduerteles.es\/blog\/articulos\/abc\/regeneracion-y-hermandades\/#breadcrumb","itemListElement":[{"@type":"ListItem","position":1,"name":"Portada","item":"https:\/\/www.ignaciovalduerteles.es\/blog\/"},{"@type":"ListItem","position":2,"name":"Art\u00edculos","item":"https:\/\/www.ignaciovalduerteles.es\/blog\/articulos\/"},{"@type":"ListItem","position":3,"name":"Art\u00edculos ABC","item":"https:\/\/www.ignaciovalduerteles.es\/blog\/articulos\/abc\/"},{"@type":"ListItem","position":4,"name":"REGENERACI\u00d3N Y HERMANDADES"}]}]}},"_links":{"self":[{"href":"https:\/\/www.ignaciovalduerteles.es\/blog\/wp-json\/wp\/v2\/pages\/2833"}],"collection":[{"href":"https:\/\/www.ignaciovalduerteles.es\/blog\/wp-json\/wp\/v2\/pages"}],"about":[{"href":"https:\/\/www.ignaciovalduerteles.es\/blog\/wp-json\/wp\/v2\/types\/page"}],"author":[{"embeddable":true,"href":"https:\/\/www.ignaciovalduerteles.es\/blog\/wp-json\/wp\/v2\/users\/3"}],"replies":[{"embeddable":true,"href":"https:\/\/www.ignaciovalduerteles.es\/blog\/wp-json\/wp\/v2\/comments?post=2833"}],"version-history":[{"count":4,"href":"https:\/\/www.ignaciovalduerteles.es\/blog\/wp-json\/wp\/v2\/pages\/2833\/revisions"}],"predecessor-version":[{"id":3127,"href":"https:\/\/www.ignaciovalduerteles.es\/blog\/wp-json\/wp\/v2\/pages\/2833\/revisions\/3127"}],"up":[{"embeddable":true,"href":"https:\/\/www.ignaciovalduerteles.es\/blog\/wp-json\/wp\/v2\/pages\/624"}],"wp:attachment":[{"href":"https:\/\/www.ignaciovalduerteles.es\/blog\/wp-json\/wp\/v2\/media?parent=2833"}],"curies":[{"name":"wp","href":"https:\/\/api.w.org\/{rel}","templated":true}]}}