{"id":288,"date":"2008-10-14T17:10:48","date_gmt":"2008-10-14T17:10:48","guid":{"rendered":"http:\/\/www.guadaoliva.comlu.com\/blog\/?page_id=288"},"modified":"2011-07-31T22:51:44","modified_gmt":"2011-07-31T20:51:44","slug":"%c2%bfha-muerto-el-liberalismo","status":"publish","type":"page","link":"https:\/\/www.ignaciovalduerteles.es\/blog\/articulos\/expansion\/%c2%bfha-muerto-el-liberalismo\/","title":{"rendered":"\u00bfHa muerto el Liberalismo?"},"content":{"rendered":"<div style=\"text-align: justify;\">\u00a0<span style=\"color: #000080;\"> \u00a0 \u00a0 \u00a0 \u00a0 \u00a0\u00a0La an\u00e9cdota se atribuye a Marilyn Monroe y Albert Einstein. En cierta ocasi\u00f3n la actriz le coment\u00f3 al f\u00edsico: \u00bfImagina c\u00f3mo ser\u00eda un hijo de los dos, con mi belleza y su inteligencia?.\u00a0\u00a0Sin pensarlo Einstein le contest\u00f3: Se\u00f1orita, \u00bfy\u00a0\u00a0si sale al rev\u00e9s?.\u00a0\u00a0Esta situaci\u00f3n es la que describe a un partido en el gobierno que no gobierna, pero maneja muy bien la comunicaci\u00f3n, y una oposici\u00f3n que cumple correctamente con su trabajo, pero no sabe comunicar.<\/span><\/div>\n<div style=\"text-align: justify;\"><span style=\"color: #000080;\">\u00a0\u00a0\u00a0\u00a0\u00a0\u00a0\u00a0\u00a0\u00a0\u00a0\u00a0\u00a0La \u00faltima muestra \u2013por ahora- la tenemos en el tratamiento de la crisis econ\u00f3mica. Desde que hace un a\u00f1o empezaron a asomar los primeros s\u00edntomas la par\u00e1lisis del gobierno ha sido absoluta y las pocas decisiones que ha tomado han contribuido a empeorar las cosas. Pero hay que transmitir a los ciudadanos mensajes cortos, simples y muy repetidos, para que se conviertan en verdaderos: \u201cLa culpa de la crisis es de Estados Unidos y de los\u00a0<em>neocon\u201d. \u201c<\/em>El modelo de libre mercado ha fracasado, por eso ahora tiene que intervenir el Estado para salvar la econom\u00eda\u201d.<\/span><\/div>\n<div style=\"text-align: justify;\"><span style=\"color: #000080;\">\u00a0\u00a0\u00a0\u00a0\u00a0\u00a0\u00a0\u00a0\u00a0\u00a0\u00a0\u00a0Estos mensajes se van repitiendo por\u00a0\u00a0el partido en el gobierno en distintos tono y registros. Hace unos d\u00edas el Presidente de la Junta de Andaluc\u00eda, en la clausura del IX Congreso Regional de las Juventudes Socialistas, dio una vuelta de tuerca m\u00e1s, siempre dentro de la ortodoxia propagand\u00edstica, al asegurar que\u00a0\u00a0la culpa la tienen \u201clos neoconservadores americanos y el ex-presidente Aznar\u2026\u201d completando la faena con\u00a0\u00a0la supuesta relaci\u00f3n entre la crisis energ\u00e9tica y la guerra de Irak<em>.<\/em><\/span><\/div>\n<div style=\"text-align: justify;\"><span style=\"color: #000080;\">\u00a0\u00a0\u00a0\u00a0\u00a0\u00a0\u00a0\u00a0\u00a0\u00a0\u00a0\u00a0Pero lo mejor de su mensaje era esta otra perla: la crisis, \u201cde causas internacionales, ha roto la concepci\u00f3n del mundo de la derecha\u201d, por lo que se hace necesaria \u201cotra globalizaci\u00f3n\u201d asentada en las bases del socialismo.\u00a0\u00a0<\/span><\/div>\n<div style=\"text-align: justify;\"><span style=\"color: #000080;\">Ser\u00eda divertido recordar al se\u00f1or Chaves y dem\u00e1s repetidores de\u00a0consignas qui\u00e9nes eran los\u00a0<em>neocon\u00a0<\/em>\u00a0y cu\u00e1les eran sus propuestas. Seguramente se llevar\u00edan una gran sorpresa al reconocer en ellos a qui\u00e9nes, poco antes de la ca\u00edda del Muro, propugnaban, desde la izquierda, la extensi\u00f3n del Estado del Bienestar, si bien corrigiendo los excesos de la Uni\u00f3n Sovi\u00e9tica. As\u00ed que meter a Reagan o Tatcher en ese bloque \u2013como suelen hacer- es un disparate bastante pintoresco. Pero tampoco importa demasiado: los publicistas buscan la adhesi\u00f3n, no el an\u00e1lisis.<\/span><\/div>\n<div style=\"text-align: justify;\"><span style=\"color: #000080;\">Ahora en serio: \u00bfes razonable la objeci\u00f3n que se hace al liberalismo, o a la econom\u00eda de mercado, tras\u00a0\u00a0la necesaria intervenci\u00f3n de los gobiernos para salvar la econom\u00eda?<\/span><\/div>\n<div style=\"text-align: justify;\"><span style=\"color: #000080;\">La primera observaci\u00f3n es que el sistema que ha entrado en crisis tiene muy poco de liberal. Una econom\u00eda fuertemente regulada por el manejo de los tipos de inter\u00e9s como medio para regular el ritmo econ\u00f3mico; con sindicatos m\u00e1s preocupados de levantar barreras de entrada al espacio de los trabajadores con contrato fijo que de crear empleo; con organizaciones empresariales que trasladan a sus afiliados m\u00e1s perplejidad que certezas; por no hablar del papel de\u00a0\u00a0la Administraci\u00f3n en la fijaci\u00f3n de precios del suelo urbanizable y su repercusi\u00f3n en el precio final de la vivienda.<\/span><\/div>\n<div style=\"text-align: justify;\"><span style=\"color: #000080;\">A eso hay que a\u00f1adir empresas, normalmente grandes corporaciones que cotizan en bolsa, m\u00e1s preocupadas por los resultados trimestrales y crear valor de forma inmediata para el accionista, que de la sostenibilidad en el tiempo de la empresa, sobre todo cuando en esa creaci\u00f3n de valor los directivos se juegan el\u00a0<em>bonus.<\/em><\/span><\/div>\n<div style=\"text-align: justify;\"><span style=\"color: #000080;\">Frente a todo este panorama, el empresario aut\u00e9ntico, el que se la juega todos los d\u00edas, el que garantiza sus cr\u00e9ditos con su vivienda, el que reinvierte sus beneficios, el que tira de p\u00f3liza para pagar salarios; que no entiende de ingenier\u00eda financiera, sino de la \u00faltima l\u00ednea de la Cuenta de Resultados, que contribuye a generar el 14% del PIB, tampoco pide demasiado. No ya que se ayude, sino que no se le estorbe, que realmente se delimiten unas reglas de juego claras, que no se disfracen de econom\u00eda de mercado planteamientos intervencionistas.<\/span><\/div>\n<div style=\"text-align: justify;\"><span style=\"color: #000080;\">En una tira c\u00f3mica se ve\u00eda a una pareja discutiendo acaloradamente las causas de su fracaso matrimonial ante la mirada perpleja de su hijo,\u00a0que aprovecha una breve pausa entre los padres para decir: \u201c\u00bfY qu\u00e9 hay para cenar?\u201d. Esa es el planteamiento del empresario que, en definitiva, es quien tiene que tirar del carro de la econom\u00eda: No s\u00e9 si la culpa\u00a0\u00a0es de Bush, de la derecha, de la izquierda o de la guerra de Irak; pero tomen decisiones, hagan algo,\u00a0\u00a0\u00a0preoc\u00fapense de la cena. Y si no d\u00e9jenme entrar en la cocina que ya me las arreglar\u00e9 yo.<\/span><\/div>\n<div style=\"text-align: right;\"><span style=\"color: #000080;\">14.10.08<\/span><\/div>\n","protected":false},"excerpt":{"rendered":"<p>\u00a0 \u00a0 \u00a0 \u00a0 \u00a0 \u00a0\u00a0La an\u00e9cdota se atribuye a Marilyn Monroe y Albert Einstein. En cierta ocasi\u00f3n la actriz le coment\u00f3 al f\u00edsico: \u00bfImagina c\u00f3mo ser\u00eda un hijo de los dos, con mi belleza y su inteligencia?.\u00a0\u00a0Sin pensarlo Einstein &hellip; <a href=\"https:\/\/www.ignaciovalduerteles.es\/blog\/articulos\/expansion\/%c2%bfha-muerto-el-liberalismo\/\">Continuar<\/a><\/p>\n","protected":false},"author":1,"featured_media":0,"parent":21,"menu_order":2,"comment_status":"open","ping_status":"open","template":"sidebar-page.php","meta":{"kt_blocks_editor_width":""},"yoast_head":"<!-- This site is optimized with the Yoast SEO plugin v19.0 - https:\/\/yoast.com\/wordpress\/plugins\/seo\/ -->\n<title>\u00bfHa muerto el Liberalismo? - Ignacio Valduerteles Bartos<\/title>\n<meta name=\"description\" content=\"Blog personal de Ignacio Valdu\u00e9rteles, Dr. en Administraci\u00f3n y Direcci\u00f3n de Empresas y miembro destacado en la hermandad la Soledad de San Lorenzo, en Sevilla\" \/>\n<meta name=\"robots\" content=\"index, follow, max-snippet:-1, max-image-preview:large, max-video-preview:-1\" \/>\n<link rel=\"canonical\" href=\"https:\/\/www.ignaciovalduerteles.es\/blog\/articulos\/expansion\/\u00bfha-muerto-el-liberalismo\/\" \/>\n<meta property=\"og:locale\" content=\"es_ES\" \/>\n<meta property=\"og:type\" content=\"article\" \/>\n<meta property=\"og:title\" content=\"\u00bfHa muerto el Liberalismo? - Ignacio Valduerteles Bartos\" \/>\n<meta property=\"og:description\" content=\"Blog personal de Ignacio Valdu\u00e9rteles, Dr. en Administraci\u00f3n y Direcci\u00f3n de Empresas y miembro destacado en la hermandad la Soledad de San Lorenzo, en Sevilla\" \/>\n<meta property=\"og:url\" content=\"https:\/\/www.ignaciovalduerteles.es\/blog\/articulos\/expansion\/\u00bfha-muerto-el-liberalismo\/\" \/>\n<meta property=\"og:site_name\" content=\"Ignacio Valduerteles Bartos\" \/>\n<meta property=\"article:modified_time\" content=\"2011-07-31T20:51:44+00:00\" \/>\n<meta property=\"og:image\" content=\"https:\/\/www.ignaciovalduerteles.es\/blog\/wp-content\/uploads\/2022\/02\/banner1-1024x292.png\" \/>\n\t<meta property=\"og:image:width\" content=\"1024\" \/>\n\t<meta property=\"og:image:height\" content=\"292\" \/>\n\t<meta property=\"og:image:type\" content=\"image\/png\" \/>\n<meta name=\"twitter:card\" content=\"summary_large_image\" \/>\n<meta name=\"twitter:label1\" content=\"Tiempo de lectura\" \/>\n\t<meta name=\"twitter:data1\" content=\"4 minutos\" \/>\n<script type=\"application\/ld+json\" class=\"yoast-schema-graph\">{\"@context\":\"https:\/\/schema.org\",\"@graph\":[{\"@type\":[\"Person\",\"Organization\"],\"@id\":\"https:\/\/www.ignaciovalduerteles.es\/blog\/#\/schema\/person\/c4ab4ed77f14e0141ba3dcd9c6f501d5\",\"name\":\"Ignacio Valduerteles Bartos\",\"image\":{\"@type\":\"ImageObject\",\"inLanguage\":\"es\",\"@id\":\"https:\/\/www.ignaciovalduerteles.es\/blog\/#\/schema\/person\/image\/\",\"url\":\"https:\/\/www.ignaciovalduerteles.es\/blog\/wp-content\/uploads\/2022\/02\/cabecera-1024x390.png\",\"contentUrl\":\"https:\/\/www.ignaciovalduerteles.es\/blog\/wp-content\/uploads\/2022\/02\/cabecera-1024x390.png\",\"width\":1024,\"height\":390,\"caption\":\"Ignacio Valduerteles Bartos\"},\"logo\":{\"@id\":\"https:\/\/www.ignaciovalduerteles.es\/blog\/#\/schema\/person\/image\/\"},\"sameAs\":[\"http:\/\/www.ivb.es\"]},{\"@type\":\"WebSite\",\"@id\":\"https:\/\/www.ignaciovalduerteles.es\/blog\/#website\",\"url\":\"https:\/\/www.ignaciovalduerteles.es\/blog\/\",\"name\":\"Ignacio Valduerteles Bartos\",\"description\":\"Reflexiones y art\u00edculos del Ignacio Valdu\u00e9rteles\",\"publisher\":{\"@id\":\"https:\/\/www.ignaciovalduerteles.es\/blog\/#\/schema\/person\/c4ab4ed77f14e0141ba3dcd9c6f501d5\"},\"potentialAction\":[{\"@type\":\"SearchAction\",\"target\":{\"@type\":\"EntryPoint\",\"urlTemplate\":\"https:\/\/www.ignaciovalduerteles.es\/blog\/?s={search_term_string}\"},\"query-input\":\"required name=search_term_string\"}],\"inLanguage\":\"es\"},{\"@type\":\"WebPage\",\"@id\":\"https:\/\/www.ignaciovalduerteles.es\/blog\/articulos\/expansion\/%c2%bfha-muerto-el-liberalismo\/#webpage\",\"url\":\"https:\/\/www.ignaciovalduerteles.es\/blog\/articulos\/expansion\/%c2%bfha-muerto-el-liberalismo\/\",\"name\":\"\u00bfHa muerto el Liberalismo? - Ignacio Valduerteles Bartos\",\"isPartOf\":{\"@id\":\"https:\/\/www.ignaciovalduerteles.es\/blog\/#website\"},\"datePublished\":\"2008-10-14T17:10:48+00:00\",\"dateModified\":\"2011-07-31T20:51:44+00:00\",\"description\":\"Blog personal de Ignacio Valdu\u00e9rteles, Dr. en Administraci\u00f3n y Direcci\u00f3n de Empresas y miembro destacado en la hermandad la Soledad de San Lorenzo, en Sevilla\",\"breadcrumb\":{\"@id\":\"https:\/\/www.ignaciovalduerteles.es\/blog\/articulos\/expansion\/%c2%bfha-muerto-el-liberalismo\/#breadcrumb\"},\"inLanguage\":\"es\",\"potentialAction\":[{\"@type\":\"ReadAction\",\"target\":[\"https:\/\/www.ignaciovalduerteles.es\/blog\/articulos\/expansion\/%c2%bfha-muerto-el-liberalismo\/\"]}]},{\"@type\":\"BreadcrumbList\",\"@id\":\"https:\/\/www.ignaciovalduerteles.es\/blog\/articulos\/expansion\/%c2%bfha-muerto-el-liberalismo\/#breadcrumb\",\"itemListElement\":[{\"@type\":\"ListItem\",\"position\":1,\"name\":\"Portada\",\"item\":\"https:\/\/www.ignaciovalduerteles.es\/blog\/\"},{\"@type\":\"ListItem\",\"position\":2,\"name\":\"Art\u00edculos\",\"item\":\"https:\/\/www.ignaciovalduerteles.es\/blog\/articulos\/\"},{\"@type\":\"ListItem\",\"position\":3,\"name\":\"Expansi\u00f3n\",\"item\":\"https:\/\/www.ignaciovalduerteles.es\/blog\/articulos\/expansion\/\"},{\"@type\":\"ListItem\",\"position\":4,\"name\":\"\u00bfHa muerto el Liberalismo?\"}]}]}<\/script>\n<!-- \/ Yoast SEO plugin. -->","yoast_head_json":{"title":"\u00bfHa muerto el Liberalismo? - Ignacio Valduerteles Bartos","description":"Blog personal de Ignacio Valdu\u00e9rteles, Dr. en Administraci\u00f3n y Direcci\u00f3n de Empresas y miembro destacado en la hermandad la Soledad de San Lorenzo, en Sevilla","robots":{"index":"index","follow":"follow","max-snippet":"max-snippet:-1","max-image-preview":"max-image-preview:large","max-video-preview":"max-video-preview:-1"},"canonical":"https:\/\/www.ignaciovalduerteles.es\/blog\/articulos\/expansion\/\u00bfha-muerto-el-liberalismo\/","og_locale":"es_ES","og_type":"article","og_title":"\u00bfHa muerto el Liberalismo? - Ignacio Valduerteles Bartos","og_description":"Blog personal de Ignacio Valdu\u00e9rteles, Dr. en Administraci\u00f3n y Direcci\u00f3n de Empresas y miembro destacado en la hermandad la Soledad de San Lorenzo, en Sevilla","og_url":"https:\/\/www.ignaciovalduerteles.es\/blog\/articulos\/expansion\/\u00bfha-muerto-el-liberalismo\/","og_site_name":"Ignacio Valduerteles Bartos","article_modified_time":"2011-07-31T20:51:44+00:00","og_image":[{"width":1024,"height":292,"url":"https:\/\/www.ignaciovalduerteles.es\/blog\/wp-content\/uploads\/2022\/02\/banner1-1024x292.png","type":"image\/png"}],"twitter_card":"summary_large_image","twitter_misc":{"Tiempo de lectura":"4 minutos"},"schema":{"@context":"https:\/\/schema.org","@graph":[{"@type":["Person","Organization"],"@id":"https:\/\/www.ignaciovalduerteles.es\/blog\/#\/schema\/person\/c4ab4ed77f14e0141ba3dcd9c6f501d5","name":"Ignacio Valduerteles Bartos","image":{"@type":"ImageObject","inLanguage":"es","@id":"https:\/\/www.ignaciovalduerteles.es\/blog\/#\/schema\/person\/image\/","url":"https:\/\/www.ignaciovalduerteles.es\/blog\/wp-content\/uploads\/2022\/02\/cabecera-1024x390.png","contentUrl":"https:\/\/www.ignaciovalduerteles.es\/blog\/wp-content\/uploads\/2022\/02\/cabecera-1024x390.png","width":1024,"height":390,"caption":"Ignacio Valduerteles Bartos"},"logo":{"@id":"https:\/\/www.ignaciovalduerteles.es\/blog\/#\/schema\/person\/image\/"},"sameAs":["http:\/\/www.ivb.es"]},{"@type":"WebSite","@id":"https:\/\/www.ignaciovalduerteles.es\/blog\/#website","url":"https:\/\/www.ignaciovalduerteles.es\/blog\/","name":"Ignacio Valduerteles Bartos","description":"Reflexiones y art\u00edculos del Ignacio Valdu\u00e9rteles","publisher":{"@id":"https:\/\/www.ignaciovalduerteles.es\/blog\/#\/schema\/person\/c4ab4ed77f14e0141ba3dcd9c6f501d5"},"potentialAction":[{"@type":"SearchAction","target":{"@type":"EntryPoint","urlTemplate":"https:\/\/www.ignaciovalduerteles.es\/blog\/?s={search_term_string}"},"query-input":"required name=search_term_string"}],"inLanguage":"es"},{"@type":"WebPage","@id":"https:\/\/www.ignaciovalduerteles.es\/blog\/articulos\/expansion\/%c2%bfha-muerto-el-liberalismo\/#webpage","url":"https:\/\/www.ignaciovalduerteles.es\/blog\/articulos\/expansion\/%c2%bfha-muerto-el-liberalismo\/","name":"\u00bfHa muerto el Liberalismo? - Ignacio Valduerteles Bartos","isPartOf":{"@id":"https:\/\/www.ignaciovalduerteles.es\/blog\/#website"},"datePublished":"2008-10-14T17:10:48+00:00","dateModified":"2011-07-31T20:51:44+00:00","description":"Blog personal de Ignacio Valdu\u00e9rteles, Dr. en Administraci\u00f3n y Direcci\u00f3n de Empresas y miembro destacado en la hermandad la Soledad de San Lorenzo, en Sevilla","breadcrumb":{"@id":"https:\/\/www.ignaciovalduerteles.es\/blog\/articulos\/expansion\/%c2%bfha-muerto-el-liberalismo\/#breadcrumb"},"inLanguage":"es","potentialAction":[{"@type":"ReadAction","target":["https:\/\/www.ignaciovalduerteles.es\/blog\/articulos\/expansion\/%c2%bfha-muerto-el-liberalismo\/"]}]},{"@type":"BreadcrumbList","@id":"https:\/\/www.ignaciovalduerteles.es\/blog\/articulos\/expansion\/%c2%bfha-muerto-el-liberalismo\/#breadcrumb","itemListElement":[{"@type":"ListItem","position":1,"name":"Portada","item":"https:\/\/www.ignaciovalduerteles.es\/blog\/"},{"@type":"ListItem","position":2,"name":"Art\u00edculos","item":"https:\/\/www.ignaciovalduerteles.es\/blog\/articulos\/"},{"@type":"ListItem","position":3,"name":"Expansi\u00f3n","item":"https:\/\/www.ignaciovalduerteles.es\/blog\/articulos\/expansion\/"},{"@type":"ListItem","position":4,"name":"\u00bfHa muerto el Liberalismo?"}]}]}},"_links":{"self":[{"href":"https:\/\/www.ignaciovalduerteles.es\/blog\/wp-json\/wp\/v2\/pages\/288"}],"collection":[{"href":"https:\/\/www.ignaciovalduerteles.es\/blog\/wp-json\/wp\/v2\/pages"}],"about":[{"href":"https:\/\/www.ignaciovalduerteles.es\/blog\/wp-json\/wp\/v2\/types\/page"}],"author":[{"embeddable":true,"href":"https:\/\/www.ignaciovalduerteles.es\/blog\/wp-json\/wp\/v2\/users\/1"}],"replies":[{"embeddable":true,"href":"https:\/\/www.ignaciovalduerteles.es\/blog\/wp-json\/wp\/v2\/comments?post=288"}],"version-history":[{"count":3,"href":"https:\/\/www.ignaciovalduerteles.es\/blog\/wp-json\/wp\/v2\/pages\/288\/revisions"}],"predecessor-version":[{"id":723,"href":"https:\/\/www.ignaciovalduerteles.es\/blog\/wp-json\/wp\/v2\/pages\/288\/revisions\/723"}],"up":[{"embeddable":true,"href":"https:\/\/www.ignaciovalduerteles.es\/blog\/wp-json\/wp\/v2\/pages\/21"}],"wp:attachment":[{"href":"https:\/\/www.ignaciovalduerteles.es\/blog\/wp-json\/wp\/v2\/media?parent=288"}],"curies":[{"name":"wp","href":"https:\/\/api.w.org\/{rel}","templated":true}]}}