{"id":290,"date":"2008-09-09T17:11:47","date_gmt":"2008-09-09T17:11:47","guid":{"rendered":"http:\/\/www.guadaoliva.comlu.com\/blog\/?page_id=290"},"modified":"2011-07-31T22:52:17","modified_gmt":"2011-07-31T20:52:17","slug":"septiembre-inexorable","status":"publish","type":"page","link":"https:\/\/www.ignaciovalduerteles.es\/blog\/articulos\/expansion\/septiembre-inexorable\/","title":{"rendered":"Septiembre inexorable"},"content":{"rendered":"<div style=\"text-align: justify;\"><span style=\"color: #000080;\">Con el mes de agosto la mayor\u00eda de los espa\u00f1olitos se fue de vacaciones con el vago prop\u00f3sito de que \u201cel curso pr\u00f3ximo\u201d ya intentar\u00edamos solucionar algo. Pero la vuelta\u00a0\u00a0ha sido dura, con la econom\u00eda en recesi\u00f3n; la inflaci\u00f3n disparada y el paro recuperando niveles ya olvidados. Septiembre es inexorable y los problemas con los que nos fuimos de vacaciones no s\u00f3lo no se han resuelto,\u00a0\u00a0sino que van a peor.<\/span><\/div>\n<div style=\"text-align: justify;\"><span style=\"color: #000080;\">\u00a0\u00a0\u00a0\u00a0\u00a0\u00a0\u00a0\u00a0\u00a0\u00a0\u00a0\u00a0El problema no es de ahora, viene de m\u00e1s atr\u00e1s. En los \u00faltimos a\u00f1os se ha vuelto a poner de manifiesto que las pol\u00edticas socialistas, o socialdem\u00f3cratas,\u00a0\u00a0s\u00f3lo son aplicables en tiempos de bonanza econ\u00f3mica, en los que se nota menos su impacto en la econom\u00eda y las libertades; pero cuando vienen mal dadas, el fracaso es estrepitoso.<\/span><\/div>\n<div style=\"text-align: justify;\"><span style=\"color: #000080;\">La din\u00e1mica gubernamental\u00a0\u00a0de estos a\u00f1os era muy simple: tenemos las soluciones para remodelar la sociedad;\u00a0\u00a0pero como el problema no existe, creemos el problema y as\u00ed podremos aplicar la soluci\u00f3n.<\/span><\/div>\n<div style=\"text-align: justify;\"><span style=\"color: #000080;\">\u00a0\u00a0\u00a0\u00a0\u00a0\u00a0\u00a0\u00a0\u00a0\u00a0\u00a0\u00a0El esquema parec\u00eda que funcionaba. A golpe de soluciones \u201cprogresistas\u201d se iban socavando los cimientos de una sociedad libre. En determinados ambientes ya se hab\u00eda conseguido que oponerse al debilitamiento de la familia como espacio natural de desarrollo de ciudadanos libres; negarse a que el Estado fije e imponga un modelo de pensamiento \u00fanico; proteger a los m\u00e1s d\u00e9biles \u2013ni\u00f1os y ancianos- y proclamar la libertad de conciencia, estuviera mal considerado\u00a0\u00a0por los nuevos prescriptores de la moral ciudadana y sus voceros. En otras palabras: ya se hab\u00eda armado la imprescindible estructura ideol\u00f3gica de una incipiente dictadura. Ahora, en esta nueva etapa legislativa, quedaban algunos flecos por rematar, y a por ellos iban; pero la dichosa econom\u00eda se ha venido a entrometer en esta cuidada estrategia que, como siempre, hab\u00eda descuidado\u00a0\u00a0el flanco econ\u00f3mico, echando por tierra viejos esquemas gramcsianos.<\/span><\/div>\n<div style=\"text-align: justify;\"><span style=\"color: #000080;\">\u00a0\u00a0\u00a0\u00a0\u00a0\u00a0\u00a0\u00a0\u00a0\u00a0\u00a0\u00a0Una vez comprobado que de los responsables pol\u00edticos\u00a0\u00a0no se puede esperar gran cosa en econom\u00eda (la propuesta\u00a0\u00a0m\u00e1s audaz para contener la crisis ha sido la de repartir bombillas de bajo consumo), el empresario queda una vez m\u00e1s, \u201cs\u00f3lo ante el peligro\u201d, como Gary Cooper.\u00a0\u00a0<\/span><\/div>\n<div style=\"text-align: justify;\"><span style=\"color: #000080;\">Pero no\u00a0\u00a0es mala cosa \u00e9sa de desconfiar de las\u00a0\u00a0instancias oficiales y para-oficiales. Empresario es quien compromete sus recursos en una idea de negocio, para proporcionar determinados productos o servicios,\u00a0\u00a0con la esperanza de que el mercado los compre y as\u00ed recuperar su inversi\u00f3n y tener un medio de vida.\u00a0\u00a0Y si fracasa pues a intentarlo de nuevo, o desistir de su empe\u00f1o. Tan sencillo y apasionante como eso.<\/span><\/div>\n<div style=\"text-align: justify;\"><span style=\"color: #000080;\">\u00a0\u00a0\u00a0\u00a0\u00a0\u00a0\u00a0\u00a0\u00a0\u00a0\u00a0\u00a0Por eso ahora, en tiempos de crisis, no cabe mirar a la Administraci\u00f3n\u00a0\u00a0para que nos ayude. La soluci\u00f3n ha de venir del propio empresario, y \u00e9sta pasa no s\u00f3lo por redefinir costes, reestructurar el pasivo, buscar nuevos mercados, adecuar la estrategia y recalcular o aplazar las inversiones. Por supuesto que las recetas t\u00e9cnicas son imprescindibles; pero no bastan para superar el bache.\u00a0\u00a0Esta crisis hay que ganarla en el terreno de las ideas.<\/span><\/div>\n<div style=\"text-align: justify;\"><span style=\"color: #000080;\">\u00a0\u00a0\u00a0\u00a0\u00a0\u00a0\u00a0\u00a0\u00a0\u00a0\u00a0\u00a0S\u00ed: retomando la figura del empresario como creador de riqueza y de espacios de libertad; recomponiendo una sociedad en la que cada uno pueda expresar libremente sus ideas y ser coherente con ellas en su actuaci\u00f3n social;\u00a0volviendo a tomar la persona como sujeto, y no como objeto, de la econom\u00eda; trabajando para que la legalidad no sea la fuente de la \u00e9tica, sino que sea \u00e9sta, es decir, la persona humana y su dignidad, el referente al que se ajuste la legalidad; redescubriendo las leyes universales de la econom\u00eda que tanto tienen que ver con la cultura europea.<\/span><\/div>\n<div style=\"text-align: justify;\"><span style=\"color: #000080;\">\u00a0\u00a0\u00a0\u00a0\u00a0\u00a0\u00a0\u00a0\u00a0\u00a0\u00a0\u00a0Es obvio que s\u00f3lo con ideas y modelos culturales no\u00a0\u00a0se saca adelante una empresa; pero m\u00e1s obvio a\u00fan resulta que no es posible levantar la econom\u00eda sin ideas.\u00a0\u00a0Esta no es tarea de los partidos pol\u00edticos, que hace tiempo abdicaron de sus principios. Ha de de ser obra de la sociedad civil, y en esa sociedad civil el papel de los empresarios es decisivo.<em><\/em><\/span><\/div>\n<p style=\"text-align: right;\"><span style=\"color: #000080;\">09.09.08<\/span><\/p>\n","protected":false},"excerpt":{"rendered":"<p>Con el mes de agosto la mayor\u00eda de los espa\u00f1olitos se fue de vacaciones con el vago prop\u00f3sito de que \u201cel curso pr\u00f3ximo\u201d ya intentar\u00edamos solucionar algo. Pero la vuelta\u00a0\u00a0ha sido dura, con la econom\u00eda en recesi\u00f3n; la inflaci\u00f3n disparada &hellip; <a href=\"https:\/\/www.ignaciovalduerteles.es\/blog\/articulos\/expansion\/septiembre-inexorable\/\">Continuar<\/a><\/p>\n","protected":false},"author":1,"featured_media":0,"parent":21,"menu_order":2,"comment_status":"open","ping_status":"open","template":"sidebar-page.php","meta":{"kt_blocks_editor_width":""},"yoast_head":"<!-- This site is optimized with the Yoast SEO plugin v19.0 - https:\/\/yoast.com\/wordpress\/plugins\/seo\/ -->\n<title>Septiembre inexorable - Ignacio Valduerteles Bartos<\/title>\n<meta name=\"description\" content=\"Blog personal de Ignacio Valdu\u00e9rteles, Dr. en Administraci\u00f3n y Direcci\u00f3n de Empresas y miembro destacado en la hermandad la Soledad de San Lorenzo, en Sevilla\" \/>\n<meta name=\"robots\" content=\"index, follow, max-snippet:-1, max-image-preview:large, max-video-preview:-1\" \/>\n<link rel=\"canonical\" href=\"https:\/\/www.ignaciovalduerteles.es\/blog\/articulos\/expansion\/septiembre-inexorable\/\" \/>\n<meta property=\"og:locale\" content=\"es_ES\" \/>\n<meta property=\"og:type\" content=\"article\" \/>\n<meta property=\"og:title\" content=\"Septiembre inexorable - Ignacio Valduerteles Bartos\" \/>\n<meta property=\"og:description\" content=\"Blog personal de Ignacio Valdu\u00e9rteles, Dr. en Administraci\u00f3n y Direcci\u00f3n de Empresas y miembro destacado en la hermandad la Soledad de San Lorenzo, en Sevilla\" \/>\n<meta property=\"og:url\" content=\"https:\/\/www.ignaciovalduerteles.es\/blog\/articulos\/expansion\/septiembre-inexorable\/\" \/>\n<meta property=\"og:site_name\" content=\"Ignacio Valduerteles Bartos\" \/>\n<meta property=\"article:modified_time\" content=\"2011-07-31T20:52:17+00:00\" \/>\n<meta property=\"og:image\" content=\"https:\/\/www.ignaciovalduerteles.es\/blog\/wp-content\/uploads\/2022\/02\/banner1-1024x292.png\" \/>\n\t<meta property=\"og:image:width\" content=\"1024\" \/>\n\t<meta property=\"og:image:height\" content=\"292\" \/>\n\t<meta property=\"og:image:type\" content=\"image\/png\" \/>\n<meta name=\"twitter:card\" content=\"summary_large_image\" \/>\n<meta name=\"twitter:label1\" content=\"Tiempo de lectura\" \/>\n\t<meta name=\"twitter:data1\" content=\"4 minutos\" \/>\n<script type=\"application\/ld+json\" class=\"yoast-schema-graph\">{\"@context\":\"https:\/\/schema.org\",\"@graph\":[{\"@type\":[\"Person\",\"Organization\"],\"@id\":\"https:\/\/www.ignaciovalduerteles.es\/blog\/#\/schema\/person\/c4ab4ed77f14e0141ba3dcd9c6f501d5\",\"name\":\"Ignacio Valduerteles Bartos\",\"image\":{\"@type\":\"ImageObject\",\"inLanguage\":\"es\",\"@id\":\"https:\/\/www.ignaciovalduerteles.es\/blog\/#\/schema\/person\/image\/\",\"url\":\"https:\/\/www.ignaciovalduerteles.es\/blog\/wp-content\/uploads\/2022\/02\/cabecera-1024x390.png\",\"contentUrl\":\"https:\/\/www.ignaciovalduerteles.es\/blog\/wp-content\/uploads\/2022\/02\/cabecera-1024x390.png\",\"width\":1024,\"height\":390,\"caption\":\"Ignacio Valduerteles Bartos\"},\"logo\":{\"@id\":\"https:\/\/www.ignaciovalduerteles.es\/blog\/#\/schema\/person\/image\/\"},\"sameAs\":[\"http:\/\/www.ivb.es\"]},{\"@type\":\"WebSite\",\"@id\":\"https:\/\/www.ignaciovalduerteles.es\/blog\/#website\",\"url\":\"https:\/\/www.ignaciovalduerteles.es\/blog\/\",\"name\":\"Ignacio Valduerteles Bartos\",\"description\":\"Reflexiones y art\u00edculos del Ignacio Valdu\u00e9rteles\",\"publisher\":{\"@id\":\"https:\/\/www.ignaciovalduerteles.es\/blog\/#\/schema\/person\/c4ab4ed77f14e0141ba3dcd9c6f501d5\"},\"potentialAction\":[{\"@type\":\"SearchAction\",\"target\":{\"@type\":\"EntryPoint\",\"urlTemplate\":\"https:\/\/www.ignaciovalduerteles.es\/blog\/?s={search_term_string}\"},\"query-input\":\"required name=search_term_string\"}],\"inLanguage\":\"es\"},{\"@type\":\"WebPage\",\"@id\":\"https:\/\/www.ignaciovalduerteles.es\/blog\/articulos\/expansion\/septiembre-inexorable\/#webpage\",\"url\":\"https:\/\/www.ignaciovalduerteles.es\/blog\/articulos\/expansion\/septiembre-inexorable\/\",\"name\":\"Septiembre inexorable - Ignacio Valduerteles Bartos\",\"isPartOf\":{\"@id\":\"https:\/\/www.ignaciovalduerteles.es\/blog\/#website\"},\"datePublished\":\"2008-09-09T17:11:47+00:00\",\"dateModified\":\"2011-07-31T20:52:17+00:00\",\"description\":\"Blog personal de Ignacio Valdu\u00e9rteles, Dr. en Administraci\u00f3n y Direcci\u00f3n de Empresas y miembro destacado en la hermandad la Soledad de San Lorenzo, en Sevilla\",\"breadcrumb\":{\"@id\":\"https:\/\/www.ignaciovalduerteles.es\/blog\/articulos\/expansion\/septiembre-inexorable\/#breadcrumb\"},\"inLanguage\":\"es\",\"potentialAction\":[{\"@type\":\"ReadAction\",\"target\":[\"https:\/\/www.ignaciovalduerteles.es\/blog\/articulos\/expansion\/septiembre-inexorable\/\"]}]},{\"@type\":\"BreadcrumbList\",\"@id\":\"https:\/\/www.ignaciovalduerteles.es\/blog\/articulos\/expansion\/septiembre-inexorable\/#breadcrumb\",\"itemListElement\":[{\"@type\":\"ListItem\",\"position\":1,\"name\":\"Portada\",\"item\":\"https:\/\/www.ignaciovalduerteles.es\/blog\/\"},{\"@type\":\"ListItem\",\"position\":2,\"name\":\"Art\u00edculos\",\"item\":\"https:\/\/www.ignaciovalduerteles.es\/blog\/articulos\/\"},{\"@type\":\"ListItem\",\"position\":3,\"name\":\"Expansi\u00f3n\",\"item\":\"https:\/\/www.ignaciovalduerteles.es\/blog\/articulos\/expansion\/\"},{\"@type\":\"ListItem\",\"position\":4,\"name\":\"Septiembre inexorable\"}]}]}<\/script>\n<!-- \/ Yoast SEO plugin. -->","yoast_head_json":{"title":"Septiembre inexorable - Ignacio Valduerteles Bartos","description":"Blog personal de Ignacio Valdu\u00e9rteles, Dr. en Administraci\u00f3n y Direcci\u00f3n de Empresas y miembro destacado en la hermandad la Soledad de San Lorenzo, en Sevilla","robots":{"index":"index","follow":"follow","max-snippet":"max-snippet:-1","max-image-preview":"max-image-preview:large","max-video-preview":"max-video-preview:-1"},"canonical":"https:\/\/www.ignaciovalduerteles.es\/blog\/articulos\/expansion\/septiembre-inexorable\/","og_locale":"es_ES","og_type":"article","og_title":"Septiembre inexorable - Ignacio Valduerteles Bartos","og_description":"Blog personal de Ignacio Valdu\u00e9rteles, Dr. en Administraci\u00f3n y Direcci\u00f3n de Empresas y miembro destacado en la hermandad la Soledad de San Lorenzo, en Sevilla","og_url":"https:\/\/www.ignaciovalduerteles.es\/blog\/articulos\/expansion\/septiembre-inexorable\/","og_site_name":"Ignacio Valduerteles Bartos","article_modified_time":"2011-07-31T20:52:17+00:00","og_image":[{"width":1024,"height":292,"url":"https:\/\/www.ignaciovalduerteles.es\/blog\/wp-content\/uploads\/2022\/02\/banner1-1024x292.png","type":"image\/png"}],"twitter_card":"summary_large_image","twitter_misc":{"Tiempo de lectura":"4 minutos"},"schema":{"@context":"https:\/\/schema.org","@graph":[{"@type":["Person","Organization"],"@id":"https:\/\/www.ignaciovalduerteles.es\/blog\/#\/schema\/person\/c4ab4ed77f14e0141ba3dcd9c6f501d5","name":"Ignacio Valduerteles Bartos","image":{"@type":"ImageObject","inLanguage":"es","@id":"https:\/\/www.ignaciovalduerteles.es\/blog\/#\/schema\/person\/image\/","url":"https:\/\/www.ignaciovalduerteles.es\/blog\/wp-content\/uploads\/2022\/02\/cabecera-1024x390.png","contentUrl":"https:\/\/www.ignaciovalduerteles.es\/blog\/wp-content\/uploads\/2022\/02\/cabecera-1024x390.png","width":1024,"height":390,"caption":"Ignacio Valduerteles Bartos"},"logo":{"@id":"https:\/\/www.ignaciovalduerteles.es\/blog\/#\/schema\/person\/image\/"},"sameAs":["http:\/\/www.ivb.es"]},{"@type":"WebSite","@id":"https:\/\/www.ignaciovalduerteles.es\/blog\/#website","url":"https:\/\/www.ignaciovalduerteles.es\/blog\/","name":"Ignacio Valduerteles Bartos","description":"Reflexiones y art\u00edculos del Ignacio Valdu\u00e9rteles","publisher":{"@id":"https:\/\/www.ignaciovalduerteles.es\/blog\/#\/schema\/person\/c4ab4ed77f14e0141ba3dcd9c6f501d5"},"potentialAction":[{"@type":"SearchAction","target":{"@type":"EntryPoint","urlTemplate":"https:\/\/www.ignaciovalduerteles.es\/blog\/?s={search_term_string}"},"query-input":"required name=search_term_string"}],"inLanguage":"es"},{"@type":"WebPage","@id":"https:\/\/www.ignaciovalduerteles.es\/blog\/articulos\/expansion\/septiembre-inexorable\/#webpage","url":"https:\/\/www.ignaciovalduerteles.es\/blog\/articulos\/expansion\/septiembre-inexorable\/","name":"Septiembre inexorable - Ignacio Valduerteles Bartos","isPartOf":{"@id":"https:\/\/www.ignaciovalduerteles.es\/blog\/#website"},"datePublished":"2008-09-09T17:11:47+00:00","dateModified":"2011-07-31T20:52:17+00:00","description":"Blog personal de Ignacio Valdu\u00e9rteles, Dr. en Administraci\u00f3n y Direcci\u00f3n de Empresas y miembro destacado en la hermandad la Soledad de San Lorenzo, en Sevilla","breadcrumb":{"@id":"https:\/\/www.ignaciovalduerteles.es\/blog\/articulos\/expansion\/septiembre-inexorable\/#breadcrumb"},"inLanguage":"es","potentialAction":[{"@type":"ReadAction","target":["https:\/\/www.ignaciovalduerteles.es\/blog\/articulos\/expansion\/septiembre-inexorable\/"]}]},{"@type":"BreadcrumbList","@id":"https:\/\/www.ignaciovalduerteles.es\/blog\/articulos\/expansion\/septiembre-inexorable\/#breadcrumb","itemListElement":[{"@type":"ListItem","position":1,"name":"Portada","item":"https:\/\/www.ignaciovalduerteles.es\/blog\/"},{"@type":"ListItem","position":2,"name":"Art\u00edculos","item":"https:\/\/www.ignaciovalduerteles.es\/blog\/articulos\/"},{"@type":"ListItem","position":3,"name":"Expansi\u00f3n","item":"https:\/\/www.ignaciovalduerteles.es\/blog\/articulos\/expansion\/"},{"@type":"ListItem","position":4,"name":"Septiembre inexorable"}]}]}},"_links":{"self":[{"href":"https:\/\/www.ignaciovalduerteles.es\/blog\/wp-json\/wp\/v2\/pages\/290"}],"collection":[{"href":"https:\/\/www.ignaciovalduerteles.es\/blog\/wp-json\/wp\/v2\/pages"}],"about":[{"href":"https:\/\/www.ignaciovalduerteles.es\/blog\/wp-json\/wp\/v2\/types\/page"}],"author":[{"embeddable":true,"href":"https:\/\/www.ignaciovalduerteles.es\/blog\/wp-json\/wp\/v2\/users\/1"}],"replies":[{"embeddable":true,"href":"https:\/\/www.ignaciovalduerteles.es\/blog\/wp-json\/wp\/v2\/comments?post=290"}],"version-history":[{"count":3,"href":"https:\/\/www.ignaciovalduerteles.es\/blog\/wp-json\/wp\/v2\/pages\/290\/revisions"}],"predecessor-version":[{"id":724,"href":"https:\/\/www.ignaciovalduerteles.es\/blog\/wp-json\/wp\/v2\/pages\/290\/revisions\/724"}],"up":[{"embeddable":true,"href":"https:\/\/www.ignaciovalduerteles.es\/blog\/wp-json\/wp\/v2\/pages\/21"}],"wp:attachment":[{"href":"https:\/\/www.ignaciovalduerteles.es\/blog\/wp-json\/wp\/v2\/media?parent=290"}],"curies":[{"name":"wp","href":"https:\/\/api.w.org\/{rel}","templated":true}]}}