{"id":2907,"date":"2022-03-26T20:30:51","date_gmt":"2022-03-26T19:30:51","guid":{"rendered":"https:\/\/www.ignaciovalduerteles.es\/blog\/?page_id=2907"},"modified":"2022-03-26T20:30:51","modified_gmt":"2022-03-26T19:30:51","slug":"la-cruz","status":"publish","type":"page","link":"https:\/\/www.ignaciovalduerteles.es\/blog\/articulos\/abc\/la-cruz\/","title":{"rendered":"LA CRUZ"},"content":{"rendered":"\n<div class=\"wp-block-media-text alignwide has-media-on-the-right is-stacked-on-mobile\" style=\"grid-template-columns:auto 23%\"><figure class=\"wp-block-media-text__media\"><img decoding=\"async\" loading=\"lazy\" width=\"544\" height=\"1024\" src=\"https:\/\/www.ignaciovalduerteles.es\/blog\/wp-content\/uploads\/2022\/03\/abc-sevilla-20210127-8.stamp_page-0001-544x1024.jpg\" alt=\"\" class=\"wp-image-2909 size-full\" srcset=\"https:\/\/www.ignaciovalduerteles.es\/blog\/wp-content\/uploads\/2022\/03\/abc-sevilla-20210127-8.stamp_page-0001-544x1024.jpg 544w, https:\/\/www.ignaciovalduerteles.es\/blog\/wp-content\/uploads\/2022\/03\/abc-sevilla-20210127-8.stamp_page-0001-159x300.jpg 159w, https:\/\/www.ignaciovalduerteles.es\/blog\/wp-content\/uploads\/2022\/03\/abc-sevilla-20210127-8.stamp_page-0001-768x1445.jpg 768w, https:\/\/www.ignaciovalduerteles.es\/blog\/wp-content\/uploads\/2022\/03\/abc-sevilla-20210127-8.stamp_page-0001-816x1536.jpg 816w, https:\/\/www.ignaciovalduerteles.es\/blog\/wp-content\/uploads\/2022\/03\/abc-sevilla-20210127-8.stamp_page-0001.jpg 957w\" sizes=\"(max-width: 544px) 100vw, 544px\" \/><\/figure><div class=\"wp-block-media-text__content\">\n<p><\/p>\n\n\n\n<p><em><strong>Ignacio Valdu\u00e9rteles<\/strong><\/em> <\/p>\n\n\n\n<p><\/p>\n\n\n\n<p>Me habr\u00eda gustado titular este comentario a la manera cervantina: \u00abDe como una villa cordobesa alcanz\u00f3 fama en todo el reino por la torpeza de su regidora\u00bb, pero resultaba muy largo y\u00a0 complicar\u00eda la maquetaci\u00f3n.<\/p>\n\n\n\n<p>Se ha hablado mucho de la cruz retirada en Aguilar de la Frontera, que fue arrojada a un vertedero y, al parecer, reducida a escombros; pero poco de la torpeza de la regidora, de Izquierda Unida.<\/p>\n\n\n\n<p>Explicaba Gramsci,&nbsp; tambi\u00e9n comunista, en sus \u201cCartas desde la c\u00e1rcel\u201d que el &nbsp;\u201csentido com\u00fan\u201d es la filosof\u00eda de los no fil\u00f3sofos, es decir, la concepci\u00f3n del mundo absorbida acr\u00edticamente por los diversos ambientes sociales y culturales, en la que se desarrolla la individualidad moral del hombre medio. En nuestro entorno ese \u201csentido com\u00fan\u201d, durante muchas d\u00e9cadas, ha sido de clara inspiraci\u00f3n cristiana, un cristianismo un tanto acr\u00edtico, como dice Gramsci, o poco fundamentado; pero que ha servido de aglutinante a un modelo social m\u00e1s o menos cohesionado.<\/p>\n\n\n\n<p>Un dato: seg\u00fan la web de la Agrupaci\u00f3n Local de Cofrad\u00edas de Aguilar de la Frontera, en la poblaci\u00f3n &nbsp;existen veinte hermandades. Teniendo en cuenta que el censo es de 13.800 habitantes resulta una media de una hermandad por cada 690 habitantes. Aplicando esa misma ratio en Sevilla, con 700.000 habitantes, deber\u00eda haber 1.014 hermandades. Esta es, sin duda, &nbsp;una de las poblaciones con mayor densidad relativa de hermandades, todas con actividad, ya que m\u00e1s del 93% de la poblaci\u00f3n pertenece, al menos, a una hermandad.<\/p>\n\n\n\n<p>Est\u00e1 claro que \u201cel sentido com\u00fan\u201d, la cultura que sustenta y cohesiona a la sociedad de Aguilar es de fuerte inspiraci\u00f3n cristiana, a los datos me remito. Otro tema ser\u00e1 la solidez de esa fundamentaci\u00f3n.\u00a0\u00a0<\/p>\n<\/div><\/div>\n\n\n\n<p>Para tener la visi\u00f3n completa le ofrezco a la alcaldesa otra lectura, \u00e9sta de Santa Edith Stein, contempor\u00e1nea de Gramsci, fil\u00f3sofa, doctora de la Iglesia, copatrona de Europa &nbsp;y mujer, por aquello de la perspectiva de g\u00e9nero; se trata de \u201cLa ciencia de la Cruz\u201d, obra en la que, con hondura teol\u00f3gica, explica c\u00f3mo la muerte de Cristo en la Cruz, cima del dolor, marca tambi\u00e9n el final de su sufrimiento y la posibilidad de uni\u00f3n con el Amor eterno en la&nbsp; Sant\u00edsima Trinidad. \u201cLa Cruz, explica,&nbsp; es la Verdad enterrada en el alma \u2026 Marca el alma con una impronta&nbsp; especial que determina su conducta\u201d.<\/p>\n\n\n\n<p>Iron\u00edas del destino: la profesora universitaria Edith Stein ingres\u00f3 en la orden de las Carmelitas Descalzas, precisamente la misma congregaci\u00f3n que ocupa el monasterio&nbsp; al que la Cruz derribada daba su sombra y protecci\u00f3n, \u201cla Cruz de las Descalzas\u201d.<\/p>\n\n\n\n<p>Desde perspectivas&nbsp; distintas el comunista Gramsci y la te\u00f3loga Edith Stein llegan a la misma conclusi\u00f3n: la fe, a\u00fan en su forma m\u00e1s rudimentaria, determina la conducta del hombre y genera modelos culturales que &nbsp;configuran la sociedad.<\/p>\n\n\n\n<p>&nbsp;&nbsp;&nbsp;&nbsp;&nbsp;&nbsp;&nbsp;&nbsp;&nbsp;&nbsp;&nbsp; Me da la impresi\u00f3n de que la se\u00f1ora alcaldesa no ha le\u00eddo a ninguno de los dos, seguramente por eso se olvid\u00f3 de que a los representantes pol\u00edticos se les elige para que organicen la cosa p\u00fabica, m\u00e1s a\u00fan en el \u00e1mbito de la pol\u00edtica municipal, no para que se empe\u00f1en en cambiar la sociedad desde los supuestos te\u00f3ricos de ideolog\u00edas con vocaci\u00f3n totalitaria que, sobrepasando &nbsp;sus l\u00edmites, tratan de convertir a los ciudadanos en s\u00fabditos, provocando as\u00ed una reacci\u00f3n quiz\u00e1 imprevista, pero desde luego proporcionada.<\/p>\n\n\n\n<p>Esto no va de memoria hist\u00f3rica ni de supuestos avales de la Consejer\u00eda de Cultura. Va de echar un pulso a la sociedad civil, fuertemente estructurada, en este caso por las hermandades, y el resultado de esos pulsos es imprevisible.&nbsp;&nbsp;<\/p>\n\n\n\n<p>Una lecci\u00f3n a extraer de todo esto: las hermandades no pueden dejar arrebatarse su decisivo papel en construcci\u00f3n de la sociedad civil. El futuro no nos lo jugamos en los sentimientos y actividades, sino en los valores personales y sociales. Eso exige crear conocimientos que fundamenten el modelo&nbsp; social para impedir que desde la pol\u00edtica se cambie dicho modelo. &nbsp;No se trata de defenderse ante los ataques sobrevenidos, sino de pasar a la ofensiva para asegurar la libertad y dignidad de la persona.<\/p>\n","protected":false},"excerpt":{"rendered":"<p>Ignacio Valdu\u00e9rteles Me habr\u00eda gustado titular este comentario a la manera cervantina: \u00abDe como una villa cordobesa alcanz\u00f3 fama en todo el reino por la torpeza de su regidora\u00bb, pero resultaba muy largo y\u00a0 complicar\u00eda la maquetaci\u00f3n. Se ha hablado &hellip; <a href=\"https:\/\/www.ignaciovalduerteles.es\/blog\/articulos\/abc\/la-cruz\/\">Continuar<\/a><\/p>\n","protected":false},"author":3,"featured_media":0,"parent":624,"menu_order":0,"comment_status":"closed","ping_status":"closed","template":"","meta":{"kt_blocks_editor_width":""},"yoast_head":"<!-- This site is optimized with the Yoast SEO plugin v19.0 - https:\/\/yoast.com\/wordpress\/plugins\/seo\/ -->\n<title>LA CRUZ - Ignacio Valduerteles Bartos<\/title>\n<meta name=\"description\" content=\"Blog personal de Ignacio Valdu\u00e9rteles, Dr. en Administraci\u00f3n y Direcci\u00f3n de Empresas y miembro destacado en la hermandad la Soledad de San Lorenzo, en Sevilla\" \/>\n<meta name=\"robots\" content=\"index, follow, max-snippet:-1, max-image-preview:large, max-video-preview:-1\" \/>\n<link rel=\"canonical\" href=\"https:\/\/www.ignaciovalduerteles.es\/blog\/articulos\/abc\/la-cruz\/\" \/>\n<meta property=\"og:locale\" content=\"es_ES\" \/>\n<meta property=\"og:type\" content=\"article\" \/>\n<meta property=\"og:title\" content=\"LA CRUZ - Ignacio Valduerteles Bartos\" \/>\n<meta property=\"og:description\" content=\"Blog personal de Ignacio Valdu\u00e9rteles, Dr. en Administraci\u00f3n y Direcci\u00f3n de Empresas y miembro destacado en la hermandad la Soledad de San Lorenzo, en Sevilla\" \/>\n<meta property=\"og:url\" content=\"https:\/\/www.ignaciovalduerteles.es\/blog\/articulos\/abc\/la-cruz\/\" \/>\n<meta property=\"og:site_name\" content=\"Ignacio Valduerteles Bartos\" \/>\n<meta property=\"og:image\" content=\"https:\/\/www.ignaciovalduerteles.es\/blog\/wp-content\/uploads\/2022\/03\/abc-sevilla-20210127-8.stamp_page-0001-544x1024.jpg\" \/>\n<meta name=\"twitter:card\" content=\"summary_large_image\" \/>\n<meta name=\"twitter:label1\" content=\"Tiempo de lectura\" \/>\n\t<meta name=\"twitter:data1\" content=\"4 minutos\" \/>\n<script type=\"application\/ld+json\" class=\"yoast-schema-graph\">{\"@context\":\"https:\/\/schema.org\",\"@graph\":[{\"@type\":[\"Person\",\"Organization\"],\"@id\":\"https:\/\/www.ignaciovalduerteles.es\/blog\/#\/schema\/person\/c4ab4ed77f14e0141ba3dcd9c6f501d5\",\"name\":\"Ignacio Valduerteles Bartos\",\"image\":{\"@type\":\"ImageObject\",\"inLanguage\":\"es\",\"@id\":\"https:\/\/www.ignaciovalduerteles.es\/blog\/#\/schema\/person\/image\/\",\"url\":\"https:\/\/www.ignaciovalduerteles.es\/blog\/wp-content\/uploads\/2022\/02\/cabecera-1024x390.png\",\"contentUrl\":\"https:\/\/www.ignaciovalduerteles.es\/blog\/wp-content\/uploads\/2022\/02\/cabecera-1024x390.png\",\"width\":1024,\"height\":390,\"caption\":\"Ignacio Valduerteles Bartos\"},\"logo\":{\"@id\":\"https:\/\/www.ignaciovalduerteles.es\/blog\/#\/schema\/person\/image\/\"},\"sameAs\":[\"http:\/\/www.ivb.es\"]},{\"@type\":\"WebSite\",\"@id\":\"https:\/\/www.ignaciovalduerteles.es\/blog\/#website\",\"url\":\"https:\/\/www.ignaciovalduerteles.es\/blog\/\",\"name\":\"Ignacio Valduerteles Bartos\",\"description\":\"Reflexiones y art\u00edculos del Ignacio Valdu\u00e9rteles\",\"publisher\":{\"@id\":\"https:\/\/www.ignaciovalduerteles.es\/blog\/#\/schema\/person\/c4ab4ed77f14e0141ba3dcd9c6f501d5\"},\"potentialAction\":[{\"@type\":\"SearchAction\",\"target\":{\"@type\":\"EntryPoint\",\"urlTemplate\":\"https:\/\/www.ignaciovalduerteles.es\/blog\/?s={search_term_string}\"},\"query-input\":\"required name=search_term_string\"}],\"inLanguage\":\"es\"},{\"@type\":\"ImageObject\",\"inLanguage\":\"es\",\"@id\":\"https:\/\/www.ignaciovalduerteles.es\/blog\/articulos\/abc\/la-cruz\/#primaryimage\",\"url\":\"https:\/\/www.ignaciovalduerteles.es\/blog\/wp-content\/uploads\/2022\/03\/abc-sevilla-20210127-8.stamp_page-0001.jpg\",\"contentUrl\":\"https:\/\/www.ignaciovalduerteles.es\/blog\/wp-content\/uploads\/2022\/03\/abc-sevilla-20210127-8.stamp_page-0001.jpg\",\"width\":957,\"height\":1801},{\"@type\":\"WebPage\",\"@id\":\"https:\/\/www.ignaciovalduerteles.es\/blog\/articulos\/abc\/la-cruz\/#webpage\",\"url\":\"https:\/\/www.ignaciovalduerteles.es\/blog\/articulos\/abc\/la-cruz\/\",\"name\":\"LA CRUZ - Ignacio Valduerteles Bartos\",\"isPartOf\":{\"@id\":\"https:\/\/www.ignaciovalduerteles.es\/blog\/#website\"},\"primaryImageOfPage\":{\"@id\":\"https:\/\/www.ignaciovalduerteles.es\/blog\/articulos\/abc\/la-cruz\/#primaryimage\"},\"datePublished\":\"2022-03-26T19:30:51+00:00\",\"dateModified\":\"2022-03-26T19:30:51+00:00\",\"description\":\"Blog personal de Ignacio Valdu\u00e9rteles, Dr. en Administraci\u00f3n y Direcci\u00f3n de Empresas y miembro destacado en la hermandad la Soledad de San Lorenzo, en Sevilla\",\"breadcrumb\":{\"@id\":\"https:\/\/www.ignaciovalduerteles.es\/blog\/articulos\/abc\/la-cruz\/#breadcrumb\"},\"inLanguage\":\"es\",\"potentialAction\":[{\"@type\":\"ReadAction\",\"target\":[\"https:\/\/www.ignaciovalduerteles.es\/blog\/articulos\/abc\/la-cruz\/\"]}]},{\"@type\":\"BreadcrumbList\",\"@id\":\"https:\/\/www.ignaciovalduerteles.es\/blog\/articulos\/abc\/la-cruz\/#breadcrumb\",\"itemListElement\":[{\"@type\":\"ListItem\",\"position\":1,\"name\":\"Portada\",\"item\":\"https:\/\/www.ignaciovalduerteles.es\/blog\/\"},{\"@type\":\"ListItem\",\"position\":2,\"name\":\"Art\u00edculos\",\"item\":\"https:\/\/www.ignaciovalduerteles.es\/blog\/articulos\/\"},{\"@type\":\"ListItem\",\"position\":3,\"name\":\"Art\u00edculos ABC\",\"item\":\"https:\/\/www.ignaciovalduerteles.es\/blog\/articulos\/abc\/\"},{\"@type\":\"ListItem\",\"position\":4,\"name\":\"LA CRUZ\"}]}]}<\/script>\n<!-- \/ Yoast SEO plugin. -->","yoast_head_json":{"title":"LA CRUZ - Ignacio Valduerteles Bartos","description":"Blog personal de Ignacio Valdu\u00e9rteles, Dr. en Administraci\u00f3n y Direcci\u00f3n de Empresas y miembro destacado en la hermandad la Soledad de San Lorenzo, en Sevilla","robots":{"index":"index","follow":"follow","max-snippet":"max-snippet:-1","max-image-preview":"max-image-preview:large","max-video-preview":"max-video-preview:-1"},"canonical":"https:\/\/www.ignaciovalduerteles.es\/blog\/articulos\/abc\/la-cruz\/","og_locale":"es_ES","og_type":"article","og_title":"LA CRUZ - Ignacio Valduerteles Bartos","og_description":"Blog personal de Ignacio Valdu\u00e9rteles, Dr. en Administraci\u00f3n y Direcci\u00f3n de Empresas y miembro destacado en la hermandad la Soledad de San Lorenzo, en Sevilla","og_url":"https:\/\/www.ignaciovalduerteles.es\/blog\/articulos\/abc\/la-cruz\/","og_site_name":"Ignacio Valduerteles Bartos","og_image":[{"url":"https:\/\/www.ignaciovalduerteles.es\/blog\/wp-content\/uploads\/2022\/03\/abc-sevilla-20210127-8.stamp_page-0001-544x1024.jpg"}],"twitter_card":"summary_large_image","twitter_misc":{"Tiempo de lectura":"4 minutos"},"schema":{"@context":"https:\/\/schema.org","@graph":[{"@type":["Person","Organization"],"@id":"https:\/\/www.ignaciovalduerteles.es\/blog\/#\/schema\/person\/c4ab4ed77f14e0141ba3dcd9c6f501d5","name":"Ignacio Valduerteles Bartos","image":{"@type":"ImageObject","inLanguage":"es","@id":"https:\/\/www.ignaciovalduerteles.es\/blog\/#\/schema\/person\/image\/","url":"https:\/\/www.ignaciovalduerteles.es\/blog\/wp-content\/uploads\/2022\/02\/cabecera-1024x390.png","contentUrl":"https:\/\/www.ignaciovalduerteles.es\/blog\/wp-content\/uploads\/2022\/02\/cabecera-1024x390.png","width":1024,"height":390,"caption":"Ignacio Valduerteles Bartos"},"logo":{"@id":"https:\/\/www.ignaciovalduerteles.es\/blog\/#\/schema\/person\/image\/"},"sameAs":["http:\/\/www.ivb.es"]},{"@type":"WebSite","@id":"https:\/\/www.ignaciovalduerteles.es\/blog\/#website","url":"https:\/\/www.ignaciovalduerteles.es\/blog\/","name":"Ignacio Valduerteles Bartos","description":"Reflexiones y art\u00edculos del Ignacio Valdu\u00e9rteles","publisher":{"@id":"https:\/\/www.ignaciovalduerteles.es\/blog\/#\/schema\/person\/c4ab4ed77f14e0141ba3dcd9c6f501d5"},"potentialAction":[{"@type":"SearchAction","target":{"@type":"EntryPoint","urlTemplate":"https:\/\/www.ignaciovalduerteles.es\/blog\/?s={search_term_string}"},"query-input":"required name=search_term_string"}],"inLanguage":"es"},{"@type":"ImageObject","inLanguage":"es","@id":"https:\/\/www.ignaciovalduerteles.es\/blog\/articulos\/abc\/la-cruz\/#primaryimage","url":"https:\/\/www.ignaciovalduerteles.es\/blog\/wp-content\/uploads\/2022\/03\/abc-sevilla-20210127-8.stamp_page-0001.jpg","contentUrl":"https:\/\/www.ignaciovalduerteles.es\/blog\/wp-content\/uploads\/2022\/03\/abc-sevilla-20210127-8.stamp_page-0001.jpg","width":957,"height":1801},{"@type":"WebPage","@id":"https:\/\/www.ignaciovalduerteles.es\/blog\/articulos\/abc\/la-cruz\/#webpage","url":"https:\/\/www.ignaciovalduerteles.es\/blog\/articulos\/abc\/la-cruz\/","name":"LA CRUZ - Ignacio Valduerteles Bartos","isPartOf":{"@id":"https:\/\/www.ignaciovalduerteles.es\/blog\/#website"},"primaryImageOfPage":{"@id":"https:\/\/www.ignaciovalduerteles.es\/blog\/articulos\/abc\/la-cruz\/#primaryimage"},"datePublished":"2022-03-26T19:30:51+00:00","dateModified":"2022-03-26T19:30:51+00:00","description":"Blog personal de Ignacio Valdu\u00e9rteles, Dr. en Administraci\u00f3n y Direcci\u00f3n de Empresas y miembro destacado en la hermandad la Soledad de San Lorenzo, en Sevilla","breadcrumb":{"@id":"https:\/\/www.ignaciovalduerteles.es\/blog\/articulos\/abc\/la-cruz\/#breadcrumb"},"inLanguage":"es","potentialAction":[{"@type":"ReadAction","target":["https:\/\/www.ignaciovalduerteles.es\/blog\/articulos\/abc\/la-cruz\/"]}]},{"@type":"BreadcrumbList","@id":"https:\/\/www.ignaciovalduerteles.es\/blog\/articulos\/abc\/la-cruz\/#breadcrumb","itemListElement":[{"@type":"ListItem","position":1,"name":"Portada","item":"https:\/\/www.ignaciovalduerteles.es\/blog\/"},{"@type":"ListItem","position":2,"name":"Art\u00edculos","item":"https:\/\/www.ignaciovalduerteles.es\/blog\/articulos\/"},{"@type":"ListItem","position":3,"name":"Art\u00edculos ABC","item":"https:\/\/www.ignaciovalduerteles.es\/blog\/articulos\/abc\/"},{"@type":"ListItem","position":4,"name":"LA CRUZ"}]}]}},"_links":{"self":[{"href":"https:\/\/www.ignaciovalduerteles.es\/blog\/wp-json\/wp\/v2\/pages\/2907"}],"collection":[{"href":"https:\/\/www.ignaciovalduerteles.es\/blog\/wp-json\/wp\/v2\/pages"}],"about":[{"href":"https:\/\/www.ignaciovalduerteles.es\/blog\/wp-json\/wp\/v2\/types\/page"}],"author":[{"embeddable":true,"href":"https:\/\/www.ignaciovalduerteles.es\/blog\/wp-json\/wp\/v2\/users\/3"}],"replies":[{"embeddable":true,"href":"https:\/\/www.ignaciovalduerteles.es\/blog\/wp-json\/wp\/v2\/comments?post=2907"}],"version-history":[{"count":3,"href":"https:\/\/www.ignaciovalduerteles.es\/blog\/wp-json\/wp\/v2\/pages\/2907\/revisions"}],"predecessor-version":[{"id":2912,"href":"https:\/\/www.ignaciovalduerteles.es\/blog\/wp-json\/wp\/v2\/pages\/2907\/revisions\/2912"}],"up":[{"embeddable":true,"href":"https:\/\/www.ignaciovalduerteles.es\/blog\/wp-json\/wp\/v2\/pages\/624"}],"wp:attachment":[{"href":"https:\/\/www.ignaciovalduerteles.es\/blog\/wp-json\/wp\/v2\/media?parent=2907"}],"curies":[{"name":"wp","href":"https:\/\/api.w.org\/{rel}","templated":true}]}}