{"id":295,"date":"2008-06-10T17:15:16","date_gmt":"2008-06-10T17:15:16","guid":{"rendered":"http:\/\/www.guadaoliva.comlu.com\/blog\/?page_id=295"},"modified":"2011-07-31T22:54:47","modified_gmt":"2011-07-31T20:54:47","slug":"a-vueltas-con-la-sostenibilidad-y-la-rsc","status":"publish","type":"page","link":"https:\/\/www.ignaciovalduerteles.es\/blog\/articulos\/expansion\/a-vueltas-con-la-sostenibilidad-y-la-rsc\/","title":{"rendered":"A vueltas con la sostenibilidad y la RSC"},"content":{"rendered":"<div style=\"text-align: justify;\"><span style=\"color: #000080;\">En un improbable debate con alguno de los numerosos representantes de la escuela econ\u00f3mica\u00a0<em>retroprogre<\/em>, imagino que mi interlocutor estar\u00eda dispuesto a aceptar la libre concurrencia de empresas en el mercado, pero con algunas condiciones. \u00c9stas var\u00edan seg\u00fan modas; \u00faltimamente las exigencias que se imponen a las empresas, para ser admitidas como instituciones creadoras de riqueza y libertad por los\u00a0guardianes de la ortodoxia pol\u00edtica y social, son la sostenibilidad y la Responsabilidad Social Corporativa.<\/span><\/div>\n<div style=\"text-align: justify;\"><span style=\"color: #000080;\">Como las palabras son polis\u00e9micas,\u00a0\u00a0yo tambi\u00e9n estar\u00eda de acuerdo con esas caracter\u00edsticas definitorias de una empresa, pero precisando el significado de los t\u00e9rminos.<\/span><\/div>\n<div style=\"text-align: justify;\"><span style=\"color: #000080;\">Todas las empresas han de tener un modelo de gesti\u00f3n sostenible. De acuerdo; pero eso es algo m\u00e1s que utilizar papel reciclado, o reducir el consumo de energ\u00eda el\u00e9ctrica. Quiere decir que han de conducirse de forma que se\u00a0\u00a0garantice su previsible continuidad en el tiempo. Sostenibilidad es, fundamentalmente, una adecuada gesti\u00f3n financiera, un proceso de innovaci\u00f3n constante, la apertura a nuevos mercados, una\u00a0\u00a0pol\u00edtica de personal acertada, para atraer y retener a los mejores y, en general, una buena direcci\u00f3n.<\/span><\/div>\n<div style=\"text-align: justify;\"><span style=\"color: #000080;\">No hablo de teor\u00edas, sino de experiencias ponderadas.\u00a0\u00a0Me ha tocado lidiar con alguna \u201cempresa\u201d, al menos as\u00ed la llamaban, que centraba sus esfuerzos en la sostenibilidad entendida s\u00f3lo como espontaneidad en\u00a0\u00a0los procesos,\u00a0\u00a0organigrama desestructurado y ecolog\u00eda, mucha ecolog\u00eda; pero descuidando la planificaci\u00f3n econ\u00f3mica, los estudios de mercado y el cumplimiento con los clientes en tiempo y forma. El resultado es inevitable: una vez agotadas las subvenciones recibidas para su proyecto sostenible, la empresa se cierra y sus protagonistas pasan a fichar todas las ma\u00f1anas en otra empresa quiz\u00e1s menos \u201cespont\u00e1nea\u201d, pero que lleva a\u00f1os creando riqueza y contribuyendo al incremento del producto interior bruto.<\/span><\/div>\n<div style=\"text-align: justify;\"><span style=\"color: #000080;\">Sostenibilidad y eficacia no son planteamientos opuestos, sino complementarios.\u00a0\u00a0Una de las condiciones que ha cumplir una empresa para desarrollarse es la de ser aceptada por sus potenciales clientes. En un mercado dominado por la demanda, por los consumidores, \u00e9stos concretan\u00a0su elecci\u00f3n no s\u00f3lo por\u00a0\u00a0calidad y precio, condiciones que ya se dan por supuestas, sino tambi\u00e9n por otros criterios, como son el respeto al medio ambiente, su pol\u00edtica\u00a0\u00a0de personal o la imagen p\u00fablica de sus gestores. Criterios que se ampl\u00edan tambi\u00e9n a sus proveedores.<\/span><\/div>\n<div style=\"text-align: justify;\"><span style=\"color: #000080;\">As\u00ed enlazamos con la Responsabilidad Social Corporativa, el otro gran paradigma empresarial. Tambi\u00e9n aqu\u00ed hay que precisar. Una empresa no es una ONG. Su primera responsabilidad social es obtener recursos para atender todos sus compromisos de pago y retribuir a los socios o accionistas que arriesgaron all\u00ed su dinero. Sin esta premisa no hay empresa y, en consecuencia, tampoco habr\u00eda RSC.<\/span><\/div>\n<div style=\"text-align: justify;\"><span style=\"color: #000080;\">A partir de ah\u00ed -o mejor: para llegar ah\u00ed, a la obtenci\u00f3n de beneficios que garanticen la sostenibilidad- la empresa ha de esforzarse por tener un comportamiento responsable en cuatro grandes apartados: los derechos humanos, que es tanto como reconocer la dignidad de la persona, de cada persona; las relaciones laborales: libertad sindical, no discriminaci\u00f3n, no trabajo infantil, conciliaci\u00f3n familiar; el medio ambiente: desarrollo y difusi\u00f3n de tecnolog\u00edas respetuosas con el medio ambiente y, por \u00faltimo, el rechazo a cualquier forma de corrupci\u00f3n: sobornos, pr\u00e1cticas abusivas.<\/span><\/div>\n<div style=\"text-align: justify;\"><span style=\"color: #000080;\">Estos cuatro apartados son, precisamente, los que propuso la ONU en su Pacto Mundial dirigido a las empresas.<\/span><\/div>\n<div style=\"text-align: justify;\"><span style=\"color: #000080;\">A la hora de plantearse una pol\u00edtica de Responsabilidad Social Corporativa, la primera preocupaci\u00f3n de los directivos no es decidir a qu\u00e9 obra de beneficencia van a dar un donativo, ni la cuant\u00eda de \u00e9ste; sino asumir su responsabilidad para con la sociedad, siendo un foco de excelencia humana y de justicia. Este planteamiento, adem\u00e1s, es el que garantiza la obtenci\u00f3n de resultados econ\u00f3micos y, en consecuencia,\u00a0\u00a0la sostenibilidad de la empresa.<\/span><\/div>\n<div style=\"text-align: right;\"><span style=\"color: #000080;\">10.06.08<\/span><\/div>\n","protected":false},"excerpt":{"rendered":"<p>En un improbable debate con alguno de los numerosos representantes de la escuela econ\u00f3mica\u00a0retroprogre, imagino que mi interlocutor estar\u00eda dispuesto a aceptar la libre concurrencia de empresas en el mercado, pero con algunas condiciones. \u00c9stas var\u00edan seg\u00fan modas; \u00faltimamente las &hellip; <a href=\"https:\/\/www.ignaciovalduerteles.es\/blog\/articulos\/expansion\/a-vueltas-con-la-sostenibilidad-y-la-rsc\/\">Continuar<\/a><\/p>\n","protected":false},"author":1,"featured_media":0,"parent":21,"menu_order":2,"comment_status":"open","ping_status":"open","template":"sidebar-page.php","meta":{"kt_blocks_editor_width":""},"yoast_head":"<!-- This site is optimized with the Yoast SEO plugin v19.0 - https:\/\/yoast.com\/wordpress\/plugins\/seo\/ -->\n<title>A vueltas con la sostenibilidad y la RSC - Ignacio Valduerteles Bartos<\/title>\n<meta name=\"description\" content=\"Blog personal de Ignacio Valdu\u00e9rteles, Dr. en Administraci\u00f3n y Direcci\u00f3n de Empresas y miembro destacado en la hermandad la Soledad de San Lorenzo, en Sevilla\" \/>\n<meta name=\"robots\" content=\"index, follow, max-snippet:-1, max-image-preview:large, max-video-preview:-1\" \/>\n<link rel=\"canonical\" href=\"https:\/\/www.ignaciovalduerteles.es\/blog\/articulos\/expansion\/a-vueltas-con-la-sostenibilidad-y-la-rsc\/\" \/>\n<meta property=\"og:locale\" content=\"es_ES\" \/>\n<meta property=\"og:type\" content=\"article\" \/>\n<meta property=\"og:title\" content=\"A vueltas con la sostenibilidad y la RSC - Ignacio Valduerteles Bartos\" \/>\n<meta property=\"og:description\" content=\"Blog personal de Ignacio Valdu\u00e9rteles, Dr. en Administraci\u00f3n y Direcci\u00f3n de Empresas y miembro destacado en la hermandad la Soledad de San Lorenzo, en Sevilla\" \/>\n<meta property=\"og:url\" content=\"https:\/\/www.ignaciovalduerteles.es\/blog\/articulos\/expansion\/a-vueltas-con-la-sostenibilidad-y-la-rsc\/\" \/>\n<meta property=\"og:site_name\" content=\"Ignacio Valduerteles Bartos\" \/>\n<meta property=\"article:modified_time\" content=\"2011-07-31T20:54:47+00:00\" \/>\n<meta property=\"og:image\" content=\"https:\/\/www.ignaciovalduerteles.es\/blog\/wp-content\/uploads\/2022\/02\/banner1-1024x292.png\" \/>\n\t<meta property=\"og:image:width\" content=\"1024\" \/>\n\t<meta property=\"og:image:height\" content=\"292\" \/>\n\t<meta property=\"og:image:type\" content=\"image\/png\" \/>\n<meta name=\"twitter:card\" content=\"summary_large_image\" \/>\n<meta name=\"twitter:label1\" content=\"Tiempo de lectura\" \/>\n\t<meta name=\"twitter:data1\" content=\"3 minutos\" \/>\n<script type=\"application\/ld+json\" class=\"yoast-schema-graph\">{\"@context\":\"https:\/\/schema.org\",\"@graph\":[{\"@type\":[\"Person\",\"Organization\"],\"@id\":\"https:\/\/www.ignaciovalduerteles.es\/blog\/#\/schema\/person\/c4ab4ed77f14e0141ba3dcd9c6f501d5\",\"name\":\"Ignacio Valduerteles Bartos\",\"image\":{\"@type\":\"ImageObject\",\"inLanguage\":\"es\",\"@id\":\"https:\/\/www.ignaciovalduerteles.es\/blog\/#\/schema\/person\/image\/\",\"url\":\"https:\/\/www.ignaciovalduerteles.es\/blog\/wp-content\/uploads\/2022\/02\/cabecera-1024x390.png\",\"contentUrl\":\"https:\/\/www.ignaciovalduerteles.es\/blog\/wp-content\/uploads\/2022\/02\/cabecera-1024x390.png\",\"width\":1024,\"height\":390,\"caption\":\"Ignacio Valduerteles Bartos\"},\"logo\":{\"@id\":\"https:\/\/www.ignaciovalduerteles.es\/blog\/#\/schema\/person\/image\/\"},\"sameAs\":[\"http:\/\/www.ivb.es\"]},{\"@type\":\"WebSite\",\"@id\":\"https:\/\/www.ignaciovalduerteles.es\/blog\/#website\",\"url\":\"https:\/\/www.ignaciovalduerteles.es\/blog\/\",\"name\":\"Ignacio Valduerteles Bartos\",\"description\":\"Reflexiones y art\u00edculos del Ignacio Valdu\u00e9rteles\",\"publisher\":{\"@id\":\"https:\/\/www.ignaciovalduerteles.es\/blog\/#\/schema\/person\/c4ab4ed77f14e0141ba3dcd9c6f501d5\"},\"potentialAction\":[{\"@type\":\"SearchAction\",\"target\":{\"@type\":\"EntryPoint\",\"urlTemplate\":\"https:\/\/www.ignaciovalduerteles.es\/blog\/?s={search_term_string}\"},\"query-input\":\"required name=search_term_string\"}],\"inLanguage\":\"es\"},{\"@type\":\"WebPage\",\"@id\":\"https:\/\/www.ignaciovalduerteles.es\/blog\/articulos\/expansion\/a-vueltas-con-la-sostenibilidad-y-la-rsc\/#webpage\",\"url\":\"https:\/\/www.ignaciovalduerteles.es\/blog\/articulos\/expansion\/a-vueltas-con-la-sostenibilidad-y-la-rsc\/\",\"name\":\"A vueltas con la sostenibilidad y la RSC - Ignacio Valduerteles Bartos\",\"isPartOf\":{\"@id\":\"https:\/\/www.ignaciovalduerteles.es\/blog\/#website\"},\"datePublished\":\"2008-06-10T17:15:16+00:00\",\"dateModified\":\"2011-07-31T20:54:47+00:00\",\"description\":\"Blog personal de Ignacio Valdu\u00e9rteles, Dr. en Administraci\u00f3n y Direcci\u00f3n de Empresas y miembro destacado en la hermandad la Soledad de San Lorenzo, en Sevilla\",\"breadcrumb\":{\"@id\":\"https:\/\/www.ignaciovalduerteles.es\/blog\/articulos\/expansion\/a-vueltas-con-la-sostenibilidad-y-la-rsc\/#breadcrumb\"},\"inLanguage\":\"es\",\"potentialAction\":[{\"@type\":\"ReadAction\",\"target\":[\"https:\/\/www.ignaciovalduerteles.es\/blog\/articulos\/expansion\/a-vueltas-con-la-sostenibilidad-y-la-rsc\/\"]}]},{\"@type\":\"BreadcrumbList\",\"@id\":\"https:\/\/www.ignaciovalduerteles.es\/blog\/articulos\/expansion\/a-vueltas-con-la-sostenibilidad-y-la-rsc\/#breadcrumb\",\"itemListElement\":[{\"@type\":\"ListItem\",\"position\":1,\"name\":\"Portada\",\"item\":\"https:\/\/www.ignaciovalduerteles.es\/blog\/\"},{\"@type\":\"ListItem\",\"position\":2,\"name\":\"Art\u00edculos\",\"item\":\"https:\/\/www.ignaciovalduerteles.es\/blog\/articulos\/\"},{\"@type\":\"ListItem\",\"position\":3,\"name\":\"Expansi\u00f3n\",\"item\":\"https:\/\/www.ignaciovalduerteles.es\/blog\/articulos\/expansion\/\"},{\"@type\":\"ListItem\",\"position\":4,\"name\":\"A vueltas con la sostenibilidad y la RSC\"}]}]}<\/script>\n<!-- \/ Yoast SEO plugin. -->","yoast_head_json":{"title":"A vueltas con la sostenibilidad y la RSC - Ignacio Valduerteles Bartos","description":"Blog personal de Ignacio Valdu\u00e9rteles, Dr. en Administraci\u00f3n y Direcci\u00f3n de Empresas y miembro destacado en la hermandad la Soledad de San Lorenzo, en Sevilla","robots":{"index":"index","follow":"follow","max-snippet":"max-snippet:-1","max-image-preview":"max-image-preview:large","max-video-preview":"max-video-preview:-1"},"canonical":"https:\/\/www.ignaciovalduerteles.es\/blog\/articulos\/expansion\/a-vueltas-con-la-sostenibilidad-y-la-rsc\/","og_locale":"es_ES","og_type":"article","og_title":"A vueltas con la sostenibilidad y la RSC - Ignacio Valduerteles Bartos","og_description":"Blog personal de Ignacio Valdu\u00e9rteles, Dr. en Administraci\u00f3n y Direcci\u00f3n de Empresas y miembro destacado en la hermandad la Soledad de San Lorenzo, en Sevilla","og_url":"https:\/\/www.ignaciovalduerteles.es\/blog\/articulos\/expansion\/a-vueltas-con-la-sostenibilidad-y-la-rsc\/","og_site_name":"Ignacio Valduerteles Bartos","article_modified_time":"2011-07-31T20:54:47+00:00","og_image":[{"width":1024,"height":292,"url":"https:\/\/www.ignaciovalduerteles.es\/blog\/wp-content\/uploads\/2022\/02\/banner1-1024x292.png","type":"image\/png"}],"twitter_card":"summary_large_image","twitter_misc":{"Tiempo de lectura":"3 minutos"},"schema":{"@context":"https:\/\/schema.org","@graph":[{"@type":["Person","Organization"],"@id":"https:\/\/www.ignaciovalduerteles.es\/blog\/#\/schema\/person\/c4ab4ed77f14e0141ba3dcd9c6f501d5","name":"Ignacio Valduerteles Bartos","image":{"@type":"ImageObject","inLanguage":"es","@id":"https:\/\/www.ignaciovalduerteles.es\/blog\/#\/schema\/person\/image\/","url":"https:\/\/www.ignaciovalduerteles.es\/blog\/wp-content\/uploads\/2022\/02\/cabecera-1024x390.png","contentUrl":"https:\/\/www.ignaciovalduerteles.es\/blog\/wp-content\/uploads\/2022\/02\/cabecera-1024x390.png","width":1024,"height":390,"caption":"Ignacio Valduerteles Bartos"},"logo":{"@id":"https:\/\/www.ignaciovalduerteles.es\/blog\/#\/schema\/person\/image\/"},"sameAs":["http:\/\/www.ivb.es"]},{"@type":"WebSite","@id":"https:\/\/www.ignaciovalduerteles.es\/blog\/#website","url":"https:\/\/www.ignaciovalduerteles.es\/blog\/","name":"Ignacio Valduerteles Bartos","description":"Reflexiones y art\u00edculos del Ignacio Valdu\u00e9rteles","publisher":{"@id":"https:\/\/www.ignaciovalduerteles.es\/blog\/#\/schema\/person\/c4ab4ed77f14e0141ba3dcd9c6f501d5"},"potentialAction":[{"@type":"SearchAction","target":{"@type":"EntryPoint","urlTemplate":"https:\/\/www.ignaciovalduerteles.es\/blog\/?s={search_term_string}"},"query-input":"required name=search_term_string"}],"inLanguage":"es"},{"@type":"WebPage","@id":"https:\/\/www.ignaciovalduerteles.es\/blog\/articulos\/expansion\/a-vueltas-con-la-sostenibilidad-y-la-rsc\/#webpage","url":"https:\/\/www.ignaciovalduerteles.es\/blog\/articulos\/expansion\/a-vueltas-con-la-sostenibilidad-y-la-rsc\/","name":"A vueltas con la sostenibilidad y la RSC - Ignacio Valduerteles Bartos","isPartOf":{"@id":"https:\/\/www.ignaciovalduerteles.es\/blog\/#website"},"datePublished":"2008-06-10T17:15:16+00:00","dateModified":"2011-07-31T20:54:47+00:00","description":"Blog personal de Ignacio Valdu\u00e9rteles, Dr. en Administraci\u00f3n y Direcci\u00f3n de Empresas y miembro destacado en la hermandad la Soledad de San Lorenzo, en Sevilla","breadcrumb":{"@id":"https:\/\/www.ignaciovalduerteles.es\/blog\/articulos\/expansion\/a-vueltas-con-la-sostenibilidad-y-la-rsc\/#breadcrumb"},"inLanguage":"es","potentialAction":[{"@type":"ReadAction","target":["https:\/\/www.ignaciovalduerteles.es\/blog\/articulos\/expansion\/a-vueltas-con-la-sostenibilidad-y-la-rsc\/"]}]},{"@type":"BreadcrumbList","@id":"https:\/\/www.ignaciovalduerteles.es\/blog\/articulos\/expansion\/a-vueltas-con-la-sostenibilidad-y-la-rsc\/#breadcrumb","itemListElement":[{"@type":"ListItem","position":1,"name":"Portada","item":"https:\/\/www.ignaciovalduerteles.es\/blog\/"},{"@type":"ListItem","position":2,"name":"Art\u00edculos","item":"https:\/\/www.ignaciovalduerteles.es\/blog\/articulos\/"},{"@type":"ListItem","position":3,"name":"Expansi\u00f3n","item":"https:\/\/www.ignaciovalduerteles.es\/blog\/articulos\/expansion\/"},{"@type":"ListItem","position":4,"name":"A vueltas con la sostenibilidad y la RSC"}]}]}},"_links":{"self":[{"href":"https:\/\/www.ignaciovalduerteles.es\/blog\/wp-json\/wp\/v2\/pages\/295"}],"collection":[{"href":"https:\/\/www.ignaciovalduerteles.es\/blog\/wp-json\/wp\/v2\/pages"}],"about":[{"href":"https:\/\/www.ignaciovalduerteles.es\/blog\/wp-json\/wp\/v2\/types\/page"}],"author":[{"embeddable":true,"href":"https:\/\/www.ignaciovalduerteles.es\/blog\/wp-json\/wp\/v2\/users\/1"}],"replies":[{"embeddable":true,"href":"https:\/\/www.ignaciovalduerteles.es\/blog\/wp-json\/wp\/v2\/comments?post=295"}],"version-history":[{"count":3,"href":"https:\/\/www.ignaciovalduerteles.es\/blog\/wp-json\/wp\/v2\/pages\/295\/revisions"}],"predecessor-version":[{"id":726,"href":"https:\/\/www.ignaciovalduerteles.es\/blog\/wp-json\/wp\/v2\/pages\/295\/revisions\/726"}],"up":[{"embeddable":true,"href":"https:\/\/www.ignaciovalduerteles.es\/blog\/wp-json\/wp\/v2\/pages\/21"}],"wp:attachment":[{"href":"https:\/\/www.ignaciovalduerteles.es\/blog\/wp-json\/wp\/v2\/media?parent=295"}],"curies":[{"name":"wp","href":"https:\/\/api.w.org\/{rel}","templated":true}]}}