{"id":297,"date":"2008-04-08T17:16:35","date_gmt":"2008-04-08T17:16:35","guid":{"rendered":"http:\/\/www.guadaoliva.comlu.com\/blog\/?page_id=297"},"modified":"2011-07-31T22:55:47","modified_gmt":"2011-07-31T20:55:47","slug":"%c2%bfy-ahora-que","status":"publish","type":"page","link":"https:\/\/www.ignaciovalduerteles.es\/blog\/articulos\/expansion\/%c2%bfy-ahora-que\/","title":{"rendered":"\u00bfY ahora qu\u00e9?"},"content":{"rendered":"<div style=\"text-align: justify;\"><span style=\"color: #000080;\">\u00a0 \u00a0 \u00a0 \u00a0 \u00a0\u00a0\u00a0Pues resulta que s\u00ed, que hab\u00eda crisis, que no est\u00e1bamos en la \u201cchampion league\u201d\u00a0\u00a0de la econom\u00eda, y que lo peor a\u00fan est\u00e1 por llegar. El paro avanza mensualmente; las previsiones de crecimiento del Banco de Espa\u00f1a ya no apunta m\u00e1s all\u00e1 del 2,5%; la inflaci\u00f3n interanual est\u00e1 en\u00a0\u00a04,6 % -un punto por encima de la media europea-; los intereses no bajan; el super\u00e1vit presupuestario se agota y todos los dem\u00e1s indicadores de crisis econ\u00f3mica est\u00e1n encendidos.<\/span><\/div>\n<div style=\"text-align: justify;\"><span style=\"color: #000080;\">\u00a0\u00a0\u00a0\u00a0\u00a0\u00a0\u00a0\u00a0\u00a0\u00a0\u00a0\u00a0La construcci\u00f3n arrastr\u00f3 a las industrias auxiliares y \u00e9stas, en efecto domin\u00f3, han ido arrastrando a otras empresas.\u00a0\u00a0Las sociedades de garant\u00edas rec\u00edprocas y aseguradoras de riesgos comerciales han endurecido sus condiciones, limitando as\u00ed las operaciones comerciales, y la espiral estancamiento-inflaci\u00f3n ha comenzado a girar.<\/span><\/div>\n<div style=\"text-align: justify;\"><span style=\"color: #000080;\">\u00a0\u00a0\u00a0\u00a0\u00a0\u00a0\u00a0\u00a0\u00a0\u00a0\u00a0\u00a0Lo malo de todo esto es que\u00a0\u00a0lo que para los pol\u00edticos son tendencias y para los medios de comunicaci\u00f3n noticias y opiniones editoriales, para el peque\u00f1o y mediano empresario son problemas, que ponen en peligro la continuidad de su empresa y su patrimonio personal.<\/span><\/div>\n<div style=\"text-align: justify;\"><span style=\"color: #000080;\">\u00a0\u00a0\u00a0\u00a0\u00a0\u00a0\u00a0\u00a0\u00a0\u00a0\u00a0\u00a0Ahora es el momento de los buenos empresarios, de los que, adem\u00e1s de coraz\u00f3n y entusiasmo, tienen cabeza. Es el momento de tomar medidas para capear el temporal, como hacen los capitanes de barco cuando se aproxima la tormenta. Se trata de adoptar una serie de medidas y\u00a0\u00a0utilizar\u00a0\u00a0herramientas de gesti\u00f3n que, si siempre son necesarias, ahora con m\u00e1s motivo. Urge elaborar el presupuesto de tesorer\u00eda, para prever las posibles necesidades de financiaci\u00f3n con tiempo. Es el momento de recordar que los m\u00e1rgenes se obtienen no s\u00f3lo por aumento de precios, sino tambi\u00e9n por reducci\u00f3n de costes. Esto lleva a revisar la estructura de costes fijos y variables, tratando de pasar a variables el mayor porcentaje posible. Uno va al m\u00e9dico cuando se encuentra mal o en tiempos de epidemia, para prevenir; de igual modo, el empresario debe acudir a ayuda externa cualificada en tiempos de crisis. No es el momento de ahorrar en promoci\u00f3n, en consultor\u00eda, en I+D+i,\u00a0\u00a0o en formaci\u00f3n,\u00a0\u00a0casi me atrevo a decir que es el momento de apostar fuerte por estas herramientas.<\/span><\/div>\n<div style=\"text-align: justify;\"><span style=\"color: #000080;\">\u00a0\u00a0\u00a0\u00a0\u00a0\u00a0\u00a0\u00a0\u00a0\u00a0\u00a0\u00a0Posiblemente habr\u00e1 que ir a nuevos procesos de producci\u00f3n, a nuevos proveedores y ajustar la oferta. En ocasiones esto puede suponer tomar decisiones m\u00e1s dif\u00edciles de las habituales; pero es lo que hay. Mientras es posible las enfermedades se tratan con medicinas m\u00e1s o menos eficaces; pero, en caso de necesidad, hay que acudir a t\u00e9cnicas quir\u00fargicas y amputar si es necesario.<\/span><\/div>\n<div style=\"text-align: justify;\"><span style=\"color: #000080;\">En definitiva, cualquier cosa menos quedarse quieto vi\u00e9ndolas venir, para despu\u00e9s, si la cosa sale mal, pedir ayuda a la Administraci\u00f3n. No la va a dar y encima, si el empresario, agobiado y sin salida, decide echar el cierre, aparecer\u00e1 como el malo de la pel\u00edcula, que deja a sus empleados en la calle, exigi\u00e9ndosele un plus de sacrificio, hasta que agote todo su patrimonio.<\/span><\/div>\n<div style=\"text-align: justify;\"><span style=\"color: #000080;\">Como el bosque tras una tormenta. El viento arranca los \u00e1rboles m\u00e1s d\u00e9biles, los que ten\u00edan un tronco muy grueso, pero agujereado por dentro, o los que no ten\u00edan ra\u00edces. Los otros sufren, pero aguantan y luego \u2013la tormenta siempre pasa-\u00a0\u00a0est\u00e1n m\u00e1s fuertes y en un espacio m\u00e1s limpio y m\u00e1s claro.<\/span><\/div>\n<div style=\"text-align: justify;\"><span style=\"color: #000080;\">Es el momento de la sostenibilidad empresarial, tan de moda, que no consiste s\u00f3lo en utilizar papel reciclado, sino en establecer un modelo de gesti\u00f3n que haga que la empresa permanezca\u00a0\u00a0en el tiempo, ganando dinero,\u00a0\u00a0ofertando calidad, innovando y manteniendo satisfechos a clientes, proveedores, empleados, accionistas y a su entorno social.<\/span><\/div>\n<div style=\"text-align: justify;\"><span style=\"color: #000080;\">Ah!, y no diga: \u201dyo soy empresario, no me meto en pol\u00edtica, ni me interesa\u201d, porque no es cierto.\u00a0\u00a0Es importante generar estados de opini\u00f3n que refuercen la imagen del empresario y su papel en la sociedad como creador de riqueza. Debe estar presente en la sociedad civil, tratar de influir en las decisiones pol\u00edticas, crear espacios de libertad en los que la empresa, en general y la suya en particular, puedan desenvolverse. Sin complejos. Hay que crear riqueza, a pesar de los pol\u00edticos.<\/span><\/div>\n<div style=\"text-align: right;\"><span style=\"color: #000080;\">08.04.08<\/span><\/div>\n","protected":false},"excerpt":{"rendered":"<p>\u00a0 \u00a0 \u00a0 \u00a0 \u00a0\u00a0\u00a0Pues resulta que s\u00ed, que hab\u00eda crisis, que no est\u00e1bamos en la \u201cchampion league\u201d\u00a0\u00a0de la econom\u00eda, y que lo peor a\u00fan est\u00e1 por llegar. El paro avanza mensualmente; las previsiones de crecimiento del Banco de Espa\u00f1a &hellip; <a href=\"https:\/\/www.ignaciovalduerteles.es\/blog\/articulos\/expansion\/%c2%bfy-ahora-que\/\">Continuar<\/a><\/p>\n","protected":false},"author":1,"featured_media":0,"parent":21,"menu_order":2,"comment_status":"open","ping_status":"open","template":"sidebar-page.php","meta":{"kt_blocks_editor_width":""},"yoast_head":"<!-- This site is optimized with the Yoast SEO plugin v19.0 - https:\/\/yoast.com\/wordpress\/plugins\/seo\/ -->\n<title>\u00bfY ahora qu\u00e9? - Ignacio Valduerteles Bartos<\/title>\n<meta name=\"description\" content=\"Blog personal de Ignacio Valdu\u00e9rteles, Dr. en Administraci\u00f3n y Direcci\u00f3n de Empresas y miembro destacado en la hermandad la Soledad de San Lorenzo, en Sevilla\" \/>\n<meta name=\"robots\" content=\"index, follow, max-snippet:-1, max-image-preview:large, max-video-preview:-1\" \/>\n<link rel=\"canonical\" href=\"https:\/\/www.ignaciovalduerteles.es\/blog\/articulos\/expansion\/\u00bfy-ahora-que\/\" \/>\n<meta property=\"og:locale\" content=\"es_ES\" \/>\n<meta property=\"og:type\" content=\"article\" \/>\n<meta property=\"og:title\" content=\"\u00bfY ahora qu\u00e9? - Ignacio Valduerteles Bartos\" \/>\n<meta property=\"og:description\" content=\"Blog personal de Ignacio Valdu\u00e9rteles, Dr. en Administraci\u00f3n y Direcci\u00f3n de Empresas y miembro destacado en la hermandad la Soledad de San Lorenzo, en Sevilla\" \/>\n<meta property=\"og:url\" content=\"https:\/\/www.ignaciovalduerteles.es\/blog\/articulos\/expansion\/\u00bfy-ahora-que\/\" \/>\n<meta property=\"og:site_name\" content=\"Ignacio Valduerteles Bartos\" \/>\n<meta property=\"article:modified_time\" content=\"2011-07-31T20:55:47+00:00\" \/>\n<meta property=\"og:image\" content=\"https:\/\/www.ignaciovalduerteles.es\/blog\/wp-content\/uploads\/2022\/02\/banner1-1024x292.png\" \/>\n\t<meta property=\"og:image:width\" content=\"1024\" \/>\n\t<meta property=\"og:image:height\" content=\"292\" \/>\n\t<meta property=\"og:image:type\" content=\"image\/png\" \/>\n<meta name=\"twitter:card\" content=\"summary_large_image\" \/>\n<meta name=\"twitter:label1\" content=\"Tiempo de lectura\" \/>\n\t<meta name=\"twitter:data1\" content=\"4 minutos\" \/>\n<script type=\"application\/ld+json\" class=\"yoast-schema-graph\">{\"@context\":\"https:\/\/schema.org\",\"@graph\":[{\"@type\":[\"Person\",\"Organization\"],\"@id\":\"https:\/\/www.ignaciovalduerteles.es\/blog\/#\/schema\/person\/c4ab4ed77f14e0141ba3dcd9c6f501d5\",\"name\":\"Ignacio Valduerteles Bartos\",\"image\":{\"@type\":\"ImageObject\",\"inLanguage\":\"es\",\"@id\":\"https:\/\/www.ignaciovalduerteles.es\/blog\/#\/schema\/person\/image\/\",\"url\":\"https:\/\/www.ignaciovalduerteles.es\/blog\/wp-content\/uploads\/2022\/02\/cabecera-1024x390.png\",\"contentUrl\":\"https:\/\/www.ignaciovalduerteles.es\/blog\/wp-content\/uploads\/2022\/02\/cabecera-1024x390.png\",\"width\":1024,\"height\":390,\"caption\":\"Ignacio Valduerteles Bartos\"},\"logo\":{\"@id\":\"https:\/\/www.ignaciovalduerteles.es\/blog\/#\/schema\/person\/image\/\"},\"sameAs\":[\"http:\/\/www.ivb.es\"]},{\"@type\":\"WebSite\",\"@id\":\"https:\/\/www.ignaciovalduerteles.es\/blog\/#website\",\"url\":\"https:\/\/www.ignaciovalduerteles.es\/blog\/\",\"name\":\"Ignacio Valduerteles Bartos\",\"description\":\"Reflexiones y art\u00edculos del Ignacio Valdu\u00e9rteles\",\"publisher\":{\"@id\":\"https:\/\/www.ignaciovalduerteles.es\/blog\/#\/schema\/person\/c4ab4ed77f14e0141ba3dcd9c6f501d5\"},\"potentialAction\":[{\"@type\":\"SearchAction\",\"target\":{\"@type\":\"EntryPoint\",\"urlTemplate\":\"https:\/\/www.ignaciovalduerteles.es\/blog\/?s={search_term_string}\"},\"query-input\":\"required name=search_term_string\"}],\"inLanguage\":\"es\"},{\"@type\":\"WebPage\",\"@id\":\"https:\/\/www.ignaciovalduerteles.es\/blog\/articulos\/expansion\/%c2%bfy-ahora-que\/#webpage\",\"url\":\"https:\/\/www.ignaciovalduerteles.es\/blog\/articulos\/expansion\/%c2%bfy-ahora-que\/\",\"name\":\"\u00bfY ahora qu\u00e9? - Ignacio Valduerteles Bartos\",\"isPartOf\":{\"@id\":\"https:\/\/www.ignaciovalduerteles.es\/blog\/#website\"},\"datePublished\":\"2008-04-08T17:16:35+00:00\",\"dateModified\":\"2011-07-31T20:55:47+00:00\",\"description\":\"Blog personal de Ignacio Valdu\u00e9rteles, Dr. en Administraci\u00f3n y Direcci\u00f3n de Empresas y miembro destacado en la hermandad la Soledad de San Lorenzo, en Sevilla\",\"breadcrumb\":{\"@id\":\"https:\/\/www.ignaciovalduerteles.es\/blog\/articulos\/expansion\/%c2%bfy-ahora-que\/#breadcrumb\"},\"inLanguage\":\"es\",\"potentialAction\":[{\"@type\":\"ReadAction\",\"target\":[\"https:\/\/www.ignaciovalduerteles.es\/blog\/articulos\/expansion\/%c2%bfy-ahora-que\/\"]}]},{\"@type\":\"BreadcrumbList\",\"@id\":\"https:\/\/www.ignaciovalduerteles.es\/blog\/articulos\/expansion\/%c2%bfy-ahora-que\/#breadcrumb\",\"itemListElement\":[{\"@type\":\"ListItem\",\"position\":1,\"name\":\"Portada\",\"item\":\"https:\/\/www.ignaciovalduerteles.es\/blog\/\"},{\"@type\":\"ListItem\",\"position\":2,\"name\":\"Art\u00edculos\",\"item\":\"https:\/\/www.ignaciovalduerteles.es\/blog\/articulos\/\"},{\"@type\":\"ListItem\",\"position\":3,\"name\":\"Expansi\u00f3n\",\"item\":\"https:\/\/www.ignaciovalduerteles.es\/blog\/articulos\/expansion\/\"},{\"@type\":\"ListItem\",\"position\":4,\"name\":\"\u00bfY ahora qu\u00e9?\"}]}]}<\/script>\n<!-- \/ Yoast SEO plugin. -->","yoast_head_json":{"title":"\u00bfY ahora qu\u00e9? - Ignacio Valduerteles Bartos","description":"Blog personal de Ignacio Valdu\u00e9rteles, Dr. en Administraci\u00f3n y Direcci\u00f3n de Empresas y miembro destacado en la hermandad la Soledad de San Lorenzo, en Sevilla","robots":{"index":"index","follow":"follow","max-snippet":"max-snippet:-1","max-image-preview":"max-image-preview:large","max-video-preview":"max-video-preview:-1"},"canonical":"https:\/\/www.ignaciovalduerteles.es\/blog\/articulos\/expansion\/\u00bfy-ahora-que\/","og_locale":"es_ES","og_type":"article","og_title":"\u00bfY ahora qu\u00e9? - Ignacio Valduerteles Bartos","og_description":"Blog personal de Ignacio Valdu\u00e9rteles, Dr. en Administraci\u00f3n y Direcci\u00f3n de Empresas y miembro destacado en la hermandad la Soledad de San Lorenzo, en Sevilla","og_url":"https:\/\/www.ignaciovalduerteles.es\/blog\/articulos\/expansion\/\u00bfy-ahora-que\/","og_site_name":"Ignacio Valduerteles Bartos","article_modified_time":"2011-07-31T20:55:47+00:00","og_image":[{"width":1024,"height":292,"url":"https:\/\/www.ignaciovalduerteles.es\/blog\/wp-content\/uploads\/2022\/02\/banner1-1024x292.png","type":"image\/png"}],"twitter_card":"summary_large_image","twitter_misc":{"Tiempo de lectura":"4 minutos"},"schema":{"@context":"https:\/\/schema.org","@graph":[{"@type":["Person","Organization"],"@id":"https:\/\/www.ignaciovalduerteles.es\/blog\/#\/schema\/person\/c4ab4ed77f14e0141ba3dcd9c6f501d5","name":"Ignacio Valduerteles Bartos","image":{"@type":"ImageObject","inLanguage":"es","@id":"https:\/\/www.ignaciovalduerteles.es\/blog\/#\/schema\/person\/image\/","url":"https:\/\/www.ignaciovalduerteles.es\/blog\/wp-content\/uploads\/2022\/02\/cabecera-1024x390.png","contentUrl":"https:\/\/www.ignaciovalduerteles.es\/blog\/wp-content\/uploads\/2022\/02\/cabecera-1024x390.png","width":1024,"height":390,"caption":"Ignacio Valduerteles Bartos"},"logo":{"@id":"https:\/\/www.ignaciovalduerteles.es\/blog\/#\/schema\/person\/image\/"},"sameAs":["http:\/\/www.ivb.es"]},{"@type":"WebSite","@id":"https:\/\/www.ignaciovalduerteles.es\/blog\/#website","url":"https:\/\/www.ignaciovalduerteles.es\/blog\/","name":"Ignacio Valduerteles Bartos","description":"Reflexiones y art\u00edculos del Ignacio Valdu\u00e9rteles","publisher":{"@id":"https:\/\/www.ignaciovalduerteles.es\/blog\/#\/schema\/person\/c4ab4ed77f14e0141ba3dcd9c6f501d5"},"potentialAction":[{"@type":"SearchAction","target":{"@type":"EntryPoint","urlTemplate":"https:\/\/www.ignaciovalduerteles.es\/blog\/?s={search_term_string}"},"query-input":"required name=search_term_string"}],"inLanguage":"es"},{"@type":"WebPage","@id":"https:\/\/www.ignaciovalduerteles.es\/blog\/articulos\/expansion\/%c2%bfy-ahora-que\/#webpage","url":"https:\/\/www.ignaciovalduerteles.es\/blog\/articulos\/expansion\/%c2%bfy-ahora-que\/","name":"\u00bfY ahora qu\u00e9? - Ignacio Valduerteles Bartos","isPartOf":{"@id":"https:\/\/www.ignaciovalduerteles.es\/blog\/#website"},"datePublished":"2008-04-08T17:16:35+00:00","dateModified":"2011-07-31T20:55:47+00:00","description":"Blog personal de Ignacio Valdu\u00e9rteles, Dr. en Administraci\u00f3n y Direcci\u00f3n de Empresas y miembro destacado en la hermandad la Soledad de San Lorenzo, en Sevilla","breadcrumb":{"@id":"https:\/\/www.ignaciovalduerteles.es\/blog\/articulos\/expansion\/%c2%bfy-ahora-que\/#breadcrumb"},"inLanguage":"es","potentialAction":[{"@type":"ReadAction","target":["https:\/\/www.ignaciovalduerteles.es\/blog\/articulos\/expansion\/%c2%bfy-ahora-que\/"]}]},{"@type":"BreadcrumbList","@id":"https:\/\/www.ignaciovalduerteles.es\/blog\/articulos\/expansion\/%c2%bfy-ahora-que\/#breadcrumb","itemListElement":[{"@type":"ListItem","position":1,"name":"Portada","item":"https:\/\/www.ignaciovalduerteles.es\/blog\/"},{"@type":"ListItem","position":2,"name":"Art\u00edculos","item":"https:\/\/www.ignaciovalduerteles.es\/blog\/articulos\/"},{"@type":"ListItem","position":3,"name":"Expansi\u00f3n","item":"https:\/\/www.ignaciovalduerteles.es\/blog\/articulos\/expansion\/"},{"@type":"ListItem","position":4,"name":"\u00bfY ahora qu\u00e9?"}]}]}},"_links":{"self":[{"href":"https:\/\/www.ignaciovalduerteles.es\/blog\/wp-json\/wp\/v2\/pages\/297"}],"collection":[{"href":"https:\/\/www.ignaciovalduerteles.es\/blog\/wp-json\/wp\/v2\/pages"}],"about":[{"href":"https:\/\/www.ignaciovalduerteles.es\/blog\/wp-json\/wp\/v2\/types\/page"}],"author":[{"embeddable":true,"href":"https:\/\/www.ignaciovalduerteles.es\/blog\/wp-json\/wp\/v2\/users\/1"}],"replies":[{"embeddable":true,"href":"https:\/\/www.ignaciovalduerteles.es\/blog\/wp-json\/wp\/v2\/comments?post=297"}],"version-history":[{"count":4,"href":"https:\/\/www.ignaciovalduerteles.es\/blog\/wp-json\/wp\/v2\/pages\/297\/revisions"}],"predecessor-version":[{"id":727,"href":"https:\/\/www.ignaciovalduerteles.es\/blog\/wp-json\/wp\/v2\/pages\/297\/revisions\/727"}],"up":[{"embeddable":true,"href":"https:\/\/www.ignaciovalduerteles.es\/blog\/wp-json\/wp\/v2\/pages\/21"}],"wp:attachment":[{"href":"https:\/\/www.ignaciovalduerteles.es\/blog\/wp-json\/wp\/v2\/media?parent=297"}],"curies":[{"name":"wp","href":"https:\/\/api.w.org\/{rel}","templated":true}]}}