{"id":313,"date":"2008-02-12T16:29:45","date_gmt":"2008-02-12T16:29:45","guid":{"rendered":"http:\/\/www.guadaoliva.comlu.com\/blog\/?page_id=313"},"modified":"2011-07-31T22:57:23","modified_gmt":"2011-07-31T20:57:23","slug":"pymes-bien-organizadas","status":"publish","type":"page","link":"https:\/\/www.ignaciovalduerteles.es\/blog\/articulos\/expansion\/pymes-bien-organizadas\/","title":{"rendered":"PYMES bien organizadas"},"content":{"rendered":"<div style=\"text-align: justify;\"><span style=\"color: #000080;\">\u00a0 \u00a0 \u00a0 \u00a0 \u00a0 \u00a0\u00a0Ser\u00eda un ejercicio interesante visitar varias pymes y pedir al gerente que nos presente al Director del Departamento\u00a0\u00a0de Producci\u00f3n, al de Personal,\u00a0\u00a0al Director\u00a0\u00a0de Producci\u00f3n o al Director del Departamento Comercial.\u00a0\u00a0Casi seguro nos mirar\u00eda con cara rara y nos dir\u00eda que \u201cesta es una pyme\u201d, aqu\u00ed no tenemos presupuesto para tantos y departamentos y tantos cargos\u201d.<\/span><\/div>\n<div style=\"text-align: justify;\"><span style=\"color: #000080;\">\u00a0\u00a0\u00a0\u00a0\u00a0\u00a0\u00a0\u00a0\u00a0\u00a0\u00a0\u00a0Bueno, pues que nos diga qui\u00e9n asume esas funciones en la empresa, aunque no lo haga bajo la formalidad de un departamento identificado en el organigrama. Aqu\u00ed ya nos podemos encontrar con algunas respuestas m\u00e1s\u00a0\u00a0o menos\u00a0\u00a0positivas. Menos de las<\/span><\/div>\n<div style=\"text-align: right;\"><span style=\"color: #000080;\">12.02.2008<\/span><\/div>\n","protected":false},"excerpt":{"rendered":"<p>\u00a0 \u00a0 \u00a0 \u00a0 \u00a0 \u00a0\u00a0Ser\u00eda un ejercicio interesante visitar varias pymes y pedir al gerente que nos presente al Director del Departamento\u00a0\u00a0de Producci\u00f3n, al de Personal,\u00a0\u00a0al Director\u00a0\u00a0de Producci\u00f3n o al Director del Departamento Comercial.\u00a0\u00a0Casi seguro nos mirar\u00eda con cara &hellip; <a href=\"https:\/\/www.ignaciovalduerteles.es\/blog\/articulos\/expansion\/pymes-bien-organizadas\/\">Continuar<\/a><\/p>\n","protected":false},"author":1,"featured_media":0,"parent":21,"menu_order":2,"comment_status":"open","ping_status":"open","template":"sidebar-page.php","meta":{"kt_blocks_editor_width":""},"yoast_head":"<!-- This site is optimized with the Yoast SEO plugin v19.0 - https:\/\/yoast.com\/wordpress\/plugins\/seo\/ -->\n<title>PYMES bien organizadas - Ignacio Valduerteles Bartos<\/title>\n<meta name=\"description\" content=\"Blog personal de Ignacio Valdu\u00e9rteles, Dr. en Administraci\u00f3n y Direcci\u00f3n de Empresas y miembro destacado en la hermandad la Soledad de San Lorenzo, en Sevilla\" \/>\n<meta name=\"robots\" content=\"index, follow, max-snippet:-1, max-image-preview:large, max-video-preview:-1\" \/>\n<link rel=\"canonical\" href=\"https:\/\/www.ignaciovalduerteles.es\/blog\/articulos\/expansion\/pymes-bien-organizadas\/\" \/>\n<meta property=\"og:locale\" content=\"es_ES\" \/>\n<meta property=\"og:type\" content=\"article\" \/>\n<meta property=\"og:title\" content=\"PYMES bien organizadas - Ignacio Valduerteles Bartos\" \/>\n<meta property=\"og:description\" content=\"Blog personal de Ignacio Valdu\u00e9rteles, Dr. en Administraci\u00f3n y Direcci\u00f3n de Empresas y miembro destacado en la hermandad la Soledad de San Lorenzo, en Sevilla\" \/>\n<meta property=\"og:url\" content=\"https:\/\/www.ignaciovalduerteles.es\/blog\/articulos\/expansion\/pymes-bien-organizadas\/\" \/>\n<meta property=\"og:site_name\" content=\"Ignacio Valduerteles Bartos\" \/>\n<meta property=\"article:modified_time\" content=\"2011-07-31T20:57:23+00:00\" \/>\n<meta property=\"og:image\" content=\"https:\/\/www.ignaciovalduerteles.es\/blog\/wp-content\/uploads\/2022\/02\/banner1-1024x292.png\" \/>\n\t<meta property=\"og:image:width\" content=\"1024\" \/>\n\t<meta property=\"og:image:height\" content=\"292\" \/>\n\t<meta property=\"og:image:type\" content=\"image\/png\" \/>\n<meta name=\"twitter:card\" content=\"summary_large_image\" \/>\n<meta name=\"twitter:label1\" content=\"Tiempo de lectura\" \/>\n\t<meta name=\"twitter:data1\" content=\"1 minuto\" \/>\n<script type=\"application\/ld+json\" class=\"yoast-schema-graph\">{\"@context\":\"https:\/\/schema.org\",\"@graph\":[{\"@type\":[\"Person\",\"Organization\"],\"@id\":\"https:\/\/www.ignaciovalduerteles.es\/blog\/#\/schema\/person\/c4ab4ed77f14e0141ba3dcd9c6f501d5\",\"name\":\"Ignacio Valduerteles Bartos\",\"image\":{\"@type\":\"ImageObject\",\"inLanguage\":\"es\",\"@id\":\"https:\/\/www.ignaciovalduerteles.es\/blog\/#\/schema\/person\/image\/\",\"url\":\"https:\/\/www.ignaciovalduerteles.es\/blog\/wp-content\/uploads\/2022\/02\/cabecera-1024x390.png\",\"contentUrl\":\"https:\/\/www.ignaciovalduerteles.es\/blog\/wp-content\/uploads\/2022\/02\/cabecera-1024x390.png\",\"width\":1024,\"height\":390,\"caption\":\"Ignacio Valduerteles Bartos\"},\"logo\":{\"@id\":\"https:\/\/www.ignaciovalduerteles.es\/blog\/#\/schema\/person\/image\/\"},\"sameAs\":[\"http:\/\/www.ivb.es\"]},{\"@type\":\"WebSite\",\"@id\":\"https:\/\/www.ignaciovalduerteles.es\/blog\/#website\",\"url\":\"https:\/\/www.ignaciovalduerteles.es\/blog\/\",\"name\":\"Ignacio Valduerteles Bartos\",\"description\":\"Reflexiones y art\u00edculos del Ignacio Valdu\u00e9rteles\",\"publisher\":{\"@id\":\"https:\/\/www.ignaciovalduerteles.es\/blog\/#\/schema\/person\/c4ab4ed77f14e0141ba3dcd9c6f501d5\"},\"potentialAction\":[{\"@type\":\"SearchAction\",\"target\":{\"@type\":\"EntryPoint\",\"urlTemplate\":\"https:\/\/www.ignaciovalduerteles.es\/blog\/?s={search_term_string}\"},\"query-input\":\"required name=search_term_string\"}],\"inLanguage\":\"es\"},{\"@type\":\"WebPage\",\"@id\":\"https:\/\/www.ignaciovalduerteles.es\/blog\/articulos\/expansion\/pymes-bien-organizadas\/#webpage\",\"url\":\"https:\/\/www.ignaciovalduerteles.es\/blog\/articulos\/expansion\/pymes-bien-organizadas\/\",\"name\":\"PYMES bien organizadas - Ignacio Valduerteles Bartos\",\"isPartOf\":{\"@id\":\"https:\/\/www.ignaciovalduerteles.es\/blog\/#website\"},\"datePublished\":\"2008-02-12T16:29:45+00:00\",\"dateModified\":\"2011-07-31T20:57:23+00:00\",\"description\":\"Blog personal de Ignacio Valdu\u00e9rteles, Dr. en Administraci\u00f3n y Direcci\u00f3n de Empresas y miembro destacado en la hermandad la Soledad de San Lorenzo, en Sevilla\",\"breadcrumb\":{\"@id\":\"https:\/\/www.ignaciovalduerteles.es\/blog\/articulos\/expansion\/pymes-bien-organizadas\/#breadcrumb\"},\"inLanguage\":\"es\",\"potentialAction\":[{\"@type\":\"ReadAction\",\"target\":[\"https:\/\/www.ignaciovalduerteles.es\/blog\/articulos\/expansion\/pymes-bien-organizadas\/\"]}]},{\"@type\":\"BreadcrumbList\",\"@id\":\"https:\/\/www.ignaciovalduerteles.es\/blog\/articulos\/expansion\/pymes-bien-organizadas\/#breadcrumb\",\"itemListElement\":[{\"@type\":\"ListItem\",\"position\":1,\"name\":\"Portada\",\"item\":\"https:\/\/www.ignaciovalduerteles.es\/blog\/\"},{\"@type\":\"ListItem\",\"position\":2,\"name\":\"Art\u00edculos\",\"item\":\"https:\/\/www.ignaciovalduerteles.es\/blog\/articulos\/\"},{\"@type\":\"ListItem\",\"position\":3,\"name\":\"Expansi\u00f3n\",\"item\":\"https:\/\/www.ignaciovalduerteles.es\/blog\/articulos\/expansion\/\"},{\"@type\":\"ListItem\",\"position\":4,\"name\":\"PYMES bien organizadas\"}]}]}<\/script>\n<!-- \/ Yoast SEO plugin. -->","yoast_head_json":{"title":"PYMES bien organizadas - Ignacio Valduerteles Bartos","description":"Blog personal de Ignacio Valdu\u00e9rteles, Dr. en Administraci\u00f3n y Direcci\u00f3n de Empresas y miembro destacado en la hermandad la Soledad de San Lorenzo, en Sevilla","robots":{"index":"index","follow":"follow","max-snippet":"max-snippet:-1","max-image-preview":"max-image-preview:large","max-video-preview":"max-video-preview:-1"},"canonical":"https:\/\/www.ignaciovalduerteles.es\/blog\/articulos\/expansion\/pymes-bien-organizadas\/","og_locale":"es_ES","og_type":"article","og_title":"PYMES bien organizadas - Ignacio Valduerteles Bartos","og_description":"Blog personal de Ignacio Valdu\u00e9rteles, Dr. en Administraci\u00f3n y Direcci\u00f3n de Empresas y miembro destacado en la hermandad la Soledad de San Lorenzo, en Sevilla","og_url":"https:\/\/www.ignaciovalduerteles.es\/blog\/articulos\/expansion\/pymes-bien-organizadas\/","og_site_name":"Ignacio Valduerteles Bartos","article_modified_time":"2011-07-31T20:57:23+00:00","og_image":[{"width":1024,"height":292,"url":"https:\/\/www.ignaciovalduerteles.es\/blog\/wp-content\/uploads\/2022\/02\/banner1-1024x292.png","type":"image\/png"}],"twitter_card":"summary_large_image","twitter_misc":{"Tiempo de lectura":"1 minuto"},"schema":{"@context":"https:\/\/schema.org","@graph":[{"@type":["Person","Organization"],"@id":"https:\/\/www.ignaciovalduerteles.es\/blog\/#\/schema\/person\/c4ab4ed77f14e0141ba3dcd9c6f501d5","name":"Ignacio Valduerteles Bartos","image":{"@type":"ImageObject","inLanguage":"es","@id":"https:\/\/www.ignaciovalduerteles.es\/blog\/#\/schema\/person\/image\/","url":"https:\/\/www.ignaciovalduerteles.es\/blog\/wp-content\/uploads\/2022\/02\/cabecera-1024x390.png","contentUrl":"https:\/\/www.ignaciovalduerteles.es\/blog\/wp-content\/uploads\/2022\/02\/cabecera-1024x390.png","width":1024,"height":390,"caption":"Ignacio Valduerteles Bartos"},"logo":{"@id":"https:\/\/www.ignaciovalduerteles.es\/blog\/#\/schema\/person\/image\/"},"sameAs":["http:\/\/www.ivb.es"]},{"@type":"WebSite","@id":"https:\/\/www.ignaciovalduerteles.es\/blog\/#website","url":"https:\/\/www.ignaciovalduerteles.es\/blog\/","name":"Ignacio Valduerteles Bartos","description":"Reflexiones y art\u00edculos del Ignacio Valdu\u00e9rteles","publisher":{"@id":"https:\/\/www.ignaciovalduerteles.es\/blog\/#\/schema\/person\/c4ab4ed77f14e0141ba3dcd9c6f501d5"},"potentialAction":[{"@type":"SearchAction","target":{"@type":"EntryPoint","urlTemplate":"https:\/\/www.ignaciovalduerteles.es\/blog\/?s={search_term_string}"},"query-input":"required name=search_term_string"}],"inLanguage":"es"},{"@type":"WebPage","@id":"https:\/\/www.ignaciovalduerteles.es\/blog\/articulos\/expansion\/pymes-bien-organizadas\/#webpage","url":"https:\/\/www.ignaciovalduerteles.es\/blog\/articulos\/expansion\/pymes-bien-organizadas\/","name":"PYMES bien organizadas - Ignacio Valduerteles Bartos","isPartOf":{"@id":"https:\/\/www.ignaciovalduerteles.es\/blog\/#website"},"datePublished":"2008-02-12T16:29:45+00:00","dateModified":"2011-07-31T20:57:23+00:00","description":"Blog personal de Ignacio Valdu\u00e9rteles, Dr. en Administraci\u00f3n y Direcci\u00f3n de Empresas y miembro destacado en la hermandad la Soledad de San Lorenzo, en Sevilla","breadcrumb":{"@id":"https:\/\/www.ignaciovalduerteles.es\/blog\/articulos\/expansion\/pymes-bien-organizadas\/#breadcrumb"},"inLanguage":"es","potentialAction":[{"@type":"ReadAction","target":["https:\/\/www.ignaciovalduerteles.es\/blog\/articulos\/expansion\/pymes-bien-organizadas\/"]}]},{"@type":"BreadcrumbList","@id":"https:\/\/www.ignaciovalduerteles.es\/blog\/articulos\/expansion\/pymes-bien-organizadas\/#breadcrumb","itemListElement":[{"@type":"ListItem","position":1,"name":"Portada","item":"https:\/\/www.ignaciovalduerteles.es\/blog\/"},{"@type":"ListItem","position":2,"name":"Art\u00edculos","item":"https:\/\/www.ignaciovalduerteles.es\/blog\/articulos\/"},{"@type":"ListItem","position":3,"name":"Expansi\u00f3n","item":"https:\/\/www.ignaciovalduerteles.es\/blog\/articulos\/expansion\/"},{"@type":"ListItem","position":4,"name":"PYMES bien organizadas"}]}]}},"_links":{"self":[{"href":"https:\/\/www.ignaciovalduerteles.es\/blog\/wp-json\/wp\/v2\/pages\/313"}],"collection":[{"href":"https:\/\/www.ignaciovalduerteles.es\/blog\/wp-json\/wp\/v2\/pages"}],"about":[{"href":"https:\/\/www.ignaciovalduerteles.es\/blog\/wp-json\/wp\/v2\/types\/page"}],"author":[{"embeddable":true,"href":"https:\/\/www.ignaciovalduerteles.es\/blog\/wp-json\/wp\/v2\/users\/1"}],"replies":[{"embeddable":true,"href":"https:\/\/www.ignaciovalduerteles.es\/blog\/wp-json\/wp\/v2\/comments?post=313"}],"version-history":[{"count":5,"href":"https:\/\/www.ignaciovalduerteles.es\/blog\/wp-json\/wp\/v2\/pages\/313\/revisions"}],"predecessor-version":[{"id":729,"href":"https:\/\/www.ignaciovalduerteles.es\/blog\/wp-json\/wp\/v2\/pages\/313\/revisions\/729"}],"up":[{"embeddable":true,"href":"https:\/\/www.ignaciovalduerteles.es\/blog\/wp-json\/wp\/v2\/pages\/21"}],"wp:attachment":[{"href":"https:\/\/www.ignaciovalduerteles.es\/blog\/wp-json\/wp\/v2\/media?parent=313"}],"curies":[{"name":"wp","href":"https:\/\/api.w.org\/{rel}","templated":true}]}}