{"id":317,"date":"2011-07-18T16:39:22","date_gmt":"2011-07-18T16:39:22","guid":{"rendered":"http:\/\/www.guadaoliva.comlu.com\/blog\/?page_id=317"},"modified":"2011-07-31T22:57:54","modified_gmt":"2011-07-31T20:57:54","slug":"317-2","status":"publish","type":"page","link":"https:\/\/www.ignaciovalduerteles.es\/blog\/articulos\/expansion\/317-2\/","title":{"rendered":"Santo Tom\u00e1s en Low Cost"},"content":{"rendered":"<div style=\"text-align: justify;\" align=\"center\"><span style=\"color: #000080;\">\u00a0 \u00a0 \u00a0 \u00a0 \u00a0 \u00a0\u00a0Las pel\u00edculas estadounidenses siguen teniendo un peso importante en las cuotas de pantalla. Reflejan, de forma m\u00e1s o menos expl\u00edcita, la cultura de los Estados Unidos, sus planteamientos ante la familia, la educaci\u00f3n, sus debilidades y sus aspiraciones. En ocasiones ese reflejo puede estar distorsionado, pero\u00a0\u00a0dan una visi\u00f3n de conjunto bastante ajustada a la realidad.<\/span><\/div>\n<div style=\"text-align: justify;\"><span style=\"color: #000080;\">\u00bfQu\u00e9 modelo de empresa proponen? Suelen ser grandes corporaciones, con directivos agresivos, muy centrados en los resultados, incluso por encima de las personas, informales, \u00e1giles, innovadores, con gran capacidad para asumir riesgos y encajar fracasos. Casi nada importa, excepto el \u00e9xito.<\/span><\/div>\n<div style=\"text-align: justify;\"><span style=\"color: #000080;\">Detr\u00e1s de esa imagen hay algo cierto, un sustrato cultural con una\u00a0propuesta de\u00a0\u00a0empresa te\u00f1ida de la \u00e9tica protestante del trabajo, algo que resumi\u00f3 muy bien Max Weber en su ensayo sobre \u201cLa \u00e9tica protestante y el esp\u00edritu del capitalismo\u201d: es importante buscar el \u00e9xito, la ganancia y la riqueza, concebidos como signo y medida de la elecci\u00f3n y de la propia salvaci\u00f3n.<\/span><\/div>\n<div style=\"text-align: justify;\"><span style=\"color: #000080;\">\u00bfY en Europa, existe tambi\u00e9n un modelo de empresa definido?\u00a0\u00a0Quiz\u00e1 la pregunta no sea \u00e9sa, m\u00e1s bien habr\u00eda que preguntarse si hay un modelo cultural europeo que tenga su reflejo en el mundo de la empresa.<\/span><\/div>\n<div style=\"text-align: justify;\"><span style=\"color: #000080;\">Europa no es un espacio geogr\u00e1fico, sino cultural. El fiasco del intento de imponer una extra\u00f1a \u201cConstituci\u00f3n Europea\u201d, o las discusiones sobre la incorporaci\u00f3n de Turqu\u00eda a la UE, son algunas manifestaciones externas de este hecho. Las se\u00f1as de identidad sobre las que se construye Europa son la filosof\u00eda griega,\u00a0\u00a0a la que se a\u00f1ade el sentido de organizaci\u00f3n de los romanos, que la dota de eficacia pr\u00e1ctica,\u00a0\u00a0y que es llevada a su plenitud por el cristianismo. Es en torno al siglo XIII cuando Santo Tom\u00e1s de\u00a0\u00a0Aquino, europe\u00edsta convencido, culmina esa s\u00edntesis entre la filosof\u00eda griega y el cristianismo y cuando las Universidades europeas, los monasterios y el trasvase de estudiantes y peregrinos a lo largo y ancho de Europa van conformando una cultura com\u00fan.<\/span><\/div>\n<div style=\"text-align: justify;\"><span style=\"color: #000080;\">Distintas circunstancias hist\u00f3ricas han ido difuminando el concepto de Europa. La \u00faltima es la que podemos denominar\u00a0\u00a0el \u201cmarxismo cultural\u201d. Agotado el discurso econ\u00f3mico del socialismo, por el desarrollo social y econ\u00f3mico y la ca\u00edda de los sistemas comunistas, resurge un marxismo heterodoxo en el que el capitalismo perverso de la clase dominante, se sustituye por el fundamentalismo religioso, la homofobia y ese caj\u00f3n de sastre que es el fascismo. Todos esos \u201cmales\u201d se resumen en uno: acabar con la vieja cultura europea.<\/span><\/div>\n<div style=\"text-align: justify;\"><span style=\"color: #000080;\">Pero la herencia cultural europea no pertenece al pasado: es un proyecto para el futuro. Poco a poco se van dando pasos en este sentido: la unificaci\u00f3n del marco jur\u00eddico-fiscal, la libre circulaci\u00f3n de trabajadores, las sugerencias de Lisboa sobre la Carta Magna europea, la moneda \u00fanica y las reformas contables, las becas Erasmus, son peque\u00f1os avances que van construyendo futuro.<\/span><\/div>\n<div style=\"text-align: justify;\"><span style=\"color: #000080;\">Curiosamente, uno de los factores que m\u00e1s est\u00e1 contribuyendo a la unidad europea -tambi\u00e9n a la unidad cultural- son las l\u00edneas a\u00e9reas de bajo coste. Cada fin de semana son muchos los j\u00f3venes, y no tan j\u00f3venes, europeos que se mueven por Europa como por el patio de su casa. Visitando amigos (otra consecuencia de las becas Erasmus), o simplemente conociendo otros pa\u00edses. Cuando, dentro de unos a\u00f1os, se escriba la historia de la reconstrucci\u00f3n de Europa, junto con la obligada referencia a\u00a0\u00a0Robert Schuman y a Juan Pablo II, habr\u00e1 que dedicar un cap\u00edtulo especial a Santo Tom\u00e1s de Aquino y otro a las \u201clow cost\u201d, por su aportaci\u00f3n fundamental, en los siglos XIII y XXI, al resurgir de Europa.<\/span><\/div>\n<div style=\"text-align: justify;\"><span style=\"color: #000080;\">Los mimbres para tejer el cesto del modelo empresarial europeo est\u00e1n definidos: la empresa como \u00e1mbito de desarrollo personal; la responsabilidad social de la empresa; la profundizaci\u00f3n en el concepto y fines de la familia, para una adecuada armonizaci\u00f3n familia-trabajo.<\/span><\/div>\n<div style=\"text-align: justify;\"><span style=\"color: #000080;\">Existe un modelo empresarial europeo que contraponer a las caricaturas de las pel\u00edculas americanas; pero hay que elaborarlo cada d\u00eda y hacerlo rentable.<\/span><\/div>\n<p style=\"text-align: right;\"><span style=\"color: #000080;\">08.01.08<\/span><\/p>\n","protected":false},"excerpt":{"rendered":"<p>\u00a0 \u00a0 \u00a0 \u00a0 \u00a0 \u00a0\u00a0Las pel\u00edculas estadounidenses siguen teniendo un peso importante en las cuotas de pantalla. Reflejan, de forma m\u00e1s o menos expl\u00edcita, la cultura de los Estados Unidos, sus planteamientos ante la familia, la educaci\u00f3n, sus debilidades &hellip; <a href=\"https:\/\/www.ignaciovalduerteles.es\/blog\/articulos\/expansion\/317-2\/\">Continuar<\/a><\/p>\n","protected":false},"author":1,"featured_media":0,"parent":21,"menu_order":2,"comment_status":"open","ping_status":"open","template":"sidebar-page.php","meta":{"kt_blocks_editor_width":""},"yoast_head":"<!-- This site is optimized with the Yoast SEO plugin v19.0 - https:\/\/yoast.com\/wordpress\/plugins\/seo\/ -->\n<title>Santo Tom\u00e1s en Low Cost - Ignacio Valduerteles Bartos<\/title>\n<meta name=\"description\" content=\"Blog personal de Ignacio Valdu\u00e9rteles, Dr. en Administraci\u00f3n y Direcci\u00f3n de Empresas y miembro destacado en la hermandad la Soledad de San Lorenzo, en Sevilla\" \/>\n<meta name=\"robots\" content=\"index, follow, max-snippet:-1, max-image-preview:large, max-video-preview:-1\" \/>\n<link rel=\"canonical\" href=\"https:\/\/www.ignaciovalduerteles.es\/blog\/articulos\/expansion\/317-2\/\" \/>\n<meta property=\"og:locale\" content=\"es_ES\" \/>\n<meta property=\"og:type\" content=\"article\" \/>\n<meta property=\"og:title\" content=\"Santo Tom\u00e1s en Low Cost - Ignacio Valduerteles Bartos\" \/>\n<meta property=\"og:description\" content=\"Blog personal de Ignacio Valdu\u00e9rteles, Dr. en Administraci\u00f3n y Direcci\u00f3n de Empresas y miembro destacado en la hermandad la Soledad de San Lorenzo, en Sevilla\" \/>\n<meta property=\"og:url\" content=\"https:\/\/www.ignaciovalduerteles.es\/blog\/articulos\/expansion\/317-2\/\" \/>\n<meta property=\"og:site_name\" content=\"Ignacio Valduerteles Bartos\" \/>\n<meta property=\"article:modified_time\" content=\"2011-07-31T20:57:54+00:00\" \/>\n<meta property=\"og:image\" content=\"https:\/\/www.ignaciovalduerteles.es\/blog\/wp-content\/uploads\/2022\/02\/banner1-1024x292.png\" \/>\n\t<meta property=\"og:image:width\" content=\"1024\" \/>\n\t<meta property=\"og:image:height\" content=\"292\" \/>\n\t<meta property=\"og:image:type\" content=\"image\/png\" \/>\n<meta name=\"twitter:card\" content=\"summary_large_image\" \/>\n<meta name=\"twitter:label1\" content=\"Tiempo de lectura\" \/>\n\t<meta name=\"twitter:data1\" content=\"4 minutos\" \/>\n<script type=\"application\/ld+json\" class=\"yoast-schema-graph\">{\"@context\":\"https:\/\/schema.org\",\"@graph\":[{\"@type\":[\"Person\",\"Organization\"],\"@id\":\"https:\/\/www.ignaciovalduerteles.es\/blog\/#\/schema\/person\/c4ab4ed77f14e0141ba3dcd9c6f501d5\",\"name\":\"Ignacio Valduerteles Bartos\",\"image\":{\"@type\":\"ImageObject\",\"inLanguage\":\"es\",\"@id\":\"https:\/\/www.ignaciovalduerteles.es\/blog\/#\/schema\/person\/image\/\",\"url\":\"https:\/\/www.ignaciovalduerteles.es\/blog\/wp-content\/uploads\/2022\/02\/cabecera-1024x390.png\",\"contentUrl\":\"https:\/\/www.ignaciovalduerteles.es\/blog\/wp-content\/uploads\/2022\/02\/cabecera-1024x390.png\",\"width\":1024,\"height\":390,\"caption\":\"Ignacio Valduerteles Bartos\"},\"logo\":{\"@id\":\"https:\/\/www.ignaciovalduerteles.es\/blog\/#\/schema\/person\/image\/\"},\"sameAs\":[\"http:\/\/www.ivb.es\"]},{\"@type\":\"WebSite\",\"@id\":\"https:\/\/www.ignaciovalduerteles.es\/blog\/#website\",\"url\":\"https:\/\/www.ignaciovalduerteles.es\/blog\/\",\"name\":\"Ignacio Valduerteles Bartos\",\"description\":\"Reflexiones y art\u00edculos del Ignacio Valdu\u00e9rteles\",\"publisher\":{\"@id\":\"https:\/\/www.ignaciovalduerteles.es\/blog\/#\/schema\/person\/c4ab4ed77f14e0141ba3dcd9c6f501d5\"},\"potentialAction\":[{\"@type\":\"SearchAction\",\"target\":{\"@type\":\"EntryPoint\",\"urlTemplate\":\"https:\/\/www.ignaciovalduerteles.es\/blog\/?s={search_term_string}\"},\"query-input\":\"required name=search_term_string\"}],\"inLanguage\":\"es\"},{\"@type\":\"WebPage\",\"@id\":\"https:\/\/www.ignaciovalduerteles.es\/blog\/articulos\/expansion\/317-2\/#webpage\",\"url\":\"https:\/\/www.ignaciovalduerteles.es\/blog\/articulos\/expansion\/317-2\/\",\"name\":\"Santo Tom\u00e1s en Low Cost - Ignacio Valduerteles Bartos\",\"isPartOf\":{\"@id\":\"https:\/\/www.ignaciovalduerteles.es\/blog\/#website\"},\"datePublished\":\"2011-07-18T16:39:22+00:00\",\"dateModified\":\"2011-07-31T20:57:54+00:00\",\"description\":\"Blog personal de Ignacio Valdu\u00e9rteles, Dr. en Administraci\u00f3n y Direcci\u00f3n de Empresas y miembro destacado en la hermandad la Soledad de San Lorenzo, en Sevilla\",\"breadcrumb\":{\"@id\":\"https:\/\/www.ignaciovalduerteles.es\/blog\/articulos\/expansion\/317-2\/#breadcrumb\"},\"inLanguage\":\"es\",\"potentialAction\":[{\"@type\":\"ReadAction\",\"target\":[\"https:\/\/www.ignaciovalduerteles.es\/blog\/articulos\/expansion\/317-2\/\"]}]},{\"@type\":\"BreadcrumbList\",\"@id\":\"https:\/\/www.ignaciovalduerteles.es\/blog\/articulos\/expansion\/317-2\/#breadcrumb\",\"itemListElement\":[{\"@type\":\"ListItem\",\"position\":1,\"name\":\"Portada\",\"item\":\"https:\/\/www.ignaciovalduerteles.es\/blog\/\"},{\"@type\":\"ListItem\",\"position\":2,\"name\":\"Art\u00edculos\",\"item\":\"https:\/\/www.ignaciovalduerteles.es\/blog\/articulos\/\"},{\"@type\":\"ListItem\",\"position\":3,\"name\":\"Expansi\u00f3n\",\"item\":\"https:\/\/www.ignaciovalduerteles.es\/blog\/articulos\/expansion\/\"},{\"@type\":\"ListItem\",\"position\":4,\"name\":\"Santo Tom\u00e1s en Low Cost\"}]}]}<\/script>\n<!-- \/ Yoast SEO plugin. -->","yoast_head_json":{"title":"Santo Tom\u00e1s en Low Cost - Ignacio Valduerteles Bartos","description":"Blog personal de Ignacio Valdu\u00e9rteles, Dr. en Administraci\u00f3n y Direcci\u00f3n de Empresas y miembro destacado en la hermandad la Soledad de San Lorenzo, en Sevilla","robots":{"index":"index","follow":"follow","max-snippet":"max-snippet:-1","max-image-preview":"max-image-preview:large","max-video-preview":"max-video-preview:-1"},"canonical":"https:\/\/www.ignaciovalduerteles.es\/blog\/articulos\/expansion\/317-2\/","og_locale":"es_ES","og_type":"article","og_title":"Santo Tom\u00e1s en Low Cost - Ignacio Valduerteles Bartos","og_description":"Blog personal de Ignacio Valdu\u00e9rteles, Dr. en Administraci\u00f3n y Direcci\u00f3n de Empresas y miembro destacado en la hermandad la Soledad de San Lorenzo, en Sevilla","og_url":"https:\/\/www.ignaciovalduerteles.es\/blog\/articulos\/expansion\/317-2\/","og_site_name":"Ignacio Valduerteles Bartos","article_modified_time":"2011-07-31T20:57:54+00:00","og_image":[{"width":1024,"height":292,"url":"https:\/\/www.ignaciovalduerteles.es\/blog\/wp-content\/uploads\/2022\/02\/banner1-1024x292.png","type":"image\/png"}],"twitter_card":"summary_large_image","twitter_misc":{"Tiempo de lectura":"4 minutos"},"schema":{"@context":"https:\/\/schema.org","@graph":[{"@type":["Person","Organization"],"@id":"https:\/\/www.ignaciovalduerteles.es\/blog\/#\/schema\/person\/c4ab4ed77f14e0141ba3dcd9c6f501d5","name":"Ignacio Valduerteles Bartos","image":{"@type":"ImageObject","inLanguage":"es","@id":"https:\/\/www.ignaciovalduerteles.es\/blog\/#\/schema\/person\/image\/","url":"https:\/\/www.ignaciovalduerteles.es\/blog\/wp-content\/uploads\/2022\/02\/cabecera-1024x390.png","contentUrl":"https:\/\/www.ignaciovalduerteles.es\/blog\/wp-content\/uploads\/2022\/02\/cabecera-1024x390.png","width":1024,"height":390,"caption":"Ignacio Valduerteles Bartos"},"logo":{"@id":"https:\/\/www.ignaciovalduerteles.es\/blog\/#\/schema\/person\/image\/"},"sameAs":["http:\/\/www.ivb.es"]},{"@type":"WebSite","@id":"https:\/\/www.ignaciovalduerteles.es\/blog\/#website","url":"https:\/\/www.ignaciovalduerteles.es\/blog\/","name":"Ignacio Valduerteles Bartos","description":"Reflexiones y art\u00edculos del Ignacio Valdu\u00e9rteles","publisher":{"@id":"https:\/\/www.ignaciovalduerteles.es\/blog\/#\/schema\/person\/c4ab4ed77f14e0141ba3dcd9c6f501d5"},"potentialAction":[{"@type":"SearchAction","target":{"@type":"EntryPoint","urlTemplate":"https:\/\/www.ignaciovalduerteles.es\/blog\/?s={search_term_string}"},"query-input":"required name=search_term_string"}],"inLanguage":"es"},{"@type":"WebPage","@id":"https:\/\/www.ignaciovalduerteles.es\/blog\/articulos\/expansion\/317-2\/#webpage","url":"https:\/\/www.ignaciovalduerteles.es\/blog\/articulos\/expansion\/317-2\/","name":"Santo Tom\u00e1s en Low Cost - Ignacio Valduerteles Bartos","isPartOf":{"@id":"https:\/\/www.ignaciovalduerteles.es\/blog\/#website"},"datePublished":"2011-07-18T16:39:22+00:00","dateModified":"2011-07-31T20:57:54+00:00","description":"Blog personal de Ignacio Valdu\u00e9rteles, Dr. en Administraci\u00f3n y Direcci\u00f3n de Empresas y miembro destacado en la hermandad la Soledad de San Lorenzo, en Sevilla","breadcrumb":{"@id":"https:\/\/www.ignaciovalduerteles.es\/blog\/articulos\/expansion\/317-2\/#breadcrumb"},"inLanguage":"es","potentialAction":[{"@type":"ReadAction","target":["https:\/\/www.ignaciovalduerteles.es\/blog\/articulos\/expansion\/317-2\/"]}]},{"@type":"BreadcrumbList","@id":"https:\/\/www.ignaciovalduerteles.es\/blog\/articulos\/expansion\/317-2\/#breadcrumb","itemListElement":[{"@type":"ListItem","position":1,"name":"Portada","item":"https:\/\/www.ignaciovalduerteles.es\/blog\/"},{"@type":"ListItem","position":2,"name":"Art\u00edculos","item":"https:\/\/www.ignaciovalduerteles.es\/blog\/articulos\/"},{"@type":"ListItem","position":3,"name":"Expansi\u00f3n","item":"https:\/\/www.ignaciovalduerteles.es\/blog\/articulos\/expansion\/"},{"@type":"ListItem","position":4,"name":"Santo Tom\u00e1s en Low Cost"}]}]}},"_links":{"self":[{"href":"https:\/\/www.ignaciovalduerteles.es\/blog\/wp-json\/wp\/v2\/pages\/317"}],"collection":[{"href":"https:\/\/www.ignaciovalduerteles.es\/blog\/wp-json\/wp\/v2\/pages"}],"about":[{"href":"https:\/\/www.ignaciovalduerteles.es\/blog\/wp-json\/wp\/v2\/types\/page"}],"author":[{"embeddable":true,"href":"https:\/\/www.ignaciovalduerteles.es\/blog\/wp-json\/wp\/v2\/users\/1"}],"replies":[{"embeddable":true,"href":"https:\/\/www.ignaciovalduerteles.es\/blog\/wp-json\/wp\/v2\/comments?post=317"}],"version-history":[{"count":3,"href":"https:\/\/www.ignaciovalduerteles.es\/blog\/wp-json\/wp\/v2\/pages\/317\/revisions"}],"predecessor-version":[{"id":730,"href":"https:\/\/www.ignaciovalduerteles.es\/blog\/wp-json\/wp\/v2\/pages\/317\/revisions\/730"}],"up":[{"embeddable":true,"href":"https:\/\/www.ignaciovalduerteles.es\/blog\/wp-json\/wp\/v2\/pages\/21"}],"wp:attachment":[{"href":"https:\/\/www.ignaciovalduerteles.es\/blog\/wp-json\/wp\/v2\/media?parent=317"}],"curies":[{"name":"wp","href":"https:\/\/api.w.org\/{rel}","templated":true}]}}