{"id":327,"date":"2011-07-18T16:56:25","date_gmt":"2011-07-18T16:56:25","guid":{"rendered":"http:\/\/www.guadaoliva.comlu.com\/blog\/?page_id=327"},"modified":"2011-07-31T22:59:47","modified_gmt":"2011-07-31T20:59:47","slug":"los-de-la-generacion-y","status":"publish","type":"page","link":"https:\/\/www.ignaciovalduerteles.es\/blog\/articulos\/expansion\/los-de-la-generacion-y\/","title":{"rendered":"Los de la Generaci\u00f3n &#8220;Y&#8221;"},"content":{"rendered":"<div style=\"text-align: justify;\"><span style=\"color: #000080;\">\u00a0 \u00a0 \u00a0 \u00a0 \u00a0 \u00a0\u00a0A las generaciones se las clasifica, como a las a\u00f1adas de los vinos: la\u00a0\u00a0generaci\u00f3n de la postguerra, los de mayo del 68, los \u201cbaby-boomers\u201d, la generaci\u00f3n X y, \u00faltimamente, la generaci\u00f3n Y. Cada una de estas generaciones,\u00a0\u00a0como cada a\u00f1ada, tiene sus caracter\u00edsticas generales que conformar\u00e1n la sociedad durante un tiempo. La de la postguerra fue una generaci\u00f3n criada en la austeridad y el esfuerzo;\u00a0\u00a0mayo del 68 (la imaginaci\u00f3n al poder) supuso una inflexi\u00f3n en el modo de entender las relaciones sociales y los valores tradicionales. Sus hijos nacieron en\u00a0\u00a0una \u00e9poca de bonanza econ\u00f3mica y ahora empiezan a incorporarse a la vida laboral y a influir realmente en la sociedad la llamada Generaci\u00f3n Y, los nacidos en la d\u00e9cada de los ochenta.<\/span><\/div>\n<div style=\"text-align: justify;\"><span style=\"color: #000080;\">\u00a0\u00a0\u00a0\u00a0\u00a0\u00a0\u00a0\u00a0\u00a0\u00a0\u00a0\u00a0Los integrantes de esta Generaci\u00f3n Y tienen algunos rasgos comunes.\u00a0\u00a0Es una generaci\u00f3n que se ha criado conviviendo con el ordenador, videoconsolas, internet, el tel\u00e9fono m\u00f3vil, una oferta ilimitada de canales de televisi\u00f3n,\u00a0\u00a0los vuelos baratos, facilidades crediticias, f\u00e1cil acceso a la educaci\u00f3n superior y un consumismo exagerado. Todo esto da como resultado una generaci\u00f3n c\u00f3moda, protegida,\u00a0\u00a0m\u00e1s pendiente de sus derechos que de sus deberes, bien preparada, que retrasa el momento de iniciar su carrera profesional.<\/span><\/div>\n<div style=\"text-align: justify;\"><span style=\"color: #000080;\">\u00a0\u00a0\u00a0\u00a0\u00a0\u00a0\u00a0\u00a0\u00a0\u00a0\u00a0\u00a0En una reuni\u00f3n profesional me comentaba la Gerente de un importante despacho de abogados, con presencia mundial, que muchos de los profesionales que se incorporan \u00faltimamente a su firma ya no est\u00e1n dispuestos a realizar largas jornadas laborales; que no les ilusiona participar en un equipo de trabajo para desarrollar un proyecto importante, si eso les va a exigir renunciar a dos o tres fines de semana; que la lealtad al puesto de trabajo viene determinada por el contenido de ese puesto de trabajo; que pretenden-exigen una remuneraci\u00f3n acorde con lo que ellos entienden que se merecen. Esas mismas eran las reflexiones que me hac\u00eda un directivo de banca hace unos d\u00edas.<\/span><\/div>\n<div style=\"text-align: justify;\"><span style=\"color: #000080;\">\u00a0\u00a0\u00a0\u00a0\u00a0\u00a0\u00a0\u00a0\u00a0\u00a0\u00a0\u00a0Que ese estilo generacional existe es cierto \u2013lo podemos llamar Generaci\u00f3n Y o como queramos-; pero tambi\u00e9n lo es que no est\u00e1 tan generalizado, que en ese conjunto de caracteres definitorios se pueden encontrar aspectos muy positivos,\u00a0\u00a0y que lo que en ellos\u00a0\u00a0pudiera haber de patol\u00f3gico hay que tratarlo como una patolog\u00eda, no como un dato sobre el que construir.<\/span><\/div>\n<div style=\"text-align: justify;\"><span style=\"color: #000080;\">Gobernar es ir tendiendo puentes entre lo permanente y lo cambiante. Entre lo permanente de los valores y lo cambiante de las circunstancias sociales. El problema surge cuando, por falta de criterio, los responsables sociales \u2013pol\u00edticos o no- se empe\u00f1an en una carrera sin sentido para tratar de ganarse la confianza de las nuevas generaciones sin plantearles ninguna exigencia.<\/span><\/div>\n<div style=\"text-align: justify;\"><span style=\"color: #000080;\">Que los alumnos pasen al curso siguiente aunque tengan cuatro asignaturas suspensas, para que no se frustren; que se les habiliten zonas especiales para su botell\u00f3n, para que puedan hacerlo sin que se les moleste; d\u00e9mosles una subvenci\u00f3n,\u00a0\u00a0para que puedan alquilar un piso, por si se quieren independizar.<\/span><\/div>\n<div style=\"text-align: justify;\"><span style=\"color: #000080;\">Podr\u00eda poner m\u00e1s ejemplos; pero es suficiente. El esfuerzo, el m\u00e9rito, el ejercicio de la libertad en la toma de decisiones y la asunci\u00f3n de las responsabilidades derivadas de esas decisiones, no cuentan. Tampoco cuentan la frustraci\u00f3n real que puede sentir quien se esfuerza, al ver que se le iguala por abajo, que no merece la pena esforzarse porque cuando, tras su esfuerzo, llegue a la meta que se propuso, all\u00ed estar\u00e1n esper\u00e1ndole quienes fueron llevados en volandas por el entramado de ayudas y subvenciones concedidas sin m\u00e1s m\u00e9rito que el de estar censado.<\/span><\/div>\n<div style=\"text-align: justify;\"><span style=\"color: #000080;\">Las pol\u00edticas sociales indiscriminadas anulan el esfuerzo, porque el que se esfuerza pierde la ayuda. A corto plazo s\u00ed son rentables: sirven como cebo para capturar votos y, una vez mordido el anzuelo, el agraciado ya es prisionero de las ayudas y votante fiel, con la fidelidad del siervo.<\/span><\/div>\n<div style=\"text-align: justify;\"><span style=\"color: #000080;\">Ser\u00eda lamentable que esta Generaci\u00f3n Y, sin duda la mejor preparada,\u00a0\u00a0se perdiera enredada en la artes de\u00a0\u00a0pesca de aquellos para los que su proyecto social no va m\u00e1s all\u00e1 de las pr\u00f3ximas elecciones.<\/span><\/div>\n<p style=\"text-align: right;\"><span style=\"color: #000080;\">13.11.07\u00a0<\/span><\/p>\n","protected":false},"excerpt":{"rendered":"<p>\u00a0 \u00a0 \u00a0 \u00a0 \u00a0 \u00a0\u00a0A las generaciones se las clasifica, como a las a\u00f1adas de los vinos: la\u00a0\u00a0generaci\u00f3n de la postguerra, los de mayo del 68, los \u201cbaby-boomers\u201d, la generaci\u00f3n X y, \u00faltimamente, la generaci\u00f3n Y. Cada una de &hellip; <a href=\"https:\/\/www.ignaciovalduerteles.es\/blog\/articulos\/expansion\/los-de-la-generacion-y\/\">Continuar<\/a><\/p>\n","protected":false},"author":1,"featured_media":0,"parent":21,"menu_order":2,"comment_status":"open","ping_status":"open","template":"sidebar-page.php","meta":{"kt_blocks_editor_width":""},"yoast_head":"<!-- This site is optimized with the Yoast SEO plugin v19.0 - https:\/\/yoast.com\/wordpress\/plugins\/seo\/ -->\n<title>Los de la Generaci\u00f3n &quot;Y&quot; - Ignacio Valduerteles Bartos<\/title>\n<meta name=\"description\" content=\"Blog personal de Ignacio Valdu\u00e9rteles, Dr. en Administraci\u00f3n y Direcci\u00f3n de Empresas y miembro destacado en la hermandad la Soledad de San Lorenzo, en Sevilla\" \/>\n<meta name=\"robots\" content=\"index, follow, max-snippet:-1, max-image-preview:large, max-video-preview:-1\" \/>\n<link rel=\"canonical\" href=\"https:\/\/www.ignaciovalduerteles.es\/blog\/articulos\/expansion\/los-de-la-generacion-y\/\" \/>\n<meta property=\"og:locale\" content=\"es_ES\" \/>\n<meta property=\"og:type\" content=\"article\" \/>\n<meta property=\"og:title\" content=\"Los de la Generaci\u00f3n &quot;Y&quot; - Ignacio Valduerteles Bartos\" \/>\n<meta property=\"og:description\" content=\"Blog personal de Ignacio Valdu\u00e9rteles, Dr. en Administraci\u00f3n y Direcci\u00f3n de Empresas y miembro destacado en la hermandad la Soledad de San Lorenzo, en Sevilla\" \/>\n<meta property=\"og:url\" content=\"https:\/\/www.ignaciovalduerteles.es\/blog\/articulos\/expansion\/los-de-la-generacion-y\/\" \/>\n<meta property=\"og:site_name\" content=\"Ignacio Valduerteles Bartos\" \/>\n<meta property=\"article:modified_time\" content=\"2011-07-31T20:59:47+00:00\" \/>\n<meta property=\"og:image\" content=\"https:\/\/www.ignaciovalduerteles.es\/blog\/wp-content\/uploads\/2022\/02\/banner1-1024x292.png\" \/>\n\t<meta property=\"og:image:width\" content=\"1024\" \/>\n\t<meta property=\"og:image:height\" content=\"292\" \/>\n\t<meta property=\"og:image:type\" content=\"image\/png\" \/>\n<meta name=\"twitter:card\" content=\"summary_large_image\" \/>\n<meta name=\"twitter:label1\" content=\"Tiempo de lectura\" \/>\n\t<meta name=\"twitter:data1\" content=\"4 minutos\" \/>\n<script type=\"application\/ld+json\" class=\"yoast-schema-graph\">{\"@context\":\"https:\/\/schema.org\",\"@graph\":[{\"@type\":[\"Person\",\"Organization\"],\"@id\":\"https:\/\/www.ignaciovalduerteles.es\/blog\/#\/schema\/person\/c4ab4ed77f14e0141ba3dcd9c6f501d5\",\"name\":\"Ignacio Valduerteles Bartos\",\"image\":{\"@type\":\"ImageObject\",\"inLanguage\":\"es\",\"@id\":\"https:\/\/www.ignaciovalduerteles.es\/blog\/#\/schema\/person\/image\/\",\"url\":\"https:\/\/www.ignaciovalduerteles.es\/blog\/wp-content\/uploads\/2022\/02\/cabecera-1024x390.png\",\"contentUrl\":\"https:\/\/www.ignaciovalduerteles.es\/blog\/wp-content\/uploads\/2022\/02\/cabecera-1024x390.png\",\"width\":1024,\"height\":390,\"caption\":\"Ignacio Valduerteles Bartos\"},\"logo\":{\"@id\":\"https:\/\/www.ignaciovalduerteles.es\/blog\/#\/schema\/person\/image\/\"},\"sameAs\":[\"http:\/\/www.ivb.es\"]},{\"@type\":\"WebSite\",\"@id\":\"https:\/\/www.ignaciovalduerteles.es\/blog\/#website\",\"url\":\"https:\/\/www.ignaciovalduerteles.es\/blog\/\",\"name\":\"Ignacio Valduerteles Bartos\",\"description\":\"Reflexiones y art\u00edculos del Ignacio Valdu\u00e9rteles\",\"publisher\":{\"@id\":\"https:\/\/www.ignaciovalduerteles.es\/blog\/#\/schema\/person\/c4ab4ed77f14e0141ba3dcd9c6f501d5\"},\"potentialAction\":[{\"@type\":\"SearchAction\",\"target\":{\"@type\":\"EntryPoint\",\"urlTemplate\":\"https:\/\/www.ignaciovalduerteles.es\/blog\/?s={search_term_string}\"},\"query-input\":\"required name=search_term_string\"}],\"inLanguage\":\"es\"},{\"@type\":\"WebPage\",\"@id\":\"https:\/\/www.ignaciovalduerteles.es\/blog\/articulos\/expansion\/los-de-la-generacion-y\/#webpage\",\"url\":\"https:\/\/www.ignaciovalduerteles.es\/blog\/articulos\/expansion\/los-de-la-generacion-y\/\",\"name\":\"Los de la Generaci\u00f3n \\\"Y\\\" - Ignacio Valduerteles Bartos\",\"isPartOf\":{\"@id\":\"https:\/\/www.ignaciovalduerteles.es\/blog\/#website\"},\"datePublished\":\"2011-07-18T16:56:25+00:00\",\"dateModified\":\"2011-07-31T20:59:47+00:00\",\"description\":\"Blog personal de Ignacio Valdu\u00e9rteles, Dr. en Administraci\u00f3n y Direcci\u00f3n de Empresas y miembro destacado en la hermandad la Soledad de San Lorenzo, en Sevilla\",\"breadcrumb\":{\"@id\":\"https:\/\/www.ignaciovalduerteles.es\/blog\/articulos\/expansion\/los-de-la-generacion-y\/#breadcrumb\"},\"inLanguage\":\"es\",\"potentialAction\":[{\"@type\":\"ReadAction\",\"target\":[\"https:\/\/www.ignaciovalduerteles.es\/blog\/articulos\/expansion\/los-de-la-generacion-y\/\"]}]},{\"@type\":\"BreadcrumbList\",\"@id\":\"https:\/\/www.ignaciovalduerteles.es\/blog\/articulos\/expansion\/los-de-la-generacion-y\/#breadcrumb\",\"itemListElement\":[{\"@type\":\"ListItem\",\"position\":1,\"name\":\"Portada\",\"item\":\"https:\/\/www.ignaciovalduerteles.es\/blog\/\"},{\"@type\":\"ListItem\",\"position\":2,\"name\":\"Art\u00edculos\",\"item\":\"https:\/\/www.ignaciovalduerteles.es\/blog\/articulos\/\"},{\"@type\":\"ListItem\",\"position\":3,\"name\":\"Expansi\u00f3n\",\"item\":\"https:\/\/www.ignaciovalduerteles.es\/blog\/articulos\/expansion\/\"},{\"@type\":\"ListItem\",\"position\":4,\"name\":\"Los de la Generaci\u00f3n \u00abY\u00bb\"}]}]}<\/script>\n<!-- \/ Yoast SEO plugin. -->","yoast_head_json":{"title":"Los de la Generaci\u00f3n \"Y\" - Ignacio Valduerteles Bartos","description":"Blog personal de Ignacio Valdu\u00e9rteles, Dr. en Administraci\u00f3n y Direcci\u00f3n de Empresas y miembro destacado en la hermandad la Soledad de San Lorenzo, en Sevilla","robots":{"index":"index","follow":"follow","max-snippet":"max-snippet:-1","max-image-preview":"max-image-preview:large","max-video-preview":"max-video-preview:-1"},"canonical":"https:\/\/www.ignaciovalduerteles.es\/blog\/articulos\/expansion\/los-de-la-generacion-y\/","og_locale":"es_ES","og_type":"article","og_title":"Los de la Generaci\u00f3n \"Y\" - Ignacio Valduerteles Bartos","og_description":"Blog personal de Ignacio Valdu\u00e9rteles, Dr. en Administraci\u00f3n y Direcci\u00f3n de Empresas y miembro destacado en la hermandad la Soledad de San Lorenzo, en Sevilla","og_url":"https:\/\/www.ignaciovalduerteles.es\/blog\/articulos\/expansion\/los-de-la-generacion-y\/","og_site_name":"Ignacio Valduerteles Bartos","article_modified_time":"2011-07-31T20:59:47+00:00","og_image":[{"width":1024,"height":292,"url":"https:\/\/www.ignaciovalduerteles.es\/blog\/wp-content\/uploads\/2022\/02\/banner1-1024x292.png","type":"image\/png"}],"twitter_card":"summary_large_image","twitter_misc":{"Tiempo de lectura":"4 minutos"},"schema":{"@context":"https:\/\/schema.org","@graph":[{"@type":["Person","Organization"],"@id":"https:\/\/www.ignaciovalduerteles.es\/blog\/#\/schema\/person\/c4ab4ed77f14e0141ba3dcd9c6f501d5","name":"Ignacio Valduerteles Bartos","image":{"@type":"ImageObject","inLanguage":"es","@id":"https:\/\/www.ignaciovalduerteles.es\/blog\/#\/schema\/person\/image\/","url":"https:\/\/www.ignaciovalduerteles.es\/blog\/wp-content\/uploads\/2022\/02\/cabecera-1024x390.png","contentUrl":"https:\/\/www.ignaciovalduerteles.es\/blog\/wp-content\/uploads\/2022\/02\/cabecera-1024x390.png","width":1024,"height":390,"caption":"Ignacio Valduerteles Bartos"},"logo":{"@id":"https:\/\/www.ignaciovalduerteles.es\/blog\/#\/schema\/person\/image\/"},"sameAs":["http:\/\/www.ivb.es"]},{"@type":"WebSite","@id":"https:\/\/www.ignaciovalduerteles.es\/blog\/#website","url":"https:\/\/www.ignaciovalduerteles.es\/blog\/","name":"Ignacio Valduerteles Bartos","description":"Reflexiones y art\u00edculos del Ignacio Valdu\u00e9rteles","publisher":{"@id":"https:\/\/www.ignaciovalduerteles.es\/blog\/#\/schema\/person\/c4ab4ed77f14e0141ba3dcd9c6f501d5"},"potentialAction":[{"@type":"SearchAction","target":{"@type":"EntryPoint","urlTemplate":"https:\/\/www.ignaciovalduerteles.es\/blog\/?s={search_term_string}"},"query-input":"required name=search_term_string"}],"inLanguage":"es"},{"@type":"WebPage","@id":"https:\/\/www.ignaciovalduerteles.es\/blog\/articulos\/expansion\/los-de-la-generacion-y\/#webpage","url":"https:\/\/www.ignaciovalduerteles.es\/blog\/articulos\/expansion\/los-de-la-generacion-y\/","name":"Los de la Generaci\u00f3n \"Y\" - Ignacio Valduerteles Bartos","isPartOf":{"@id":"https:\/\/www.ignaciovalduerteles.es\/blog\/#website"},"datePublished":"2011-07-18T16:56:25+00:00","dateModified":"2011-07-31T20:59:47+00:00","description":"Blog personal de Ignacio Valdu\u00e9rteles, Dr. en Administraci\u00f3n y Direcci\u00f3n de Empresas y miembro destacado en la hermandad la Soledad de San Lorenzo, en Sevilla","breadcrumb":{"@id":"https:\/\/www.ignaciovalduerteles.es\/blog\/articulos\/expansion\/los-de-la-generacion-y\/#breadcrumb"},"inLanguage":"es","potentialAction":[{"@type":"ReadAction","target":["https:\/\/www.ignaciovalduerteles.es\/blog\/articulos\/expansion\/los-de-la-generacion-y\/"]}]},{"@type":"BreadcrumbList","@id":"https:\/\/www.ignaciovalduerteles.es\/blog\/articulos\/expansion\/los-de-la-generacion-y\/#breadcrumb","itemListElement":[{"@type":"ListItem","position":1,"name":"Portada","item":"https:\/\/www.ignaciovalduerteles.es\/blog\/"},{"@type":"ListItem","position":2,"name":"Art\u00edculos","item":"https:\/\/www.ignaciovalduerteles.es\/blog\/articulos\/"},{"@type":"ListItem","position":3,"name":"Expansi\u00f3n","item":"https:\/\/www.ignaciovalduerteles.es\/blog\/articulos\/expansion\/"},{"@type":"ListItem","position":4,"name":"Los de la Generaci\u00f3n \u00abY\u00bb"}]}]}},"_links":{"self":[{"href":"https:\/\/www.ignaciovalduerteles.es\/blog\/wp-json\/wp\/v2\/pages\/327"}],"collection":[{"href":"https:\/\/www.ignaciovalduerteles.es\/blog\/wp-json\/wp\/v2\/pages"}],"about":[{"href":"https:\/\/www.ignaciovalduerteles.es\/blog\/wp-json\/wp\/v2\/types\/page"}],"author":[{"embeddable":true,"href":"https:\/\/www.ignaciovalduerteles.es\/blog\/wp-json\/wp\/v2\/users\/1"}],"replies":[{"embeddable":true,"href":"https:\/\/www.ignaciovalduerteles.es\/blog\/wp-json\/wp\/v2\/comments?post=327"}],"version-history":[{"count":3,"href":"https:\/\/www.ignaciovalduerteles.es\/blog\/wp-json\/wp\/v2\/pages\/327\/revisions"}],"predecessor-version":[{"id":733,"href":"https:\/\/www.ignaciovalduerteles.es\/blog\/wp-json\/wp\/v2\/pages\/327\/revisions\/733"}],"up":[{"embeddable":true,"href":"https:\/\/www.ignaciovalduerteles.es\/blog\/wp-json\/wp\/v2\/pages\/21"}],"wp:attachment":[{"href":"https:\/\/www.ignaciovalduerteles.es\/blog\/wp-json\/wp\/v2\/media?parent=327"}],"curies":[{"name":"wp","href":"https:\/\/api.w.org\/{rel}","templated":true}]}}