{"id":383,"date":"2009-09-08T18:05:30","date_gmt":"2009-09-08T18:05:30","guid":{"rendered":"http:\/\/www.guadaoliva.comlu.com\/blog\/?page_id=383"},"modified":"2011-07-31T22:44:59","modified_gmt":"2011-07-31T20:44:59","slug":"delegando-i-responsabilidades","status":"publish","type":"page","link":"https:\/\/www.ignaciovalduerteles.es\/blog\/articulos\/expansion\/delegando-i-responsabilidades\/","title":{"rendered":"Delegando I-Responsabilidades"},"content":{"rendered":"<p style=\"text-align: justify;\"><span style=\"color: #000080;\">Por razones profesionales hace m\u00e1s de veinte a\u00f1os que estoy suscrito a una revista de periodicidad semanal. \u00daltimamente ha habido \u00a0algunos fallos en la recepci\u00f3n de la revista, as\u00ed que llam\u00e9 al Departamento de Suscripciones para que solucionaran estas incidencias y me enviasen el \u00faltimo n\u00famero, que a\u00fan no hab\u00eda recibido. La respuesta de la persona que me atendi\u00f3, muy amable, fue algo as\u00ed como: \u201cLo siento, se\u00f1or, pero el servicio de distribuci\u00f3n lo tenemos subcontratado con una empresa especializada. Voy a darle el n\u00famero \u00a0de tel\u00e9fono de esta empresa, para que usted se ponga en contacto con ellos y le solucionen su problema\u201d.<\/span><\/p>\n<p style=\"text-align: justify;\"><span style=\"color: #000080;\"> Trat\u00e9 de argumentarle que no era yo el que ten\u00eda el problema y que\u00a0 me tra\u00eda sin cuidado qui\u00e9n les hac\u00eda la distribuci\u00f3n. Yo hab\u00eda contratado con ellos una suscripci\u00f3n y ellos eran los que ten\u00edan un problema con un cliente y ten\u00edan que resolverlo. Fue in\u00fatil.<\/span><\/p>\n<p style=\"text-align: justify;\"><span style=\"color: #000080;\">M\u00e1s all\u00e1 de la an\u00e9cdota, el tema resulta tan preocupante como el virus de la gripe A. Se va extendiendo una cultura en la que, adem\u00e1s de delegar procesos,\u00a0 algo perfectamente admisible siempre que se mejore la calidad del mismo, se delegan tambi\u00e9n las responsabilidades del mismo, y eso ya no es tan admisible. Si un abogado, o cualquier otro profesional, delega en un becario un asunto que le han encargado y \u00e9ste sale mal, la responsabilidad ser\u00e1 del profesional, no de la persona en la que deleg\u00f3.<\/span><\/p>\n<p style=\"text-align: justify;\"><span style=\"color: #000080;\">Esa cultura de la irresponsabilidad est\u00e1 empezando a pasar factura a algunas empresas. Hasta hace un a\u00f1o, en un mercado de demanda, las empresas no ten\u00edan que preocuparse m\u00e1s que de producir y vender. Si hab\u00eda tensiones de tesorer\u00eda o necesidad de financiar almac\u00e9n, para eso estaban los bancos, dispuestos a lo que hiciera falta. Para cubrir responsabilidades ya estaban los seguros y si un cliente se iba otro vendr\u00eda.<\/span><\/p>\n<p style=\"text-align: justify;\"><span style=\"color: #000080;\">En este \u00faltimo a\u00f1o las situaciones concursales se han multiplicado por tres, sin contar los empresarios que echan el cierre por las bravas. Ya no vale eso de ocuparse s\u00f3lo de producir y vender, se necesita un modelo de gesti\u00f3n m\u00e1s completo, que atienda no s\u00f3lo a la creaci\u00f3n de valor econ\u00f3mico, sino tambi\u00e9n a la calidad en los productos, en los procesos y a la creaci\u00f3n de valor en las personas relacionadas con la empresa. Esto no se consigue s\u00f3lo con t\u00e9cnicas, aqu\u00ed intervienen tambi\u00e9n las actitudes del empresario.<\/span><\/p>\n<p style=\"text-align: justify;\"><span style=\"color: #000080;\">\u00a0Una pr\u00e1ctica com\u00fan en la empresa, y en la sociedad, es preparar salidas para no tener que asumir la responsabilidad de las actuaciones. Mantenga usted la conducta sexual que le apetezca, y no se preocupe de las consecuencias: para eso est\u00e1 el aborto. No se agobie por la responsabilidad de educar a sus hijos: el Estado se encarga de hacerlo y de inculcarle los valores oportunos. Puede prescindir del esfuerzo en el estudio o el trabajo, ya los igualaremos por ley a todos para que no haya discriminaci\u00f3n. Si usted est\u00e1 en el gobierno, no asuma la responsabilidad de tomar decisiones, anime a los agentes sociales a que lleguen a un acuerdo y si \u00e9ste no se produce, busque un culpable, normalmente el que proporcione mayor rentabilidad electoral.<\/span><\/p>\n<p style=\"text-align: justify;\"><span style=\"color: #000080;\">Podr\u00e1 parecer que me estoy pasando, simplemente he dejado de recibir unas revistas, tampoco es para ponerse as\u00ed. El problema no es la revista, es que la empresa editora ha comenzado a hacer dejaci\u00f3n de sus responsabilidades, puesto que \u00a0ya\u00a0 ha establecido las medidas oportunas para que sea otro el que las asuma. Ser libre \u00a0es ser capaz de elegir entre varias opciones y asumir la responsabilidad, para bien o para mal, de la decisi\u00f3n tomada. Sin responsabilidad no hay libertad.<\/span><\/p>\n<p style=\"text-align: justify;\"><span style=\"color: #000080;\">\u00a0Ser empresario es precisamente tomar continuamente decisiones. A veces se acierta y se tiene \u00e9xito; pero a veces uno se equivoca y no queda m\u00e1s remedio que asumir el fracaso y, si quedan ganas, intentarlo otra vez.<\/span><\/p>\n<p style=\"text-align: justify;\"><span style=\"color: #000080;\">\u00a0Esto no vale s\u00f3lo para la empresa, sino para cualquier actividad humana. Cuando uno empieza a no querer asumir la responsabilidad de sus actos libres, empieza a dejar de ser persona. Est\u00e1 cediendo su libertad al Estado a cambio de un \u201ccamino de servidumbre\u201d, que ya anunci\u00f3 F. Hayek.<\/span><\/p>\n<p style=\"text-align: justify;\"><span style=\"color: #000080;\">\u00a0Por cierto, \u00a1a\u00fan no he recibido la revista!<\/span><\/p>\n<p style=\"text-align: right;\"><span style=\"color: #000080;\">8.09.2009<\/span><\/p>\n","protected":false},"excerpt":{"rendered":"<p>Por razones profesionales hace m\u00e1s de veinte a\u00f1os que estoy suscrito a una revista de periodicidad semanal. \u00daltimamente ha habido \u00a0algunos fallos en la recepci\u00f3n de la revista, as\u00ed que llam\u00e9 al Departamento de Suscripciones para que solucionaran estas incidencias &hellip; <a href=\"https:\/\/www.ignaciovalduerteles.es\/blog\/articulos\/expansion\/delegando-i-responsabilidades\/\">Continuar<\/a><\/p>\n","protected":false},"author":1,"featured_media":0,"parent":21,"menu_order":2,"comment_status":"open","ping_status":"open","template":"sidebar-page.php","meta":{"kt_blocks_editor_width":""},"yoast_head":"<!-- This site is optimized with the Yoast SEO plugin v19.0 - https:\/\/yoast.com\/wordpress\/plugins\/seo\/ -->\n<title>Delegando I-Responsabilidades - Ignacio Valduerteles Bartos<\/title>\n<meta name=\"description\" content=\"Blog personal de Ignacio Valdu\u00e9rteles, Dr. en Administraci\u00f3n y Direcci\u00f3n de Empresas y miembro destacado en la hermandad la Soledad de San Lorenzo, en Sevilla\" \/>\n<meta name=\"robots\" content=\"index, follow, max-snippet:-1, max-image-preview:large, max-video-preview:-1\" \/>\n<link rel=\"canonical\" href=\"https:\/\/www.ignaciovalduerteles.es\/blog\/articulos\/expansion\/delegando-i-responsabilidades\/\" \/>\n<meta property=\"og:locale\" content=\"es_ES\" \/>\n<meta property=\"og:type\" content=\"article\" \/>\n<meta property=\"og:title\" content=\"Delegando I-Responsabilidades - Ignacio Valduerteles Bartos\" \/>\n<meta property=\"og:description\" content=\"Blog personal de Ignacio Valdu\u00e9rteles, Dr. en Administraci\u00f3n y Direcci\u00f3n de Empresas y miembro destacado en la hermandad la Soledad de San Lorenzo, en Sevilla\" \/>\n<meta property=\"og:url\" content=\"https:\/\/www.ignaciovalduerteles.es\/blog\/articulos\/expansion\/delegando-i-responsabilidades\/\" \/>\n<meta property=\"og:site_name\" content=\"Ignacio Valduerteles Bartos\" \/>\n<meta property=\"article:modified_time\" content=\"2011-07-31T20:44:59+00:00\" \/>\n<meta property=\"og:image\" content=\"https:\/\/www.ignaciovalduerteles.es\/blog\/wp-content\/uploads\/2022\/02\/banner1-1024x292.png\" \/>\n\t<meta property=\"og:image:width\" content=\"1024\" \/>\n\t<meta property=\"og:image:height\" content=\"292\" \/>\n\t<meta property=\"og:image:type\" content=\"image\/png\" \/>\n<meta name=\"twitter:card\" content=\"summary_large_image\" \/>\n<meta name=\"twitter:label1\" content=\"Tiempo de lectura\" \/>\n\t<meta name=\"twitter:data1\" content=\"4 minutos\" \/>\n<script type=\"application\/ld+json\" class=\"yoast-schema-graph\">{\"@context\":\"https:\/\/schema.org\",\"@graph\":[{\"@type\":[\"Person\",\"Organization\"],\"@id\":\"https:\/\/www.ignaciovalduerteles.es\/blog\/#\/schema\/person\/c4ab4ed77f14e0141ba3dcd9c6f501d5\",\"name\":\"Ignacio Valduerteles Bartos\",\"image\":{\"@type\":\"ImageObject\",\"inLanguage\":\"es\",\"@id\":\"https:\/\/www.ignaciovalduerteles.es\/blog\/#\/schema\/person\/image\/\",\"url\":\"https:\/\/www.ignaciovalduerteles.es\/blog\/wp-content\/uploads\/2022\/02\/cabecera-1024x390.png\",\"contentUrl\":\"https:\/\/www.ignaciovalduerteles.es\/blog\/wp-content\/uploads\/2022\/02\/cabecera-1024x390.png\",\"width\":1024,\"height\":390,\"caption\":\"Ignacio Valduerteles Bartos\"},\"logo\":{\"@id\":\"https:\/\/www.ignaciovalduerteles.es\/blog\/#\/schema\/person\/image\/\"},\"sameAs\":[\"http:\/\/www.ivb.es\"]},{\"@type\":\"WebSite\",\"@id\":\"https:\/\/www.ignaciovalduerteles.es\/blog\/#website\",\"url\":\"https:\/\/www.ignaciovalduerteles.es\/blog\/\",\"name\":\"Ignacio Valduerteles Bartos\",\"description\":\"Reflexiones y art\u00edculos del Ignacio Valdu\u00e9rteles\",\"publisher\":{\"@id\":\"https:\/\/www.ignaciovalduerteles.es\/blog\/#\/schema\/person\/c4ab4ed77f14e0141ba3dcd9c6f501d5\"},\"potentialAction\":[{\"@type\":\"SearchAction\",\"target\":{\"@type\":\"EntryPoint\",\"urlTemplate\":\"https:\/\/www.ignaciovalduerteles.es\/blog\/?s={search_term_string}\"},\"query-input\":\"required name=search_term_string\"}],\"inLanguage\":\"es\"},{\"@type\":\"WebPage\",\"@id\":\"https:\/\/www.ignaciovalduerteles.es\/blog\/articulos\/expansion\/delegando-i-responsabilidades\/#webpage\",\"url\":\"https:\/\/www.ignaciovalduerteles.es\/blog\/articulos\/expansion\/delegando-i-responsabilidades\/\",\"name\":\"Delegando I-Responsabilidades - Ignacio Valduerteles Bartos\",\"isPartOf\":{\"@id\":\"https:\/\/www.ignaciovalduerteles.es\/blog\/#website\"},\"datePublished\":\"2009-09-08T18:05:30+00:00\",\"dateModified\":\"2011-07-31T20:44:59+00:00\",\"description\":\"Blog personal de Ignacio Valdu\u00e9rteles, Dr. en Administraci\u00f3n y Direcci\u00f3n de Empresas y miembro destacado en la hermandad la Soledad de San Lorenzo, en Sevilla\",\"breadcrumb\":{\"@id\":\"https:\/\/www.ignaciovalduerteles.es\/blog\/articulos\/expansion\/delegando-i-responsabilidades\/#breadcrumb\"},\"inLanguage\":\"es\",\"potentialAction\":[{\"@type\":\"ReadAction\",\"target\":[\"https:\/\/www.ignaciovalduerteles.es\/blog\/articulos\/expansion\/delegando-i-responsabilidades\/\"]}]},{\"@type\":\"BreadcrumbList\",\"@id\":\"https:\/\/www.ignaciovalduerteles.es\/blog\/articulos\/expansion\/delegando-i-responsabilidades\/#breadcrumb\",\"itemListElement\":[{\"@type\":\"ListItem\",\"position\":1,\"name\":\"Portada\",\"item\":\"https:\/\/www.ignaciovalduerteles.es\/blog\/\"},{\"@type\":\"ListItem\",\"position\":2,\"name\":\"Art\u00edculos\",\"item\":\"https:\/\/www.ignaciovalduerteles.es\/blog\/articulos\/\"},{\"@type\":\"ListItem\",\"position\":3,\"name\":\"Expansi\u00f3n\",\"item\":\"https:\/\/www.ignaciovalduerteles.es\/blog\/articulos\/expansion\/\"},{\"@type\":\"ListItem\",\"position\":4,\"name\":\"Delegando I-Responsabilidades\"}]}]}<\/script>\n<!-- \/ Yoast SEO plugin. -->","yoast_head_json":{"title":"Delegando I-Responsabilidades - Ignacio Valduerteles Bartos","description":"Blog personal de Ignacio Valdu\u00e9rteles, Dr. en Administraci\u00f3n y Direcci\u00f3n de Empresas y miembro destacado en la hermandad la Soledad de San Lorenzo, en Sevilla","robots":{"index":"index","follow":"follow","max-snippet":"max-snippet:-1","max-image-preview":"max-image-preview:large","max-video-preview":"max-video-preview:-1"},"canonical":"https:\/\/www.ignaciovalduerteles.es\/blog\/articulos\/expansion\/delegando-i-responsabilidades\/","og_locale":"es_ES","og_type":"article","og_title":"Delegando I-Responsabilidades - Ignacio Valduerteles Bartos","og_description":"Blog personal de Ignacio Valdu\u00e9rteles, Dr. en Administraci\u00f3n y Direcci\u00f3n de Empresas y miembro destacado en la hermandad la Soledad de San Lorenzo, en Sevilla","og_url":"https:\/\/www.ignaciovalduerteles.es\/blog\/articulos\/expansion\/delegando-i-responsabilidades\/","og_site_name":"Ignacio Valduerteles Bartos","article_modified_time":"2011-07-31T20:44:59+00:00","og_image":[{"width":1024,"height":292,"url":"https:\/\/www.ignaciovalduerteles.es\/blog\/wp-content\/uploads\/2022\/02\/banner1-1024x292.png","type":"image\/png"}],"twitter_card":"summary_large_image","twitter_misc":{"Tiempo de lectura":"4 minutos"},"schema":{"@context":"https:\/\/schema.org","@graph":[{"@type":["Person","Organization"],"@id":"https:\/\/www.ignaciovalduerteles.es\/blog\/#\/schema\/person\/c4ab4ed77f14e0141ba3dcd9c6f501d5","name":"Ignacio Valduerteles Bartos","image":{"@type":"ImageObject","inLanguage":"es","@id":"https:\/\/www.ignaciovalduerteles.es\/blog\/#\/schema\/person\/image\/","url":"https:\/\/www.ignaciovalduerteles.es\/blog\/wp-content\/uploads\/2022\/02\/cabecera-1024x390.png","contentUrl":"https:\/\/www.ignaciovalduerteles.es\/blog\/wp-content\/uploads\/2022\/02\/cabecera-1024x390.png","width":1024,"height":390,"caption":"Ignacio Valduerteles Bartos"},"logo":{"@id":"https:\/\/www.ignaciovalduerteles.es\/blog\/#\/schema\/person\/image\/"},"sameAs":["http:\/\/www.ivb.es"]},{"@type":"WebSite","@id":"https:\/\/www.ignaciovalduerteles.es\/blog\/#website","url":"https:\/\/www.ignaciovalduerteles.es\/blog\/","name":"Ignacio Valduerteles Bartos","description":"Reflexiones y art\u00edculos del Ignacio Valdu\u00e9rteles","publisher":{"@id":"https:\/\/www.ignaciovalduerteles.es\/blog\/#\/schema\/person\/c4ab4ed77f14e0141ba3dcd9c6f501d5"},"potentialAction":[{"@type":"SearchAction","target":{"@type":"EntryPoint","urlTemplate":"https:\/\/www.ignaciovalduerteles.es\/blog\/?s={search_term_string}"},"query-input":"required name=search_term_string"}],"inLanguage":"es"},{"@type":"WebPage","@id":"https:\/\/www.ignaciovalduerteles.es\/blog\/articulos\/expansion\/delegando-i-responsabilidades\/#webpage","url":"https:\/\/www.ignaciovalduerteles.es\/blog\/articulos\/expansion\/delegando-i-responsabilidades\/","name":"Delegando I-Responsabilidades - Ignacio Valduerteles Bartos","isPartOf":{"@id":"https:\/\/www.ignaciovalduerteles.es\/blog\/#website"},"datePublished":"2009-09-08T18:05:30+00:00","dateModified":"2011-07-31T20:44:59+00:00","description":"Blog personal de Ignacio Valdu\u00e9rteles, Dr. en Administraci\u00f3n y Direcci\u00f3n de Empresas y miembro destacado en la hermandad la Soledad de San Lorenzo, en Sevilla","breadcrumb":{"@id":"https:\/\/www.ignaciovalduerteles.es\/blog\/articulos\/expansion\/delegando-i-responsabilidades\/#breadcrumb"},"inLanguage":"es","potentialAction":[{"@type":"ReadAction","target":["https:\/\/www.ignaciovalduerteles.es\/blog\/articulos\/expansion\/delegando-i-responsabilidades\/"]}]},{"@type":"BreadcrumbList","@id":"https:\/\/www.ignaciovalduerteles.es\/blog\/articulos\/expansion\/delegando-i-responsabilidades\/#breadcrumb","itemListElement":[{"@type":"ListItem","position":1,"name":"Portada","item":"https:\/\/www.ignaciovalduerteles.es\/blog\/"},{"@type":"ListItem","position":2,"name":"Art\u00edculos","item":"https:\/\/www.ignaciovalduerteles.es\/blog\/articulos\/"},{"@type":"ListItem","position":3,"name":"Expansi\u00f3n","item":"https:\/\/www.ignaciovalduerteles.es\/blog\/articulos\/expansion\/"},{"@type":"ListItem","position":4,"name":"Delegando I-Responsabilidades"}]}]}},"_links":{"self":[{"href":"https:\/\/www.ignaciovalduerteles.es\/blog\/wp-json\/wp\/v2\/pages\/383"}],"collection":[{"href":"https:\/\/www.ignaciovalduerteles.es\/blog\/wp-json\/wp\/v2\/pages"}],"about":[{"href":"https:\/\/www.ignaciovalduerteles.es\/blog\/wp-json\/wp\/v2\/types\/page"}],"author":[{"embeddable":true,"href":"https:\/\/www.ignaciovalduerteles.es\/blog\/wp-json\/wp\/v2\/users\/1"}],"replies":[{"embeddable":true,"href":"https:\/\/www.ignaciovalduerteles.es\/blog\/wp-json\/wp\/v2\/comments?post=383"}],"version-history":[{"count":6,"href":"https:\/\/www.ignaciovalduerteles.es\/blog\/wp-json\/wp\/v2\/pages\/383\/revisions"}],"predecessor-version":[{"id":400,"href":"https:\/\/www.ignaciovalduerteles.es\/blog\/wp-json\/wp\/v2\/pages\/383\/revisions\/400"}],"up":[{"embeddable":true,"href":"https:\/\/www.ignaciovalduerteles.es\/blog\/wp-json\/wp\/v2\/pages\/21"}],"wp:attachment":[{"href":"https:\/\/www.ignaciovalduerteles.es\/blog\/wp-json\/wp\/v2\/media?parent=383"}],"curies":[{"name":"wp","href":"https:\/\/api.w.org\/{rel}","templated":true}]}}