{"id":389,"date":"2011-07-18T20:13:42","date_gmt":"2011-07-18T20:13:42","guid":{"rendered":"http:\/\/www.guadaoliva.comlu.com\/blog\/?page_id=389"},"modified":"2011-07-31T22:11:17","modified_gmt":"2011-07-31T20:11:17","slug":"%c2%a1fallaste-corazon","status":"publish","type":"page","link":"https:\/\/www.ignaciovalduerteles.es\/blog\/articulos\/expansion\/%c2%a1fallaste-corazon\/","title":{"rendered":"&#8220;\u00a1FALLASTE CORAZ\u00d3N!&#8221;"},"content":{"rendered":"<p style=\"text-align: justify;\">\n<p style=\"text-align: justify;\"><span style=\"color: #000080;\">No s\u00e9 por qu\u00e9 se considera un g\u00e9nero menor las letras de las canciones, especialmente las \u00a0de los g\u00e9neros m\u00e1s populares. En ellas hay expresiones \u00a0de gran calidad literaria,\u00a0 como \u201cun pa\u00f1uelo de silencio a la hora de partir\u201d, que sintetiza de forma magistral la tristeza apagada de las despedidas; o de una tremenda intensidad l\u00edrica,\u00a0 unida a una atrevida imaginer\u00eda simb\u00f3lica, como \u00a0la angustiosa espera de la enamorada, que grita\u00a0\u00a0 \u201cy me voy clavando igual que \u00a0pu\u00f1ales las dos manecillas que tiene el reloj\u201d. Hace unos a\u00f1os ya se ley\u00f3 enla Universidadde M\u00e1laga una tesis doctoral sobre las letras de \u00a0coplas escritas por Rafael de Le\u00f3n. Todav\u00eda hay l\u00edneas de investigaci\u00f3n que abordar en este campo. Es m\u00e1s, de muchas canciones populares se pueden extraer ideas aplicables al mundo de la empresa.<\/span><\/p>\n<p style=\"text-align: justify;\"><span style=\"color: #000080;\">Hace pocos d\u00edas vino por el despacho un empresario en apuros (\u00a1uno m\u00e1s!). Estaba completamente hundido. Su empresa se dedicaba al alquiler y venta de maquinaria para la construcci\u00f3n. Yapueden imaginar la situaci\u00f3n actual del negocio. A\u00a0 lo delicado de la situaci\u00f3n financiera se sumaba, como siempre, el drama personal, en este caso acentuado porque durante la \u00e9poca buena este hombre hab\u00eda ejercitado y desarrollado todos los tics propios de lo que por ah\u00ed se entiende como el paradigma de un hombre de empresa agresivo, autosuficiente, de los que mantienen que \u201clos negocios son los negocios\u201d y\u00a0 han de manejarse con unas reglas especiales en las que no rigen los valores que conforman a las personas como tales. Ignorante de que ni\u00a0 las empresas ni\u00a0 la econom\u00eda\u00a0 funcionan en un vac\u00edo cultural. Durante un tiempo se crey\u00f3, como en la letra de la ranchera, \u00a0<em>el rey de todo el mundo.<\/em><\/span><\/p>\n<p style=\"text-align: justify;\"><span style=\"color: #000080;\">No estaba preparado para el fracaso, no ten\u00eda un entramado cultural sobre el que sostenerse, no se hab\u00eda cultivado, simplemente se hab\u00eda dejado llevar por el viento de la bonanza econ\u00f3mica y ahora, desorientado, necesitaba no s\u00f3lo consejo profesional, en lo mercantil, \u00a0sino tambi\u00e9n sentirse escuchado y atendido. Aunque resultara impertinente era el momento de preguntarle: y hoy, \u00a0<em>\u00bfa d\u00f3nde est\u00e1 tu orgullo, a d\u00f3nde est\u00e1 el coraje?, \u00bfpor qu\u00e9, hoy que est\u00e1s vencido, mendigas caridad, e imploras cari\u00f1o aunque sea por piedad?<\/em><\/span><\/p>\n<p style=\"text-align: justify;\"><span style=\"color: #000080;\">\u00a0\u00a0\u00a0\u00a0\u00a0\u00a0\u00a0\u00a0 Pero es \u00a0dif\u00edcil, muy dif\u00edcil, saber aceptar atenci\u00f3n y cari\u00f1o. <em>Ya ves que no es lo mismo amar que ser amado<\/em>, habr\u00eda que decirle a nuestro amigo. \u00a0Resulta muy complicado, para todos, dejarse amar, poner mi libertad a los pies de los dem\u00e1s, para que sean ellos los que mela administren. Eso exige una considerable dosis de humildad y generosidad y\u00a0 no todo el mundo est\u00e1 dispuesto a ponerlas\u00a0 en juego, a ponerse en juego. Lo otro, ir repartiendo mi afecto a discreci\u00f3n, es una forma solapada de ego\u00edsmo. Doy por la satisfacci\u00f3n que me proporciona el dar, no incondicionalmente, y\u00a0 me retiro cuando no recibo una compensaci\u00f3n adecuada a mi donaci\u00f3n. No es eso.\u00a0 Amar es un permanente estar a disposici\u00f3n de los dem\u00e1s, esto es lo que caracteriza a la persona y es especialmente importante en\u00a0 el directivo, en el empresario,\u00a0 que tiene que liderar a otros.<\/span><\/p>\n<p style=\"text-align: justify;\"><span style=\"color: #000080;\">\u00a0<\/span><span style=\"color: #000080;\">Es precisamente esa donaci\u00f3n la que hace al hombre capaz de generar riqueza, de crear cultura y t\u00e9cnica, valor personal y valor econ\u00f3mico. La persona, cada persona, s\u00f3lo cobra pleno sentido como tal en el darse, la esencia del hombre es su inagotable capacidad de donaci\u00f3n, por lo que inagotable es tambi\u00e9n\u00a0 su capacidad de generar riqueza.\u00a0<\/span><\/p>\n<p style=\"text-align: justify;\"><span style=\"color: #000080;\">\u00a0<\/span><span style=\"color: #000080;\">Esto supone invertir el esquema: pasar de la consideraci\u00f3n del hombre como sujeto de necesidades,\u00a0 al hombre como creador de valor. De presentarlo como objeto de la econom\u00eda, a constituirlo en sujeto de la misma. Supone reconocer que son las diferentes propuestas culturales las que generan los distintos modelos econ\u00f3micos, no al rev\u00e9s. Esta consideraci\u00f3n de la econom\u00eda desde una perspectiva antropol\u00f3gica nos\u00a0 lleva a considerar \u00e9sta como el\u00a0 criterio decisivo para valorar cualquier planteamiento social o econ\u00f3mico.<\/span><\/p>\n<p style=\"text-align: justify;\"><span style=\"color: #000080;\">\u00a0A<\/span><span style=\"color: #000080;\">sumir esta ra\u00edz antropol\u00f3gica de la econom\u00eda implica un razonable esfuerzo de pensamiento y de acci\u00f3n. Implica adem\u00e1s, como dec\u00edamos antes, un permanente ejercicio de libertad, entendida \u00e9sta como donaci\u00f3n incondicional. Y si no a m\u00e1s de uno, como a mi atribulado empresario, habr\u00e1 que decirle, con palabras de Cuco S\u00e1nchez: <em>\u00a1Fallaste coraz\u00f3n!, no vuelvas a apostar.<\/em><\/span><\/p>\n<p style=\"text-align: right;\"><span style=\"color: #000080;\">18.07.2011<\/span><\/p>\n","protected":false},"excerpt":{"rendered":"<p>No s\u00e9 por qu\u00e9 se considera un g\u00e9nero menor las letras de las canciones, especialmente las \u00a0de los g\u00e9neros m\u00e1s populares. En ellas hay expresiones \u00a0de gran calidad literaria,\u00a0 como \u201cun pa\u00f1uelo de silencio a la hora de partir\u201d, que &hellip; <a href=\"https:\/\/www.ignaciovalduerteles.es\/blog\/articulos\/expansion\/%c2%a1fallaste-corazon\/\">Continuar<\/a><\/p>\n","protected":false},"author":1,"featured_media":0,"parent":21,"menu_order":2,"comment_status":"open","ping_status":"open","template":"sidebar-page.php","meta":{"kt_blocks_editor_width":""},"yoast_head":"<!-- This site is optimized with the Yoast SEO plugin v19.0 - https:\/\/yoast.com\/wordpress\/plugins\/seo\/ -->\n<title>&quot;\u00a1FALLASTE CORAZ\u00d3N!&quot; - Ignacio Valduerteles Bartos<\/title>\n<meta name=\"description\" content=\"Blog personal de Ignacio Valdu\u00e9rteles, Dr. en Administraci\u00f3n y Direcci\u00f3n de Empresas y miembro destacado en la hermandad la Soledad de San Lorenzo, en Sevilla\" \/>\n<meta name=\"robots\" content=\"index, follow, max-snippet:-1, max-image-preview:large, max-video-preview:-1\" \/>\n<link rel=\"canonical\" href=\"https:\/\/www.ignaciovalduerteles.es\/blog\/articulos\/expansion\/\u00a1fallaste-corazon\/\" \/>\n<meta property=\"og:locale\" content=\"es_ES\" \/>\n<meta property=\"og:type\" content=\"article\" \/>\n<meta property=\"og:title\" content=\"&quot;\u00a1FALLASTE CORAZ\u00d3N!&quot; - Ignacio Valduerteles Bartos\" \/>\n<meta property=\"og:description\" content=\"Blog personal de Ignacio Valdu\u00e9rteles, Dr. en Administraci\u00f3n y Direcci\u00f3n de Empresas y miembro destacado en la hermandad la Soledad de San Lorenzo, en Sevilla\" \/>\n<meta property=\"og:url\" content=\"https:\/\/www.ignaciovalduerteles.es\/blog\/articulos\/expansion\/\u00a1fallaste-corazon\/\" \/>\n<meta property=\"og:site_name\" content=\"Ignacio Valduerteles Bartos\" \/>\n<meta property=\"article:modified_time\" content=\"2011-07-31T20:11:17+00:00\" \/>\n<meta property=\"og:image\" content=\"https:\/\/www.ignaciovalduerteles.es\/blog\/wp-content\/uploads\/2022\/02\/banner1-1024x292.png\" \/>\n\t<meta property=\"og:image:width\" content=\"1024\" \/>\n\t<meta property=\"og:image:height\" content=\"292\" \/>\n\t<meta property=\"og:image:type\" content=\"image\/png\" \/>\n<meta name=\"twitter:card\" content=\"summary_large_image\" \/>\n<meta name=\"twitter:label1\" content=\"Tiempo de lectura\" \/>\n\t<meta name=\"twitter:data1\" content=\"4 minutos\" \/>\n<script type=\"application\/ld+json\" class=\"yoast-schema-graph\">{\"@context\":\"https:\/\/schema.org\",\"@graph\":[{\"@type\":[\"Person\",\"Organization\"],\"@id\":\"https:\/\/www.ignaciovalduerteles.es\/blog\/#\/schema\/person\/c4ab4ed77f14e0141ba3dcd9c6f501d5\",\"name\":\"Ignacio Valduerteles Bartos\",\"image\":{\"@type\":\"ImageObject\",\"inLanguage\":\"es\",\"@id\":\"https:\/\/www.ignaciovalduerteles.es\/blog\/#\/schema\/person\/image\/\",\"url\":\"https:\/\/www.ignaciovalduerteles.es\/blog\/wp-content\/uploads\/2022\/02\/cabecera-1024x390.png\",\"contentUrl\":\"https:\/\/www.ignaciovalduerteles.es\/blog\/wp-content\/uploads\/2022\/02\/cabecera-1024x390.png\",\"width\":1024,\"height\":390,\"caption\":\"Ignacio Valduerteles Bartos\"},\"logo\":{\"@id\":\"https:\/\/www.ignaciovalduerteles.es\/blog\/#\/schema\/person\/image\/\"},\"sameAs\":[\"http:\/\/www.ivb.es\"]},{\"@type\":\"WebSite\",\"@id\":\"https:\/\/www.ignaciovalduerteles.es\/blog\/#website\",\"url\":\"https:\/\/www.ignaciovalduerteles.es\/blog\/\",\"name\":\"Ignacio Valduerteles Bartos\",\"description\":\"Reflexiones y art\u00edculos del Ignacio Valdu\u00e9rteles\",\"publisher\":{\"@id\":\"https:\/\/www.ignaciovalduerteles.es\/blog\/#\/schema\/person\/c4ab4ed77f14e0141ba3dcd9c6f501d5\"},\"potentialAction\":[{\"@type\":\"SearchAction\",\"target\":{\"@type\":\"EntryPoint\",\"urlTemplate\":\"https:\/\/www.ignaciovalduerteles.es\/blog\/?s={search_term_string}\"},\"query-input\":\"required name=search_term_string\"}],\"inLanguage\":\"es\"},{\"@type\":\"WebPage\",\"@id\":\"https:\/\/www.ignaciovalduerteles.es\/blog\/articulos\/expansion\/%c2%a1fallaste-corazon\/#webpage\",\"url\":\"https:\/\/www.ignaciovalduerteles.es\/blog\/articulos\/expansion\/%c2%a1fallaste-corazon\/\",\"name\":\"\\\"\u00a1FALLASTE CORAZ\u00d3N!\\\" - Ignacio Valduerteles Bartos\",\"isPartOf\":{\"@id\":\"https:\/\/www.ignaciovalduerteles.es\/blog\/#website\"},\"datePublished\":\"2011-07-18T20:13:42+00:00\",\"dateModified\":\"2011-07-31T20:11:17+00:00\",\"description\":\"Blog personal de Ignacio Valdu\u00e9rteles, Dr. en Administraci\u00f3n y Direcci\u00f3n de Empresas y miembro destacado en la hermandad la Soledad de San Lorenzo, en Sevilla\",\"breadcrumb\":{\"@id\":\"https:\/\/www.ignaciovalduerteles.es\/blog\/articulos\/expansion\/%c2%a1fallaste-corazon\/#breadcrumb\"},\"inLanguage\":\"es\",\"potentialAction\":[{\"@type\":\"ReadAction\",\"target\":[\"https:\/\/www.ignaciovalduerteles.es\/blog\/articulos\/expansion\/%c2%a1fallaste-corazon\/\"]}]},{\"@type\":\"BreadcrumbList\",\"@id\":\"https:\/\/www.ignaciovalduerteles.es\/blog\/articulos\/expansion\/%c2%a1fallaste-corazon\/#breadcrumb\",\"itemListElement\":[{\"@type\":\"ListItem\",\"position\":1,\"name\":\"Portada\",\"item\":\"https:\/\/www.ignaciovalduerteles.es\/blog\/\"},{\"@type\":\"ListItem\",\"position\":2,\"name\":\"Art\u00edculos\",\"item\":\"https:\/\/www.ignaciovalduerteles.es\/blog\/articulos\/\"},{\"@type\":\"ListItem\",\"position\":3,\"name\":\"Expansi\u00f3n\",\"item\":\"https:\/\/www.ignaciovalduerteles.es\/blog\/articulos\/expansion\/\"},{\"@type\":\"ListItem\",\"position\":4,\"name\":\"\u00ab\u00a1FALLASTE CORAZ\u00d3N!\u00bb\"}]}]}<\/script>\n<!-- \/ Yoast SEO plugin. -->","yoast_head_json":{"title":"\"\u00a1FALLASTE CORAZ\u00d3N!\" - Ignacio Valduerteles Bartos","description":"Blog personal de Ignacio Valdu\u00e9rteles, Dr. en Administraci\u00f3n y Direcci\u00f3n de Empresas y miembro destacado en la hermandad la Soledad de San Lorenzo, en Sevilla","robots":{"index":"index","follow":"follow","max-snippet":"max-snippet:-1","max-image-preview":"max-image-preview:large","max-video-preview":"max-video-preview:-1"},"canonical":"https:\/\/www.ignaciovalduerteles.es\/blog\/articulos\/expansion\/\u00a1fallaste-corazon\/","og_locale":"es_ES","og_type":"article","og_title":"\"\u00a1FALLASTE CORAZ\u00d3N!\" - Ignacio Valduerteles Bartos","og_description":"Blog personal de Ignacio Valdu\u00e9rteles, Dr. en Administraci\u00f3n y Direcci\u00f3n de Empresas y miembro destacado en la hermandad la Soledad de San Lorenzo, en Sevilla","og_url":"https:\/\/www.ignaciovalduerteles.es\/blog\/articulos\/expansion\/\u00a1fallaste-corazon\/","og_site_name":"Ignacio Valduerteles Bartos","article_modified_time":"2011-07-31T20:11:17+00:00","og_image":[{"width":1024,"height":292,"url":"https:\/\/www.ignaciovalduerteles.es\/blog\/wp-content\/uploads\/2022\/02\/banner1-1024x292.png","type":"image\/png"}],"twitter_card":"summary_large_image","twitter_misc":{"Tiempo de lectura":"4 minutos"},"schema":{"@context":"https:\/\/schema.org","@graph":[{"@type":["Person","Organization"],"@id":"https:\/\/www.ignaciovalduerteles.es\/blog\/#\/schema\/person\/c4ab4ed77f14e0141ba3dcd9c6f501d5","name":"Ignacio Valduerteles Bartos","image":{"@type":"ImageObject","inLanguage":"es","@id":"https:\/\/www.ignaciovalduerteles.es\/blog\/#\/schema\/person\/image\/","url":"https:\/\/www.ignaciovalduerteles.es\/blog\/wp-content\/uploads\/2022\/02\/cabecera-1024x390.png","contentUrl":"https:\/\/www.ignaciovalduerteles.es\/blog\/wp-content\/uploads\/2022\/02\/cabecera-1024x390.png","width":1024,"height":390,"caption":"Ignacio Valduerteles Bartos"},"logo":{"@id":"https:\/\/www.ignaciovalduerteles.es\/blog\/#\/schema\/person\/image\/"},"sameAs":["http:\/\/www.ivb.es"]},{"@type":"WebSite","@id":"https:\/\/www.ignaciovalduerteles.es\/blog\/#website","url":"https:\/\/www.ignaciovalduerteles.es\/blog\/","name":"Ignacio Valduerteles Bartos","description":"Reflexiones y art\u00edculos del Ignacio Valdu\u00e9rteles","publisher":{"@id":"https:\/\/www.ignaciovalduerteles.es\/blog\/#\/schema\/person\/c4ab4ed77f14e0141ba3dcd9c6f501d5"},"potentialAction":[{"@type":"SearchAction","target":{"@type":"EntryPoint","urlTemplate":"https:\/\/www.ignaciovalduerteles.es\/blog\/?s={search_term_string}"},"query-input":"required name=search_term_string"}],"inLanguage":"es"},{"@type":"WebPage","@id":"https:\/\/www.ignaciovalduerteles.es\/blog\/articulos\/expansion\/%c2%a1fallaste-corazon\/#webpage","url":"https:\/\/www.ignaciovalduerteles.es\/blog\/articulos\/expansion\/%c2%a1fallaste-corazon\/","name":"\"\u00a1FALLASTE CORAZ\u00d3N!\" - Ignacio Valduerteles Bartos","isPartOf":{"@id":"https:\/\/www.ignaciovalduerteles.es\/blog\/#website"},"datePublished":"2011-07-18T20:13:42+00:00","dateModified":"2011-07-31T20:11:17+00:00","description":"Blog personal de Ignacio Valdu\u00e9rteles, Dr. en Administraci\u00f3n y Direcci\u00f3n de Empresas y miembro destacado en la hermandad la Soledad de San Lorenzo, en Sevilla","breadcrumb":{"@id":"https:\/\/www.ignaciovalduerteles.es\/blog\/articulos\/expansion\/%c2%a1fallaste-corazon\/#breadcrumb"},"inLanguage":"es","potentialAction":[{"@type":"ReadAction","target":["https:\/\/www.ignaciovalduerteles.es\/blog\/articulos\/expansion\/%c2%a1fallaste-corazon\/"]}]},{"@type":"BreadcrumbList","@id":"https:\/\/www.ignaciovalduerteles.es\/blog\/articulos\/expansion\/%c2%a1fallaste-corazon\/#breadcrumb","itemListElement":[{"@type":"ListItem","position":1,"name":"Portada","item":"https:\/\/www.ignaciovalduerteles.es\/blog\/"},{"@type":"ListItem","position":2,"name":"Art\u00edculos","item":"https:\/\/www.ignaciovalduerteles.es\/blog\/articulos\/"},{"@type":"ListItem","position":3,"name":"Expansi\u00f3n","item":"https:\/\/www.ignaciovalduerteles.es\/blog\/articulos\/expansion\/"},{"@type":"ListItem","position":4,"name":"\u00ab\u00a1FALLASTE CORAZ\u00d3N!\u00bb"}]}]}},"_links":{"self":[{"href":"https:\/\/www.ignaciovalduerteles.es\/blog\/wp-json\/wp\/v2\/pages\/389"}],"collection":[{"href":"https:\/\/www.ignaciovalduerteles.es\/blog\/wp-json\/wp\/v2\/pages"}],"about":[{"href":"https:\/\/www.ignaciovalduerteles.es\/blog\/wp-json\/wp\/v2\/types\/page"}],"author":[{"embeddable":true,"href":"https:\/\/www.ignaciovalduerteles.es\/blog\/wp-json\/wp\/v2\/users\/1"}],"replies":[{"embeddable":true,"href":"https:\/\/www.ignaciovalduerteles.es\/blog\/wp-json\/wp\/v2\/comments?post=389"}],"version-history":[{"count":3,"href":"https:\/\/www.ignaciovalduerteles.es\/blog\/wp-json\/wp\/v2\/pages\/389\/revisions"}],"predecessor-version":[{"id":391,"href":"https:\/\/www.ignaciovalduerteles.es\/blog\/wp-json\/wp\/v2\/pages\/389\/revisions\/391"}],"up":[{"embeddable":true,"href":"https:\/\/www.ignaciovalduerteles.es\/blog\/wp-json\/wp\/v2\/pages\/21"}],"wp:attachment":[{"href":"https:\/\/www.ignaciovalduerteles.es\/blog\/wp-json\/wp\/v2\/media?parent=389"}],"curies":[{"name":"wp","href":"https:\/\/api.w.org\/{rel}","templated":true}]}}