{"id":407,"date":"2011-07-20T17:56:44","date_gmt":"2011-07-20T17:56:44","guid":{"rendered":"http:\/\/www.guadaoliva.comlu.com\/blog\/?page_id=407"},"modified":"2011-07-20T17:56:44","modified_gmt":"2011-07-20T17:56:44","slug":"ponga-un-master-en-su-vida","status":"publish","type":"page","link":"https:\/\/www.ignaciovalduerteles.es\/blog\/articulos\/otros-articulos\/revista-empresarios-autonomos\/ponga-un-master-en-su-vida\/","title":{"rendered":"Ponga un Master en su vida"},"content":{"rendered":"<p style=\"text-align: justify;\">\u00a0 \u00a0 \u00a0 \u00a0 \u00a0 \u00a0\u00a0<span style=\"color: #000080;\">A las tres de la ma\u00f1ana,\u00a0 con dos ni\u00f1os llorando,\u00a0 uno de ellos por \u00a0fiebre y el otro no se sabe por qu\u00e9 (quiz\u00e1 por solidaridad con su hermano), mientras busca desesperadamente unas gotas que bajen la fiebre, el padre se pregunta: \u201c\u00bfPor qu\u00e9 no me dieron, al casarme, un Libro de Instrucciones en el se explicara todo esto?\u201d:<\/span><\/p>\n<p style=\"text-align: justify;\"><span style=\"color: #000080;\">\u00a0\u00a0 \u00a0 \u00a0 \u00a0 \u00a0 Suele pasar. \u00a0En la familia y en la empresa. Normalmente uno se lanza con tanta ilusi\u00f3n como falta de formaci\u00f3n a formar una familia o a montar una empresa. Hace falta estar un poco loco y muy ilusionado para embarcarse en esas aventuras. Pero la ilusi\u00f3n no lo es todo. Unos proyectos tan importantes como esos no salen s\u00f3lo a golpe de entusiasmo, tienen que complementarse con una serie de valores personales y con una formaci\u00f3n b\u00e1sica, imprescindible si no se quiere correr el riesgo de fracasar con la misma vehemencia con que se comenz\u00f3.<\/span><\/p>\n<p style=\"text-align: justify;\"><span style=\"color: #000080;\">Dejando por ahora a un lado el tema del matrimonio (volveremos sobre \u00e9l alg\u00fan d\u00eda, porque es una de las claves de una sociedad sana y libre, imprescindible para el desarrollo de iniciativas emprendedoras), vamos a centrarnos en la empresa, en la necesidad de reforzar el entusiasmo con una razonable dosis de formaci\u00f3n.<\/span><\/p>\n<p style=\"text-align: justify;\"><span style=\"color: #000080;\">Los golpes de suerte en los negocios son escasos, suelen ser el resultado de una buena planificaci\u00f3n y de un trabajo intenso y continuo. Incluso\u00a0 cuando se dan, si no hay un empresario lo suficientemente formado como para reconocer esa buena coyuntura, \u00e9sta pasa de largo.<\/span><\/p>\n<p style=\"text-align: justify;\"><span style=\"color: #000080;\">Una de las caracter\u00edsticas comunes a los\u00a0 buenos empresarios es su capacidad de an\u00e1lisis.\u00a0 No es algo que surge por casualidad, es el fruto de una preparaci\u00f3n intensa y continua que debe dotarse, adem\u00e1s, de las herramientas de contabilidad, finanzas, planificaci\u00f3n estrat\u00e9gica, pol\u00edtica de empresa, direcci\u00f3n comercial y relaciones humanas, entre otras cosas. Esto s\u00f3lo se consigue prepar\u00e1ndose, de forma continua, esforzada y sistem\u00e1tica, para mejorar la cualificaci\u00f3n profesional como empresario.<\/span><\/p>\n<p style=\"text-align: justify;\"><span style=\"color: #000080;\">No se trata s\u00f3lo de hacer un <em>m\u00e1ster<\/em> \u2013aunque podr\u00eda ser una buena opci\u00f3n-. Hay otras posibilidades. Son muchas las entidades que organizan cursos y seminarios sobre los m\u00e1s variados temas y\u00a0 para cualquier nivel.\u00a0 Tampoco se trata de apuntarse a todo lo que uno vea. Lo que sugiero es algo m\u00e1s racional: lo primero analizar cu\u00e1les son mis puntos d\u00e9biles, aquellos en los que necesito una mayor formaci\u00f3n: puede ser ventas, an\u00e1lisis de balances, comercio internacional o cualquier otra materia. A partir de ah\u00ed, con la ayuda de organizaciones empresariales -tanto la CEA, como CAT Andaluc\u00eda son\u00a0 referencias ineludibles\u00a0 en temas de formaci\u00f3n-,\u00a0 verificar cu\u00e1les son\u00a0 sus ofertas formativas y dise\u00f1ar cada uno su propio plan de formaci\u00f3n.<\/span><\/p>\n<p style=\"text-align: justify;\"><span style=\"color: #000080;\">Ir picoteando cursos, sin m\u00e1s criterio que el atractivo que pueda deducirse del folleto que los anuncia,\u00a0 puede ser una p\u00e9rdida de tiempo y de esfuerzos, adem\u00e1s de matar la ilusi\u00f3n en los temas formativos.\u00a0 No existen \u201ccursos-milagro\u201d, del tipo: \u201cAprenda ingl\u00e9s en quince d\u00edas y sin esfuerzo\u201d, como tampoco existen las \u201cdietas-milagro\u201d: \u201cPierda diez kilos en una semana, comiendo de todo\u201d. Lo que existe es el trabajo planificado, riguroso y la voluntad decidida de alcanzar una mayor cualificaci\u00f3n profesional. No basta con ser un excelente productor, de bienes o servicios, o un excelente vendedor. Hay que ser un excelente empresario.<\/span><\/p>\n","protected":false},"excerpt":{"rendered":"<p>\u00a0 \u00a0 \u00a0 \u00a0 \u00a0 \u00a0\u00a0A las tres de la ma\u00f1ana,\u00a0 con dos ni\u00f1os llorando,\u00a0 uno de ellos por \u00a0fiebre y el otro no se sabe por qu\u00e9 (quiz\u00e1 por solidaridad con su hermano), mientras busca desesperadamente unas gotas que &hellip; <a href=\"https:\/\/www.ignaciovalduerteles.es\/blog\/articulos\/otros-articulos\/revista-empresarios-autonomos\/ponga-un-master-en-su-vida\/\">Continuar<\/a><\/p>\n","protected":false},"author":1,"featured_media":0,"parent":72,"menu_order":0,"comment_status":"open","ping_status":"open","template":"sidebar-page.php","meta":{"kt_blocks_editor_width":""},"yoast_head":"<!-- This site is optimized with the Yoast SEO plugin v19.0 - https:\/\/yoast.com\/wordpress\/plugins\/seo\/ -->\n<title>Ponga un Master en su vida - Ignacio Valduerteles Bartos<\/title>\n<meta name=\"description\" content=\"Blog personal de Ignacio Valdu\u00e9rteles, Dr. en Administraci\u00f3n y Direcci\u00f3n de Empresas y miembro destacado en la hermandad la Soledad de San Lorenzo, en Sevilla\" \/>\n<meta name=\"robots\" content=\"index, follow, max-snippet:-1, max-image-preview:large, max-video-preview:-1\" \/>\n<link rel=\"canonical\" href=\"https:\/\/www.ignaciovalduerteles.es\/blog\/articulos\/otros-articulos\/revista-empresarios-autonomos\/ponga-un-master-en-su-vida\/\" \/>\n<meta property=\"og:locale\" content=\"es_ES\" \/>\n<meta property=\"og:type\" content=\"article\" \/>\n<meta property=\"og:title\" content=\"Ponga un Master en su vida - Ignacio Valduerteles Bartos\" \/>\n<meta property=\"og:description\" content=\"Blog personal de Ignacio Valdu\u00e9rteles, Dr. en Administraci\u00f3n y Direcci\u00f3n de Empresas y miembro destacado en la hermandad la Soledad de San Lorenzo, en Sevilla\" \/>\n<meta property=\"og:url\" content=\"https:\/\/www.ignaciovalduerteles.es\/blog\/articulos\/otros-articulos\/revista-empresarios-autonomos\/ponga-un-master-en-su-vida\/\" \/>\n<meta property=\"og:site_name\" content=\"Ignacio Valduerteles Bartos\" \/>\n<meta property=\"og:image\" content=\"https:\/\/www.ignaciovalduerteles.es\/blog\/wp-content\/uploads\/2022\/02\/banner1-1024x292.png\" \/>\n\t<meta property=\"og:image:width\" content=\"1024\" \/>\n\t<meta property=\"og:image:height\" content=\"292\" \/>\n\t<meta property=\"og:image:type\" content=\"image\/png\" \/>\n<meta name=\"twitter:card\" content=\"summary_large_image\" \/>\n<meta name=\"twitter:label1\" content=\"Tiempo de lectura\" \/>\n\t<meta name=\"twitter:data1\" content=\"3 minutos\" \/>\n<script type=\"application\/ld+json\" class=\"yoast-schema-graph\">{\"@context\":\"https:\/\/schema.org\",\"@graph\":[{\"@type\":[\"Person\",\"Organization\"],\"@id\":\"https:\/\/www.ignaciovalduerteles.es\/blog\/#\/schema\/person\/c4ab4ed77f14e0141ba3dcd9c6f501d5\",\"name\":\"Ignacio Valduerteles Bartos\",\"image\":{\"@type\":\"ImageObject\",\"inLanguage\":\"es\",\"@id\":\"https:\/\/www.ignaciovalduerteles.es\/blog\/#\/schema\/person\/image\/\",\"url\":\"https:\/\/www.ignaciovalduerteles.es\/blog\/wp-content\/uploads\/2022\/02\/cabecera-1024x390.png\",\"contentUrl\":\"https:\/\/www.ignaciovalduerteles.es\/blog\/wp-content\/uploads\/2022\/02\/cabecera-1024x390.png\",\"width\":1024,\"height\":390,\"caption\":\"Ignacio Valduerteles Bartos\"},\"logo\":{\"@id\":\"https:\/\/www.ignaciovalduerteles.es\/blog\/#\/schema\/person\/image\/\"},\"sameAs\":[\"http:\/\/www.ivb.es\"]},{\"@type\":\"WebSite\",\"@id\":\"https:\/\/www.ignaciovalduerteles.es\/blog\/#website\",\"url\":\"https:\/\/www.ignaciovalduerteles.es\/blog\/\",\"name\":\"Ignacio Valduerteles Bartos\",\"description\":\"Reflexiones y art\u00edculos del Ignacio Valdu\u00e9rteles\",\"publisher\":{\"@id\":\"https:\/\/www.ignaciovalduerteles.es\/blog\/#\/schema\/person\/c4ab4ed77f14e0141ba3dcd9c6f501d5\"},\"potentialAction\":[{\"@type\":\"SearchAction\",\"target\":{\"@type\":\"EntryPoint\",\"urlTemplate\":\"https:\/\/www.ignaciovalduerteles.es\/blog\/?s={search_term_string}\"},\"query-input\":\"required name=search_term_string\"}],\"inLanguage\":\"es\"},{\"@type\":\"WebPage\",\"@id\":\"https:\/\/www.ignaciovalduerteles.es\/blog\/articulos\/otros-articulos\/revista-empresarios-autonomos\/ponga-un-master-en-su-vida\/#webpage\",\"url\":\"https:\/\/www.ignaciovalduerteles.es\/blog\/articulos\/otros-articulos\/revista-empresarios-autonomos\/ponga-un-master-en-su-vida\/\",\"name\":\"Ponga un Master en su vida - Ignacio Valduerteles Bartos\",\"isPartOf\":{\"@id\":\"https:\/\/www.ignaciovalduerteles.es\/blog\/#website\"},\"datePublished\":\"2011-07-20T17:56:44+00:00\",\"dateModified\":\"2011-07-20T17:56:44+00:00\",\"description\":\"Blog personal de Ignacio Valdu\u00e9rteles, Dr. en Administraci\u00f3n y Direcci\u00f3n de Empresas y miembro destacado en la hermandad la Soledad de San Lorenzo, en Sevilla\",\"breadcrumb\":{\"@id\":\"https:\/\/www.ignaciovalduerteles.es\/blog\/articulos\/otros-articulos\/revista-empresarios-autonomos\/ponga-un-master-en-su-vida\/#breadcrumb\"},\"inLanguage\":\"es\",\"potentialAction\":[{\"@type\":\"ReadAction\",\"target\":[\"https:\/\/www.ignaciovalduerteles.es\/blog\/articulos\/otros-articulos\/revista-empresarios-autonomos\/ponga-un-master-en-su-vida\/\"]}]},{\"@type\":\"BreadcrumbList\",\"@id\":\"https:\/\/www.ignaciovalduerteles.es\/blog\/articulos\/otros-articulos\/revista-empresarios-autonomos\/ponga-un-master-en-su-vida\/#breadcrumb\",\"itemListElement\":[{\"@type\":\"ListItem\",\"position\":1,\"name\":\"Portada\",\"item\":\"https:\/\/www.ignaciovalduerteles.es\/blog\/\"},{\"@type\":\"ListItem\",\"position\":2,\"name\":\"Art\u00edculos\",\"item\":\"https:\/\/www.ignaciovalduerteles.es\/blog\/articulos\/\"},{\"@type\":\"ListItem\",\"position\":3,\"name\":\"Otros Art\u00edculos\",\"item\":\"https:\/\/www.ignaciovalduerteles.es\/blog\/articulos\/otros-articulos\/\"},{\"@type\":\"ListItem\",\"position\":4,\"name\":\"Revista Empresarios Aut\u00f3nomos\",\"item\":\"https:\/\/www.ignaciovalduerteles.es\/blog\/articulos\/otros-articulos\/revista-empresarios-autonomos\/\"},{\"@type\":\"ListItem\",\"position\":5,\"name\":\"Ponga un Master en su vida\"}]}]}<\/script>\n<!-- \/ Yoast SEO plugin. -->","yoast_head_json":{"title":"Ponga un Master en su vida - Ignacio Valduerteles Bartos","description":"Blog personal de Ignacio Valdu\u00e9rteles, Dr. en Administraci\u00f3n y Direcci\u00f3n de Empresas y miembro destacado en la hermandad la Soledad de San Lorenzo, en Sevilla","robots":{"index":"index","follow":"follow","max-snippet":"max-snippet:-1","max-image-preview":"max-image-preview:large","max-video-preview":"max-video-preview:-1"},"canonical":"https:\/\/www.ignaciovalduerteles.es\/blog\/articulos\/otros-articulos\/revista-empresarios-autonomos\/ponga-un-master-en-su-vida\/","og_locale":"es_ES","og_type":"article","og_title":"Ponga un Master en su vida - Ignacio Valduerteles Bartos","og_description":"Blog personal de Ignacio Valdu\u00e9rteles, Dr. en Administraci\u00f3n y Direcci\u00f3n de Empresas y miembro destacado en la hermandad la Soledad de San Lorenzo, en Sevilla","og_url":"https:\/\/www.ignaciovalduerteles.es\/blog\/articulos\/otros-articulos\/revista-empresarios-autonomos\/ponga-un-master-en-su-vida\/","og_site_name":"Ignacio Valduerteles Bartos","og_image":[{"width":1024,"height":292,"url":"https:\/\/www.ignaciovalduerteles.es\/blog\/wp-content\/uploads\/2022\/02\/banner1-1024x292.png","type":"image\/png"}],"twitter_card":"summary_large_image","twitter_misc":{"Tiempo de lectura":"3 minutos"},"schema":{"@context":"https:\/\/schema.org","@graph":[{"@type":["Person","Organization"],"@id":"https:\/\/www.ignaciovalduerteles.es\/blog\/#\/schema\/person\/c4ab4ed77f14e0141ba3dcd9c6f501d5","name":"Ignacio Valduerteles Bartos","image":{"@type":"ImageObject","inLanguage":"es","@id":"https:\/\/www.ignaciovalduerteles.es\/blog\/#\/schema\/person\/image\/","url":"https:\/\/www.ignaciovalduerteles.es\/blog\/wp-content\/uploads\/2022\/02\/cabecera-1024x390.png","contentUrl":"https:\/\/www.ignaciovalduerteles.es\/blog\/wp-content\/uploads\/2022\/02\/cabecera-1024x390.png","width":1024,"height":390,"caption":"Ignacio Valduerteles Bartos"},"logo":{"@id":"https:\/\/www.ignaciovalduerteles.es\/blog\/#\/schema\/person\/image\/"},"sameAs":["http:\/\/www.ivb.es"]},{"@type":"WebSite","@id":"https:\/\/www.ignaciovalduerteles.es\/blog\/#website","url":"https:\/\/www.ignaciovalduerteles.es\/blog\/","name":"Ignacio Valduerteles Bartos","description":"Reflexiones y art\u00edculos del Ignacio Valdu\u00e9rteles","publisher":{"@id":"https:\/\/www.ignaciovalduerteles.es\/blog\/#\/schema\/person\/c4ab4ed77f14e0141ba3dcd9c6f501d5"},"potentialAction":[{"@type":"SearchAction","target":{"@type":"EntryPoint","urlTemplate":"https:\/\/www.ignaciovalduerteles.es\/blog\/?s={search_term_string}"},"query-input":"required name=search_term_string"}],"inLanguage":"es"},{"@type":"WebPage","@id":"https:\/\/www.ignaciovalduerteles.es\/blog\/articulos\/otros-articulos\/revista-empresarios-autonomos\/ponga-un-master-en-su-vida\/#webpage","url":"https:\/\/www.ignaciovalduerteles.es\/blog\/articulos\/otros-articulos\/revista-empresarios-autonomos\/ponga-un-master-en-su-vida\/","name":"Ponga un Master en su vida - Ignacio Valduerteles Bartos","isPartOf":{"@id":"https:\/\/www.ignaciovalduerteles.es\/blog\/#website"},"datePublished":"2011-07-20T17:56:44+00:00","dateModified":"2011-07-20T17:56:44+00:00","description":"Blog personal de Ignacio Valdu\u00e9rteles, Dr. en Administraci\u00f3n y Direcci\u00f3n de Empresas y miembro destacado en la hermandad la Soledad de San Lorenzo, en Sevilla","breadcrumb":{"@id":"https:\/\/www.ignaciovalduerteles.es\/blog\/articulos\/otros-articulos\/revista-empresarios-autonomos\/ponga-un-master-en-su-vida\/#breadcrumb"},"inLanguage":"es","potentialAction":[{"@type":"ReadAction","target":["https:\/\/www.ignaciovalduerteles.es\/blog\/articulos\/otros-articulos\/revista-empresarios-autonomos\/ponga-un-master-en-su-vida\/"]}]},{"@type":"BreadcrumbList","@id":"https:\/\/www.ignaciovalduerteles.es\/blog\/articulos\/otros-articulos\/revista-empresarios-autonomos\/ponga-un-master-en-su-vida\/#breadcrumb","itemListElement":[{"@type":"ListItem","position":1,"name":"Portada","item":"https:\/\/www.ignaciovalduerteles.es\/blog\/"},{"@type":"ListItem","position":2,"name":"Art\u00edculos","item":"https:\/\/www.ignaciovalduerteles.es\/blog\/articulos\/"},{"@type":"ListItem","position":3,"name":"Otros Art\u00edculos","item":"https:\/\/www.ignaciovalduerteles.es\/blog\/articulos\/otros-articulos\/"},{"@type":"ListItem","position":4,"name":"Revista Empresarios Aut\u00f3nomos","item":"https:\/\/www.ignaciovalduerteles.es\/blog\/articulos\/otros-articulos\/revista-empresarios-autonomos\/"},{"@type":"ListItem","position":5,"name":"Ponga un Master en su vida"}]}]}},"_links":{"self":[{"href":"https:\/\/www.ignaciovalduerteles.es\/blog\/wp-json\/wp\/v2\/pages\/407"}],"collection":[{"href":"https:\/\/www.ignaciovalduerteles.es\/blog\/wp-json\/wp\/v2\/pages"}],"about":[{"href":"https:\/\/www.ignaciovalduerteles.es\/blog\/wp-json\/wp\/v2\/types\/page"}],"author":[{"embeddable":true,"href":"https:\/\/www.ignaciovalduerteles.es\/blog\/wp-json\/wp\/v2\/users\/1"}],"replies":[{"embeddable":true,"href":"https:\/\/www.ignaciovalduerteles.es\/blog\/wp-json\/wp\/v2\/comments?post=407"}],"version-history":[{"count":1,"href":"https:\/\/www.ignaciovalduerteles.es\/blog\/wp-json\/wp\/v2\/pages\/407\/revisions"}],"predecessor-version":[{"id":408,"href":"https:\/\/www.ignaciovalduerteles.es\/blog\/wp-json\/wp\/v2\/pages\/407\/revisions\/408"}],"up":[{"embeddable":true,"href":"https:\/\/www.ignaciovalduerteles.es\/blog\/wp-json\/wp\/v2\/pages\/72"}],"wp:attachment":[{"href":"https:\/\/www.ignaciovalduerteles.es\/blog\/wp-json\/wp\/v2\/media?parent=407"}],"curies":[{"name":"wp","href":"https:\/\/api.w.org\/{rel}","templated":true}]}}