{"id":414,"date":"2011-07-20T18:06:57","date_gmt":"2011-07-20T18:06:57","guid":{"rendered":"http:\/\/www.guadaoliva.comlu.com\/blog\/?page_id=414"},"modified":"2011-07-20T18:06:57","modified_gmt":"2011-07-20T18:06:57","slug":"la-moda-de-la-responsabilidad-social-corporativa","status":"publish","type":"page","link":"https:\/\/www.ignaciovalduerteles.es\/blog\/articulos\/otros-articulos\/revista-empresarios-autonomos\/la-moda-de-la-responsabilidad-social-corporativa\/","title":{"rendered":"La moda de la Responsabilidad Social Corporativa"},"content":{"rendered":"<p style=\"text-align: justify;\"><span style=\"color: #000080;\">Hasta hace unos a\u00f1os los empresarios ten\u00edan muy mala imagen. Eran unos capitalistas que explotaban a los obreros y obten\u00edan grandes beneficios. Gracias al esfuerzo de las organizaciones empresariales y de otras instituciones, hoy la percepci\u00f3n es mucho m\u00e1s positiva. No hace mucho, incluso, tuve ocasi\u00f3n de dirigir un seminario sobre creaci\u00f3n de empresas promovido por una organizaci\u00f3n sindical. Parece, por tanto, que los tiempos han cambiado.<\/span><\/p>\n<p style=\"text-align: justify;\"><span style=\"color: #000080;\">Han cambiado en la superficie, porque sigue existiendo un mar de fondo en el que al empresario se le tolera; pero hay que tenerlo controlado para que no se desmande. La \u00faltima exigencia, por ahora, es la de la Responsabilidad Social Corporativa. Se admite que el empresario act\u00fae, incluso que gane dinero; pero est\u00e1 obligado a devolver a la sociedad parte de los beneficios que ha sacado de la misma y el empresario, perplejo, se pregunta: \u00bfm\u00e1s a\u00fan?<\/span><\/p>\n<p style=\"text-align: justify;\"><span style=\"color: #000080;\">Imaginemos una empresa que obtiene un margen neto del diez por ciento de sus ventas. Eso quiere decir que por cada 100.000 euros de ingresos, ha aportado 90.000 euros a la sociedad en forma de compras efectuadas, gastos incurridos, salarios pagados y aportaciones a la seguridad social. Adem\u00e1s ha colaborado gratuitamente con Hacienda, convirti\u00e9ndose en agente recaudador de las retenciones a cuenta del Impuesto sobre la Renta de sus empleados. Tambi\u00e9n liquida, y en su caso ingresa, el IVA. Una vez que ha terminado de aportar a la sociedad esos 90.000 \u20ac a\u00fan le queda algo por hacer: entrega un 25% de sus beneficios a Hacienda, que los redistribuir\u00e1 en funci\u00f3n de las necesidades sociales. Todo eso si las cosas van bien. Si vienen mal dadas tendr\u00e1 que aportar su patrimonio personal para cumplir todas esas obligaciones sociales.<\/span><\/p>\n<p style=\"text-align: justify;\"><span style=\"color: #000080;\">Pero ya digo que, en determinados ambientes, al empresario parece que se le tolera; pero hay que atarlo en corto. As\u00ed surge la Responsabilidad Social Corporativa. El empresario debe acreditar, adem\u00e1s, que tiene una cierta preocupaci\u00f3n social que, al final, se concretar\u00e1 en otro recorte de su margen neto.<\/span><\/p>\n<p style=\"text-align: justify;\"><span style=\"color: #000080;\">\u00a0Asumiendo el riesgo de ser anatematizado por los guardianes de la ortodoxia social, entiendo que la primera responsabilidad social de la empresa es ganar dinero; obtener beneficios \u2013l\u00edcitamente-, cuantos m\u00e1s mejor. Mejor para la sociedad, a la que aportar\u00e1 m\u00e1s, y mejor para \u00e9l, que ver\u00e1 recompensado su riesgo y podr\u00e1 reinvertir esos beneficios en ampliar su empresa o en nuevas iniciativas empresariales.<\/span><\/p>\n<p style=\"text-align: justify;\">\n<p style=\"text-align: justify;\"><span style=\"color: #000080;\">Es consustancial a la condici\u00f3n de empresario la preocupaci\u00f3n por su entorno social. A veces no son grandes actuaciones; pero s\u00ed muchas peque\u00f1as que, sumadas, contribuyen a una eficaz mejora de su espacio vital. Regalar unas equipaciones de f\u00fatbol al equipo de su barrio; reparaciones gratuitas en esa obra social que solicit\u00f3 su ayuda; publicar un anuncio en el bolet\u00edn de la Hermandad; admitir alumnos en pr\u00e1cticas. Todo eso, y muchas cosas m\u00e1s que se vienen haciendo a diario, es aut\u00e9ntica Responsabilidad Social Corporativa, pegada al terreno y a las necesidades reales.<\/span><\/p>\n<p style=\"text-align: justify;\"><span style=\"color: #000080;\">\u00a0Cuando no se entiende ni se conf\u00eda en la libertad y la iniciativa privada, no se puede entender que el empresario asuma espont\u00e1neamente su cuota de responsabilidad en el desarrollo de la sociedad civil.<\/span><\/p>\n<p style=\"text-align: justify;\"><span style=\"color: #000080;\">\u00a0\u00bfY si dejamos a la iniciativa empresarial que siga atendiendo su responsabilidad social espont\u00e1neamente?<\/span><\/p>\n<p>&nbsp;<\/p>\n","protected":false},"excerpt":{"rendered":"<p>Hasta hace unos a\u00f1os los empresarios ten\u00edan muy mala imagen. Eran unos capitalistas que explotaban a los obreros y obten\u00edan grandes beneficios. Gracias al esfuerzo de las organizaciones empresariales y de otras instituciones, hoy la percepci\u00f3n es mucho m\u00e1s positiva. &hellip; <a href=\"https:\/\/www.ignaciovalduerteles.es\/blog\/articulos\/otros-articulos\/revista-empresarios-autonomos\/la-moda-de-la-responsabilidad-social-corporativa\/\">Continuar<\/a><\/p>\n","protected":false},"author":1,"featured_media":0,"parent":72,"menu_order":0,"comment_status":"open","ping_status":"open","template":"sidebar-page.php","meta":{"kt_blocks_editor_width":""},"yoast_head":"<!-- This site is optimized with the Yoast SEO plugin v19.0 - https:\/\/yoast.com\/wordpress\/plugins\/seo\/ -->\n<title>La moda de la Responsabilidad Social Corporativa - Ignacio Valduerteles Bartos<\/title>\n<meta name=\"description\" content=\"Blog personal de Ignacio Valdu\u00e9rteles, Dr. en Administraci\u00f3n y Direcci\u00f3n de Empresas y miembro destacado en la hermandad la Soledad de San Lorenzo, en Sevilla\" \/>\n<meta name=\"robots\" content=\"index, follow, max-snippet:-1, max-image-preview:large, max-video-preview:-1\" \/>\n<link rel=\"canonical\" href=\"https:\/\/www.ignaciovalduerteles.es\/blog\/articulos\/otros-articulos\/revista-empresarios-autonomos\/la-moda-de-la-responsabilidad-social-corporativa\/\" \/>\n<meta property=\"og:locale\" content=\"es_ES\" \/>\n<meta property=\"og:type\" content=\"article\" \/>\n<meta property=\"og:title\" content=\"La moda de la Responsabilidad Social Corporativa - Ignacio Valduerteles Bartos\" \/>\n<meta property=\"og:description\" content=\"Blog personal de Ignacio Valdu\u00e9rteles, Dr. en Administraci\u00f3n y Direcci\u00f3n de Empresas y miembro destacado en la hermandad la Soledad de San Lorenzo, en Sevilla\" \/>\n<meta property=\"og:url\" content=\"https:\/\/www.ignaciovalduerteles.es\/blog\/articulos\/otros-articulos\/revista-empresarios-autonomos\/la-moda-de-la-responsabilidad-social-corporativa\/\" \/>\n<meta property=\"og:site_name\" content=\"Ignacio Valduerteles Bartos\" \/>\n<meta property=\"og:image\" content=\"https:\/\/www.ignaciovalduerteles.es\/blog\/wp-content\/uploads\/2022\/02\/banner1-1024x292.png\" \/>\n\t<meta property=\"og:image:width\" content=\"1024\" \/>\n\t<meta property=\"og:image:height\" content=\"292\" \/>\n\t<meta property=\"og:image:type\" content=\"image\/png\" \/>\n<meta name=\"twitter:card\" content=\"summary_large_image\" \/>\n<meta name=\"twitter:label1\" content=\"Tiempo de lectura\" \/>\n\t<meta name=\"twitter:data1\" content=\"3 minutos\" \/>\n<script type=\"application\/ld+json\" class=\"yoast-schema-graph\">{\"@context\":\"https:\/\/schema.org\",\"@graph\":[{\"@type\":[\"Person\",\"Organization\"],\"@id\":\"https:\/\/www.ignaciovalduerteles.es\/blog\/#\/schema\/person\/c4ab4ed77f14e0141ba3dcd9c6f501d5\",\"name\":\"Ignacio Valduerteles Bartos\",\"image\":{\"@type\":\"ImageObject\",\"inLanguage\":\"es\",\"@id\":\"https:\/\/www.ignaciovalduerteles.es\/blog\/#\/schema\/person\/image\/\",\"url\":\"https:\/\/www.ignaciovalduerteles.es\/blog\/wp-content\/uploads\/2022\/02\/cabecera-1024x390.png\",\"contentUrl\":\"https:\/\/www.ignaciovalduerteles.es\/blog\/wp-content\/uploads\/2022\/02\/cabecera-1024x390.png\",\"width\":1024,\"height\":390,\"caption\":\"Ignacio Valduerteles Bartos\"},\"logo\":{\"@id\":\"https:\/\/www.ignaciovalduerteles.es\/blog\/#\/schema\/person\/image\/\"},\"sameAs\":[\"http:\/\/www.ivb.es\"]},{\"@type\":\"WebSite\",\"@id\":\"https:\/\/www.ignaciovalduerteles.es\/blog\/#website\",\"url\":\"https:\/\/www.ignaciovalduerteles.es\/blog\/\",\"name\":\"Ignacio Valduerteles Bartos\",\"description\":\"Reflexiones y art\u00edculos del Ignacio Valdu\u00e9rteles\",\"publisher\":{\"@id\":\"https:\/\/www.ignaciovalduerteles.es\/blog\/#\/schema\/person\/c4ab4ed77f14e0141ba3dcd9c6f501d5\"},\"potentialAction\":[{\"@type\":\"SearchAction\",\"target\":{\"@type\":\"EntryPoint\",\"urlTemplate\":\"https:\/\/www.ignaciovalduerteles.es\/blog\/?s={search_term_string}\"},\"query-input\":\"required name=search_term_string\"}],\"inLanguage\":\"es\"},{\"@type\":\"WebPage\",\"@id\":\"https:\/\/www.ignaciovalduerteles.es\/blog\/articulos\/otros-articulos\/revista-empresarios-autonomos\/la-moda-de-la-responsabilidad-social-corporativa\/#webpage\",\"url\":\"https:\/\/www.ignaciovalduerteles.es\/blog\/articulos\/otros-articulos\/revista-empresarios-autonomos\/la-moda-de-la-responsabilidad-social-corporativa\/\",\"name\":\"La moda de la Responsabilidad Social Corporativa - Ignacio Valduerteles Bartos\",\"isPartOf\":{\"@id\":\"https:\/\/www.ignaciovalduerteles.es\/blog\/#website\"},\"datePublished\":\"2011-07-20T18:06:57+00:00\",\"dateModified\":\"2011-07-20T18:06:57+00:00\",\"description\":\"Blog personal de Ignacio Valdu\u00e9rteles, Dr. en Administraci\u00f3n y Direcci\u00f3n de Empresas y miembro destacado en la hermandad la Soledad de San Lorenzo, en Sevilla\",\"breadcrumb\":{\"@id\":\"https:\/\/www.ignaciovalduerteles.es\/blog\/articulos\/otros-articulos\/revista-empresarios-autonomos\/la-moda-de-la-responsabilidad-social-corporativa\/#breadcrumb\"},\"inLanguage\":\"es\",\"potentialAction\":[{\"@type\":\"ReadAction\",\"target\":[\"https:\/\/www.ignaciovalduerteles.es\/blog\/articulos\/otros-articulos\/revista-empresarios-autonomos\/la-moda-de-la-responsabilidad-social-corporativa\/\"]}]},{\"@type\":\"BreadcrumbList\",\"@id\":\"https:\/\/www.ignaciovalduerteles.es\/blog\/articulos\/otros-articulos\/revista-empresarios-autonomos\/la-moda-de-la-responsabilidad-social-corporativa\/#breadcrumb\",\"itemListElement\":[{\"@type\":\"ListItem\",\"position\":1,\"name\":\"Portada\",\"item\":\"https:\/\/www.ignaciovalduerteles.es\/blog\/\"},{\"@type\":\"ListItem\",\"position\":2,\"name\":\"Art\u00edculos\",\"item\":\"https:\/\/www.ignaciovalduerteles.es\/blog\/articulos\/\"},{\"@type\":\"ListItem\",\"position\":3,\"name\":\"Otros Art\u00edculos\",\"item\":\"https:\/\/www.ignaciovalduerteles.es\/blog\/articulos\/otros-articulos\/\"},{\"@type\":\"ListItem\",\"position\":4,\"name\":\"Revista Empresarios Aut\u00f3nomos\",\"item\":\"https:\/\/www.ignaciovalduerteles.es\/blog\/articulos\/otros-articulos\/revista-empresarios-autonomos\/\"},{\"@type\":\"ListItem\",\"position\":5,\"name\":\"La moda de la Responsabilidad Social Corporativa\"}]}]}<\/script>\n<!-- \/ Yoast SEO plugin. -->","yoast_head_json":{"title":"La moda de la Responsabilidad Social Corporativa - Ignacio Valduerteles Bartos","description":"Blog personal de Ignacio Valdu\u00e9rteles, Dr. en Administraci\u00f3n y Direcci\u00f3n de Empresas y miembro destacado en la hermandad la Soledad de San Lorenzo, en Sevilla","robots":{"index":"index","follow":"follow","max-snippet":"max-snippet:-1","max-image-preview":"max-image-preview:large","max-video-preview":"max-video-preview:-1"},"canonical":"https:\/\/www.ignaciovalduerteles.es\/blog\/articulos\/otros-articulos\/revista-empresarios-autonomos\/la-moda-de-la-responsabilidad-social-corporativa\/","og_locale":"es_ES","og_type":"article","og_title":"La moda de la Responsabilidad Social Corporativa - Ignacio Valduerteles Bartos","og_description":"Blog personal de Ignacio Valdu\u00e9rteles, Dr. en Administraci\u00f3n y Direcci\u00f3n de Empresas y miembro destacado en la hermandad la Soledad de San Lorenzo, en Sevilla","og_url":"https:\/\/www.ignaciovalduerteles.es\/blog\/articulos\/otros-articulos\/revista-empresarios-autonomos\/la-moda-de-la-responsabilidad-social-corporativa\/","og_site_name":"Ignacio Valduerteles Bartos","og_image":[{"width":1024,"height":292,"url":"https:\/\/www.ignaciovalduerteles.es\/blog\/wp-content\/uploads\/2022\/02\/banner1-1024x292.png","type":"image\/png"}],"twitter_card":"summary_large_image","twitter_misc":{"Tiempo de lectura":"3 minutos"},"schema":{"@context":"https:\/\/schema.org","@graph":[{"@type":["Person","Organization"],"@id":"https:\/\/www.ignaciovalduerteles.es\/blog\/#\/schema\/person\/c4ab4ed77f14e0141ba3dcd9c6f501d5","name":"Ignacio Valduerteles Bartos","image":{"@type":"ImageObject","inLanguage":"es","@id":"https:\/\/www.ignaciovalduerteles.es\/blog\/#\/schema\/person\/image\/","url":"https:\/\/www.ignaciovalduerteles.es\/blog\/wp-content\/uploads\/2022\/02\/cabecera-1024x390.png","contentUrl":"https:\/\/www.ignaciovalduerteles.es\/blog\/wp-content\/uploads\/2022\/02\/cabecera-1024x390.png","width":1024,"height":390,"caption":"Ignacio Valduerteles Bartos"},"logo":{"@id":"https:\/\/www.ignaciovalduerteles.es\/blog\/#\/schema\/person\/image\/"},"sameAs":["http:\/\/www.ivb.es"]},{"@type":"WebSite","@id":"https:\/\/www.ignaciovalduerteles.es\/blog\/#website","url":"https:\/\/www.ignaciovalduerteles.es\/blog\/","name":"Ignacio Valduerteles Bartos","description":"Reflexiones y art\u00edculos del Ignacio Valdu\u00e9rteles","publisher":{"@id":"https:\/\/www.ignaciovalduerteles.es\/blog\/#\/schema\/person\/c4ab4ed77f14e0141ba3dcd9c6f501d5"},"potentialAction":[{"@type":"SearchAction","target":{"@type":"EntryPoint","urlTemplate":"https:\/\/www.ignaciovalduerteles.es\/blog\/?s={search_term_string}"},"query-input":"required name=search_term_string"}],"inLanguage":"es"},{"@type":"WebPage","@id":"https:\/\/www.ignaciovalduerteles.es\/blog\/articulos\/otros-articulos\/revista-empresarios-autonomos\/la-moda-de-la-responsabilidad-social-corporativa\/#webpage","url":"https:\/\/www.ignaciovalduerteles.es\/blog\/articulos\/otros-articulos\/revista-empresarios-autonomos\/la-moda-de-la-responsabilidad-social-corporativa\/","name":"La moda de la Responsabilidad Social Corporativa - Ignacio Valduerteles Bartos","isPartOf":{"@id":"https:\/\/www.ignaciovalduerteles.es\/blog\/#website"},"datePublished":"2011-07-20T18:06:57+00:00","dateModified":"2011-07-20T18:06:57+00:00","description":"Blog personal de Ignacio Valdu\u00e9rteles, Dr. en Administraci\u00f3n y Direcci\u00f3n de Empresas y miembro destacado en la hermandad la Soledad de San Lorenzo, en Sevilla","breadcrumb":{"@id":"https:\/\/www.ignaciovalduerteles.es\/blog\/articulos\/otros-articulos\/revista-empresarios-autonomos\/la-moda-de-la-responsabilidad-social-corporativa\/#breadcrumb"},"inLanguage":"es","potentialAction":[{"@type":"ReadAction","target":["https:\/\/www.ignaciovalduerteles.es\/blog\/articulos\/otros-articulos\/revista-empresarios-autonomos\/la-moda-de-la-responsabilidad-social-corporativa\/"]}]},{"@type":"BreadcrumbList","@id":"https:\/\/www.ignaciovalduerteles.es\/blog\/articulos\/otros-articulos\/revista-empresarios-autonomos\/la-moda-de-la-responsabilidad-social-corporativa\/#breadcrumb","itemListElement":[{"@type":"ListItem","position":1,"name":"Portada","item":"https:\/\/www.ignaciovalduerteles.es\/blog\/"},{"@type":"ListItem","position":2,"name":"Art\u00edculos","item":"https:\/\/www.ignaciovalduerteles.es\/blog\/articulos\/"},{"@type":"ListItem","position":3,"name":"Otros Art\u00edculos","item":"https:\/\/www.ignaciovalduerteles.es\/blog\/articulos\/otros-articulos\/"},{"@type":"ListItem","position":4,"name":"Revista Empresarios Aut\u00f3nomos","item":"https:\/\/www.ignaciovalduerteles.es\/blog\/articulos\/otros-articulos\/revista-empresarios-autonomos\/"},{"@type":"ListItem","position":5,"name":"La moda de la Responsabilidad Social Corporativa"}]}]}},"_links":{"self":[{"href":"https:\/\/www.ignaciovalduerteles.es\/blog\/wp-json\/wp\/v2\/pages\/414"}],"collection":[{"href":"https:\/\/www.ignaciovalduerteles.es\/blog\/wp-json\/wp\/v2\/pages"}],"about":[{"href":"https:\/\/www.ignaciovalduerteles.es\/blog\/wp-json\/wp\/v2\/types\/page"}],"author":[{"embeddable":true,"href":"https:\/\/www.ignaciovalduerteles.es\/blog\/wp-json\/wp\/v2\/users\/1"}],"replies":[{"embeddable":true,"href":"https:\/\/www.ignaciovalduerteles.es\/blog\/wp-json\/wp\/v2\/comments?post=414"}],"version-history":[{"count":1,"href":"https:\/\/www.ignaciovalduerteles.es\/blog\/wp-json\/wp\/v2\/pages\/414\/revisions"}],"predecessor-version":[{"id":415,"href":"https:\/\/www.ignaciovalduerteles.es\/blog\/wp-json\/wp\/v2\/pages\/414\/revisions\/415"}],"up":[{"embeddable":true,"href":"https:\/\/www.ignaciovalduerteles.es\/blog\/wp-json\/wp\/v2\/pages\/72"}],"wp:attachment":[{"href":"https:\/\/www.ignaciovalduerteles.es\/blog\/wp-json\/wp\/v2\/media?parent=414"}],"curies":[{"name":"wp","href":"https:\/\/api.w.org\/{rel}","templated":true}]}}