{"id":476,"date":"2011-07-20T20:32:12","date_gmt":"2011-07-20T20:32:12","guid":{"rendered":"http:\/\/www.guadaoliva.comlu.com\/blog\/?page_id=476"},"modified":"2022-03-23T20:34:19","modified_gmt":"2022-03-23T19:34:19","slug":"hermandades-para-el-siglo-xxi","status":"publish","type":"page","link":"https:\/\/www.ignaciovalduerteles.es\/blog\/investigacion\/libros\/hermandades-para-el-siglo-xxi\/","title":{"rendered":"HERMANDADES PARA EL SIGLO XXI <br>Ed. Instituto de Investigaci\u00f3n Aplicada a la Pyme"},"content":{"rendered":"<style id=\"kb-rowlayout_8abb6e-ed\">@media all and (min-width: 768px){#kt-layout-id_8abb6e-ed > .kt-row-column-wrap > .inner-column-1{flex:0 1 65%;-webkit-flex:0 1 65%;}#kt-layout-id_8abb6e-ed > .kt-row-column-wrap > .inner-column-2{flex:0 1 35%;-webkit-flex:0 1 35%;}}#kt-layout-id_8abb6e-ed > .kt-row-column-wrap{padding-top:0px;padding-bottom:0px;padding-left:0px;padding-right:0px;}<\/style>\n<div class=\"wp-block-kadence-rowlayout alignnone\"><div id=\"kt-layout-id_8abb6e-ed\" class=\"kt-row-layout-inner kt-layout-id_8abb6e-ed\"><div class=\"kt-row-column-wrap kt-has-2-columns kt-gutter-narrow kt-v-gutter-default kt-row-valign-middle kt-row-layout-equal kt-tab-layout-inherit kt-m-colapse-left-to-right kt-mobile-layout-row  kt-custom-first-width-65  kt-custom-second-width-35\">\n<div class=\"wp-block-kadence-column inner-column-1 kadence-column_665c4e-78\"><div class=\"kt-inside-inner-col\">\n<h2 class=\"has-text-align-left\"><strong><em><strong><em><strong><em><strong><em>\u00a0\u201cHermandades para el siglo XXI\u201d<\/em><\/strong><\/em><\/strong><\/em><\/strong><\/em><\/strong><\/h2>\n\n\n\n<h5 class=\"has-text-align-left has-very-dark-gray-color has-text-color\">Ed. Instituto de Investigaci\u00f3n Aplicada a la Pyme<\/h5>\n\n\n\n<p>Este peque\u00f1o libro, que sali\u00f3 a la calle en mayo de 2.011, es bastante original. El autor hace un riguroso recorrido por las actividades de&nbsp; las Hermandades de Sevilla, instituciones de la Iglesia, reguladas en el C\u00f3digo e Derecho Can\u00f3nico que tienen una decisiva importancia en la construcci\u00f3n de la sociedad civil del entorno en el que se desenvuelven.<\/p>\n\n\n\n<p>Siempre se ha tratado a estas instituciones desde una perspectiva estrictamente religiosa, o art\u00edstica, o desde el punto de vista del folklore o costumbres tradicionales. En este libro se aborda el tema desde planteamientos estrictamente empresariales. Temas como el liderazgo, la comunicaci\u00f3n, gesti\u00f3n patrimonial, o modelos de gesti\u00f3n se abordan en cap\u00edtulos que se complementan con otros en el que estudia el papel de las Hermandades en la sociedad civil y sus relaciones con la pol\u00edtica y la cultura, sin olvidar su esencia como instituciones de la Iglesia, obligadas, por tanto a tanto al cumplimiento de los fines propios de una Hermandad.<\/p>\n\n\n\n<p>&nbsp;Abre una nueva l\u00ednea de trabajo e investigaci\u00f3n, bastante novedosa, como dec\u00edamos al principio y resulta de inter\u00e9s no s\u00f3lo para los directivos de Hermandades, sino para cualquier persona con tareas empresariales, puesto que los grandes temas de la direcci\u00f3n de empresas y su responsabilidad social afectan a todos.<\/p>\n<\/div><\/div>\n\n\n\n<div class=\"wp-block-kadence-column inner-column-2 kadence-column_94ac9d-cd\"><div class=\"kt-inside-inner-col\">\n<figure class=\"wp-block-image size-full\"><a href=\"https:\/\/www.ignaciovalduerteles.es\/blog\/wp-content\/uploads\/2011\/07\/librohermandades.jpg\"><img decoding=\"async\" loading=\"lazy\" width=\"306\" height=\"432\" src=\"https:\/\/www.ignaciovalduerteles.es\/blog\/wp-content\/uploads\/2011\/07\/librohermandades.jpg\" alt=\"\" class=\"wp-image-675\" srcset=\"https:\/\/www.ignaciovalduerteles.es\/blog\/wp-content\/uploads\/2011\/07\/librohermandades.jpg 306w, https:\/\/www.ignaciovalduerteles.es\/blog\/wp-content\/uploads\/2011\/07\/librohermandades-212x300.jpg 212w\" sizes=\"(max-width: 306px) 100vw, 306px\" \/><\/a><\/figure>\n<\/div><\/div>\n<\/div><\/div><\/div>\n","protected":false},"excerpt":{"rendered":"<p>\u00a0\u201cHermandades para el siglo XXI\u201d Ed. Instituto de Investigaci\u00f3n Aplicada a la Pyme Este peque\u00f1o libro, que sali\u00f3 a la calle en mayo de 2.011, es bastante original. El autor hace un riguroso recorrido por las actividades de&nbsp; las Hermandades &hellip; <a href=\"https:\/\/www.ignaciovalduerteles.es\/blog\/investigacion\/libros\/hermandades-para-el-siglo-xxi\/\">Continuar<\/a><\/p>\n","protected":false},"author":1,"featured_media":0,"parent":83,"menu_order":0,"comment_status":"open","ping_status":"open","template":"","meta":{"kt_blocks_editor_width":""},"yoast_head":"<!-- This site is optimized with the Yoast SEO plugin v19.0 - https:\/\/yoast.com\/wordpress\/plugins\/seo\/ -->\n<title>HERMANDADES PARA EL SIGLO XXI Ed. Instituto de Investigaci\u00f3n Aplicada a la Pyme - Ignacio Valduerteles Bartos<\/title>\n<meta name=\"description\" content=\"Blog personal de Ignacio Valdu\u00e9rteles, Dr. en Administraci\u00f3n y Direcci\u00f3n de Empresas y miembro destacado en la hermandad la Soledad de San Lorenzo, en Sevilla\" \/>\n<meta name=\"robots\" content=\"index, follow, max-snippet:-1, max-image-preview:large, max-video-preview:-1\" \/>\n<link rel=\"canonical\" href=\"https:\/\/www.ignaciovalduerteles.es\/blog\/investigacion\/libros\/hermandades-para-el-siglo-xxi\/\" \/>\n<meta property=\"og:locale\" content=\"es_ES\" \/>\n<meta property=\"og:type\" content=\"article\" \/>\n<meta property=\"og:title\" content=\"HERMANDADES PARA EL SIGLO XXI Ed. Instituto de Investigaci\u00f3n Aplicada a la Pyme - Ignacio Valduerteles Bartos\" \/>\n<meta property=\"og:description\" content=\"Blog personal de Ignacio Valdu\u00e9rteles, Dr. en Administraci\u00f3n y Direcci\u00f3n de Empresas y miembro destacado en la hermandad la Soledad de San Lorenzo, en Sevilla\" \/>\n<meta property=\"og:url\" content=\"https:\/\/www.ignaciovalduerteles.es\/blog\/investigacion\/libros\/hermandades-para-el-siglo-xxi\/\" \/>\n<meta property=\"og:site_name\" content=\"Ignacio Valduerteles Bartos\" \/>\n<meta property=\"article:modified_time\" content=\"2022-03-23T19:34:19+00:00\" \/>\n<meta property=\"og:image\" content=\"https:\/\/www.ignaciovalduerteles.es\/blog\/wp-content\/uploads\/2011\/07\/librohermandades.jpg\" \/>\n<meta name=\"twitter:card\" content=\"summary_large_image\" \/>\n<meta name=\"twitter:label1\" content=\"Tiempo de lectura\" \/>\n\t<meta name=\"twitter:data1\" content=\"1 minuto\" \/>\n<script type=\"application\/ld+json\" class=\"yoast-schema-graph\">{\"@context\":\"https:\/\/schema.org\",\"@graph\":[{\"@type\":[\"Person\",\"Organization\"],\"@id\":\"https:\/\/www.ignaciovalduerteles.es\/blog\/#\/schema\/person\/c4ab4ed77f14e0141ba3dcd9c6f501d5\",\"name\":\"Ignacio Valduerteles Bartos\",\"image\":{\"@type\":\"ImageObject\",\"inLanguage\":\"es\",\"@id\":\"https:\/\/www.ignaciovalduerteles.es\/blog\/#\/schema\/person\/image\/\",\"url\":\"https:\/\/www.ignaciovalduerteles.es\/blog\/wp-content\/uploads\/2022\/02\/cabecera-1024x390.png\",\"contentUrl\":\"https:\/\/www.ignaciovalduerteles.es\/blog\/wp-content\/uploads\/2022\/02\/cabecera-1024x390.png\",\"width\":1024,\"height\":390,\"caption\":\"Ignacio Valduerteles Bartos\"},\"logo\":{\"@id\":\"https:\/\/www.ignaciovalduerteles.es\/blog\/#\/schema\/person\/image\/\"},\"sameAs\":[\"http:\/\/www.ivb.es\"]},{\"@type\":\"WebSite\",\"@id\":\"https:\/\/www.ignaciovalduerteles.es\/blog\/#website\",\"url\":\"https:\/\/www.ignaciovalduerteles.es\/blog\/\",\"name\":\"Ignacio Valduerteles Bartos\",\"description\":\"Reflexiones y art\u00edculos del Ignacio Valdu\u00e9rteles\",\"publisher\":{\"@id\":\"https:\/\/www.ignaciovalduerteles.es\/blog\/#\/schema\/person\/c4ab4ed77f14e0141ba3dcd9c6f501d5\"},\"potentialAction\":[{\"@type\":\"SearchAction\",\"target\":{\"@type\":\"EntryPoint\",\"urlTemplate\":\"https:\/\/www.ignaciovalduerteles.es\/blog\/?s={search_term_string}\"},\"query-input\":\"required name=search_term_string\"}],\"inLanguage\":\"es\"},{\"@type\":\"ImageObject\",\"inLanguage\":\"es\",\"@id\":\"https:\/\/www.ignaciovalduerteles.es\/blog\/investigacion\/libros\/hermandades-para-el-siglo-xxi\/#primaryimage\",\"url\":\"https:\/\/www.ignaciovalduerteles.es\/blog\/wp-content\/uploads\/2011\/07\/librohermandades.jpg\",\"contentUrl\":\"https:\/\/www.ignaciovalduerteles.es\/blog\/wp-content\/uploads\/2011\/07\/librohermandades.jpg\",\"width\":\"306\",\"height\":\"432\"},{\"@type\":\"WebPage\",\"@id\":\"https:\/\/www.ignaciovalduerteles.es\/blog\/investigacion\/libros\/hermandades-para-el-siglo-xxi\/#webpage\",\"url\":\"https:\/\/www.ignaciovalduerteles.es\/blog\/investigacion\/libros\/hermandades-para-el-siglo-xxi\/\",\"name\":\"HERMANDADES PARA EL SIGLO XXI Ed. Instituto de Investigaci\u00f3n Aplicada a la Pyme - Ignacio Valduerteles Bartos\",\"isPartOf\":{\"@id\":\"https:\/\/www.ignaciovalduerteles.es\/blog\/#website\"},\"primaryImageOfPage\":{\"@id\":\"https:\/\/www.ignaciovalduerteles.es\/blog\/investigacion\/libros\/hermandades-para-el-siglo-xxi\/#primaryimage\"},\"datePublished\":\"2011-07-20T20:32:12+00:00\",\"dateModified\":\"2022-03-23T19:34:19+00:00\",\"description\":\"Blog personal de Ignacio Valdu\u00e9rteles, Dr. en Administraci\u00f3n y Direcci\u00f3n de Empresas y miembro destacado en la hermandad la Soledad de San Lorenzo, en Sevilla\",\"breadcrumb\":{\"@id\":\"https:\/\/www.ignaciovalduerteles.es\/blog\/investigacion\/libros\/hermandades-para-el-siglo-xxi\/#breadcrumb\"},\"inLanguage\":\"es\",\"potentialAction\":[{\"@type\":\"ReadAction\",\"target\":[\"https:\/\/www.ignaciovalduerteles.es\/blog\/investigacion\/libros\/hermandades-para-el-siglo-xxi\/\"]}]},{\"@type\":\"BreadcrumbList\",\"@id\":\"https:\/\/www.ignaciovalduerteles.es\/blog\/investigacion\/libros\/hermandades-para-el-siglo-xxi\/#breadcrumb\",\"itemListElement\":[{\"@type\":\"ListItem\",\"position\":1,\"name\":\"Portada\",\"item\":\"https:\/\/www.ignaciovalduerteles.es\/blog\/\"},{\"@type\":\"ListItem\",\"position\":2,\"name\":\"Investigaci\u00f3n\",\"item\":\"https:\/\/www.ignaciovalduerteles.es\/blog\/investigacion\/\"},{\"@type\":\"ListItem\",\"position\":3,\"name\":\"Libros Publicados\",\"item\":\"https:\/\/www.ignaciovalduerteles.es\/blog\/investigacion\/libros\/\"},{\"@type\":\"ListItem\",\"position\":4,\"name\":\"HERMANDADES PARA EL SIGLO XXI Ed. Instituto de Investigaci\u00f3n Aplicada a la Pyme\"}]}]}<\/script>\n<!-- \/ Yoast SEO plugin. -->","yoast_head_json":{"title":"HERMANDADES PARA EL SIGLO XXI Ed. Instituto de Investigaci\u00f3n Aplicada a la Pyme - Ignacio Valduerteles Bartos","description":"Blog personal de Ignacio Valdu\u00e9rteles, Dr. en Administraci\u00f3n y Direcci\u00f3n de Empresas y miembro destacado en la hermandad la Soledad de San Lorenzo, en Sevilla","robots":{"index":"index","follow":"follow","max-snippet":"max-snippet:-1","max-image-preview":"max-image-preview:large","max-video-preview":"max-video-preview:-1"},"canonical":"https:\/\/www.ignaciovalduerteles.es\/blog\/investigacion\/libros\/hermandades-para-el-siglo-xxi\/","og_locale":"es_ES","og_type":"article","og_title":"HERMANDADES PARA EL SIGLO XXI Ed. Instituto de Investigaci\u00f3n Aplicada a la Pyme - Ignacio Valduerteles Bartos","og_description":"Blog personal de Ignacio Valdu\u00e9rteles, Dr. en Administraci\u00f3n y Direcci\u00f3n de Empresas y miembro destacado en la hermandad la Soledad de San Lorenzo, en Sevilla","og_url":"https:\/\/www.ignaciovalduerteles.es\/blog\/investigacion\/libros\/hermandades-para-el-siglo-xxi\/","og_site_name":"Ignacio Valduerteles Bartos","article_modified_time":"2022-03-23T19:34:19+00:00","og_image":[{"url":"https:\/\/www.ignaciovalduerteles.es\/blog\/wp-content\/uploads\/2011\/07\/librohermandades.jpg"}],"twitter_card":"summary_large_image","twitter_misc":{"Tiempo de lectura":"1 minuto"},"schema":{"@context":"https:\/\/schema.org","@graph":[{"@type":["Person","Organization"],"@id":"https:\/\/www.ignaciovalduerteles.es\/blog\/#\/schema\/person\/c4ab4ed77f14e0141ba3dcd9c6f501d5","name":"Ignacio Valduerteles Bartos","image":{"@type":"ImageObject","inLanguage":"es","@id":"https:\/\/www.ignaciovalduerteles.es\/blog\/#\/schema\/person\/image\/","url":"https:\/\/www.ignaciovalduerteles.es\/blog\/wp-content\/uploads\/2022\/02\/cabecera-1024x390.png","contentUrl":"https:\/\/www.ignaciovalduerteles.es\/blog\/wp-content\/uploads\/2022\/02\/cabecera-1024x390.png","width":1024,"height":390,"caption":"Ignacio Valduerteles Bartos"},"logo":{"@id":"https:\/\/www.ignaciovalduerteles.es\/blog\/#\/schema\/person\/image\/"},"sameAs":["http:\/\/www.ivb.es"]},{"@type":"WebSite","@id":"https:\/\/www.ignaciovalduerteles.es\/blog\/#website","url":"https:\/\/www.ignaciovalduerteles.es\/blog\/","name":"Ignacio Valduerteles Bartos","description":"Reflexiones y art\u00edculos del Ignacio Valdu\u00e9rteles","publisher":{"@id":"https:\/\/www.ignaciovalduerteles.es\/blog\/#\/schema\/person\/c4ab4ed77f14e0141ba3dcd9c6f501d5"},"potentialAction":[{"@type":"SearchAction","target":{"@type":"EntryPoint","urlTemplate":"https:\/\/www.ignaciovalduerteles.es\/blog\/?s={search_term_string}"},"query-input":"required name=search_term_string"}],"inLanguage":"es"},{"@type":"ImageObject","inLanguage":"es","@id":"https:\/\/www.ignaciovalduerteles.es\/blog\/investigacion\/libros\/hermandades-para-el-siglo-xxi\/#primaryimage","url":"https:\/\/www.ignaciovalduerteles.es\/blog\/wp-content\/uploads\/2011\/07\/librohermandades.jpg","contentUrl":"https:\/\/www.ignaciovalduerteles.es\/blog\/wp-content\/uploads\/2011\/07\/librohermandades.jpg","width":"306","height":"432"},{"@type":"WebPage","@id":"https:\/\/www.ignaciovalduerteles.es\/blog\/investigacion\/libros\/hermandades-para-el-siglo-xxi\/#webpage","url":"https:\/\/www.ignaciovalduerteles.es\/blog\/investigacion\/libros\/hermandades-para-el-siglo-xxi\/","name":"HERMANDADES PARA EL SIGLO XXI Ed. Instituto de Investigaci\u00f3n Aplicada a la Pyme - Ignacio Valduerteles Bartos","isPartOf":{"@id":"https:\/\/www.ignaciovalduerteles.es\/blog\/#website"},"primaryImageOfPage":{"@id":"https:\/\/www.ignaciovalduerteles.es\/blog\/investigacion\/libros\/hermandades-para-el-siglo-xxi\/#primaryimage"},"datePublished":"2011-07-20T20:32:12+00:00","dateModified":"2022-03-23T19:34:19+00:00","description":"Blog personal de Ignacio Valdu\u00e9rteles, Dr. en Administraci\u00f3n y Direcci\u00f3n de Empresas y miembro destacado en la hermandad la Soledad de San Lorenzo, en Sevilla","breadcrumb":{"@id":"https:\/\/www.ignaciovalduerteles.es\/blog\/investigacion\/libros\/hermandades-para-el-siglo-xxi\/#breadcrumb"},"inLanguage":"es","potentialAction":[{"@type":"ReadAction","target":["https:\/\/www.ignaciovalduerteles.es\/blog\/investigacion\/libros\/hermandades-para-el-siglo-xxi\/"]}]},{"@type":"BreadcrumbList","@id":"https:\/\/www.ignaciovalduerteles.es\/blog\/investigacion\/libros\/hermandades-para-el-siglo-xxi\/#breadcrumb","itemListElement":[{"@type":"ListItem","position":1,"name":"Portada","item":"https:\/\/www.ignaciovalduerteles.es\/blog\/"},{"@type":"ListItem","position":2,"name":"Investigaci\u00f3n","item":"https:\/\/www.ignaciovalduerteles.es\/blog\/investigacion\/"},{"@type":"ListItem","position":3,"name":"Libros Publicados","item":"https:\/\/www.ignaciovalduerteles.es\/blog\/investigacion\/libros\/"},{"@type":"ListItem","position":4,"name":"HERMANDADES PARA EL SIGLO XXI Ed. Instituto de Investigaci\u00f3n Aplicada a la Pyme"}]}]}},"_links":{"self":[{"href":"https:\/\/www.ignaciovalduerteles.es\/blog\/wp-json\/wp\/v2\/pages\/476"}],"collection":[{"href":"https:\/\/www.ignaciovalduerteles.es\/blog\/wp-json\/wp\/v2\/pages"}],"about":[{"href":"https:\/\/www.ignaciovalduerteles.es\/blog\/wp-json\/wp\/v2\/types\/page"}],"author":[{"embeddable":true,"href":"https:\/\/www.ignaciovalduerteles.es\/blog\/wp-json\/wp\/v2\/users\/1"}],"replies":[{"embeddable":true,"href":"https:\/\/www.ignaciovalduerteles.es\/blog\/wp-json\/wp\/v2\/comments?post=476"}],"version-history":[{"count":6,"href":"https:\/\/www.ignaciovalduerteles.es\/blog\/wp-json\/wp\/v2\/pages\/476\/revisions"}],"predecessor-version":[{"id":2757,"href":"https:\/\/www.ignaciovalduerteles.es\/blog\/wp-json\/wp\/v2\/pages\/476\/revisions\/2757"}],"up":[{"embeddable":true,"href":"https:\/\/www.ignaciovalduerteles.es\/blog\/wp-json\/wp\/v2\/pages\/83"}],"wp:attachment":[{"href":"https:\/\/www.ignaciovalduerteles.es\/blog\/wp-json\/wp\/v2\/media?parent=476"}],"curies":[{"name":"wp","href":"https:\/\/api.w.org\/{rel}","templated":true}]}}