{"id":955,"date":"2011-10-27T12:20:24","date_gmt":"2011-10-27T10:20:24","guid":{"rendered":"https:\/\/www.ignaciovalduerteles.es\/blog\/?page_id=955"},"modified":"2022-02-26T12:29:22","modified_gmt":"2022-02-26T11:29:22","slug":"otros-articulos","status":"publish","type":"page","link":"https:\/\/www.ignaciovalduerteles.es\/blog\/articulos\/otros-articulos\/","title":{"rendered":"Otros Art\u00edculos"},"content":{"rendered":"<p><span style=\"font-size: x-large;\"><strong>Revista Empresarios Aut\u00f3nomos<\/strong><\/span><\/p>\n<hr>\n<p style=\"padding-left: 30px;\"><em>13. Econom\u00eda del conocimiento (II).<\/em><a href=\"\/blog\/?page_id=431\">Ver art\u00edculo<\/a><br \/>\n<em>12. Econom\u00eda del conocimiento (I).&nbsp;<\/em><strong>&nbsp;<\/strong><a href=\"\/blog\/?page_id=429\">Ver art\u00edculo<\/a><br \/>\n<em>11. Gesti\u00f3n de Marcas.<\/em>&nbsp;<a href=\"\/blog\/?page_id=427\">Ver art\u00edculo<\/a><br \/>\n<em>10. Humildad Empresarial.<\/em>&nbsp;<a href=\"\/blog\/?page_id=425\">Ver art\u00edculo<\/a><br \/>\n<em>9. Dise\u00f1ar el Futuro.&nbsp;<\/em><a href=\"\/blog\/?page_id=423\">Ver art\u00edculo<\/a><br \/>\n<em>8. Modelos de Negocio.<\/em>&nbsp;<strong>&nbsp;<\/strong><a href=\"\/blog\/?page_id=420\">Ver art\u00edculo<\/a><br \/>\n<em>7. \u00bfS\u00f3lo arriesgan los empresarios?.<\/em>&nbsp;<strong>&nbsp;<\/strong><a href=\"\/blog\/?page_id=418\">Ver art\u00edculo<\/a><br \/>\n<em>6. Protocolos Familiares Empresa.<\/em><strong>&nbsp;<\/strong><a href=\"\/blog\/?page_id=416\">Ver art\u00edculo<\/a><br \/>\n<em>5. La moda de la Responsabilidad Social Corporativa.&nbsp;<\/em><strong>&nbsp;<\/strong><a href=\"\/blog\/?page_id=414\">Ver art\u00edculo<\/a><br \/>\n<em>4. Empresarios de Izquierdas y de Derechas.<\/em><strong>&nbsp;<\/strong><a href=\"\/blog\/?page_id=409\">Ver art\u00edculo<\/a><br \/>\n<em>3. Ponga un Master en su vida.&nbsp;<\/em><strong>&nbsp;<\/strong><a href=\"\/blog\/?page_id=407\">Ver art\u00edculo<\/a><br \/>\n<em>2. La Innovaci\u00f3n en el comercio.<\/em>&nbsp;<a href=\"\/blog\/?page_id=405\">Ver art\u00edculo<\/a><br \/>\n<em>1. Negociando con bancos.<\/em>&nbsp;<strong>&nbsp;<\/strong><a href=\"\/blog\/?page_id=403\">Ver art\u00edculo<\/a><\/p>\n<p>&nbsp;<\/p>\n<p><span style=\"font-size: x-large;\"><strong>Revista El Galope<\/strong><\/span><\/p>\n<hr>\n<p style=\"padding-left: 30px;\"><span style=\"color: #000000;\">Cuanto nos cuesta ser empresario . <a href=\"https:\/\/www.ignaciovalduerteles.es\/blog\/wp-content\/uploads\/2011\/09\/5.pdf\"><span style=\"color: #000000;\"><img decoding=\"async\" title=\"Pulsar aqu\u00ed para ver el art\u00edculo\" src=\"https:\/\/www.ignaciovalduerteles.es\/blog\/wp-content\/uploads\/2011\/07\/logoadobe.jpg\" alt=\"\" width=\"30\"><\/span><\/a><\/span><br \/>\n<span style=\"color: #000000;\"> Activos y Pasivos contables de una ganaderia .<a href=\"https:\/\/www.ignaciovalduerteles.es\/blog\/wp-content\/uploads\/2011\/09\/4.pdf\"><span style=\"color: #000000;\"><img decoding=\"async\" title=\"Pulsar aqu\u00ed para ver el art\u00edculo\" src=\"https:\/\/www.ignaciovalduerteles.es\/blog\/wp-content\/uploads\/2011\/07\/logoadobe.jpg\" alt=\"\" width=\"30\"><\/span><\/a>&nbsp;<\/span><br \/>\n<span style=\"color: #000000;\"> La Cuenta de Resultados .<a href=\"https:\/\/www.ignaciovalduerteles.es\/blog\/wp-content\/uploads\/2011\/09\/3.pdf\"><span style=\"color: #000000;\"><img decoding=\"async\" title=\"Pulsar aqu\u00ed para ver el art\u00edculo\" src=\"https:\/\/www.ignaciovalduerteles.es\/blog\/wp-content\/uploads\/2011\/07\/logoadobe.jpg\" alt=\"\" width=\"30\"><\/span><\/a>&nbsp;<\/span><br \/>\n<span style=\"color: #000000;\"> Solvencia y Rentabilidad . <a href=\"https:\/\/www.ignaciovalduerteles.es\/blog\/wp-content\/uploads\/2011\/09\/2.pdf\"><span style=\"color: #000000;\"><img decoding=\"async\" title=\"Pulsar aqu\u00ed para ver el art\u00edculo\" src=\"https:\/\/www.ignaciovalduerteles.es\/blog\/wp-content\/uploads\/2011\/07\/logoadobe.jpg\" alt=\"\" width=\"30\"><\/span><\/a><\/span><br \/>\n<span style=\"color: #000000;\"> Gesti\u00f3n Econ\u00f3mica de un Picadero. <a href=\"https:\/\/www.ignaciovalduerteles.es\/blog\/wp-content\/uploads\/2011\/09\/1-2.pdf\"><span style=\"color: #000000;\"><img decoding=\"async\" title=\"Pulsar aqu\u00ed para ver el art\u00edculo\" src=\"https:\/\/www.ignaciovalduerteles.es\/blog\/wp-content\/uploads\/2011\/07\/logoadobe.jpg\" alt=\"\" width=\"30\"><\/span><\/a><\/span><strong><\/strong><\/p>\n<p>&nbsp;<\/p>\n<p style=\"padding-left: 30px;\">\n<p style=\"padding-left: 30px;\">\n","protected":false},"excerpt":{"rendered":"<p>Revista Empresarios Aut\u00f3nomos 13. Econom\u00eda del conocimiento (II).Ver art\u00edculo 12. Econom\u00eda del conocimiento (I).&nbsp;&nbsp;Ver art\u00edculo 11. Gesti\u00f3n de Marcas.&nbsp;Ver art\u00edculo 10. Humildad Empresarial.&nbsp;Ver art\u00edculo 9. Dise\u00f1ar el Futuro.&nbsp;Ver art\u00edculo 8. Modelos de Negocio.&nbsp;&nbsp;Ver art\u00edculo 7. \u00bfS\u00f3lo arriesgan los empresarios?.&nbsp;&nbsp;Ver art\u00edculo &hellip; <a href=\"https:\/\/www.ignaciovalduerteles.es\/blog\/articulos\/otros-articulos\/\">Continuar<\/a><\/p>\n","protected":false},"author":1,"featured_media":0,"parent":2420,"menu_order":2,"comment_status":"open","ping_status":"open","template":"","meta":{"kt_blocks_editor_width":""},"yoast_head":"<!-- This site is optimized with the Yoast SEO plugin v19.0 - https:\/\/yoast.com\/wordpress\/plugins\/seo\/ -->\n<title>Otros Art\u00edculos - Ignacio Valduerteles Bartos<\/title>\n<meta name=\"description\" content=\"Blog personal de Ignacio Valdu\u00e9rteles, Dr. en Administraci\u00f3n y Direcci\u00f3n de Empresas y miembro destacado en la hermandad la Soledad de San Lorenzo, en Sevilla\" \/>\n<meta name=\"robots\" content=\"index, follow, max-snippet:-1, max-image-preview:large, max-video-preview:-1\" \/>\n<link rel=\"canonical\" href=\"https:\/\/www.ignaciovalduerteles.es\/blog\/articulos\/otros-articulos\/\" \/>\n<meta property=\"og:locale\" content=\"es_ES\" \/>\n<meta property=\"og:type\" content=\"article\" \/>\n<meta property=\"og:title\" content=\"Otros Art\u00edculos - Ignacio Valduerteles Bartos\" \/>\n<meta property=\"og:description\" content=\"Blog personal de Ignacio Valdu\u00e9rteles, Dr. en Administraci\u00f3n y Direcci\u00f3n de Empresas y miembro destacado en la hermandad la Soledad de San Lorenzo, en Sevilla\" \/>\n<meta property=\"og:url\" content=\"https:\/\/www.ignaciovalduerteles.es\/blog\/articulos\/otros-articulos\/\" \/>\n<meta property=\"og:site_name\" content=\"Ignacio Valduerteles Bartos\" \/>\n<meta property=\"article:modified_time\" content=\"2022-02-26T11:29:22+00:00\" \/>\n<meta property=\"og:image\" content=\"https:\/\/www.ignaciovalduerteles.es\/blog\/wp-content\/uploads\/2011\/07\/logoadobe.jpg\" \/>\n<meta name=\"twitter:card\" content=\"summary_large_image\" \/>\n<meta name=\"twitter:label1\" content=\"Tiempo de lectura\" \/>\n\t<meta name=\"twitter:data1\" content=\"1 minuto\" \/>\n<script type=\"application\/ld+json\" class=\"yoast-schema-graph\">{\"@context\":\"https:\/\/schema.org\",\"@graph\":[{\"@type\":[\"Person\",\"Organization\"],\"@id\":\"https:\/\/www.ignaciovalduerteles.es\/blog\/#\/schema\/person\/c4ab4ed77f14e0141ba3dcd9c6f501d5\",\"name\":\"Ignacio Valduerteles Bartos\",\"image\":{\"@type\":\"ImageObject\",\"inLanguage\":\"es\",\"@id\":\"https:\/\/www.ignaciovalduerteles.es\/blog\/#\/schema\/person\/image\/\",\"url\":\"https:\/\/www.ignaciovalduerteles.es\/blog\/wp-content\/uploads\/2022\/02\/cabecera-1024x390.png\",\"contentUrl\":\"https:\/\/www.ignaciovalduerteles.es\/blog\/wp-content\/uploads\/2022\/02\/cabecera-1024x390.png\",\"width\":1024,\"height\":390,\"caption\":\"Ignacio Valduerteles Bartos\"},\"logo\":{\"@id\":\"https:\/\/www.ignaciovalduerteles.es\/blog\/#\/schema\/person\/image\/\"},\"sameAs\":[\"http:\/\/www.ivb.es\"]},{\"@type\":\"WebSite\",\"@id\":\"https:\/\/www.ignaciovalduerteles.es\/blog\/#website\",\"url\":\"https:\/\/www.ignaciovalduerteles.es\/blog\/\",\"name\":\"Ignacio Valduerteles Bartos\",\"description\":\"Reflexiones y art\u00edculos del Ignacio Valdu\u00e9rteles\",\"publisher\":{\"@id\":\"https:\/\/www.ignaciovalduerteles.es\/blog\/#\/schema\/person\/c4ab4ed77f14e0141ba3dcd9c6f501d5\"},\"potentialAction\":[{\"@type\":\"SearchAction\",\"target\":{\"@type\":\"EntryPoint\",\"urlTemplate\":\"https:\/\/www.ignaciovalduerteles.es\/blog\/?s={search_term_string}\"},\"query-input\":\"required name=search_term_string\"}],\"inLanguage\":\"es\"},{\"@type\":\"ImageObject\",\"inLanguage\":\"es\",\"@id\":\"https:\/\/www.ignaciovalduerteles.es\/blog\/articulos\/otros-articulos\/#primaryimage\",\"url\":\"https:\/\/www.ignaciovalduerteles.es\/blog\/wp-content\/uploads\/2011\/07\/logoadobe.jpg\",\"contentUrl\":\"https:\/\/www.ignaciovalduerteles.es\/blog\/wp-content\/uploads\/2011\/07\/logoadobe.jpg\"},{\"@type\":\"WebPage\",\"@id\":\"https:\/\/www.ignaciovalduerteles.es\/blog\/articulos\/otros-articulos\/#webpage\",\"url\":\"https:\/\/www.ignaciovalduerteles.es\/blog\/articulos\/otros-articulos\/\",\"name\":\"Otros Art\u00edculos - Ignacio Valduerteles Bartos\",\"isPartOf\":{\"@id\":\"https:\/\/www.ignaciovalduerteles.es\/blog\/#website\"},\"primaryImageOfPage\":{\"@id\":\"https:\/\/www.ignaciovalduerteles.es\/blog\/articulos\/otros-articulos\/#primaryimage\"},\"datePublished\":\"2011-10-27T10:20:24+00:00\",\"dateModified\":\"2022-02-26T11:29:22+00:00\",\"description\":\"Blog personal de Ignacio Valdu\u00e9rteles, Dr. en Administraci\u00f3n y Direcci\u00f3n de Empresas y miembro destacado en la hermandad la Soledad de San Lorenzo, en Sevilla\",\"breadcrumb\":{\"@id\":\"https:\/\/www.ignaciovalduerteles.es\/blog\/articulos\/otros-articulos\/#breadcrumb\"},\"inLanguage\":\"es\",\"potentialAction\":[{\"@type\":\"ReadAction\",\"target\":[\"https:\/\/www.ignaciovalduerteles.es\/blog\/articulos\/otros-articulos\/\"]}]},{\"@type\":\"BreadcrumbList\",\"@id\":\"https:\/\/www.ignaciovalduerteles.es\/blog\/articulos\/otros-articulos\/#breadcrumb\",\"itemListElement\":[{\"@type\":\"ListItem\",\"position\":1,\"name\":\"Portada\",\"item\":\"https:\/\/www.ignaciovalduerteles.es\/blog\/\"},{\"@type\":\"ListItem\",\"position\":2,\"name\":\"Art\u00edculos\",\"item\":\"https:\/\/www.ignaciovalduerteles.es\/blog\/articulos\/\"},{\"@type\":\"ListItem\",\"position\":3,\"name\":\"Otros Art\u00edculos\"}]}]}<\/script>\n<!-- \/ Yoast SEO plugin. -->","yoast_head_json":{"title":"Otros Art\u00edculos - Ignacio Valduerteles Bartos","description":"Blog personal de Ignacio Valdu\u00e9rteles, Dr. en Administraci\u00f3n y Direcci\u00f3n de Empresas y miembro destacado en la hermandad la Soledad de San Lorenzo, en Sevilla","robots":{"index":"index","follow":"follow","max-snippet":"max-snippet:-1","max-image-preview":"max-image-preview:large","max-video-preview":"max-video-preview:-1"},"canonical":"https:\/\/www.ignaciovalduerteles.es\/blog\/articulos\/otros-articulos\/","og_locale":"es_ES","og_type":"article","og_title":"Otros Art\u00edculos - Ignacio Valduerteles Bartos","og_description":"Blog personal de Ignacio Valdu\u00e9rteles, Dr. en Administraci\u00f3n y Direcci\u00f3n de Empresas y miembro destacado en la hermandad la Soledad de San Lorenzo, en Sevilla","og_url":"https:\/\/www.ignaciovalduerteles.es\/blog\/articulos\/otros-articulos\/","og_site_name":"Ignacio Valduerteles Bartos","article_modified_time":"2022-02-26T11:29:22+00:00","og_image":[{"url":"https:\/\/www.ignaciovalduerteles.es\/blog\/wp-content\/uploads\/2011\/07\/logoadobe.jpg"}],"twitter_card":"summary_large_image","twitter_misc":{"Tiempo de lectura":"1 minuto"},"schema":{"@context":"https:\/\/schema.org","@graph":[{"@type":["Person","Organization"],"@id":"https:\/\/www.ignaciovalduerteles.es\/blog\/#\/schema\/person\/c4ab4ed77f14e0141ba3dcd9c6f501d5","name":"Ignacio Valduerteles Bartos","image":{"@type":"ImageObject","inLanguage":"es","@id":"https:\/\/www.ignaciovalduerteles.es\/blog\/#\/schema\/person\/image\/","url":"https:\/\/www.ignaciovalduerteles.es\/blog\/wp-content\/uploads\/2022\/02\/cabecera-1024x390.png","contentUrl":"https:\/\/www.ignaciovalduerteles.es\/blog\/wp-content\/uploads\/2022\/02\/cabecera-1024x390.png","width":1024,"height":390,"caption":"Ignacio Valduerteles Bartos"},"logo":{"@id":"https:\/\/www.ignaciovalduerteles.es\/blog\/#\/schema\/person\/image\/"},"sameAs":["http:\/\/www.ivb.es"]},{"@type":"WebSite","@id":"https:\/\/www.ignaciovalduerteles.es\/blog\/#website","url":"https:\/\/www.ignaciovalduerteles.es\/blog\/","name":"Ignacio Valduerteles Bartos","description":"Reflexiones y art\u00edculos del Ignacio Valdu\u00e9rteles","publisher":{"@id":"https:\/\/www.ignaciovalduerteles.es\/blog\/#\/schema\/person\/c4ab4ed77f14e0141ba3dcd9c6f501d5"},"potentialAction":[{"@type":"SearchAction","target":{"@type":"EntryPoint","urlTemplate":"https:\/\/www.ignaciovalduerteles.es\/blog\/?s={search_term_string}"},"query-input":"required name=search_term_string"}],"inLanguage":"es"},{"@type":"ImageObject","inLanguage":"es","@id":"https:\/\/www.ignaciovalduerteles.es\/blog\/articulos\/otros-articulos\/#primaryimage","url":"https:\/\/www.ignaciovalduerteles.es\/blog\/wp-content\/uploads\/2011\/07\/logoadobe.jpg","contentUrl":"https:\/\/www.ignaciovalduerteles.es\/blog\/wp-content\/uploads\/2011\/07\/logoadobe.jpg"},{"@type":"WebPage","@id":"https:\/\/www.ignaciovalduerteles.es\/blog\/articulos\/otros-articulos\/#webpage","url":"https:\/\/www.ignaciovalduerteles.es\/blog\/articulos\/otros-articulos\/","name":"Otros Art\u00edculos - Ignacio Valduerteles Bartos","isPartOf":{"@id":"https:\/\/www.ignaciovalduerteles.es\/blog\/#website"},"primaryImageOfPage":{"@id":"https:\/\/www.ignaciovalduerteles.es\/blog\/articulos\/otros-articulos\/#primaryimage"},"datePublished":"2011-10-27T10:20:24+00:00","dateModified":"2022-02-26T11:29:22+00:00","description":"Blog personal de Ignacio Valdu\u00e9rteles, Dr. en Administraci\u00f3n y Direcci\u00f3n de Empresas y miembro destacado en la hermandad la Soledad de San Lorenzo, en Sevilla","breadcrumb":{"@id":"https:\/\/www.ignaciovalduerteles.es\/blog\/articulos\/otros-articulos\/#breadcrumb"},"inLanguage":"es","potentialAction":[{"@type":"ReadAction","target":["https:\/\/www.ignaciovalduerteles.es\/blog\/articulos\/otros-articulos\/"]}]},{"@type":"BreadcrumbList","@id":"https:\/\/www.ignaciovalduerteles.es\/blog\/articulos\/otros-articulos\/#breadcrumb","itemListElement":[{"@type":"ListItem","position":1,"name":"Portada","item":"https:\/\/www.ignaciovalduerteles.es\/blog\/"},{"@type":"ListItem","position":2,"name":"Art\u00edculos","item":"https:\/\/www.ignaciovalduerteles.es\/blog\/articulos\/"},{"@type":"ListItem","position":3,"name":"Otros Art\u00edculos"}]}]}},"_links":{"self":[{"href":"https:\/\/www.ignaciovalduerteles.es\/blog\/wp-json\/wp\/v2\/pages\/955"}],"collection":[{"href":"https:\/\/www.ignaciovalduerteles.es\/blog\/wp-json\/wp\/v2\/pages"}],"about":[{"href":"https:\/\/www.ignaciovalduerteles.es\/blog\/wp-json\/wp\/v2\/types\/page"}],"author":[{"embeddable":true,"href":"https:\/\/www.ignaciovalduerteles.es\/blog\/wp-json\/wp\/v2\/users\/1"}],"replies":[{"embeddable":true,"href":"https:\/\/www.ignaciovalduerteles.es\/blog\/wp-json\/wp\/v2\/comments?post=955"}],"version-history":[{"count":15,"href":"https:\/\/www.ignaciovalduerteles.es\/blog\/wp-json\/wp\/v2\/pages\/955\/revisions"}],"predecessor-version":[{"id":2470,"href":"https:\/\/www.ignaciovalduerteles.es\/blog\/wp-json\/wp\/v2\/pages\/955\/revisions\/2470"}],"up":[{"embeddable":true,"href":"https:\/\/www.ignaciovalduerteles.es\/blog\/wp-json\/wp\/v2\/pages\/2420"}],"wp:attachment":[{"href":"https:\/\/www.ignaciovalduerteles.es\/blog\/wp-json\/wp\/v2\/media?parent=955"}],"curies":[{"name":"wp","href":"https:\/\/api.w.org\/{rel}","templated":true}]}}