{"id":986,"date":"2011-11-09T10:01:58","date_gmt":"2011-11-09T09:01:58","guid":{"rendered":"https:\/\/www.ignaciovalduerteles.es\/blog\/?page_id=986"},"modified":"2011-11-10T17:41:36","modified_gmt":"2011-11-10T16:41:36","slug":"gastos-inutiles","status":"publish","type":"page","link":"https:\/\/www.ignaciovalduerteles.es\/blog\/articulos\/expansion\/gastos-inutiles\/","title":{"rendered":"Gastos in\u00fatiles"},"content":{"rendered":"<p style=\"text-align: justify;\">\u00a0\u00a0\u00a0\u00a0\u00a0\u00a0\u00a0\u00a0\u00a0\u00a0\u00a0 La familia la compon\u00edan el padre, la madre y dos hijos que hab\u00edan terminado ya la carrera y a\u00fan viv\u00edan en casa. El mayor hab\u00eda terminado farmacia, hab\u00eda tenido alguna oferta en farmacias conocidas; pero pensaba que el sueldo que le pagaban era bajo, seg\u00fan sus expectativas, y no le compensaba. Le hab\u00edan hablado de ir al Reino Unido, contrato seguro y buen sueldo; pero no quer\u00eda salir de su ciudad. La peque\u00f1a estudi\u00f3 econom\u00eda y por ah\u00ed andaba, haciendo un curso tras otro, seg\u00fan ella para aumentar su formaci\u00f3n, seg\u00fan el padre como coartada para retrasar el momento de enfrentarse a la vida laboral. La madre hab\u00eda vendido\u00a0 robots de cocina en reuniones, pero lo dej\u00f3.<\/p>\n<p style=\"text-align: justify;\">Las cosas no iban bien,\u00a0 hab\u00edan pedido una serie de cr\u00e9ditos para poder atender los gastos diarios, despu\u00e9s para renovar esos cr\u00e9ditos y, \u00faltimamente, para poder pagar los intereses de los cr\u00e9ditos anteriores.\u00a0 Hab\u00eda que tomar decisiones. El padre elabor\u00f3 una lista de los gastos que hab\u00eda que suprimir. La lista era larga: peluquer\u00eda, gimnasio, club, restaurantes, viajes y otros gastos por el estilo. Tambi\u00e9n redujo el gasto en ropa, se acab\u00f3 eso de renovar vestuario cada temporada, y en la cesta de la compra: productos b\u00e1sicos y\u00a0 comparando precios de distintas ense\u00f1as de supermercados.<\/p>\n<p style=\"text-align: justify;\">Algo se redujo el crecimiento de la deuda; pero segu\u00eda aumentando. El banco endureci\u00f3 las condiciones de los pr\u00e9stamos y le comunic\u00f3 que ya hab\u00edan agotado su capacidad de endeudamiento y, por tanto, no les conceder\u00edan nuevos cr\u00e9ditos.<\/p>\n<p style=\"text-align: justify;\">Al final el padre tuvo que enfrentarse a la situaci\u00f3n. Despu\u00e9s de analizar la situaci\u00f3n lleg\u00f3 a dos conclusiones:<\/p>\n<p style=\"text-align: justify;\">&#8211; La reducci\u00f3n de gastos no productivos es necesaria, pero no suficiente para enderezar la econom\u00eda.<\/p>\n<p style=\"text-align: justify;\">&#8211;\u00a0 Junto a esa imprescindible reducci\u00f3n hab\u00eda que tomar decisiones para aumentar la generaci\u00f3n de recursos por parte de la unidad familiar y poder hacer frente a las deudas contra\u00eddas, como m\u00ednimo.<\/p>\n<p style=\"text-align: justify;\">\u00a0\u00a0\u00a0\u00a0\u00a0\u00a0\u00a0\u00a0\u00a0\u00a0\u00a0 Eso supon\u00eda que el hijo mayor ten\u00eda quince d\u00edas para decidirse a aceptar el trabajo de farmac\u00e9utico adjunto que le ofrec\u00edan o irse al Reno Unido. La peque\u00f1a ya\u00a0 ten\u00eda formaci\u00f3n m\u00e1s que suficiente. A partir de ahora ten\u00eda que ponerse a trabajar. Como economista lo ten\u00eda dif\u00edcil, a pesar de todos los cursos de postgrado que\u00a0 hab\u00eda realizado, as\u00ed que podr\u00eda empezar cuidando ni\u00f1os o de \u00a0camarera. La madre tendr\u00eda que retomar las ventas del robot de cocina.<\/p>\n<p style=\"text-align: justify;\">\u00a0\u00a0\u00a0\u00a0\u00a0\u00a0\u00a0\u00a0\u00a0\u00a0\u00a0 Las reacci\u00f3n de los afectados, especialmente los hijos, no fue buena. \u00a0\u00a0El farmac\u00e9utico\u00a0 esgrim\u00eda su derecho a un trabajo en su ciudad. El padre cort\u00f3 en seco: \u201cHaz lo que quieras; pero yo no te mantengo ni un d\u00eda m\u00e1s.\u00a0 All\u00e1 t\u00fa con tus derechos\u201d.\u00a0 La chica utiliz\u00f3 la iron\u00eda: \u201c\u00bfY si en lugar de cuidar ni\u00f1os o trabajar como camarera me dedico a limpiar casas?, creo que pagan bien\u201d. El padre no estaba para discusiones ni respuestas ingeniosas: \u201cComo quieras, t\u00fa eliges la ocupaci\u00f3n; pero tienes que generar ingresos\u201d. La madre lo ten\u00eda claro, ya estaba consultando su agenda tratando de organizar una reuni\u00f3n de amigas, en casa de una de ellas, para ofrecerles la \u00faltima versi\u00f3n del robot.<\/p>\n<p style=\"text-align: justify;\">\u00a0\u00a0\u00a0\u00a0\u00a0\u00a0\u00a0\u00a0\u00a0\u00a0\u00a0 Vista la firmeza del padre empezaron a comprender que la cosa iba muy en serio: o modificaban profundamente sus planteamientos econ\u00f3micos y vitales o pod\u00edan terminar en la calle. Hab\u00eda poca elecci\u00f3n.<\/p>\n<p style=\"text-align: justify;\">\u00a0\u00a0\u00a0\u00a0\u00a0\u00a0\u00a0\u00a0\u00a0\u00a0\u00a0\u00a0\u00a0\u00a0 Hasta aqu\u00ed la ficci\u00f3n. Ocurre que cuando las grandes cuestiones econ\u00f3micas\u00a0 se reducen a la escala familiar todo se entiende bastante mejor. A escala nacional las cosas funcionan exactamente igual. Es necesario, m\u00e1s bien urgente, tomar decisiones rotundas en lo que se refiere a la reducci\u00f3n del gasto; pero no es suficiente. Urge reinventar el modelo productivo. Reinventar no quiere decir seguir haciendo lo mismo, pero con ayudas de la Administraci\u00f3n, sino hacer cosas distintas, dentro o fuera de Espa\u00f1a. Eso no se consigue s\u00f3lo a golpe de regulaciones legales, sino que se necesita una fundamentaci\u00f3n personal para que esas regulaciones funcionen en la l\u00ednea adecuada. De lo que se trata es de elaborar, casi desde cero, toda una nueva teor\u00eda de los negocios y la actividad econ\u00f3mica. Esta pasa por los temas estrictamente t\u00e9cnicos; pero tambi\u00e9n, en la base, por los temas human\u00edsticos. Ah\u00ed tienen una interesante l\u00ednea de trabajo las Escuelas de Negocios.<\/p>\n","protected":false},"excerpt":{"rendered":"<p>\u00a0\u00a0\u00a0\u00a0\u00a0\u00a0\u00a0\u00a0\u00a0\u00a0\u00a0 La familia la compon\u00edan el padre, la madre y dos hijos que hab\u00edan terminado ya la carrera y a\u00fan viv\u00edan en casa. El mayor hab\u00eda terminado farmacia, hab\u00eda tenido alguna oferta en farmacias conocidas; pero pensaba que el sueldo &hellip; <a href=\"https:\/\/www.ignaciovalduerteles.es\/blog\/articulos\/expansion\/gastos-inutiles\/\">Continuar<\/a><\/p>\n","protected":false},"author":1,"featured_media":0,"parent":21,"menu_order":0,"comment_status":"open","ping_status":"open","template":"","meta":{"kt_blocks_editor_width":""},"yoast_head":"<!-- This site is optimized with the Yoast SEO plugin v19.0 - https:\/\/yoast.com\/wordpress\/plugins\/seo\/ -->\n<title>Gastos in\u00fatiles - Ignacio Valduerteles Bartos<\/title>\n<meta name=\"description\" content=\"Blog personal de Ignacio Valdu\u00e9rteles, Dr. en Administraci\u00f3n y Direcci\u00f3n de Empresas y miembro destacado en la hermandad la Soledad de San Lorenzo, en Sevilla\" \/>\n<meta name=\"robots\" content=\"index, follow, max-snippet:-1, max-image-preview:large, max-video-preview:-1\" \/>\n<link rel=\"canonical\" href=\"https:\/\/www.ignaciovalduerteles.es\/blog\/articulos\/expansion\/gastos-inutiles\/\" \/>\n<meta property=\"og:locale\" content=\"es_ES\" \/>\n<meta property=\"og:type\" content=\"article\" \/>\n<meta property=\"og:title\" content=\"Gastos in\u00fatiles - Ignacio Valduerteles Bartos\" \/>\n<meta property=\"og:description\" content=\"Blog personal de Ignacio Valdu\u00e9rteles, Dr. en Administraci\u00f3n y Direcci\u00f3n de Empresas y miembro destacado en la hermandad la Soledad de San Lorenzo, en Sevilla\" \/>\n<meta property=\"og:url\" content=\"https:\/\/www.ignaciovalduerteles.es\/blog\/articulos\/expansion\/gastos-inutiles\/\" \/>\n<meta property=\"og:site_name\" content=\"Ignacio Valduerteles Bartos\" \/>\n<meta property=\"article:modified_time\" content=\"2011-11-10T16:41:36+00:00\" \/>\n<meta property=\"og:image\" content=\"https:\/\/www.ignaciovalduerteles.es\/blog\/wp-content\/uploads\/2022\/02\/banner1-1024x292.png\" \/>\n\t<meta property=\"og:image:width\" content=\"1024\" \/>\n\t<meta property=\"og:image:height\" content=\"292\" \/>\n\t<meta property=\"og:image:type\" content=\"image\/png\" \/>\n<meta name=\"twitter:card\" content=\"summary_large_image\" \/>\n<meta name=\"twitter:label1\" content=\"Tiempo de lectura\" \/>\n\t<meta name=\"twitter:data1\" content=\"4 minutos\" \/>\n<script type=\"application\/ld+json\" class=\"yoast-schema-graph\">{\"@context\":\"https:\/\/schema.org\",\"@graph\":[{\"@type\":[\"Person\",\"Organization\"],\"@id\":\"https:\/\/www.ignaciovalduerteles.es\/blog\/#\/schema\/person\/c4ab4ed77f14e0141ba3dcd9c6f501d5\",\"name\":\"Ignacio Valduerteles Bartos\",\"image\":{\"@type\":\"ImageObject\",\"inLanguage\":\"es\",\"@id\":\"https:\/\/www.ignaciovalduerteles.es\/blog\/#\/schema\/person\/image\/\",\"url\":\"https:\/\/www.ignaciovalduerteles.es\/blog\/wp-content\/uploads\/2022\/02\/cabecera-1024x390.png\",\"contentUrl\":\"https:\/\/www.ignaciovalduerteles.es\/blog\/wp-content\/uploads\/2022\/02\/cabecera-1024x390.png\",\"width\":1024,\"height\":390,\"caption\":\"Ignacio Valduerteles Bartos\"},\"logo\":{\"@id\":\"https:\/\/www.ignaciovalduerteles.es\/blog\/#\/schema\/person\/image\/\"},\"sameAs\":[\"http:\/\/www.ivb.es\"]},{\"@type\":\"WebSite\",\"@id\":\"https:\/\/www.ignaciovalduerteles.es\/blog\/#website\",\"url\":\"https:\/\/www.ignaciovalduerteles.es\/blog\/\",\"name\":\"Ignacio Valduerteles Bartos\",\"description\":\"Reflexiones y art\u00edculos del Ignacio Valdu\u00e9rteles\",\"publisher\":{\"@id\":\"https:\/\/www.ignaciovalduerteles.es\/blog\/#\/schema\/person\/c4ab4ed77f14e0141ba3dcd9c6f501d5\"},\"potentialAction\":[{\"@type\":\"SearchAction\",\"target\":{\"@type\":\"EntryPoint\",\"urlTemplate\":\"https:\/\/www.ignaciovalduerteles.es\/blog\/?s={search_term_string}\"},\"query-input\":\"required name=search_term_string\"}],\"inLanguage\":\"es\"},{\"@type\":\"WebPage\",\"@id\":\"https:\/\/www.ignaciovalduerteles.es\/blog\/articulos\/expansion\/gastos-inutiles\/#webpage\",\"url\":\"https:\/\/www.ignaciovalduerteles.es\/blog\/articulos\/expansion\/gastos-inutiles\/\",\"name\":\"Gastos in\u00fatiles - Ignacio Valduerteles Bartos\",\"isPartOf\":{\"@id\":\"https:\/\/www.ignaciovalduerteles.es\/blog\/#website\"},\"datePublished\":\"2011-11-09T09:01:58+00:00\",\"dateModified\":\"2011-11-10T16:41:36+00:00\",\"description\":\"Blog personal de Ignacio Valdu\u00e9rteles, Dr. en Administraci\u00f3n y Direcci\u00f3n de Empresas y miembro destacado en la hermandad la Soledad de San Lorenzo, en Sevilla\",\"breadcrumb\":{\"@id\":\"https:\/\/www.ignaciovalduerteles.es\/blog\/articulos\/expansion\/gastos-inutiles\/#breadcrumb\"},\"inLanguage\":\"es\",\"potentialAction\":[{\"@type\":\"ReadAction\",\"target\":[\"https:\/\/www.ignaciovalduerteles.es\/blog\/articulos\/expansion\/gastos-inutiles\/\"]}]},{\"@type\":\"BreadcrumbList\",\"@id\":\"https:\/\/www.ignaciovalduerteles.es\/blog\/articulos\/expansion\/gastos-inutiles\/#breadcrumb\",\"itemListElement\":[{\"@type\":\"ListItem\",\"position\":1,\"name\":\"Portada\",\"item\":\"https:\/\/www.ignaciovalduerteles.es\/blog\/\"},{\"@type\":\"ListItem\",\"position\":2,\"name\":\"Art\u00edculos\",\"item\":\"https:\/\/www.ignaciovalduerteles.es\/blog\/articulos\/\"},{\"@type\":\"ListItem\",\"position\":3,\"name\":\"Expansi\u00f3n\",\"item\":\"https:\/\/www.ignaciovalduerteles.es\/blog\/articulos\/expansion\/\"},{\"@type\":\"ListItem\",\"position\":4,\"name\":\"Gastos in\u00fatiles\"}]}]}<\/script>\n<!-- \/ Yoast SEO plugin. -->","yoast_head_json":{"title":"Gastos in\u00fatiles - Ignacio Valduerteles Bartos","description":"Blog personal de Ignacio Valdu\u00e9rteles, Dr. en Administraci\u00f3n y Direcci\u00f3n de Empresas y miembro destacado en la hermandad la Soledad de San Lorenzo, en Sevilla","robots":{"index":"index","follow":"follow","max-snippet":"max-snippet:-1","max-image-preview":"max-image-preview:large","max-video-preview":"max-video-preview:-1"},"canonical":"https:\/\/www.ignaciovalduerteles.es\/blog\/articulos\/expansion\/gastos-inutiles\/","og_locale":"es_ES","og_type":"article","og_title":"Gastos in\u00fatiles - Ignacio Valduerteles Bartos","og_description":"Blog personal de Ignacio Valdu\u00e9rteles, Dr. en Administraci\u00f3n y Direcci\u00f3n de Empresas y miembro destacado en la hermandad la Soledad de San Lorenzo, en Sevilla","og_url":"https:\/\/www.ignaciovalduerteles.es\/blog\/articulos\/expansion\/gastos-inutiles\/","og_site_name":"Ignacio Valduerteles Bartos","article_modified_time":"2011-11-10T16:41:36+00:00","og_image":[{"width":1024,"height":292,"url":"https:\/\/www.ignaciovalduerteles.es\/blog\/wp-content\/uploads\/2022\/02\/banner1-1024x292.png","type":"image\/png"}],"twitter_card":"summary_large_image","twitter_misc":{"Tiempo de lectura":"4 minutos"},"schema":{"@context":"https:\/\/schema.org","@graph":[{"@type":["Person","Organization"],"@id":"https:\/\/www.ignaciovalduerteles.es\/blog\/#\/schema\/person\/c4ab4ed77f14e0141ba3dcd9c6f501d5","name":"Ignacio Valduerteles Bartos","image":{"@type":"ImageObject","inLanguage":"es","@id":"https:\/\/www.ignaciovalduerteles.es\/blog\/#\/schema\/person\/image\/","url":"https:\/\/www.ignaciovalduerteles.es\/blog\/wp-content\/uploads\/2022\/02\/cabecera-1024x390.png","contentUrl":"https:\/\/www.ignaciovalduerteles.es\/blog\/wp-content\/uploads\/2022\/02\/cabecera-1024x390.png","width":1024,"height":390,"caption":"Ignacio Valduerteles Bartos"},"logo":{"@id":"https:\/\/www.ignaciovalduerteles.es\/blog\/#\/schema\/person\/image\/"},"sameAs":["http:\/\/www.ivb.es"]},{"@type":"WebSite","@id":"https:\/\/www.ignaciovalduerteles.es\/blog\/#website","url":"https:\/\/www.ignaciovalduerteles.es\/blog\/","name":"Ignacio Valduerteles Bartos","description":"Reflexiones y art\u00edculos del Ignacio Valdu\u00e9rteles","publisher":{"@id":"https:\/\/www.ignaciovalduerteles.es\/blog\/#\/schema\/person\/c4ab4ed77f14e0141ba3dcd9c6f501d5"},"potentialAction":[{"@type":"SearchAction","target":{"@type":"EntryPoint","urlTemplate":"https:\/\/www.ignaciovalduerteles.es\/blog\/?s={search_term_string}"},"query-input":"required name=search_term_string"}],"inLanguage":"es"},{"@type":"WebPage","@id":"https:\/\/www.ignaciovalduerteles.es\/blog\/articulos\/expansion\/gastos-inutiles\/#webpage","url":"https:\/\/www.ignaciovalduerteles.es\/blog\/articulos\/expansion\/gastos-inutiles\/","name":"Gastos in\u00fatiles - Ignacio Valduerteles Bartos","isPartOf":{"@id":"https:\/\/www.ignaciovalduerteles.es\/blog\/#website"},"datePublished":"2011-11-09T09:01:58+00:00","dateModified":"2011-11-10T16:41:36+00:00","description":"Blog personal de Ignacio Valdu\u00e9rteles, Dr. en Administraci\u00f3n y Direcci\u00f3n de Empresas y miembro destacado en la hermandad la Soledad de San Lorenzo, en Sevilla","breadcrumb":{"@id":"https:\/\/www.ignaciovalduerteles.es\/blog\/articulos\/expansion\/gastos-inutiles\/#breadcrumb"},"inLanguage":"es","potentialAction":[{"@type":"ReadAction","target":["https:\/\/www.ignaciovalduerteles.es\/blog\/articulos\/expansion\/gastos-inutiles\/"]}]},{"@type":"BreadcrumbList","@id":"https:\/\/www.ignaciovalduerteles.es\/blog\/articulos\/expansion\/gastos-inutiles\/#breadcrumb","itemListElement":[{"@type":"ListItem","position":1,"name":"Portada","item":"https:\/\/www.ignaciovalduerteles.es\/blog\/"},{"@type":"ListItem","position":2,"name":"Art\u00edculos","item":"https:\/\/www.ignaciovalduerteles.es\/blog\/articulos\/"},{"@type":"ListItem","position":3,"name":"Expansi\u00f3n","item":"https:\/\/www.ignaciovalduerteles.es\/blog\/articulos\/expansion\/"},{"@type":"ListItem","position":4,"name":"Gastos in\u00fatiles"}]}]}},"_links":{"self":[{"href":"https:\/\/www.ignaciovalduerteles.es\/blog\/wp-json\/wp\/v2\/pages\/986"}],"collection":[{"href":"https:\/\/www.ignaciovalduerteles.es\/blog\/wp-json\/wp\/v2\/pages"}],"about":[{"href":"https:\/\/www.ignaciovalduerteles.es\/blog\/wp-json\/wp\/v2\/types\/page"}],"author":[{"embeddable":true,"href":"https:\/\/www.ignaciovalduerteles.es\/blog\/wp-json\/wp\/v2\/users\/1"}],"replies":[{"embeddable":true,"href":"https:\/\/www.ignaciovalduerteles.es\/blog\/wp-json\/wp\/v2\/comments?post=986"}],"version-history":[{"count":4,"href":"https:\/\/www.ignaciovalduerteles.es\/blog\/wp-json\/wp\/v2\/pages\/986\/revisions"}],"predecessor-version":[{"id":1000,"href":"https:\/\/www.ignaciovalduerteles.es\/blog\/wp-json\/wp\/v2\/pages\/986\/revisions\/1000"}],"up":[{"embeddable":true,"href":"https:\/\/www.ignaciovalduerteles.es\/blog\/wp-json\/wp\/v2\/pages\/21"}],"wp:attachment":[{"href":"https:\/\/www.ignaciovalduerteles.es\/blog\/wp-json\/wp\/v2\/media?parent=986"}],"curies":[{"name":"wp","href":"https:\/\/api.w.org\/{rel}","templated":true}]}}